{"id":1193,"date":"2024-09-23T22:30:01","date_gmt":"2024-09-23T20:30:01","guid":{"rendered":"https:\/\/www.art-natur.ch\/product\/inlei-developer-cream-developer\/"},"modified":"2025-07-15T22:03:44","modified_gmt":"2025-07-15T21:03:44","slug":"inlei-developer-cream-developer","status":"publish","type":"product","link":"https:\/\/www.art-natur.ch\/en\/product\/inlei-developer-cream-developer\/","title":{"rendered":"InLei DEVELOPER CREAM (Developer)"},"content":{"rendered":"<p>The gentle developer cream In Lei\u00ae DEVELOPER CREAM has been specially developed to<br \/>\nto activate the In Lei\u00ae hair colours. The ideal formula protects eyebrows and eyelashes during tinting and brightening. At the same time, the developer does not change the pH value of the dye and thus guarantees an intense colour.<br \/>\nThe developer contains hydrogen peroxide, for professional use only.<br \/>\nUse only with colours from the In Lei\u00ae range, follow instructions for use.<\/p>\n<p>Content 100ml<\/p>\n","protected":false},"excerpt":{"rendered":"<p>The gentle developer cream In Lei\u00ae DEVELOPER CREAM has been specially developed to to activate the In Lei\u00ae hair colours. The ideal formula protects eyebrows and eyelashes during tinting and brightening. At the same time, the developer does not change the pH value of the dye and thus guarantees an intense colour. The developer contains [&hellip;]<\/p>\n","protected":false},"featured_media":8229,"template":"","meta":{"_acf_changed":false,"inline_featured_image":false},"product_cat":[123,130,149,161,165,167,646],"product_tag":[],"class_list":{"0":"post-1193","1":"product","2":"type-product","3":"status-publish","4":"has-post-thumbnail","6":"product_brand-in-lei","7":"product_cat-eyebrow-tint-products","8":"product_cat-long-term-styling-of-eyebrow","9":"product_cat-lash-lift","10":"product_cat-eyelash-coloring","11":"product_cat-coloration","12":"product_cat-oxide","13":"product_cat-products-for-coloring-eyebrows-2","15":"first","16":"instock","17":"shipping-taxable","18":"purchasable","19":"product-type-simple"},"acf":[],"yoast_head":"<!-- This site is optimized with the Yoast SEO plugin v26.6 - https:\/\/yoast.com\/wordpress\/plugins\/seo\/ -->\n<title>InLei DEVELOPER CREAM (Developer) - LASHES&amp;BROWS by Nataliya Reinhard<\/title>\n<meta name=\"description\" content=\"In Lei\u00ae DEVELOPER CREAM aktiviert Haarfarben und sch\u00fctzt Wimpern. Ver\u00e4ndert den pH-Wert nicht. Nur f\u00fcr Profis. Inhalt 100ml.\" \/>\n<meta name=\"robots\" content=\"index, follow, max-snippet:-1, max-image-preview:large, max-video-preview:-1\" \/>\n<link rel=\"canonical\" href=\"https:\/\/www.art-natur.ch\/en\/product\/inlei-developer-cream-developer\/\" \/>\n<meta property=\"og:locale\" content=\"en_US\" \/>\n<meta property=\"og:type\" content=\"article\" \/>\n<meta property=\"og:title\" content=\"InLei DEVELOPER CREAM (Developer) - LASHES&amp;BROWS by Nataliya Reinhard\" \/>\n<meta property=\"og:description\" content=\"In Lei\u00ae DEVELOPER CREAM aktiviert Haarfarben und sch\u00fctzt Wimpern. Ver\u00e4ndert den pH-Wert nicht. Nur f\u00fcr Profis. Inhalt 100ml.\" \/>\n<meta property=\"og:url\" content=\"https:\/\/www.art-natur.ch\/en\/product\/inlei-developer-cream-developer\/\" \/>\n<meta property=\"og:site_name\" content=\"LASHES&amp;BROWS by Nataliya Reinhard\" \/>\n<meta property=\"article:modified_time\" content=\"2025-07-15T21:03:44+00:00\" \/>\n<meta property=\"og:image\" content=\"https:\/\/www.art-natur.ch\/wp-content\/uploads\/2024\/09\/2511817225-Photoroom.png\" \/>\n\t<meta property=\"og:image:width\" content=\"720\" \/>\n\t<meta property=\"og:image:height\" content=\"720\" \/>\n\t<meta property=\"og:image:type\" content=\"image\/png\" \/>\n<meta name=\"twitter:card\" content=\"summary_large_image\" \/>\n<script type=\"application\/ld+json\" class=\"yoast-schema-graph\">{\"@context\":\"https:\/\/schema.org\",\"@graph\":[{\"@type\":\"WebPage\",\"@id\":\"https:\/\/www.art-natur.ch\/en\/product\/inlei-developer-cream-developer\/\",\"url\":\"https:\/\/www.art-natur.ch\/en\/product\/inlei-developer-cream-developer\/\",\"name\":\"InLei DEVELOPER CREAM (Developer) - LASHES&amp;BROWS by Nataliya Reinhard\",\"isPartOf\":{\"@id\":\"https:\/\/www.art-natur.ch\/en\/#website\"},\"primaryImageOfPage\":{\"@id\":\"https:\/\/www.art-natur.ch\/en\/product\/inlei-developer-cream-developer\/#primaryimage\"},\"image\":{\"@id\":\"https:\/\/www.art-natur.ch\/en\/product\/inlei-developer-cream-developer\/#primaryimage\"},\"thumbnailUrl\":\"https:\/\/www.art-natur.ch\/wp-content\/uploads\/2024\/09\/2511817225-Photoroom.png\",\"datePublished\":\"2024-09-23T20:30:01+00:00\",\"dateModified\":\"2025-07-15T21:03:44+00:00\",\"description\":\"In Lei\u00ae DEVELOPER CREAM aktiviert Haarfarben und sch\u00fctzt Wimpern. Ver\u00e4ndert den pH-Wert nicht. Nur f\u00fcr Profis. Inhalt 100ml.\",\"breadcrumb\":{\"@id\":\"https:\/\/www.art-natur.ch\/en\/product\/inlei-developer-cream-developer\/#breadcrumb\"},\"inLanguage\":\"en-US\",\"potentialAction\":[{\"@type\":\"ReadAction\",\"target\":[\"https:\/\/www.art-natur.ch\/en\/product\/inlei-developer-cream-developer\/\"]}]},{\"@type\":\"ImageObject\",\"inLanguage\":\"en-US\",\"@id\":\"https:\/\/www.art-natur.ch\/en\/product\/inlei-developer-cream-developer\/#primaryimage\",\"url\":\"https:\/\/www.art-natur.ch\/wp-content\/uploads\/2024\/09\/2511817225-Photoroom.png\",\"contentUrl\":\"https:\/\/www.art-natur.ch\/wp-content\/uploads\/2024\/09\/2511817225-Photoroom.png\",\"width\":720,\"height\":720},{\"@type\":\"BreadcrumbList\",\"@id\":\"https:\/\/www.art-natur.ch\/en\/product\/inlei-developer-cream-developer\/#breadcrumb\",\"itemListElement\":[{\"@type\":\"ListItem\",\"position\":1,\"name\":\"Home\",\"item\":\"https:\/\/www.art-natur.ch\/en\/\"},{\"@type\":\"ListItem\",\"position\":2,\"name\":\"Shop\",\"item\":\"https:\/\/www.art-natur.ch\/shop\/\"},{\"@type\":\"ListItem\",\"position\":3,\"name\":\"InLei DEVELOPER CREAM (Developer)\"}]},{\"@type\":\"WebSite\",\"@id\":\"https:\/\/www.art-natur.ch\/en\/#website\",\"url\":\"https:\/\/www.art-natur.ch\/en\/\",\"name\":\"LASHES&amp;BROWS by Nataliya Reinhard\",\"description\":\"High-quality lash and brow services with attention to every detail\",\"potentialAction\":[{\"@type\":\"SearchAction\",\"target\":{\"@type\":\"EntryPoint\",\"urlTemplate\":\"https:\/\/www.art-natur.ch\/en\/?s={search_term_string}\"},\"query-input\":{\"@type\":\"PropertyValueSpecification\",\"valueRequired\":true,\"valueName\":\"search_term_string\"}}],\"inLanguage\":\"en-US\"}]}<\/script>\n<!-- \/ Yoast SEO plugin. -->","yoast_head_json":{"title":"InLei DEVELOPER CREAM (Developer) - LASHES&amp;BROWS by Nataliya Reinhard","description":"In Lei\u00ae DEVELOPER CREAM aktiviert Haarfarben und sch\u00fctzt Wimpern. Ver\u00e4ndert den pH-Wert nicht. Nur f\u00fcr Profis. Inhalt 100ml.","robots":{"index":"index","follow":"follow","max-snippet":"max-snippet:-1","max-image-preview":"max-image-preview:large","max-video-preview":"max-video-preview:-1"},"canonical":"https:\/\/www.art-natur.ch\/en\/product\/inlei-developer-cream-developer\/","og_locale":"en_US","og_type":"article","og_title":"InLei DEVELOPER CREAM (Developer) - LASHES&amp;BROWS by Nataliya Reinhard","og_description":"In Lei\u00ae DEVELOPER CREAM aktiviert Haarfarben und sch\u00fctzt Wimpern. Ver\u00e4ndert den pH-Wert nicht. Nur f\u00fcr Profis. Inhalt 100ml.","og_url":"https:\/\/www.art-natur.ch\/en\/product\/inlei-developer-cream-developer\/","og_site_name":"LASHES&amp;BROWS by Nataliya Reinhard","article_modified_time":"2025-07-15T21:03:44+00:00","og_image":[{"width":720,"height":720,"url":"https:\/\/www.art-natur.ch\/wp-content\/uploads\/2024\/09\/2511817225-Photoroom.png","type":"image\/png"}],"twitter_card":"summary_large_image","schema":{"@context":"https:\/\/schema.org","@graph":[{"@type":"WebPage","@id":"https:\/\/www.art-natur.ch\/en\/product\/inlei-developer-cream-developer\/","url":"https:\/\/www.art-natur.ch\/en\/product\/inlei-developer-cream-developer\/","name":"InLei DEVELOPER CREAM (Developer) - LASHES&amp;BROWS by Nataliya Reinhard","isPartOf":{"@id":"https:\/\/www.art-natur.ch\/en\/#website"},"primaryImageOfPage":{"@id":"https:\/\/www.art-natur.ch\/en\/product\/inlei-developer-cream-developer\/#primaryimage"},"image":{"@id":"https:\/\/www.art-natur.ch\/en\/product\/inlei-developer-cream-developer\/#primaryimage"},"thumbnailUrl":"https:\/\/www.art-natur.ch\/wp-content\/uploads\/2024\/09\/2511817225-Photoroom.png","datePublished":"2024-09-23T20:30:01+00:00","dateModified":"2025-07-15T21:03:44+00:00","description":"In Lei\u00ae DEVELOPER CREAM aktiviert Haarfarben und sch\u00fctzt Wimpern. Ver\u00e4ndert den pH-Wert nicht. Nur f\u00fcr Profis. Inhalt 100ml.","breadcrumb":{"@id":"https:\/\/www.art-natur.ch\/en\/product\/inlei-developer-cream-developer\/#breadcrumb"},"inLanguage":"en-US","potentialAction":[{"@type":"ReadAction","target":["https:\/\/www.art-natur.ch\/en\/product\/inlei-developer-cream-developer\/"]}]},{"@type":"ImageObject","inLanguage":"en-US","@id":"https:\/\/www.art-natur.ch\/en\/product\/inlei-developer-cream-developer\/#primaryimage","url":"https:\/\/www.art-natur.ch\/wp-content\/uploads\/2024\/09\/2511817225-Photoroom.png","contentUrl":"https:\/\/www.art-natur.ch\/wp-content\/uploads\/2024\/09\/2511817225-Photoroom.png","width":720,"height":720},{"@type":"BreadcrumbList","@id":"https:\/\/www.art-natur.ch\/en\/product\/inlei-developer-cream-developer\/#breadcrumb","itemListElement":[{"@type":"ListItem","position":1,"name":"Home","item":"https:\/\/www.art-natur.ch\/en\/"},{"@type":"ListItem","position":2,"name":"Shop","item":"https:\/\/www.art-natur.ch\/shop\/"},{"@type":"ListItem","position":3,"name":"InLei DEVELOPER CREAM (Developer)"}]},{"@type":"WebSite","@id":"https:\/\/www.art-natur.ch\/en\/#website","url":"https:\/\/www.art-natur.ch\/en\/","name":"LASHES&amp;BROWS by Nataliya Reinhard","description":"High-quality lash and brow services with attention to every detail","potentialAction":[{"@type":"SearchAction","target":{"@type":"EntryPoint","urlTemplate":"https:\/\/www.art-natur.ch\/en\/?s={search_term_string}"},"query-input":{"@type":"PropertyValueSpecification","valueRequired":true,"valueName":"search_term_string"}}],"inLanguage":"en-US"}]}},"_links":{"self":[{"href":"https:\/\/www.art-natur.ch\/en\/wp-json\/wp\/v2\/product\/1193","targetHints":{"allow":["GET"]}}],"collection":[{"href":"https:\/\/www.art-natur.ch\/en\/wp-json\/wp\/v2\/product"}],"about":[{"href":"https:\/\/www.art-natur.ch\/en\/wp-json\/wp\/v2\/types\/product"}],"wp:featuredmedia":[{"embeddable":true,"href":"https:\/\/www.art-natur.ch\/en\/wp-json\/wp\/v2\/media\/8229"}],"wp:attachment":[{"href":"https:\/\/www.art-natur.ch\/en\/wp-json\/wp\/v2\/media?parent=1193"}],"wp:term":[{"taxonomy":"product_cat","embeddable":true,"href":"https:\/\/www.art-natur.ch\/en\/wp-json\/wp\/v2\/product_cat?post=1193"},{"taxonomy":"product_tag","embeddable":true,"href":"https:\/\/www.art-natur.ch\/en\/wp-json\/wp\/v2\/product_tag?post=1193"}],"curies":[{"name":"wp","href":"https:\/\/api.w.org\/{rel}","templated":true}]}}