{"id":1816,"date":"2024-09-25T21:53:49","date_gmt":"2024-09-25T20:53:49","guid":{"rendered":"https:\/\/www.art-natur.ch\/product\/inlei-one-silicone-eyelash-curlers-size-xl\/"},"modified":"2024-10-13T22:02:03","modified_gmt":"2024-10-13T20:02:03","slug":"inlei-one-silicone-eyelash-curlers-size-xl","status":"publish","type":"product","link":"https:\/\/www.art-natur.ch\/en\/product\/inlei-one-silicone-eyelash-curlers-size-xl\/","title":{"rendered":"InLei &#8220;ONE&#8221; &#8211; silicone eyelash curlers size XL"},"content":{"rendered":"<p>&#8220;RICCIOLO PARFAIT&#8221; XL. La taille XL de la ligne &#8220;perfect curl&#8221; a \u00e9t\u00e9 d\u00e9velopp\u00e9e exclusivement pour les personnes ayant des cils longs. Il vous permet de r\u00e9partir les cils sur toute la longueur sans plier les pointes et provoquer de vilaines irr\u00e9gularit\u00e9s dans l&#8217;alignement des cils sur le recourbeur. Donne une boucle saisissante, compacte et s\u00e9duisante. Vous ne pourrez plus quitter vos clients des yeux !<\/p>\n<p>100% made in Italy Silicone PLATINIQUE (unique).<\/p>\n<p>Taille : XL. Pour un usage professionnel uniquement.<\/p>\n","protected":false},"excerpt":{"rendered":"<p>&#8220;RICCIOLO PARFAIT&#8221; XL. La taille XL de la ligne &#8220;perfect curl&#8221; a \u00e9t\u00e9 d\u00e9velopp\u00e9e exclusivement pour les personnes ayant des cils longs. Il vous permet de r\u00e9partir les cils sur toute la longueur sans plier les pointes et provoquer de vilaines irr\u00e9gularit\u00e9s dans l&#8217;alignement des cils sur le recourbeur. Donne une boucle saisissante, compacte et [&hellip;]<\/p>\n","protected":false},"featured_media":7780,"template":"","meta":{"_acf_changed":false,"inline_featured_image":false},"product_cat":[149,153,155,192,206],"product_tag":[],"class_list":{"0":"post-1816","1":"product","2":"type-product","3":"status-publish","4":"has-post-thumbnail","6":"product_brand-in-lei","7":"product_cat-lash-lift","8":"product_cat-curlers-and-patches","9":"product_cat-curlers","10":"product_cat-related-products","11":"product_cat-consumables-related-products","13":"first","14":"instock","15":"shipping-taxable","16":"purchasable","17":"product-type-simple"},"acf":[],"yoast_head":"<!-- This site is optimized with the Yoast SEO plugin v26.6 - https:\/\/yoast.com\/wordpress\/plugins\/seo\/ -->\n<title>InLei &quot;ONE&quot; - silicone eyelash curlers size XL - LASHES&amp;BROWS by Nataliya Reinhard<\/title>\n<meta name=\"description\" content=\"&quot;RICCIOLO PARFAIT&quot; XL La taille XL de la ligne &quot;perfect curl&quot; est con\u00e7ue pour les cils longs, offrant une boucle s\u00e9duisante et compacte.\" \/>\n<meta name=\"robots\" content=\"index, follow, max-snippet:-1, max-image-preview:large, max-video-preview:-1\" \/>\n<link rel=\"canonical\" href=\"https:\/\/www.art-natur.ch\/en\/product\/inlei-one-silicone-eyelash-curlers-size-xl\/\" \/>\n<meta property=\"og:locale\" content=\"en_US\" \/>\n<meta property=\"og:type\" content=\"article\" \/>\n<meta property=\"og:title\" content=\"InLei &quot;ONE&quot; - silicone eyelash curlers size XL - LASHES&amp;BROWS by Nataliya Reinhard\" \/>\n<meta property=\"og:description\" content=\"&quot;RICCIOLO PARFAIT&quot; XL La taille XL de la ligne &quot;perfect curl&quot; est con\u00e7ue pour les cils longs, offrant une boucle s\u00e9duisante et compacte.\" \/>\n<meta property=\"og:url\" content=\"https:\/\/www.art-natur.ch\/en\/product\/inlei-one-silicone-eyelash-curlers-size-xl\/\" \/>\n<meta property=\"og:site_name\" content=\"LASHES&amp;BROWS by Nataliya Reinhard\" \/>\n<meta property=\"article:modified_time\" content=\"2024-10-13T20:02:03+00:00\" \/>\n<meta property=\"og:image\" content=\"https:\/\/www.art-natur.ch\/wp-content\/uploads\/2024\/09\/2629174696-Photoroom.png\" \/>\n\t<meta property=\"og:image:width\" content=\"720\" \/>\n\t<meta property=\"og:image:height\" content=\"720\" \/>\n\t<meta property=\"og:image:type\" content=\"image\/png\" \/>\n<meta name=\"twitter:card\" content=\"summary_large_image\" \/>\n<script type=\"application\/ld+json\" class=\"yoast-schema-graph\">{\"@context\":\"https:\/\/schema.org\",\"@graph\":[{\"@type\":\"WebPage\",\"@id\":\"https:\/\/www.art-natur.ch\/en\/product\/inlei-one-silicone-eyelash-curlers-size-xl\/\",\"url\":\"https:\/\/www.art-natur.ch\/en\/product\/inlei-one-silicone-eyelash-curlers-size-xl\/\",\"name\":\"InLei \\\"ONE\\\" - silicone eyelash curlers size XL - LASHES&amp;BROWS by Nataliya Reinhard\",\"isPartOf\":{\"@id\":\"https:\/\/www.art-natur.ch\/en\/#website\"},\"primaryImageOfPage\":{\"@id\":\"https:\/\/www.art-natur.ch\/en\/product\/inlei-one-silicone-eyelash-curlers-size-xl\/#primaryimage\"},\"image\":{\"@id\":\"https:\/\/www.art-natur.ch\/en\/product\/inlei-one-silicone-eyelash-curlers-size-xl\/#primaryimage\"},\"thumbnailUrl\":\"https:\/\/www.art-natur.ch\/wp-content\/uploads\/2024\/09\/2629174696-Photoroom.png\",\"datePublished\":\"2024-09-25T20:53:49+00:00\",\"dateModified\":\"2024-10-13T20:02:03+00:00\",\"description\":\"\\\"RICCIOLO PARFAIT\\\" XL La taille XL de la ligne \\\"perfect curl\\\" est con\u00e7ue pour les cils longs, offrant une boucle s\u00e9duisante et compacte.\",\"breadcrumb\":{\"@id\":\"https:\/\/www.art-natur.ch\/en\/product\/inlei-one-silicone-eyelash-curlers-size-xl\/#breadcrumb\"},\"inLanguage\":\"en-US\",\"potentialAction\":[{\"@type\":\"ReadAction\",\"target\":[\"https:\/\/www.art-natur.ch\/en\/product\/inlei-one-silicone-eyelash-curlers-size-xl\/\"]}]},{\"@type\":\"ImageObject\",\"inLanguage\":\"en-US\",\"@id\":\"https:\/\/www.art-natur.ch\/en\/product\/inlei-one-silicone-eyelash-curlers-size-xl\/#primaryimage\",\"url\":\"https:\/\/www.art-natur.ch\/wp-content\/uploads\/2024\/09\/2629174696-Photoroom.png\",\"contentUrl\":\"https:\/\/www.art-natur.ch\/wp-content\/uploads\/2024\/09\/2629174696-Photoroom.png\",\"width\":720,\"height\":720},{\"@type\":\"BreadcrumbList\",\"@id\":\"https:\/\/www.art-natur.ch\/en\/product\/inlei-one-silicone-eyelash-curlers-size-xl\/#breadcrumb\",\"itemListElement\":[{\"@type\":\"ListItem\",\"position\":1,\"name\":\"Home\",\"item\":\"https:\/\/www.art-natur.ch\/en\/\"},{\"@type\":\"ListItem\",\"position\":2,\"name\":\"Shop\",\"item\":\"https:\/\/www.art-natur.ch\/shop\/\"},{\"@type\":\"ListItem\",\"position\":3,\"name\":\"InLei &#8222;ONE&#8220; &#8211; silicone eyelash curlers size XL\"}]},{\"@type\":\"WebSite\",\"@id\":\"https:\/\/www.art-natur.ch\/en\/#website\",\"url\":\"https:\/\/www.art-natur.ch\/en\/\",\"name\":\"LASHES&amp;BROWS by Nataliya Reinhard\",\"description\":\"High-quality lash and brow services with attention to every detail\",\"potentialAction\":[{\"@type\":\"SearchAction\",\"target\":{\"@type\":\"EntryPoint\",\"urlTemplate\":\"https:\/\/www.art-natur.ch\/en\/?s={search_term_string}\"},\"query-input\":{\"@type\":\"PropertyValueSpecification\",\"valueRequired\":true,\"valueName\":\"search_term_string\"}}],\"inLanguage\":\"en-US\"}]}<\/script>\n<!-- \/ Yoast SEO plugin. -->","yoast_head_json":{"title":"InLei \"ONE\" - silicone eyelash curlers size XL - LASHES&amp;BROWS by Nataliya Reinhard","description":"\"RICCIOLO PARFAIT\" XL La taille XL de la ligne \"perfect curl\" est con\u00e7ue pour les cils longs, offrant une boucle s\u00e9duisante et compacte.","robots":{"index":"index","follow":"follow","max-snippet":"max-snippet:-1","max-image-preview":"max-image-preview:large","max-video-preview":"max-video-preview:-1"},"canonical":"https:\/\/www.art-natur.ch\/en\/product\/inlei-one-silicone-eyelash-curlers-size-xl\/","og_locale":"en_US","og_type":"article","og_title":"InLei \"ONE\" - silicone eyelash curlers size XL - LASHES&amp;BROWS by Nataliya Reinhard","og_description":"\"RICCIOLO PARFAIT\" XL La taille XL de la ligne \"perfect curl\" est con\u00e7ue pour les cils longs, offrant une boucle s\u00e9duisante et compacte.","og_url":"https:\/\/www.art-natur.ch\/en\/product\/inlei-one-silicone-eyelash-curlers-size-xl\/","og_site_name":"LASHES&amp;BROWS by Nataliya Reinhard","article_modified_time":"2024-10-13T20:02:03+00:00","og_image":[{"width":720,"height":720,"url":"https:\/\/www.art-natur.ch\/wp-content\/uploads\/2024\/09\/2629174696-Photoroom.png","type":"image\/png"}],"twitter_card":"summary_large_image","schema":{"@context":"https:\/\/schema.org","@graph":[{"@type":"WebPage","@id":"https:\/\/www.art-natur.ch\/en\/product\/inlei-one-silicone-eyelash-curlers-size-xl\/","url":"https:\/\/www.art-natur.ch\/en\/product\/inlei-one-silicone-eyelash-curlers-size-xl\/","name":"InLei \"ONE\" - silicone eyelash curlers size XL - LASHES&amp;BROWS by Nataliya Reinhard","isPartOf":{"@id":"https:\/\/www.art-natur.ch\/en\/#website"},"primaryImageOfPage":{"@id":"https:\/\/www.art-natur.ch\/en\/product\/inlei-one-silicone-eyelash-curlers-size-xl\/#primaryimage"},"image":{"@id":"https:\/\/www.art-natur.ch\/en\/product\/inlei-one-silicone-eyelash-curlers-size-xl\/#primaryimage"},"thumbnailUrl":"https:\/\/www.art-natur.ch\/wp-content\/uploads\/2024\/09\/2629174696-Photoroom.png","datePublished":"2024-09-25T20:53:49+00:00","dateModified":"2024-10-13T20:02:03+00:00","description":"\"RICCIOLO PARFAIT\" XL La taille XL de la ligne \"perfect curl\" est con\u00e7ue pour les cils longs, offrant une boucle s\u00e9duisante et compacte.","breadcrumb":{"@id":"https:\/\/www.art-natur.ch\/en\/product\/inlei-one-silicone-eyelash-curlers-size-xl\/#breadcrumb"},"inLanguage":"en-US","potentialAction":[{"@type":"ReadAction","target":["https:\/\/www.art-natur.ch\/en\/product\/inlei-one-silicone-eyelash-curlers-size-xl\/"]}]},{"@type":"ImageObject","inLanguage":"en-US","@id":"https:\/\/www.art-natur.ch\/en\/product\/inlei-one-silicone-eyelash-curlers-size-xl\/#primaryimage","url":"https:\/\/www.art-natur.ch\/wp-content\/uploads\/2024\/09\/2629174696-Photoroom.png","contentUrl":"https:\/\/www.art-natur.ch\/wp-content\/uploads\/2024\/09\/2629174696-Photoroom.png","width":720,"height":720},{"@type":"BreadcrumbList","@id":"https:\/\/www.art-natur.ch\/en\/product\/inlei-one-silicone-eyelash-curlers-size-xl\/#breadcrumb","itemListElement":[{"@type":"ListItem","position":1,"name":"Home","item":"https:\/\/www.art-natur.ch\/en\/"},{"@type":"ListItem","position":2,"name":"Shop","item":"https:\/\/www.art-natur.ch\/shop\/"},{"@type":"ListItem","position":3,"name":"InLei &#8222;ONE&#8220; &#8211; silicone eyelash curlers size XL"}]},{"@type":"WebSite","@id":"https:\/\/www.art-natur.ch\/en\/#website","url":"https:\/\/www.art-natur.ch\/en\/","name":"LASHES&amp;BROWS by Nataliya Reinhard","description":"High-quality lash and brow services with attention to every detail","potentialAction":[{"@type":"SearchAction","target":{"@type":"EntryPoint","urlTemplate":"https:\/\/www.art-natur.ch\/en\/?s={search_term_string}"},"query-input":{"@type":"PropertyValueSpecification","valueRequired":true,"valueName":"search_term_string"}}],"inLanguage":"en-US"}]}},"_links":{"self":[{"href":"https:\/\/www.art-natur.ch\/en\/wp-json\/wp\/v2\/product\/1816","targetHints":{"allow":["GET"]}}],"collection":[{"href":"https:\/\/www.art-natur.ch\/en\/wp-json\/wp\/v2\/product"}],"about":[{"href":"https:\/\/www.art-natur.ch\/en\/wp-json\/wp\/v2\/types\/product"}],"wp:featuredmedia":[{"embeddable":true,"href":"https:\/\/www.art-natur.ch\/en\/wp-json\/wp\/v2\/media\/7780"}],"wp:attachment":[{"href":"https:\/\/www.art-natur.ch\/en\/wp-json\/wp\/v2\/media?parent=1816"}],"wp:term":[{"taxonomy":"product_cat","embeddable":true,"href":"https:\/\/www.art-natur.ch\/en\/wp-json\/wp\/v2\/product_cat?post=1816"},{"taxonomy":"product_tag","embeddable":true,"href":"https:\/\/www.art-natur.ch\/en\/wp-json\/wp\/v2\/product_tag?post=1816"}],"curies":[{"name":"wp","href":"https:\/\/api.w.org\/{rel}","templated":true}]}}