{"id":8595,"date":"2024-11-09T15:38:36","date_gmt":"2024-11-09T13:38:36","guid":{"rendered":"https:\/\/www.art-natur.ch\/politique-de-confidentialite\/"},"modified":"2024-12-12T19:07:29","modified_gmt":"2024-12-12T17:07:29","slug":"politique-de-confidentialite","status":"publish","type":"page","link":"https:\/\/www.art-natur.ch\/fr\/politique-de-confidentialite\/","title":{"rendered":"Politique de Confidentialit\u00e9"},"content":{"rendered":"\n<p>Bienvenue chez Nataliya Reinhard\u00ae. L\u2019op\u00e9rateur du site <a href=\"http:\/\/www.art-natur.ch\">www.art-natur.ch<\/a> vous informe sur nos politiques de collecte, d\u2019utilisation et de divulgation des donn\u00e9es personnelles lorsque vous utilisez notre service, ainsi que sur vos droits associ\u00e9s \u00e0 ces donn\u00e9es.<\/p>\n\n<p>Nous utilisons vos donn\u00e9es pour fournir et am\u00e9liorer notre service. En utilisant notre service, vous acceptez la collecte et l\u2019utilisation de vos donn\u00e9es conform\u00e9ment \u00e0 cette politique. Sauf indication contraire dans cette Politique de Confidentialit\u00e9, les termes utilis\u00e9s ici ont la m\u00eame signification que dans nos Conditions d\u2019Utilisation, disponibles sur www.art-natur.ch\/pages\/terms-of-use.<\/p>\n\n<p><\/p>\n\n<h2 class=\"wp-block-heading\">D\u00e9finitions<\/h2>\n\n<p><b>Service<\/b>&#13;\nLe Service d\u00e9signe le site web <a href=\"http:\/\/www.art-natur.ch\">www.art-natur.ch<\/a>, g\u00e9r\u00e9 par Nataliya Reinhard\u00ae.<\/p>\n\n<p><b>Donn\u00e9es personnelles<\/b>&#13;\nLes donn\u00e9es personnelles sont des informations concernant une personne identifiable (personne physique) qui peut \u00eatre identifi\u00e9e \u00e0 partir de ces informations, seules ou en combinaison avec d\u2019autres donn\u00e9es.<\/p>\n\n<p><b>Donn\u00e9es d\u2019utilisation<\/b>&#13;\nLes donn\u00e9es d\u2019utilisation sont recueillies automatiquement lors de l\u2019utilisation du service, comme par exemple le temps pass\u00e9 sur certaines pages.<\/p>\n\n<p><b>Cookies<\/b>&#13;\nLes cookies sont de petits fichiers stock\u00e9s sur votre appareil (ordinateur ou mobile).<\/p>\n\n<p><b>Collecte et Utilisation des Informations&#13;\n<\/b>Nous recueillons diff\u00e9rents types d\u2019informations afin de vous fournir et am\u00e9liorer notre service.<\/p>\n\n<p><\/p>\n\n<h2 class=\"wp-block-heading\">Types de Donn\u00e9es Collect\u00e9es<\/h2>\n\n<p><b>Donn\u00e9es personnelles<\/b>&#13;\nLors de l\u2019utilisation de notre service, nous pourrons vous demander de nous fournir certaines informations personnelles pour vous contacter ou vous identifier (\u00ab Donn\u00e9es personnelles \u00bb). Ces informations peuvent inclure:<\/p>\n\n<ul class=\"wp-block-list\">\n<li>Adresse e-mail<\/li>\n\n\n\n<li>Pr\u00e9nom et nom de famille<\/li>\n\n\n\n<li>Num\u00e9ro de t\u00e9l\u00e9phone<\/li>\n\n\n\n<li>Adresse, r\u00e9gion, code postal, ville<\/li>\n<\/ul>\n\n<p>Nous pouvons utiliser vos donn\u00e9es personnelles pour vous envoyer des newsletters, du mat\u00e9riel de marketing ou promotionnel et d\u2019autres informations susceptibles de vous int\u00e9resser. Vous pouvez refuser de recevoir de tels messages \u00e0 tout moment en suivant les instructions dans nos e-mails.<\/p>\n\n<p><b>Donn\u00e9es de suivi et Cookies<\/b>&#13;\nNous utilisons des cookies et des technologies de suivi similaires pour suivre l\u2019activit\u00e9 sur notre service et stocker certaines informations. Vous pouvez configurer votre navigateur pour qu\u2019il refuse tous les cookies ou qu\u2019il indique quand un cookie est envoy\u00e9. Si vous refusez les cookies, vous pourriez ne pas \u00eatre en mesure d\u2019utiliser certaines parties de notre service.<\/p>\n\n<p><\/p>\n\n<h2 class=\"wp-block-heading\">Utilisation des Donn\u00e9es<\/h2>\n\n<p>Nataliya Reinhard\u00ae utilise les donn\u00e9es collect\u00e9es pour les finalit\u00e9s suivantes :<\/p>\n\n<ul class=\"wp-block-list\">\n<li>Fourniture et maintenance de notre service<\/li>\n\n\n\n<li>Notification de changements concernant le service<\/li>\n\n\n\n<li>Autorisation d\u2019utilisation des fonctionnalit\u00e9s interactives de notre service si vous le souhaitez<\/li>\n\n\n\n<li>Service client<\/li>\n\n\n\n<li>Analyse pour am\u00e9liorer notre service<\/li>\n\n\n\n<li>Surveillance de l\u2019utilisation de notre service<\/li>\n\n\n\n<li>D\u00e9tection, pr\u00e9vention et r\u00e9solution de probl\u00e8mes techniques<\/li>\n\n\n\n<li>Fourniture de nouvelles, d\u2019offres sp\u00e9ciales et d\u2019informations g\u00e9n\u00e9rales sur d\u2019autres produits, services et \u00e9v\u00e9nements similaires \u00e0 ceux que vous avez d\u00e9j\u00e0 achet\u00e9s ou demand\u00e9s, sauf si vous avez refus\u00e9 de recevoir ces informations.<\/li>\n<\/ul>\n\n<p><\/p>\n\n<h2 class=\"wp-block-heading\">Transmission de Donn\u00e9es<\/h2>\n\n<p>Vos informations, y compris vos donn\u00e9es personnelles, peuvent \u00eatre stock\u00e9es et trait\u00e9es sur des ordinateurs situ\u00e9s en dehors de votre r\u00e9gion, de votre province, de votre pays ou d\u2019une autre juridiction, o\u00f9 les lois de protection des donn\u00e9es peuvent diff\u00e9rer de celles en vigueur dans votre juridiction.<\/p>\n\n<p>En fournissant vos informations, vous acceptez leur transmission et leur traitement.<\/p>\n\n<p><\/p>\n\n<h2 class=\"wp-block-heading\">Divulgation de Donn\u00e9es \u00e0 des Tiers<\/h2>\n\n<p>Dans certaines circonstances, Nataliya Reinhard\u00ae peut \u00eatre tenue de divulguer vos donn\u00e9es personnelles si cela est requis par la loi ou en r\u00e9ponse \u00e0 des demandes l\u00e9gitimes des autorit\u00e9s (par exemple, un tribunal ou une agence gouvernementale).<\/p>\n\n<p><\/p>\n\n<h2 class=\"wp-block-heading\">S\u00e9curit\u00e9 des Donn\u00e9es<\/h2>\n\n<p>La s\u00e9curit\u00e9 de vos donn\u00e9es est importante pour nous. Nous utilisons des moyens raisonnables pour prot\u00e9ger vos donn\u00e9es personnelles, mais nous ne pouvons garantir leur s\u00e9curit\u00e9 absolue.<\/p>\n\n<p><\/p>\n\n<h2 class=\"wp-block-heading\">Signaux \u00abNe pas Suivre\u00bb<\/h2>\n\n<p>Nous ne prenons actuellement pas en charge les param\u00e8tres \u00ab Ne pas Suivre \u00bb de votre navigateur. Vous pouvez activer ou d\u00e9sactiver cette fonctionnalit\u00e9 dans les param\u00e8tres de votre navigateur.<\/p>\n\n<p><\/p>\n\n<h2 class=\"wp-block-heading\">Prestataires de Services<\/h2>\n\n<p>Nous pouvons faire appel \u00e0 des soci\u00e9t\u00e9s et des personnes tierces pour nous aider \u00e0 fournir notre service (\u00ab Prestataires de services \u00bb), pour effectuer des services li\u00e9s au service en notre nom ou pour nous aider \u00e0 analyser la mani\u00e8re dont notre service est utilis\u00e9. Ces prestataires n\u2019utilisent vos donn\u00e9es que pour accomplir ces t\u00e2ches pour nous et sont tenus de ne pas les divulguer ni les utiliser \u00e0 d\u2019autres fins.<\/p>\n\n<p><\/p>\n\n<h2 class=\"wp-block-heading\">Liens vers d\u2019autres Sites<\/h2>\n\n<p>Notre service peut contenir des liens vers d\u2019autres sites qui ne sont pas exploit\u00e9s par nous. Nous vous recommandons de consulter la politique de confidentialit\u00e9 de chaque site que vous visitez.<\/p>\n\n<p><\/p>\n\n<h2 class=\"wp-block-heading\">Confidentialit\u00e9 des Enfants<\/h2>\n\n<p>Notre service ne s\u2019adresse pas aux personnes de moins de 18 ans (\u00abEnfants\u00bb). Nous ne collectons pas sciemment d\u2019informations personnelles aupr\u00e8s d\u2019enfants. Nous demandons aux parents ou tuteurs de nous contacter s\u2019ils d\u00e9couvrent que leurs enfants nous ont fourni des donn\u00e9es personnelles.<\/p>\n\n<p><\/p>\n\n<h2 class=\"wp-block-heading\">Modifications de cette Politique de Confidentialit\u00e9<\/h2>\n\n<p>Nous pouvons mettre \u00e0 jour notre politique de confidentialit\u00e9 de temps \u00e0 autre. Les modifications entrent en vigueur d\u00e8s que la politique de confidentialit\u00e9 mise \u00e0 jour est publi\u00e9e sur cette page.<\/p>\n\n<p><\/p>\n\n<h2 class=\"wp-block-heading\">Contact<\/h2>\n\n<p>Si vous avez des questions concernant notre politique de confidentialit\u00e9, veuillez nous contacter \u00e0:<\/p>\n\n<p><a href=\"mailto:reinhardnataliya@gmail.com\">reinhardnataliya@gmail.com<\/a><\/p>\n\n<p><\/p>\n","protected":false},"excerpt":{"rendered":"<p>Bienvenue chez Nataliya Reinhard\u00ae. L\u2019op\u00e9rateur du site www.art-natur.ch vous informe sur nos politiques de collecte, d\u2019utilisation et de divulgation des donn\u00e9es personnelles lorsque vous utilisez notre service, ainsi que sur vos droits associ\u00e9s \u00e0 ces donn\u00e9es. Nous utilisons vos donn\u00e9es pour fournir et am\u00e9liorer notre service. En utilisant notre service, vous acceptez la collecte et [&hellip;]<\/p>\n","protected":false},"author":1,"featured_media":0,"parent":0,"menu_order":0,"comment_status":"closed","ping_status":"closed","template":"","meta":{"_acf_changed":false,"inline_featured_image":false,"footnotes":""},"class_list":["post-8595","page","type-page","status-publish","hentry"],"acf":[],"yoast_head":"<!-- This site is optimized with the Yoast SEO plugin v26.6 - https:\/\/yoast.com\/wordpress\/plugins\/seo\/ -->\n<title>Politique de Confidentialit\u00e9 - LASHES&amp;BROWS by Nataliya Reinhard<\/title>\n<meta name=\"robots\" content=\"index, follow, max-snippet:-1, max-image-preview:large, max-video-preview:-1\" \/>\n<link rel=\"canonical\" href=\"https:\/\/www.art-natur.ch\/fr\/politique-de-confidentialite\/\" \/>\n<meta property=\"og:locale\" content=\"fr_FR\" \/>\n<meta property=\"og:type\" content=\"article\" \/>\n<meta property=\"og:title\" content=\"Politique de Confidentialit\u00e9 - LASHES&amp;BROWS by Nataliya Reinhard\" \/>\n<meta property=\"og:description\" content=\"Bienvenue chez Nataliya Reinhard\u00ae. L\u2019op\u00e9rateur du site www.art-natur.ch vous informe sur nos politiques de collecte, d\u2019utilisation et de divulgation des donn\u00e9es personnelles lorsque vous utilisez notre service, ainsi que sur vos droits associ\u00e9s \u00e0 ces donn\u00e9es. Nous utilisons vos donn\u00e9es pour fournir et am\u00e9liorer notre service. En utilisant notre service, vous acceptez la collecte et [&hellip;]\" \/>\n<meta property=\"og:url\" content=\"https:\/\/www.art-natur.ch\/fr\/politique-de-confidentialite\/\" \/>\n<meta property=\"og:site_name\" content=\"LASHES&amp;BROWS by Nataliya Reinhard\" \/>\n<meta property=\"article:modified_time\" content=\"2024-12-12T17:07:29+00:00\" \/>\n<meta name=\"twitter:card\" content=\"summary_large_image\" \/>\n<meta name=\"twitter:label1\" content=\"Dur\u00e9e de lecture estim\u00e9e\" \/>\n\t<meta name=\"twitter:data1\" content=\"5 minutes\" \/>\n<script type=\"application\/ld+json\" class=\"yoast-schema-graph\">{\"@context\":\"https:\/\/schema.org\",\"@graph\":[{\"@type\":\"WebPage\",\"@id\":\"https:\/\/www.art-natur.ch\/fr\/politique-de-confidentialite\/\",\"url\":\"https:\/\/www.art-natur.ch\/fr\/politique-de-confidentialite\/\",\"name\":\"Politique de Confidentialit\u00e9 - LASHES&amp;BROWS by Nataliya Reinhard\",\"isPartOf\":{\"@id\":\"https:\/\/www.art-natur.ch\/fr\/#website\"},\"datePublished\":\"2024-11-09T13:38:36+00:00\",\"dateModified\":\"2024-12-12T17:07:29+00:00\",\"breadcrumb\":{\"@id\":\"https:\/\/www.art-natur.ch\/fr\/politique-de-confidentialite\/#breadcrumb\"},\"inLanguage\":\"fr-FR\",\"potentialAction\":[{\"@type\":\"ReadAction\",\"target\":[\"https:\/\/www.art-natur.ch\/fr\/politique-de-confidentialite\/\"]}]},{\"@type\":\"BreadcrumbList\",\"@id\":\"https:\/\/www.art-natur.ch\/fr\/politique-de-confidentialite\/#breadcrumb\",\"itemListElement\":[{\"@type\":\"ListItem\",\"position\":1,\"name\":\"Home\",\"item\":\"https:\/\/www.art-natur.ch\/fr\/\"},{\"@type\":\"ListItem\",\"position\":2,\"name\":\"Politique de Confidentialit\u00e9\"}]},{\"@type\":\"WebSite\",\"@id\":\"https:\/\/www.art-natur.ch\/fr\/#website\",\"url\":\"https:\/\/www.art-natur.ch\/fr\/\",\"name\":\"LASHES&amp;BROWS by Nataliya Reinhard\",\"description\":\"High-quality lash and brow services with attention to every detail\",\"potentialAction\":[{\"@type\":\"SearchAction\",\"target\":{\"@type\":\"EntryPoint\",\"urlTemplate\":\"https:\/\/www.art-natur.ch\/fr\/?s={search_term_string}\"},\"query-input\":{\"@type\":\"PropertyValueSpecification\",\"valueRequired\":true,\"valueName\":\"search_term_string\"}}],\"inLanguage\":\"fr-FR\"}]}<\/script>\n<!-- \/ Yoast SEO plugin. -->","yoast_head_json":{"title":"Politique de Confidentialit\u00e9 - LASHES&amp;BROWS by Nataliya Reinhard","robots":{"index":"index","follow":"follow","max-snippet":"max-snippet:-1","max-image-preview":"max-image-preview:large","max-video-preview":"max-video-preview:-1"},"canonical":"https:\/\/www.art-natur.ch\/fr\/politique-de-confidentialite\/","og_locale":"fr_FR","og_type":"article","og_title":"Politique de Confidentialit\u00e9 - LASHES&amp;BROWS by Nataliya Reinhard","og_description":"Bienvenue chez Nataliya Reinhard\u00ae. L\u2019op\u00e9rateur du site www.art-natur.ch vous informe sur nos politiques de collecte, d\u2019utilisation et de divulgation des donn\u00e9es personnelles lorsque vous utilisez notre service, ainsi que sur vos droits associ\u00e9s \u00e0 ces donn\u00e9es. Nous utilisons vos donn\u00e9es pour fournir et am\u00e9liorer notre service. En utilisant notre service, vous acceptez la collecte et [&hellip;]","og_url":"https:\/\/www.art-natur.ch\/fr\/politique-de-confidentialite\/","og_site_name":"LASHES&amp;BROWS by Nataliya Reinhard","article_modified_time":"2024-12-12T17:07:29+00:00","twitter_card":"summary_large_image","twitter_misc":{"Dur\u00e9e de lecture estim\u00e9e":"5 minutes"},"schema":{"@context":"https:\/\/schema.org","@graph":[{"@type":"WebPage","@id":"https:\/\/www.art-natur.ch\/fr\/politique-de-confidentialite\/","url":"https:\/\/www.art-natur.ch\/fr\/politique-de-confidentialite\/","name":"Politique de Confidentialit\u00e9 - LASHES&amp;BROWS by Nataliya Reinhard","isPartOf":{"@id":"https:\/\/www.art-natur.ch\/fr\/#website"},"datePublished":"2024-11-09T13:38:36+00:00","dateModified":"2024-12-12T17:07:29+00:00","breadcrumb":{"@id":"https:\/\/www.art-natur.ch\/fr\/politique-de-confidentialite\/#breadcrumb"},"inLanguage":"fr-FR","potentialAction":[{"@type":"ReadAction","target":["https:\/\/www.art-natur.ch\/fr\/politique-de-confidentialite\/"]}]},{"@type":"BreadcrumbList","@id":"https:\/\/www.art-natur.ch\/fr\/politique-de-confidentialite\/#breadcrumb","itemListElement":[{"@type":"ListItem","position":1,"name":"Home","item":"https:\/\/www.art-natur.ch\/fr\/"},{"@type":"ListItem","position":2,"name":"Politique de Confidentialit\u00e9"}]},{"@type":"WebSite","@id":"https:\/\/www.art-natur.ch\/fr\/#website","url":"https:\/\/www.art-natur.ch\/fr\/","name":"LASHES&amp;BROWS by Nataliya Reinhard","description":"High-quality lash and brow services with attention to every detail","potentialAction":[{"@type":"SearchAction","target":{"@type":"EntryPoint","urlTemplate":"https:\/\/www.art-natur.ch\/fr\/?s={search_term_string}"},"query-input":{"@type":"PropertyValueSpecification","valueRequired":true,"valueName":"search_term_string"}}],"inLanguage":"fr-FR"}]}},"_links":{"self":[{"href":"https:\/\/www.art-natur.ch\/fr\/wp-json\/wp\/v2\/pages\/8595","targetHints":{"allow":["GET"]}}],"collection":[{"href":"https:\/\/www.art-natur.ch\/fr\/wp-json\/wp\/v2\/pages"}],"about":[{"href":"https:\/\/www.art-natur.ch\/fr\/wp-json\/wp\/v2\/types\/page"}],"author":[{"embeddable":true,"href":"https:\/\/www.art-natur.ch\/fr\/wp-json\/wp\/v2\/users\/1"}],"replies":[{"embeddable":true,"href":"https:\/\/www.art-natur.ch\/fr\/wp-json\/wp\/v2\/comments?post=8595"}],"version-history":[{"count":2,"href":"https:\/\/www.art-natur.ch\/fr\/wp-json\/wp\/v2\/pages\/8595\/revisions"}],"predecessor-version":[{"id":9016,"href":"https:\/\/www.art-natur.ch\/fr\/wp-json\/wp\/v2\/pages\/8595\/revisions\/9016"}],"wp:attachment":[{"href":"https:\/\/www.art-natur.ch\/fr\/wp-json\/wp\/v2\/media?parent=8595"}],"curies":[{"name":"wp","href":"https:\/\/api.w.org\/{rel}","templated":true}]}}