{"id":1003,"date":"2024-09-22T10:57:49","date_gmt":"2024-09-22T08:57:49","guid":{"rendered":"https:\/\/www.art-natur.ch\/product\/brosse-nettoyante-pour-cils-enigma-home-care\/"},"modified":"2024-10-14T00:49:47","modified_gmt":"2024-10-13T22:49:47","slug":"brosse-nettoyante-pour-cils-enigma-home-care","status":"publish","type":"product","link":"https:\/\/www.art-natur.ch\/fr\/produit\/brosse-nettoyante-pour-cils-enigma-home-care\/","title":{"rendered":"Brosse nettoyante pour cils Enigma Home Care"},"content":{"rendered":"<p>La brosse Enigma Home Care nettoie en profondeur entre les cils, en r\u00e9partissant uniform\u00e9ment le nettoyant. La forme plate et arrondie de la brosse permet une p\u00e9n\u00e9tration facile entre les cils, m\u00eame dans les coins internes et externes des yeux. Gr\u00e2ce \u00e0 ses longs poils et \u00e0 son rembourrage ferme, il \u00e9limine facilement la salet\u00e9. Les filaments souples ne traumatisent pas la peau d\u00e9licate des paupi\u00e8res et n&rsquo;affectent pas l&rsquo;adh\u00e9rence des cils.<br \/>\nLavez et s\u00e9chez votre brosse apr\u00e8s chaque utilisation.<br \/>\nMat\u00e9riau : fibre synth\u00e9tique, bois, aluminium<\/p>\n","protected":false},"excerpt":{"rendered":"<p>La brosse Enigma Home Care nettoie en profondeur entre les cils, en r\u00e9partissant uniform\u00e9ment le nettoyant. La forme plate et arrondie de la brosse permet une p\u00e9n\u00e9tration facile entre les cils, m\u00eame dans les coins internes et externes des yeux. Gr\u00e2ce \u00e0 ses longs poils et \u00e0 son rembourrage ferme, il \u00e9limine facilement la salet\u00e9. [&hellip;]<\/p>\n","protected":false},"featured_media":8339,"template":"","meta":{"_acf_changed":false,"inline_featured_image":false},"product_cat":[116,117,150,160,189,193,203,207],"product_tag":[],"class_list":{"0":"post-1003","1":"product","2":"type-product","3":"status-publish","4":"has-post-thumbnail","6":"product_brand-enigma","7":"product_cat-extension-de-cils","8":"product_cat-postcure","9":"product_cat-rehaussement-des-cils","10":"product_cat-outil","11":"product_cat-outil-coloration-et-correction-des-sourcils","12":"product_cat-produits-connexes","13":"product_cat-materiel-dhygiene","14":"product_cat-consommables-fr","16":"first","17":"instock","18":"shipping-taxable","19":"purchasable","20":"product-type-simple"},"acf":[],"yoast_head":"<!-- This site is optimized with the Yoast SEO plugin v26.6 - https:\/\/yoast.com\/wordpress\/plugins\/seo\/ -->\n<title>Brosse nettoyante pour cils Enigma Home Care - LASHES&amp;BROWS by Nataliya Reinhard<\/title>\n<meta name=\"description\" content=\"La brosse Enigma Home Care nettoie en profondeur entre les cils, r\u00e9partissant uniform\u00e9ment le nettoyant pour un r\u00e9sultat optimal.\" \/>\n<meta name=\"robots\" content=\"index, follow, max-snippet:-1, max-image-preview:large, max-video-preview:-1\" \/>\n<link rel=\"canonical\" href=\"https:\/\/www.art-natur.ch\/fr\/produit\/brosse-nettoyante-pour-cils-enigma-home-care\/\" \/>\n<meta property=\"og:locale\" content=\"fr_FR\" \/>\n<meta property=\"og:type\" content=\"article\" \/>\n<meta property=\"og:title\" content=\"Brosse nettoyante pour cils Enigma Home Care - LASHES&amp;BROWS by Nataliya Reinhard\" \/>\n<meta property=\"og:description\" content=\"La brosse Enigma Home Care nettoie en profondeur entre les cils, r\u00e9partissant uniform\u00e9ment le nettoyant pour un r\u00e9sultat optimal.\" \/>\n<meta property=\"og:url\" content=\"https:\/\/www.art-natur.ch\/fr\/produit\/brosse-nettoyante-pour-cils-enigma-home-care\/\" \/>\n<meta property=\"og:site_name\" content=\"LASHES&amp;BROWS by Nataliya Reinhard\" \/>\n<meta property=\"article:modified_time\" content=\"2024-10-13T22:49:47+00:00\" \/>\n<meta property=\"og:image\" content=\"https:\/\/www.art-natur.ch\/wp-content\/uploads\/2024\/09\/2936008556-Photoroom.png\" \/>\n\t<meta property=\"og:image:width\" content=\"800\" \/>\n\t<meta property=\"og:image:height\" content=\"800\" \/>\n\t<meta property=\"og:image:type\" content=\"image\/png\" \/>\n<meta name=\"twitter:card\" content=\"summary_large_image\" \/>\n<script type=\"application\/ld+json\" class=\"yoast-schema-graph\">{\"@context\":\"https:\/\/schema.org\",\"@graph\":[{\"@type\":\"WebPage\",\"@id\":\"https:\/\/www.art-natur.ch\/fr\/produit\/brosse-nettoyante-pour-cils-enigma-home-care\/\",\"url\":\"https:\/\/www.art-natur.ch\/fr\/produit\/brosse-nettoyante-pour-cils-enigma-home-care\/\",\"name\":\"Brosse nettoyante pour cils Enigma Home Care - LASHES&amp;BROWS by Nataliya Reinhard\",\"isPartOf\":{\"@id\":\"https:\/\/www.art-natur.ch\/fr\/#website\"},\"primaryImageOfPage\":{\"@id\":\"https:\/\/www.art-natur.ch\/fr\/produit\/brosse-nettoyante-pour-cils-enigma-home-care\/#primaryimage\"},\"image\":{\"@id\":\"https:\/\/www.art-natur.ch\/fr\/produit\/brosse-nettoyante-pour-cils-enigma-home-care\/#primaryimage\"},\"thumbnailUrl\":\"https:\/\/www.art-natur.ch\/wp-content\/uploads\/2024\/09\/2936008556-Photoroom.png\",\"datePublished\":\"2024-09-22T08:57:49+00:00\",\"dateModified\":\"2024-10-13T22:49:47+00:00\",\"description\":\"La brosse Enigma Home Care nettoie en profondeur entre les cils, r\u00e9partissant uniform\u00e9ment le nettoyant pour un r\u00e9sultat optimal.\",\"breadcrumb\":{\"@id\":\"https:\/\/www.art-natur.ch\/fr\/produit\/brosse-nettoyante-pour-cils-enigma-home-care\/#breadcrumb\"},\"inLanguage\":\"fr-FR\",\"potentialAction\":[{\"@type\":\"ReadAction\",\"target\":[\"https:\/\/www.art-natur.ch\/fr\/produit\/brosse-nettoyante-pour-cils-enigma-home-care\/\"]}]},{\"@type\":\"ImageObject\",\"inLanguage\":\"fr-FR\",\"@id\":\"https:\/\/www.art-natur.ch\/fr\/produit\/brosse-nettoyante-pour-cils-enigma-home-care\/#primaryimage\",\"url\":\"https:\/\/www.art-natur.ch\/wp-content\/uploads\/2024\/09\/2936008556-Photoroom.png\",\"contentUrl\":\"https:\/\/www.art-natur.ch\/wp-content\/uploads\/2024\/09\/2936008556-Photoroom.png\",\"width\":800,\"height\":800},{\"@type\":\"BreadcrumbList\",\"@id\":\"https:\/\/www.art-natur.ch\/fr\/produit\/brosse-nettoyante-pour-cils-enigma-home-care\/#breadcrumb\",\"itemListElement\":[{\"@type\":\"ListItem\",\"position\":1,\"name\":\"Home\",\"item\":\"https:\/\/www.art-natur.ch\/fr\/\"},{\"@type\":\"ListItem\",\"position\":2,\"name\":\"Boutique\",\"item\":\"https:\/\/www.art-natur.ch\/shop\/\"},{\"@type\":\"ListItem\",\"position\":3,\"name\":\"Brosse nettoyante pour cils Enigma Home Care\"}]},{\"@type\":\"WebSite\",\"@id\":\"https:\/\/www.art-natur.ch\/fr\/#website\",\"url\":\"https:\/\/www.art-natur.ch\/fr\/\",\"name\":\"LASHES&amp;BROWS by Nataliya Reinhard\",\"description\":\"High-quality lash and brow services with attention to every detail\",\"potentialAction\":[{\"@type\":\"SearchAction\",\"target\":{\"@type\":\"EntryPoint\",\"urlTemplate\":\"https:\/\/www.art-natur.ch\/fr\/?s={search_term_string}\"},\"query-input\":{\"@type\":\"PropertyValueSpecification\",\"valueRequired\":true,\"valueName\":\"search_term_string\"}}],\"inLanguage\":\"fr-FR\"}]}<\/script>\n<!-- \/ Yoast SEO plugin. -->","yoast_head_json":{"title":"Brosse nettoyante pour cils Enigma Home Care - LASHES&amp;BROWS by Nataliya Reinhard","description":"La brosse Enigma Home Care nettoie en profondeur entre les cils, r\u00e9partissant uniform\u00e9ment le nettoyant pour un r\u00e9sultat optimal.","robots":{"index":"index","follow":"follow","max-snippet":"max-snippet:-1","max-image-preview":"max-image-preview:large","max-video-preview":"max-video-preview:-1"},"canonical":"https:\/\/www.art-natur.ch\/fr\/produit\/brosse-nettoyante-pour-cils-enigma-home-care\/","og_locale":"fr_FR","og_type":"article","og_title":"Brosse nettoyante pour cils Enigma Home Care - LASHES&amp;BROWS by Nataliya Reinhard","og_description":"La brosse Enigma Home Care nettoie en profondeur entre les cils, r\u00e9partissant uniform\u00e9ment le nettoyant pour un r\u00e9sultat optimal.","og_url":"https:\/\/www.art-natur.ch\/fr\/produit\/brosse-nettoyante-pour-cils-enigma-home-care\/","og_site_name":"LASHES&amp;BROWS by Nataliya Reinhard","article_modified_time":"2024-10-13T22:49:47+00:00","og_image":[{"width":800,"height":800,"url":"https:\/\/www.art-natur.ch\/wp-content\/uploads\/2024\/09\/2936008556-Photoroom.png","type":"image\/png"}],"twitter_card":"summary_large_image","schema":{"@context":"https:\/\/schema.org","@graph":[{"@type":"WebPage","@id":"https:\/\/www.art-natur.ch\/fr\/produit\/brosse-nettoyante-pour-cils-enigma-home-care\/","url":"https:\/\/www.art-natur.ch\/fr\/produit\/brosse-nettoyante-pour-cils-enigma-home-care\/","name":"Brosse nettoyante pour cils Enigma Home Care - LASHES&amp;BROWS by Nataliya Reinhard","isPartOf":{"@id":"https:\/\/www.art-natur.ch\/fr\/#website"},"primaryImageOfPage":{"@id":"https:\/\/www.art-natur.ch\/fr\/produit\/brosse-nettoyante-pour-cils-enigma-home-care\/#primaryimage"},"image":{"@id":"https:\/\/www.art-natur.ch\/fr\/produit\/brosse-nettoyante-pour-cils-enigma-home-care\/#primaryimage"},"thumbnailUrl":"https:\/\/www.art-natur.ch\/wp-content\/uploads\/2024\/09\/2936008556-Photoroom.png","datePublished":"2024-09-22T08:57:49+00:00","dateModified":"2024-10-13T22:49:47+00:00","description":"La brosse Enigma Home Care nettoie en profondeur entre les cils, r\u00e9partissant uniform\u00e9ment le nettoyant pour un r\u00e9sultat optimal.","breadcrumb":{"@id":"https:\/\/www.art-natur.ch\/fr\/produit\/brosse-nettoyante-pour-cils-enigma-home-care\/#breadcrumb"},"inLanguage":"fr-FR","potentialAction":[{"@type":"ReadAction","target":["https:\/\/www.art-natur.ch\/fr\/produit\/brosse-nettoyante-pour-cils-enigma-home-care\/"]}]},{"@type":"ImageObject","inLanguage":"fr-FR","@id":"https:\/\/www.art-natur.ch\/fr\/produit\/brosse-nettoyante-pour-cils-enigma-home-care\/#primaryimage","url":"https:\/\/www.art-natur.ch\/wp-content\/uploads\/2024\/09\/2936008556-Photoroom.png","contentUrl":"https:\/\/www.art-natur.ch\/wp-content\/uploads\/2024\/09\/2936008556-Photoroom.png","width":800,"height":800},{"@type":"BreadcrumbList","@id":"https:\/\/www.art-natur.ch\/fr\/produit\/brosse-nettoyante-pour-cils-enigma-home-care\/#breadcrumb","itemListElement":[{"@type":"ListItem","position":1,"name":"Home","item":"https:\/\/www.art-natur.ch\/fr\/"},{"@type":"ListItem","position":2,"name":"Boutique","item":"https:\/\/www.art-natur.ch\/shop\/"},{"@type":"ListItem","position":3,"name":"Brosse nettoyante pour cils Enigma Home Care"}]},{"@type":"WebSite","@id":"https:\/\/www.art-natur.ch\/fr\/#website","url":"https:\/\/www.art-natur.ch\/fr\/","name":"LASHES&amp;BROWS by Nataliya Reinhard","description":"High-quality lash and brow services with attention to every detail","potentialAction":[{"@type":"SearchAction","target":{"@type":"EntryPoint","urlTemplate":"https:\/\/www.art-natur.ch\/fr\/?s={search_term_string}"},"query-input":{"@type":"PropertyValueSpecification","valueRequired":true,"valueName":"search_term_string"}}],"inLanguage":"fr-FR"}]}},"_links":{"self":[{"href":"https:\/\/www.art-natur.ch\/fr\/wp-json\/wp\/v2\/product\/1003","targetHints":{"allow":["GET"]}}],"collection":[{"href":"https:\/\/www.art-natur.ch\/fr\/wp-json\/wp\/v2\/product"}],"about":[{"href":"https:\/\/www.art-natur.ch\/fr\/wp-json\/wp\/v2\/types\/product"}],"wp:featuredmedia":[{"embeddable":true,"href":"https:\/\/www.art-natur.ch\/fr\/wp-json\/wp\/v2\/media\/8339"}],"wp:attachment":[{"href":"https:\/\/www.art-natur.ch\/fr\/wp-json\/wp\/v2\/media?parent=1003"}],"wp:term":[{"taxonomy":"product_cat","embeddable":true,"href":"https:\/\/www.art-natur.ch\/fr\/wp-json\/wp\/v2\/product_cat?post=1003"},{"taxonomy":"product_tag","embeddable":true,"href":"https:\/\/www.art-natur.ch\/fr\/wp-json\/wp\/v2\/product_tag?post=1003"}],"curies":[{"name":"wp","href":"https:\/\/api.w.org\/{rel}","templated":true}]}}