{"id":1018,"date":"2024-09-22T11:11:17","date_gmt":"2024-09-22T10:11:17","guid":{"rendered":"https:\/\/www.art-natur.ch\/product\/brosse-professionnelle-pour-lextension-des-cils\/"},"modified":"2025-01-18T21:07:48","modified_gmt":"2025-01-18T20:07:48","slug":"brosse-professionnelle-pour-lextension-des-cils","status":"publish","type":"product","link":"https:\/\/www.art-natur.ch\/fr\/produit\/brosse-professionnelle-pour-lextension-des-cils\/","title":{"rendered":"\u200bBrosse professionnelle pour l&rsquo;extension des cils"},"content":{"rendered":"<p>Soyez le premier \u00e0 commenter ce produit<\/p>\n<p>Un outil professionnel pour laver les cils de vos clientes avec le plus grand soin et la plus grande d\u00e9licatesse, sans endommager le lien cr\u00e9\u00e9 entre la colle et le cil naturel.<\/p>\n","protected":false},"excerpt":{"rendered":"<p>Soyez le premier \u00e0 commenter ce produit Un outil professionnel pour laver les cils de vos clientes avec le plus grand soin et la plus grande d\u00e9licatesse, sans endommager le lien cr\u00e9\u00e9 entre la colle et le cil naturel.<\/p>\n","protected":false},"featured_media":8335,"template":"","meta":{"_acf_changed":false,"inline_featured_image":false},"product_cat":[116,143,146,189,193,207],"product_tag":[],"class_list":{"0":"post-1018","1":"product","2":"type-product","3":"status-publish","4":"has-post-thumbnail","6":"product_cat-extension-de-cils","7":"product_cat-equipements-et-accessoires","8":"product_cat-autre","9":"product_cat-outil-coloration-et-correction-des-sourcils","10":"product_cat-produits-connexes","11":"product_cat-consommables-fr","13":"first","14":"instock","15":"shipping-taxable","16":"purchasable","17":"product-type-simple"},"acf":[],"yoast_head":"<!-- This site is optimized with the Yoast SEO plugin v26.6 - https:\/\/yoast.com\/wordpress\/plugins\/seo\/ -->\n<title>\u200bBrosse professionnelle pour l&#039;extension des cils - LASHES&amp;BROWS by Nataliya Reinhard<\/title>\n<meta name=\"description\" content=\"Soyez le premier \u00e0 \u00e9valuer ce produit ! Outil professionnel pour laver d\u00e9licatement les cils sans endommager la liaison adh\u00e9sive.\" \/>\n<meta name=\"robots\" content=\"index, follow, max-snippet:-1, max-image-preview:large, max-video-preview:-1\" \/>\n<link rel=\"canonical\" href=\"https:\/\/www.art-natur.ch\/fr\/produit\/brosse-professionnelle-pour-lextension-des-cils\/\" \/>\n<meta property=\"og:locale\" content=\"fr_FR\" \/>\n<meta property=\"og:type\" content=\"article\" \/>\n<meta property=\"og:title\" content=\"\u200bBrosse professionnelle pour l&#039;extension des cils - LASHES&amp;BROWS by Nataliya Reinhard\" \/>\n<meta property=\"og:description\" content=\"Soyez le premier \u00e0 \u00e9valuer ce produit ! Outil professionnel pour laver d\u00e9licatement les cils sans endommager la liaison adh\u00e9sive.\" \/>\n<meta property=\"og:url\" content=\"https:\/\/www.art-natur.ch\/fr\/produit\/brosse-professionnelle-pour-lextension-des-cils\/\" \/>\n<meta property=\"og:site_name\" content=\"LASHES&amp;BROWS by Nataliya Reinhard\" \/>\n<meta property=\"article:modified_time\" content=\"2025-01-18T20:07:48+00:00\" \/>\n<meta property=\"og:image\" content=\"https:\/\/www.art-natur.ch\/wp-content\/uploads\/2024\/09\/2777054023-Photoroom.png\" \/>\n\t<meta property=\"og:image:width\" content=\"1200\" \/>\n\t<meta property=\"og:image:height\" content=\"800\" \/>\n\t<meta property=\"og:image:type\" content=\"image\/png\" \/>\n<meta name=\"twitter:card\" content=\"summary_large_image\" \/>\n<script type=\"application\/ld+json\" class=\"yoast-schema-graph\">{\"@context\":\"https:\/\/schema.org\",\"@graph\":[{\"@type\":\"WebPage\",\"@id\":\"https:\/\/www.art-natur.ch\/fr\/produit\/brosse-professionnelle-pour-lextension-des-cils\/\",\"url\":\"https:\/\/www.art-natur.ch\/fr\/produit\/brosse-professionnelle-pour-lextension-des-cils\/\",\"name\":\"\u200bBrosse professionnelle pour l'extension des cils - LASHES&amp;BROWS by Nataliya Reinhard\",\"isPartOf\":{\"@id\":\"https:\/\/www.art-natur.ch\/fr\/#website\"},\"primaryImageOfPage\":{\"@id\":\"https:\/\/www.art-natur.ch\/fr\/produit\/brosse-professionnelle-pour-lextension-des-cils\/#primaryimage\"},\"image\":{\"@id\":\"https:\/\/www.art-natur.ch\/fr\/produit\/brosse-professionnelle-pour-lextension-des-cils\/#primaryimage\"},\"thumbnailUrl\":\"https:\/\/www.art-natur.ch\/wp-content\/uploads\/2024\/09\/2777054023-Photoroom.png\",\"datePublished\":\"2024-09-22T10:11:17+00:00\",\"dateModified\":\"2025-01-18T20:07:48+00:00\",\"description\":\"Soyez le premier \u00e0 \u00e9valuer ce produit ! Outil professionnel pour laver d\u00e9licatement les cils sans endommager la liaison adh\u00e9sive.\",\"breadcrumb\":{\"@id\":\"https:\/\/www.art-natur.ch\/fr\/produit\/brosse-professionnelle-pour-lextension-des-cils\/#breadcrumb\"},\"inLanguage\":\"fr-FR\",\"potentialAction\":[{\"@type\":\"ReadAction\",\"target\":[\"https:\/\/www.art-natur.ch\/fr\/produit\/brosse-professionnelle-pour-lextension-des-cils\/\"]}]},{\"@type\":\"ImageObject\",\"inLanguage\":\"fr-FR\",\"@id\":\"https:\/\/www.art-natur.ch\/fr\/produit\/brosse-professionnelle-pour-lextension-des-cils\/#primaryimage\",\"url\":\"https:\/\/www.art-natur.ch\/wp-content\/uploads\/2024\/09\/2777054023-Photoroom.png\",\"contentUrl\":\"https:\/\/www.art-natur.ch\/wp-content\/uploads\/2024\/09\/2777054023-Photoroom.png\",\"width\":1200,\"height\":800},{\"@type\":\"BreadcrumbList\",\"@id\":\"https:\/\/www.art-natur.ch\/fr\/produit\/brosse-professionnelle-pour-lextension-des-cils\/#breadcrumb\",\"itemListElement\":[{\"@type\":\"ListItem\",\"position\":1,\"name\":\"Home\",\"item\":\"https:\/\/www.art-natur.ch\/fr\/\"},{\"@type\":\"ListItem\",\"position\":2,\"name\":\"Boutique\",\"item\":\"https:\/\/www.art-natur.ch\/shop\/\"},{\"@type\":\"ListItem\",\"position\":3,\"name\":\"\u200bBrosse professionnelle pour l&#8217;extension des cils\"}]},{\"@type\":\"WebSite\",\"@id\":\"https:\/\/www.art-natur.ch\/fr\/#website\",\"url\":\"https:\/\/www.art-natur.ch\/fr\/\",\"name\":\"LASHES&amp;BROWS by Nataliya Reinhard\",\"description\":\"High-quality lash and brow services with attention to every detail\",\"potentialAction\":[{\"@type\":\"SearchAction\",\"target\":{\"@type\":\"EntryPoint\",\"urlTemplate\":\"https:\/\/www.art-natur.ch\/fr\/?s={search_term_string}\"},\"query-input\":{\"@type\":\"PropertyValueSpecification\",\"valueRequired\":true,\"valueName\":\"search_term_string\"}}],\"inLanguage\":\"fr-FR\"}]}<\/script>\n<!-- \/ Yoast SEO plugin. -->","yoast_head_json":{"title":"\u200bBrosse professionnelle pour l'extension des cils - LASHES&amp;BROWS by Nataliya Reinhard","description":"Soyez le premier \u00e0 \u00e9valuer ce produit ! Outil professionnel pour laver d\u00e9licatement les cils sans endommager la liaison adh\u00e9sive.","robots":{"index":"index","follow":"follow","max-snippet":"max-snippet:-1","max-image-preview":"max-image-preview:large","max-video-preview":"max-video-preview:-1"},"canonical":"https:\/\/www.art-natur.ch\/fr\/produit\/brosse-professionnelle-pour-lextension-des-cils\/","og_locale":"fr_FR","og_type":"article","og_title":"\u200bBrosse professionnelle pour l'extension des cils - LASHES&amp;BROWS by Nataliya Reinhard","og_description":"Soyez le premier \u00e0 \u00e9valuer ce produit ! Outil professionnel pour laver d\u00e9licatement les cils sans endommager la liaison adh\u00e9sive.","og_url":"https:\/\/www.art-natur.ch\/fr\/produit\/brosse-professionnelle-pour-lextension-des-cils\/","og_site_name":"LASHES&amp;BROWS by Nataliya Reinhard","article_modified_time":"2025-01-18T20:07:48+00:00","og_image":[{"width":1200,"height":800,"url":"https:\/\/www.art-natur.ch\/wp-content\/uploads\/2024\/09\/2777054023-Photoroom.png","type":"image\/png"}],"twitter_card":"summary_large_image","schema":{"@context":"https:\/\/schema.org","@graph":[{"@type":"WebPage","@id":"https:\/\/www.art-natur.ch\/fr\/produit\/brosse-professionnelle-pour-lextension-des-cils\/","url":"https:\/\/www.art-natur.ch\/fr\/produit\/brosse-professionnelle-pour-lextension-des-cils\/","name":"\u200bBrosse professionnelle pour l'extension des cils - LASHES&amp;BROWS by Nataliya Reinhard","isPartOf":{"@id":"https:\/\/www.art-natur.ch\/fr\/#website"},"primaryImageOfPage":{"@id":"https:\/\/www.art-natur.ch\/fr\/produit\/brosse-professionnelle-pour-lextension-des-cils\/#primaryimage"},"image":{"@id":"https:\/\/www.art-natur.ch\/fr\/produit\/brosse-professionnelle-pour-lextension-des-cils\/#primaryimage"},"thumbnailUrl":"https:\/\/www.art-natur.ch\/wp-content\/uploads\/2024\/09\/2777054023-Photoroom.png","datePublished":"2024-09-22T10:11:17+00:00","dateModified":"2025-01-18T20:07:48+00:00","description":"Soyez le premier \u00e0 \u00e9valuer ce produit ! Outil professionnel pour laver d\u00e9licatement les cils sans endommager la liaison adh\u00e9sive.","breadcrumb":{"@id":"https:\/\/www.art-natur.ch\/fr\/produit\/brosse-professionnelle-pour-lextension-des-cils\/#breadcrumb"},"inLanguage":"fr-FR","potentialAction":[{"@type":"ReadAction","target":["https:\/\/www.art-natur.ch\/fr\/produit\/brosse-professionnelle-pour-lextension-des-cils\/"]}]},{"@type":"ImageObject","inLanguage":"fr-FR","@id":"https:\/\/www.art-natur.ch\/fr\/produit\/brosse-professionnelle-pour-lextension-des-cils\/#primaryimage","url":"https:\/\/www.art-natur.ch\/wp-content\/uploads\/2024\/09\/2777054023-Photoroom.png","contentUrl":"https:\/\/www.art-natur.ch\/wp-content\/uploads\/2024\/09\/2777054023-Photoroom.png","width":1200,"height":800},{"@type":"BreadcrumbList","@id":"https:\/\/www.art-natur.ch\/fr\/produit\/brosse-professionnelle-pour-lextension-des-cils\/#breadcrumb","itemListElement":[{"@type":"ListItem","position":1,"name":"Home","item":"https:\/\/www.art-natur.ch\/fr\/"},{"@type":"ListItem","position":2,"name":"Boutique","item":"https:\/\/www.art-natur.ch\/shop\/"},{"@type":"ListItem","position":3,"name":"\u200bBrosse professionnelle pour l&#8217;extension des cils"}]},{"@type":"WebSite","@id":"https:\/\/www.art-natur.ch\/fr\/#website","url":"https:\/\/www.art-natur.ch\/fr\/","name":"LASHES&amp;BROWS by Nataliya Reinhard","description":"High-quality lash and brow services with attention to every detail","potentialAction":[{"@type":"SearchAction","target":{"@type":"EntryPoint","urlTemplate":"https:\/\/www.art-natur.ch\/fr\/?s={search_term_string}"},"query-input":{"@type":"PropertyValueSpecification","valueRequired":true,"valueName":"search_term_string"}}],"inLanguage":"fr-FR"}]}},"_links":{"self":[{"href":"https:\/\/www.art-natur.ch\/fr\/wp-json\/wp\/v2\/product\/1018","targetHints":{"allow":["GET"]}}],"collection":[{"href":"https:\/\/www.art-natur.ch\/fr\/wp-json\/wp\/v2\/product"}],"about":[{"href":"https:\/\/www.art-natur.ch\/fr\/wp-json\/wp\/v2\/types\/product"}],"wp:featuredmedia":[{"embeddable":true,"href":"https:\/\/www.art-natur.ch\/fr\/wp-json\/wp\/v2\/media\/8335"}],"wp:attachment":[{"href":"https:\/\/www.art-natur.ch\/fr\/wp-json\/wp\/v2\/media?parent=1018"}],"wp:term":[{"taxonomy":"product_cat","embeddable":true,"href":"https:\/\/www.art-natur.ch\/fr\/wp-json\/wp\/v2\/product_cat?post=1018"},{"taxonomy":"product_tag","embeddable":true,"href":"https:\/\/www.art-natur.ch\/fr\/wp-json\/wp\/v2\/product_tag?post=1018"}],"curies":[{"name":"wp","href":"https:\/\/api.w.org\/{rel}","templated":true}]}}