{"id":10231,"date":"2025-04-10T07:43:43","date_gmt":"2025-04-10T06:43:43","guid":{"rendered":"https:\/\/www.art-natur.ch\/?post_type=product&#038;p=10231"},"modified":"2026-02-14T14:23:20","modified_gmt":"2026-02-14T13:23:20","slug":"vorbehandlung-lovely-ohne-parfuem","status":"publish","type":"product","link":"https:\/\/www.art-natur.ch\/fr\/produit\/vorbehandlung-lovely-ohne-parfuem\/","title":{"rendered":"Pr\u00e9traitement Lovely sans parfum"},"content":{"rendered":"<p class=\"\" data-start=\"70\" data-end=\"155\">Produit magnifique pour l\u2019extension des cils et la proc\u00e9dure de rehaussement de cils.<\/p>\n<p class=\"\" data-start=\"157\" data-end=\"638\">Il a une formule sp\u00e9ciale qui prot\u00e8ge vos yeux de la salet\u00e9 et maintient vos cils naturels et extensions en excellent \u00e9tat.<br data-start=\"280\" data-end=\"283\" \/>Des extensions de cils propres prolongent la durabilit\u00e9 de vos extensions semi-permanentes.<br data-start=\"374\" data-end=\"377\" \/>En les gardant propres, vous r\u00e9duisez \u00e9galement le risque de d\u00e9mangeaisons des paupi\u00e8res, d\u2019infections et de nombreuses autres irritations.<br data-start=\"516\" data-end=\"519\" \/>Dur\u00e9e de conservation : 2 ans \u00e0 partir de la date de fabrication.<br data-start=\"584\" data-end=\"587\" \/>P\u00e9remption apr\u00e8s ouverture : 6 mois.<br data-start=\"623\" data-end=\"626\" \/>Sans parfum.<\/p>\n","protected":false},"excerpt":{"rendered":"<p>Produit magnifique pour l\u2019extension des cils et la proc\u00e9dure de rehaussement de cils. Il a une formule sp\u00e9ciale qui prot\u00e8ge vos yeux de la salet\u00e9 et maintient vos cils naturels et extensions en excellent \u00e9tat.Des extensions de cils propres prolongent la durabilit\u00e9 de vos extensions semi-permanentes.En les gardant propres, vous r\u00e9duisez \u00e9galement le risque de [&hellip;]<\/p>\n","protected":false},"featured_media":10194,"template":"","meta":{"_acf_changed":false,"inline_featured_image":false},"product_cat":[116,183],"product_tag":[],"class_list":{"0":"post-10231","1":"product","2":"type-product","3":"status-publish","4":"has-post-thumbnail","6":"product_brand-lovely","7":"product_cat-extension-de-cils","8":"product_cat-cleanser","10":"first","11":"instock","12":"shipping-taxable","13":"purchasable","14":"product-type-simple"},"acf":[],"yoast_head":"<!-- This site is optimized with the Yoast SEO plugin v26.6 - https:\/\/yoast.com\/wordpress\/plugins\/seo\/ -->\n<title>Pr\u00e9traitement Lovely sans parfum - LASHES&amp;BROWS by Nataliya Reinhard<\/title>\n<meta name=\"description\" content=\"Produit pour l\u2019extension et le rehaussement des cils avec une formule sp\u00e9ciale pour prot\u00e9ger les yeux et prendre soin des cils naturels et des extensions.\" \/>\n<meta name=\"robots\" content=\"index, follow, max-snippet:-1, max-image-preview:large, max-video-preview:-1\" \/>\n<link rel=\"canonical\" href=\"https:\/\/www.art-natur.ch\/fr\/produit\/vorbehandlung-lovely-ohne-parfuem\/\" \/>\n<meta property=\"og:locale\" content=\"fr_FR\" \/>\n<meta property=\"og:type\" content=\"article\" \/>\n<meta property=\"og:title\" content=\"Pr\u00e9traitement Lovely sans parfum - LASHES&amp;BROWS by Nataliya Reinhard\" \/>\n<meta property=\"og:description\" content=\"Produit pour l\u2019extension et le rehaussement des cils avec une formule sp\u00e9ciale pour prot\u00e9ger les yeux et prendre soin des cils naturels et des extensions.\" \/>\n<meta property=\"og:url\" content=\"https:\/\/www.art-natur.ch\/fr\/produit\/vorbehandlung-lovely-ohne-parfuem\/\" \/>\n<meta property=\"og:site_name\" content=\"LASHES&amp;BROWS by Nataliya Reinhard\" \/>\n<meta property=\"article:modified_time\" content=\"2026-02-14T13:23:20+00:00\" \/>\n<meta property=\"og:image\" content=\"https:\/\/www.art-natur.ch\/wp-content\/uploads\/2024\/09\/397ba0c31fd755e2888c9171c6b075d31.png\" \/>\n\t<meta property=\"og:image:width\" content=\"1080\" \/>\n\t<meta property=\"og:image:height\" content=\"1080\" \/>\n\t<meta property=\"og:image:type\" content=\"image\/png\" \/>\n<meta name=\"twitter:card\" content=\"summary_large_image\" \/>\n<script type=\"application\/ld+json\" class=\"yoast-schema-graph\">{\"@context\":\"https:\/\/schema.org\",\"@graph\":[{\"@type\":\"WebPage\",\"@id\":\"https:\/\/www.art-natur.ch\/fr\/produit\/vorbehandlung-lovely-ohne-parfuem\/\",\"url\":\"https:\/\/www.art-natur.ch\/fr\/produit\/vorbehandlung-lovely-ohne-parfuem\/\",\"name\":\"Pr\u00e9traitement Lovely sans parfum - LASHES&amp;BROWS by Nataliya Reinhard\",\"isPartOf\":{\"@id\":\"https:\/\/www.art-natur.ch\/fr\/#website\"},\"primaryImageOfPage\":{\"@id\":\"https:\/\/www.art-natur.ch\/fr\/produit\/vorbehandlung-lovely-ohne-parfuem\/#primaryimage\"},\"image\":{\"@id\":\"https:\/\/www.art-natur.ch\/fr\/produit\/vorbehandlung-lovely-ohne-parfuem\/#primaryimage\"},\"thumbnailUrl\":\"https:\/\/www.art-natur.ch\/wp-content\/uploads\/2024\/09\/397ba0c31fd755e2888c9171c6b075d31.png\",\"datePublished\":\"2025-04-10T06:43:43+00:00\",\"dateModified\":\"2026-02-14T13:23:20+00:00\",\"description\":\"Produit pour l\u2019extension et le rehaussement des cils avec une formule sp\u00e9ciale pour prot\u00e9ger les yeux et prendre soin des cils naturels et des extensions.\",\"breadcrumb\":{\"@id\":\"https:\/\/www.art-natur.ch\/fr\/produit\/vorbehandlung-lovely-ohne-parfuem\/#breadcrumb\"},\"inLanguage\":\"fr-FR\",\"potentialAction\":[{\"@type\":\"ReadAction\",\"target\":[\"https:\/\/www.art-natur.ch\/fr\/produit\/vorbehandlung-lovely-ohne-parfuem\/\"]}]},{\"@type\":\"ImageObject\",\"inLanguage\":\"fr-FR\",\"@id\":\"https:\/\/www.art-natur.ch\/fr\/produit\/vorbehandlung-lovely-ohne-parfuem\/#primaryimage\",\"url\":\"https:\/\/www.art-natur.ch\/wp-content\/uploads\/2024\/09\/397ba0c31fd755e2888c9171c6b075d31.png\",\"contentUrl\":\"https:\/\/www.art-natur.ch\/wp-content\/uploads\/2024\/09\/397ba0c31fd755e2888c9171c6b075d31.png\",\"width\":1080,\"height\":1080},{\"@type\":\"BreadcrumbList\",\"@id\":\"https:\/\/www.art-natur.ch\/fr\/produit\/vorbehandlung-lovely-ohne-parfuem\/#breadcrumb\",\"itemListElement\":[{\"@type\":\"ListItem\",\"position\":1,\"name\":\"Home\",\"item\":\"https:\/\/www.art-natur.ch\/fr\/\"},{\"@type\":\"ListItem\",\"position\":2,\"name\":\"Boutique\",\"item\":\"https:\/\/www.art-natur.ch\/shop\/\"},{\"@type\":\"ListItem\",\"position\":3,\"name\":\"Pr\u00e9traitement Lovely sans parfum\"}]},{\"@type\":\"WebSite\",\"@id\":\"https:\/\/www.art-natur.ch\/fr\/#website\",\"url\":\"https:\/\/www.art-natur.ch\/fr\/\",\"name\":\"LASHES&amp;BROWS by Nataliya Reinhard\",\"description\":\"High-quality lash and brow services with attention to every detail\",\"potentialAction\":[{\"@type\":\"SearchAction\",\"target\":{\"@type\":\"EntryPoint\",\"urlTemplate\":\"https:\/\/www.art-natur.ch\/fr\/?s={search_term_string}\"},\"query-input\":{\"@type\":\"PropertyValueSpecification\",\"valueRequired\":true,\"valueName\":\"search_term_string\"}}],\"inLanguage\":\"fr-FR\"}]}<\/script>\n<!-- \/ Yoast SEO plugin. -->","yoast_head_json":{"title":"Pr\u00e9traitement Lovely sans parfum - LASHES&amp;BROWS by Nataliya Reinhard","description":"Produit pour l\u2019extension et le rehaussement des cils avec une formule sp\u00e9ciale pour prot\u00e9ger les yeux et prendre soin des cils naturels et des extensions.","robots":{"index":"index","follow":"follow","max-snippet":"max-snippet:-1","max-image-preview":"max-image-preview:large","max-video-preview":"max-video-preview:-1"},"canonical":"https:\/\/www.art-natur.ch\/fr\/produit\/vorbehandlung-lovely-ohne-parfuem\/","og_locale":"fr_FR","og_type":"article","og_title":"Pr\u00e9traitement Lovely sans parfum - LASHES&amp;BROWS by Nataliya Reinhard","og_description":"Produit pour l\u2019extension et le rehaussement des cils avec une formule sp\u00e9ciale pour prot\u00e9ger les yeux et prendre soin des cils naturels et des extensions.","og_url":"https:\/\/www.art-natur.ch\/fr\/produit\/vorbehandlung-lovely-ohne-parfuem\/","og_site_name":"LASHES&amp;BROWS by Nataliya Reinhard","article_modified_time":"2026-02-14T13:23:20+00:00","og_image":[{"width":1080,"height":1080,"url":"https:\/\/www.art-natur.ch\/wp-content\/uploads\/2024\/09\/397ba0c31fd755e2888c9171c6b075d31.png","type":"image\/png"}],"twitter_card":"summary_large_image","schema":{"@context":"https:\/\/schema.org","@graph":[{"@type":"WebPage","@id":"https:\/\/www.art-natur.ch\/fr\/produit\/vorbehandlung-lovely-ohne-parfuem\/","url":"https:\/\/www.art-natur.ch\/fr\/produit\/vorbehandlung-lovely-ohne-parfuem\/","name":"Pr\u00e9traitement Lovely sans parfum - LASHES&amp;BROWS by Nataliya Reinhard","isPartOf":{"@id":"https:\/\/www.art-natur.ch\/fr\/#website"},"primaryImageOfPage":{"@id":"https:\/\/www.art-natur.ch\/fr\/produit\/vorbehandlung-lovely-ohne-parfuem\/#primaryimage"},"image":{"@id":"https:\/\/www.art-natur.ch\/fr\/produit\/vorbehandlung-lovely-ohne-parfuem\/#primaryimage"},"thumbnailUrl":"https:\/\/www.art-natur.ch\/wp-content\/uploads\/2024\/09\/397ba0c31fd755e2888c9171c6b075d31.png","datePublished":"2025-04-10T06:43:43+00:00","dateModified":"2026-02-14T13:23:20+00:00","description":"Produit pour l\u2019extension et le rehaussement des cils avec une formule sp\u00e9ciale pour prot\u00e9ger les yeux et prendre soin des cils naturels et des extensions.","breadcrumb":{"@id":"https:\/\/www.art-natur.ch\/fr\/produit\/vorbehandlung-lovely-ohne-parfuem\/#breadcrumb"},"inLanguage":"fr-FR","potentialAction":[{"@type":"ReadAction","target":["https:\/\/www.art-natur.ch\/fr\/produit\/vorbehandlung-lovely-ohne-parfuem\/"]}]},{"@type":"ImageObject","inLanguage":"fr-FR","@id":"https:\/\/www.art-natur.ch\/fr\/produit\/vorbehandlung-lovely-ohne-parfuem\/#primaryimage","url":"https:\/\/www.art-natur.ch\/wp-content\/uploads\/2024\/09\/397ba0c31fd755e2888c9171c6b075d31.png","contentUrl":"https:\/\/www.art-natur.ch\/wp-content\/uploads\/2024\/09\/397ba0c31fd755e2888c9171c6b075d31.png","width":1080,"height":1080},{"@type":"BreadcrumbList","@id":"https:\/\/www.art-natur.ch\/fr\/produit\/vorbehandlung-lovely-ohne-parfuem\/#breadcrumb","itemListElement":[{"@type":"ListItem","position":1,"name":"Home","item":"https:\/\/www.art-natur.ch\/fr\/"},{"@type":"ListItem","position":2,"name":"Boutique","item":"https:\/\/www.art-natur.ch\/shop\/"},{"@type":"ListItem","position":3,"name":"Pr\u00e9traitement Lovely sans parfum"}]},{"@type":"WebSite","@id":"https:\/\/www.art-natur.ch\/fr\/#website","url":"https:\/\/www.art-natur.ch\/fr\/","name":"LASHES&amp;BROWS by Nataliya Reinhard","description":"High-quality lash and brow services with attention to every detail","potentialAction":[{"@type":"SearchAction","target":{"@type":"EntryPoint","urlTemplate":"https:\/\/www.art-natur.ch\/fr\/?s={search_term_string}"},"query-input":{"@type":"PropertyValueSpecification","valueRequired":true,"valueName":"search_term_string"}}],"inLanguage":"fr-FR"}]}},"_links":{"self":[{"href":"https:\/\/www.art-natur.ch\/fr\/wp-json\/wp\/v2\/product\/10231","targetHints":{"allow":["GET"]}}],"collection":[{"href":"https:\/\/www.art-natur.ch\/fr\/wp-json\/wp\/v2\/product"}],"about":[{"href":"https:\/\/www.art-natur.ch\/fr\/wp-json\/wp\/v2\/types\/product"}],"wp:featuredmedia":[{"embeddable":true,"href":"https:\/\/www.art-natur.ch\/fr\/wp-json\/wp\/v2\/media\/10194"}],"wp:attachment":[{"href":"https:\/\/www.art-natur.ch\/fr\/wp-json\/wp\/v2\/media?parent=10231"}],"wp:term":[{"taxonomy":"product_cat","embeddable":true,"href":"https:\/\/www.art-natur.ch\/fr\/wp-json\/wp\/v2\/product_cat?post=10231"},{"taxonomy":"product_tag","embeddable":true,"href":"https:\/\/www.art-natur.ch\/fr\/wp-json\/wp\/v2\/product_tag?post=10231"}],"curies":[{"name":"wp","href":"https:\/\/api.w.org\/{rel}","templated":true}]}}