{"id":10239,"date":"2025-04-10T07:41:56","date_gmt":"2025-04-10T06:41:56","guid":{"rendered":"https:\/\/www.art-natur.ch\/product\/bonder-colle-lovely-15-ml\/"},"modified":"2025-04-10T08:30:27","modified_gmt":"2025-04-10T07:30:27","slug":"bonder-colle-lovely-15-ml","status":"publish","type":"product","link":"https:\/\/www.art-natur.ch\/fr\/produit\/bonder-colle-lovely-15-ml\/","title":{"rendered":"Bonder Colle Lovely, 15 ml"},"content":{"rendered":"<p class=\"\" data-start=\"701\" data-end=\"884\"><strong data-start=\"701\" data-end=\"718\">Description :<\/strong><br data-start=\"718\" data-end=\"721\" \/>Am\u00e9liore l\u2019adh\u00e9rence du cil artificiel au cil naturel.<br data-start=\"775\" data-end=\"778\" \/>Poss\u00e8de des propri\u00e9t\u00e9s adh\u00e9sives, am\u00e9liore la fixation et prolonge la dur\u00e9e de vie des extensions de cils.<\/p>\n<p class=\"\" data-start=\"886\" data-end=\"1035\"><strong data-start=\"886\" data-end=\"905\">Mode d\u2019emploi :<\/strong><br data-start=\"905\" data-end=\"908\" \/>Appliquez une petite quantit\u00e9 de bonder sur les cils naturels et\/ou sur la partie inf\u00e9rieure des cils artificiels sur le ruban.<\/p>\n<p class=\"\" data-start=\"1037\" data-end=\"1179\"><strong data-start=\"1037\" data-end=\"1065\">Conditions de stockage :<\/strong><br data-start=\"1065\" data-end=\"1068\" \/>\u00c0 conserver \u00e0 une temp\u00e9rature de 5\u00b0C \u00e0 25\u00b0C, \u00e0 l\u2019abri de la lumi\u00e8re, bien ferm\u00e9 et loin des sources de chaleur.<\/p>\n<p class=\"\" data-start=\"1181\" data-end=\"1266\"><strong data-start=\"1181\" data-end=\"1208\">Dur\u00e9e de conservation :<\/strong> 24 mois<br data-start=\"1216\" data-end=\"1219\" \/><strong data-start=\"1219\" data-end=\"1259\">Date de p\u00e9remption apr\u00e8s ouverture :<\/strong> 6 mois<\/p>\n","protected":false},"excerpt":{"rendered":"<p>Description :Am\u00e9liore l\u2019adh\u00e9rence du cil artificiel au cil naturel.Poss\u00e8de des propri\u00e9t\u00e9s adh\u00e9sives, am\u00e9liore la fixation et prolonge la dur\u00e9e de vie des extensions de cils. Mode d\u2019emploi :Appliquez une petite quantit\u00e9 de bonder sur les cils naturels et\/ou sur la partie inf\u00e9rieure des cils artificiels sur le ruban. Conditions de stockage :\u00c0 conserver \u00e0 une [&hellip;]<\/p>\n","protected":false},"featured_media":10235,"template":"","meta":{"_acf_changed":false,"inline_featured_image":false},"product_cat":[116,181,185],"product_tag":[],"class_list":{"0":"post-10239","1":"product","2":"type-product","3":"status-publish","4":"has-post-thumbnail","6":"product_brand-lovely","7":"product_cat-extension-de-cils","8":"product_cat-primer","9":"product_cat-primers","11":"first","12":"instock","13":"shipping-taxable","14":"purchasable","15":"product-type-simple"},"acf":[],"yoast_head":"<!-- This site is optimized with the Yoast SEO plugin v26.6 - https:\/\/yoast.com\/wordpress\/plugins\/seo\/ -->\n<title>Bonder Colle Lovely, 15 ml - LASHES&amp;BROWS by Nataliya Reinhard<\/title>\n<meta name=\"description\" content=\"Produit pour l\u2019extension des cils. Am\u00e9liore l\u2019adh\u00e9rence du cil artificiel au cil naturel.\" \/>\n<meta name=\"robots\" content=\"index, follow, max-snippet:-1, max-image-preview:large, max-video-preview:-1\" \/>\n<link rel=\"canonical\" href=\"https:\/\/www.art-natur.ch\/fr\/produit\/bonder-colle-lovely-15-ml\/\" \/>\n<meta property=\"og:locale\" content=\"fr_FR\" \/>\n<meta property=\"og:type\" content=\"article\" \/>\n<meta property=\"og:title\" content=\"Bonder Colle Lovely, 15 ml - LASHES&amp;BROWS by Nataliya Reinhard\" \/>\n<meta property=\"og:description\" content=\"Produit pour l\u2019extension des cils. Am\u00e9liore l\u2019adh\u00e9rence du cil artificiel au cil naturel.\" \/>\n<meta property=\"og:url\" content=\"https:\/\/www.art-natur.ch\/fr\/produit\/bonder-colle-lovely-15-ml\/\" \/>\n<meta property=\"og:site_name\" content=\"LASHES&amp;BROWS by Nataliya Reinhard\" \/>\n<meta property=\"article:modified_time\" content=\"2025-04-10T07:30:27+00:00\" \/>\n<meta property=\"og:image\" content=\"https:\/\/www.art-natur.ch\/wp-content\/uploads\/2025\/04\/eba878ca8cd9f1e96240106ba02720f51.jpg\" \/>\n\t<meta property=\"og:image:width\" content=\"1080\" \/>\n\t<meta property=\"og:image:height\" content=\"1080\" \/>\n\t<meta property=\"og:image:type\" content=\"image\/jpeg\" \/>\n<meta name=\"twitter:card\" content=\"summary_large_image\" \/>\n<script type=\"application\/ld+json\" class=\"yoast-schema-graph\">{\"@context\":\"https:\/\/schema.org\",\"@graph\":[{\"@type\":\"WebPage\",\"@id\":\"https:\/\/www.art-natur.ch\/fr\/produit\/bonder-colle-lovely-15-ml\/\",\"url\":\"https:\/\/www.art-natur.ch\/fr\/produit\/bonder-colle-lovely-15-ml\/\",\"name\":\"Bonder Colle Lovely, 15 ml - LASHES&amp;BROWS by Nataliya Reinhard\",\"isPartOf\":{\"@id\":\"https:\/\/www.art-natur.ch\/fr\/#website\"},\"primaryImageOfPage\":{\"@id\":\"https:\/\/www.art-natur.ch\/fr\/produit\/bonder-colle-lovely-15-ml\/#primaryimage\"},\"image\":{\"@id\":\"https:\/\/www.art-natur.ch\/fr\/produit\/bonder-colle-lovely-15-ml\/#primaryimage\"},\"thumbnailUrl\":\"https:\/\/www.art-natur.ch\/wp-content\/uploads\/2025\/04\/eba878ca8cd9f1e96240106ba02720f51.jpg\",\"datePublished\":\"2025-04-10T06:41:56+00:00\",\"dateModified\":\"2025-04-10T07:30:27+00:00\",\"description\":\"Produit pour l\u2019extension des cils. Am\u00e9liore l\u2019adh\u00e9rence du cil artificiel au cil naturel.\",\"breadcrumb\":{\"@id\":\"https:\/\/www.art-natur.ch\/fr\/produit\/bonder-colle-lovely-15-ml\/#breadcrumb\"},\"inLanguage\":\"fr-FR\",\"potentialAction\":[{\"@type\":\"ReadAction\",\"target\":[\"https:\/\/www.art-natur.ch\/fr\/produit\/bonder-colle-lovely-15-ml\/\"]}]},{\"@type\":\"ImageObject\",\"inLanguage\":\"fr-FR\",\"@id\":\"https:\/\/www.art-natur.ch\/fr\/produit\/bonder-colle-lovely-15-ml\/#primaryimage\",\"url\":\"https:\/\/www.art-natur.ch\/wp-content\/uploads\/2025\/04\/eba878ca8cd9f1e96240106ba02720f51.jpg\",\"contentUrl\":\"https:\/\/www.art-natur.ch\/wp-content\/uploads\/2025\/04\/eba878ca8cd9f1e96240106ba02720f51.jpg\",\"width\":1080,\"height\":1080},{\"@type\":\"BreadcrumbList\",\"@id\":\"https:\/\/www.art-natur.ch\/fr\/produit\/bonder-colle-lovely-15-ml\/#breadcrumb\",\"itemListElement\":[{\"@type\":\"ListItem\",\"position\":1,\"name\":\"Home\",\"item\":\"https:\/\/www.art-natur.ch\/fr\/\"},{\"@type\":\"ListItem\",\"position\":2,\"name\":\"Boutique\",\"item\":\"https:\/\/www.art-natur.ch\/shop\/\"},{\"@type\":\"ListItem\",\"position\":3,\"name\":\"Bonder Colle Lovely, 15 ml\"}]},{\"@type\":\"WebSite\",\"@id\":\"https:\/\/www.art-natur.ch\/fr\/#website\",\"url\":\"https:\/\/www.art-natur.ch\/fr\/\",\"name\":\"LASHES&amp;BROWS by Nataliya Reinhard\",\"description\":\"High-quality lash and brow services with attention to every detail\",\"potentialAction\":[{\"@type\":\"SearchAction\",\"target\":{\"@type\":\"EntryPoint\",\"urlTemplate\":\"https:\/\/www.art-natur.ch\/fr\/?s={search_term_string}\"},\"query-input\":{\"@type\":\"PropertyValueSpecification\",\"valueRequired\":true,\"valueName\":\"search_term_string\"}}],\"inLanguage\":\"fr-FR\"}]}<\/script>\n<!-- \/ Yoast SEO plugin. -->","yoast_head_json":{"title":"Bonder Colle Lovely, 15 ml - LASHES&amp;BROWS by Nataliya Reinhard","description":"Produit pour l\u2019extension des cils. Am\u00e9liore l\u2019adh\u00e9rence du cil artificiel au cil naturel.","robots":{"index":"index","follow":"follow","max-snippet":"max-snippet:-1","max-image-preview":"max-image-preview:large","max-video-preview":"max-video-preview:-1"},"canonical":"https:\/\/www.art-natur.ch\/fr\/produit\/bonder-colle-lovely-15-ml\/","og_locale":"fr_FR","og_type":"article","og_title":"Bonder Colle Lovely, 15 ml - LASHES&amp;BROWS by Nataliya Reinhard","og_description":"Produit pour l\u2019extension des cils. Am\u00e9liore l\u2019adh\u00e9rence du cil artificiel au cil naturel.","og_url":"https:\/\/www.art-natur.ch\/fr\/produit\/bonder-colle-lovely-15-ml\/","og_site_name":"LASHES&amp;BROWS by Nataliya Reinhard","article_modified_time":"2025-04-10T07:30:27+00:00","og_image":[{"width":1080,"height":1080,"url":"https:\/\/www.art-natur.ch\/wp-content\/uploads\/2025\/04\/eba878ca8cd9f1e96240106ba02720f51.jpg","type":"image\/jpeg"}],"twitter_card":"summary_large_image","schema":{"@context":"https:\/\/schema.org","@graph":[{"@type":"WebPage","@id":"https:\/\/www.art-natur.ch\/fr\/produit\/bonder-colle-lovely-15-ml\/","url":"https:\/\/www.art-natur.ch\/fr\/produit\/bonder-colle-lovely-15-ml\/","name":"Bonder Colle Lovely, 15 ml - LASHES&amp;BROWS by Nataliya Reinhard","isPartOf":{"@id":"https:\/\/www.art-natur.ch\/fr\/#website"},"primaryImageOfPage":{"@id":"https:\/\/www.art-natur.ch\/fr\/produit\/bonder-colle-lovely-15-ml\/#primaryimage"},"image":{"@id":"https:\/\/www.art-natur.ch\/fr\/produit\/bonder-colle-lovely-15-ml\/#primaryimage"},"thumbnailUrl":"https:\/\/www.art-natur.ch\/wp-content\/uploads\/2025\/04\/eba878ca8cd9f1e96240106ba02720f51.jpg","datePublished":"2025-04-10T06:41:56+00:00","dateModified":"2025-04-10T07:30:27+00:00","description":"Produit pour l\u2019extension des cils. Am\u00e9liore l\u2019adh\u00e9rence du cil artificiel au cil naturel.","breadcrumb":{"@id":"https:\/\/www.art-natur.ch\/fr\/produit\/bonder-colle-lovely-15-ml\/#breadcrumb"},"inLanguage":"fr-FR","potentialAction":[{"@type":"ReadAction","target":["https:\/\/www.art-natur.ch\/fr\/produit\/bonder-colle-lovely-15-ml\/"]}]},{"@type":"ImageObject","inLanguage":"fr-FR","@id":"https:\/\/www.art-natur.ch\/fr\/produit\/bonder-colle-lovely-15-ml\/#primaryimage","url":"https:\/\/www.art-natur.ch\/wp-content\/uploads\/2025\/04\/eba878ca8cd9f1e96240106ba02720f51.jpg","contentUrl":"https:\/\/www.art-natur.ch\/wp-content\/uploads\/2025\/04\/eba878ca8cd9f1e96240106ba02720f51.jpg","width":1080,"height":1080},{"@type":"BreadcrumbList","@id":"https:\/\/www.art-natur.ch\/fr\/produit\/bonder-colle-lovely-15-ml\/#breadcrumb","itemListElement":[{"@type":"ListItem","position":1,"name":"Home","item":"https:\/\/www.art-natur.ch\/fr\/"},{"@type":"ListItem","position":2,"name":"Boutique","item":"https:\/\/www.art-natur.ch\/shop\/"},{"@type":"ListItem","position":3,"name":"Bonder Colle Lovely, 15 ml"}]},{"@type":"WebSite","@id":"https:\/\/www.art-natur.ch\/fr\/#website","url":"https:\/\/www.art-natur.ch\/fr\/","name":"LASHES&amp;BROWS by Nataliya Reinhard","description":"High-quality lash and brow services with attention to every detail","potentialAction":[{"@type":"SearchAction","target":{"@type":"EntryPoint","urlTemplate":"https:\/\/www.art-natur.ch\/fr\/?s={search_term_string}"},"query-input":{"@type":"PropertyValueSpecification","valueRequired":true,"valueName":"search_term_string"}}],"inLanguage":"fr-FR"}]}},"_links":{"self":[{"href":"https:\/\/www.art-natur.ch\/fr\/wp-json\/wp\/v2\/product\/10239","targetHints":{"allow":["GET"]}}],"collection":[{"href":"https:\/\/www.art-natur.ch\/fr\/wp-json\/wp\/v2\/product"}],"about":[{"href":"https:\/\/www.art-natur.ch\/fr\/wp-json\/wp\/v2\/types\/product"}],"wp:featuredmedia":[{"embeddable":true,"href":"https:\/\/www.art-natur.ch\/fr\/wp-json\/wp\/v2\/media\/10235"}],"wp:attachment":[{"href":"https:\/\/www.art-natur.ch\/fr\/wp-json\/wp\/v2\/media?parent=10239"}],"wp:term":[{"taxonomy":"product_cat","embeddable":true,"href":"https:\/\/www.art-natur.ch\/fr\/wp-json\/wp\/v2\/product_cat?post=10239"},{"taxonomy":"product_tag","embeddable":true,"href":"https:\/\/www.art-natur.ch\/fr\/wp-json\/wp\/v2\/product_tag?post=10239"}],"curies":[{"name":"wp","href":"https:\/\/api.w.org\/{rel}","templated":true}]}}