{"id":1038,"date":"2024-09-22T11:34:24","date_gmt":"2024-09-22T10:34:24","guid":{"rendered":"https:\/\/www.art-natur.ch\/product\/brosses-a-cils-en-nylon-jetables-50-pieces\/"},"modified":"2025-01-18T21:10:11","modified_gmt":"2025-01-18T20:10:11","slug":"brosses-a-cils-en-nylon-jetables-50-pieces","status":"publish","type":"product","link":"https:\/\/www.art-natur.ch\/fr\/produit\/brosses-a-cils-en-nylon-jetables-50-pieces\/","title":{"rendered":"\u200bBrosses \u00e0 cils en nylon jetables 50 pieces"},"content":{"rendered":"<p>Brosses \u00e0 cils en nylon jetables.<br \/>\nLes brosses positionnent les cils, brossent bien les extensions de volume et peuvent \u00e9galement \u00eatre utilis\u00e9es pour appliquer des pr\u00e9parations.<br \/>\nLes brosses en nylon sont utilis\u00e9es pour l&rsquo;entretien quotidien pour brosser les cils.<\/p>\n","protected":false},"excerpt":{"rendered":"<p>Brosses \u00e0 cils en nylon jetables. Les brosses positionnent les cils, brossent bien les extensions de volume et peuvent \u00e9galement \u00eatre utilis\u00e9es pour appliquer des pr\u00e9parations. Les brosses en nylon sont utilis\u00e9es pour l&rsquo;entretien quotidien pour brosser les cils.<\/p>\n","protected":false},"featured_media":8318,"template":"","meta":{"_acf_changed":false,"inline_featured_image":false},"product_cat":[116,119,125,129,141,150,160,189,193,207],"product_tag":[],"class_list":{"0":"post-1038","1":"product","2":"type-product","3":"status-publish","4":"has-post-thumbnail","6":"product_cat-extension-de-cils","7":"product_cat-coloration-et-correction-des-sourcils","8":"product_cat-outil-extension-de-cils","9":"product_cat-stylisation-a-long-terme-des-sourcils","10":"product_cat-outils","11":"product_cat-rehaussement-des-cils","12":"product_cat-outil","13":"product_cat-outil-coloration-et-correction-des-sourcils","14":"product_cat-produits-connexes","15":"product_cat-consommables-fr","17":"first","18":"instock","19":"shipping-taxable","20":"purchasable","21":"product-type-simple"},"acf":[],"yoast_head":"<!-- This site is optimized with the Yoast SEO plugin v26.6 - https:\/\/yoast.com\/wordpress\/plugins\/seo\/ -->\n<title>\u200bBrosses \u00e0 cils en nylon jetables 50 pieces - LASHES&amp;BROWS by Nataliya Reinhard<\/title>\n<meta name=\"description\" content=\"Les brosses positionnent les cils, offrent un excellent volume et peuvent \u00e9galement \u00eatre utilis\u00e9es pour appliquer des produits.\" \/>\n<meta name=\"robots\" content=\"index, follow, max-snippet:-1, max-image-preview:large, max-video-preview:-1\" \/>\n<link rel=\"canonical\" href=\"https:\/\/www.art-natur.ch\/fr\/produit\/brosses-a-cils-en-nylon-jetables-50-pieces\/\" \/>\n<meta property=\"og:locale\" content=\"fr_FR\" \/>\n<meta property=\"og:type\" content=\"article\" \/>\n<meta property=\"og:title\" content=\"\u200bBrosses \u00e0 cils en nylon jetables 50 pieces - LASHES&amp;BROWS by Nataliya Reinhard\" \/>\n<meta property=\"og:description\" content=\"Les brosses positionnent les cils, offrent un excellent volume et peuvent \u00e9galement \u00eatre utilis\u00e9es pour appliquer des produits.\" \/>\n<meta property=\"og:url\" content=\"https:\/\/www.art-natur.ch\/fr\/produit\/brosses-a-cils-en-nylon-jetables-50-pieces\/\" \/>\n<meta property=\"og:site_name\" content=\"LASHES&amp;BROWS by Nataliya Reinhard\" \/>\n<meta property=\"article:modified_time\" content=\"2025-01-18T20:10:11+00:00\" \/>\n<meta property=\"og:image\" content=\"https:\/\/www.art-natur.ch\/wp-content\/uploads\/2024\/09\/2777054118-Photoroom.png\" \/>\n\t<meta property=\"og:image:width\" content=\"1200\" \/>\n\t<meta property=\"og:image:height\" content=\"800\" \/>\n\t<meta property=\"og:image:type\" content=\"image\/png\" \/>\n<meta name=\"twitter:card\" content=\"summary_large_image\" \/>\n<meta name=\"twitter:label1\" content=\"Dur\u00e9e de lecture estim\u00e9e\" \/>\n\t<meta name=\"twitter:data1\" content=\"1 minute\" \/>\n<script type=\"application\/ld+json\" class=\"yoast-schema-graph\">{\"@context\":\"https:\/\/schema.org\",\"@graph\":[{\"@type\":\"WebPage\",\"@id\":\"https:\/\/www.art-natur.ch\/fr\/produit\/brosses-a-cils-en-nylon-jetables-50-pieces\/\",\"url\":\"https:\/\/www.art-natur.ch\/fr\/produit\/brosses-a-cils-en-nylon-jetables-50-pieces\/\",\"name\":\"\u200bBrosses \u00e0 cils en nylon jetables 50 pieces - LASHES&amp;BROWS by Nataliya Reinhard\",\"isPartOf\":{\"@id\":\"https:\/\/www.art-natur.ch\/fr\/#website\"},\"primaryImageOfPage\":{\"@id\":\"https:\/\/www.art-natur.ch\/fr\/produit\/brosses-a-cils-en-nylon-jetables-50-pieces\/#primaryimage\"},\"image\":{\"@id\":\"https:\/\/www.art-natur.ch\/fr\/produit\/brosses-a-cils-en-nylon-jetables-50-pieces\/#primaryimage\"},\"thumbnailUrl\":\"https:\/\/www.art-natur.ch\/wp-content\/uploads\/2024\/09\/2777054118-Photoroom.png\",\"datePublished\":\"2024-09-22T10:34:24+00:00\",\"dateModified\":\"2025-01-18T20:10:11+00:00\",\"description\":\"Les brosses positionnent les cils, offrent un excellent volume et peuvent \u00e9galement \u00eatre utilis\u00e9es pour appliquer des produits.\",\"breadcrumb\":{\"@id\":\"https:\/\/www.art-natur.ch\/fr\/produit\/brosses-a-cils-en-nylon-jetables-50-pieces\/#breadcrumb\"},\"inLanguage\":\"fr-FR\",\"potentialAction\":[{\"@type\":\"ReadAction\",\"target\":[\"https:\/\/www.art-natur.ch\/fr\/produit\/brosses-a-cils-en-nylon-jetables-50-pieces\/\"]}]},{\"@type\":\"ImageObject\",\"inLanguage\":\"fr-FR\",\"@id\":\"https:\/\/www.art-natur.ch\/fr\/produit\/brosses-a-cils-en-nylon-jetables-50-pieces\/#primaryimage\",\"url\":\"https:\/\/www.art-natur.ch\/wp-content\/uploads\/2024\/09\/2777054118-Photoroom.png\",\"contentUrl\":\"https:\/\/www.art-natur.ch\/wp-content\/uploads\/2024\/09\/2777054118-Photoroom.png\",\"width\":1200,\"height\":800},{\"@type\":\"BreadcrumbList\",\"@id\":\"https:\/\/www.art-natur.ch\/fr\/produit\/brosses-a-cils-en-nylon-jetables-50-pieces\/#breadcrumb\",\"itemListElement\":[{\"@type\":\"ListItem\",\"position\":1,\"name\":\"Home\",\"item\":\"https:\/\/www.art-natur.ch\/fr\/\"},{\"@type\":\"ListItem\",\"position\":2,\"name\":\"Boutique\",\"item\":\"https:\/\/www.art-natur.ch\/shop\/\"},{\"@type\":\"ListItem\",\"position\":3,\"name\":\"\u200bBrosses \u00e0 cils en nylon jetables 50 pieces\"}]},{\"@type\":\"WebSite\",\"@id\":\"https:\/\/www.art-natur.ch\/fr\/#website\",\"url\":\"https:\/\/www.art-natur.ch\/fr\/\",\"name\":\"LASHES&amp;BROWS by Nataliya Reinhard\",\"description\":\"High-quality lash and brow services with attention to every detail\",\"potentialAction\":[{\"@type\":\"SearchAction\",\"target\":{\"@type\":\"EntryPoint\",\"urlTemplate\":\"https:\/\/www.art-natur.ch\/fr\/?s={search_term_string}\"},\"query-input\":{\"@type\":\"PropertyValueSpecification\",\"valueRequired\":true,\"valueName\":\"search_term_string\"}}],\"inLanguage\":\"fr-FR\"}]}<\/script>\n<!-- \/ Yoast SEO plugin. -->","yoast_head_json":{"title":"\u200bBrosses \u00e0 cils en nylon jetables 50 pieces - LASHES&amp;BROWS by Nataliya Reinhard","description":"Les brosses positionnent les cils, offrent un excellent volume et peuvent \u00e9galement \u00eatre utilis\u00e9es pour appliquer des produits.","robots":{"index":"index","follow":"follow","max-snippet":"max-snippet:-1","max-image-preview":"max-image-preview:large","max-video-preview":"max-video-preview:-1"},"canonical":"https:\/\/www.art-natur.ch\/fr\/produit\/brosses-a-cils-en-nylon-jetables-50-pieces\/","og_locale":"fr_FR","og_type":"article","og_title":"\u200bBrosses \u00e0 cils en nylon jetables 50 pieces - LASHES&amp;BROWS by Nataliya Reinhard","og_description":"Les brosses positionnent les cils, offrent un excellent volume et peuvent \u00e9galement \u00eatre utilis\u00e9es pour appliquer des produits.","og_url":"https:\/\/www.art-natur.ch\/fr\/produit\/brosses-a-cils-en-nylon-jetables-50-pieces\/","og_site_name":"LASHES&amp;BROWS by Nataliya Reinhard","article_modified_time":"2025-01-18T20:10:11+00:00","og_image":[{"width":1200,"height":800,"url":"https:\/\/www.art-natur.ch\/wp-content\/uploads\/2024\/09\/2777054118-Photoroom.png","type":"image\/png"}],"twitter_card":"summary_large_image","twitter_misc":{"Dur\u00e9e de lecture estim\u00e9e":"1 minute"},"schema":{"@context":"https:\/\/schema.org","@graph":[{"@type":"WebPage","@id":"https:\/\/www.art-natur.ch\/fr\/produit\/brosses-a-cils-en-nylon-jetables-50-pieces\/","url":"https:\/\/www.art-natur.ch\/fr\/produit\/brosses-a-cils-en-nylon-jetables-50-pieces\/","name":"\u200bBrosses \u00e0 cils en nylon jetables 50 pieces - LASHES&amp;BROWS by Nataliya Reinhard","isPartOf":{"@id":"https:\/\/www.art-natur.ch\/fr\/#website"},"primaryImageOfPage":{"@id":"https:\/\/www.art-natur.ch\/fr\/produit\/brosses-a-cils-en-nylon-jetables-50-pieces\/#primaryimage"},"image":{"@id":"https:\/\/www.art-natur.ch\/fr\/produit\/brosses-a-cils-en-nylon-jetables-50-pieces\/#primaryimage"},"thumbnailUrl":"https:\/\/www.art-natur.ch\/wp-content\/uploads\/2024\/09\/2777054118-Photoroom.png","datePublished":"2024-09-22T10:34:24+00:00","dateModified":"2025-01-18T20:10:11+00:00","description":"Les brosses positionnent les cils, offrent un excellent volume et peuvent \u00e9galement \u00eatre utilis\u00e9es pour appliquer des produits.","breadcrumb":{"@id":"https:\/\/www.art-natur.ch\/fr\/produit\/brosses-a-cils-en-nylon-jetables-50-pieces\/#breadcrumb"},"inLanguage":"fr-FR","potentialAction":[{"@type":"ReadAction","target":["https:\/\/www.art-natur.ch\/fr\/produit\/brosses-a-cils-en-nylon-jetables-50-pieces\/"]}]},{"@type":"ImageObject","inLanguage":"fr-FR","@id":"https:\/\/www.art-natur.ch\/fr\/produit\/brosses-a-cils-en-nylon-jetables-50-pieces\/#primaryimage","url":"https:\/\/www.art-natur.ch\/wp-content\/uploads\/2024\/09\/2777054118-Photoroom.png","contentUrl":"https:\/\/www.art-natur.ch\/wp-content\/uploads\/2024\/09\/2777054118-Photoroom.png","width":1200,"height":800},{"@type":"BreadcrumbList","@id":"https:\/\/www.art-natur.ch\/fr\/produit\/brosses-a-cils-en-nylon-jetables-50-pieces\/#breadcrumb","itemListElement":[{"@type":"ListItem","position":1,"name":"Home","item":"https:\/\/www.art-natur.ch\/fr\/"},{"@type":"ListItem","position":2,"name":"Boutique","item":"https:\/\/www.art-natur.ch\/shop\/"},{"@type":"ListItem","position":3,"name":"\u200bBrosses \u00e0 cils en nylon jetables 50 pieces"}]},{"@type":"WebSite","@id":"https:\/\/www.art-natur.ch\/fr\/#website","url":"https:\/\/www.art-natur.ch\/fr\/","name":"LASHES&amp;BROWS by Nataliya Reinhard","description":"High-quality lash and brow services with attention to every detail","potentialAction":[{"@type":"SearchAction","target":{"@type":"EntryPoint","urlTemplate":"https:\/\/www.art-natur.ch\/fr\/?s={search_term_string}"},"query-input":{"@type":"PropertyValueSpecification","valueRequired":true,"valueName":"search_term_string"}}],"inLanguage":"fr-FR"}]}},"_links":{"self":[{"href":"https:\/\/www.art-natur.ch\/fr\/wp-json\/wp\/v2\/product\/1038","targetHints":{"allow":["GET"]}}],"collection":[{"href":"https:\/\/www.art-natur.ch\/fr\/wp-json\/wp\/v2\/product"}],"about":[{"href":"https:\/\/www.art-natur.ch\/fr\/wp-json\/wp\/v2\/types\/product"}],"wp:featuredmedia":[{"embeddable":true,"href":"https:\/\/www.art-natur.ch\/fr\/wp-json\/wp\/v2\/media\/8318"}],"wp:attachment":[{"href":"https:\/\/www.art-natur.ch\/fr\/wp-json\/wp\/v2\/media?parent=1038"}],"wp:term":[{"taxonomy":"product_cat","embeddable":true,"href":"https:\/\/www.art-natur.ch\/fr\/wp-json\/wp\/v2\/product_cat?post=1038"},{"taxonomy":"product_tag","embeddable":true,"href":"https:\/\/www.art-natur.ch\/fr\/wp-json\/wp\/v2\/product_tag?post=1038"}],"curies":[{"name":"wp","href":"https:\/\/api.w.org\/{rel}","templated":true}]}}