{"id":1072,"date":"2024-09-22T20:27:03","date_gmt":"2024-09-22T19:27:03","guid":{"rendered":"https:\/\/www.art-natur.ch\/product\/cils-noirs-lashgo-mix-16-lignes\/"},"modified":"2024-10-14T00:48:17","modified_gmt":"2024-10-13T22:48:17","slug":"cils-noirs-lashgo-mix-16-lignes","status":"publish","type":"product","link":"https:\/\/www.art-natur.ch\/fr\/produit\/cils-noirs-lashgo-mix-16-lignes\/","title":{"rendered":"Cils noirs Lash&#038;Go (mix) 16 lignes"},"content":{"rendered":"<p>Cils noirs classiques pour les extensions Lash&amp;Go en monofilaments r\u00e9silients de qualit\u00e9, avec une couleur riche et uniforme jusqu&rsquo;aux pointes.<\/p>\n<p>La fibre de cils est l\u00e9g\u00e8re et douce et ne surcharge pas les cils naturels de la cliente. Gr\u00e2ce \u00e0 sa r\u00e9silience, il conserve sa courbe lumineuse sur toute sa dur\u00e9e d&rsquo;utilisation.<\/p>\n<p>La palette avec ruban adh\u00e9sif facilite le retrait des cils avec une pince \u00e0 \u00e9piler et la formation de bouquets pour les extensions de volume. La gamme de la marque offre un large choix de courbes, d&rsquo;\u00e9paisseurs et de longueurs pour modeler le look de mani\u00e8re professionnelle.<\/p>\n<p>Options de courbes :<br \/>\nLa courbe C est une courbe naturelle pour cr\u00e9er l&rsquo;effet de cils naturels teint\u00e9s au mascara ;<br \/>\nCurve C+ offre un effet plus spectaculaire que Curve C ;<br \/>\nLa courbe D, une courbe dramatique qui met visuellement en valeur et \u00ab\u00a0ouvre\u00a0\u00bb l&rsquo;\u0153il ;<br \/>\nLa courbe D+ donne un effet d&rsquo;\u0153il ouvert, rendant l&rsquo;\u0153il plus expressif avec une courbe plus audacieuse ;<br \/>\nLa courbe L convient mieux aux filles aux yeux asiatiques et aux yeux profonds ;<br \/>\nLa courbe L+ a une courbe similaire \u00e0 la courbe L, mais la courbe est plus forte ;<br \/>\nLa courbe M est une courbe universelle qui corrige la forme des yeux, donne l&rsquo;impression que les yeux sont ouverts, mais ne convient pas aux yeux profonds.<\/p>\n","protected":false},"excerpt":{"rendered":"<p>Cils noirs classiques pour les extensions Lash&amp;Go en monofilaments r\u00e9silients de qualit\u00e9, avec une couleur riche et uniforme jusqu&rsquo;aux pointes. La fibre de cils est l\u00e9g\u00e8re et douce et ne surcharge pas les cils naturels de la cliente. Gr\u00e2ce \u00e0 sa r\u00e9silience, il conserve sa courbe lumineuse sur toute sa dur\u00e9e d&rsquo;utilisation. La palette avec [&hellip;]<\/p>\n","protected":false},"featured_media":8306,"template":"","meta":{"_acf_changed":false,"inline_featured_image":false},"product_cat":[116,118],"product_tag":[],"class_list":{"0":"post-1072","1":"product","2":"type-product","3":"status-publish","4":"has-post-thumbnail","6":"product_brand-lashgo","7":"product_cat-extension-de-cils","8":"product_cat-cils-noirs","10":"first","11":"instock","12":"shipping-taxable","13":"purchasable","14":"product-type-variable"},"acf":[],"yoast_head":"<!-- This site is optimized with the Yoast SEO plugin v26.6 - https:\/\/yoast.com\/wordpress\/plugins\/seo\/ -->\n<title>Cils noirs Lash&amp;Go (mix) 16 lignes - LASHES&amp;BROWS by Nataliya Reinhard<\/title>\n<meta name=\"description\" content=\"Cils noirs classiques pour Lash&amp;Go, en monofilaments de qualit\u00e9. L\u00e9gers et r\u00e9sistants, ils gardent une courbe impeccable sans surcharger les cils.\" \/>\n<meta name=\"robots\" content=\"index, follow, max-snippet:-1, max-image-preview:large, max-video-preview:-1\" \/>\n<link rel=\"canonical\" href=\"https:\/\/www.art-natur.ch\/fr\/produit\/cils-noirs-lashgo-mix-16-lignes\/\" \/>\n<meta property=\"og:locale\" content=\"fr_FR\" \/>\n<meta property=\"og:type\" content=\"article\" \/>\n<meta property=\"og:title\" content=\"Cils noirs Lash&amp;Go (mix) 16 lignes - LASHES&amp;BROWS by Nataliya Reinhard\" \/>\n<meta property=\"og:description\" content=\"Cils noirs classiques pour Lash&amp;Go, en monofilaments de qualit\u00e9. L\u00e9gers et r\u00e9sistants, ils gardent une courbe impeccable sans surcharger les cils.\" \/>\n<meta property=\"og:url\" content=\"https:\/\/www.art-natur.ch\/fr\/produit\/cils-noirs-lashgo-mix-16-lignes\/\" \/>\n<meta property=\"og:site_name\" content=\"LASHES&amp;BROWS by Nataliya Reinhard\" \/>\n<meta property=\"article:modified_time\" content=\"2024-10-13T22:48:17+00:00\" \/>\n<meta property=\"og:image\" content=\"https:\/\/www.art-natur.ch\/wp-content\/uploads\/2024\/09\/2729544467-Photoroom.png\" \/>\n\t<meta property=\"og:image:width\" content=\"1280\" \/>\n\t<meta property=\"og:image:height\" content=\"1279\" \/>\n\t<meta property=\"og:image:type\" content=\"image\/png\" \/>\n<meta name=\"twitter:card\" content=\"summary_large_image\" \/>\n<meta name=\"twitter:label1\" content=\"Dur\u00e9e de lecture estim\u00e9e\" \/>\n\t<meta name=\"twitter:data1\" content=\"1 minute\" \/>\n<script type=\"application\/ld+json\" class=\"yoast-schema-graph\">{\"@context\":\"https:\/\/schema.org\",\"@graph\":[{\"@type\":\"WebPage\",\"@id\":\"https:\/\/www.art-natur.ch\/fr\/produit\/cils-noirs-lashgo-mix-16-lignes\/\",\"url\":\"https:\/\/www.art-natur.ch\/fr\/produit\/cils-noirs-lashgo-mix-16-lignes\/\",\"name\":\"Cils noirs Lash&Go (mix) 16 lignes - LASHES&amp;BROWS by Nataliya Reinhard\",\"isPartOf\":{\"@id\":\"https:\/\/www.art-natur.ch\/fr\/#website\"},\"primaryImageOfPage\":{\"@id\":\"https:\/\/www.art-natur.ch\/fr\/produit\/cils-noirs-lashgo-mix-16-lignes\/#primaryimage\"},\"image\":{\"@id\":\"https:\/\/www.art-natur.ch\/fr\/produit\/cils-noirs-lashgo-mix-16-lignes\/#primaryimage\"},\"thumbnailUrl\":\"https:\/\/www.art-natur.ch\/wp-content\/uploads\/2024\/09\/2729544467-Photoroom.png\",\"datePublished\":\"2024-09-22T19:27:03+00:00\",\"dateModified\":\"2024-10-13T22:48:17+00:00\",\"description\":\"Cils noirs classiques pour Lash&Go, en monofilaments de qualit\u00e9. L\u00e9gers et r\u00e9sistants, ils gardent une courbe impeccable sans surcharger les cils.\",\"breadcrumb\":{\"@id\":\"https:\/\/www.art-natur.ch\/fr\/produit\/cils-noirs-lashgo-mix-16-lignes\/#breadcrumb\"},\"inLanguage\":\"fr-FR\",\"potentialAction\":[{\"@type\":\"ReadAction\",\"target\":[\"https:\/\/www.art-natur.ch\/fr\/produit\/cils-noirs-lashgo-mix-16-lignes\/\"]}]},{\"@type\":\"ImageObject\",\"inLanguage\":\"fr-FR\",\"@id\":\"https:\/\/www.art-natur.ch\/fr\/produit\/cils-noirs-lashgo-mix-16-lignes\/#primaryimage\",\"url\":\"https:\/\/www.art-natur.ch\/wp-content\/uploads\/2024\/09\/2729544467-Photoroom.png\",\"contentUrl\":\"https:\/\/www.art-natur.ch\/wp-content\/uploads\/2024\/09\/2729544467-Photoroom.png\",\"width\":1280,\"height\":1279},{\"@type\":\"BreadcrumbList\",\"@id\":\"https:\/\/www.art-natur.ch\/fr\/produit\/cils-noirs-lashgo-mix-16-lignes\/#breadcrumb\",\"itemListElement\":[{\"@type\":\"ListItem\",\"position\":1,\"name\":\"Home\",\"item\":\"https:\/\/www.art-natur.ch\/fr\/\"},{\"@type\":\"ListItem\",\"position\":2,\"name\":\"Boutique\",\"item\":\"https:\/\/www.art-natur.ch\/shop\/\"},{\"@type\":\"ListItem\",\"position\":3,\"name\":\"Cils noirs Lash&#038;Go (mix) 16 lignes\"}]},{\"@type\":\"WebSite\",\"@id\":\"https:\/\/www.art-natur.ch\/fr\/#website\",\"url\":\"https:\/\/www.art-natur.ch\/fr\/\",\"name\":\"LASHES&amp;BROWS by Nataliya Reinhard\",\"description\":\"High-quality lash and brow services with attention to every detail\",\"potentialAction\":[{\"@type\":\"SearchAction\",\"target\":{\"@type\":\"EntryPoint\",\"urlTemplate\":\"https:\/\/www.art-natur.ch\/fr\/?s={search_term_string}\"},\"query-input\":{\"@type\":\"PropertyValueSpecification\",\"valueRequired\":true,\"valueName\":\"search_term_string\"}}],\"inLanguage\":\"fr-FR\"}]}<\/script>\n<!-- \/ Yoast SEO plugin. -->","yoast_head_json":{"title":"Cils noirs Lash&Go (mix) 16 lignes - LASHES&amp;BROWS by Nataliya Reinhard","description":"Cils noirs classiques pour Lash&Go, en monofilaments de qualit\u00e9. L\u00e9gers et r\u00e9sistants, ils gardent une courbe impeccable sans surcharger les cils.","robots":{"index":"index","follow":"follow","max-snippet":"max-snippet:-1","max-image-preview":"max-image-preview:large","max-video-preview":"max-video-preview:-1"},"canonical":"https:\/\/www.art-natur.ch\/fr\/produit\/cils-noirs-lashgo-mix-16-lignes\/","og_locale":"fr_FR","og_type":"article","og_title":"Cils noirs Lash&Go (mix) 16 lignes - LASHES&amp;BROWS by Nataliya Reinhard","og_description":"Cils noirs classiques pour Lash&Go, en monofilaments de qualit\u00e9. L\u00e9gers et r\u00e9sistants, ils gardent une courbe impeccable sans surcharger les cils.","og_url":"https:\/\/www.art-natur.ch\/fr\/produit\/cils-noirs-lashgo-mix-16-lignes\/","og_site_name":"LASHES&amp;BROWS by Nataliya Reinhard","article_modified_time":"2024-10-13T22:48:17+00:00","og_image":[{"width":1280,"height":1279,"url":"https:\/\/www.art-natur.ch\/wp-content\/uploads\/2024\/09\/2729544467-Photoroom.png","type":"image\/png"}],"twitter_card":"summary_large_image","twitter_misc":{"Dur\u00e9e de lecture estim\u00e9e":"1 minute"},"schema":{"@context":"https:\/\/schema.org","@graph":[{"@type":"WebPage","@id":"https:\/\/www.art-natur.ch\/fr\/produit\/cils-noirs-lashgo-mix-16-lignes\/","url":"https:\/\/www.art-natur.ch\/fr\/produit\/cils-noirs-lashgo-mix-16-lignes\/","name":"Cils noirs Lash&Go (mix) 16 lignes - LASHES&amp;BROWS by Nataliya Reinhard","isPartOf":{"@id":"https:\/\/www.art-natur.ch\/fr\/#website"},"primaryImageOfPage":{"@id":"https:\/\/www.art-natur.ch\/fr\/produit\/cils-noirs-lashgo-mix-16-lignes\/#primaryimage"},"image":{"@id":"https:\/\/www.art-natur.ch\/fr\/produit\/cils-noirs-lashgo-mix-16-lignes\/#primaryimage"},"thumbnailUrl":"https:\/\/www.art-natur.ch\/wp-content\/uploads\/2024\/09\/2729544467-Photoroom.png","datePublished":"2024-09-22T19:27:03+00:00","dateModified":"2024-10-13T22:48:17+00:00","description":"Cils noirs classiques pour Lash&Go, en monofilaments de qualit\u00e9. L\u00e9gers et r\u00e9sistants, ils gardent une courbe impeccable sans surcharger les cils.","breadcrumb":{"@id":"https:\/\/www.art-natur.ch\/fr\/produit\/cils-noirs-lashgo-mix-16-lignes\/#breadcrumb"},"inLanguage":"fr-FR","potentialAction":[{"@type":"ReadAction","target":["https:\/\/www.art-natur.ch\/fr\/produit\/cils-noirs-lashgo-mix-16-lignes\/"]}]},{"@type":"ImageObject","inLanguage":"fr-FR","@id":"https:\/\/www.art-natur.ch\/fr\/produit\/cils-noirs-lashgo-mix-16-lignes\/#primaryimage","url":"https:\/\/www.art-natur.ch\/wp-content\/uploads\/2024\/09\/2729544467-Photoroom.png","contentUrl":"https:\/\/www.art-natur.ch\/wp-content\/uploads\/2024\/09\/2729544467-Photoroom.png","width":1280,"height":1279},{"@type":"BreadcrumbList","@id":"https:\/\/www.art-natur.ch\/fr\/produit\/cils-noirs-lashgo-mix-16-lignes\/#breadcrumb","itemListElement":[{"@type":"ListItem","position":1,"name":"Home","item":"https:\/\/www.art-natur.ch\/fr\/"},{"@type":"ListItem","position":2,"name":"Boutique","item":"https:\/\/www.art-natur.ch\/shop\/"},{"@type":"ListItem","position":3,"name":"Cils noirs Lash&#038;Go (mix) 16 lignes"}]},{"@type":"WebSite","@id":"https:\/\/www.art-natur.ch\/fr\/#website","url":"https:\/\/www.art-natur.ch\/fr\/","name":"LASHES&amp;BROWS by Nataliya Reinhard","description":"High-quality lash and brow services with attention to every detail","potentialAction":[{"@type":"SearchAction","target":{"@type":"EntryPoint","urlTemplate":"https:\/\/www.art-natur.ch\/fr\/?s={search_term_string}"},"query-input":{"@type":"PropertyValueSpecification","valueRequired":true,"valueName":"search_term_string"}}],"inLanguage":"fr-FR"}]}},"_links":{"self":[{"href":"https:\/\/www.art-natur.ch\/fr\/wp-json\/wp\/v2\/product\/1072","targetHints":{"allow":["GET"]}}],"collection":[{"href":"https:\/\/www.art-natur.ch\/fr\/wp-json\/wp\/v2\/product"}],"about":[{"href":"https:\/\/www.art-natur.ch\/fr\/wp-json\/wp\/v2\/types\/product"}],"wp:featuredmedia":[{"embeddable":true,"href":"https:\/\/www.art-natur.ch\/fr\/wp-json\/wp\/v2\/media\/8306"}],"wp:attachment":[{"href":"https:\/\/www.art-natur.ch\/fr\/wp-json\/wp\/v2\/media?parent=1072"}],"wp:term":[{"taxonomy":"product_cat","embeddable":true,"href":"https:\/\/www.art-natur.ch\/fr\/wp-json\/wp\/v2\/product_cat?post=1072"},{"taxonomy":"product_tag","embeddable":true,"href":"https:\/\/www.art-natur.ch\/fr\/wp-json\/wp\/v2\/product_tag?post=1072"}],"curies":[{"name":"wp","href":"https:\/\/api.w.org\/{rel}","templated":true}]}}