{"id":10767,"date":"2025-05-19T19:36:47","date_gmt":"2025-05-19T18:36:47","guid":{"rendered":"https:\/\/www.art-natur.ch\/product\/creme-dissolvante-lovely-au-parfum-de-mure-15-g\/"},"modified":"2026-02-14T14:23:20","modified_gmt":"2026-02-14T13:23:20","slug":"creme-dissolvante-lovely-au-parfum-de-mure-15-g","status":"publish","type":"product","link":"https:\/\/www.art-natur.ch\/fr\/produit\/creme-dissolvante-lovely-au-parfum-de-mure-15-g\/","title":{"rendered":"Cr\u00e8me dissolvante Lovely au parfum de m\u00fbre, 15 g"},"content":{"rendered":"<p data-start=\"790\" data-end=\"1297\"><strong data-start=\"790\" data-end=\"836\">Cr\u00e8me pour enlever les extensions de cils.<\/strong><br data-start=\"836\" data-end=\"839\" \/>Gr\u00e2ce \u00e0 ses ingr\u00e9dients, le dissolvant dissout parfaitement la colle et permet un retrait rapide et efficace des cils.<br data-start=\"957\" data-end=\"960\" \/>Pendant l\u2019application, il ne coule pas.<br data-start=\"999\" data-end=\"1002\" \/>Il ne provoque pas d\u2019allergies.<br data-start=\"1033\" data-end=\"1036\" \/>Pour l\u2019utilisation, appliquez une petite quantit\u00e9 de cr\u00e8me sur une micro-brosse, puis sur les cils.<br data-start=\"1135\" data-end=\"1138\" \/>Apr\u00e8s 3 \u00e0 6 minutes, retirez les cils \u00e0 l\u2019aide d\u2019une pince.<br data-start=\"1197\" data-end=\"1200\" \/>Ensuite, nettoyez les r\u00e9sidus de cr\u00e8me et de colle avec un coton.<br data-start=\"1265\" data-end=\"1268\" \/>Rincez abondamment \u00e0 l\u2019eau.<\/p>\n<p data-start=\"1299\" data-end=\"1422\"><strong data-start=\"1299\" data-end=\"1326\">Dur\u00e9e de conservation :<\/strong> 2 ans \u00e0 partir de la date de fabrication.<br data-start=\"1368\" data-end=\"1371\" \/><strong data-start=\"1371\" data-end=\"1392\">Apr\u00e8s ouverture :<\/strong> \u00e0 utiliser dans les 6 mois.<\/p>\n<p data-start=\"1424\" data-end=\"1447\"><strong data-start=\"1424\" data-end=\"1447\">Avec parfum de m\u00fbre<\/strong><\/p>\n","protected":false},"excerpt":{"rendered":"<p>Cr\u00e8me pour enlever les extensions de cils.Gr\u00e2ce \u00e0 ses ingr\u00e9dients, le dissolvant dissout parfaitement la colle et permet un retrait rapide et efficace des cils.Pendant l\u2019application, il ne coule pas.Il ne provoque pas d\u2019allergies.Pour l\u2019utilisation, appliquez une petite quantit\u00e9 de cr\u00e8me sur une micro-brosse, puis sur les cils.Apr\u00e8s 3 \u00e0 6 minutes, retirez les cils [&hellip;]<\/p>\n","protected":false},"featured_media":10757,"template":"","meta":{"_acf_changed":false,"inline_featured_image":false},"product_cat":[116,616],"product_tag":[],"class_list":{"0":"post-10767","1":"product","2":"type-product","3":"status-publish","4":"has-post-thumbnail","6":"product_brand-lovely","7":"product_cat-extension-de-cils","8":"product_cat-removers-fr","10":"first","11":"instock","12":"shipping-taxable","13":"purchasable","14":"product-type-simple"},"acf":[],"yoast_head":"<!-- This site is optimized with the Yoast SEO plugin v26.6 - https:\/\/yoast.com\/wordpress\/plugins\/seo\/ -->\n<title>Cr\u00e8me dissolvante Lovely au parfum de m\u00fbre, 15 g - LASHES&amp;BROWS by Nataliya Reinhard<\/title>\n<meta name=\"robots\" content=\"index, follow, max-snippet:-1, max-image-preview:large, max-video-preview:-1\" \/>\n<link rel=\"canonical\" href=\"https:\/\/www.art-natur.ch\/fr\/produit\/creme-dissolvante-lovely-au-parfum-de-mure-15-g\/\" \/>\n<meta property=\"og:locale\" content=\"fr_FR\" \/>\n<meta property=\"og:type\" content=\"article\" \/>\n<meta property=\"og:title\" content=\"Cr\u00e8me dissolvante Lovely au parfum de m\u00fbre, 15 g - LASHES&amp;BROWS by Nataliya Reinhard\" \/>\n<meta property=\"og:description\" content=\"Cr\u00e8me pour enlever les extensions de cils.Gr\u00e2ce \u00e0 ses ingr\u00e9dients, le dissolvant dissout parfaitement la colle et permet un retrait rapide et efficace des cils.Pendant l\u2019application, il ne coule pas.Il ne provoque pas d\u2019allergies.Pour l\u2019utilisation, appliquez une petite quantit\u00e9 de cr\u00e8me sur une micro-brosse, puis sur les cils.Apr\u00e8s 3 \u00e0 6 minutes, retirez les cils [&hellip;]\" \/>\n<meta property=\"og:url\" content=\"https:\/\/www.art-natur.ch\/fr\/produit\/creme-dissolvante-lovely-au-parfum-de-mure-15-g\/\" \/>\n<meta property=\"og:site_name\" content=\"LASHES&amp;BROWS by Nataliya Reinhard\" \/>\n<meta property=\"article:modified_time\" content=\"2026-02-14T13:23:20+00:00\" \/>\n<meta property=\"og:image\" content=\"https:\/\/www.art-natur.ch\/wp-content\/uploads\/2025\/05\/d1fbd2cd25c69cd50a69ba5a6a446f101.png\" \/>\n\t<meta property=\"og:image:width\" content=\"1024\" \/>\n\t<meta property=\"og:image:height\" content=\"721\" \/>\n\t<meta property=\"og:image:type\" content=\"image\/png\" \/>\n<meta name=\"twitter:card\" content=\"summary_large_image\" \/>\n<meta name=\"twitter:label1\" content=\"Dur\u00e9e de lecture estim\u00e9e\" \/>\n\t<meta name=\"twitter:data1\" content=\"1 minute\" \/>\n<script type=\"application\/ld+json\" class=\"yoast-schema-graph\">{\"@context\":\"https:\/\/schema.org\",\"@graph\":[{\"@type\":\"WebPage\",\"@id\":\"https:\/\/www.art-natur.ch\/fr\/produit\/creme-dissolvante-lovely-au-parfum-de-mure-15-g\/\",\"url\":\"https:\/\/www.art-natur.ch\/fr\/produit\/creme-dissolvante-lovely-au-parfum-de-mure-15-g\/\",\"name\":\"Cr\u00e8me dissolvante Lovely au parfum de m\u00fbre, 15 g - LASHES&amp;BROWS by Nataliya Reinhard\",\"isPartOf\":{\"@id\":\"https:\/\/www.art-natur.ch\/fr\/#website\"},\"primaryImageOfPage\":{\"@id\":\"https:\/\/www.art-natur.ch\/fr\/produit\/creme-dissolvante-lovely-au-parfum-de-mure-15-g\/#primaryimage\"},\"image\":{\"@id\":\"https:\/\/www.art-natur.ch\/fr\/produit\/creme-dissolvante-lovely-au-parfum-de-mure-15-g\/#primaryimage\"},\"thumbnailUrl\":\"https:\/\/www.art-natur.ch\/wp-content\/uploads\/2025\/05\/d1fbd2cd25c69cd50a69ba5a6a446f101.png\",\"datePublished\":\"2025-05-19T18:36:47+00:00\",\"dateModified\":\"2026-02-14T13:23:20+00:00\",\"breadcrumb\":{\"@id\":\"https:\/\/www.art-natur.ch\/fr\/produit\/creme-dissolvante-lovely-au-parfum-de-mure-15-g\/#breadcrumb\"},\"inLanguage\":\"fr-FR\",\"potentialAction\":[{\"@type\":\"ReadAction\",\"target\":[\"https:\/\/www.art-natur.ch\/fr\/produit\/creme-dissolvante-lovely-au-parfum-de-mure-15-g\/\"]}]},{\"@type\":\"ImageObject\",\"inLanguage\":\"fr-FR\",\"@id\":\"https:\/\/www.art-natur.ch\/fr\/produit\/creme-dissolvante-lovely-au-parfum-de-mure-15-g\/#primaryimage\",\"url\":\"https:\/\/www.art-natur.ch\/wp-content\/uploads\/2025\/05\/d1fbd2cd25c69cd50a69ba5a6a446f101.png\",\"contentUrl\":\"https:\/\/www.art-natur.ch\/wp-content\/uploads\/2025\/05\/d1fbd2cd25c69cd50a69ba5a6a446f101.png\",\"width\":1024,\"height\":721},{\"@type\":\"BreadcrumbList\",\"@id\":\"https:\/\/www.art-natur.ch\/fr\/produit\/creme-dissolvante-lovely-au-parfum-de-mure-15-g\/#breadcrumb\",\"itemListElement\":[{\"@type\":\"ListItem\",\"position\":1,\"name\":\"Home\",\"item\":\"https:\/\/www.art-natur.ch\/fr\/\"},{\"@type\":\"ListItem\",\"position\":2,\"name\":\"Boutique\",\"item\":\"https:\/\/www.art-natur.ch\/shop\/\"},{\"@type\":\"ListItem\",\"position\":3,\"name\":\"Cr\u00e8me dissolvante Lovely au parfum de m\u00fbre, 15 g\"}]},{\"@type\":\"WebSite\",\"@id\":\"https:\/\/www.art-natur.ch\/fr\/#website\",\"url\":\"https:\/\/www.art-natur.ch\/fr\/\",\"name\":\"LASHES&amp;BROWS by Nataliya Reinhard\",\"description\":\"High-quality lash and brow services with attention to every detail\",\"potentialAction\":[{\"@type\":\"SearchAction\",\"target\":{\"@type\":\"EntryPoint\",\"urlTemplate\":\"https:\/\/www.art-natur.ch\/fr\/?s={search_term_string}\"},\"query-input\":{\"@type\":\"PropertyValueSpecification\",\"valueRequired\":true,\"valueName\":\"search_term_string\"}}],\"inLanguage\":\"fr-FR\"}]}<\/script>\n<!-- \/ Yoast SEO plugin. -->","yoast_head_json":{"title":"Cr\u00e8me dissolvante Lovely au parfum de m\u00fbre, 15 g - LASHES&amp;BROWS by Nataliya Reinhard","robots":{"index":"index","follow":"follow","max-snippet":"max-snippet:-1","max-image-preview":"max-image-preview:large","max-video-preview":"max-video-preview:-1"},"canonical":"https:\/\/www.art-natur.ch\/fr\/produit\/creme-dissolvante-lovely-au-parfum-de-mure-15-g\/","og_locale":"fr_FR","og_type":"article","og_title":"Cr\u00e8me dissolvante Lovely au parfum de m\u00fbre, 15 g - LASHES&amp;BROWS by Nataliya Reinhard","og_description":"Cr\u00e8me pour enlever les extensions de cils.Gr\u00e2ce \u00e0 ses ingr\u00e9dients, le dissolvant dissout parfaitement la colle et permet un retrait rapide et efficace des cils.Pendant l\u2019application, il ne coule pas.Il ne provoque pas d\u2019allergies.Pour l\u2019utilisation, appliquez une petite quantit\u00e9 de cr\u00e8me sur une micro-brosse, puis sur les cils.Apr\u00e8s 3 \u00e0 6 minutes, retirez les cils [&hellip;]","og_url":"https:\/\/www.art-natur.ch\/fr\/produit\/creme-dissolvante-lovely-au-parfum-de-mure-15-g\/","og_site_name":"LASHES&amp;BROWS by Nataliya Reinhard","article_modified_time":"2026-02-14T13:23:20+00:00","og_image":[{"width":1024,"height":721,"url":"https:\/\/www.art-natur.ch\/wp-content\/uploads\/2025\/05\/d1fbd2cd25c69cd50a69ba5a6a446f101.png","type":"image\/png"}],"twitter_card":"summary_large_image","twitter_misc":{"Dur\u00e9e de lecture estim\u00e9e":"1 minute"},"schema":{"@context":"https:\/\/schema.org","@graph":[{"@type":"WebPage","@id":"https:\/\/www.art-natur.ch\/fr\/produit\/creme-dissolvante-lovely-au-parfum-de-mure-15-g\/","url":"https:\/\/www.art-natur.ch\/fr\/produit\/creme-dissolvante-lovely-au-parfum-de-mure-15-g\/","name":"Cr\u00e8me dissolvante Lovely au parfum de m\u00fbre, 15 g - LASHES&amp;BROWS by Nataliya Reinhard","isPartOf":{"@id":"https:\/\/www.art-natur.ch\/fr\/#website"},"primaryImageOfPage":{"@id":"https:\/\/www.art-natur.ch\/fr\/produit\/creme-dissolvante-lovely-au-parfum-de-mure-15-g\/#primaryimage"},"image":{"@id":"https:\/\/www.art-natur.ch\/fr\/produit\/creme-dissolvante-lovely-au-parfum-de-mure-15-g\/#primaryimage"},"thumbnailUrl":"https:\/\/www.art-natur.ch\/wp-content\/uploads\/2025\/05\/d1fbd2cd25c69cd50a69ba5a6a446f101.png","datePublished":"2025-05-19T18:36:47+00:00","dateModified":"2026-02-14T13:23:20+00:00","breadcrumb":{"@id":"https:\/\/www.art-natur.ch\/fr\/produit\/creme-dissolvante-lovely-au-parfum-de-mure-15-g\/#breadcrumb"},"inLanguage":"fr-FR","potentialAction":[{"@type":"ReadAction","target":["https:\/\/www.art-natur.ch\/fr\/produit\/creme-dissolvante-lovely-au-parfum-de-mure-15-g\/"]}]},{"@type":"ImageObject","inLanguage":"fr-FR","@id":"https:\/\/www.art-natur.ch\/fr\/produit\/creme-dissolvante-lovely-au-parfum-de-mure-15-g\/#primaryimage","url":"https:\/\/www.art-natur.ch\/wp-content\/uploads\/2025\/05\/d1fbd2cd25c69cd50a69ba5a6a446f101.png","contentUrl":"https:\/\/www.art-natur.ch\/wp-content\/uploads\/2025\/05\/d1fbd2cd25c69cd50a69ba5a6a446f101.png","width":1024,"height":721},{"@type":"BreadcrumbList","@id":"https:\/\/www.art-natur.ch\/fr\/produit\/creme-dissolvante-lovely-au-parfum-de-mure-15-g\/#breadcrumb","itemListElement":[{"@type":"ListItem","position":1,"name":"Home","item":"https:\/\/www.art-natur.ch\/fr\/"},{"@type":"ListItem","position":2,"name":"Boutique","item":"https:\/\/www.art-natur.ch\/shop\/"},{"@type":"ListItem","position":3,"name":"Cr\u00e8me dissolvante Lovely au parfum de m\u00fbre, 15 g"}]},{"@type":"WebSite","@id":"https:\/\/www.art-natur.ch\/fr\/#website","url":"https:\/\/www.art-natur.ch\/fr\/","name":"LASHES&amp;BROWS by Nataliya Reinhard","description":"High-quality lash and brow services with attention to every detail","potentialAction":[{"@type":"SearchAction","target":{"@type":"EntryPoint","urlTemplate":"https:\/\/www.art-natur.ch\/fr\/?s={search_term_string}"},"query-input":{"@type":"PropertyValueSpecification","valueRequired":true,"valueName":"search_term_string"}}],"inLanguage":"fr-FR"}]}},"_links":{"self":[{"href":"https:\/\/www.art-natur.ch\/fr\/wp-json\/wp\/v2\/product\/10767","targetHints":{"allow":["GET"]}}],"collection":[{"href":"https:\/\/www.art-natur.ch\/fr\/wp-json\/wp\/v2\/product"}],"about":[{"href":"https:\/\/www.art-natur.ch\/fr\/wp-json\/wp\/v2\/types\/product"}],"wp:featuredmedia":[{"embeddable":true,"href":"https:\/\/www.art-natur.ch\/fr\/wp-json\/wp\/v2\/media\/10757"}],"wp:attachment":[{"href":"https:\/\/www.art-natur.ch\/fr\/wp-json\/wp\/v2\/media?parent=10767"}],"wp:term":[{"taxonomy":"product_cat","embeddable":true,"href":"https:\/\/www.art-natur.ch\/fr\/wp-json\/wp\/v2\/product_cat?post=10767"},{"taxonomy":"product_tag","embeddable":true,"href":"https:\/\/www.art-natur.ch\/fr\/wp-json\/wp\/v2\/product_tag?post=10767"}],"curies":[{"name":"wp","href":"https:\/\/api.w.org\/{rel}","templated":true}]}}