{"id":10779,"date":"2025-05-19T20:09:24","date_gmt":"2025-05-19T19:09:24","guid":{"rendered":"https:\/\/www.art-natur.ch\/product\/creme-dissolvante-lovely-au-parfum-daloe-vera-15-g\/"},"modified":"2025-05-19T20:13:45","modified_gmt":"2025-05-19T19:13:45","slug":"creme-dissolvante-lovely-au-parfum-daloe-vera-15-g","status":"publish","type":"product","link":"https:\/\/www.art-natur.ch\/fr\/produit\/creme-dissolvante-lovely-au-parfum-daloe-vera-15-g\/","title":{"rendered":"Cr\u00e8me dissolvante Lovely au parfum d\u2019aloe vera, 15 g"},"content":{"rendered":"<p data-start=\"792\" data-end=\"1260\"><strong data-start=\"792\" data-end=\"928\">Gr\u00e2ce \u00e0 ses ingr\u00e9dients, le dissolvant dissout parfaitement la colle et permet un retrait rapide et efficace des extensions de cils.<\/strong><br data-start=\"928\" data-end=\"931\" \/>Pendant l\u2019utilisation, il ne coule pas.<br data-start=\"970\" data-end=\"973\" \/>Il ne provoque pas d\u2019allergies.<br data-start=\"1004\" data-end=\"1007\" \/>Pour l\u2019application, appliquez une petite quantit\u00e9 de gel avec une micro-brosse sur les cils.<br data-start=\"1099\" data-end=\"1102\" \/>Apr\u00e8s 3 \u00e0 6 minutes, retirez les cils avec une pince.<br data-start=\"1155\" data-end=\"1158\" \/>Ensuite, nettoyez les r\u00e9sidus de dissolvant et de colle avec un coton.<br data-start=\"1228\" data-end=\"1231\" \/>Rincez abondamment \u00e0 l\u2019eau.<\/p>\n<p data-start=\"1262\" data-end=\"1385\"><strong data-start=\"1262\" data-end=\"1289\">Dur\u00e9e de conservation :<\/strong> 2 ans \u00e0 partir de la date de fabrication.<br data-start=\"1331\" data-end=\"1334\" \/><strong data-start=\"1334\" data-end=\"1355\">Apr\u00e8s ouverture :<\/strong> \u00e0 utiliser dans les 6 mois.<\/p>\n<p data-start=\"1387\" data-end=\"1414\"><strong data-start=\"1387\" data-end=\"1414\">Avec parfum d\u2019aloe vera<\/strong><\/p>\n","protected":false},"excerpt":{"rendered":"<p>Gr\u00e2ce \u00e0 ses ingr\u00e9dients, le dissolvant dissout parfaitement la colle et permet un retrait rapide et efficace des extensions de cils.Pendant l\u2019utilisation, il ne coule pas.Il ne provoque pas d\u2019allergies.Pour l\u2019application, appliquez une petite quantit\u00e9 de gel avec une micro-brosse sur les cils.Apr\u00e8s 3 \u00e0 6 minutes, retirez les cils avec une pince.Ensuite, nettoyez les [&hellip;]<\/p>\n","protected":false},"featured_media":12158,"template":"","meta":{"_acf_changed":false,"inline_featured_image":false},"product_cat":[116,616],"product_tag":[],"class_list":{"0":"post-10779","1":"product","2":"type-product","3":"status-publish","4":"has-post-thumbnail","6":"product_brand-lovely","7":"product_cat-extension-de-cils","8":"product_cat-removers-fr","10":"first","11":"instock","12":"shipping-taxable","13":"purchasable","14":"product-type-simple"},"acf":[],"yoast_head":"<!-- This site is optimized with the Yoast SEO plugin v26.6 - https:\/\/yoast.com\/wordpress\/plugins\/seo\/ -->\n<title>Cr\u00e8me dissolvante Lovely au parfum d\u2019aloe vera, 15 g - LASHES&amp;BROWS by Nataliya Reinhard<\/title>\n<meta name=\"robots\" content=\"index, follow, max-snippet:-1, max-image-preview:large, max-video-preview:-1\" \/>\n<link rel=\"canonical\" href=\"https:\/\/www.art-natur.ch\/fr\/produit\/creme-dissolvante-lovely-au-parfum-daloe-vera-15-g\/\" \/>\n<meta property=\"og:locale\" content=\"fr_FR\" \/>\n<meta property=\"og:type\" content=\"article\" \/>\n<meta property=\"og:title\" content=\"Cr\u00e8me dissolvante Lovely au parfum d\u2019aloe vera, 15 g - LASHES&amp;BROWS by Nataliya Reinhard\" \/>\n<meta property=\"og:description\" content=\"Gr\u00e2ce \u00e0 ses ingr\u00e9dients, le dissolvant dissout parfaitement la colle et permet un retrait rapide et efficace des extensions de cils.Pendant l\u2019utilisation, il ne coule pas.Il ne provoque pas d\u2019allergies.Pour l\u2019application, appliquez une petite quantit\u00e9 de gel avec une micro-brosse sur les cils.Apr\u00e8s 3 \u00e0 6 minutes, retirez les cils avec une pince.Ensuite, nettoyez les [&hellip;]\" \/>\n<meta property=\"og:url\" content=\"https:\/\/www.art-natur.ch\/fr\/produit\/creme-dissolvante-lovely-au-parfum-daloe-vera-15-g\/\" \/>\n<meta property=\"og:site_name\" content=\"LASHES&amp;BROWS by Nataliya Reinhard\" \/>\n<meta property=\"article:modified_time\" content=\"2025-05-19T19:13:45+00:00\" \/>\n<meta property=\"og:image\" content=\"https:\/\/www.art-natur.ch\/wp-content\/uploads\/2025\/05\/591de59c30600df97d22bc001c49687f1.png\" \/>\n\t<meta property=\"og:image:width\" content=\"1024\" \/>\n\t<meta property=\"og:image:height\" content=\"721\" \/>\n\t<meta property=\"og:image:type\" content=\"image\/png\" \/>\n<meta name=\"twitter:card\" content=\"summary_large_image\" \/>\n<script type=\"application\/ld+json\" class=\"yoast-schema-graph\">{\"@context\":\"https:\/\/schema.org\",\"@graph\":[{\"@type\":\"WebPage\",\"@id\":\"https:\/\/www.art-natur.ch\/fr\/produit\/creme-dissolvante-lovely-au-parfum-daloe-vera-15-g\/\",\"url\":\"https:\/\/www.art-natur.ch\/fr\/produit\/creme-dissolvante-lovely-au-parfum-daloe-vera-15-g\/\",\"name\":\"Cr\u00e8me dissolvante Lovely au parfum d\u2019aloe vera, 15 g - LASHES&amp;BROWS by Nataliya Reinhard\",\"isPartOf\":{\"@id\":\"https:\/\/www.art-natur.ch\/fr\/#website\"},\"primaryImageOfPage\":{\"@id\":\"https:\/\/www.art-natur.ch\/fr\/produit\/creme-dissolvante-lovely-au-parfum-daloe-vera-15-g\/#primaryimage\"},\"image\":{\"@id\":\"https:\/\/www.art-natur.ch\/fr\/produit\/creme-dissolvante-lovely-au-parfum-daloe-vera-15-g\/#primaryimage\"},\"thumbnailUrl\":\"https:\/\/www.art-natur.ch\/wp-content\/uploads\/2025\/09\/591de59c30600df97d22bc001c49687f1.png\",\"datePublished\":\"2025-05-19T19:09:24+00:00\",\"dateModified\":\"2025-05-19T19:13:45+00:00\",\"breadcrumb\":{\"@id\":\"https:\/\/www.art-natur.ch\/fr\/produit\/creme-dissolvante-lovely-au-parfum-daloe-vera-15-g\/#breadcrumb\"},\"inLanguage\":\"fr-FR\",\"potentialAction\":[{\"@type\":\"ReadAction\",\"target\":[\"https:\/\/www.art-natur.ch\/fr\/produit\/creme-dissolvante-lovely-au-parfum-daloe-vera-15-g\/\"]}]},{\"@type\":\"ImageObject\",\"inLanguage\":\"fr-FR\",\"@id\":\"https:\/\/www.art-natur.ch\/fr\/produit\/creme-dissolvante-lovely-au-parfum-daloe-vera-15-g\/#primaryimage\",\"url\":\"https:\/\/www.art-natur.ch\/wp-content\/uploads\/2025\/09\/591de59c30600df97d22bc001c49687f1.png\",\"contentUrl\":\"https:\/\/www.art-natur.ch\/wp-content\/uploads\/2025\/09\/591de59c30600df97d22bc001c49687f1.png\",\"width\":1024,\"height\":721},{\"@type\":\"BreadcrumbList\",\"@id\":\"https:\/\/www.art-natur.ch\/fr\/produit\/creme-dissolvante-lovely-au-parfum-daloe-vera-15-g\/#breadcrumb\",\"itemListElement\":[{\"@type\":\"ListItem\",\"position\":1,\"name\":\"Home\",\"item\":\"https:\/\/www.art-natur.ch\/fr\/\"},{\"@type\":\"ListItem\",\"position\":2,\"name\":\"Boutique\",\"item\":\"https:\/\/www.art-natur.ch\/shop\/\"},{\"@type\":\"ListItem\",\"position\":3,\"name\":\"Cr\u00e8me dissolvante Lovely au parfum d\u2019aloe vera, 15 g\"}]},{\"@type\":\"WebSite\",\"@id\":\"https:\/\/www.art-natur.ch\/fr\/#website\",\"url\":\"https:\/\/www.art-natur.ch\/fr\/\",\"name\":\"LASHES&amp;BROWS by Nataliya Reinhard\",\"description\":\"High-quality lash and brow services with attention to every detail\",\"potentialAction\":[{\"@type\":\"SearchAction\",\"target\":{\"@type\":\"EntryPoint\",\"urlTemplate\":\"https:\/\/www.art-natur.ch\/fr\/?s={search_term_string}\"},\"query-input\":{\"@type\":\"PropertyValueSpecification\",\"valueRequired\":true,\"valueName\":\"search_term_string\"}}],\"inLanguage\":\"fr-FR\"}]}<\/script>\n<!-- \/ Yoast SEO plugin. -->","yoast_head_json":{"title":"Cr\u00e8me dissolvante Lovely au parfum d\u2019aloe vera, 15 g - LASHES&amp;BROWS by Nataliya Reinhard","robots":{"index":"index","follow":"follow","max-snippet":"max-snippet:-1","max-image-preview":"max-image-preview:large","max-video-preview":"max-video-preview:-1"},"canonical":"https:\/\/www.art-natur.ch\/fr\/produit\/creme-dissolvante-lovely-au-parfum-daloe-vera-15-g\/","og_locale":"fr_FR","og_type":"article","og_title":"Cr\u00e8me dissolvante Lovely au parfum d\u2019aloe vera, 15 g - LASHES&amp;BROWS by Nataliya Reinhard","og_description":"Gr\u00e2ce \u00e0 ses ingr\u00e9dients, le dissolvant dissout parfaitement la colle et permet un retrait rapide et efficace des extensions de cils.Pendant l\u2019utilisation, il ne coule pas.Il ne provoque pas d\u2019allergies.Pour l\u2019application, appliquez une petite quantit\u00e9 de gel avec une micro-brosse sur les cils.Apr\u00e8s 3 \u00e0 6 minutes, retirez les cils avec une pince.Ensuite, nettoyez les [&hellip;]","og_url":"https:\/\/www.art-natur.ch\/fr\/produit\/creme-dissolvante-lovely-au-parfum-daloe-vera-15-g\/","og_site_name":"LASHES&amp;BROWS by Nataliya Reinhard","article_modified_time":"2025-05-19T19:13:45+00:00","og_image":[{"width":1024,"height":721,"url":"https:\/\/www.art-natur.ch\/wp-content\/uploads\/2025\/05\/591de59c30600df97d22bc001c49687f1.png","type":"image\/png"}],"twitter_card":"summary_large_image","schema":{"@context":"https:\/\/schema.org","@graph":[{"@type":"WebPage","@id":"https:\/\/www.art-natur.ch\/fr\/produit\/creme-dissolvante-lovely-au-parfum-daloe-vera-15-g\/","url":"https:\/\/www.art-natur.ch\/fr\/produit\/creme-dissolvante-lovely-au-parfum-daloe-vera-15-g\/","name":"Cr\u00e8me dissolvante Lovely au parfum d\u2019aloe vera, 15 g - LASHES&amp;BROWS by Nataliya Reinhard","isPartOf":{"@id":"https:\/\/www.art-natur.ch\/fr\/#website"},"primaryImageOfPage":{"@id":"https:\/\/www.art-natur.ch\/fr\/produit\/creme-dissolvante-lovely-au-parfum-daloe-vera-15-g\/#primaryimage"},"image":{"@id":"https:\/\/www.art-natur.ch\/fr\/produit\/creme-dissolvante-lovely-au-parfum-daloe-vera-15-g\/#primaryimage"},"thumbnailUrl":"https:\/\/www.art-natur.ch\/wp-content\/uploads\/2025\/09\/591de59c30600df97d22bc001c49687f1.png","datePublished":"2025-05-19T19:09:24+00:00","dateModified":"2025-05-19T19:13:45+00:00","breadcrumb":{"@id":"https:\/\/www.art-natur.ch\/fr\/produit\/creme-dissolvante-lovely-au-parfum-daloe-vera-15-g\/#breadcrumb"},"inLanguage":"fr-FR","potentialAction":[{"@type":"ReadAction","target":["https:\/\/www.art-natur.ch\/fr\/produit\/creme-dissolvante-lovely-au-parfum-daloe-vera-15-g\/"]}]},{"@type":"ImageObject","inLanguage":"fr-FR","@id":"https:\/\/www.art-natur.ch\/fr\/produit\/creme-dissolvante-lovely-au-parfum-daloe-vera-15-g\/#primaryimage","url":"https:\/\/www.art-natur.ch\/wp-content\/uploads\/2025\/09\/591de59c30600df97d22bc001c49687f1.png","contentUrl":"https:\/\/www.art-natur.ch\/wp-content\/uploads\/2025\/09\/591de59c30600df97d22bc001c49687f1.png","width":1024,"height":721},{"@type":"BreadcrumbList","@id":"https:\/\/www.art-natur.ch\/fr\/produit\/creme-dissolvante-lovely-au-parfum-daloe-vera-15-g\/#breadcrumb","itemListElement":[{"@type":"ListItem","position":1,"name":"Home","item":"https:\/\/www.art-natur.ch\/fr\/"},{"@type":"ListItem","position":2,"name":"Boutique","item":"https:\/\/www.art-natur.ch\/shop\/"},{"@type":"ListItem","position":3,"name":"Cr\u00e8me dissolvante Lovely au parfum d\u2019aloe vera, 15 g"}]},{"@type":"WebSite","@id":"https:\/\/www.art-natur.ch\/fr\/#website","url":"https:\/\/www.art-natur.ch\/fr\/","name":"LASHES&amp;BROWS by Nataliya Reinhard","description":"High-quality lash and brow services with attention to every detail","potentialAction":[{"@type":"SearchAction","target":{"@type":"EntryPoint","urlTemplate":"https:\/\/www.art-natur.ch\/fr\/?s={search_term_string}"},"query-input":{"@type":"PropertyValueSpecification","valueRequired":true,"valueName":"search_term_string"}}],"inLanguage":"fr-FR"}]}},"_links":{"self":[{"href":"https:\/\/www.art-natur.ch\/fr\/wp-json\/wp\/v2\/product\/10779","targetHints":{"allow":["GET"]}}],"collection":[{"href":"https:\/\/www.art-natur.ch\/fr\/wp-json\/wp\/v2\/product"}],"about":[{"href":"https:\/\/www.art-natur.ch\/fr\/wp-json\/wp\/v2\/types\/product"}],"wp:featuredmedia":[{"embeddable":true,"href":"https:\/\/www.art-natur.ch\/fr\/wp-json\/wp\/v2\/media\/12158"}],"wp:attachment":[{"href":"https:\/\/www.art-natur.ch\/fr\/wp-json\/wp\/v2\/media?parent=10779"}],"wp:term":[{"taxonomy":"product_cat","embeddable":true,"href":"https:\/\/www.art-natur.ch\/fr\/wp-json\/wp\/v2\/product_cat?post=10779"},{"taxonomy":"product_tag","embeddable":true,"href":"https:\/\/www.art-natur.ch\/fr\/wp-json\/wp\/v2\/product_tag?post=10779"}],"curies":[{"name":"wp","href":"https:\/\/api.w.org\/{rel}","templated":true}]}}