{"id":1087,"date":"2024-09-22T21:14:16","date_gmt":"2024-09-22T19:14:16","guid":{"rendered":"https:\/\/www.art-natur.ch\/product\/cire-a-sourcils\/"},"modified":"2024-10-25T13:49:38","modified_gmt":"2024-10-25T11:49:38","slug":"cire-a-sourcils","status":"publish","type":"product","link":"https:\/\/www.art-natur.ch\/fr\/produit\/cire-a-sourcils\/","title":{"rendered":"Cire \u00e0 sourcils"},"content":{"rendered":"<p>La cire de mise en forme des sourcils HENNA EXPERT \u00e9liminera en douceur les poils ind\u00e9sirables autour des sourcils. Le point de fusion bas et la formule douce offrent les conditions id\u00e9ales pour un traitement confortable des zones d\u00e9licates.<\/p>\n","protected":false},"excerpt":{"rendered":"<p>La cire de mise en forme des sourcils HENNA EXPERT \u00e9liminera en douceur les poils ind\u00e9sirables autour des sourcils. Le point de fusion bas et la formule douce offrent les conditions id\u00e9ales pour un traitement confortable des zones d\u00e9licates.<\/p>\n","protected":false},"featured_media":8298,"template":"","meta":{"_acf_changed":false,"inline_featured_image":false},"product_cat":[119,127,538,537],"product_tag":[],"class_list":{"0":"post-1087","1":"product","2":"type-product","3":"status-publish","4":"has-post-thumbnail","6":"product_brand-henna-expert","7":"product_cat-coloration-et-correction-des-sourcils","8":"product_cat-orrection","9":"product_cat-promotions","10":"product_cat-promotion","12":"first","13":"instock","14":"sale","15":"shipping-taxable","16":"purchasable","17":"product-type-simple"},"acf":[],"yoast_head":"<!-- This site is optimized with the Yoast SEO plugin v26.6 - https:\/\/yoast.com\/wordpress\/plugins\/seo\/ -->\n<title>Cire \u00e0 sourcils - LASHES&amp;BROWS by Nataliya Reinhard<\/title>\n<meta name=\"description\" content=\"La cire HENNA EXPERT \u00e9limine d\u00e9licatement les poils autour des sourcils. Sa formule douce et son faible point de fusion assurent un confort optimal.\" \/>\n<meta name=\"robots\" content=\"index, follow, max-snippet:-1, max-image-preview:large, max-video-preview:-1\" \/>\n<link rel=\"canonical\" href=\"https:\/\/www.art-natur.ch\/fr\/produit\/cire-a-sourcils\/\" \/>\n<meta property=\"og:locale\" content=\"fr_FR\" \/>\n<meta property=\"og:type\" content=\"article\" \/>\n<meta property=\"og:title\" content=\"Cire \u00e0 sourcils - LASHES&amp;BROWS by Nataliya Reinhard\" \/>\n<meta property=\"og:description\" content=\"La cire HENNA EXPERT \u00e9limine d\u00e9licatement les poils autour des sourcils. Sa formule douce et son faible point de fusion assurent un confort optimal.\" \/>\n<meta property=\"og:url\" content=\"https:\/\/www.art-natur.ch\/fr\/produit\/cire-a-sourcils\/\" \/>\n<meta property=\"og:site_name\" content=\"LASHES&amp;BROWS by Nataliya Reinhard\" \/>\n<meta property=\"article:modified_time\" content=\"2024-10-25T11:49:38+00:00\" \/>\n<meta property=\"og:image\" content=\"https:\/\/www.art-natur.ch\/wp-content\/uploads\/2024\/09\/2172226897-Photoroom.png\" \/>\n\t<meta property=\"og:image:width\" content=\"1280\" \/>\n\t<meta property=\"og:image:height\" content=\"960\" \/>\n\t<meta property=\"og:image:type\" content=\"image\/png\" \/>\n<meta name=\"twitter:card\" content=\"summary_large_image\" \/>\n<script type=\"application\/ld+json\" class=\"yoast-schema-graph\">{\"@context\":\"https:\/\/schema.org\",\"@graph\":[{\"@type\":\"WebPage\",\"@id\":\"https:\/\/www.art-natur.ch\/fr\/produit\/cire-a-sourcils\/\",\"url\":\"https:\/\/www.art-natur.ch\/fr\/produit\/cire-a-sourcils\/\",\"name\":\"Cire \u00e0 sourcils - LASHES&amp;BROWS by Nataliya Reinhard\",\"isPartOf\":{\"@id\":\"https:\/\/www.art-natur.ch\/fr\/#website\"},\"primaryImageOfPage\":{\"@id\":\"https:\/\/www.art-natur.ch\/fr\/produit\/cire-a-sourcils\/#primaryimage\"},\"image\":{\"@id\":\"https:\/\/www.art-natur.ch\/fr\/produit\/cire-a-sourcils\/#primaryimage\"},\"thumbnailUrl\":\"https:\/\/www.art-natur.ch\/wp-content\/uploads\/2024\/09\/2172226897-Photoroom.png\",\"datePublished\":\"2024-09-22T19:14:16+00:00\",\"dateModified\":\"2024-10-25T11:49:38+00:00\",\"description\":\"La cire HENNA EXPERT \u00e9limine d\u00e9licatement les poils autour des sourcils. Sa formule douce et son faible point de fusion assurent un confort optimal.\",\"breadcrumb\":{\"@id\":\"https:\/\/www.art-natur.ch\/fr\/produit\/cire-a-sourcils\/#breadcrumb\"},\"inLanguage\":\"fr-FR\",\"potentialAction\":[{\"@type\":\"ReadAction\",\"target\":[\"https:\/\/www.art-natur.ch\/fr\/produit\/cire-a-sourcils\/\"]}]},{\"@type\":\"ImageObject\",\"inLanguage\":\"fr-FR\",\"@id\":\"https:\/\/www.art-natur.ch\/fr\/produit\/cire-a-sourcils\/#primaryimage\",\"url\":\"https:\/\/www.art-natur.ch\/wp-content\/uploads\/2024\/09\/2172226897-Photoroom.png\",\"contentUrl\":\"https:\/\/www.art-natur.ch\/wp-content\/uploads\/2024\/09\/2172226897-Photoroom.png\",\"width\":1280,\"height\":960},{\"@type\":\"BreadcrumbList\",\"@id\":\"https:\/\/www.art-natur.ch\/fr\/produit\/cire-a-sourcils\/#breadcrumb\",\"itemListElement\":[{\"@type\":\"ListItem\",\"position\":1,\"name\":\"Home\",\"item\":\"https:\/\/www.art-natur.ch\/fr\/\"},{\"@type\":\"ListItem\",\"position\":2,\"name\":\"Boutique\",\"item\":\"https:\/\/www.art-natur.ch\/shop\/\"},{\"@type\":\"ListItem\",\"position\":3,\"name\":\"Cire \u00e0 sourcils\"}]},{\"@type\":\"WebSite\",\"@id\":\"https:\/\/www.art-natur.ch\/fr\/#website\",\"url\":\"https:\/\/www.art-natur.ch\/fr\/\",\"name\":\"LASHES&amp;BROWS by Nataliya Reinhard\",\"description\":\"High-quality lash and brow services with attention to every detail\",\"potentialAction\":[{\"@type\":\"SearchAction\",\"target\":{\"@type\":\"EntryPoint\",\"urlTemplate\":\"https:\/\/www.art-natur.ch\/fr\/?s={search_term_string}\"},\"query-input\":{\"@type\":\"PropertyValueSpecification\",\"valueRequired\":true,\"valueName\":\"search_term_string\"}}],\"inLanguage\":\"fr-FR\"}]}<\/script>\n<!-- \/ Yoast SEO plugin. -->","yoast_head_json":{"title":"Cire \u00e0 sourcils - LASHES&amp;BROWS by Nataliya Reinhard","description":"La cire HENNA EXPERT \u00e9limine d\u00e9licatement les poils autour des sourcils. Sa formule douce et son faible point de fusion assurent un confort optimal.","robots":{"index":"index","follow":"follow","max-snippet":"max-snippet:-1","max-image-preview":"max-image-preview:large","max-video-preview":"max-video-preview:-1"},"canonical":"https:\/\/www.art-natur.ch\/fr\/produit\/cire-a-sourcils\/","og_locale":"fr_FR","og_type":"article","og_title":"Cire \u00e0 sourcils - LASHES&amp;BROWS by Nataliya Reinhard","og_description":"La cire HENNA EXPERT \u00e9limine d\u00e9licatement les poils autour des sourcils. Sa formule douce et son faible point de fusion assurent un confort optimal.","og_url":"https:\/\/www.art-natur.ch\/fr\/produit\/cire-a-sourcils\/","og_site_name":"LASHES&amp;BROWS by Nataliya Reinhard","article_modified_time":"2024-10-25T11:49:38+00:00","og_image":[{"width":1280,"height":960,"url":"https:\/\/www.art-natur.ch\/wp-content\/uploads\/2024\/09\/2172226897-Photoroom.png","type":"image\/png"}],"twitter_card":"summary_large_image","schema":{"@context":"https:\/\/schema.org","@graph":[{"@type":"WebPage","@id":"https:\/\/www.art-natur.ch\/fr\/produit\/cire-a-sourcils\/","url":"https:\/\/www.art-natur.ch\/fr\/produit\/cire-a-sourcils\/","name":"Cire \u00e0 sourcils - LASHES&amp;BROWS by Nataliya Reinhard","isPartOf":{"@id":"https:\/\/www.art-natur.ch\/fr\/#website"},"primaryImageOfPage":{"@id":"https:\/\/www.art-natur.ch\/fr\/produit\/cire-a-sourcils\/#primaryimage"},"image":{"@id":"https:\/\/www.art-natur.ch\/fr\/produit\/cire-a-sourcils\/#primaryimage"},"thumbnailUrl":"https:\/\/www.art-natur.ch\/wp-content\/uploads\/2024\/09\/2172226897-Photoroom.png","datePublished":"2024-09-22T19:14:16+00:00","dateModified":"2024-10-25T11:49:38+00:00","description":"La cire HENNA EXPERT \u00e9limine d\u00e9licatement les poils autour des sourcils. Sa formule douce et son faible point de fusion assurent un confort optimal.","breadcrumb":{"@id":"https:\/\/www.art-natur.ch\/fr\/produit\/cire-a-sourcils\/#breadcrumb"},"inLanguage":"fr-FR","potentialAction":[{"@type":"ReadAction","target":["https:\/\/www.art-natur.ch\/fr\/produit\/cire-a-sourcils\/"]}]},{"@type":"ImageObject","inLanguage":"fr-FR","@id":"https:\/\/www.art-natur.ch\/fr\/produit\/cire-a-sourcils\/#primaryimage","url":"https:\/\/www.art-natur.ch\/wp-content\/uploads\/2024\/09\/2172226897-Photoroom.png","contentUrl":"https:\/\/www.art-natur.ch\/wp-content\/uploads\/2024\/09\/2172226897-Photoroom.png","width":1280,"height":960},{"@type":"BreadcrumbList","@id":"https:\/\/www.art-natur.ch\/fr\/produit\/cire-a-sourcils\/#breadcrumb","itemListElement":[{"@type":"ListItem","position":1,"name":"Home","item":"https:\/\/www.art-natur.ch\/fr\/"},{"@type":"ListItem","position":2,"name":"Boutique","item":"https:\/\/www.art-natur.ch\/shop\/"},{"@type":"ListItem","position":3,"name":"Cire \u00e0 sourcils"}]},{"@type":"WebSite","@id":"https:\/\/www.art-natur.ch\/fr\/#website","url":"https:\/\/www.art-natur.ch\/fr\/","name":"LASHES&amp;BROWS by Nataliya Reinhard","description":"High-quality lash and brow services with attention to every detail","potentialAction":[{"@type":"SearchAction","target":{"@type":"EntryPoint","urlTemplate":"https:\/\/www.art-natur.ch\/fr\/?s={search_term_string}"},"query-input":{"@type":"PropertyValueSpecification","valueRequired":true,"valueName":"search_term_string"}}],"inLanguage":"fr-FR"}]}},"_links":{"self":[{"href":"https:\/\/www.art-natur.ch\/fr\/wp-json\/wp\/v2\/product\/1087","targetHints":{"allow":["GET"]}}],"collection":[{"href":"https:\/\/www.art-natur.ch\/fr\/wp-json\/wp\/v2\/product"}],"about":[{"href":"https:\/\/www.art-natur.ch\/fr\/wp-json\/wp\/v2\/types\/product"}],"wp:featuredmedia":[{"embeddable":true,"href":"https:\/\/www.art-natur.ch\/fr\/wp-json\/wp\/v2\/media\/8298"}],"wp:attachment":[{"href":"https:\/\/www.art-natur.ch\/fr\/wp-json\/wp\/v2\/media?parent=1087"}],"wp:term":[{"taxonomy":"product_cat","embeddable":true,"href":"https:\/\/www.art-natur.ch\/fr\/wp-json\/wp\/v2\/product_cat?post=1087"},{"taxonomy":"product_tag","embeddable":true,"href":"https:\/\/www.art-natur.ch\/fr\/wp-json\/wp\/v2\/product_tag?post=1087"}],"curies":[{"name":"wp","href":"https:\/\/api.w.org\/{rel}","templated":true}]}}