{"id":10884,"date":"2025-05-25T17:26:51","date_gmt":"2025-05-25T16:26:51","guid":{"rendered":"https:\/\/www.art-natur.ch\/product\/lash-molecular-4-monodose-reconstruction-moleculaire-pour-cils-et-sourcils-9-x-12-ml\/"},"modified":"2025-07-07T20:18:51","modified_gmt":"2025-07-07T19:18:51","slug":"lash-molecular-4-monodose-reconstruction-moleculaire-pour-cils-et-sourcils-9-x-12-ml","status":"publish","type":"product","link":"https:\/\/www.art-natur.ch\/fr\/produit\/lash-molecular-4-monodose-reconstruction-moleculaire-pour-cils-et-sourcils-9-x-12-ml\/","title":{"rendered":"LASH MOLECULAR 4 MONODOSE reconstruction mol\u00e9culaire pour cils et sourcils 9 x 1,2 ml"},"content":{"rendered":"<p data-start=\"864\" data-end=\"1199\">Description<br data-start=\"894\" data-end=\"897\" \/>InLei\u00ae Lash Molecular 4 est un gel prestigieux sans rin\u00e7age qui renforce l\u2019effet b\u00e9n\u00e9fique des produits appliqu\u00e9s pr\u00e9c\u00e9demment lors du traitement Lash Filler 25.9. Il r\u00e9\u00e9quilibre la structure du poil en l\u2019am\u00e9liorant sous tous les aspects : brillance, force, tenue de la couleur, densit\u00e9 et flexibilit\u00e9.<\/p>\n<p data-start=\"1201\" data-end=\"1254\">100% Fabriqu\u00e9 en Italie<br data-start=\"1224\" data-end=\"1227\" \/>Produit certifi\u00e9 VEGAN OK<\/p>\n","protected":false},"excerpt":{"rendered":"<p>DescriptionInLei\u00ae Lash Molecular 4 est un gel prestigieux sans rin\u00e7age qui renforce l\u2019effet b\u00e9n\u00e9fique des produits appliqu\u00e9s pr\u00e9c\u00e9demment lors du traitement Lash Filler 25.9. Il r\u00e9\u00e9quilibre la structure du poil en l\u2019am\u00e9liorant sous tous les aspects : brillance, force, tenue de la couleur, densit\u00e9 et flexibilit\u00e9. 100% Fabriqu\u00e9 en ItalieProduit certifi\u00e9 VEGAN OK<\/p>\n","protected":false},"featured_media":10877,"template":"","meta":{"_acf_changed":false,"inline_featured_image":false},"product_cat":[150,172],"product_tag":[],"class_list":{"0":"post-10884","1":"product","2":"type-product","3":"status-publish","4":"has-post-thumbnail","6":"product_brand-in-lei","7":"product_cat-rehaussement-des-cils","8":"product_cat-produits-pour-rehaussement-des-cils","10":"first","11":"instock","12":"shipping-taxable","13":"purchasable","14":"product-type-simple"},"acf":[],"yoast_head":"<!-- This site is optimized with the Yoast SEO plugin v26.6 - https:\/\/yoast.com\/wordpress\/plugins\/seo\/ -->\n<title>LASH MOLECULAR 4 MONODOSE reconstruction mol\u00e9culaire pour cils et sourcils 9 x 1,2 ml - LASHES&amp;BROWS by Nataliya Reinhard<\/title>\n<meta name=\"robots\" content=\"index, follow, max-snippet:-1, max-image-preview:large, max-video-preview:-1\" \/>\n<link rel=\"canonical\" href=\"https:\/\/www.art-natur.ch\/fr\/produit\/lash-molecular-4-monodose-reconstruction-moleculaire-pour-cils-et-sourcils-9-x-12-ml\/\" \/>\n<meta property=\"og:locale\" content=\"fr_FR\" \/>\n<meta property=\"og:type\" content=\"article\" \/>\n<meta property=\"og:title\" content=\"LASH MOLECULAR 4 MONODOSE reconstruction mol\u00e9culaire pour cils et sourcils 9 x 1,2 ml - LASHES&amp;BROWS by Nataliya Reinhard\" \/>\n<meta property=\"og:description\" content=\"DescriptionInLei\u00ae Lash Molecular 4 est un gel prestigieux sans rin\u00e7age qui renforce l\u2019effet b\u00e9n\u00e9fique des produits appliqu\u00e9s pr\u00e9c\u00e9demment lors du traitement Lash Filler 25.9. Il r\u00e9\u00e9quilibre la structure du poil en l\u2019am\u00e9liorant sous tous les aspects : brillance, force, tenue de la couleur, densit\u00e9 et flexibilit\u00e9. 100% Fabriqu\u00e9 en ItalieProduit certifi\u00e9 VEGAN OK\" \/>\n<meta property=\"og:url\" content=\"https:\/\/www.art-natur.ch\/fr\/produit\/lash-molecular-4-monodose-reconstruction-moleculaire-pour-cils-et-sourcils-9-x-12-ml\/\" \/>\n<meta property=\"og:site_name\" content=\"LASHES&amp;BROWS by Nataliya Reinhard\" \/>\n<meta property=\"article:modified_time\" content=\"2025-07-07T19:18:51+00:00\" \/>\n<meta property=\"og:image\" content=\"https:\/\/www.art-natur.ch\/wp-content\/uploads\/2025\/05\/InLei_LASH_MOLECULAR_4_RICOSTRUZIONE_MOLECOLARE_PER_CIGLIA_E_SOPRACCIGLIA_9x1_2ML1.png\" \/>\n\t<meta property=\"og:image:width\" content=\"1656\" \/>\n\t<meta property=\"og:image:height\" content=\"1655\" \/>\n\t<meta property=\"og:image:type\" content=\"image\/png\" \/>\n<meta name=\"twitter:card\" content=\"summary_large_image\" \/>\n<script type=\"application\/ld+json\" class=\"yoast-schema-graph\">{\"@context\":\"https:\/\/schema.org\",\"@graph\":[{\"@type\":\"WebPage\",\"@id\":\"https:\/\/www.art-natur.ch\/fr\/produit\/lash-molecular-4-monodose-reconstruction-moleculaire-pour-cils-et-sourcils-9-x-12-ml\/\",\"url\":\"https:\/\/www.art-natur.ch\/fr\/produit\/lash-molecular-4-monodose-reconstruction-moleculaire-pour-cils-et-sourcils-9-x-12-ml\/\",\"name\":\"LASH MOLECULAR 4 MONODOSE reconstruction mol\u00e9culaire pour cils et sourcils 9 x 1,2 ml - LASHES&amp;BROWS by Nataliya Reinhard\",\"isPartOf\":{\"@id\":\"https:\/\/www.art-natur.ch\/fr\/#website\"},\"primaryImageOfPage\":{\"@id\":\"https:\/\/www.art-natur.ch\/fr\/produit\/lash-molecular-4-monodose-reconstruction-moleculaire-pour-cils-et-sourcils-9-x-12-ml\/#primaryimage\"},\"image\":{\"@id\":\"https:\/\/www.art-natur.ch\/fr\/produit\/lash-molecular-4-monodose-reconstruction-moleculaire-pour-cils-et-sourcils-9-x-12-ml\/#primaryimage\"},\"thumbnailUrl\":\"https:\/\/www.art-natur.ch\/wp-content\/uploads\/2025\/05\/InLei_LASH_MOLECULAR_4_RICOSTRUZIONE_MOLECOLARE_PER_CIGLIA_E_SOPRACCIGLIA_9x1_2ML1.png\",\"datePublished\":\"2025-05-25T16:26:51+00:00\",\"dateModified\":\"2025-07-07T19:18:51+00:00\",\"breadcrumb\":{\"@id\":\"https:\/\/www.art-natur.ch\/fr\/produit\/lash-molecular-4-monodose-reconstruction-moleculaire-pour-cils-et-sourcils-9-x-12-ml\/#breadcrumb\"},\"inLanguage\":\"fr-FR\",\"potentialAction\":[{\"@type\":\"ReadAction\",\"target\":[\"https:\/\/www.art-natur.ch\/fr\/produit\/lash-molecular-4-monodose-reconstruction-moleculaire-pour-cils-et-sourcils-9-x-12-ml\/\"]}]},{\"@type\":\"ImageObject\",\"inLanguage\":\"fr-FR\",\"@id\":\"https:\/\/www.art-natur.ch\/fr\/produit\/lash-molecular-4-monodose-reconstruction-moleculaire-pour-cils-et-sourcils-9-x-12-ml\/#primaryimage\",\"url\":\"https:\/\/www.art-natur.ch\/wp-content\/uploads\/2025\/05\/InLei_LASH_MOLECULAR_4_RICOSTRUZIONE_MOLECOLARE_PER_CIGLIA_E_SOPRACCIGLIA_9x1_2ML1.png\",\"contentUrl\":\"https:\/\/www.art-natur.ch\/wp-content\/uploads\/2025\/05\/InLei_LASH_MOLECULAR_4_RICOSTRUZIONE_MOLECOLARE_PER_CIGLIA_E_SOPRACCIGLIA_9x1_2ML1.png\",\"width\":1656,\"height\":1655},{\"@type\":\"BreadcrumbList\",\"@id\":\"https:\/\/www.art-natur.ch\/fr\/produit\/lash-molecular-4-monodose-reconstruction-moleculaire-pour-cils-et-sourcils-9-x-12-ml\/#breadcrumb\",\"itemListElement\":[{\"@type\":\"ListItem\",\"position\":1,\"name\":\"Home\",\"item\":\"https:\/\/www.art-natur.ch\/fr\/\"},{\"@type\":\"ListItem\",\"position\":2,\"name\":\"Boutique\",\"item\":\"https:\/\/www.art-natur.ch\/shop\/\"},{\"@type\":\"ListItem\",\"position\":3,\"name\":\"LASH MOLECULAR 4 MONODOSE reconstruction mol\u00e9culaire pour cils et sourcils 9 x 1,2 ml\"}]},{\"@type\":\"WebSite\",\"@id\":\"https:\/\/www.art-natur.ch\/fr\/#website\",\"url\":\"https:\/\/www.art-natur.ch\/fr\/\",\"name\":\"LASHES&amp;BROWS by Nataliya Reinhard\",\"description\":\"High-quality lash and brow services with attention to every detail\",\"potentialAction\":[{\"@type\":\"SearchAction\",\"target\":{\"@type\":\"EntryPoint\",\"urlTemplate\":\"https:\/\/www.art-natur.ch\/fr\/?s={search_term_string}\"},\"query-input\":{\"@type\":\"PropertyValueSpecification\",\"valueRequired\":true,\"valueName\":\"search_term_string\"}}],\"inLanguage\":\"fr-FR\"}]}<\/script>\n<!-- \/ Yoast SEO plugin. -->","yoast_head_json":{"title":"LASH MOLECULAR 4 MONODOSE reconstruction mol\u00e9culaire pour cils et sourcils 9 x 1,2 ml - LASHES&amp;BROWS by Nataliya Reinhard","robots":{"index":"index","follow":"follow","max-snippet":"max-snippet:-1","max-image-preview":"max-image-preview:large","max-video-preview":"max-video-preview:-1"},"canonical":"https:\/\/www.art-natur.ch\/fr\/produit\/lash-molecular-4-monodose-reconstruction-moleculaire-pour-cils-et-sourcils-9-x-12-ml\/","og_locale":"fr_FR","og_type":"article","og_title":"LASH MOLECULAR 4 MONODOSE reconstruction mol\u00e9culaire pour cils et sourcils 9 x 1,2 ml - LASHES&amp;BROWS by Nataliya Reinhard","og_description":"DescriptionInLei\u00ae Lash Molecular 4 est un gel prestigieux sans rin\u00e7age qui renforce l\u2019effet b\u00e9n\u00e9fique des produits appliqu\u00e9s pr\u00e9c\u00e9demment lors du traitement Lash Filler 25.9. Il r\u00e9\u00e9quilibre la structure du poil en l\u2019am\u00e9liorant sous tous les aspects : brillance, force, tenue de la couleur, densit\u00e9 et flexibilit\u00e9. 100% Fabriqu\u00e9 en ItalieProduit certifi\u00e9 VEGAN OK","og_url":"https:\/\/www.art-natur.ch\/fr\/produit\/lash-molecular-4-monodose-reconstruction-moleculaire-pour-cils-et-sourcils-9-x-12-ml\/","og_site_name":"LASHES&amp;BROWS by Nataliya Reinhard","article_modified_time":"2025-07-07T19:18:51+00:00","og_image":[{"width":1656,"height":1655,"url":"https:\/\/www.art-natur.ch\/wp-content\/uploads\/2025\/05\/InLei_LASH_MOLECULAR_4_RICOSTRUZIONE_MOLECOLARE_PER_CIGLIA_E_SOPRACCIGLIA_9x1_2ML1.png","type":"image\/png"}],"twitter_card":"summary_large_image","schema":{"@context":"https:\/\/schema.org","@graph":[{"@type":"WebPage","@id":"https:\/\/www.art-natur.ch\/fr\/produit\/lash-molecular-4-monodose-reconstruction-moleculaire-pour-cils-et-sourcils-9-x-12-ml\/","url":"https:\/\/www.art-natur.ch\/fr\/produit\/lash-molecular-4-monodose-reconstruction-moleculaire-pour-cils-et-sourcils-9-x-12-ml\/","name":"LASH MOLECULAR 4 MONODOSE reconstruction mol\u00e9culaire pour cils et sourcils 9 x 1,2 ml - LASHES&amp;BROWS by Nataliya Reinhard","isPartOf":{"@id":"https:\/\/www.art-natur.ch\/fr\/#website"},"primaryImageOfPage":{"@id":"https:\/\/www.art-natur.ch\/fr\/produit\/lash-molecular-4-monodose-reconstruction-moleculaire-pour-cils-et-sourcils-9-x-12-ml\/#primaryimage"},"image":{"@id":"https:\/\/www.art-natur.ch\/fr\/produit\/lash-molecular-4-monodose-reconstruction-moleculaire-pour-cils-et-sourcils-9-x-12-ml\/#primaryimage"},"thumbnailUrl":"https:\/\/www.art-natur.ch\/wp-content\/uploads\/2025\/05\/InLei_LASH_MOLECULAR_4_RICOSTRUZIONE_MOLECOLARE_PER_CIGLIA_E_SOPRACCIGLIA_9x1_2ML1.png","datePublished":"2025-05-25T16:26:51+00:00","dateModified":"2025-07-07T19:18:51+00:00","breadcrumb":{"@id":"https:\/\/www.art-natur.ch\/fr\/produit\/lash-molecular-4-monodose-reconstruction-moleculaire-pour-cils-et-sourcils-9-x-12-ml\/#breadcrumb"},"inLanguage":"fr-FR","potentialAction":[{"@type":"ReadAction","target":["https:\/\/www.art-natur.ch\/fr\/produit\/lash-molecular-4-monodose-reconstruction-moleculaire-pour-cils-et-sourcils-9-x-12-ml\/"]}]},{"@type":"ImageObject","inLanguage":"fr-FR","@id":"https:\/\/www.art-natur.ch\/fr\/produit\/lash-molecular-4-monodose-reconstruction-moleculaire-pour-cils-et-sourcils-9-x-12-ml\/#primaryimage","url":"https:\/\/www.art-natur.ch\/wp-content\/uploads\/2025\/05\/InLei_LASH_MOLECULAR_4_RICOSTRUZIONE_MOLECOLARE_PER_CIGLIA_E_SOPRACCIGLIA_9x1_2ML1.png","contentUrl":"https:\/\/www.art-natur.ch\/wp-content\/uploads\/2025\/05\/InLei_LASH_MOLECULAR_4_RICOSTRUZIONE_MOLECOLARE_PER_CIGLIA_E_SOPRACCIGLIA_9x1_2ML1.png","width":1656,"height":1655},{"@type":"BreadcrumbList","@id":"https:\/\/www.art-natur.ch\/fr\/produit\/lash-molecular-4-monodose-reconstruction-moleculaire-pour-cils-et-sourcils-9-x-12-ml\/#breadcrumb","itemListElement":[{"@type":"ListItem","position":1,"name":"Home","item":"https:\/\/www.art-natur.ch\/fr\/"},{"@type":"ListItem","position":2,"name":"Boutique","item":"https:\/\/www.art-natur.ch\/shop\/"},{"@type":"ListItem","position":3,"name":"LASH MOLECULAR 4 MONODOSE reconstruction mol\u00e9culaire pour cils et sourcils 9 x 1,2 ml"}]},{"@type":"WebSite","@id":"https:\/\/www.art-natur.ch\/fr\/#website","url":"https:\/\/www.art-natur.ch\/fr\/","name":"LASHES&amp;BROWS by Nataliya Reinhard","description":"High-quality lash and brow services with attention to every detail","potentialAction":[{"@type":"SearchAction","target":{"@type":"EntryPoint","urlTemplate":"https:\/\/www.art-natur.ch\/fr\/?s={search_term_string}"},"query-input":{"@type":"PropertyValueSpecification","valueRequired":true,"valueName":"search_term_string"}}],"inLanguage":"fr-FR"}]}},"_links":{"self":[{"href":"https:\/\/www.art-natur.ch\/fr\/wp-json\/wp\/v2\/product\/10884","targetHints":{"allow":["GET"]}}],"collection":[{"href":"https:\/\/www.art-natur.ch\/fr\/wp-json\/wp\/v2\/product"}],"about":[{"href":"https:\/\/www.art-natur.ch\/fr\/wp-json\/wp\/v2\/types\/product"}],"wp:featuredmedia":[{"embeddable":true,"href":"https:\/\/www.art-natur.ch\/fr\/wp-json\/wp\/v2\/media\/10877"}],"wp:attachment":[{"href":"https:\/\/www.art-natur.ch\/fr\/wp-json\/wp\/v2\/media?parent=10884"}],"wp:term":[{"taxonomy":"product_cat","embeddable":true,"href":"https:\/\/www.art-natur.ch\/fr\/wp-json\/wp\/v2\/product_cat?post=10884"},{"taxonomy":"product_tag","embeddable":true,"href":"https:\/\/www.art-natur.ch\/fr\/wp-json\/wp\/v2\/product_tag?post=10884"}],"curies":[{"name":"wp","href":"https:\/\/api.w.org\/{rel}","templated":true}]}}