{"id":10920,"date":"2025-05-25T20:14:44","date_gmt":"2025-05-25T19:14:44","guid":{"rendered":"https:\/\/www.art-natur.ch\/product\/lamica-gel-colle-hydrosoluble-pour-cils-5-ml\/"},"modified":"2025-05-25T20:16:30","modified_gmt":"2025-05-25T19:16:30","slug":"lamica-gel-colle-hydrosoluble-pour-cils-5-ml","status":"publish","type":"product","link":"https:\/\/www.art-natur.ch\/fr\/produit\/lamica-gel-colle-hydrosoluble-pour-cils-5-ml\/","title":{"rendered":"LAMICA GEL \u2014 colle hydrosoluble pour cils, 5 ml"},"content":{"rendered":"<p data-start=\"1034\" data-end=\"1301\"><strong data-start=\"1034\" data-end=\"1049\">Description<\/strong><br data-start=\"1049\" data-end=\"1052\" \/>La colle hydrosoluble InLei\u00ae LamiCa Gel est un adh\u00e9sif con\u00e7u pour fixer les cils naturels sur le bigoudi en silicone. Contrairement \u00e0 l\u2019ancien \u201cFixing Gel\u201d, elle est plus douce et flexible \u00e0 l\u2019application, tout en garantissant les m\u00eames r\u00e9sultats.<\/p>\n<p data-start=\"1303\" data-end=\"1368\"><strong data-start=\"1303\" data-end=\"1320\">S\u00e9chage moyen<\/strong><br data-start=\"1320\" data-end=\"1323\" \/>Contenance : 5 ml = jusqu\u2019\u00e0 15 utilisations<\/p>\n","protected":false},"excerpt":{"rendered":"<p>DescriptionLa colle hydrosoluble InLei\u00ae LamiCa Gel est un adh\u00e9sif con\u00e7u pour fixer les cils naturels sur le bigoudi en silicone. Contrairement \u00e0 l\u2019ancien \u201cFixing Gel\u201d, elle est plus douce et flexible \u00e0 l\u2019application, tout en garantissant les m\u00eames r\u00e9sultats. S\u00e9chage moyenContenance : 5 ml = jusqu\u2019\u00e0 15 utilisations<\/p>\n","protected":false},"featured_media":10913,"template":"","meta":{"_acf_changed":false,"inline_featured_image":false},"product_cat":[150,152],"product_tag":[],"class_list":{"0":"post-10920","1":"product","2":"type-product","3":"status-publish","4":"has-post-thumbnail","6":"product_brand-in-lei","7":"product_cat-rehaussement-des-cils","8":"product_cat-colles-pour-rehaussement-des-cils","10":"first","11":"instock","12":"shipping-taxable","13":"purchasable","14":"product-type-simple"},"acf":[],"yoast_head":"<!-- This site is optimized with the Yoast SEO plugin v26.6 - https:\/\/yoast.com\/wordpress\/plugins\/seo\/ -->\n<title>LAMICA GEL \u2014 colle hydrosoluble pour cils, 5 ml - LASHES&amp;BROWS by Nataliya Reinhard<\/title>\n<meta name=\"robots\" content=\"index, follow, max-snippet:-1, max-image-preview:large, max-video-preview:-1\" \/>\n<link rel=\"canonical\" href=\"https:\/\/www.art-natur.ch\/fr\/produit\/lamica-gel-colle-hydrosoluble-pour-cils-5-ml\/\" \/>\n<meta property=\"og:locale\" content=\"fr_FR\" \/>\n<meta property=\"og:type\" content=\"article\" \/>\n<meta property=\"og:title\" content=\"LAMICA GEL \u2014 colle hydrosoluble pour cils, 5 ml - LASHES&amp;BROWS by Nataliya Reinhard\" \/>\n<meta property=\"og:description\" content=\"DescriptionLa colle hydrosoluble InLei\u00ae LamiCa Gel est un adh\u00e9sif con\u00e7u pour fixer les cils naturels sur le bigoudi en silicone. Contrairement \u00e0 l\u2019ancien \u201cFixing Gel\u201d, elle est plus douce et flexible \u00e0 l\u2019application, tout en garantissant les m\u00eames r\u00e9sultats. S\u00e9chage moyenContenance : 5 ml = jusqu\u2019\u00e0 15 utilisations\" \/>\n<meta property=\"og:url\" content=\"https:\/\/www.art-natur.ch\/fr\/produit\/lamica-gel-colle-hydrosoluble-pour-cils-5-ml\/\" \/>\n<meta property=\"og:site_name\" content=\"LASHES&amp;BROWS by Nataliya Reinhard\" \/>\n<meta property=\"article:modified_time\" content=\"2025-05-25T19:16:30+00:00\" \/>\n<meta property=\"og:image\" content=\"https:\/\/www.art-natur.ch\/wp-content\/uploads\/2025\/05\/In-Lei-LAMICA-GEL-ADESIVO-PER-BIGODINI-IN-SILICONE-5ML-21.png\" \/>\n\t<meta property=\"og:image:width\" content=\"1800\" \/>\n\t<meta property=\"og:image:height\" content=\"2400\" \/>\n\t<meta property=\"og:image:type\" content=\"image\/png\" \/>\n<meta name=\"twitter:card\" content=\"summary_large_image\" \/>\n<script type=\"application\/ld+json\" class=\"yoast-schema-graph\">{\"@context\":\"https:\/\/schema.org\",\"@graph\":[{\"@type\":\"WebPage\",\"@id\":\"https:\/\/www.art-natur.ch\/fr\/produit\/lamica-gel-colle-hydrosoluble-pour-cils-5-ml\/\",\"url\":\"https:\/\/www.art-natur.ch\/fr\/produit\/lamica-gel-colle-hydrosoluble-pour-cils-5-ml\/\",\"name\":\"LAMICA GEL \u2014 colle hydrosoluble pour cils, 5 ml - LASHES&amp;BROWS by Nataliya Reinhard\",\"isPartOf\":{\"@id\":\"https:\/\/www.art-natur.ch\/fr\/#website\"},\"primaryImageOfPage\":{\"@id\":\"https:\/\/www.art-natur.ch\/fr\/produit\/lamica-gel-colle-hydrosoluble-pour-cils-5-ml\/#primaryimage\"},\"image\":{\"@id\":\"https:\/\/www.art-natur.ch\/fr\/produit\/lamica-gel-colle-hydrosoluble-pour-cils-5-ml\/#primaryimage\"},\"thumbnailUrl\":\"https:\/\/www.art-natur.ch\/wp-content\/uploads\/2025\/05\/In-Lei-LAMICA-GEL-ADESIVO-PER-BIGODINI-IN-SILICONE-5ML-21.png\",\"datePublished\":\"2025-05-25T19:14:44+00:00\",\"dateModified\":\"2025-05-25T19:16:30+00:00\",\"breadcrumb\":{\"@id\":\"https:\/\/www.art-natur.ch\/fr\/produit\/lamica-gel-colle-hydrosoluble-pour-cils-5-ml\/#breadcrumb\"},\"inLanguage\":\"fr-FR\",\"potentialAction\":[{\"@type\":\"ReadAction\",\"target\":[\"https:\/\/www.art-natur.ch\/fr\/produit\/lamica-gel-colle-hydrosoluble-pour-cils-5-ml\/\"]}]},{\"@type\":\"ImageObject\",\"inLanguage\":\"fr-FR\",\"@id\":\"https:\/\/www.art-natur.ch\/fr\/produit\/lamica-gel-colle-hydrosoluble-pour-cils-5-ml\/#primaryimage\",\"url\":\"https:\/\/www.art-natur.ch\/wp-content\/uploads\/2025\/05\/In-Lei-LAMICA-GEL-ADESIVO-PER-BIGODINI-IN-SILICONE-5ML-21.png\",\"contentUrl\":\"https:\/\/www.art-natur.ch\/wp-content\/uploads\/2025\/05\/In-Lei-LAMICA-GEL-ADESIVO-PER-BIGODINI-IN-SILICONE-5ML-21.png\",\"width\":1800,\"height\":2400},{\"@type\":\"BreadcrumbList\",\"@id\":\"https:\/\/www.art-natur.ch\/fr\/produit\/lamica-gel-colle-hydrosoluble-pour-cils-5-ml\/#breadcrumb\",\"itemListElement\":[{\"@type\":\"ListItem\",\"position\":1,\"name\":\"Home\",\"item\":\"https:\/\/www.art-natur.ch\/fr\/\"},{\"@type\":\"ListItem\",\"position\":2,\"name\":\"Boutique\",\"item\":\"https:\/\/www.art-natur.ch\/shop\/\"},{\"@type\":\"ListItem\",\"position\":3,\"name\":\"LAMICA GEL \u2014 colle hydrosoluble pour cils, 5 ml\"}]},{\"@type\":\"WebSite\",\"@id\":\"https:\/\/www.art-natur.ch\/fr\/#website\",\"url\":\"https:\/\/www.art-natur.ch\/fr\/\",\"name\":\"LASHES&amp;BROWS by Nataliya Reinhard\",\"description\":\"High-quality lash and brow services with attention to every detail\",\"potentialAction\":[{\"@type\":\"SearchAction\",\"target\":{\"@type\":\"EntryPoint\",\"urlTemplate\":\"https:\/\/www.art-natur.ch\/fr\/?s={search_term_string}\"},\"query-input\":{\"@type\":\"PropertyValueSpecification\",\"valueRequired\":true,\"valueName\":\"search_term_string\"}}],\"inLanguage\":\"fr-FR\"}]}<\/script>\n<!-- \/ Yoast SEO plugin. -->","yoast_head_json":{"title":"LAMICA GEL \u2014 colle hydrosoluble pour cils, 5 ml - LASHES&amp;BROWS by Nataliya Reinhard","robots":{"index":"index","follow":"follow","max-snippet":"max-snippet:-1","max-image-preview":"max-image-preview:large","max-video-preview":"max-video-preview:-1"},"canonical":"https:\/\/www.art-natur.ch\/fr\/produit\/lamica-gel-colle-hydrosoluble-pour-cils-5-ml\/","og_locale":"fr_FR","og_type":"article","og_title":"LAMICA GEL \u2014 colle hydrosoluble pour cils, 5 ml - LASHES&amp;BROWS by Nataliya Reinhard","og_description":"DescriptionLa colle hydrosoluble InLei\u00ae LamiCa Gel est un adh\u00e9sif con\u00e7u pour fixer les cils naturels sur le bigoudi en silicone. Contrairement \u00e0 l\u2019ancien \u201cFixing Gel\u201d, elle est plus douce et flexible \u00e0 l\u2019application, tout en garantissant les m\u00eames r\u00e9sultats. S\u00e9chage moyenContenance : 5 ml = jusqu\u2019\u00e0 15 utilisations","og_url":"https:\/\/www.art-natur.ch\/fr\/produit\/lamica-gel-colle-hydrosoluble-pour-cils-5-ml\/","og_site_name":"LASHES&amp;BROWS by Nataliya Reinhard","article_modified_time":"2025-05-25T19:16:30+00:00","og_image":[{"width":1800,"height":2400,"url":"https:\/\/www.art-natur.ch\/wp-content\/uploads\/2025\/05\/In-Lei-LAMICA-GEL-ADESIVO-PER-BIGODINI-IN-SILICONE-5ML-21.png","type":"image\/png"}],"twitter_card":"summary_large_image","schema":{"@context":"https:\/\/schema.org","@graph":[{"@type":"WebPage","@id":"https:\/\/www.art-natur.ch\/fr\/produit\/lamica-gel-colle-hydrosoluble-pour-cils-5-ml\/","url":"https:\/\/www.art-natur.ch\/fr\/produit\/lamica-gel-colle-hydrosoluble-pour-cils-5-ml\/","name":"LAMICA GEL \u2014 colle hydrosoluble pour cils, 5 ml - LASHES&amp;BROWS by Nataliya Reinhard","isPartOf":{"@id":"https:\/\/www.art-natur.ch\/fr\/#website"},"primaryImageOfPage":{"@id":"https:\/\/www.art-natur.ch\/fr\/produit\/lamica-gel-colle-hydrosoluble-pour-cils-5-ml\/#primaryimage"},"image":{"@id":"https:\/\/www.art-natur.ch\/fr\/produit\/lamica-gel-colle-hydrosoluble-pour-cils-5-ml\/#primaryimage"},"thumbnailUrl":"https:\/\/www.art-natur.ch\/wp-content\/uploads\/2025\/05\/In-Lei-LAMICA-GEL-ADESIVO-PER-BIGODINI-IN-SILICONE-5ML-21.png","datePublished":"2025-05-25T19:14:44+00:00","dateModified":"2025-05-25T19:16:30+00:00","breadcrumb":{"@id":"https:\/\/www.art-natur.ch\/fr\/produit\/lamica-gel-colle-hydrosoluble-pour-cils-5-ml\/#breadcrumb"},"inLanguage":"fr-FR","potentialAction":[{"@type":"ReadAction","target":["https:\/\/www.art-natur.ch\/fr\/produit\/lamica-gel-colle-hydrosoluble-pour-cils-5-ml\/"]}]},{"@type":"ImageObject","inLanguage":"fr-FR","@id":"https:\/\/www.art-natur.ch\/fr\/produit\/lamica-gel-colle-hydrosoluble-pour-cils-5-ml\/#primaryimage","url":"https:\/\/www.art-natur.ch\/wp-content\/uploads\/2025\/05\/In-Lei-LAMICA-GEL-ADESIVO-PER-BIGODINI-IN-SILICONE-5ML-21.png","contentUrl":"https:\/\/www.art-natur.ch\/wp-content\/uploads\/2025\/05\/In-Lei-LAMICA-GEL-ADESIVO-PER-BIGODINI-IN-SILICONE-5ML-21.png","width":1800,"height":2400},{"@type":"BreadcrumbList","@id":"https:\/\/www.art-natur.ch\/fr\/produit\/lamica-gel-colle-hydrosoluble-pour-cils-5-ml\/#breadcrumb","itemListElement":[{"@type":"ListItem","position":1,"name":"Home","item":"https:\/\/www.art-natur.ch\/fr\/"},{"@type":"ListItem","position":2,"name":"Boutique","item":"https:\/\/www.art-natur.ch\/shop\/"},{"@type":"ListItem","position":3,"name":"LAMICA GEL \u2014 colle hydrosoluble pour cils, 5 ml"}]},{"@type":"WebSite","@id":"https:\/\/www.art-natur.ch\/fr\/#website","url":"https:\/\/www.art-natur.ch\/fr\/","name":"LASHES&amp;BROWS by Nataliya Reinhard","description":"High-quality lash and brow services with attention to every detail","potentialAction":[{"@type":"SearchAction","target":{"@type":"EntryPoint","urlTemplate":"https:\/\/www.art-natur.ch\/fr\/?s={search_term_string}"},"query-input":{"@type":"PropertyValueSpecification","valueRequired":true,"valueName":"search_term_string"}}],"inLanguage":"fr-FR"}]}},"_links":{"self":[{"href":"https:\/\/www.art-natur.ch\/fr\/wp-json\/wp\/v2\/product\/10920","targetHints":{"allow":["GET"]}}],"collection":[{"href":"https:\/\/www.art-natur.ch\/fr\/wp-json\/wp\/v2\/product"}],"about":[{"href":"https:\/\/www.art-natur.ch\/fr\/wp-json\/wp\/v2\/types\/product"}],"wp:featuredmedia":[{"embeddable":true,"href":"https:\/\/www.art-natur.ch\/fr\/wp-json\/wp\/v2\/media\/10913"}],"wp:attachment":[{"href":"https:\/\/www.art-natur.ch\/fr\/wp-json\/wp\/v2\/media?parent=10920"}],"wp:term":[{"taxonomy":"product_cat","embeddable":true,"href":"https:\/\/www.art-natur.ch\/fr\/wp-json\/wp\/v2\/product_cat?post=10920"},{"taxonomy":"product_tag","embeddable":true,"href":"https:\/\/www.art-natur.ch\/fr\/wp-json\/wp\/v2\/product_tag?post=10920"}],"curies":[{"name":"wp","href":"https:\/\/api.w.org\/{rel}","templated":true}]}}