{"id":10953,"date":"2025-05-25T20:52:51","date_gmt":"2025-05-25T19:52:51","guid":{"rendered":"https:\/\/www.art-natur.ch\/product\/colle-a-cils-barbara-wow-10-ml\/"},"modified":"2025-05-25T21:36:06","modified_gmt":"2025-05-25T20:36:06","slug":"colle-a-cils-barbara-wow-10-ml","status":"publish","type":"product","link":"https:\/\/www.art-natur.ch\/fr\/produit\/colle-a-cils-barbara-wow-10-ml\/","title":{"rendered":"Colle \u00e0 cils BARBARA \u00ab\u00a0WOW\u00a0\u00bb 10 ml"},"content":{"rendered":"<p><strong data-start=\"666\" data-end=\"681\">Description<\/strong><br data-start=\"681\" data-end=\"684\" \/><strong data-start=\"684\" data-end=\"704\">Temps de prise :<\/strong> 0,3 \u2013 0,5 sec<br data-start=\"718\" data-end=\"721\" \/><strong data-start=\"721\" data-end=\"761\">Temp\u00e9rature de travail recommand\u00e9e :<\/strong> 18 \u2013 26 \u00b0C<br data-start=\"772\" data-end=\"775\" \/><strong data-start=\"775\" data-end=\"789\">Humidit\u00e9 :<\/strong> 30 \u2013 70 %<br data-start=\"799\" data-end=\"802\" data-is-only-node=\"\" \/><strong data-start=\"802\" data-end=\"818\">R\u00e9sistance :<\/strong> 8 semaines<br data-start=\"829\" data-end=\"832\" \/><strong data-start=\"832\" data-end=\"871\">Dur\u00e9e de validit\u00e9 apr\u00e8s ouverture :<\/strong> 60 jours<br data-start=\"880\" data-end=\"883\" \/><strong data-start=\"883\" data-end=\"898\">Allerg\u00e8ne :<\/strong> 1<br data-start=\"900\" data-end=\"903\" \/><strong data-start=\"903\" data-end=\"931\">Fabriqu\u00e9 en Cor\u00e9e du Sud<\/strong><\/p>\n","protected":false},"excerpt":{"rendered":"<p>DescriptionTemps de prise : 0,3 \u2013 0,5 secTemp\u00e9rature de travail recommand\u00e9e : 18 \u2013 26 \u00b0CHumidit\u00e9 : 30 \u2013 70 %R\u00e9sistance : 8 semainesDur\u00e9e de validit\u00e9 apr\u00e8s ouverture : 60 joursAllerg\u00e8ne : 1Fabriqu\u00e9 en Cor\u00e9e du Sud<\/p>\n","protected":false},"featured_media":10925,"template":"","meta":{"_acf_changed":false,"inline_featured_image":false},"product_cat":[116,179],"product_tag":[],"class_list":{"0":"post-10953","1":"product","2":"type-product","3":"status-publish","4":"has-post-thumbnail","6":"product_brand-barbara-fr","7":"product_cat-extension-de-cils","8":"product_cat-les-colles","10":"first","11":"onbackorder","12":"shipping-taxable","13":"purchasable","14":"product-type-variable"},"acf":[],"yoast_head":"<!-- This site is optimized with the Yoast SEO plugin v26.6 - https:\/\/yoast.com\/wordpress\/plugins\/seo\/ -->\n<title>Colle \u00e0 cils BARBARA &quot;WOW&quot; 10 ml - LASHES&amp;BROWS by Nataliya Reinhard<\/title>\n<meta name=\"robots\" content=\"index, follow, max-snippet:-1, max-image-preview:large, max-video-preview:-1\" \/>\n<link rel=\"canonical\" href=\"https:\/\/www.art-natur.ch\/fr\/produit\/colle-a-cils-barbara-wow-10-ml\/\" \/>\n<meta property=\"og:locale\" content=\"fr_FR\" \/>\n<meta property=\"og:type\" content=\"article\" \/>\n<meta property=\"og:title\" content=\"Colle \u00e0 cils BARBARA &quot;WOW&quot; 10 ml - LASHES&amp;BROWS by Nataliya Reinhard\" \/>\n<meta property=\"og:description\" content=\"DescriptionTemps de prise : 0,3 \u2013 0,5 secTemp\u00e9rature de travail recommand\u00e9e : 18 \u2013 26 \u00b0CHumidit\u00e9 : 30 \u2013 70 %R\u00e9sistance : 8 semainesDur\u00e9e de validit\u00e9 apr\u00e8s ouverture : 60 joursAllerg\u00e8ne : 1Fabriqu\u00e9 en Cor\u00e9e du Sud\" \/>\n<meta property=\"og:url\" content=\"https:\/\/www.art-natur.ch\/fr\/produit\/colle-a-cils-barbara-wow-10-ml\/\" \/>\n<meta property=\"og:site_name\" content=\"LASHES&amp;BROWS by Nataliya Reinhard\" \/>\n<meta property=\"article:modified_time\" content=\"2025-05-25T20:36:06+00:00\" \/>\n<meta property=\"og:image\" content=\"https:\/\/www.art-natur.ch\/wp-content\/uploads\/2025\/05\/s-l9601.webp\" \/>\n\t<meta property=\"og:image:width\" content=\"960\" \/>\n\t<meta property=\"og:image:height\" content=\"960\" \/>\n\t<meta property=\"og:image:type\" content=\"image\/webp\" \/>\n<meta name=\"twitter:card\" content=\"summary_large_image\" \/>\n<script type=\"application\/ld+json\" class=\"yoast-schema-graph\">{\"@context\":\"https:\/\/schema.org\",\"@graph\":[{\"@type\":\"WebPage\",\"@id\":\"https:\/\/www.art-natur.ch\/fr\/produit\/colle-a-cils-barbara-wow-10-ml\/\",\"url\":\"https:\/\/www.art-natur.ch\/fr\/produit\/colle-a-cils-barbara-wow-10-ml\/\",\"name\":\"Colle \u00e0 cils BARBARA \\\"WOW\\\" 10 ml - LASHES&amp;BROWS by Nataliya Reinhard\",\"isPartOf\":{\"@id\":\"https:\/\/www.art-natur.ch\/fr\/#website\"},\"primaryImageOfPage\":{\"@id\":\"https:\/\/www.art-natur.ch\/fr\/produit\/colle-a-cils-barbara-wow-10-ml\/#primaryimage\"},\"image\":{\"@id\":\"https:\/\/www.art-natur.ch\/fr\/produit\/colle-a-cils-barbara-wow-10-ml\/#primaryimage\"},\"thumbnailUrl\":\"https:\/\/www.art-natur.ch\/wp-content\/uploads\/2025\/05\/s-l9601.webp\",\"datePublished\":\"2025-05-25T19:52:51+00:00\",\"dateModified\":\"2025-05-25T20:36:06+00:00\",\"breadcrumb\":{\"@id\":\"https:\/\/www.art-natur.ch\/fr\/produit\/colle-a-cils-barbara-wow-10-ml\/#breadcrumb\"},\"inLanguage\":\"fr-FR\",\"potentialAction\":[{\"@type\":\"ReadAction\",\"target\":[\"https:\/\/www.art-natur.ch\/fr\/produit\/colle-a-cils-barbara-wow-10-ml\/\"]}]},{\"@type\":\"ImageObject\",\"inLanguage\":\"fr-FR\",\"@id\":\"https:\/\/www.art-natur.ch\/fr\/produit\/colle-a-cils-barbara-wow-10-ml\/#primaryimage\",\"url\":\"https:\/\/www.art-natur.ch\/wp-content\/uploads\/2025\/05\/s-l9601.webp\",\"contentUrl\":\"https:\/\/www.art-natur.ch\/wp-content\/uploads\/2025\/05\/s-l9601.webp\",\"width\":960,\"height\":960},{\"@type\":\"BreadcrumbList\",\"@id\":\"https:\/\/www.art-natur.ch\/fr\/produit\/colle-a-cils-barbara-wow-10-ml\/#breadcrumb\",\"itemListElement\":[{\"@type\":\"ListItem\",\"position\":1,\"name\":\"Home\",\"item\":\"https:\/\/www.art-natur.ch\/fr\/\"},{\"@type\":\"ListItem\",\"position\":2,\"name\":\"Boutique\",\"item\":\"https:\/\/www.art-natur.ch\/shop\/\"},{\"@type\":\"ListItem\",\"position\":3,\"name\":\"Colle \u00e0 cils BARBARA \u00ab\u00a0WOW\u00a0\u00bb 10 ml\"}]},{\"@type\":\"WebSite\",\"@id\":\"https:\/\/www.art-natur.ch\/fr\/#website\",\"url\":\"https:\/\/www.art-natur.ch\/fr\/\",\"name\":\"LASHES&amp;BROWS by Nataliya Reinhard\",\"description\":\"High-quality lash and brow services with attention to every detail\",\"potentialAction\":[{\"@type\":\"SearchAction\",\"target\":{\"@type\":\"EntryPoint\",\"urlTemplate\":\"https:\/\/www.art-natur.ch\/fr\/?s={search_term_string}\"},\"query-input\":{\"@type\":\"PropertyValueSpecification\",\"valueRequired\":true,\"valueName\":\"search_term_string\"}}],\"inLanguage\":\"fr-FR\"}]}<\/script>\n<!-- \/ Yoast SEO plugin. -->","yoast_head_json":{"title":"Colle \u00e0 cils BARBARA \"WOW\" 10 ml - LASHES&amp;BROWS by Nataliya Reinhard","robots":{"index":"index","follow":"follow","max-snippet":"max-snippet:-1","max-image-preview":"max-image-preview:large","max-video-preview":"max-video-preview:-1"},"canonical":"https:\/\/www.art-natur.ch\/fr\/produit\/colle-a-cils-barbara-wow-10-ml\/","og_locale":"fr_FR","og_type":"article","og_title":"Colle \u00e0 cils BARBARA \"WOW\" 10 ml - LASHES&amp;BROWS by Nataliya Reinhard","og_description":"DescriptionTemps de prise : 0,3 \u2013 0,5 secTemp\u00e9rature de travail recommand\u00e9e : 18 \u2013 26 \u00b0CHumidit\u00e9 : 30 \u2013 70 %R\u00e9sistance : 8 semainesDur\u00e9e de validit\u00e9 apr\u00e8s ouverture : 60 joursAllerg\u00e8ne : 1Fabriqu\u00e9 en Cor\u00e9e du Sud","og_url":"https:\/\/www.art-natur.ch\/fr\/produit\/colle-a-cils-barbara-wow-10-ml\/","og_site_name":"LASHES&amp;BROWS by Nataliya Reinhard","article_modified_time":"2025-05-25T20:36:06+00:00","og_image":[{"width":960,"height":960,"url":"https:\/\/www.art-natur.ch\/wp-content\/uploads\/2025\/05\/s-l9601.webp","type":"image\/webp"}],"twitter_card":"summary_large_image","schema":{"@context":"https:\/\/schema.org","@graph":[{"@type":"WebPage","@id":"https:\/\/www.art-natur.ch\/fr\/produit\/colle-a-cils-barbara-wow-10-ml\/","url":"https:\/\/www.art-natur.ch\/fr\/produit\/colle-a-cils-barbara-wow-10-ml\/","name":"Colle \u00e0 cils BARBARA \"WOW\" 10 ml - LASHES&amp;BROWS by Nataliya Reinhard","isPartOf":{"@id":"https:\/\/www.art-natur.ch\/fr\/#website"},"primaryImageOfPage":{"@id":"https:\/\/www.art-natur.ch\/fr\/produit\/colle-a-cils-barbara-wow-10-ml\/#primaryimage"},"image":{"@id":"https:\/\/www.art-natur.ch\/fr\/produit\/colle-a-cils-barbara-wow-10-ml\/#primaryimage"},"thumbnailUrl":"https:\/\/www.art-natur.ch\/wp-content\/uploads\/2025\/05\/s-l9601.webp","datePublished":"2025-05-25T19:52:51+00:00","dateModified":"2025-05-25T20:36:06+00:00","breadcrumb":{"@id":"https:\/\/www.art-natur.ch\/fr\/produit\/colle-a-cils-barbara-wow-10-ml\/#breadcrumb"},"inLanguage":"fr-FR","potentialAction":[{"@type":"ReadAction","target":["https:\/\/www.art-natur.ch\/fr\/produit\/colle-a-cils-barbara-wow-10-ml\/"]}]},{"@type":"ImageObject","inLanguage":"fr-FR","@id":"https:\/\/www.art-natur.ch\/fr\/produit\/colle-a-cils-barbara-wow-10-ml\/#primaryimage","url":"https:\/\/www.art-natur.ch\/wp-content\/uploads\/2025\/05\/s-l9601.webp","contentUrl":"https:\/\/www.art-natur.ch\/wp-content\/uploads\/2025\/05\/s-l9601.webp","width":960,"height":960},{"@type":"BreadcrumbList","@id":"https:\/\/www.art-natur.ch\/fr\/produit\/colle-a-cils-barbara-wow-10-ml\/#breadcrumb","itemListElement":[{"@type":"ListItem","position":1,"name":"Home","item":"https:\/\/www.art-natur.ch\/fr\/"},{"@type":"ListItem","position":2,"name":"Boutique","item":"https:\/\/www.art-natur.ch\/shop\/"},{"@type":"ListItem","position":3,"name":"Colle \u00e0 cils BARBARA \u00ab\u00a0WOW\u00a0\u00bb 10 ml"}]},{"@type":"WebSite","@id":"https:\/\/www.art-natur.ch\/fr\/#website","url":"https:\/\/www.art-natur.ch\/fr\/","name":"LASHES&amp;BROWS by Nataliya Reinhard","description":"High-quality lash and brow services with attention to every detail","potentialAction":[{"@type":"SearchAction","target":{"@type":"EntryPoint","urlTemplate":"https:\/\/www.art-natur.ch\/fr\/?s={search_term_string}"},"query-input":{"@type":"PropertyValueSpecification","valueRequired":true,"valueName":"search_term_string"}}],"inLanguage":"fr-FR"}]}},"_links":{"self":[{"href":"https:\/\/www.art-natur.ch\/fr\/wp-json\/wp\/v2\/product\/10953","targetHints":{"allow":["GET"]}}],"collection":[{"href":"https:\/\/www.art-natur.ch\/fr\/wp-json\/wp\/v2\/product"}],"about":[{"href":"https:\/\/www.art-natur.ch\/fr\/wp-json\/wp\/v2\/types\/product"}],"wp:featuredmedia":[{"embeddable":true,"href":"https:\/\/www.art-natur.ch\/fr\/wp-json\/wp\/v2\/media\/10925"}],"wp:attachment":[{"href":"https:\/\/www.art-natur.ch\/fr\/wp-json\/wp\/v2\/media?parent=10953"}],"wp:term":[{"taxonomy":"product_cat","embeddable":true,"href":"https:\/\/www.art-natur.ch\/fr\/wp-json\/wp\/v2\/product_cat?post=10953"},{"taxonomy":"product_tag","embeddable":true,"href":"https:\/\/www.art-natur.ch\/fr\/wp-json\/wp\/v2\/product_tag?post=10953"}],"curies":[{"name":"wp","href":"https:\/\/api.w.org\/{rel}","templated":true}]}}