{"id":1099,"date":"2024-09-22T21:41:43","date_gmt":"2024-09-22T19:41:43","guid":{"rendered":"https:\/\/www.art-natur.ch\/product\/cire-a-sourcils-henne-expert-250-g\/"},"modified":"2024-10-25T13:49:38","modified_gmt":"2024-10-25T11:49:38","slug":"cire-a-sourcils-henne-expert-250-g","status":"publish","type":"product","link":"https:\/\/www.art-natur.ch\/fr\/produit\/cire-a-sourcils-henne-expert-250-g\/","title":{"rendered":"Cire \u00e0 sourcils Henn\u00e9 Expert (250 g)"},"content":{"rendered":"<p>La cire \u00e0 modeler pour sourcils HENNA EXPERT vous aide \u00e0 \u00e9liminer en douceur les poils ind\u00e9sirables autour du sourcil.<br \/>\nLa faible temp\u00e9rature de fusion et la formule douce offrent les conditions id\u00e9ales pour un traitement confortable des zones d\u00e9licates.<br \/>\nTemp\u00e9rature optimale de fusion de la cire 50\u00b0C<\/p>\n","protected":false},"excerpt":{"rendered":"<p>La cire \u00e0 modeler pour sourcils HENNA EXPERT vous aide \u00e0 \u00e9liminer en douceur les poils ind\u00e9sirables autour du sourcil. La faible temp\u00e9rature de fusion et la formule douce offrent les conditions id\u00e9ales pour un traitement confortable des zones d\u00e9licates. Temp\u00e9rature optimale de fusion de la cire 50\u00b0C<\/p>\n","protected":false},"featured_media":8290,"template":"","meta":{"_acf_changed":false,"inline_featured_image":false},"product_cat":[119,127,538,537],"product_tag":[],"class_list":{"0":"post-1099","1":"product","2":"type-product","3":"status-publish","4":"has-post-thumbnail","6":"product_brand-henna-expert","7":"product_cat-coloration-et-correction-des-sourcils","8":"product_cat-orrection","9":"product_cat-promotions","10":"product_cat-promotion","12":"first","13":"instock","14":"sale","15":"shipping-taxable","16":"purchasable","17":"product-type-simple"},"acf":[],"yoast_head":"<!-- This site is optimized with the Yoast SEO plugin v26.6 - https:\/\/yoast.com\/wordpress\/plugins\/seo\/ -->\n<title>Cire \u00e0 sourcils Henn\u00e9 Expert (250 g) - LASHES&amp;BROWS by Nataliya Reinhard<\/title>\n<meta name=\"description\" content=\"La cire HENNA EXPERT \u00e9limine d\u00e9licatement les poils autour des sourcils. Sa faible temp\u00e9rature de fusion assure un traitement confortable.\" \/>\n<meta name=\"robots\" content=\"index, follow, max-snippet:-1, max-image-preview:large, max-video-preview:-1\" \/>\n<link rel=\"canonical\" href=\"https:\/\/www.art-natur.ch\/fr\/produit\/cire-a-sourcils-henne-expert-250-g\/\" \/>\n<meta property=\"og:locale\" content=\"fr_FR\" \/>\n<meta property=\"og:type\" content=\"article\" \/>\n<meta property=\"og:title\" content=\"Cire \u00e0 sourcils Henn\u00e9 Expert (250 g) - LASHES&amp;BROWS by Nataliya Reinhard\" \/>\n<meta property=\"og:description\" content=\"La cire HENNA EXPERT \u00e9limine d\u00e9licatement les poils autour des sourcils. Sa faible temp\u00e9rature de fusion assure un traitement confortable.\" \/>\n<meta property=\"og:url\" content=\"https:\/\/www.art-natur.ch\/fr\/produit\/cire-a-sourcils-henne-expert-250-g\/\" \/>\n<meta property=\"og:site_name\" content=\"LASHES&amp;BROWS by Nataliya Reinhard\" \/>\n<meta property=\"article:modified_time\" content=\"2024-10-25T11:49:38+00:00\" \/>\n<meta property=\"og:image\" content=\"https:\/\/www.art-natur.ch\/wp-content\/uploads\/2024\/09\/2555335026-Photoroom.png\" \/>\n\t<meta property=\"og:image:width\" content=\"1280\" \/>\n\t<meta property=\"og:image:height\" content=\"1280\" \/>\n\t<meta property=\"og:image:type\" content=\"image\/png\" \/>\n<meta name=\"twitter:card\" content=\"summary_large_image\" \/>\n<script type=\"application\/ld+json\" class=\"yoast-schema-graph\">{\"@context\":\"https:\/\/schema.org\",\"@graph\":[{\"@type\":\"WebPage\",\"@id\":\"https:\/\/www.art-natur.ch\/fr\/produit\/cire-a-sourcils-henne-expert-250-g\/\",\"url\":\"https:\/\/www.art-natur.ch\/fr\/produit\/cire-a-sourcils-henne-expert-250-g\/\",\"name\":\"Cire \u00e0 sourcils Henn\u00e9 Expert (250 g) - LASHES&amp;BROWS by Nataliya Reinhard\",\"isPartOf\":{\"@id\":\"https:\/\/www.art-natur.ch\/fr\/#website\"},\"primaryImageOfPage\":{\"@id\":\"https:\/\/www.art-natur.ch\/fr\/produit\/cire-a-sourcils-henne-expert-250-g\/#primaryimage\"},\"image\":{\"@id\":\"https:\/\/www.art-natur.ch\/fr\/produit\/cire-a-sourcils-henne-expert-250-g\/#primaryimage\"},\"thumbnailUrl\":\"https:\/\/www.art-natur.ch\/wp-content\/uploads\/2024\/09\/2555335026-Photoroom.png\",\"datePublished\":\"2024-09-22T19:41:43+00:00\",\"dateModified\":\"2024-10-25T11:49:38+00:00\",\"description\":\"La cire HENNA EXPERT \u00e9limine d\u00e9licatement les poils autour des sourcils. Sa faible temp\u00e9rature de fusion assure un traitement confortable.\",\"breadcrumb\":{\"@id\":\"https:\/\/www.art-natur.ch\/fr\/produit\/cire-a-sourcils-henne-expert-250-g\/#breadcrumb\"},\"inLanguage\":\"fr-FR\",\"potentialAction\":[{\"@type\":\"ReadAction\",\"target\":[\"https:\/\/www.art-natur.ch\/fr\/produit\/cire-a-sourcils-henne-expert-250-g\/\"]}]},{\"@type\":\"ImageObject\",\"inLanguage\":\"fr-FR\",\"@id\":\"https:\/\/www.art-natur.ch\/fr\/produit\/cire-a-sourcils-henne-expert-250-g\/#primaryimage\",\"url\":\"https:\/\/www.art-natur.ch\/wp-content\/uploads\/2024\/09\/2555335026-Photoroom.png\",\"contentUrl\":\"https:\/\/www.art-natur.ch\/wp-content\/uploads\/2024\/09\/2555335026-Photoroom.png\",\"width\":1280,\"height\":1280},{\"@type\":\"BreadcrumbList\",\"@id\":\"https:\/\/www.art-natur.ch\/fr\/produit\/cire-a-sourcils-henne-expert-250-g\/#breadcrumb\",\"itemListElement\":[{\"@type\":\"ListItem\",\"position\":1,\"name\":\"Home\",\"item\":\"https:\/\/www.art-natur.ch\/fr\/\"},{\"@type\":\"ListItem\",\"position\":2,\"name\":\"Boutique\",\"item\":\"https:\/\/www.art-natur.ch\/shop\/\"},{\"@type\":\"ListItem\",\"position\":3,\"name\":\"Cire \u00e0 sourcils Henn\u00e9 Expert (250 g)\"}]},{\"@type\":\"WebSite\",\"@id\":\"https:\/\/www.art-natur.ch\/fr\/#website\",\"url\":\"https:\/\/www.art-natur.ch\/fr\/\",\"name\":\"LASHES&amp;BROWS by Nataliya Reinhard\",\"description\":\"High-quality lash and brow services with attention to every detail\",\"potentialAction\":[{\"@type\":\"SearchAction\",\"target\":{\"@type\":\"EntryPoint\",\"urlTemplate\":\"https:\/\/www.art-natur.ch\/fr\/?s={search_term_string}\"},\"query-input\":{\"@type\":\"PropertyValueSpecification\",\"valueRequired\":true,\"valueName\":\"search_term_string\"}}],\"inLanguage\":\"fr-FR\"}]}<\/script>\n<!-- \/ Yoast SEO plugin. -->","yoast_head_json":{"title":"Cire \u00e0 sourcils Henn\u00e9 Expert (250 g) - LASHES&amp;BROWS by Nataliya Reinhard","description":"La cire HENNA EXPERT \u00e9limine d\u00e9licatement les poils autour des sourcils. Sa faible temp\u00e9rature de fusion assure un traitement confortable.","robots":{"index":"index","follow":"follow","max-snippet":"max-snippet:-1","max-image-preview":"max-image-preview:large","max-video-preview":"max-video-preview:-1"},"canonical":"https:\/\/www.art-natur.ch\/fr\/produit\/cire-a-sourcils-henne-expert-250-g\/","og_locale":"fr_FR","og_type":"article","og_title":"Cire \u00e0 sourcils Henn\u00e9 Expert (250 g) - LASHES&amp;BROWS by Nataliya Reinhard","og_description":"La cire HENNA EXPERT \u00e9limine d\u00e9licatement les poils autour des sourcils. Sa faible temp\u00e9rature de fusion assure un traitement confortable.","og_url":"https:\/\/www.art-natur.ch\/fr\/produit\/cire-a-sourcils-henne-expert-250-g\/","og_site_name":"LASHES&amp;BROWS by Nataliya Reinhard","article_modified_time":"2024-10-25T11:49:38+00:00","og_image":[{"width":1280,"height":1280,"url":"https:\/\/www.art-natur.ch\/wp-content\/uploads\/2024\/09\/2555335026-Photoroom.png","type":"image\/png"}],"twitter_card":"summary_large_image","schema":{"@context":"https:\/\/schema.org","@graph":[{"@type":"WebPage","@id":"https:\/\/www.art-natur.ch\/fr\/produit\/cire-a-sourcils-henne-expert-250-g\/","url":"https:\/\/www.art-natur.ch\/fr\/produit\/cire-a-sourcils-henne-expert-250-g\/","name":"Cire \u00e0 sourcils Henn\u00e9 Expert (250 g) - LASHES&amp;BROWS by Nataliya Reinhard","isPartOf":{"@id":"https:\/\/www.art-natur.ch\/fr\/#website"},"primaryImageOfPage":{"@id":"https:\/\/www.art-natur.ch\/fr\/produit\/cire-a-sourcils-henne-expert-250-g\/#primaryimage"},"image":{"@id":"https:\/\/www.art-natur.ch\/fr\/produit\/cire-a-sourcils-henne-expert-250-g\/#primaryimage"},"thumbnailUrl":"https:\/\/www.art-natur.ch\/wp-content\/uploads\/2024\/09\/2555335026-Photoroom.png","datePublished":"2024-09-22T19:41:43+00:00","dateModified":"2024-10-25T11:49:38+00:00","description":"La cire HENNA EXPERT \u00e9limine d\u00e9licatement les poils autour des sourcils. Sa faible temp\u00e9rature de fusion assure un traitement confortable.","breadcrumb":{"@id":"https:\/\/www.art-natur.ch\/fr\/produit\/cire-a-sourcils-henne-expert-250-g\/#breadcrumb"},"inLanguage":"fr-FR","potentialAction":[{"@type":"ReadAction","target":["https:\/\/www.art-natur.ch\/fr\/produit\/cire-a-sourcils-henne-expert-250-g\/"]}]},{"@type":"ImageObject","inLanguage":"fr-FR","@id":"https:\/\/www.art-natur.ch\/fr\/produit\/cire-a-sourcils-henne-expert-250-g\/#primaryimage","url":"https:\/\/www.art-natur.ch\/wp-content\/uploads\/2024\/09\/2555335026-Photoroom.png","contentUrl":"https:\/\/www.art-natur.ch\/wp-content\/uploads\/2024\/09\/2555335026-Photoroom.png","width":1280,"height":1280},{"@type":"BreadcrumbList","@id":"https:\/\/www.art-natur.ch\/fr\/produit\/cire-a-sourcils-henne-expert-250-g\/#breadcrumb","itemListElement":[{"@type":"ListItem","position":1,"name":"Home","item":"https:\/\/www.art-natur.ch\/fr\/"},{"@type":"ListItem","position":2,"name":"Boutique","item":"https:\/\/www.art-natur.ch\/shop\/"},{"@type":"ListItem","position":3,"name":"Cire \u00e0 sourcils Henn\u00e9 Expert (250 g)"}]},{"@type":"WebSite","@id":"https:\/\/www.art-natur.ch\/fr\/#website","url":"https:\/\/www.art-natur.ch\/fr\/","name":"LASHES&amp;BROWS by Nataliya Reinhard","description":"High-quality lash and brow services with attention to every detail","potentialAction":[{"@type":"SearchAction","target":{"@type":"EntryPoint","urlTemplate":"https:\/\/www.art-natur.ch\/fr\/?s={search_term_string}"},"query-input":{"@type":"PropertyValueSpecification","valueRequired":true,"valueName":"search_term_string"}}],"inLanguage":"fr-FR"}]}},"_links":{"self":[{"href":"https:\/\/www.art-natur.ch\/fr\/wp-json\/wp\/v2\/product\/1099","targetHints":{"allow":["GET"]}}],"collection":[{"href":"https:\/\/www.art-natur.ch\/fr\/wp-json\/wp\/v2\/product"}],"about":[{"href":"https:\/\/www.art-natur.ch\/fr\/wp-json\/wp\/v2\/types\/product"}],"wp:featuredmedia":[{"embeddable":true,"href":"https:\/\/www.art-natur.ch\/fr\/wp-json\/wp\/v2\/media\/8290"}],"wp:attachment":[{"href":"https:\/\/www.art-natur.ch\/fr\/wp-json\/wp\/v2\/media?parent=1099"}],"wp:term":[{"taxonomy":"product_cat","embeddable":true,"href":"https:\/\/www.art-natur.ch\/fr\/wp-json\/wp\/v2\/product_cat?post=1099"},{"taxonomy":"product_tag","embeddable":true,"href":"https:\/\/www.art-natur.ch\/fr\/wp-json\/wp\/v2\/product_tag?post=1099"}],"curies":[{"name":"wp","href":"https:\/\/api.w.org\/{rel}","templated":true}]}}