{"id":1106,"date":"2024-09-22T21:49:48","date_gmt":"2024-09-22T19:49:48","guid":{"rendered":"https:\/\/www.art-natur.ch\/product\/cire-sensible-inlei\/"},"modified":"2024-10-14T00:46:58","modified_gmt":"2024-10-13T22:46:58","slug":"cire-sensible-inlei","status":"publish","type":"product","link":"https:\/\/www.art-natur.ch\/fr\/produit\/cire-sensible-inlei\/","title":{"rendered":"Cire sensible InLei"},"content":{"rendered":"<p>La cire InLei\u00ae Sensitive a \u00e9t\u00e9 sp\u00e9cialement con\u00e7ue pour une \u00e9pilation impeccable sur le visage sensible. Gr\u00e2ce \u00e0 sa structure, m\u00eame les poils les plus courts sont captur\u00e9s en toute s\u00e9curit\u00e9 directement \u00e0 la racine. Le r\u00e9sultat : une peau douce et lisse comme du velours pendant quatre semaines. Cette cire chaude de haute qualit\u00e9 convient \u00e0 une utilisation dans un studio professionnel ainsi qu&rsquo;\u00e0 une recommandation pour vos clients.<\/p>\n<p>Application<\/p>\n<p>1. Chauffer la cire sensible InLei\u00ae \u00e0 50 \u00b0C. 2.<\/p>\n<p>2. Nettoyez la zone o\u00f9 le poil doit \u00eatre \u00e9pil\u00e9 et s\u00e9chez compl\u00e8tement la peau. 3.<\/p>\n<p>3. V\u00e9rifiez d&rsquo;abord la temp\u00e9rature de la cire ! Pour ce faire, appliquez soigneusement une petite quantit\u00e9 de cire InLei\u00ae Sensitive Wax sur la peau \u00e0 l&rsquo;aide d&rsquo;une spatule. Si la cire n&rsquo;est pas trop chaude et s&rsquo;\u00e9tale bien, commencez le traitement proprement dit. 4.<\/p>\n<p>Appliquez la cire InLei\u00ae Sensitive Wax sur la zone souhait\u00e9e. 5.<\/p>\n<p>Attendez qu&rsquo;elle ait durci, puis retirez rapidement la bande de cire. Tenez fermement la zone de la peau avec l&rsquo;autre main. 6.<\/p>\n<p>R\u00e9p\u00e9tez le processus sur la zone de peau suivante. 7.<\/p>\n<p>7. enfin, traitez la peau trait\u00e9e avec un produit hydratant. Pour de meilleurs r\u00e9sultats, utilisez la cireInLei\u00ae Sensitive Wax, sp\u00e9cialement con\u00e7ue pour une \u00e9pilation impeccable sur le visage sensible. Gr\u00e2ce \u00e0 sa structure, m\u00eame les poils les plus courts sont captur\u00e9s en toute s\u00e9curit\u00e9 directement \u00e0 la racine. Le r\u00e9sultat : une peau douce et lisse comme du velours pendant quatre semaines. Cette cire chaude de haute qualit\u00e9 convient \u00e0 une utilisation dans un studio professionnel ainsi qu&rsquo;\u00e0 une recommandation pour vos clients.<\/p>\n<p>Application<\/p>\n<p>1. Chauffer la cire sensible InLei\u00ae \u00e0 50 \u00b0C. 2.<\/p>\n<p>2. Nettoyez la zone o\u00f9 le poil doit \u00eatre \u00e9pil\u00e9 et s\u00e9chez compl\u00e8tement la peau. 3.<\/p>\n<p>3. V\u00e9rifiez d&rsquo;abord la temp\u00e9rature de la cire ! Pour ce faire, appliquez soigneusement une petite quantit\u00e9 de cire InLei\u00ae Sensitive Wax sur la peau \u00e0 l&rsquo;aide d&rsquo;une spatule. Si la cire n&rsquo;est pas trop chaude et s&rsquo;\u00e9tale bien, commencez le traitement proprement dit. 4.<\/p>\n<p>Appliquez la cire InLei\u00ae Sensitive Wax sur la zone souhait\u00e9e. 5.<\/p>\n<p>Attendez qu&rsquo;elle ait durci, puis retirez rapidement la bande de cire. Tenez fermement la zone de la peau avec l&rsquo;autre main. 6.<\/p>\n<p>R\u00e9p\u00e9tez le processus sur la zone de peau suivante. 7.<\/p>\n<p>7. enfin, traitez la peau trait\u00e9e avec un produit hydratant. Les meilleurs r\u00e9sultats sont obtenus avec le beurre InLei\u00ae BROW BOMBER, car les ingr\u00e9dients de tous les produits InLei\u00ae sont parfaitement coordonn\u00e9s.<\/p>\n<p>Conserver dans un endroit frais et sec. Prot\u00e9ger de la lumi\u00e8re directe du soleil et de la chaleur.<\/p>\n<p>Contenu : 250 grammes, car les ingr\u00e9dients de tous les produits InLei\u00ae sont parfaitement coordonn\u00e9s.<\/p>\n<p>Conserver dans un endroit frais et sec. Prot\u00e9ger de la lumi\u00e8re directe du soleil et de la chaleur.<\/p>\n<p>100% Made in Italy<br \/>\nCire chaude Con\u00e7u pour les zones sensibles du visage<br \/>\nSans parfum pour \u00e9viter les irritations<br \/>\nIl enrobe chaque poil pour un travail plus rapide et plus efficace.<br \/>\nCouleur bleue \/ verte frappante<br \/>\nContenu : 250 g<\/p>\n","protected":false},"excerpt":{"rendered":"<p>La cire InLei\u00ae Sensitive a \u00e9t\u00e9 sp\u00e9cialement con\u00e7ue pour une \u00e9pilation impeccable sur le visage sensible. Gr\u00e2ce \u00e0 sa structure, m\u00eame les poils les plus courts sont captur\u00e9s en toute s\u00e9curit\u00e9 directement \u00e0 la racine. Le r\u00e9sultat : une peau douce et lisse comme du velours pendant quatre semaines. Cette cire chaude de haute qualit\u00e9 [&hellip;]<\/p>\n","protected":false},"featured_media":8282,"template":"","meta":{"_acf_changed":false,"inline_featured_image":false},"product_cat":[119,127],"product_tag":[],"class_list":{"0":"post-1106","1":"product","2":"type-product","3":"status-publish","4":"has-post-thumbnail","6":"product_brand-in-lei","7":"product_cat-coloration-et-correction-des-sourcils","8":"product_cat-orrection","10":"first","11":"instock","12":"shipping-taxable","13":"purchasable","14":"product-type-simple"},"acf":[],"yoast_head":"<!-- This site is optimized with the Yoast SEO plugin v26.6 - https:\/\/yoast.com\/wordpress\/plugins\/seo\/ -->\n<title>Cire sensible InLei - LASHES&amp;BROWS by Nataliya Reinhard<\/title>\n<meta name=\"description\" content=\"La cire InLei\u00ae Sensitive est id\u00e9ale pour \u00e9piler le visage sensible. Elle \u00e9limine m\u00eame les poils courts, laissant la peau douce jusqu&#039;\u00e0 quatre semaines.\" \/>\n<meta name=\"robots\" content=\"index, follow, max-snippet:-1, max-image-preview:large, max-video-preview:-1\" \/>\n<link rel=\"canonical\" href=\"https:\/\/www.art-natur.ch\/fr\/produit\/cire-sensible-inlei\/\" \/>\n<meta property=\"og:locale\" content=\"fr_FR\" \/>\n<meta property=\"og:type\" content=\"article\" \/>\n<meta property=\"og:title\" content=\"Cire sensible InLei - LASHES&amp;BROWS by Nataliya Reinhard\" \/>\n<meta property=\"og:description\" content=\"La cire InLei\u00ae Sensitive est id\u00e9ale pour \u00e9piler le visage sensible. Elle \u00e9limine m\u00eame les poils courts, laissant la peau douce jusqu&#039;\u00e0 quatre semaines.\" \/>\n<meta property=\"og:url\" content=\"https:\/\/www.art-natur.ch\/fr\/produit\/cire-sensible-inlei\/\" \/>\n<meta property=\"og:site_name\" content=\"LASHES&amp;BROWS by Nataliya Reinhard\" \/>\n<meta property=\"article:modified_time\" content=\"2024-10-13T22:46:58+00:00\" \/>\n<meta property=\"og:image\" content=\"https:\/\/www.art-natur.ch\/wp-content\/uploads\/2024\/09\/2519327898-Photoroom.png\" \/>\n\t<meta property=\"og:image:width\" content=\"600\" \/>\n\t<meta property=\"og:image:height\" content=\"800\" \/>\n\t<meta property=\"og:image:type\" content=\"image\/png\" \/>\n<meta name=\"twitter:card\" content=\"summary_large_image\" \/>\n<meta name=\"twitter:label1\" content=\"Dur\u00e9e de lecture estim\u00e9e\" \/>\n\t<meta name=\"twitter:data1\" content=\"3 minutes\" \/>\n<script type=\"application\/ld+json\" class=\"yoast-schema-graph\">{\"@context\":\"https:\/\/schema.org\",\"@graph\":[{\"@type\":\"WebPage\",\"@id\":\"https:\/\/www.art-natur.ch\/fr\/produit\/cire-sensible-inlei\/\",\"url\":\"https:\/\/www.art-natur.ch\/fr\/produit\/cire-sensible-inlei\/\",\"name\":\"Cire sensible InLei - LASHES&amp;BROWS by Nataliya Reinhard\",\"isPartOf\":{\"@id\":\"https:\/\/www.art-natur.ch\/fr\/#website\"},\"primaryImageOfPage\":{\"@id\":\"https:\/\/www.art-natur.ch\/fr\/produit\/cire-sensible-inlei\/#primaryimage\"},\"image\":{\"@id\":\"https:\/\/www.art-natur.ch\/fr\/produit\/cire-sensible-inlei\/#primaryimage\"},\"thumbnailUrl\":\"https:\/\/www.art-natur.ch\/wp-content\/uploads\/2024\/09\/2519327898-Photoroom.png\",\"datePublished\":\"2024-09-22T19:49:48+00:00\",\"dateModified\":\"2024-10-13T22:46:58+00:00\",\"description\":\"La cire InLei\u00ae Sensitive est id\u00e9ale pour \u00e9piler le visage sensible. Elle \u00e9limine m\u00eame les poils courts, laissant la peau douce jusqu'\u00e0 quatre semaines.\",\"breadcrumb\":{\"@id\":\"https:\/\/www.art-natur.ch\/fr\/produit\/cire-sensible-inlei\/#breadcrumb\"},\"inLanguage\":\"fr-FR\",\"potentialAction\":[{\"@type\":\"ReadAction\",\"target\":[\"https:\/\/www.art-natur.ch\/fr\/produit\/cire-sensible-inlei\/\"]}]},{\"@type\":\"ImageObject\",\"inLanguage\":\"fr-FR\",\"@id\":\"https:\/\/www.art-natur.ch\/fr\/produit\/cire-sensible-inlei\/#primaryimage\",\"url\":\"https:\/\/www.art-natur.ch\/wp-content\/uploads\/2024\/09\/2519327898-Photoroom.png\",\"contentUrl\":\"https:\/\/www.art-natur.ch\/wp-content\/uploads\/2024\/09\/2519327898-Photoroom.png\",\"width\":600,\"height\":800},{\"@type\":\"BreadcrumbList\",\"@id\":\"https:\/\/www.art-natur.ch\/fr\/produit\/cire-sensible-inlei\/#breadcrumb\",\"itemListElement\":[{\"@type\":\"ListItem\",\"position\":1,\"name\":\"Home\",\"item\":\"https:\/\/www.art-natur.ch\/fr\/\"},{\"@type\":\"ListItem\",\"position\":2,\"name\":\"Boutique\",\"item\":\"https:\/\/www.art-natur.ch\/shop\/\"},{\"@type\":\"ListItem\",\"position\":3,\"name\":\"Cire sensible InLei\"}]},{\"@type\":\"WebSite\",\"@id\":\"https:\/\/www.art-natur.ch\/fr\/#website\",\"url\":\"https:\/\/www.art-natur.ch\/fr\/\",\"name\":\"LASHES&amp;BROWS by Nataliya Reinhard\",\"description\":\"High-quality lash and brow services with attention to every detail\",\"potentialAction\":[{\"@type\":\"SearchAction\",\"target\":{\"@type\":\"EntryPoint\",\"urlTemplate\":\"https:\/\/www.art-natur.ch\/fr\/?s={search_term_string}\"},\"query-input\":{\"@type\":\"PropertyValueSpecification\",\"valueRequired\":true,\"valueName\":\"search_term_string\"}}],\"inLanguage\":\"fr-FR\"}]}<\/script>\n<!-- \/ Yoast SEO plugin. -->","yoast_head_json":{"title":"Cire sensible InLei - LASHES&amp;BROWS by Nataliya Reinhard","description":"La cire InLei\u00ae Sensitive est id\u00e9ale pour \u00e9piler le visage sensible. Elle \u00e9limine m\u00eame les poils courts, laissant la peau douce jusqu'\u00e0 quatre semaines.","robots":{"index":"index","follow":"follow","max-snippet":"max-snippet:-1","max-image-preview":"max-image-preview:large","max-video-preview":"max-video-preview:-1"},"canonical":"https:\/\/www.art-natur.ch\/fr\/produit\/cire-sensible-inlei\/","og_locale":"fr_FR","og_type":"article","og_title":"Cire sensible InLei - LASHES&amp;BROWS by Nataliya Reinhard","og_description":"La cire InLei\u00ae Sensitive est id\u00e9ale pour \u00e9piler le visage sensible. Elle \u00e9limine m\u00eame les poils courts, laissant la peau douce jusqu'\u00e0 quatre semaines.","og_url":"https:\/\/www.art-natur.ch\/fr\/produit\/cire-sensible-inlei\/","og_site_name":"LASHES&amp;BROWS by Nataliya Reinhard","article_modified_time":"2024-10-13T22:46:58+00:00","og_image":[{"width":600,"height":800,"url":"https:\/\/www.art-natur.ch\/wp-content\/uploads\/2024\/09\/2519327898-Photoroom.png","type":"image\/png"}],"twitter_card":"summary_large_image","twitter_misc":{"Dur\u00e9e de lecture estim\u00e9e":"3 minutes"},"schema":{"@context":"https:\/\/schema.org","@graph":[{"@type":"WebPage","@id":"https:\/\/www.art-natur.ch\/fr\/produit\/cire-sensible-inlei\/","url":"https:\/\/www.art-natur.ch\/fr\/produit\/cire-sensible-inlei\/","name":"Cire sensible InLei - LASHES&amp;BROWS by Nataliya Reinhard","isPartOf":{"@id":"https:\/\/www.art-natur.ch\/fr\/#website"},"primaryImageOfPage":{"@id":"https:\/\/www.art-natur.ch\/fr\/produit\/cire-sensible-inlei\/#primaryimage"},"image":{"@id":"https:\/\/www.art-natur.ch\/fr\/produit\/cire-sensible-inlei\/#primaryimage"},"thumbnailUrl":"https:\/\/www.art-natur.ch\/wp-content\/uploads\/2024\/09\/2519327898-Photoroom.png","datePublished":"2024-09-22T19:49:48+00:00","dateModified":"2024-10-13T22:46:58+00:00","description":"La cire InLei\u00ae Sensitive est id\u00e9ale pour \u00e9piler le visage sensible. Elle \u00e9limine m\u00eame les poils courts, laissant la peau douce jusqu'\u00e0 quatre semaines.","breadcrumb":{"@id":"https:\/\/www.art-natur.ch\/fr\/produit\/cire-sensible-inlei\/#breadcrumb"},"inLanguage":"fr-FR","potentialAction":[{"@type":"ReadAction","target":["https:\/\/www.art-natur.ch\/fr\/produit\/cire-sensible-inlei\/"]}]},{"@type":"ImageObject","inLanguage":"fr-FR","@id":"https:\/\/www.art-natur.ch\/fr\/produit\/cire-sensible-inlei\/#primaryimage","url":"https:\/\/www.art-natur.ch\/wp-content\/uploads\/2024\/09\/2519327898-Photoroom.png","contentUrl":"https:\/\/www.art-natur.ch\/wp-content\/uploads\/2024\/09\/2519327898-Photoroom.png","width":600,"height":800},{"@type":"BreadcrumbList","@id":"https:\/\/www.art-natur.ch\/fr\/produit\/cire-sensible-inlei\/#breadcrumb","itemListElement":[{"@type":"ListItem","position":1,"name":"Home","item":"https:\/\/www.art-natur.ch\/fr\/"},{"@type":"ListItem","position":2,"name":"Boutique","item":"https:\/\/www.art-natur.ch\/shop\/"},{"@type":"ListItem","position":3,"name":"Cire sensible InLei"}]},{"@type":"WebSite","@id":"https:\/\/www.art-natur.ch\/fr\/#website","url":"https:\/\/www.art-natur.ch\/fr\/","name":"LASHES&amp;BROWS by Nataliya Reinhard","description":"High-quality lash and brow services with attention to every detail","potentialAction":[{"@type":"SearchAction","target":{"@type":"EntryPoint","urlTemplate":"https:\/\/www.art-natur.ch\/fr\/?s={search_term_string}"},"query-input":{"@type":"PropertyValueSpecification","valueRequired":true,"valueName":"search_term_string"}}],"inLanguage":"fr-FR"}]}},"_links":{"self":[{"href":"https:\/\/www.art-natur.ch\/fr\/wp-json\/wp\/v2\/product\/1106","targetHints":{"allow":["GET"]}}],"collection":[{"href":"https:\/\/www.art-natur.ch\/fr\/wp-json\/wp\/v2\/product"}],"about":[{"href":"https:\/\/www.art-natur.ch\/fr\/wp-json\/wp\/v2\/types\/product"}],"wp:featuredmedia":[{"embeddable":true,"href":"https:\/\/www.art-natur.ch\/fr\/wp-json\/wp\/v2\/media\/8282"}],"wp:attachment":[{"href":"https:\/\/www.art-natur.ch\/fr\/wp-json\/wp\/v2\/media?parent=1106"}],"wp:term":[{"taxonomy":"product_cat","embeddable":true,"href":"https:\/\/www.art-natur.ch\/fr\/wp-json\/wp\/v2\/product_cat?post=1106"},{"taxonomy":"product_tag","embeddable":true,"href":"https:\/\/www.art-natur.ch\/fr\/wp-json\/wp\/v2\/product_tag?post=1106"}],"curies":[{"name":"wp","href":"https:\/\/api.w.org\/{rel}","templated":true}]}}