{"id":11387,"date":"2025-07-05T07:02:21","date_gmt":"2025-07-05T06:02:21","guid":{"rendered":"https:\/\/www.art-natur.ch\/product\/cole-time\/"},"modified":"2025-07-05T07:15:41","modified_gmt":"2025-07-05T06:15:41","slug":"cole-time","status":"publish","type":"product","link":"https:\/\/www.art-natur.ch\/fr\/produit\/cole-time\/","title":{"rendered":"Colle pour cils Time"},"content":{"rendered":"<p data-start=\"1110\" data-end=\"1242\"><strong data-start=\"1110\" data-end=\"1122\">Taille :<\/strong>\u00a05 ml, 10 ml<br data-start=\"1140\" data-end=\"1143\" \/><strong data-start=\"1143\" data-end=\"1156\">Couleur :<\/strong> Noir<br data-start=\"1161\" data-end=\"1164\" \/><strong data-start=\"1164\" data-end=\"1186\">Temps de s\u00e9chage :<\/strong> 0,5 seconde<br data-start=\"1198\" data-end=\"1201\" \/><strong data-start=\"1201\" data-end=\"1221\">Dur\u00e9e de tenue :<\/strong> Jusqu&rsquo;\u00e0 8 semaines<\/p>\n<p data-start=\"1244\" data-end=\"1378\"><strong data-start=\"1244\" data-end=\"1301\">Conditions optimales pour l&rsquo;utilisation de la colle :<\/strong> Temp\u00e9rature ambiante de 18 \u00b0C \u00e0 26 \u00b0C, humidit\u00e9 de l&rsquo;air entre 30 % et 70 %.<\/p>\n<p data-start=\"1380\" data-end=\"1548\"><strong data-start=\"1380\" data-end=\"1399\">Mode d\u2019emploi :<\/strong> Secouer la colle \u00e0 l\u2019horizontale, d\u00e9poser une goutte sur la surface pr\u00e9vue, tremper le cil artificiel dans la colle et le coller sur le cil naturel.<\/p>\n<p data-start=\"1550\" data-end=\"1654\"><strong data-start=\"1550\" data-end=\"1567\">Ingr\u00e9dients :<\/strong> \u00c9thyl cyanoacrylate, Polym\u00e9thacrylate de m\u00e9thyle, \u00c9thoxy\u00e9thyl cyanoacrylate, Cl 77266.<\/p>\n<p data-start=\"1656\" data-end=\"1894\"><strong data-start=\"1656\" data-end=\"1697\">Conditions de stockage recommand\u00e9es :<\/strong> Conserver dans un endroit frais et sombre, \u00e0 une temp\u00e9rature de 0 \u00b0C \u00e0 5 \u00b0C. Prot\u00e9ger de la lumi\u00e8re directe, des sources de chaleur et de la lumi\u00e8re. Ne pas conserver l&#8217;emballage ouvert ou humide.<\/p>\n<p data-start=\"1896\" data-end=\"2127\"><strong data-start=\"1896\" data-end=\"1913\">Pr\u00e9cautions :<\/strong> \u00c9viter tout contact direct avec les yeux. En cas de contact avec les yeux, rincer imm\u00e9diatement \u00e0 l&rsquo;eau ti\u00e8de et consulter un m\u00e9decin si n\u00e9cessaire. Tenir hors de port\u00e9e des enfants. Pour usage externe uniquement.<\/p>\n<p data-start=\"2129\" data-end=\"2157\"><strong data-start=\"2129\" data-end=\"2157\">Fabriqu\u00e9 en Cor\u00e9e du Sud<\/strong><\/p>\n","protected":false},"excerpt":{"rendered":"<p>Taille :\u00a05 ml, 10 mlCouleur : NoirTemps de s\u00e9chage : 0,5 secondeDur\u00e9e de tenue : Jusqu&rsquo;\u00e0 8 semaines Conditions optimales pour l&rsquo;utilisation de la colle : Temp\u00e9rature ambiante de 18 \u00b0C \u00e0 26 \u00b0C, humidit\u00e9 de l&rsquo;air entre 30 % et 70 %. Mode d\u2019emploi : Secouer la colle \u00e0 l\u2019horizontale, d\u00e9poser une goutte sur [&hellip;]<\/p>\n","protected":false},"featured_media":11371,"template":"","meta":{"_acf_changed":false,"inline_featured_image":false},"product_cat":[116,179],"product_tag":[],"class_list":{"0":"post-11387","1":"product","2":"type-product","3":"status-publish","4":"has-post-thumbnail","6":"product_brand-lovely","7":"product_cat-extension-de-cils","8":"product_cat-les-colles","10":"first","11":"instock","12":"shipping-taxable","13":"purchasable","14":"product-type-simple"},"acf":[],"yoast_head":"<!-- This site is optimized with the Yoast SEO plugin v26.6 - https:\/\/yoast.com\/wordpress\/plugins\/seo\/ -->\n<title>Colle pour cils Time - LASHES&amp;BROWS by Nataliya Reinhard<\/title>\n<meta name=\"robots\" content=\"index, follow, max-snippet:-1, max-image-preview:large, max-video-preview:-1\" \/>\n<link rel=\"canonical\" href=\"https:\/\/www.art-natur.ch\/fr\/produit\/cole-time\/\" \/>\n<meta property=\"og:locale\" content=\"fr_FR\" \/>\n<meta property=\"og:type\" content=\"article\" \/>\n<meta property=\"og:title\" content=\"Colle pour cils Time - LASHES&amp;BROWS by Nataliya Reinhard\" \/>\n<meta property=\"og:description\" content=\"Taille :\u00a05 ml, 10 mlCouleur : NoirTemps de s\u00e9chage : 0,5 secondeDur\u00e9e de tenue : Jusqu&rsquo;\u00e0 8 semaines Conditions optimales pour l&rsquo;utilisation de la colle : Temp\u00e9rature ambiante de 18 \u00b0C \u00e0 26 \u00b0C, humidit\u00e9 de l&rsquo;air entre 30 % et 70 %. Mode d\u2019emploi : Secouer la colle \u00e0 l\u2019horizontale, d\u00e9poser une goutte sur [&hellip;]\" \/>\n<meta property=\"og:url\" content=\"https:\/\/www.art-natur.ch\/fr\/produit\/cole-time\/\" \/>\n<meta property=\"og:site_name\" content=\"LASHES&amp;BROWS by Nataliya Reinhard\" \/>\n<meta property=\"article:modified_time\" content=\"2025-07-05T06:15:41+00:00\" \/>\n<meta name=\"twitter:card\" content=\"summary_large_image\" \/>\n<meta name=\"twitter:label1\" content=\"Dur\u00e9e de lecture estim\u00e9e\" \/>\n\t<meta name=\"twitter:data1\" content=\"1 minute\" \/>\n<script type=\"application\/ld+json\" class=\"yoast-schema-graph\">{\"@context\":\"https:\/\/schema.org\",\"@graph\":[{\"@type\":\"WebPage\",\"@id\":\"https:\/\/www.art-natur.ch\/fr\/produit\/cole-time\/\",\"url\":\"https:\/\/www.art-natur.ch\/fr\/produit\/cole-time\/\",\"name\":\"Colle pour cils Time - LASHES&amp;BROWS by Nataliya Reinhard\",\"isPartOf\":{\"@id\":\"https:\/\/www.art-natur.ch\/fr\/#website\"},\"primaryImageOfPage\":{\"@id\":\"https:\/\/www.art-natur.ch\/fr\/produit\/cole-time\/#primaryimage\"},\"image\":{\"@id\":\"https:\/\/www.art-natur.ch\/fr\/produit\/cole-time\/#primaryimage\"},\"thumbnailUrl\":\"https:\/\/www.art-natur.ch\/wp-content\/uploads\/2025\/07\/s-l16001.webp\",\"datePublished\":\"2025-07-05T06:02:21+00:00\",\"dateModified\":\"2025-07-05T06:15:41+00:00\",\"breadcrumb\":{\"@id\":\"https:\/\/www.art-natur.ch\/fr\/produit\/cole-time\/#breadcrumb\"},\"inLanguage\":\"fr-FR\",\"potentialAction\":[{\"@type\":\"ReadAction\",\"target\":[\"https:\/\/www.art-natur.ch\/fr\/produit\/cole-time\/\"]}]},{\"@type\":\"ImageObject\",\"inLanguage\":\"fr-FR\",\"@id\":\"https:\/\/www.art-natur.ch\/fr\/produit\/cole-time\/#primaryimage\",\"url\":\"https:\/\/www.art-natur.ch\/wp-content\/uploads\/2025\/07\/s-l16001.webp\",\"contentUrl\":\"https:\/\/www.art-natur.ch\/wp-content\/uploads\/2025\/07\/s-l16001.webp\",\"width\":1600,\"height\":1600},{\"@type\":\"BreadcrumbList\",\"@id\":\"https:\/\/www.art-natur.ch\/fr\/produit\/cole-time\/#breadcrumb\",\"itemListElement\":[{\"@type\":\"ListItem\",\"position\":1,\"name\":\"Home\",\"item\":\"https:\/\/www.art-natur.ch\/fr\/\"},{\"@type\":\"ListItem\",\"position\":2,\"name\":\"Boutique\",\"item\":\"https:\/\/www.art-natur.ch\/shop\/\"},{\"@type\":\"ListItem\",\"position\":3,\"name\":\"Colle pour cils Time\"}]},{\"@type\":\"WebSite\",\"@id\":\"https:\/\/www.art-natur.ch\/fr\/#website\",\"url\":\"https:\/\/www.art-natur.ch\/fr\/\",\"name\":\"LASHES&amp;BROWS by Nataliya Reinhard\",\"description\":\"High-quality lash and brow services with attention to every detail\",\"potentialAction\":[{\"@type\":\"SearchAction\",\"target\":{\"@type\":\"EntryPoint\",\"urlTemplate\":\"https:\/\/www.art-natur.ch\/fr\/?s={search_term_string}\"},\"query-input\":{\"@type\":\"PropertyValueSpecification\",\"valueRequired\":true,\"valueName\":\"search_term_string\"}}],\"inLanguage\":\"fr-FR\"}]}<\/script>\n<!-- \/ Yoast SEO plugin. -->","yoast_head_json":{"title":"Colle pour cils Time - LASHES&amp;BROWS by Nataliya Reinhard","robots":{"index":"index","follow":"follow","max-snippet":"max-snippet:-1","max-image-preview":"max-image-preview:large","max-video-preview":"max-video-preview:-1"},"canonical":"https:\/\/www.art-natur.ch\/fr\/produit\/cole-time\/","og_locale":"fr_FR","og_type":"article","og_title":"Colle pour cils Time - LASHES&amp;BROWS by Nataliya Reinhard","og_description":"Taille :\u00a05 ml, 10 mlCouleur : NoirTemps de s\u00e9chage : 0,5 secondeDur\u00e9e de tenue : Jusqu&rsquo;\u00e0 8 semaines Conditions optimales pour l&rsquo;utilisation de la colle : Temp\u00e9rature ambiante de 18 \u00b0C \u00e0 26 \u00b0C, humidit\u00e9 de l&rsquo;air entre 30 % et 70 %. Mode d\u2019emploi : Secouer la colle \u00e0 l\u2019horizontale, d\u00e9poser une goutte sur [&hellip;]","og_url":"https:\/\/www.art-natur.ch\/fr\/produit\/cole-time\/","og_site_name":"LASHES&amp;BROWS by Nataliya Reinhard","article_modified_time":"2025-07-05T06:15:41+00:00","twitter_card":"summary_large_image","twitter_misc":{"Dur\u00e9e de lecture estim\u00e9e":"1 minute"},"schema":{"@context":"https:\/\/schema.org","@graph":[{"@type":"WebPage","@id":"https:\/\/www.art-natur.ch\/fr\/produit\/cole-time\/","url":"https:\/\/www.art-natur.ch\/fr\/produit\/cole-time\/","name":"Colle pour cils Time - LASHES&amp;BROWS by Nataliya Reinhard","isPartOf":{"@id":"https:\/\/www.art-natur.ch\/fr\/#website"},"primaryImageOfPage":{"@id":"https:\/\/www.art-natur.ch\/fr\/produit\/cole-time\/#primaryimage"},"image":{"@id":"https:\/\/www.art-natur.ch\/fr\/produit\/cole-time\/#primaryimage"},"thumbnailUrl":"https:\/\/www.art-natur.ch\/wp-content\/uploads\/2025\/07\/s-l16001.webp","datePublished":"2025-07-05T06:02:21+00:00","dateModified":"2025-07-05T06:15:41+00:00","breadcrumb":{"@id":"https:\/\/www.art-natur.ch\/fr\/produit\/cole-time\/#breadcrumb"},"inLanguage":"fr-FR","potentialAction":[{"@type":"ReadAction","target":["https:\/\/www.art-natur.ch\/fr\/produit\/cole-time\/"]}]},{"@type":"ImageObject","inLanguage":"fr-FR","@id":"https:\/\/www.art-natur.ch\/fr\/produit\/cole-time\/#primaryimage","url":"https:\/\/www.art-natur.ch\/wp-content\/uploads\/2025\/07\/s-l16001.webp","contentUrl":"https:\/\/www.art-natur.ch\/wp-content\/uploads\/2025\/07\/s-l16001.webp","width":1600,"height":1600},{"@type":"BreadcrumbList","@id":"https:\/\/www.art-natur.ch\/fr\/produit\/cole-time\/#breadcrumb","itemListElement":[{"@type":"ListItem","position":1,"name":"Home","item":"https:\/\/www.art-natur.ch\/fr\/"},{"@type":"ListItem","position":2,"name":"Boutique","item":"https:\/\/www.art-natur.ch\/shop\/"},{"@type":"ListItem","position":3,"name":"Colle pour cils Time"}]},{"@type":"WebSite","@id":"https:\/\/www.art-natur.ch\/fr\/#website","url":"https:\/\/www.art-natur.ch\/fr\/","name":"LASHES&amp;BROWS by Nataliya Reinhard","description":"High-quality lash and brow services with attention to every detail","potentialAction":[{"@type":"SearchAction","target":{"@type":"EntryPoint","urlTemplate":"https:\/\/www.art-natur.ch\/fr\/?s={search_term_string}"},"query-input":{"@type":"PropertyValueSpecification","valueRequired":true,"valueName":"search_term_string"}}],"inLanguage":"fr-FR"}]}},"_links":{"self":[{"href":"https:\/\/www.art-natur.ch\/fr\/wp-json\/wp\/v2\/product\/11387","targetHints":{"allow":["GET"]}}],"collection":[{"href":"https:\/\/www.art-natur.ch\/fr\/wp-json\/wp\/v2\/product"}],"about":[{"href":"https:\/\/www.art-natur.ch\/fr\/wp-json\/wp\/v2\/types\/product"}],"wp:featuredmedia":[{"embeddable":true,"href":"https:\/\/www.art-natur.ch\/fr\/wp-json\/wp\/v2\/media\/11371"}],"wp:attachment":[{"href":"https:\/\/www.art-natur.ch\/fr\/wp-json\/wp\/v2\/media?parent=11387"}],"wp:term":[{"taxonomy":"product_cat","embeddable":true,"href":"https:\/\/www.art-natur.ch\/fr\/wp-json\/wp\/v2\/product_cat?post=11387"},{"taxonomy":"product_tag","embeddable":true,"href":"https:\/\/www.art-natur.ch\/fr\/wp-json\/wp\/v2\/product_tag?post=11387"}],"curies":[{"name":"wp","href":"https:\/\/api.w.org\/{rel}","templated":true}]}}