{"id":11482,"date":"2025-07-14T18:26:56","date_gmt":"2025-07-14T17:26:56","guid":{"rendered":"https:\/\/www.art-natur.ch\/product\/lash-form-1-permanente-pour-cils-4-ml\/"},"modified":"2025-12-09T14:44:21","modified_gmt":"2025-12-09T13:44:21","slug":"lash-form-1-permanente-pour-cils-4-ml","status":"publish","type":"product","link":"https:\/\/www.art-natur.ch\/fr\/produit\/lash-form-1-permanente-pour-cils-4-ml\/","title":{"rendered":"LASH FORM 1 permanente pour cils 4 ml"},"content":{"rendered":"<p data-start=\"1448\" data-end=\"1609\"><strong data-start=\"1448\" data-end=\"1463\">Description<\/strong><br data-start=\"1463\" data-end=\"1466\" \/>InLei\u00ae Lash Form 1 est une permanente pour cils stable et efficace, sp\u00e9cifiquement con\u00e7ue pour les traitements LASH FILLER et LASH FILLER 25.9.<\/p>\n<ul data-start=\"1611\" data-end=\"1876\">\n<li data-start=\"1611\" data-end=\"1639\">\n<p data-start=\"1613\" data-end=\"1639\">100 % Fabriqu\u00e9 en Italie<\/p>\n<\/li>\n<li data-start=\"1640\" data-end=\"1669\">\n<p data-start=\"1642\" data-end=\"1669\">Produit certifi\u00e9 VEGAN OK<\/p>\n<\/li>\n<li data-start=\"1670\" data-end=\"1764\">\n<p data-start=\"1672\" data-end=\"1764\">Efficacit\u00e9 cliniquement test\u00e9e en collaboration avec un institut universitaire prestigieux<\/p>\n<\/li>\n<li data-start=\"1765\" data-end=\"1829\">\n<p data-start=\"1767\" data-end=\"1829\">\u00c0 utiliser exclusivement avec son fixateur InLei\u00ae Lash Fix 2<\/p>\n<\/li>\n<li data-start=\"1830\" data-end=\"1876\">\n<p data-start=\"1832\" data-end=\"1876\">Contenance : 4 ml = jusqu\u2019\u00e0 35 traitements<\/p>\n<\/li>\n<\/ul>\n<p data-start=\"1878\" data-end=\"2070\"><strong data-start=\"1878\" data-end=\"1890\">Mat\u00e9riau<\/strong><br data-start=\"1890\" data-end=\"1893\" \/>Son emballage primaire en verre est con\u00e7u pour \u00e9viter tout gaspillage de produit. Le flacon \u00e0 vis assure une fermeture herm\u00e9tique, prot\u00e9geant la formule des agents ext\u00e9rieurs.<\/p>\n<p data-start=\"2072\" data-end=\"2250\">Le c\u00e9l\u00e8bre bouchon sph\u00e9rique en polypropyl\u00e8ne l\u00e9ger et ultra-r\u00e9sistant est personnalis\u00e9 avec un motif en relief en forme de \u00ab\u00a0S\u00a0\u00bb, signe distinctif de la qualit\u00e9 italienne \u00e0 100 %.<\/p>\n<p data-start=\"2252\" data-end=\"2571\"><strong data-start=\"2252\" data-end=\"2272\">Principes actifs<\/strong><br data-start=\"2272\" data-end=\"2275\" \/>La formule efficace de la permanente InLei\u00ae Lash Form 1 est \u00e0 base de thioglycolate d\u2019ammonium, qui agit de mani\u00e8re s\u00fbre et douce sur les cils. Le pH alcalin de ce produit permet d\u2019ouvrir rapidement et pr\u00e9cis\u00e9ment les \u00e9cailles du poil sans l\u2019endommager, le pr\u00e9parant ainsi \u00e0 recevoir le fixateur.<\/p>\n","protected":false},"excerpt":{"rendered":"<p>DescriptionInLei\u00ae Lash Form 1 est une permanente pour cils stable et efficace, sp\u00e9cifiquement con\u00e7ue pour les traitements LASH FILLER et LASH FILLER 25.9. 100 % Fabriqu\u00e9 en Italie Produit certifi\u00e9 VEGAN OK Efficacit\u00e9 cliniquement test\u00e9e en collaboration avec un institut universitaire prestigieux \u00c0 utiliser exclusivement avec son fixateur InLei\u00ae Lash Fix 2 Contenance : 4 [&hellip;]<\/p>\n","protected":false},"featured_media":11469,"template":"","meta":{"_acf_changed":false,"inline_featured_image":false},"product_cat":[150,172],"product_tag":[],"class_list":{"0":"post-11482","1":"product","2":"type-product","3":"status-publish","4":"has-post-thumbnail","6":"product_brand-in-lei","7":"product_cat-rehaussement-des-cils","8":"product_cat-produits-pour-rehaussement-des-cils","10":"first","11":"instock","12":"shipping-taxable","13":"purchasable","14":"product-type-simple"},"acf":[],"yoast_head":"<!-- This site is optimized with the Yoast SEO plugin v26.6 - https:\/\/yoast.com\/wordpress\/plugins\/seo\/ -->\n<title>LASH FORM 1 permanente pour cils 4 ml - LASHES&amp;BROWS by Nataliya Reinhard<\/title>\n<meta name=\"robots\" content=\"index, follow, max-snippet:-1, max-image-preview:large, max-video-preview:-1\" \/>\n<link rel=\"canonical\" href=\"https:\/\/www.art-natur.ch\/fr\/produit\/lash-form-1-permanente-pour-cils-4-ml\/\" \/>\n<meta property=\"og:locale\" content=\"fr_FR\" \/>\n<meta property=\"og:type\" content=\"article\" \/>\n<meta property=\"og:title\" content=\"LASH FORM 1 permanente pour cils 4 ml - LASHES&amp;BROWS by Nataliya Reinhard\" \/>\n<meta property=\"og:description\" content=\"DescriptionInLei\u00ae Lash Form 1 est une permanente pour cils stable et efficace, sp\u00e9cifiquement con\u00e7ue pour les traitements LASH FILLER et LASH FILLER 25.9. 100 % Fabriqu\u00e9 en Italie Produit certifi\u00e9 VEGAN OK Efficacit\u00e9 cliniquement test\u00e9e en collaboration avec un institut universitaire prestigieux \u00c0 utiliser exclusivement avec son fixateur InLei\u00ae Lash Fix 2 Contenance : 4 [&hellip;]\" \/>\n<meta property=\"og:url\" content=\"https:\/\/www.art-natur.ch\/fr\/produit\/lash-form-1-permanente-pour-cils-4-ml\/\" \/>\n<meta property=\"og:site_name\" content=\"LASHES&amp;BROWS by Nataliya Reinhard\" \/>\n<meta property=\"article:modified_time\" content=\"2025-12-09T13:44:21+00:00\" \/>\n<meta property=\"og:image\" content=\"https:\/\/www.art-natur.ch\/wp-content\/uploads\/2025\/07\/INLEI-LASH-FORM-1-PERMANENTE-PER-CIGLIA-4ML-1_b4b86511-bf07-45cd-aa42-7d2da72c1b141.png\" \/>\n\t<meta property=\"og:image:width\" content=\"1800\" \/>\n\t<meta property=\"og:image:height\" content=\"2400\" \/>\n\t<meta property=\"og:image:type\" content=\"image\/png\" \/>\n<meta name=\"twitter:card\" content=\"summary_large_image\" \/>\n<meta name=\"twitter:label1\" content=\"Dur\u00e9e de lecture estim\u00e9e\" \/>\n\t<meta name=\"twitter:data1\" content=\"1 minute\" \/>\n<script type=\"application\/ld+json\" class=\"yoast-schema-graph\">{\"@context\":\"https:\/\/schema.org\",\"@graph\":[{\"@type\":\"WebPage\",\"@id\":\"https:\/\/www.art-natur.ch\/fr\/produit\/lash-form-1-permanente-pour-cils-4-ml\/\",\"url\":\"https:\/\/www.art-natur.ch\/fr\/produit\/lash-form-1-permanente-pour-cils-4-ml\/\",\"name\":\"LASH FORM 1 permanente pour cils 4 ml - LASHES&amp;BROWS by Nataliya Reinhard\",\"isPartOf\":{\"@id\":\"https:\/\/www.art-natur.ch\/fr\/#website\"},\"primaryImageOfPage\":{\"@id\":\"https:\/\/www.art-natur.ch\/fr\/produit\/lash-form-1-permanente-pour-cils-4-ml\/#primaryimage\"},\"image\":{\"@id\":\"https:\/\/www.art-natur.ch\/fr\/produit\/lash-form-1-permanente-pour-cils-4-ml\/#primaryimage\"},\"thumbnailUrl\":\"https:\/\/www.art-natur.ch\/wp-content\/uploads\/2025\/07\/INLEI-LASH-FORM-1-PERMANENTE-PER-CIGLIA-4ML-1_b4b86511-bf07-45cd-aa42-7d2da72c1b141.png\",\"datePublished\":\"2025-07-14T17:26:56+00:00\",\"dateModified\":\"2025-12-09T13:44:21+00:00\",\"breadcrumb\":{\"@id\":\"https:\/\/www.art-natur.ch\/fr\/produit\/lash-form-1-permanente-pour-cils-4-ml\/#breadcrumb\"},\"inLanguage\":\"fr-FR\",\"potentialAction\":[{\"@type\":\"ReadAction\",\"target\":[\"https:\/\/www.art-natur.ch\/fr\/produit\/lash-form-1-permanente-pour-cils-4-ml\/\"]}]},{\"@type\":\"ImageObject\",\"inLanguage\":\"fr-FR\",\"@id\":\"https:\/\/www.art-natur.ch\/fr\/produit\/lash-form-1-permanente-pour-cils-4-ml\/#primaryimage\",\"url\":\"https:\/\/www.art-natur.ch\/wp-content\/uploads\/2025\/07\/INLEI-LASH-FORM-1-PERMANENTE-PER-CIGLIA-4ML-1_b4b86511-bf07-45cd-aa42-7d2da72c1b141.png\",\"contentUrl\":\"https:\/\/www.art-natur.ch\/wp-content\/uploads\/2025\/07\/INLEI-LASH-FORM-1-PERMANENTE-PER-CIGLIA-4ML-1_b4b86511-bf07-45cd-aa42-7d2da72c1b141.png\",\"width\":1800,\"height\":2400},{\"@type\":\"BreadcrumbList\",\"@id\":\"https:\/\/www.art-natur.ch\/fr\/produit\/lash-form-1-permanente-pour-cils-4-ml\/#breadcrumb\",\"itemListElement\":[{\"@type\":\"ListItem\",\"position\":1,\"name\":\"Home\",\"item\":\"https:\/\/www.art-natur.ch\/fr\/\"},{\"@type\":\"ListItem\",\"position\":2,\"name\":\"Boutique\",\"item\":\"https:\/\/www.art-natur.ch\/shop\/\"},{\"@type\":\"ListItem\",\"position\":3,\"name\":\"LASH FORM 1 permanente pour cils 4 ml\"}]},{\"@type\":\"WebSite\",\"@id\":\"https:\/\/www.art-natur.ch\/fr\/#website\",\"url\":\"https:\/\/www.art-natur.ch\/fr\/\",\"name\":\"LASHES&amp;BROWS by Nataliya Reinhard\",\"description\":\"High-quality lash and brow services with attention to every detail\",\"potentialAction\":[{\"@type\":\"SearchAction\",\"target\":{\"@type\":\"EntryPoint\",\"urlTemplate\":\"https:\/\/www.art-natur.ch\/fr\/?s={search_term_string}\"},\"query-input\":{\"@type\":\"PropertyValueSpecification\",\"valueRequired\":true,\"valueName\":\"search_term_string\"}}],\"inLanguage\":\"fr-FR\"}]}<\/script>\n<!-- \/ Yoast SEO plugin. -->","yoast_head_json":{"title":"LASH FORM 1 permanente pour cils 4 ml - LASHES&amp;BROWS by Nataliya Reinhard","robots":{"index":"index","follow":"follow","max-snippet":"max-snippet:-1","max-image-preview":"max-image-preview:large","max-video-preview":"max-video-preview:-1"},"canonical":"https:\/\/www.art-natur.ch\/fr\/produit\/lash-form-1-permanente-pour-cils-4-ml\/","og_locale":"fr_FR","og_type":"article","og_title":"LASH FORM 1 permanente pour cils 4 ml - LASHES&amp;BROWS by Nataliya Reinhard","og_description":"DescriptionInLei\u00ae Lash Form 1 est une permanente pour cils stable et efficace, sp\u00e9cifiquement con\u00e7ue pour les traitements LASH FILLER et LASH FILLER 25.9. 100 % Fabriqu\u00e9 en Italie Produit certifi\u00e9 VEGAN OK Efficacit\u00e9 cliniquement test\u00e9e en collaboration avec un institut universitaire prestigieux \u00c0 utiliser exclusivement avec son fixateur InLei\u00ae Lash Fix 2 Contenance : 4 [&hellip;]","og_url":"https:\/\/www.art-natur.ch\/fr\/produit\/lash-form-1-permanente-pour-cils-4-ml\/","og_site_name":"LASHES&amp;BROWS by Nataliya Reinhard","article_modified_time":"2025-12-09T13:44:21+00:00","og_image":[{"width":1800,"height":2400,"url":"https:\/\/www.art-natur.ch\/wp-content\/uploads\/2025\/07\/INLEI-LASH-FORM-1-PERMANENTE-PER-CIGLIA-4ML-1_b4b86511-bf07-45cd-aa42-7d2da72c1b141.png","type":"image\/png"}],"twitter_card":"summary_large_image","twitter_misc":{"Dur\u00e9e de lecture estim\u00e9e":"1 minute"},"schema":{"@context":"https:\/\/schema.org","@graph":[{"@type":"WebPage","@id":"https:\/\/www.art-natur.ch\/fr\/produit\/lash-form-1-permanente-pour-cils-4-ml\/","url":"https:\/\/www.art-natur.ch\/fr\/produit\/lash-form-1-permanente-pour-cils-4-ml\/","name":"LASH FORM 1 permanente pour cils 4 ml - LASHES&amp;BROWS by Nataliya Reinhard","isPartOf":{"@id":"https:\/\/www.art-natur.ch\/fr\/#website"},"primaryImageOfPage":{"@id":"https:\/\/www.art-natur.ch\/fr\/produit\/lash-form-1-permanente-pour-cils-4-ml\/#primaryimage"},"image":{"@id":"https:\/\/www.art-natur.ch\/fr\/produit\/lash-form-1-permanente-pour-cils-4-ml\/#primaryimage"},"thumbnailUrl":"https:\/\/www.art-natur.ch\/wp-content\/uploads\/2025\/07\/INLEI-LASH-FORM-1-PERMANENTE-PER-CIGLIA-4ML-1_b4b86511-bf07-45cd-aa42-7d2da72c1b141.png","datePublished":"2025-07-14T17:26:56+00:00","dateModified":"2025-12-09T13:44:21+00:00","breadcrumb":{"@id":"https:\/\/www.art-natur.ch\/fr\/produit\/lash-form-1-permanente-pour-cils-4-ml\/#breadcrumb"},"inLanguage":"fr-FR","potentialAction":[{"@type":"ReadAction","target":["https:\/\/www.art-natur.ch\/fr\/produit\/lash-form-1-permanente-pour-cils-4-ml\/"]}]},{"@type":"ImageObject","inLanguage":"fr-FR","@id":"https:\/\/www.art-natur.ch\/fr\/produit\/lash-form-1-permanente-pour-cils-4-ml\/#primaryimage","url":"https:\/\/www.art-natur.ch\/wp-content\/uploads\/2025\/07\/INLEI-LASH-FORM-1-PERMANENTE-PER-CIGLIA-4ML-1_b4b86511-bf07-45cd-aa42-7d2da72c1b141.png","contentUrl":"https:\/\/www.art-natur.ch\/wp-content\/uploads\/2025\/07\/INLEI-LASH-FORM-1-PERMANENTE-PER-CIGLIA-4ML-1_b4b86511-bf07-45cd-aa42-7d2da72c1b141.png","width":1800,"height":2400},{"@type":"BreadcrumbList","@id":"https:\/\/www.art-natur.ch\/fr\/produit\/lash-form-1-permanente-pour-cils-4-ml\/#breadcrumb","itemListElement":[{"@type":"ListItem","position":1,"name":"Home","item":"https:\/\/www.art-natur.ch\/fr\/"},{"@type":"ListItem","position":2,"name":"Boutique","item":"https:\/\/www.art-natur.ch\/shop\/"},{"@type":"ListItem","position":3,"name":"LASH FORM 1 permanente pour cils 4 ml"}]},{"@type":"WebSite","@id":"https:\/\/www.art-natur.ch\/fr\/#website","url":"https:\/\/www.art-natur.ch\/fr\/","name":"LASHES&amp;BROWS by Nataliya Reinhard","description":"High-quality lash and brow services with attention to every detail","potentialAction":[{"@type":"SearchAction","target":{"@type":"EntryPoint","urlTemplate":"https:\/\/www.art-natur.ch\/fr\/?s={search_term_string}"},"query-input":{"@type":"PropertyValueSpecification","valueRequired":true,"valueName":"search_term_string"}}],"inLanguage":"fr-FR"}]}},"_links":{"self":[{"href":"https:\/\/www.art-natur.ch\/fr\/wp-json\/wp\/v2\/product\/11482","targetHints":{"allow":["GET"]}}],"collection":[{"href":"https:\/\/www.art-natur.ch\/fr\/wp-json\/wp\/v2\/product"}],"about":[{"href":"https:\/\/www.art-natur.ch\/fr\/wp-json\/wp\/v2\/types\/product"}],"wp:featuredmedia":[{"embeddable":true,"href":"https:\/\/www.art-natur.ch\/fr\/wp-json\/wp\/v2\/media\/11469"}],"wp:attachment":[{"href":"https:\/\/www.art-natur.ch\/fr\/wp-json\/wp\/v2\/media?parent=11482"}],"wp:term":[{"taxonomy":"product_cat","embeddable":true,"href":"https:\/\/www.art-natur.ch\/fr\/wp-json\/wp\/v2\/product_cat?post=11482"},{"taxonomy":"product_tag","embeddable":true,"href":"https:\/\/www.art-natur.ch\/fr\/wp-json\/wp\/v2\/product_tag?post=11482"}],"curies":[{"name":"wp","href":"https:\/\/api.w.org\/{rel}","templated":true}]}}