{"id":11500,"date":"2025-07-14T19:44:07","date_gmt":"2025-07-14T18:44:07","guid":{"rendered":"https:\/\/www.art-natur.ch\/product\/lash-fix-2-fixateur-pour-cils-4-ml\/"},"modified":"2025-12-09T14:44:21","modified_gmt":"2025-12-09T13:44:21","slug":"lash-fix-2-fixateur-pour-cils-4-ml","status":"publish","type":"product","link":"https:\/\/www.art-natur.ch\/fr\/produit\/lash-fix-2-fixateur-pour-cils-4-ml\/","title":{"rendered":"LASH FIX 2 \u2013 Fixateur pour cils 4 ml"},"content":{"rendered":"<p data-start=\"1540\" data-end=\"1708\"><strong data-start=\"1540\" data-end=\"1555\">Description<\/strong><br data-start=\"1555\" data-end=\"1558\" \/>InLei\u00ae Lash Fix 2 est un fixateur stable et efficace pour les cils, con\u00e7u sp\u00e9cifiquement pour les traitements <strong data-start=\"1668\" data-end=\"1683\">LASH FILLER<\/strong> et <strong data-start=\"1687\" data-end=\"1707\">LASH FILLER 25.9<\/strong>.<\/p>\n<ul data-start=\"1710\" data-end=\"1977\">\n<li data-start=\"1710\" data-end=\"1738\">\n<p data-start=\"1712\" data-end=\"1738\">100 % Fabriqu\u00e9 en Italie<\/p>\n<\/li>\n<li data-start=\"1739\" data-end=\"1768\">\n<p data-start=\"1741\" data-end=\"1768\">Produit certifi\u00e9 VEGAN OK<\/p>\n<\/li>\n<li data-start=\"1769\" data-end=\"1863\">\n<p data-start=\"1771\" data-end=\"1863\">Efficacit\u00e9 cliniquement test\u00e9e en collaboration avec un prestigieux institut universitaire<\/p>\n<\/li>\n<li data-start=\"1864\" data-end=\"1930\">\n<p data-start=\"1866\" data-end=\"1930\">\u00c0 utiliser exclusivement avec la permanente InLei\u00ae Lash Form 1<\/p>\n<\/li>\n<li data-start=\"1931\" data-end=\"1977\">\n<p data-start=\"1933\" data-end=\"1977\">Contenance : 4 ml = jusqu\u2019\u00e0 35 traitements<\/p>\n<\/li>\n<\/ul>\n<p data-start=\"1979\" data-end=\"2167\"><strong data-start=\"1979\" data-end=\"1991\">Mat\u00e9riau<\/strong><br data-start=\"1991\" data-end=\"1994\" \/>L\u2019emballage primaire en verre est con\u00e7u pour \u00e9viter tout gaspillage de produit. Le bouchon \u00e0 vis assure une fermeture herm\u00e9tique et prot\u00e8ge la formule des agents ext\u00e9rieurs.<\/p>\n<p data-start=\"2169\" data-end=\"2361\">Le bouchon sph\u00e9rique embl\u00e9matique, en polypropyl\u00e8ne l\u00e9ger et ultra-r\u00e9sistant, est personnalis\u00e9 avec un motif en relief en forme de <strong data-start=\"2300\" data-end=\"2305\">S<\/strong> \u2013 un signe distinctif de la qualit\u00e9 italienne \u00e0 100 % !<\/p>\n<p data-start=\"2363\" data-end=\"2747\"><strong data-start=\"2363\" data-end=\"2383\">Principes actifs<\/strong><br data-start=\"2383\" data-end=\"2386\" \/>Sa formule parfaitement \u00e9quilibr\u00e9e contient le bon pourcentage de <strong data-start=\"2452\" data-end=\"2476\">peroxyde d\u2019hydrog\u00e8ne<\/strong>, ce qui pr\u00e9pare la texture des cils \u00e0 l\u2019\u00e9tape suivante. Le fixateur InLei\u00ae Lash Fix 2 permet de \u00ab\u00a0sceller\u00a0\u00bb la courbure des cils selon la forme du rouleau utilis\u00e9. Il agit de mani\u00e8re s\u00fbre et rapide, en parfaite synergie avec le premier produit utilis\u00e9, InLei\u00ae Lash Form 1.<\/p>\n","protected":false},"excerpt":{"rendered":"<p>DescriptionInLei\u00ae Lash Fix 2 est un fixateur stable et efficace pour les cils, con\u00e7u sp\u00e9cifiquement pour les traitements LASH FILLER et LASH FILLER 25.9. 100 % Fabriqu\u00e9 en Italie Produit certifi\u00e9 VEGAN OK Efficacit\u00e9 cliniquement test\u00e9e en collaboration avec un prestigieux institut universitaire \u00c0 utiliser exclusivement avec la permanente InLei\u00ae Lash Form 1 Contenance : [&hellip;]<\/p>\n","protected":false},"featured_media":11488,"template":"","meta":{"_acf_changed":false,"inline_featured_image":false},"product_cat":[150,172],"product_tag":[],"class_list":{"0":"post-11500","1":"product","2":"type-product","3":"status-publish","4":"has-post-thumbnail","6":"product_brand-in-lei","7":"product_cat-rehaussement-des-cils","8":"product_cat-produits-pour-rehaussement-des-cils","10":"first","11":"instock","12":"shipping-taxable","13":"purchasable","14":"product-type-simple"},"acf":[],"yoast_head":"<!-- This site is optimized with the Yoast SEO plugin v26.6 - https:\/\/yoast.com\/wordpress\/plugins\/seo\/ -->\n<title>LASH FIX 2 \u2013 Fixateur pour cils 4 ml - LASHES&amp;BROWS by Nataliya Reinhard<\/title>\n<meta name=\"robots\" content=\"index, follow, max-snippet:-1, max-image-preview:large, max-video-preview:-1\" \/>\n<link rel=\"canonical\" href=\"https:\/\/www.art-natur.ch\/fr\/produit\/lash-fix-2-fixateur-pour-cils-4-ml\/\" \/>\n<meta property=\"og:locale\" content=\"fr_FR\" \/>\n<meta property=\"og:type\" content=\"article\" \/>\n<meta property=\"og:title\" content=\"LASH FIX 2 \u2013 Fixateur pour cils 4 ml - LASHES&amp;BROWS by Nataliya Reinhard\" \/>\n<meta property=\"og:description\" content=\"DescriptionInLei\u00ae Lash Fix 2 est un fixateur stable et efficace pour les cils, con\u00e7u sp\u00e9cifiquement pour les traitements LASH FILLER et LASH FILLER 25.9. 100 % Fabriqu\u00e9 en Italie Produit certifi\u00e9 VEGAN OK Efficacit\u00e9 cliniquement test\u00e9e en collaboration avec un prestigieux institut universitaire \u00c0 utiliser exclusivement avec la permanente InLei\u00ae Lash Form 1 Contenance : [&hellip;]\" \/>\n<meta property=\"og:url\" content=\"https:\/\/www.art-natur.ch\/fr\/produit\/lash-fix-2-fixateur-pour-cils-4-ml\/\" \/>\n<meta property=\"og:site_name\" content=\"LASHES&amp;BROWS by Nataliya Reinhard\" \/>\n<meta property=\"article:modified_time\" content=\"2025-12-09T13:44:21+00:00\" \/>\n<meta property=\"og:image\" content=\"https:\/\/www.art-natur.ch\/wp-content\/uploads\/2025\/07\/INLEI-LASH-FIX-2-FISSAGGIO-PER-CIGLIA-4ML-1_a5305d73-f5e3-4275-bf13-3dde033e976b1.png\" \/>\n\t<meta property=\"og:image:width\" content=\"1800\" \/>\n\t<meta property=\"og:image:height\" content=\"2400\" \/>\n\t<meta property=\"og:image:type\" content=\"image\/png\" \/>\n<meta name=\"twitter:card\" content=\"summary_large_image\" \/>\n<meta name=\"twitter:label1\" content=\"Dur\u00e9e de lecture estim\u00e9e\" \/>\n\t<meta name=\"twitter:data1\" content=\"1 minute\" \/>\n<script type=\"application\/ld+json\" class=\"yoast-schema-graph\">{\"@context\":\"https:\/\/schema.org\",\"@graph\":[{\"@type\":\"WebPage\",\"@id\":\"https:\/\/www.art-natur.ch\/fr\/produit\/lash-fix-2-fixateur-pour-cils-4-ml\/\",\"url\":\"https:\/\/www.art-natur.ch\/fr\/produit\/lash-fix-2-fixateur-pour-cils-4-ml\/\",\"name\":\"LASH FIX 2 \u2013 Fixateur pour cils 4 ml - LASHES&amp;BROWS by Nataliya Reinhard\",\"isPartOf\":{\"@id\":\"https:\/\/www.art-natur.ch\/fr\/#website\"},\"primaryImageOfPage\":{\"@id\":\"https:\/\/www.art-natur.ch\/fr\/produit\/lash-fix-2-fixateur-pour-cils-4-ml\/#primaryimage\"},\"image\":{\"@id\":\"https:\/\/www.art-natur.ch\/fr\/produit\/lash-fix-2-fixateur-pour-cils-4-ml\/#primaryimage\"},\"thumbnailUrl\":\"https:\/\/www.art-natur.ch\/wp-content\/uploads\/2025\/07\/INLEI-LASH-FIX-2-FISSAGGIO-PER-CIGLIA-4ML-1_a5305d73-f5e3-4275-bf13-3dde033e976b1.png\",\"datePublished\":\"2025-07-14T18:44:07+00:00\",\"dateModified\":\"2025-12-09T13:44:21+00:00\",\"breadcrumb\":{\"@id\":\"https:\/\/www.art-natur.ch\/fr\/produit\/lash-fix-2-fixateur-pour-cils-4-ml\/#breadcrumb\"},\"inLanguage\":\"fr-FR\",\"potentialAction\":[{\"@type\":\"ReadAction\",\"target\":[\"https:\/\/www.art-natur.ch\/fr\/produit\/lash-fix-2-fixateur-pour-cils-4-ml\/\"]}]},{\"@type\":\"ImageObject\",\"inLanguage\":\"fr-FR\",\"@id\":\"https:\/\/www.art-natur.ch\/fr\/produit\/lash-fix-2-fixateur-pour-cils-4-ml\/#primaryimage\",\"url\":\"https:\/\/www.art-natur.ch\/wp-content\/uploads\/2025\/07\/INLEI-LASH-FIX-2-FISSAGGIO-PER-CIGLIA-4ML-1_a5305d73-f5e3-4275-bf13-3dde033e976b1.png\",\"contentUrl\":\"https:\/\/www.art-natur.ch\/wp-content\/uploads\/2025\/07\/INLEI-LASH-FIX-2-FISSAGGIO-PER-CIGLIA-4ML-1_a5305d73-f5e3-4275-bf13-3dde033e976b1.png\",\"width\":1800,\"height\":2400},{\"@type\":\"BreadcrumbList\",\"@id\":\"https:\/\/www.art-natur.ch\/fr\/produit\/lash-fix-2-fixateur-pour-cils-4-ml\/#breadcrumb\",\"itemListElement\":[{\"@type\":\"ListItem\",\"position\":1,\"name\":\"Home\",\"item\":\"https:\/\/www.art-natur.ch\/fr\/\"},{\"@type\":\"ListItem\",\"position\":2,\"name\":\"Boutique\",\"item\":\"https:\/\/www.art-natur.ch\/shop\/\"},{\"@type\":\"ListItem\",\"position\":3,\"name\":\"LASH FIX 2 \u2013 Fixateur pour cils 4 ml\"}]},{\"@type\":\"WebSite\",\"@id\":\"https:\/\/www.art-natur.ch\/fr\/#website\",\"url\":\"https:\/\/www.art-natur.ch\/fr\/\",\"name\":\"LASHES&amp;BROWS by Nataliya Reinhard\",\"description\":\"High-quality lash and brow services with attention to every detail\",\"potentialAction\":[{\"@type\":\"SearchAction\",\"target\":{\"@type\":\"EntryPoint\",\"urlTemplate\":\"https:\/\/www.art-natur.ch\/fr\/?s={search_term_string}\"},\"query-input\":{\"@type\":\"PropertyValueSpecification\",\"valueRequired\":true,\"valueName\":\"search_term_string\"}}],\"inLanguage\":\"fr-FR\"}]}<\/script>\n<!-- \/ Yoast SEO plugin. -->","yoast_head_json":{"title":"LASH FIX 2 \u2013 Fixateur pour cils 4 ml - LASHES&amp;BROWS by Nataliya Reinhard","robots":{"index":"index","follow":"follow","max-snippet":"max-snippet:-1","max-image-preview":"max-image-preview:large","max-video-preview":"max-video-preview:-1"},"canonical":"https:\/\/www.art-natur.ch\/fr\/produit\/lash-fix-2-fixateur-pour-cils-4-ml\/","og_locale":"fr_FR","og_type":"article","og_title":"LASH FIX 2 \u2013 Fixateur pour cils 4 ml - LASHES&amp;BROWS by Nataliya Reinhard","og_description":"DescriptionInLei\u00ae Lash Fix 2 est un fixateur stable et efficace pour les cils, con\u00e7u sp\u00e9cifiquement pour les traitements LASH FILLER et LASH FILLER 25.9. 100 % Fabriqu\u00e9 en Italie Produit certifi\u00e9 VEGAN OK Efficacit\u00e9 cliniquement test\u00e9e en collaboration avec un prestigieux institut universitaire \u00c0 utiliser exclusivement avec la permanente InLei\u00ae Lash Form 1 Contenance : [&hellip;]","og_url":"https:\/\/www.art-natur.ch\/fr\/produit\/lash-fix-2-fixateur-pour-cils-4-ml\/","og_site_name":"LASHES&amp;BROWS by Nataliya Reinhard","article_modified_time":"2025-12-09T13:44:21+00:00","og_image":[{"width":1800,"height":2400,"url":"https:\/\/www.art-natur.ch\/wp-content\/uploads\/2025\/07\/INLEI-LASH-FIX-2-FISSAGGIO-PER-CIGLIA-4ML-1_a5305d73-f5e3-4275-bf13-3dde033e976b1.png","type":"image\/png"}],"twitter_card":"summary_large_image","twitter_misc":{"Dur\u00e9e de lecture estim\u00e9e":"1 minute"},"schema":{"@context":"https:\/\/schema.org","@graph":[{"@type":"WebPage","@id":"https:\/\/www.art-natur.ch\/fr\/produit\/lash-fix-2-fixateur-pour-cils-4-ml\/","url":"https:\/\/www.art-natur.ch\/fr\/produit\/lash-fix-2-fixateur-pour-cils-4-ml\/","name":"LASH FIX 2 \u2013 Fixateur pour cils 4 ml - LASHES&amp;BROWS by Nataliya Reinhard","isPartOf":{"@id":"https:\/\/www.art-natur.ch\/fr\/#website"},"primaryImageOfPage":{"@id":"https:\/\/www.art-natur.ch\/fr\/produit\/lash-fix-2-fixateur-pour-cils-4-ml\/#primaryimage"},"image":{"@id":"https:\/\/www.art-natur.ch\/fr\/produit\/lash-fix-2-fixateur-pour-cils-4-ml\/#primaryimage"},"thumbnailUrl":"https:\/\/www.art-natur.ch\/wp-content\/uploads\/2025\/07\/INLEI-LASH-FIX-2-FISSAGGIO-PER-CIGLIA-4ML-1_a5305d73-f5e3-4275-bf13-3dde033e976b1.png","datePublished":"2025-07-14T18:44:07+00:00","dateModified":"2025-12-09T13:44:21+00:00","breadcrumb":{"@id":"https:\/\/www.art-natur.ch\/fr\/produit\/lash-fix-2-fixateur-pour-cils-4-ml\/#breadcrumb"},"inLanguage":"fr-FR","potentialAction":[{"@type":"ReadAction","target":["https:\/\/www.art-natur.ch\/fr\/produit\/lash-fix-2-fixateur-pour-cils-4-ml\/"]}]},{"@type":"ImageObject","inLanguage":"fr-FR","@id":"https:\/\/www.art-natur.ch\/fr\/produit\/lash-fix-2-fixateur-pour-cils-4-ml\/#primaryimage","url":"https:\/\/www.art-natur.ch\/wp-content\/uploads\/2025\/07\/INLEI-LASH-FIX-2-FISSAGGIO-PER-CIGLIA-4ML-1_a5305d73-f5e3-4275-bf13-3dde033e976b1.png","contentUrl":"https:\/\/www.art-natur.ch\/wp-content\/uploads\/2025\/07\/INLEI-LASH-FIX-2-FISSAGGIO-PER-CIGLIA-4ML-1_a5305d73-f5e3-4275-bf13-3dde033e976b1.png","width":1800,"height":2400},{"@type":"BreadcrumbList","@id":"https:\/\/www.art-natur.ch\/fr\/produit\/lash-fix-2-fixateur-pour-cils-4-ml\/#breadcrumb","itemListElement":[{"@type":"ListItem","position":1,"name":"Home","item":"https:\/\/www.art-natur.ch\/fr\/"},{"@type":"ListItem","position":2,"name":"Boutique","item":"https:\/\/www.art-natur.ch\/shop\/"},{"@type":"ListItem","position":3,"name":"LASH FIX 2 \u2013 Fixateur pour cils 4 ml"}]},{"@type":"WebSite","@id":"https:\/\/www.art-natur.ch\/fr\/#website","url":"https:\/\/www.art-natur.ch\/fr\/","name":"LASHES&amp;BROWS by Nataliya Reinhard","description":"High-quality lash and brow services with attention to every detail","potentialAction":[{"@type":"SearchAction","target":{"@type":"EntryPoint","urlTemplate":"https:\/\/www.art-natur.ch\/fr\/?s={search_term_string}"},"query-input":{"@type":"PropertyValueSpecification","valueRequired":true,"valueName":"search_term_string"}}],"inLanguage":"fr-FR"}]}},"_links":{"self":[{"href":"https:\/\/www.art-natur.ch\/fr\/wp-json\/wp\/v2\/product\/11500","targetHints":{"allow":["GET"]}}],"collection":[{"href":"https:\/\/www.art-natur.ch\/fr\/wp-json\/wp\/v2\/product"}],"about":[{"href":"https:\/\/www.art-natur.ch\/fr\/wp-json\/wp\/v2\/types\/product"}],"wp:featuredmedia":[{"embeddable":true,"href":"https:\/\/www.art-natur.ch\/fr\/wp-json\/wp\/v2\/media\/11488"}],"wp:attachment":[{"href":"https:\/\/www.art-natur.ch\/fr\/wp-json\/wp\/v2\/media?parent=11500"}],"wp:term":[{"taxonomy":"product_cat","embeddable":true,"href":"https:\/\/www.art-natur.ch\/fr\/wp-json\/wp\/v2\/product_cat?post=11500"},{"taxonomy":"product_tag","embeddable":true,"href":"https:\/\/www.art-natur.ch\/fr\/wp-json\/wp\/v2\/product_tag?post=11500"}],"curies":[{"name":"wp","href":"https:\/\/api.w.org\/{rel}","templated":true}]}}