{"id":11517,"date":"2025-07-14T20:47:29","date_gmt":"2025-07-14T19:47:29","guid":{"rendered":"https:\/\/www.art-natur.ch\/product\/lash-filler-3-nutriment-vegan-pour-cils-4ml\/"},"modified":"2025-07-14T20:49:07","modified_gmt":"2025-07-14T19:49:07","slug":"lash-filler-3-nutriment-vegan-pour-cils-4ml","status":"publish","type":"product","link":"https:\/\/www.art-natur.ch\/fr\/produit\/lash-filler-3-nutriment-vegan-pour-cils-4ml\/","title":{"rendered":"LASH FILLER 3 nutriment v\u00e9gan pour cils 4ml"},"content":{"rendered":"<p data-start=\"2097\" data-end=\"2306\"><strong data-start=\"2147\" data-end=\"2162\">Description<\/strong><br data-start=\"2162\" data-end=\"2165\" \/>Filler nourrissant et repulpant pour les cils, sp\u00e9cifiquement con\u00e7u pour le traitement LASH FILLER 25.9. Formul\u00e9 \u00e0 base de k\u00e9ratine v\u00e9g\u00e9tale.<\/p>\n<ul data-start=\"2308\" data-end=\"2502\">\n<li data-start=\"2308\" data-end=\"2335\">\n<p data-start=\"2310\" data-end=\"2335\">100% Fabriqu\u00e9 en Italie<\/p>\n<\/li>\n<li data-start=\"2336\" data-end=\"2365\">\n<p data-start=\"2338\" data-end=\"2365\">Produit certifi\u00e9 VEGAN OK<\/p>\n<\/li>\n<li data-start=\"2366\" data-end=\"2460\">\n<p data-start=\"2368\" data-end=\"2460\">Efficacit\u00e9 cliniquement test\u00e9e en collaboration avec un prestigieux institut universitaire<\/p>\n<\/li>\n<li data-start=\"2461\" data-end=\"2502\">\n<p data-start=\"2463\" data-end=\"2502\">Contenu : 4 ml = jusqu&rsquo;\u00e0 35 traitements<\/p>\n<\/li>\n<\/ul>\n<p data-start=\"2504\" data-end=\"2683\"><strong data-start=\"2504\" data-end=\"2517\">Mat\u00e9riaux<\/strong><br data-start=\"2517\" data-end=\"2520\" \/>Son emballage primaire en verre est con\u00e7u pour \u00e9viter le gaspillage, et le flacon viss\u00e9 garantit que le produit reste bien scell\u00e9 et prot\u00e9g\u00e9 des agents ext\u00e9rieurs.<\/p>\n<p data-start=\"2685\" data-end=\"2827\">Le compte-gouttes est dot\u00e9 d&rsquo;une pipette en nitrile, un mat\u00e9riau hautement performant qui emp\u00eache la migration du produit \u00e0 haute temp\u00e9rature.<\/p>\n<p data-start=\"2829\" data-end=\"2992\"><strong data-start=\"2829\" data-end=\"2849\">Principes actifs<\/strong><br data-start=\"2849\" data-end=\"2852\" \/>InLei\u00ae Lash Filler 3 est l\u2019\u00e9lixir nourrissant au c\u0153ur du traitement Lash Filler 25.9. Sa pr\u00e9cieuse formulation d\u2019origine v\u00e9g\u00e9tale contient :<\/p>\n<ul data-start=\"2994\" data-end=\"3662\">\n<li data-start=\"2994\" data-end=\"3125\">\n<p data-start=\"2996\" data-end=\"3125\"><strong data-start=\"2996\" data-end=\"3020\">K\u00e9ratine v\u00e9g\u00e9tale 18<\/strong>, obtenue par un proc\u00e9d\u00e9 de fermentation de pointe \u2013 parfaite alternative v\u00e9gane \u00e0 la k\u00e9ratine animale.<\/p>\n<\/li>\n<li data-start=\"3126\" data-end=\"3234\">\n<p data-start=\"3128\" data-end=\"3234\"><strong data-start=\"3128\" data-end=\"3140\">Arginine<\/strong>, gr\u00e2ce \u00e0 sa charge positive, adh\u00e8re fortement aux poils naturellement charg\u00e9s n\u00e9gativement.<\/p>\n<\/li>\n<li data-start=\"3235\" data-end=\"3343\">\n<p data-start=\"3237\" data-end=\"3343\"><strong data-start=\"3237\" data-end=\"3250\">Glyc\u00e9rine<\/strong>, qui hydrate, forme une barri\u00e8re protectrice et rend les cils souples, r\u00e9sistants et doux.<\/p>\n<\/li>\n<li data-start=\"3344\" data-end=\"3548\">\n<p data-start=\"3346\" data-end=\"3548\"><strong data-start=\"3346\" data-end=\"3372\">Complexe r\u00e9\u00e9quilibrant<\/strong>, qui p\u00e9n\u00e8tre profond\u00e9ment, r\u00e9\u00e9quilibre le cycle folliculaire et favorise la croissance de cils plus longs et plus \u00e9pais \u2013 issu de germes de haricot mungo et de tr\u00e8fle rouge.<\/p>\n<\/li>\n<li data-start=\"3549\" data-end=\"3662\">\n<p data-start=\"3551\" data-end=\"3662\"><strong data-start=\"3551\" data-end=\"3577\">Biotinoyl Tripeptide-1<\/strong>, renforce les cils, stimule leur croissance et les rend plus volumineux et denses.<\/p>\n<\/li>\n<\/ul>\n","protected":false},"excerpt":{"rendered":"<p>DescriptionFiller nourrissant et repulpant pour les cils, sp\u00e9cifiquement con\u00e7u pour le traitement LASH FILLER 25.9. Formul\u00e9 \u00e0 base de k\u00e9ratine v\u00e9g\u00e9tale. 100% Fabriqu\u00e9 en Italie Produit certifi\u00e9 VEGAN OK Efficacit\u00e9 cliniquement test\u00e9e en collaboration avec un prestigieux institut universitaire Contenu : 4 ml = jusqu&rsquo;\u00e0 35 traitements Mat\u00e9riauxSon emballage primaire en verre est con\u00e7u pour [&hellip;]<\/p>\n","protected":false},"featured_media":11505,"template":"","meta":{"_acf_changed":false,"inline_featured_image":false},"product_cat":[150,172],"product_tag":[],"class_list":{"0":"post-11517","1":"product","2":"type-product","3":"status-publish","4":"has-post-thumbnail","6":"product_brand-in-lei","7":"product_cat-rehaussement-des-cils","8":"product_cat-produits-pour-rehaussement-des-cils","10":"first","11":"instock","12":"shipping-taxable","13":"purchasable","14":"product-type-simple"},"acf":[],"yoast_head":"<!-- This site is optimized with the Yoast SEO plugin v26.6 - https:\/\/yoast.com\/wordpress\/plugins\/seo\/ -->\n<title>LASH FILLER 3 nutriment v\u00e9gan pour cils 4ml - LASHES&amp;BROWS by Nataliya Reinhard<\/title>\n<meta name=\"robots\" content=\"index, follow, max-snippet:-1, max-image-preview:large, max-video-preview:-1\" \/>\n<link rel=\"canonical\" href=\"https:\/\/www.art-natur.ch\/fr\/produit\/lash-filler-3-nutriment-vegan-pour-cils-4ml\/\" \/>\n<meta property=\"og:locale\" content=\"fr_FR\" \/>\n<meta property=\"og:type\" content=\"article\" \/>\n<meta property=\"og:title\" content=\"LASH FILLER 3 nutriment v\u00e9gan pour cils 4ml - LASHES&amp;BROWS by Nataliya Reinhard\" \/>\n<meta property=\"og:description\" content=\"DescriptionFiller nourrissant et repulpant pour les cils, sp\u00e9cifiquement con\u00e7u pour le traitement LASH FILLER 25.9. Formul\u00e9 \u00e0 base de k\u00e9ratine v\u00e9g\u00e9tale. 100% Fabriqu\u00e9 en Italie Produit certifi\u00e9 VEGAN OK Efficacit\u00e9 cliniquement test\u00e9e en collaboration avec un prestigieux institut universitaire Contenu : 4 ml = jusqu&rsquo;\u00e0 35 traitements Mat\u00e9riauxSon emballage primaire en verre est con\u00e7u pour [&hellip;]\" \/>\n<meta property=\"og:url\" content=\"https:\/\/www.art-natur.ch\/fr\/produit\/lash-filler-3-nutriment-vegan-pour-cils-4ml\/\" \/>\n<meta property=\"og:site_name\" content=\"LASHES&amp;BROWS by Nataliya Reinhard\" \/>\n<meta property=\"article:modified_time\" content=\"2025-07-14T19:49:07+00:00\" \/>\n<meta property=\"og:image\" content=\"https:\/\/www.art-natur.ch\/wp-content\/uploads\/2025\/07\/2024_Jan17_Inlei505311.png\" \/>\n\t<meta property=\"og:image:width\" content=\"1800\" \/>\n\t<meta property=\"og:image:height\" content=\"2400\" \/>\n\t<meta property=\"og:image:type\" content=\"image\/png\" \/>\n<meta name=\"twitter:card\" content=\"summary_large_image\" \/>\n<meta name=\"twitter:label1\" content=\"Dur\u00e9e de lecture estim\u00e9e\" \/>\n\t<meta name=\"twitter:data1\" content=\"1 minute\" \/>\n<script type=\"application\/ld+json\" class=\"yoast-schema-graph\">{\"@context\":\"https:\/\/schema.org\",\"@graph\":[{\"@type\":\"WebPage\",\"@id\":\"https:\/\/www.art-natur.ch\/fr\/produit\/lash-filler-3-nutriment-vegan-pour-cils-4ml\/\",\"url\":\"https:\/\/www.art-natur.ch\/fr\/produit\/lash-filler-3-nutriment-vegan-pour-cils-4ml\/\",\"name\":\"LASH FILLER 3 nutriment v\u00e9gan pour cils 4ml - LASHES&amp;BROWS by Nataliya Reinhard\",\"isPartOf\":{\"@id\":\"https:\/\/www.art-natur.ch\/fr\/#website\"},\"primaryImageOfPage\":{\"@id\":\"https:\/\/www.art-natur.ch\/fr\/produit\/lash-filler-3-nutriment-vegan-pour-cils-4ml\/#primaryimage\"},\"image\":{\"@id\":\"https:\/\/www.art-natur.ch\/fr\/produit\/lash-filler-3-nutriment-vegan-pour-cils-4ml\/#primaryimage\"},\"thumbnailUrl\":\"https:\/\/www.art-natur.ch\/wp-content\/uploads\/2025\/07\/2024_Jan17_Inlei505311.png\",\"datePublished\":\"2025-07-14T19:47:29+00:00\",\"dateModified\":\"2025-07-14T19:49:07+00:00\",\"breadcrumb\":{\"@id\":\"https:\/\/www.art-natur.ch\/fr\/produit\/lash-filler-3-nutriment-vegan-pour-cils-4ml\/#breadcrumb\"},\"inLanguage\":\"fr-FR\",\"potentialAction\":[{\"@type\":\"ReadAction\",\"target\":[\"https:\/\/www.art-natur.ch\/fr\/produit\/lash-filler-3-nutriment-vegan-pour-cils-4ml\/\"]}]},{\"@type\":\"ImageObject\",\"inLanguage\":\"fr-FR\",\"@id\":\"https:\/\/www.art-natur.ch\/fr\/produit\/lash-filler-3-nutriment-vegan-pour-cils-4ml\/#primaryimage\",\"url\":\"https:\/\/www.art-natur.ch\/wp-content\/uploads\/2025\/07\/2024_Jan17_Inlei505311.png\",\"contentUrl\":\"https:\/\/www.art-natur.ch\/wp-content\/uploads\/2025\/07\/2024_Jan17_Inlei505311.png\",\"width\":1800,\"height\":2400},{\"@type\":\"BreadcrumbList\",\"@id\":\"https:\/\/www.art-natur.ch\/fr\/produit\/lash-filler-3-nutriment-vegan-pour-cils-4ml\/#breadcrumb\",\"itemListElement\":[{\"@type\":\"ListItem\",\"position\":1,\"name\":\"Home\",\"item\":\"https:\/\/www.art-natur.ch\/fr\/\"},{\"@type\":\"ListItem\",\"position\":2,\"name\":\"Boutique\",\"item\":\"https:\/\/www.art-natur.ch\/shop\/\"},{\"@type\":\"ListItem\",\"position\":3,\"name\":\"LASH FILLER 3 nutriment v\u00e9gan pour cils 4ml\"}]},{\"@type\":\"WebSite\",\"@id\":\"https:\/\/www.art-natur.ch\/fr\/#website\",\"url\":\"https:\/\/www.art-natur.ch\/fr\/\",\"name\":\"LASHES&amp;BROWS by Nataliya Reinhard\",\"description\":\"High-quality lash and brow services with attention to every detail\",\"potentialAction\":[{\"@type\":\"SearchAction\",\"target\":{\"@type\":\"EntryPoint\",\"urlTemplate\":\"https:\/\/www.art-natur.ch\/fr\/?s={search_term_string}\"},\"query-input\":{\"@type\":\"PropertyValueSpecification\",\"valueRequired\":true,\"valueName\":\"search_term_string\"}}],\"inLanguage\":\"fr-FR\"}]}<\/script>\n<!-- \/ Yoast SEO plugin. -->","yoast_head_json":{"title":"LASH FILLER 3 nutriment v\u00e9gan pour cils 4ml - LASHES&amp;BROWS by Nataliya Reinhard","robots":{"index":"index","follow":"follow","max-snippet":"max-snippet:-1","max-image-preview":"max-image-preview:large","max-video-preview":"max-video-preview:-1"},"canonical":"https:\/\/www.art-natur.ch\/fr\/produit\/lash-filler-3-nutriment-vegan-pour-cils-4ml\/","og_locale":"fr_FR","og_type":"article","og_title":"LASH FILLER 3 nutriment v\u00e9gan pour cils 4ml - LASHES&amp;BROWS by Nataliya Reinhard","og_description":"DescriptionFiller nourrissant et repulpant pour les cils, sp\u00e9cifiquement con\u00e7u pour le traitement LASH FILLER 25.9. Formul\u00e9 \u00e0 base de k\u00e9ratine v\u00e9g\u00e9tale. 100% Fabriqu\u00e9 en Italie Produit certifi\u00e9 VEGAN OK Efficacit\u00e9 cliniquement test\u00e9e en collaboration avec un prestigieux institut universitaire Contenu : 4 ml = jusqu&rsquo;\u00e0 35 traitements Mat\u00e9riauxSon emballage primaire en verre est con\u00e7u pour [&hellip;]","og_url":"https:\/\/www.art-natur.ch\/fr\/produit\/lash-filler-3-nutriment-vegan-pour-cils-4ml\/","og_site_name":"LASHES&amp;BROWS by Nataliya Reinhard","article_modified_time":"2025-07-14T19:49:07+00:00","og_image":[{"width":1800,"height":2400,"url":"https:\/\/www.art-natur.ch\/wp-content\/uploads\/2025\/07\/2024_Jan17_Inlei505311.png","type":"image\/png"}],"twitter_card":"summary_large_image","twitter_misc":{"Dur\u00e9e de lecture estim\u00e9e":"1 minute"},"schema":{"@context":"https:\/\/schema.org","@graph":[{"@type":"WebPage","@id":"https:\/\/www.art-natur.ch\/fr\/produit\/lash-filler-3-nutriment-vegan-pour-cils-4ml\/","url":"https:\/\/www.art-natur.ch\/fr\/produit\/lash-filler-3-nutriment-vegan-pour-cils-4ml\/","name":"LASH FILLER 3 nutriment v\u00e9gan pour cils 4ml - LASHES&amp;BROWS by Nataliya Reinhard","isPartOf":{"@id":"https:\/\/www.art-natur.ch\/fr\/#website"},"primaryImageOfPage":{"@id":"https:\/\/www.art-natur.ch\/fr\/produit\/lash-filler-3-nutriment-vegan-pour-cils-4ml\/#primaryimage"},"image":{"@id":"https:\/\/www.art-natur.ch\/fr\/produit\/lash-filler-3-nutriment-vegan-pour-cils-4ml\/#primaryimage"},"thumbnailUrl":"https:\/\/www.art-natur.ch\/wp-content\/uploads\/2025\/07\/2024_Jan17_Inlei505311.png","datePublished":"2025-07-14T19:47:29+00:00","dateModified":"2025-07-14T19:49:07+00:00","breadcrumb":{"@id":"https:\/\/www.art-natur.ch\/fr\/produit\/lash-filler-3-nutriment-vegan-pour-cils-4ml\/#breadcrumb"},"inLanguage":"fr-FR","potentialAction":[{"@type":"ReadAction","target":["https:\/\/www.art-natur.ch\/fr\/produit\/lash-filler-3-nutriment-vegan-pour-cils-4ml\/"]}]},{"@type":"ImageObject","inLanguage":"fr-FR","@id":"https:\/\/www.art-natur.ch\/fr\/produit\/lash-filler-3-nutriment-vegan-pour-cils-4ml\/#primaryimage","url":"https:\/\/www.art-natur.ch\/wp-content\/uploads\/2025\/07\/2024_Jan17_Inlei505311.png","contentUrl":"https:\/\/www.art-natur.ch\/wp-content\/uploads\/2025\/07\/2024_Jan17_Inlei505311.png","width":1800,"height":2400},{"@type":"BreadcrumbList","@id":"https:\/\/www.art-natur.ch\/fr\/produit\/lash-filler-3-nutriment-vegan-pour-cils-4ml\/#breadcrumb","itemListElement":[{"@type":"ListItem","position":1,"name":"Home","item":"https:\/\/www.art-natur.ch\/fr\/"},{"@type":"ListItem","position":2,"name":"Boutique","item":"https:\/\/www.art-natur.ch\/shop\/"},{"@type":"ListItem","position":3,"name":"LASH FILLER 3 nutriment v\u00e9gan pour cils 4ml"}]},{"@type":"WebSite","@id":"https:\/\/www.art-natur.ch\/fr\/#website","url":"https:\/\/www.art-natur.ch\/fr\/","name":"LASHES&amp;BROWS by Nataliya Reinhard","description":"High-quality lash and brow services with attention to every detail","potentialAction":[{"@type":"SearchAction","target":{"@type":"EntryPoint","urlTemplate":"https:\/\/www.art-natur.ch\/fr\/?s={search_term_string}"},"query-input":{"@type":"PropertyValueSpecification","valueRequired":true,"valueName":"search_term_string"}}],"inLanguage":"fr-FR"}]}},"_links":{"self":[{"href":"https:\/\/www.art-natur.ch\/fr\/wp-json\/wp\/v2\/product\/11517","targetHints":{"allow":["GET"]}}],"collection":[{"href":"https:\/\/www.art-natur.ch\/fr\/wp-json\/wp\/v2\/product"}],"about":[{"href":"https:\/\/www.art-natur.ch\/fr\/wp-json\/wp\/v2\/types\/product"}],"wp:featuredmedia":[{"embeddable":true,"href":"https:\/\/www.art-natur.ch\/fr\/wp-json\/wp\/v2\/media\/11505"}],"wp:attachment":[{"href":"https:\/\/www.art-natur.ch\/fr\/wp-json\/wp\/v2\/media?parent=11517"}],"wp:term":[{"taxonomy":"product_cat","embeddable":true,"href":"https:\/\/www.art-natur.ch\/fr\/wp-json\/wp\/v2\/product_cat?post=11517"},{"taxonomy":"product_tag","embeddable":true,"href":"https:\/\/www.art-natur.ch\/fr\/wp-json\/wp\/v2\/product_tag?post=11517"}],"curies":[{"name":"wp","href":"https:\/\/api.w.org\/{rel}","templated":true}]}}