{"id":11533,"date":"2025-07-14T21:00:15","date_gmt":"2025-07-14T20:00:15","guid":{"rendered":"https:\/\/www.art-natur.ch\/product\/lash-molecular-4-reconstruction-moleculaire-pour-cils-et-sourcils-15-ml\/"},"modified":"2025-07-14T21:03:47","modified_gmt":"2025-07-14T20:03:47","slug":"lash-molecular-4-reconstruction-moleculaire-pour-cils-et-sourcils-15-ml","status":"publish","type":"product","link":"https:\/\/www.art-natur.ch\/fr\/produit\/lash-molecular-4-reconstruction-moleculaire-pour-cils-et-sourcils-15-ml\/","title":{"rendered":"LASH MOLECULAR 4 \u2013 Reconstruction mol\u00e9culaire pour cils et sourcils \u2013 15 ml"},"content":{"rendered":"<p data-start=\"2016\" data-end=\"2329\"><strong data-start=\"2016\" data-end=\"2031\">Description<\/strong><br data-start=\"2031\" data-end=\"2034\" \/>InLei\u00ae Lash Molecular 4 est un gel sans rin\u00e7age prestigieux qui renforce l\u2019effet b\u00e9n\u00e9fique des produits pr\u00e9c\u00e9demment appliqu\u00e9s lors du traitement Lash Filler 25.9. Il r\u00e9\u00e9quilibre la structure du poil en am\u00e9liorant tous ses aspects : brillance, force, tenue de la couleur, compacit\u00e9 et souplesse.<\/p>\n<ul data-start=\"2331\" data-end=\"2531\">\n<li data-start=\"2331\" data-end=\"2358\">\n<p data-start=\"2333\" data-end=\"2358\">100% Fabriqu\u00e9 en Italie<\/p>\n<\/li>\n<li data-start=\"2359\" data-end=\"2388\">\n<p data-start=\"2361\" data-end=\"2388\">Produit certifi\u00e9 VEGAN OK<\/p>\n<\/li>\n<li data-start=\"2389\" data-end=\"2483\">\n<p data-start=\"2391\" data-end=\"2483\">Efficacit\u00e9 cliniquement test\u00e9e en collaboration avec un prestigieux institut universitaire<\/p>\n<\/li>\n<li data-start=\"2484\" data-end=\"2531\">\n<p data-start=\"2486\" data-end=\"2531\">Contenu : 15 ml = jusqu\u2019\u00e0 100\/120 traitements<\/p>\n<\/li>\n<\/ul>\n<p data-start=\"2533\" data-end=\"2717\"><strong data-start=\"2533\" data-end=\"2546\">Emballage<\/strong><br data-start=\"2546\" data-end=\"2549\" \/>Tube en plastique avec embout doseur pratique, permettant une application pr\u00e9cise et hygi\u00e9nique. L\u00e9ger et r\u00e9sistant, ce mat\u00e9riau prot\u00e8ge efficacement la formule en gel.<\/p>\n<p data-start=\"2719\" data-end=\"2870\"><strong data-start=\"2719\" data-end=\"2739\">Principes actifs<\/strong><br data-start=\"2739\" data-end=\"2742\" \/>InLei\u00ae Lash Molecular 4 est formul\u00e9 \u00e0 base de prot\u00e9ines v\u00e9g\u00e9tales parfaitement \u00e9quilibr\u00e9es et contient quatre ingr\u00e9dients cl\u00e9s :<\/p>\n<ul data-start=\"2872\" data-end=\"3556\">\n<li data-start=\"2872\" data-end=\"3055\">\n<p data-start=\"2874\" data-end=\"3055\"><strong data-start=\"2874\" data-end=\"2912\">Hydroxypropyltrimonium Hyaluronate<\/strong> \u2013 une forme innovante d\u2019acide hyaluronique, qui se fixe durablement au poil, hydrate en profondeur et rend les cils\/sourcils doux et soyeux.<\/p>\n<\/li>\n<li data-start=\"3056\" data-end=\"3236\">\n<p data-start=\"3058\" data-end=\"3236\"><strong data-start=\"3058\" data-end=\"3079\">Quinoa hydrolys\u00e9e<\/strong> \u2013 une prot\u00e9ine ayant une grande affinit\u00e9 avec la structure du poil, qui am\u00e9liore sa texture, augmente la brillance et favorise l\u2019absorption de la couleur.<\/p>\n<\/li>\n<li data-start=\"3237\" data-end=\"3390\">\n<p data-start=\"3239\" data-end=\"3390\"><strong data-start=\"3239\" data-end=\"3271\">Prot\u00e9ines de bl\u00e9 hydrolys\u00e9es<\/strong> \u2013 forment une barri\u00e8re protectrice contre les agressions ext\u00e9rieures et la chaleur, tout en hydratant en profondeur.<\/p>\n<\/li>\n<li data-start=\"3391\" data-end=\"3556\">\n<p data-start=\"3393\" data-end=\"3556\"><strong data-start=\"3393\" data-end=\"3428\">Prot\u00e9ines v\u00e9g\u00e9tales hydrolys\u00e9es<\/strong> \u2013 ingr\u00e9dient de pointe dot\u00e9 de technologies brevet\u00e9es pour contrer efficacement les dommages m\u00e9caniques et chimiques des poils.<\/p>\n<\/li>\n<\/ul>\n","protected":false},"excerpt":{"rendered":"<p>DescriptionInLei\u00ae Lash Molecular 4 est un gel sans rin\u00e7age prestigieux qui renforce l\u2019effet b\u00e9n\u00e9fique des produits pr\u00e9c\u00e9demment appliqu\u00e9s lors du traitement Lash Filler 25.9. Il r\u00e9\u00e9quilibre la structure du poil en am\u00e9liorant tous ses aspects : brillance, force, tenue de la couleur, compacit\u00e9 et souplesse. 100% Fabriqu\u00e9 en Italie Produit certifi\u00e9 VEGAN OK Efficacit\u00e9 cliniquement [&hellip;]<\/p>\n","protected":false},"featured_media":11522,"template":"","meta":{"_acf_changed":false,"inline_featured_image":false},"product_cat":[150,172],"product_tag":[],"class_list":{"0":"post-11533","1":"product","2":"type-product","3":"status-publish","4":"has-post-thumbnail","6":"product_brand-in-lei","7":"product_cat-rehaussement-des-cils","8":"product_cat-produits-pour-rehaussement-des-cils","10":"first","11":"instock","12":"shipping-taxable","13":"purchasable","14":"product-type-simple"},"acf":[],"yoast_head":"<!-- This site is optimized with the Yoast SEO plugin v26.6 - https:\/\/yoast.com\/wordpress\/plugins\/seo\/ -->\n<title>LASH MOLECULAR 4 \u2013 Reconstruction mol\u00e9culaire pour cils et sourcils \u2013 15 ml - LASHES&amp;BROWS by Nataliya Reinhard<\/title>\n<meta name=\"robots\" content=\"index, follow, max-snippet:-1, max-image-preview:large, max-video-preview:-1\" \/>\n<link rel=\"canonical\" href=\"https:\/\/www.art-natur.ch\/fr\/produit\/lash-molecular-4-reconstruction-moleculaire-pour-cils-et-sourcils-15-ml\/\" \/>\n<meta property=\"og:locale\" content=\"fr_FR\" \/>\n<meta property=\"og:type\" content=\"article\" \/>\n<meta property=\"og:title\" content=\"LASH MOLECULAR 4 \u2013 Reconstruction mol\u00e9culaire pour cils et sourcils \u2013 15 ml - LASHES&amp;BROWS by Nataliya Reinhard\" \/>\n<meta property=\"og:description\" content=\"DescriptionInLei\u00ae Lash Molecular 4 est un gel sans rin\u00e7age prestigieux qui renforce l\u2019effet b\u00e9n\u00e9fique des produits pr\u00e9c\u00e9demment appliqu\u00e9s lors du traitement Lash Filler 25.9. Il r\u00e9\u00e9quilibre la structure du poil en am\u00e9liorant tous ses aspects : brillance, force, tenue de la couleur, compacit\u00e9 et souplesse. 100% Fabriqu\u00e9 en Italie Produit certifi\u00e9 VEGAN OK Efficacit\u00e9 cliniquement [&hellip;]\" \/>\n<meta property=\"og:url\" content=\"https:\/\/www.art-natur.ch\/fr\/produit\/lash-molecular-4-reconstruction-moleculaire-pour-cils-et-sourcils-15-ml\/\" \/>\n<meta property=\"og:site_name\" content=\"LASHES&amp;BROWS by Nataliya Reinhard\" \/>\n<meta property=\"article:modified_time\" content=\"2025-07-14T20:03:47+00:00\" \/>\n<meta property=\"og:image\" content=\"https:\/\/www.art-natur.ch\/wp-content\/uploads\/2025\/07\/INLEI-LASH-MOLECULAR-4-RICOSTRUZIONE-MOLECOLARE-PER-CIGLIA-E-SOPRACCIGLIA-15-ML-1_9432509e-c176-4993-9bd9-0f2d82501c911.png\" \/>\n\t<meta property=\"og:image:width\" content=\"1800\" \/>\n\t<meta property=\"og:image:height\" content=\"2400\" \/>\n\t<meta property=\"og:image:type\" content=\"image\/png\" \/>\n<meta name=\"twitter:card\" content=\"summary_large_image\" \/>\n<meta name=\"twitter:label1\" content=\"Dur\u00e9e de lecture estim\u00e9e\" \/>\n\t<meta name=\"twitter:data1\" content=\"1 minute\" \/>\n<script type=\"application\/ld+json\" class=\"yoast-schema-graph\">{\"@context\":\"https:\/\/schema.org\",\"@graph\":[{\"@type\":\"WebPage\",\"@id\":\"https:\/\/www.art-natur.ch\/fr\/produit\/lash-molecular-4-reconstruction-moleculaire-pour-cils-et-sourcils-15-ml\/\",\"url\":\"https:\/\/www.art-natur.ch\/fr\/produit\/lash-molecular-4-reconstruction-moleculaire-pour-cils-et-sourcils-15-ml\/\",\"name\":\"LASH MOLECULAR 4 \u2013 Reconstruction mol\u00e9culaire pour cils et sourcils \u2013 15 ml - LASHES&amp;BROWS by Nataliya Reinhard\",\"isPartOf\":{\"@id\":\"https:\/\/www.art-natur.ch\/fr\/#website\"},\"primaryImageOfPage\":{\"@id\":\"https:\/\/www.art-natur.ch\/fr\/produit\/lash-molecular-4-reconstruction-moleculaire-pour-cils-et-sourcils-15-ml\/#primaryimage\"},\"image\":{\"@id\":\"https:\/\/www.art-natur.ch\/fr\/produit\/lash-molecular-4-reconstruction-moleculaire-pour-cils-et-sourcils-15-ml\/#primaryimage\"},\"thumbnailUrl\":\"https:\/\/www.art-natur.ch\/wp-content\/uploads\/2025\/07\/INLEI-LASH-MOLECULAR-4-RICOSTRUZIONE-MOLECOLARE-PER-CIGLIA-E-SOPRACCIGLIA-15-ML-1_9432509e-c176-4993-9bd9-0f2d82501c911.png\",\"datePublished\":\"2025-07-14T20:00:15+00:00\",\"dateModified\":\"2025-07-14T20:03:47+00:00\",\"breadcrumb\":{\"@id\":\"https:\/\/www.art-natur.ch\/fr\/produit\/lash-molecular-4-reconstruction-moleculaire-pour-cils-et-sourcils-15-ml\/#breadcrumb\"},\"inLanguage\":\"fr-FR\",\"potentialAction\":[{\"@type\":\"ReadAction\",\"target\":[\"https:\/\/www.art-natur.ch\/fr\/produit\/lash-molecular-4-reconstruction-moleculaire-pour-cils-et-sourcils-15-ml\/\"]}]},{\"@type\":\"ImageObject\",\"inLanguage\":\"fr-FR\",\"@id\":\"https:\/\/www.art-natur.ch\/fr\/produit\/lash-molecular-4-reconstruction-moleculaire-pour-cils-et-sourcils-15-ml\/#primaryimage\",\"url\":\"https:\/\/www.art-natur.ch\/wp-content\/uploads\/2025\/07\/INLEI-LASH-MOLECULAR-4-RICOSTRUZIONE-MOLECOLARE-PER-CIGLIA-E-SOPRACCIGLIA-15-ML-1_9432509e-c176-4993-9bd9-0f2d82501c911.png\",\"contentUrl\":\"https:\/\/www.art-natur.ch\/wp-content\/uploads\/2025\/07\/INLEI-LASH-MOLECULAR-4-RICOSTRUZIONE-MOLECOLARE-PER-CIGLIA-E-SOPRACCIGLIA-15-ML-1_9432509e-c176-4993-9bd9-0f2d82501c911.png\",\"width\":1800,\"height\":2400},{\"@type\":\"BreadcrumbList\",\"@id\":\"https:\/\/www.art-natur.ch\/fr\/produit\/lash-molecular-4-reconstruction-moleculaire-pour-cils-et-sourcils-15-ml\/#breadcrumb\",\"itemListElement\":[{\"@type\":\"ListItem\",\"position\":1,\"name\":\"Home\",\"item\":\"https:\/\/www.art-natur.ch\/fr\/\"},{\"@type\":\"ListItem\",\"position\":2,\"name\":\"Boutique\",\"item\":\"https:\/\/www.art-natur.ch\/shop\/\"},{\"@type\":\"ListItem\",\"position\":3,\"name\":\"LASH MOLECULAR 4 \u2013 Reconstruction mol\u00e9culaire pour cils et sourcils \u2013 15 ml\"}]},{\"@type\":\"WebSite\",\"@id\":\"https:\/\/www.art-natur.ch\/fr\/#website\",\"url\":\"https:\/\/www.art-natur.ch\/fr\/\",\"name\":\"LASHES&amp;BROWS by Nataliya Reinhard\",\"description\":\"High-quality lash and brow services with attention to every detail\",\"potentialAction\":[{\"@type\":\"SearchAction\",\"target\":{\"@type\":\"EntryPoint\",\"urlTemplate\":\"https:\/\/www.art-natur.ch\/fr\/?s={search_term_string}\"},\"query-input\":{\"@type\":\"PropertyValueSpecification\",\"valueRequired\":true,\"valueName\":\"search_term_string\"}}],\"inLanguage\":\"fr-FR\"}]}<\/script>\n<!-- \/ Yoast SEO plugin. -->","yoast_head_json":{"title":"LASH MOLECULAR 4 \u2013 Reconstruction mol\u00e9culaire pour cils et sourcils \u2013 15 ml - LASHES&amp;BROWS by Nataliya Reinhard","robots":{"index":"index","follow":"follow","max-snippet":"max-snippet:-1","max-image-preview":"max-image-preview:large","max-video-preview":"max-video-preview:-1"},"canonical":"https:\/\/www.art-natur.ch\/fr\/produit\/lash-molecular-4-reconstruction-moleculaire-pour-cils-et-sourcils-15-ml\/","og_locale":"fr_FR","og_type":"article","og_title":"LASH MOLECULAR 4 \u2013 Reconstruction mol\u00e9culaire pour cils et sourcils \u2013 15 ml - LASHES&amp;BROWS by Nataliya Reinhard","og_description":"DescriptionInLei\u00ae Lash Molecular 4 est un gel sans rin\u00e7age prestigieux qui renforce l\u2019effet b\u00e9n\u00e9fique des produits pr\u00e9c\u00e9demment appliqu\u00e9s lors du traitement Lash Filler 25.9. Il r\u00e9\u00e9quilibre la structure du poil en am\u00e9liorant tous ses aspects : brillance, force, tenue de la couleur, compacit\u00e9 et souplesse. 100% Fabriqu\u00e9 en Italie Produit certifi\u00e9 VEGAN OK Efficacit\u00e9 cliniquement [&hellip;]","og_url":"https:\/\/www.art-natur.ch\/fr\/produit\/lash-molecular-4-reconstruction-moleculaire-pour-cils-et-sourcils-15-ml\/","og_site_name":"LASHES&amp;BROWS by Nataliya Reinhard","article_modified_time":"2025-07-14T20:03:47+00:00","og_image":[{"width":1800,"height":2400,"url":"https:\/\/www.art-natur.ch\/wp-content\/uploads\/2025\/07\/INLEI-LASH-MOLECULAR-4-RICOSTRUZIONE-MOLECOLARE-PER-CIGLIA-E-SOPRACCIGLIA-15-ML-1_9432509e-c176-4993-9bd9-0f2d82501c911.png","type":"image\/png"}],"twitter_card":"summary_large_image","twitter_misc":{"Dur\u00e9e de lecture estim\u00e9e":"1 minute"},"schema":{"@context":"https:\/\/schema.org","@graph":[{"@type":"WebPage","@id":"https:\/\/www.art-natur.ch\/fr\/produit\/lash-molecular-4-reconstruction-moleculaire-pour-cils-et-sourcils-15-ml\/","url":"https:\/\/www.art-natur.ch\/fr\/produit\/lash-molecular-4-reconstruction-moleculaire-pour-cils-et-sourcils-15-ml\/","name":"LASH MOLECULAR 4 \u2013 Reconstruction mol\u00e9culaire pour cils et sourcils \u2013 15 ml - LASHES&amp;BROWS by Nataliya Reinhard","isPartOf":{"@id":"https:\/\/www.art-natur.ch\/fr\/#website"},"primaryImageOfPage":{"@id":"https:\/\/www.art-natur.ch\/fr\/produit\/lash-molecular-4-reconstruction-moleculaire-pour-cils-et-sourcils-15-ml\/#primaryimage"},"image":{"@id":"https:\/\/www.art-natur.ch\/fr\/produit\/lash-molecular-4-reconstruction-moleculaire-pour-cils-et-sourcils-15-ml\/#primaryimage"},"thumbnailUrl":"https:\/\/www.art-natur.ch\/wp-content\/uploads\/2025\/07\/INLEI-LASH-MOLECULAR-4-RICOSTRUZIONE-MOLECOLARE-PER-CIGLIA-E-SOPRACCIGLIA-15-ML-1_9432509e-c176-4993-9bd9-0f2d82501c911.png","datePublished":"2025-07-14T20:00:15+00:00","dateModified":"2025-07-14T20:03:47+00:00","breadcrumb":{"@id":"https:\/\/www.art-natur.ch\/fr\/produit\/lash-molecular-4-reconstruction-moleculaire-pour-cils-et-sourcils-15-ml\/#breadcrumb"},"inLanguage":"fr-FR","potentialAction":[{"@type":"ReadAction","target":["https:\/\/www.art-natur.ch\/fr\/produit\/lash-molecular-4-reconstruction-moleculaire-pour-cils-et-sourcils-15-ml\/"]}]},{"@type":"ImageObject","inLanguage":"fr-FR","@id":"https:\/\/www.art-natur.ch\/fr\/produit\/lash-molecular-4-reconstruction-moleculaire-pour-cils-et-sourcils-15-ml\/#primaryimage","url":"https:\/\/www.art-natur.ch\/wp-content\/uploads\/2025\/07\/INLEI-LASH-MOLECULAR-4-RICOSTRUZIONE-MOLECOLARE-PER-CIGLIA-E-SOPRACCIGLIA-15-ML-1_9432509e-c176-4993-9bd9-0f2d82501c911.png","contentUrl":"https:\/\/www.art-natur.ch\/wp-content\/uploads\/2025\/07\/INLEI-LASH-MOLECULAR-4-RICOSTRUZIONE-MOLECOLARE-PER-CIGLIA-E-SOPRACCIGLIA-15-ML-1_9432509e-c176-4993-9bd9-0f2d82501c911.png","width":1800,"height":2400},{"@type":"BreadcrumbList","@id":"https:\/\/www.art-natur.ch\/fr\/produit\/lash-molecular-4-reconstruction-moleculaire-pour-cils-et-sourcils-15-ml\/#breadcrumb","itemListElement":[{"@type":"ListItem","position":1,"name":"Home","item":"https:\/\/www.art-natur.ch\/fr\/"},{"@type":"ListItem","position":2,"name":"Boutique","item":"https:\/\/www.art-natur.ch\/shop\/"},{"@type":"ListItem","position":3,"name":"LASH MOLECULAR 4 \u2013 Reconstruction mol\u00e9culaire pour cils et sourcils \u2013 15 ml"}]},{"@type":"WebSite","@id":"https:\/\/www.art-natur.ch\/fr\/#website","url":"https:\/\/www.art-natur.ch\/fr\/","name":"LASHES&amp;BROWS by Nataliya Reinhard","description":"High-quality lash and brow services with attention to every detail","potentialAction":[{"@type":"SearchAction","target":{"@type":"EntryPoint","urlTemplate":"https:\/\/www.art-natur.ch\/fr\/?s={search_term_string}"},"query-input":{"@type":"PropertyValueSpecification","valueRequired":true,"valueName":"search_term_string"}}],"inLanguage":"fr-FR"}]}},"_links":{"self":[{"href":"https:\/\/www.art-natur.ch\/fr\/wp-json\/wp\/v2\/product\/11533","targetHints":{"allow":["GET"]}}],"collection":[{"href":"https:\/\/www.art-natur.ch\/fr\/wp-json\/wp\/v2\/product"}],"about":[{"href":"https:\/\/www.art-natur.ch\/fr\/wp-json\/wp\/v2\/types\/product"}],"wp:featuredmedia":[{"embeddable":true,"href":"https:\/\/www.art-natur.ch\/fr\/wp-json\/wp\/v2\/media\/11522"}],"wp:attachment":[{"href":"https:\/\/www.art-natur.ch\/fr\/wp-json\/wp\/v2\/media?parent=11533"}],"wp:term":[{"taxonomy":"product_cat","embeddable":true,"href":"https:\/\/www.art-natur.ch\/fr\/wp-json\/wp\/v2\/product_cat?post=11533"},{"taxonomy":"product_tag","embeddable":true,"href":"https:\/\/www.art-natur.ch\/fr\/wp-json\/wp\/v2\/product_tag?post=11533"}],"curies":[{"name":"wp","href":"https:\/\/api.w.org\/{rel}","templated":true}]}}