{"id":1154,"date":"2024-09-23T21:28:51","date_gmt":"2024-09-23T19:28:51","guid":{"rendered":"https:\/\/www.art-natur.ch\/product\/composition-pour-lamination-des-cils-%e2%84%961-lifting-5ml\/"},"modified":"2024-10-18T17:43:06","modified_gmt":"2024-10-18T15:43:06","slug":"composition-pour-lamination-des-cils-%e2%84%961-lifting-5ml","status":"publish","type":"product","link":"https:\/\/www.art-natur.ch\/fr\/produit\/composition-pour-lamination-des-cils-%e2%84%961-lifting-5ml\/","title":{"rendered":"Composition pour lamination des cils \u21161 \u00ab\u00a0Lifting\u00a0\u00bb, 5ml"},"content":{"rendered":"<p>La composition pour lamination \u21161 a la fonction de lifting.<\/p>\n<p>Elle rend les cils plus souples et plus \u00e9lastiques.<br \/>\nUne option de pompe pratique est \u00e9conomique \u00e0 l&rsquo;usage.<br \/>\nPour 15 proc\u00e9dures de lamination<br \/>\nAvec de l&rsquo;huile de cam\u00e9lia<\/p>\n<p>La dur\u00e9e de conservation du produit est de 12 mois \u00e0 partir du moment de la production.<br \/>\nDate de p\u00e9remption apr\u00e8s ouverture : 2 mois<\/p>\n<p>Pour un usage professionnel uniquement.<\/p>\n","protected":false},"excerpt":{"rendered":"<p>La composition pour lamination \u21161 a la fonction de lifting. Elle rend les cils plus souples et plus \u00e9lastiques. Une option de pompe pratique est \u00e9conomique \u00e0 l&rsquo;usage. Pour 15 proc\u00e9dures de lamination Avec de l&rsquo;huile de cam\u00e9lia La dur\u00e9e de conservation du produit est de 12 mois \u00e0 partir du moment de la production. [&hellip;]<\/p>\n","protected":false},"featured_media":8254,"template":"","meta":{"_acf_changed":false,"inline_featured_image":false},"product_cat":[150,172],"product_tag":[],"class_list":{"0":"post-1154","1":"product","2":"type-product","3":"status-publish","4":"has-post-thumbnail","6":"product_brand-lovely","7":"product_cat-rehaussement-des-cils","8":"product_cat-produits-pour-rehaussement-des-cils","10":"first","11":"onbackorder","12":"shipping-taxable","13":"purchasable","14":"product-type-simple"},"acf":[],"yoast_head":"<!-- This site is optimized with the Yoast SEO plugin v26.6 - https:\/\/yoast.com\/wordpress\/plugins\/seo\/ -->\n<title>Composition pour lamination des cils \u21161 &quot;Lifting&quot;, 5ml - LASHES&amp;BROWS by Nataliya Reinhard<\/title>\n<meta name=\"description\" content=\"Lamination n\u00b01 pour des cils souples et \u00e9lastiques. Pompe pratique pour 15 applications. Conservation : 12 mois, 2 mois apr\u00e8s ouverture.\" \/>\n<meta name=\"robots\" content=\"index, follow, max-snippet:-1, max-image-preview:large, max-video-preview:-1\" \/>\n<link rel=\"canonical\" href=\"https:\/\/www.art-natur.ch\/fr\/produit\/composition-pour-lamination-des-cils-%e2%84%961-lifting-5ml\/\" \/>\n<meta property=\"og:locale\" content=\"fr_FR\" \/>\n<meta property=\"og:type\" content=\"article\" \/>\n<meta property=\"og:title\" content=\"Composition pour lamination des cils \u21161 &quot;Lifting&quot;, 5ml - LASHES&amp;BROWS by Nataliya Reinhard\" \/>\n<meta property=\"og:description\" content=\"Lamination n\u00b01 pour des cils souples et \u00e9lastiques. Pompe pratique pour 15 applications. Conservation : 12 mois, 2 mois apr\u00e8s ouverture.\" \/>\n<meta property=\"og:url\" content=\"https:\/\/www.art-natur.ch\/fr\/produit\/composition-pour-lamination-des-cils-%e2%84%961-lifting-5ml\/\" \/>\n<meta property=\"og:site_name\" content=\"LASHES&amp;BROWS by Nataliya Reinhard\" \/>\n<meta property=\"article:modified_time\" content=\"2024-10-18T15:43:06+00:00\" \/>\n<meta property=\"og:image\" content=\"https:\/\/www.art-natur.ch\/wp-content\/uploads\/2024\/09\/3323475021-Photoroom.png\" \/>\n\t<meta property=\"og:image:width\" content=\"1080\" \/>\n\t<meta property=\"og:image:height\" content=\"1080\" \/>\n\t<meta property=\"og:image:type\" content=\"image\/png\" \/>\n<meta name=\"twitter:card\" content=\"summary_large_image\" \/>\n<meta name=\"twitter:label1\" content=\"Dur\u00e9e de lecture estim\u00e9e\" \/>\n\t<meta name=\"twitter:data1\" content=\"1 minute\" \/>\n<script type=\"application\/ld+json\" class=\"yoast-schema-graph\">{\"@context\":\"https:\/\/schema.org\",\"@graph\":[{\"@type\":\"WebPage\",\"@id\":\"https:\/\/www.art-natur.ch\/fr\/produit\/composition-pour-lamination-des-cils-%e2%84%961-lifting-5ml\/\",\"url\":\"https:\/\/www.art-natur.ch\/fr\/produit\/composition-pour-lamination-des-cils-%e2%84%961-lifting-5ml\/\",\"name\":\"Composition pour lamination des cils \u21161 \\\"Lifting\\\", 5ml - LASHES&amp;BROWS by Nataliya Reinhard\",\"isPartOf\":{\"@id\":\"https:\/\/www.art-natur.ch\/fr\/#website\"},\"primaryImageOfPage\":{\"@id\":\"https:\/\/www.art-natur.ch\/fr\/produit\/composition-pour-lamination-des-cils-%e2%84%961-lifting-5ml\/#primaryimage\"},\"image\":{\"@id\":\"https:\/\/www.art-natur.ch\/fr\/produit\/composition-pour-lamination-des-cils-%e2%84%961-lifting-5ml\/#primaryimage\"},\"thumbnailUrl\":\"https:\/\/www.art-natur.ch\/wp-content\/uploads\/2024\/09\/3323475021-Photoroom.png\",\"datePublished\":\"2024-09-23T19:28:51+00:00\",\"dateModified\":\"2024-10-18T15:43:06+00:00\",\"description\":\"Lamination n\u00b01 pour des cils souples et \u00e9lastiques. Pompe pratique pour 15 applications. Conservation : 12 mois, 2 mois apr\u00e8s ouverture.\",\"breadcrumb\":{\"@id\":\"https:\/\/www.art-natur.ch\/fr\/produit\/composition-pour-lamination-des-cils-%e2%84%961-lifting-5ml\/#breadcrumb\"},\"inLanguage\":\"fr-FR\",\"potentialAction\":[{\"@type\":\"ReadAction\",\"target\":[\"https:\/\/www.art-natur.ch\/fr\/produit\/composition-pour-lamination-des-cils-%e2%84%961-lifting-5ml\/\"]}]},{\"@type\":\"ImageObject\",\"inLanguage\":\"fr-FR\",\"@id\":\"https:\/\/www.art-natur.ch\/fr\/produit\/composition-pour-lamination-des-cils-%e2%84%961-lifting-5ml\/#primaryimage\",\"url\":\"https:\/\/www.art-natur.ch\/wp-content\/uploads\/2024\/09\/3323475021-Photoroom.png\",\"contentUrl\":\"https:\/\/www.art-natur.ch\/wp-content\/uploads\/2024\/09\/3323475021-Photoroom.png\",\"width\":1080,\"height\":1080},{\"@type\":\"BreadcrumbList\",\"@id\":\"https:\/\/www.art-natur.ch\/fr\/produit\/composition-pour-lamination-des-cils-%e2%84%961-lifting-5ml\/#breadcrumb\",\"itemListElement\":[{\"@type\":\"ListItem\",\"position\":1,\"name\":\"Home\",\"item\":\"https:\/\/www.art-natur.ch\/fr\/\"},{\"@type\":\"ListItem\",\"position\":2,\"name\":\"Boutique\",\"item\":\"https:\/\/www.art-natur.ch\/shop\/\"},{\"@type\":\"ListItem\",\"position\":3,\"name\":\"Composition pour lamination des cils \u21161 &#8222;Lifting&#8220;, 5ml\"}]},{\"@type\":\"WebSite\",\"@id\":\"https:\/\/www.art-natur.ch\/fr\/#website\",\"url\":\"https:\/\/www.art-natur.ch\/fr\/\",\"name\":\"LASHES&amp;BROWS by Nataliya Reinhard\",\"description\":\"High-quality lash and brow services with attention to every detail\",\"potentialAction\":[{\"@type\":\"SearchAction\",\"target\":{\"@type\":\"EntryPoint\",\"urlTemplate\":\"https:\/\/www.art-natur.ch\/fr\/?s={search_term_string}\"},\"query-input\":{\"@type\":\"PropertyValueSpecification\",\"valueRequired\":true,\"valueName\":\"search_term_string\"}}],\"inLanguage\":\"fr-FR\"}]}<\/script>\n<!-- \/ Yoast SEO plugin. -->","yoast_head_json":{"title":"Composition pour lamination des cils \u21161 \"Lifting\", 5ml - LASHES&amp;BROWS by Nataliya Reinhard","description":"Lamination n\u00b01 pour des cils souples et \u00e9lastiques. Pompe pratique pour 15 applications. Conservation : 12 mois, 2 mois apr\u00e8s ouverture.","robots":{"index":"index","follow":"follow","max-snippet":"max-snippet:-1","max-image-preview":"max-image-preview:large","max-video-preview":"max-video-preview:-1"},"canonical":"https:\/\/www.art-natur.ch\/fr\/produit\/composition-pour-lamination-des-cils-%e2%84%961-lifting-5ml\/","og_locale":"fr_FR","og_type":"article","og_title":"Composition pour lamination des cils \u21161 \"Lifting\", 5ml - LASHES&amp;BROWS by Nataliya Reinhard","og_description":"Lamination n\u00b01 pour des cils souples et \u00e9lastiques. Pompe pratique pour 15 applications. Conservation : 12 mois, 2 mois apr\u00e8s ouverture.","og_url":"https:\/\/www.art-natur.ch\/fr\/produit\/composition-pour-lamination-des-cils-%e2%84%961-lifting-5ml\/","og_site_name":"LASHES&amp;BROWS by Nataliya Reinhard","article_modified_time":"2024-10-18T15:43:06+00:00","og_image":[{"width":1080,"height":1080,"url":"https:\/\/www.art-natur.ch\/wp-content\/uploads\/2024\/09\/3323475021-Photoroom.png","type":"image\/png"}],"twitter_card":"summary_large_image","twitter_misc":{"Dur\u00e9e de lecture estim\u00e9e":"1 minute"},"schema":{"@context":"https:\/\/schema.org","@graph":[{"@type":"WebPage","@id":"https:\/\/www.art-natur.ch\/fr\/produit\/composition-pour-lamination-des-cils-%e2%84%961-lifting-5ml\/","url":"https:\/\/www.art-natur.ch\/fr\/produit\/composition-pour-lamination-des-cils-%e2%84%961-lifting-5ml\/","name":"Composition pour lamination des cils \u21161 \"Lifting\", 5ml - LASHES&amp;BROWS by Nataliya Reinhard","isPartOf":{"@id":"https:\/\/www.art-natur.ch\/fr\/#website"},"primaryImageOfPage":{"@id":"https:\/\/www.art-natur.ch\/fr\/produit\/composition-pour-lamination-des-cils-%e2%84%961-lifting-5ml\/#primaryimage"},"image":{"@id":"https:\/\/www.art-natur.ch\/fr\/produit\/composition-pour-lamination-des-cils-%e2%84%961-lifting-5ml\/#primaryimage"},"thumbnailUrl":"https:\/\/www.art-natur.ch\/wp-content\/uploads\/2024\/09\/3323475021-Photoroom.png","datePublished":"2024-09-23T19:28:51+00:00","dateModified":"2024-10-18T15:43:06+00:00","description":"Lamination n\u00b01 pour des cils souples et \u00e9lastiques. Pompe pratique pour 15 applications. Conservation : 12 mois, 2 mois apr\u00e8s ouverture.","breadcrumb":{"@id":"https:\/\/www.art-natur.ch\/fr\/produit\/composition-pour-lamination-des-cils-%e2%84%961-lifting-5ml\/#breadcrumb"},"inLanguage":"fr-FR","potentialAction":[{"@type":"ReadAction","target":["https:\/\/www.art-natur.ch\/fr\/produit\/composition-pour-lamination-des-cils-%e2%84%961-lifting-5ml\/"]}]},{"@type":"ImageObject","inLanguage":"fr-FR","@id":"https:\/\/www.art-natur.ch\/fr\/produit\/composition-pour-lamination-des-cils-%e2%84%961-lifting-5ml\/#primaryimage","url":"https:\/\/www.art-natur.ch\/wp-content\/uploads\/2024\/09\/3323475021-Photoroom.png","contentUrl":"https:\/\/www.art-natur.ch\/wp-content\/uploads\/2024\/09\/3323475021-Photoroom.png","width":1080,"height":1080},{"@type":"BreadcrumbList","@id":"https:\/\/www.art-natur.ch\/fr\/produit\/composition-pour-lamination-des-cils-%e2%84%961-lifting-5ml\/#breadcrumb","itemListElement":[{"@type":"ListItem","position":1,"name":"Home","item":"https:\/\/www.art-natur.ch\/fr\/"},{"@type":"ListItem","position":2,"name":"Boutique","item":"https:\/\/www.art-natur.ch\/shop\/"},{"@type":"ListItem","position":3,"name":"Composition pour lamination des cils \u21161 &#8222;Lifting&#8220;, 5ml"}]},{"@type":"WebSite","@id":"https:\/\/www.art-natur.ch\/fr\/#website","url":"https:\/\/www.art-natur.ch\/fr\/","name":"LASHES&amp;BROWS by Nataliya Reinhard","description":"High-quality lash and brow services with attention to every detail","potentialAction":[{"@type":"SearchAction","target":{"@type":"EntryPoint","urlTemplate":"https:\/\/www.art-natur.ch\/fr\/?s={search_term_string}"},"query-input":{"@type":"PropertyValueSpecification","valueRequired":true,"valueName":"search_term_string"}}],"inLanguage":"fr-FR"}]}},"_links":{"self":[{"href":"https:\/\/www.art-natur.ch\/fr\/wp-json\/wp\/v2\/product\/1154","targetHints":{"allow":["GET"]}}],"collection":[{"href":"https:\/\/www.art-natur.ch\/fr\/wp-json\/wp\/v2\/product"}],"about":[{"href":"https:\/\/www.art-natur.ch\/fr\/wp-json\/wp\/v2\/types\/product"}],"wp:featuredmedia":[{"embeddable":true,"href":"https:\/\/www.art-natur.ch\/fr\/wp-json\/wp\/v2\/media\/8254"}],"wp:attachment":[{"href":"https:\/\/www.art-natur.ch\/fr\/wp-json\/wp\/v2\/media?parent=1154"}],"wp:term":[{"taxonomy":"product_cat","embeddable":true,"href":"https:\/\/www.art-natur.ch\/fr\/wp-json\/wp\/v2\/product_cat?post=1154"},{"taxonomy":"product_tag","embeddable":true,"href":"https:\/\/www.art-natur.ch\/fr\/wp-json\/wp\/v2\/product_tag?post=1154"}],"curies":[{"name":"wp","href":"https:\/\/api.w.org\/{rel}","templated":true}]}}