{"id":1183,"date":"2024-09-23T22:20:21","date_gmt":"2024-09-23T21:20:21","guid":{"rendered":"https:\/\/www.art-natur.ch\/product\/%d1%81oussnets-de-colle-jetables-60-pieces\/"},"modified":"2025-01-18T21:16:32","modified_gmt":"2025-01-18T20:16:32","slug":"%d1%81oussnets-de-colle-jetables-60-pieces","status":"publish","type":"product","link":"https:\/\/www.art-natur.ch\/fr\/produit\/%d1%81oussnets-de-colle-jetables-60-pieces\/","title":{"rendered":"\u0421oussnets de colle jetables 60 pi\u00e8ces"},"content":{"rendered":"<p>60 pi\u00e8ces, palette de colle \u00e0 cils jetable, bloc de colle auto-adh\u00e9sive pour extension de cils, outil de maquillage des yeux en pierre de jade.<\/p>\n","protected":false},"excerpt":{"rendered":"<p>60 pi\u00e8ces, palette de colle \u00e0 cils jetable, bloc de colle auto-adh\u00e9sive pour extension de cils, outil de maquillage des yeux en pierre de jade.<\/p>\n","protected":false},"featured_media":8238,"template":"","meta":{"_acf_changed":false,"inline_featured_image":false},"product_cat":[116,179,189],"product_tag":[],"class_list":{"0":"post-1183","1":"product","2":"type-product","3":"status-publish","4":"has-post-thumbnail","6":"product_cat-extension-de-cils","7":"product_cat-les-colles","8":"product_cat-outil-coloration-et-correction-des-sourcils","10":"first","11":"instock","12":"shipping-taxable","13":"purchasable","14":"product-type-simple"},"acf":[],"yoast_head":"<!-- This site is optimized with the Yoast SEO plugin v26.6 - https:\/\/yoast.com\/wordpress\/plugins\/seo\/ -->\n<title>\u0421oussnets de colle jetables 60 pi\u00e8ces - LASHES&amp;BROWS by Nataliya Reinhard<\/title>\n<meta name=\"description\" content=\"60 pi\u00e8ces, palette de colle pour cils jetable, coussinet adh\u00e9sif pour colle d&#039;extensions de cils, outil de maquillage pour les yeux en pierre de jade.\" \/>\n<meta name=\"robots\" content=\"index, follow, max-snippet:-1, max-image-preview:large, max-video-preview:-1\" \/>\n<link rel=\"canonical\" href=\"https:\/\/www.art-natur.ch\/fr\/produit\/%d1%81oussnets-de-colle-jetables-60-pieces\/\" \/>\n<meta property=\"og:locale\" content=\"fr_FR\" \/>\n<meta property=\"og:type\" content=\"article\" \/>\n<meta property=\"og:title\" content=\"\u0421oussnets de colle jetables 60 pi\u00e8ces - LASHES&amp;BROWS by Nataliya Reinhard\" \/>\n<meta property=\"og:description\" content=\"60 pi\u00e8ces, palette de colle pour cils jetable, coussinet adh\u00e9sif pour colle d&#039;extensions de cils, outil de maquillage pour les yeux en pierre de jade.\" \/>\n<meta property=\"og:url\" content=\"https:\/\/www.art-natur.ch\/fr\/produit\/%d1%81oussnets-de-colle-jetables-60-pieces\/\" \/>\n<meta property=\"og:site_name\" content=\"LASHES&amp;BROWS by Nataliya Reinhard\" \/>\n<meta property=\"article:modified_time\" content=\"2025-01-18T20:16:32+00:00\" \/>\n<meta property=\"og:image\" content=\"https:\/\/www.art-natur.ch\/wp-content\/uploads\/2024\/09\/2904192118-Photoroom.png\" \/>\n\t<meta property=\"og:image:width\" content=\"601\" \/>\n\t<meta property=\"og:image:height\" content=\"529\" \/>\n\t<meta property=\"og:image:type\" content=\"image\/png\" \/>\n<meta name=\"twitter:card\" content=\"summary_large_image\" \/>\n<script type=\"application\/ld+json\" class=\"yoast-schema-graph\">{\"@context\":\"https:\/\/schema.org\",\"@graph\":[{\"@type\":\"WebPage\",\"@id\":\"https:\/\/www.art-natur.ch\/fr\/produit\/%d1%81oussnets-de-colle-jetables-60-pieces\/\",\"url\":\"https:\/\/www.art-natur.ch\/fr\/produit\/%d1%81oussnets-de-colle-jetables-60-pieces\/\",\"name\":\"\u0421oussnets de colle jetables 60 pi\u00e8ces - LASHES&amp;BROWS by Nataliya Reinhard\",\"isPartOf\":{\"@id\":\"https:\/\/www.art-natur.ch\/fr\/#website\"},\"primaryImageOfPage\":{\"@id\":\"https:\/\/www.art-natur.ch\/fr\/produit\/%d1%81oussnets-de-colle-jetables-60-pieces\/#primaryimage\"},\"image\":{\"@id\":\"https:\/\/www.art-natur.ch\/fr\/produit\/%d1%81oussnets-de-colle-jetables-60-pieces\/#primaryimage\"},\"thumbnailUrl\":\"https:\/\/www.art-natur.ch\/wp-content\/uploads\/2024\/09\/2904192118-Photoroom.png\",\"datePublished\":\"2024-09-23T21:20:21+00:00\",\"dateModified\":\"2025-01-18T20:16:32+00:00\",\"description\":\"60 pi\u00e8ces, palette de colle pour cils jetable, coussinet adh\u00e9sif pour colle d'extensions de cils, outil de maquillage pour les yeux en pierre de jade.\",\"breadcrumb\":{\"@id\":\"https:\/\/www.art-natur.ch\/fr\/produit\/%d1%81oussnets-de-colle-jetables-60-pieces\/#breadcrumb\"},\"inLanguage\":\"fr-FR\",\"potentialAction\":[{\"@type\":\"ReadAction\",\"target\":[\"https:\/\/www.art-natur.ch\/fr\/produit\/%d1%81oussnets-de-colle-jetables-60-pieces\/\"]}]},{\"@type\":\"ImageObject\",\"inLanguage\":\"fr-FR\",\"@id\":\"https:\/\/www.art-natur.ch\/fr\/produit\/%d1%81oussnets-de-colle-jetables-60-pieces\/#primaryimage\",\"url\":\"https:\/\/www.art-natur.ch\/wp-content\/uploads\/2024\/09\/2904192118-Photoroom.png\",\"contentUrl\":\"https:\/\/www.art-natur.ch\/wp-content\/uploads\/2024\/09\/2904192118-Photoroom.png\",\"width\":601,\"height\":529},{\"@type\":\"BreadcrumbList\",\"@id\":\"https:\/\/www.art-natur.ch\/fr\/produit\/%d1%81oussnets-de-colle-jetables-60-pieces\/#breadcrumb\",\"itemListElement\":[{\"@type\":\"ListItem\",\"position\":1,\"name\":\"Home\",\"item\":\"https:\/\/www.art-natur.ch\/fr\/\"},{\"@type\":\"ListItem\",\"position\":2,\"name\":\"Boutique\",\"item\":\"https:\/\/www.art-natur.ch\/shop\/\"},{\"@type\":\"ListItem\",\"position\":3,\"name\":\"\u0421oussnets de colle jetables 60 pi\u00e8ces\"}]},{\"@type\":\"WebSite\",\"@id\":\"https:\/\/www.art-natur.ch\/fr\/#website\",\"url\":\"https:\/\/www.art-natur.ch\/fr\/\",\"name\":\"LASHES&amp;BROWS by Nataliya Reinhard\",\"description\":\"High-quality lash and brow services with attention to every detail\",\"potentialAction\":[{\"@type\":\"SearchAction\",\"target\":{\"@type\":\"EntryPoint\",\"urlTemplate\":\"https:\/\/www.art-natur.ch\/fr\/?s={search_term_string}\"},\"query-input\":{\"@type\":\"PropertyValueSpecification\",\"valueRequired\":true,\"valueName\":\"search_term_string\"}}],\"inLanguage\":\"fr-FR\"}]}<\/script>\n<!-- \/ Yoast SEO plugin. -->","yoast_head_json":{"title":"\u0421oussnets de colle jetables 60 pi\u00e8ces - LASHES&amp;BROWS by Nataliya Reinhard","description":"60 pi\u00e8ces, palette de colle pour cils jetable, coussinet adh\u00e9sif pour colle d'extensions de cils, outil de maquillage pour les yeux en pierre de jade.","robots":{"index":"index","follow":"follow","max-snippet":"max-snippet:-1","max-image-preview":"max-image-preview:large","max-video-preview":"max-video-preview:-1"},"canonical":"https:\/\/www.art-natur.ch\/fr\/produit\/%d1%81oussnets-de-colle-jetables-60-pieces\/","og_locale":"fr_FR","og_type":"article","og_title":"\u0421oussnets de colle jetables 60 pi\u00e8ces - LASHES&amp;BROWS by Nataliya Reinhard","og_description":"60 pi\u00e8ces, palette de colle pour cils jetable, coussinet adh\u00e9sif pour colle d'extensions de cils, outil de maquillage pour les yeux en pierre de jade.","og_url":"https:\/\/www.art-natur.ch\/fr\/produit\/%d1%81oussnets-de-colle-jetables-60-pieces\/","og_site_name":"LASHES&amp;BROWS by Nataliya Reinhard","article_modified_time":"2025-01-18T20:16:32+00:00","og_image":[{"width":601,"height":529,"url":"https:\/\/www.art-natur.ch\/wp-content\/uploads\/2024\/09\/2904192118-Photoroom.png","type":"image\/png"}],"twitter_card":"summary_large_image","schema":{"@context":"https:\/\/schema.org","@graph":[{"@type":"WebPage","@id":"https:\/\/www.art-natur.ch\/fr\/produit\/%d1%81oussnets-de-colle-jetables-60-pieces\/","url":"https:\/\/www.art-natur.ch\/fr\/produit\/%d1%81oussnets-de-colle-jetables-60-pieces\/","name":"\u0421oussnets de colle jetables 60 pi\u00e8ces - LASHES&amp;BROWS by Nataliya Reinhard","isPartOf":{"@id":"https:\/\/www.art-natur.ch\/fr\/#website"},"primaryImageOfPage":{"@id":"https:\/\/www.art-natur.ch\/fr\/produit\/%d1%81oussnets-de-colle-jetables-60-pieces\/#primaryimage"},"image":{"@id":"https:\/\/www.art-natur.ch\/fr\/produit\/%d1%81oussnets-de-colle-jetables-60-pieces\/#primaryimage"},"thumbnailUrl":"https:\/\/www.art-natur.ch\/wp-content\/uploads\/2024\/09\/2904192118-Photoroom.png","datePublished":"2024-09-23T21:20:21+00:00","dateModified":"2025-01-18T20:16:32+00:00","description":"60 pi\u00e8ces, palette de colle pour cils jetable, coussinet adh\u00e9sif pour colle d'extensions de cils, outil de maquillage pour les yeux en pierre de jade.","breadcrumb":{"@id":"https:\/\/www.art-natur.ch\/fr\/produit\/%d1%81oussnets-de-colle-jetables-60-pieces\/#breadcrumb"},"inLanguage":"fr-FR","potentialAction":[{"@type":"ReadAction","target":["https:\/\/www.art-natur.ch\/fr\/produit\/%d1%81oussnets-de-colle-jetables-60-pieces\/"]}]},{"@type":"ImageObject","inLanguage":"fr-FR","@id":"https:\/\/www.art-natur.ch\/fr\/produit\/%d1%81oussnets-de-colle-jetables-60-pieces\/#primaryimage","url":"https:\/\/www.art-natur.ch\/wp-content\/uploads\/2024\/09\/2904192118-Photoroom.png","contentUrl":"https:\/\/www.art-natur.ch\/wp-content\/uploads\/2024\/09\/2904192118-Photoroom.png","width":601,"height":529},{"@type":"BreadcrumbList","@id":"https:\/\/www.art-natur.ch\/fr\/produit\/%d1%81oussnets-de-colle-jetables-60-pieces\/#breadcrumb","itemListElement":[{"@type":"ListItem","position":1,"name":"Home","item":"https:\/\/www.art-natur.ch\/fr\/"},{"@type":"ListItem","position":2,"name":"Boutique","item":"https:\/\/www.art-natur.ch\/shop\/"},{"@type":"ListItem","position":3,"name":"\u0421oussnets de colle jetables 60 pi\u00e8ces"}]},{"@type":"WebSite","@id":"https:\/\/www.art-natur.ch\/fr\/#website","url":"https:\/\/www.art-natur.ch\/fr\/","name":"LASHES&amp;BROWS by Nataliya Reinhard","description":"High-quality lash and brow services with attention to every detail","potentialAction":[{"@type":"SearchAction","target":{"@type":"EntryPoint","urlTemplate":"https:\/\/www.art-natur.ch\/fr\/?s={search_term_string}"},"query-input":{"@type":"PropertyValueSpecification","valueRequired":true,"valueName":"search_term_string"}}],"inLanguage":"fr-FR"}]}},"_links":{"self":[{"href":"https:\/\/www.art-natur.ch\/fr\/wp-json\/wp\/v2\/product\/1183","targetHints":{"allow":["GET"]}}],"collection":[{"href":"https:\/\/www.art-natur.ch\/fr\/wp-json\/wp\/v2\/product"}],"about":[{"href":"https:\/\/www.art-natur.ch\/fr\/wp-json\/wp\/v2\/types\/product"}],"wp:featuredmedia":[{"embeddable":true,"href":"https:\/\/www.art-natur.ch\/fr\/wp-json\/wp\/v2\/media\/8238"}],"wp:attachment":[{"href":"https:\/\/www.art-natur.ch\/fr\/wp-json\/wp\/v2\/media?parent=1183"}],"wp:term":[{"taxonomy":"product_cat","embeddable":true,"href":"https:\/\/www.art-natur.ch\/fr\/wp-json\/wp\/v2\/product_cat?post=1183"},{"taxonomy":"product_tag","embeddable":true,"href":"https:\/\/www.art-natur.ch\/fr\/wp-json\/wp\/v2\/product_tag?post=1183"}],"curies":[{"name":"wp","href":"https:\/\/api.w.org\/{rel}","templated":true}]}}