{"id":1201,"date":"2024-09-23T22:39:33","date_gmt":"2024-09-23T20:39:33","guid":{"rendered":"https:\/\/www.art-natur.ch\/product\/lashgo-entwickler-creme-6v-18\/"},"modified":"2024-10-14T00:14:49","modified_gmt":"2024-10-13T22:14:49","slug":"lashgo-entwickler-creme-6v-18","status":"publish","type":"product","link":"https:\/\/www.art-natur.ch\/fr\/produit\/lashgo-entwickler-creme-6v-18\/","title":{"rendered":"Lash&#038;Go Entwickler Creme 6V\u00b0 (1,8 %)"},"content":{"rendered":"<p>Oxid 6 Vol. (1,8%) verbindet sich leicht mit der Lash&amp;Go-Farbe, aktiviert das Pigment und sorgt f\u00fcr eine homogene Konsistenz f\u00fcr eine gleichm\u00e4\u00dfige F\u00e4rbung. Blutet beim Auftragen nicht aus.<br \/>\nDer sanfte, niedrige Oxidgehalt besch\u00e4digt die Schuppenschicht des Haares nicht, was ein sicheres F\u00e4rben und eine einfache Korrektur mit dem Remuver im Falle eines Fehlers erm\u00f6glicht, was besonders f\u00fcr Anf\u00e4nger n\u00fctzlich ist.<br \/>\nKann bei empfindlichen Augen verwendet werden.<br \/>\nBitte lesen Sie die Gebrauchsanweisung vor dem Gebrauch sorgf\u00e4ltig durch.<\/p>\n<p>Inhalt 90ml<\/p>\n","protected":false},"excerpt":{"rendered":"<p>Oxid 6 Vol. (1,8%) verbindet sich leicht mit der Lash&amp;Go-Farbe, aktiviert das Pigment und sorgt f\u00fcr eine homogene Konsistenz f\u00fcr eine gleichm\u00e4\u00dfige F\u00e4rbung. Blutet beim Auftragen nicht aus. Der sanfte, niedrige Oxidgehalt besch\u00e4digt die Schuppenschicht des Haares nicht, was ein sicheres F\u00e4rben und eine einfache Korrektur mit dem Remuver im Falle eines Fehlers erm\u00f6glicht, was [&hellip;]<\/p>\n","protected":false},"featured_media":8222,"template":"","meta":{"_acf_changed":false,"inline_featured_image":false},"product_cat":[119,124,150,162,168,538],"product_tag":[],"class_list":{"0":"post-1201","1":"product","2":"type-product","3":"status-publish","4":"has-post-thumbnail","6":"product_brand-lashgo","7":"product_cat-coloration-et-correction-des-sourcils","8":"product_cat-produits-de-coloration-des-sourcils","9":"product_cat-rehaussement-des-cils","10":"product_cat-coloration-des-cils","11":"product_cat-oxyde","12":"product_cat-promotions","14":"first","15":"instock","16":"sale","17":"shipping-taxable","18":"purchasable","19":"product-type-simple"},"acf":[],"yoast_head":"<!-- This site is optimized with the Yoast SEO plugin v26.6 - https:\/\/yoast.com\/wordpress\/plugins\/seo\/ -->\n<title>Lash&amp;Go Entwickler Creme 6V\u00b0 (1,8 %) - LASHES&amp;BROWS by Nataliya Reinhard<\/title>\n<meta name=\"description\" content=\"Oxyde 6 Vol. (1,8%) active la couleur Lash&amp;Go pour une application uniforme. Formule douce, id\u00e9ale pour les yeux sensibles. 90ml.\" \/>\n<meta name=\"robots\" content=\"index, follow, max-snippet:-1, max-image-preview:large, max-video-preview:-1\" \/>\n<link rel=\"canonical\" href=\"https:\/\/www.art-natur.ch\/fr\/produit\/lashgo-entwickler-creme-6v-18\/\" \/>\n<meta property=\"og:locale\" content=\"fr_FR\" \/>\n<meta property=\"og:type\" content=\"article\" \/>\n<meta property=\"og:title\" content=\"Lash&amp;Go Entwickler Creme 6V\u00b0 (1,8 %) - LASHES&amp;BROWS by Nataliya Reinhard\" \/>\n<meta property=\"og:description\" content=\"Oxyde 6 Vol. (1,8%) active la couleur Lash&amp;Go pour une application uniforme. Formule douce, id\u00e9ale pour les yeux sensibles. 90ml.\" \/>\n<meta property=\"og:url\" content=\"https:\/\/www.art-natur.ch\/fr\/produit\/lashgo-entwickler-creme-6v-18\/\" \/>\n<meta property=\"og:site_name\" content=\"LASHES&amp;BROWS by Nataliya Reinhard\" \/>\n<meta property=\"article:modified_time\" content=\"2024-10-13T22:14:49+00:00\" \/>\n<meta property=\"og:image\" content=\"https:\/\/www.art-natur.ch\/wp-content\/uploads\/2024\/09\/2530439928-Photoroom.png\" \/>\n\t<meta property=\"og:image:width\" content=\"1280\" \/>\n\t<meta property=\"og:image:height\" content=\"1280\" \/>\n\t<meta property=\"og:image:type\" content=\"image\/png\" \/>\n<meta name=\"twitter:card\" content=\"summary_large_image\" \/>\n<script type=\"application\/ld+json\" class=\"yoast-schema-graph\">{\"@context\":\"https:\/\/schema.org\",\"@graph\":[{\"@type\":\"WebPage\",\"@id\":\"https:\/\/www.art-natur.ch\/fr\/produit\/lashgo-entwickler-creme-6v-18\/\",\"url\":\"https:\/\/www.art-natur.ch\/fr\/produit\/lashgo-entwickler-creme-6v-18\/\",\"name\":\"Lash&Go Entwickler Creme 6V\u00b0 (1,8 %) - LASHES&amp;BROWS by Nataliya Reinhard\",\"isPartOf\":{\"@id\":\"https:\/\/www.art-natur.ch\/fr\/#website\"},\"primaryImageOfPage\":{\"@id\":\"https:\/\/www.art-natur.ch\/fr\/produit\/lashgo-entwickler-creme-6v-18\/#primaryimage\"},\"image\":{\"@id\":\"https:\/\/www.art-natur.ch\/fr\/produit\/lashgo-entwickler-creme-6v-18\/#primaryimage\"},\"thumbnailUrl\":\"https:\/\/www.art-natur.ch\/wp-content\/uploads\/2024\/09\/2530439928-Photoroom.png\",\"datePublished\":\"2024-09-23T20:39:33+00:00\",\"dateModified\":\"2024-10-13T22:14:49+00:00\",\"description\":\"Oxyde 6 Vol. (1,8%) active la couleur Lash&Go pour une application uniforme. Formule douce, id\u00e9ale pour les yeux sensibles. 90ml.\",\"breadcrumb\":{\"@id\":\"https:\/\/www.art-natur.ch\/fr\/produit\/lashgo-entwickler-creme-6v-18\/#breadcrumb\"},\"inLanguage\":\"fr-FR\",\"potentialAction\":[{\"@type\":\"ReadAction\",\"target\":[\"https:\/\/www.art-natur.ch\/fr\/produit\/lashgo-entwickler-creme-6v-18\/\"]}]},{\"@type\":\"ImageObject\",\"inLanguage\":\"fr-FR\",\"@id\":\"https:\/\/www.art-natur.ch\/fr\/produit\/lashgo-entwickler-creme-6v-18\/#primaryimage\",\"url\":\"https:\/\/www.art-natur.ch\/wp-content\/uploads\/2024\/09\/2530439928-Photoroom.png\",\"contentUrl\":\"https:\/\/www.art-natur.ch\/wp-content\/uploads\/2024\/09\/2530439928-Photoroom.png\",\"width\":1280,\"height\":1280},{\"@type\":\"BreadcrumbList\",\"@id\":\"https:\/\/www.art-natur.ch\/fr\/produit\/lashgo-entwickler-creme-6v-18\/#breadcrumb\",\"itemListElement\":[{\"@type\":\"ListItem\",\"position\":1,\"name\":\"Home\",\"item\":\"https:\/\/www.art-natur.ch\/fr\/\"},{\"@type\":\"ListItem\",\"position\":2,\"name\":\"Boutique\",\"item\":\"https:\/\/www.art-natur.ch\/shop\/\"},{\"@type\":\"ListItem\",\"position\":3,\"name\":\"Lash&#038;Go Entwickler Creme 6V\u00b0 (1,8 %)\"}]},{\"@type\":\"WebSite\",\"@id\":\"https:\/\/www.art-natur.ch\/fr\/#website\",\"url\":\"https:\/\/www.art-natur.ch\/fr\/\",\"name\":\"LASHES&amp;BROWS by Nataliya Reinhard\",\"description\":\"High-quality lash and brow services with attention to every detail\",\"potentialAction\":[{\"@type\":\"SearchAction\",\"target\":{\"@type\":\"EntryPoint\",\"urlTemplate\":\"https:\/\/www.art-natur.ch\/fr\/?s={search_term_string}\"},\"query-input\":{\"@type\":\"PropertyValueSpecification\",\"valueRequired\":true,\"valueName\":\"search_term_string\"}}],\"inLanguage\":\"fr-FR\"}]}<\/script>\n<!-- \/ Yoast SEO plugin. -->","yoast_head_json":{"title":"Lash&Go Entwickler Creme 6V\u00b0 (1,8 %) - LASHES&amp;BROWS by Nataliya Reinhard","description":"Oxyde 6 Vol. (1,8%) active la couleur Lash&Go pour une application uniforme. Formule douce, id\u00e9ale pour les yeux sensibles. 90ml.","robots":{"index":"index","follow":"follow","max-snippet":"max-snippet:-1","max-image-preview":"max-image-preview:large","max-video-preview":"max-video-preview:-1"},"canonical":"https:\/\/www.art-natur.ch\/fr\/produit\/lashgo-entwickler-creme-6v-18\/","og_locale":"fr_FR","og_type":"article","og_title":"Lash&Go Entwickler Creme 6V\u00b0 (1,8 %) - LASHES&amp;BROWS by Nataliya Reinhard","og_description":"Oxyde 6 Vol. (1,8%) active la couleur Lash&Go pour une application uniforme. Formule douce, id\u00e9ale pour les yeux sensibles. 90ml.","og_url":"https:\/\/www.art-natur.ch\/fr\/produit\/lashgo-entwickler-creme-6v-18\/","og_site_name":"LASHES&amp;BROWS by Nataliya Reinhard","article_modified_time":"2024-10-13T22:14:49+00:00","og_image":[{"width":1280,"height":1280,"url":"https:\/\/www.art-natur.ch\/wp-content\/uploads\/2024\/09\/2530439928-Photoroom.png","type":"image\/png"}],"twitter_card":"summary_large_image","schema":{"@context":"https:\/\/schema.org","@graph":[{"@type":"WebPage","@id":"https:\/\/www.art-natur.ch\/fr\/produit\/lashgo-entwickler-creme-6v-18\/","url":"https:\/\/www.art-natur.ch\/fr\/produit\/lashgo-entwickler-creme-6v-18\/","name":"Lash&Go Entwickler Creme 6V\u00b0 (1,8 %) - LASHES&amp;BROWS by Nataliya Reinhard","isPartOf":{"@id":"https:\/\/www.art-natur.ch\/fr\/#website"},"primaryImageOfPage":{"@id":"https:\/\/www.art-natur.ch\/fr\/produit\/lashgo-entwickler-creme-6v-18\/#primaryimage"},"image":{"@id":"https:\/\/www.art-natur.ch\/fr\/produit\/lashgo-entwickler-creme-6v-18\/#primaryimage"},"thumbnailUrl":"https:\/\/www.art-natur.ch\/wp-content\/uploads\/2024\/09\/2530439928-Photoroom.png","datePublished":"2024-09-23T20:39:33+00:00","dateModified":"2024-10-13T22:14:49+00:00","description":"Oxyde 6 Vol. (1,8%) active la couleur Lash&Go pour une application uniforme. Formule douce, id\u00e9ale pour les yeux sensibles. 90ml.","breadcrumb":{"@id":"https:\/\/www.art-natur.ch\/fr\/produit\/lashgo-entwickler-creme-6v-18\/#breadcrumb"},"inLanguage":"fr-FR","potentialAction":[{"@type":"ReadAction","target":["https:\/\/www.art-natur.ch\/fr\/produit\/lashgo-entwickler-creme-6v-18\/"]}]},{"@type":"ImageObject","inLanguage":"fr-FR","@id":"https:\/\/www.art-natur.ch\/fr\/produit\/lashgo-entwickler-creme-6v-18\/#primaryimage","url":"https:\/\/www.art-natur.ch\/wp-content\/uploads\/2024\/09\/2530439928-Photoroom.png","contentUrl":"https:\/\/www.art-natur.ch\/wp-content\/uploads\/2024\/09\/2530439928-Photoroom.png","width":1280,"height":1280},{"@type":"BreadcrumbList","@id":"https:\/\/www.art-natur.ch\/fr\/produit\/lashgo-entwickler-creme-6v-18\/#breadcrumb","itemListElement":[{"@type":"ListItem","position":1,"name":"Home","item":"https:\/\/www.art-natur.ch\/fr\/"},{"@type":"ListItem","position":2,"name":"Boutique","item":"https:\/\/www.art-natur.ch\/shop\/"},{"@type":"ListItem","position":3,"name":"Lash&#038;Go Entwickler Creme 6V\u00b0 (1,8 %)"}]},{"@type":"WebSite","@id":"https:\/\/www.art-natur.ch\/fr\/#website","url":"https:\/\/www.art-natur.ch\/fr\/","name":"LASHES&amp;BROWS by Nataliya Reinhard","description":"High-quality lash and brow services with attention to every detail","potentialAction":[{"@type":"SearchAction","target":{"@type":"EntryPoint","urlTemplate":"https:\/\/www.art-natur.ch\/fr\/?s={search_term_string}"},"query-input":{"@type":"PropertyValueSpecification","valueRequired":true,"valueName":"search_term_string"}}],"inLanguage":"fr-FR"}]}},"_links":{"self":[{"href":"https:\/\/www.art-natur.ch\/fr\/wp-json\/wp\/v2\/product\/1201","targetHints":{"allow":["GET"]}}],"collection":[{"href":"https:\/\/www.art-natur.ch\/fr\/wp-json\/wp\/v2\/product"}],"about":[{"href":"https:\/\/www.art-natur.ch\/fr\/wp-json\/wp\/v2\/types\/product"}],"wp:featuredmedia":[{"embeddable":true,"href":"https:\/\/www.art-natur.ch\/fr\/wp-json\/wp\/v2\/media\/8222"}],"wp:attachment":[{"href":"https:\/\/www.art-natur.ch\/fr\/wp-json\/wp\/v2\/media?parent=1201"}],"wp:term":[{"taxonomy":"product_cat","embeddable":true,"href":"https:\/\/www.art-natur.ch\/fr\/wp-json\/wp\/v2\/product_cat?post=1201"},{"taxonomy":"product_tag","embeddable":true,"href":"https:\/\/www.art-natur.ch\/fr\/wp-json\/wp\/v2\/product_tag?post=1201"}],"curies":[{"name":"wp","href":"https:\/\/api.w.org\/{rel}","templated":true}]}}