{"id":12050,"date":"2025-09-15T09:10:08","date_gmt":"2025-09-15T08:10:08","guid":{"rendered":"https:\/\/www.art-natur.ch\/product\/helper-2-0-peigne-revolutionnaire-pour-cils-fins-5-pcs-inlei\/"},"modified":"2025-09-15T09:17:18","modified_gmt":"2025-09-15T08:17:18","slug":"helper-2-0-peigne-revolutionnaire-pour-cils-fins-5-pcs-inlei","status":"publish","type":"product","link":"https:\/\/www.art-natur.ch\/fr\/produit\/helper-2-0-peigne-revolutionnaire-pour-cils-fins-5-pcs-inlei\/","title":{"rendered":"HELPER 2.0 peigne r\u00e9volutionnaire pour cils fins 5 pcs InLei\u00ae"},"content":{"rendered":"<p data-start=\"503\" data-end=\"739\">InLei\u00ae Helper est un peigne pratique qui aide \u00e0 \u00e9tendre, s\u00e9parer et redresser les cils sur le bigoudi en silicone pendant le traitement Lash Filler.<br data-start=\"686\" data-end=\"689\" \/>Version 2.0, sp\u00e9cifique pour les cils tr\u00e8s fins.<\/p>\n<p data-start=\"741\" data-end=\"873\">Fabriqu\u00e9 en Italie<br data-start=\"759\" data-end=\"762\" \/>18 dents<br data-start=\"770\" data-end=\"773\" \/>Forme ergonomique avec deux c\u00f4t\u00e9s fonctionnels<br data-start=\"819\" data-end=\"822\" \/>R\u00e9sistant \u2013 100 % polycarbonate<br data-start=\"853\" data-end=\"856\" \/>Contenu : 5 pcs<\/p>\n<p data-start=\"1195\" data-end=\"1481\">Helper 2.0 est id\u00e9al pour peigner les cils fins ou tr\u00e8s fins. La largeur du peigne est identique \u00e0 la version classique de l\u2019Helper, mais les dents sont beaucoup plus petites et rapproch\u00e9es, ce qui permet de s\u00e9parer m\u00eame les poils les plus d\u00e9licats.<\/p>\n<p data-start=\"1483\" data-end=\"1822\">Le c\u00f4t\u00e9 dentel\u00e9 permet de bien diviser chaque cil et de leur donner la bonne direction. La partie plate, quant \u00e0 elle, aide \u00e0 assurer la bonne tension de chaque poil. Helper est l\u2019atout secret de toutes les formatrices InLei\u00ae, car son design a \u00e9t\u00e9 \u00e9tudi\u00e9 dans les moindres d\u00e9tails afin de faciliter au maximum le travail de l\u2019op\u00e9ratrice.<\/p>\n<p data-start=\"1824\" data-end=\"1987\">La couleur vert Tiffany du nouveau Helper 2.0 le rend imm\u00e9diatement reconnaissable sur le poste de travail et \u00e9vite toute confusion avec la version transparente.<\/p>\n<p data-start=\"1989\" data-end=\"2246\">Un outil r\u00e9volutionnaire gr\u00e2ce \u00e0 sa forme confortable, l\u00e9g\u00e8re et ergonomique, qui permet de travailler toutes les zones de l\u2019\u0153il avec une facilit\u00e9 maximale. Fabriqu\u00e9 avec un mat\u00e9riau de tr\u00e8s haute qualit\u00e9 : un polycarbonate r\u00e9sistant et ultra performant !<\/p>\n","protected":false},"excerpt":{"rendered":"<p>InLei\u00ae Helper est un peigne pratique qui aide \u00e0 \u00e9tendre, s\u00e9parer et redresser les cils sur le bigoudi en silicone pendant le traitement Lash Filler.Version 2.0, sp\u00e9cifique pour les cils tr\u00e8s fins. Fabriqu\u00e9 en Italie18 dentsForme ergonomique avec deux c\u00f4t\u00e9s fonctionnelsR\u00e9sistant \u2013 100 % polycarbonateContenu : 5 pcs Helper 2.0 est id\u00e9al pour peigner les [&hellip;]<\/p>\n","protected":false},"featured_media":12044,"template":"","meta":{"_acf_changed":false,"inline_featured_image":false},"product_cat":[150,160],"product_tag":[],"class_list":{"0":"post-12050","1":"product","2":"type-product","3":"status-publish","4":"has-post-thumbnail","6":"product_brand-in-lei","7":"product_cat-rehaussement-des-cils","8":"product_cat-outil","10":"first","11":"instock","12":"shipping-taxable","13":"purchasable","14":"product-type-simple"},"acf":[],"yoast_head":"<!-- This site is optimized with the Yoast SEO plugin v26.6 - https:\/\/yoast.com\/wordpress\/plugins\/seo\/ -->\n<title>HELPER 2.0 peigne r\u00e9volutionnaire pour cils fins 5 pcs InLei\u00ae - LASHES&amp;BROWS by Nataliya Reinhard<\/title>\n<meta name=\"robots\" content=\"index, follow, max-snippet:-1, max-image-preview:large, max-video-preview:-1\" \/>\n<link rel=\"canonical\" href=\"https:\/\/www.art-natur.ch\/fr\/produit\/helper-2-0-peigne-revolutionnaire-pour-cils-fins-5-pcs-inlei\/\" \/>\n<meta property=\"og:locale\" content=\"fr_FR\" \/>\n<meta property=\"og:type\" content=\"article\" \/>\n<meta property=\"og:title\" content=\"HELPER 2.0 peigne r\u00e9volutionnaire pour cils fins 5 pcs InLei\u00ae - LASHES&amp;BROWS by Nataliya Reinhard\" \/>\n<meta property=\"og:description\" content=\"InLei\u00ae Helper est un peigne pratique qui aide \u00e0 \u00e9tendre, s\u00e9parer et redresser les cils sur le bigoudi en silicone pendant le traitement Lash Filler.Version 2.0, sp\u00e9cifique pour les cils tr\u00e8s fins. Fabriqu\u00e9 en Italie18 dentsForme ergonomique avec deux c\u00f4t\u00e9s fonctionnelsR\u00e9sistant \u2013 100 % polycarbonateContenu : 5 pcs Helper 2.0 est id\u00e9al pour peigner les [&hellip;]\" \/>\n<meta property=\"og:url\" content=\"https:\/\/www.art-natur.ch\/fr\/produit\/helper-2-0-peigne-revolutionnaire-pour-cils-fins-5-pcs-inlei\/\" \/>\n<meta property=\"og:site_name\" content=\"LASHES&amp;BROWS by Nataliya Reinhard\" \/>\n<meta property=\"article:modified_time\" content=\"2025-09-15T08:17:18+00:00\" \/>\n<meta property=\"og:image\" content=\"https:\/\/www.art-natur.ch\/wp-content\/uploads\/2025\/09\/In-Lei-HELPER-2.0-ALLINEATORE-DI-CIGLIA-SUI-BIGODINI-DI-SILICONE-5PZ-2_16b2ad79-c277-4aed-aa36-ba8369868cf21.png\" \/>\n\t<meta property=\"og:image:width\" content=\"1800\" \/>\n\t<meta property=\"og:image:height\" content=\"2400\" \/>\n\t<meta property=\"og:image:type\" content=\"image\/png\" \/>\n<meta name=\"twitter:card\" content=\"summary_large_image\" \/>\n<meta name=\"twitter:label1\" content=\"Dur\u00e9e de lecture estim\u00e9e\" \/>\n\t<meta name=\"twitter:data1\" content=\"1 minute\" \/>\n<script type=\"application\/ld+json\" class=\"yoast-schema-graph\">{\"@context\":\"https:\/\/schema.org\",\"@graph\":[{\"@type\":\"WebPage\",\"@id\":\"https:\/\/www.art-natur.ch\/fr\/produit\/helper-2-0-peigne-revolutionnaire-pour-cils-fins-5-pcs-inlei\/\",\"url\":\"https:\/\/www.art-natur.ch\/fr\/produit\/helper-2-0-peigne-revolutionnaire-pour-cils-fins-5-pcs-inlei\/\",\"name\":\"HELPER 2.0 peigne r\u00e9volutionnaire pour cils fins 5 pcs InLei\u00ae - LASHES&amp;BROWS by Nataliya Reinhard\",\"isPartOf\":{\"@id\":\"https:\/\/www.art-natur.ch\/fr\/#website\"},\"primaryImageOfPage\":{\"@id\":\"https:\/\/www.art-natur.ch\/fr\/produit\/helper-2-0-peigne-revolutionnaire-pour-cils-fins-5-pcs-inlei\/#primaryimage\"},\"image\":{\"@id\":\"https:\/\/www.art-natur.ch\/fr\/produit\/helper-2-0-peigne-revolutionnaire-pour-cils-fins-5-pcs-inlei\/#primaryimage\"},\"thumbnailUrl\":\"https:\/\/www.art-natur.ch\/wp-content\/uploads\/2025\/09\/In-Lei-HELPER-2.0-ALLINEATORE-DI-CIGLIA-SUI-BIGODINI-DI-SILICONE-5PZ-2_16b2ad79-c277-4aed-aa36-ba8369868cf21.png\",\"datePublished\":\"2025-09-15T08:10:08+00:00\",\"dateModified\":\"2025-09-15T08:17:18+00:00\",\"breadcrumb\":{\"@id\":\"https:\/\/www.art-natur.ch\/fr\/produit\/helper-2-0-peigne-revolutionnaire-pour-cils-fins-5-pcs-inlei\/#breadcrumb\"},\"inLanguage\":\"fr-FR\",\"potentialAction\":[{\"@type\":\"ReadAction\",\"target\":[\"https:\/\/www.art-natur.ch\/fr\/produit\/helper-2-0-peigne-revolutionnaire-pour-cils-fins-5-pcs-inlei\/\"]}]},{\"@type\":\"ImageObject\",\"inLanguage\":\"fr-FR\",\"@id\":\"https:\/\/www.art-natur.ch\/fr\/produit\/helper-2-0-peigne-revolutionnaire-pour-cils-fins-5-pcs-inlei\/#primaryimage\",\"url\":\"https:\/\/www.art-natur.ch\/wp-content\/uploads\/2025\/09\/In-Lei-HELPER-2.0-ALLINEATORE-DI-CIGLIA-SUI-BIGODINI-DI-SILICONE-5PZ-2_16b2ad79-c277-4aed-aa36-ba8369868cf21.png\",\"contentUrl\":\"https:\/\/www.art-natur.ch\/wp-content\/uploads\/2025\/09\/In-Lei-HELPER-2.0-ALLINEATORE-DI-CIGLIA-SUI-BIGODINI-DI-SILICONE-5PZ-2_16b2ad79-c277-4aed-aa36-ba8369868cf21.png\",\"width\":1800,\"height\":2400},{\"@type\":\"BreadcrumbList\",\"@id\":\"https:\/\/www.art-natur.ch\/fr\/produit\/helper-2-0-peigne-revolutionnaire-pour-cils-fins-5-pcs-inlei\/#breadcrumb\",\"itemListElement\":[{\"@type\":\"ListItem\",\"position\":1,\"name\":\"Home\",\"item\":\"https:\/\/www.art-natur.ch\/fr\/\"},{\"@type\":\"ListItem\",\"position\":2,\"name\":\"Boutique\",\"item\":\"https:\/\/www.art-natur.ch\/shop\/\"},{\"@type\":\"ListItem\",\"position\":3,\"name\":\"HELPER 2.0 peigne r\u00e9volutionnaire pour cils fins 5 pcs InLei\u00ae\"}]},{\"@type\":\"WebSite\",\"@id\":\"https:\/\/www.art-natur.ch\/fr\/#website\",\"url\":\"https:\/\/www.art-natur.ch\/fr\/\",\"name\":\"LASHES&amp;BROWS by Nataliya Reinhard\",\"description\":\"High-quality lash and brow services with attention to every detail\",\"potentialAction\":[{\"@type\":\"SearchAction\",\"target\":{\"@type\":\"EntryPoint\",\"urlTemplate\":\"https:\/\/www.art-natur.ch\/fr\/?s={search_term_string}\"},\"query-input\":{\"@type\":\"PropertyValueSpecification\",\"valueRequired\":true,\"valueName\":\"search_term_string\"}}],\"inLanguage\":\"fr-FR\"}]}<\/script>\n<!-- \/ Yoast SEO plugin. -->","yoast_head_json":{"title":"HELPER 2.0 peigne r\u00e9volutionnaire pour cils fins 5 pcs InLei\u00ae - LASHES&amp;BROWS by Nataliya Reinhard","robots":{"index":"index","follow":"follow","max-snippet":"max-snippet:-1","max-image-preview":"max-image-preview:large","max-video-preview":"max-video-preview:-1"},"canonical":"https:\/\/www.art-natur.ch\/fr\/produit\/helper-2-0-peigne-revolutionnaire-pour-cils-fins-5-pcs-inlei\/","og_locale":"fr_FR","og_type":"article","og_title":"HELPER 2.0 peigne r\u00e9volutionnaire pour cils fins 5 pcs InLei\u00ae - LASHES&amp;BROWS by Nataliya Reinhard","og_description":"InLei\u00ae Helper est un peigne pratique qui aide \u00e0 \u00e9tendre, s\u00e9parer et redresser les cils sur le bigoudi en silicone pendant le traitement Lash Filler.Version 2.0, sp\u00e9cifique pour les cils tr\u00e8s fins. Fabriqu\u00e9 en Italie18 dentsForme ergonomique avec deux c\u00f4t\u00e9s fonctionnelsR\u00e9sistant \u2013 100 % polycarbonateContenu : 5 pcs Helper 2.0 est id\u00e9al pour peigner les [&hellip;]","og_url":"https:\/\/www.art-natur.ch\/fr\/produit\/helper-2-0-peigne-revolutionnaire-pour-cils-fins-5-pcs-inlei\/","og_site_name":"LASHES&amp;BROWS by Nataliya Reinhard","article_modified_time":"2025-09-15T08:17:18+00:00","og_image":[{"width":1800,"height":2400,"url":"https:\/\/www.art-natur.ch\/wp-content\/uploads\/2025\/09\/In-Lei-HELPER-2.0-ALLINEATORE-DI-CIGLIA-SUI-BIGODINI-DI-SILICONE-5PZ-2_16b2ad79-c277-4aed-aa36-ba8369868cf21.png","type":"image\/png"}],"twitter_card":"summary_large_image","twitter_misc":{"Dur\u00e9e de lecture estim\u00e9e":"1 minute"},"schema":{"@context":"https:\/\/schema.org","@graph":[{"@type":"WebPage","@id":"https:\/\/www.art-natur.ch\/fr\/produit\/helper-2-0-peigne-revolutionnaire-pour-cils-fins-5-pcs-inlei\/","url":"https:\/\/www.art-natur.ch\/fr\/produit\/helper-2-0-peigne-revolutionnaire-pour-cils-fins-5-pcs-inlei\/","name":"HELPER 2.0 peigne r\u00e9volutionnaire pour cils fins 5 pcs InLei\u00ae - LASHES&amp;BROWS by Nataliya Reinhard","isPartOf":{"@id":"https:\/\/www.art-natur.ch\/fr\/#website"},"primaryImageOfPage":{"@id":"https:\/\/www.art-natur.ch\/fr\/produit\/helper-2-0-peigne-revolutionnaire-pour-cils-fins-5-pcs-inlei\/#primaryimage"},"image":{"@id":"https:\/\/www.art-natur.ch\/fr\/produit\/helper-2-0-peigne-revolutionnaire-pour-cils-fins-5-pcs-inlei\/#primaryimage"},"thumbnailUrl":"https:\/\/www.art-natur.ch\/wp-content\/uploads\/2025\/09\/In-Lei-HELPER-2.0-ALLINEATORE-DI-CIGLIA-SUI-BIGODINI-DI-SILICONE-5PZ-2_16b2ad79-c277-4aed-aa36-ba8369868cf21.png","datePublished":"2025-09-15T08:10:08+00:00","dateModified":"2025-09-15T08:17:18+00:00","breadcrumb":{"@id":"https:\/\/www.art-natur.ch\/fr\/produit\/helper-2-0-peigne-revolutionnaire-pour-cils-fins-5-pcs-inlei\/#breadcrumb"},"inLanguage":"fr-FR","potentialAction":[{"@type":"ReadAction","target":["https:\/\/www.art-natur.ch\/fr\/produit\/helper-2-0-peigne-revolutionnaire-pour-cils-fins-5-pcs-inlei\/"]}]},{"@type":"ImageObject","inLanguage":"fr-FR","@id":"https:\/\/www.art-natur.ch\/fr\/produit\/helper-2-0-peigne-revolutionnaire-pour-cils-fins-5-pcs-inlei\/#primaryimage","url":"https:\/\/www.art-natur.ch\/wp-content\/uploads\/2025\/09\/In-Lei-HELPER-2.0-ALLINEATORE-DI-CIGLIA-SUI-BIGODINI-DI-SILICONE-5PZ-2_16b2ad79-c277-4aed-aa36-ba8369868cf21.png","contentUrl":"https:\/\/www.art-natur.ch\/wp-content\/uploads\/2025\/09\/In-Lei-HELPER-2.0-ALLINEATORE-DI-CIGLIA-SUI-BIGODINI-DI-SILICONE-5PZ-2_16b2ad79-c277-4aed-aa36-ba8369868cf21.png","width":1800,"height":2400},{"@type":"BreadcrumbList","@id":"https:\/\/www.art-natur.ch\/fr\/produit\/helper-2-0-peigne-revolutionnaire-pour-cils-fins-5-pcs-inlei\/#breadcrumb","itemListElement":[{"@type":"ListItem","position":1,"name":"Home","item":"https:\/\/www.art-natur.ch\/fr\/"},{"@type":"ListItem","position":2,"name":"Boutique","item":"https:\/\/www.art-natur.ch\/shop\/"},{"@type":"ListItem","position":3,"name":"HELPER 2.0 peigne r\u00e9volutionnaire pour cils fins 5 pcs InLei\u00ae"}]},{"@type":"WebSite","@id":"https:\/\/www.art-natur.ch\/fr\/#website","url":"https:\/\/www.art-natur.ch\/fr\/","name":"LASHES&amp;BROWS by Nataliya Reinhard","description":"High-quality lash and brow services with attention to every detail","potentialAction":[{"@type":"SearchAction","target":{"@type":"EntryPoint","urlTemplate":"https:\/\/www.art-natur.ch\/fr\/?s={search_term_string}"},"query-input":{"@type":"PropertyValueSpecification","valueRequired":true,"valueName":"search_term_string"}}],"inLanguage":"fr-FR"}]}},"_links":{"self":[{"href":"https:\/\/www.art-natur.ch\/fr\/wp-json\/wp\/v2\/product\/12050","targetHints":{"allow":["GET"]}}],"collection":[{"href":"https:\/\/www.art-natur.ch\/fr\/wp-json\/wp\/v2\/product"}],"about":[{"href":"https:\/\/www.art-natur.ch\/fr\/wp-json\/wp\/v2\/types\/product"}],"wp:featuredmedia":[{"embeddable":true,"href":"https:\/\/www.art-natur.ch\/fr\/wp-json\/wp\/v2\/media\/12044"}],"wp:attachment":[{"href":"https:\/\/www.art-natur.ch\/fr\/wp-json\/wp\/v2\/media?parent=12050"}],"wp:term":[{"taxonomy":"product_cat","embeddable":true,"href":"https:\/\/www.art-natur.ch\/fr\/wp-json\/wp\/v2\/product_cat?post=12050"},{"taxonomy":"product_tag","embeddable":true,"href":"https:\/\/www.art-natur.ch\/fr\/wp-json\/wp\/v2\/product_tag?post=12050"}],"curies":[{"name":"wp","href":"https:\/\/api.w.org\/{rel}","templated":true}]}}