{"id":12063,"date":"2025-09-15T09:34:33","date_gmt":"2025-09-15T08:34:33","guid":{"rendered":"https:\/\/www.art-natur.ch\/product\/total-bigoudis-en-silicone-pour-cils-assortiment-10-tailles\/"},"modified":"2025-09-15T09:36:00","modified_gmt":"2025-09-15T08:36:00","slug":"total-bigoudis-en-silicone-pour-cils-assortiment-10-tailles","status":"publish","type":"product","link":"https:\/\/www.art-natur.ch\/fr\/produit\/total-bigoudis-en-silicone-pour-cils-assortiment-10-tailles\/","title":{"rendered":"TOTAL bigoudis en silicone pour cils, assortiment 10 tailles"},"content":{"rendered":"<p data-start=\"672\" data-end=\"1074\">Le set In Lei\u00ae \u201cTOTAL\u201d contient tous les bigoudis des lignes \u201cRICCIOLO PERFETTO\u201d et \u201cRICCIOLO NATURALEZZA\u201d. Ce kit est con\u00e7u pour avoir toujours \u00e0 disposition le large choix de tailles. Lorsqu\u2019une nouvelle cliente se pr\u00e9sente et que l\u2019on ne sait pas encore quel bigoudi correspond le mieux \u00e0 son type de cils, la gamme compl\u00e8te permet de choisir la taille parfaite.<\/p>\n<p data-start=\"1076\" data-end=\"1232\">100 % Made in Italy<br data-start=\"1095\" data-end=\"1098\" \/>Silicone PLATINIQUE (unique en son genre), st\u00e9rilisable en autoclave !<br data-start=\"1168\" data-end=\"1171\" \/>Mix de 10 paires : S, M, L, XL, XXL \u2013 S1, M1, L1, XL1, XXL1<\/p>\n<p data-start=\"2159\" data-end=\"2272\"><strong data-start=\"2159\" data-end=\"2171\">Mat\u00e9riau<\/strong><br data-start=\"2171\" data-end=\"2174\" \/>Fabriqu\u00e9s en silicone 100 % platinique de haute qualit\u00e9 : hypoallerg\u00e9nique, doux et tr\u00e8s souple.<\/p>\n<p data-start=\"2274\" data-end=\"2363\">Ce mat\u00e9riau pr\u00e9cieux rend les bigoudis ind\u00e9formables, r\u00e9sistants, doux et enveloppants.<\/p>\n<p data-start=\"2365\" data-end=\"2527\"><strong data-start=\"2365\" data-end=\"2382\">Mode d\u2019emploi<\/strong><br data-start=\"2382\" data-end=\"2385\" \/>Appliquer le bigoudi sur la paupi\u00e8re \u00e0 l\u2019aide d\u2019InLei\u00ae Fixing Gel ou Lamica Gel, en veillant \u00e0 garder 1 mm de distance des racines des cils.<\/p>\n<p data-start=\"2529\" data-end=\"2734\"><strong data-start=\"2529\" data-end=\"2541\">Conseils<\/strong><br data-start=\"2541\" data-end=\"2544\" \/>Lorsque les bigoudis deviennent tr\u00e8s fonc\u00e9s en raison de l\u2019utilisation r\u00e9p\u00e9t\u00e9e de teintures, il faut les jeter et les remplacer.<br data-start=\"2672\" data-end=\"2675\" \/>La st\u00e9rilisation en autoclave peut aider \u00e0 les \u00e9claircir.<\/p>\n<p data-start=\"2736\" data-end=\"2891\">Nous vous conseillons de conserver un set de bigoudis fonc\u00e9s pour les utiliser sur des cils clairs : cela permet de mieux les voir pendant le traitement.<\/p>\n<p data-start=\"2893\" data-end=\"3025\"><strong data-start=\"2893\" data-end=\"2914\">Approfondissement<\/strong><br data-start=\"2914\" data-end=\"2917\" \/>Le set InLei\u00ae \u201cTOTAL\u201d contient tous les bigoudis des lignes \u201cRICCIOLO PERFETTO\u201d et \u201cRICCIOLO NATURALEZZA\u201d.<\/p>\n<p data-start=\"3027\" data-end=\"3264\">Les bigoudis \u201cRicciolo Naturalezza\u201d sont id\u00e9aux pour cr\u00e9er une courbure naturelle adapt\u00e9e \u00e0 la lamination f\u00e9minine comme masculine. Ils offrent une courbure moins marqu\u00e9e que les bigoudis \u201cRicciolo Perfetto\u201d mais tout aussi esth\u00e9tique.<\/p>\n<p data-start=\"3266\" data-end=\"3475\">Les bigoudis \u201cRicciolo Perfetto\u201d donnent aux cils une courbure prononc\u00e9e. Id\u00e9als pour les amateurs de cils spectaculaires et tr\u00e8s recourb\u00e9s, ils offrent une courbure similaire \u00e0 la courbe \u201cD\u201d des extensions.<\/p>\n<p data-start=\"3477\" data-end=\"3629\">Les bigoudis sont sp\u00e9cifiques \u00e0 l\u2019\u0153il droit et \u00e0 l\u2019\u0153il gauche ; celui pour l\u2019\u0153il gauche est identifi\u00e9 par un petit trait \u201c-\u201d pr\u00e8s de la taille grav\u00e9e.<\/p>\n<p data-start=\"3631\" data-end=\"4091\"><strong data-start=\"3631\" data-end=\"3644\">Nettoyage<\/strong><br data-start=\"3644\" data-end=\"3647\" \/>Imm\u00e9diatement apr\u00e8s le retrait, nettoyer avec une lingette d\u00e9sinfectante.<br data-start=\"3720\" data-end=\"3723\" \/>Les immerger dans un bol d\u2019eau (ex. InLei\u00ae Barolo) jusqu\u2019\u00e0 la fin du traitement.<br data-start=\"3803\" data-end=\"3806\" \/>Laver avec un savon neutre.<br data-start=\"3833\" data-end=\"3836\" \/>Les immerger dans InLei\u00ae FPlus d\u00e9sinfectant pendant 15\u201320 minutes.<br data-start=\"3902\" data-end=\"3905\" \/>Rincer sous l\u2019eau courante et s\u00e9cher avec un chiffon non pelucheux (en TNT).<br data-start=\"3981\" data-end=\"3984\" \/>Les placer dans le sachet de st\u00e9rilisation adapt\u00e9 et les mettre en autoclave pendant 30 minutes \u00e0 121 \u00b0C.<\/p>\n","protected":false},"excerpt":{"rendered":"<p>Le set In Lei\u00ae \u201cTOTAL\u201d contient tous les bigoudis des lignes \u201cRICCIOLO PERFETTO\u201d et \u201cRICCIOLO NATURALEZZA\u201d. Ce kit est con\u00e7u pour avoir toujours \u00e0 disposition le large choix de tailles. Lorsqu\u2019une nouvelle cliente se pr\u00e9sente et que l\u2019on ne sait pas encore quel bigoudi correspond le mieux \u00e0 son type de cils, la gamme compl\u00e8te [&hellip;]<\/p>\n","protected":false},"featured_media":12057,"template":"","meta":{"_acf_changed":false,"inline_featured_image":false},"product_cat":[150,154,156],"product_tag":[],"class_list":{"0":"post-12063","1":"product","2":"type-product","3":"status-publish","4":"has-post-thumbnail","6":"product_brand-in-lei","7":"product_cat-rehaussement-des-cils","8":"product_cat-bigoudis-et-patchs","9":"product_cat-bigoudis","11":"first","12":"instock","13":"shipping-taxable","14":"purchasable","15":"product-type-simple"},"acf":[],"yoast_head":"<!-- This site is optimized with the Yoast SEO plugin v26.6 - https:\/\/yoast.com\/wordpress\/plugins\/seo\/ -->\n<title>TOTAL bigoudis en silicone pour cils, assortiment 10 tailles - LASHES&amp;BROWS by Nataliya Reinhard<\/title>\n<meta name=\"robots\" content=\"index, follow, max-snippet:-1, max-image-preview:large, max-video-preview:-1\" \/>\n<link rel=\"canonical\" href=\"https:\/\/www.art-natur.ch\/fr\/produit\/total-bigoudis-en-silicone-pour-cils-assortiment-10-tailles\/\" \/>\n<meta property=\"og:locale\" content=\"fr_FR\" \/>\n<meta property=\"og:type\" content=\"article\" \/>\n<meta property=\"og:title\" content=\"TOTAL bigoudis en silicone pour cils, assortiment 10 tailles - LASHES&amp;BROWS by Nataliya Reinhard\" \/>\n<meta property=\"og:description\" content=\"Le set In Lei\u00ae \u201cTOTAL\u201d contient tous les bigoudis des lignes \u201cRICCIOLO PERFETTO\u201d et \u201cRICCIOLO NATURALEZZA\u201d. Ce kit est con\u00e7u pour avoir toujours \u00e0 disposition le large choix de tailles. Lorsqu\u2019une nouvelle cliente se pr\u00e9sente et que l\u2019on ne sait pas encore quel bigoudi correspond le mieux \u00e0 son type de cils, la gamme compl\u00e8te [&hellip;]\" \/>\n<meta property=\"og:url\" content=\"https:\/\/www.art-natur.ch\/fr\/produit\/total-bigoudis-en-silicone-pour-cils-assortiment-10-tailles\/\" \/>\n<meta property=\"og:site_name\" content=\"LASHES&amp;BROWS by Nataliya Reinhard\" \/>\n<meta property=\"article:modified_time\" content=\"2025-09-15T08:36:00+00:00\" \/>\n<meta property=\"og:image\" content=\"https:\/\/www.art-natur.ch\/wp-content\/uploads\/2025\/09\/In-Lei-TOTAL_-BIGODINI-IN-SILICONE-PER-CIGLIA-10-PAIA-ASS.-1_a2c2983c-41ae-4f8e-b5b5-1cf88773aac81.png\" \/>\n\t<meta property=\"og:image:width\" content=\"1800\" \/>\n\t<meta property=\"og:image:height\" content=\"2400\" \/>\n\t<meta property=\"og:image:type\" content=\"image\/png\" \/>\n<meta name=\"twitter:card\" content=\"summary_large_image\" \/>\n<meta name=\"twitter:label1\" content=\"Dur\u00e9e de lecture estim\u00e9e\" \/>\n\t<meta name=\"twitter:data1\" content=\"2 minutes\" \/>\n<script type=\"application\/ld+json\" class=\"yoast-schema-graph\">{\"@context\":\"https:\/\/schema.org\",\"@graph\":[{\"@type\":\"WebPage\",\"@id\":\"https:\/\/www.art-natur.ch\/fr\/produit\/total-bigoudis-en-silicone-pour-cils-assortiment-10-tailles\/\",\"url\":\"https:\/\/www.art-natur.ch\/fr\/produit\/total-bigoudis-en-silicone-pour-cils-assortiment-10-tailles\/\",\"name\":\"TOTAL bigoudis en silicone pour cils, assortiment 10 tailles - LASHES&amp;BROWS by Nataliya Reinhard\",\"isPartOf\":{\"@id\":\"https:\/\/www.art-natur.ch\/fr\/#website\"},\"primaryImageOfPage\":{\"@id\":\"https:\/\/www.art-natur.ch\/fr\/produit\/total-bigoudis-en-silicone-pour-cils-assortiment-10-tailles\/#primaryimage\"},\"image\":{\"@id\":\"https:\/\/www.art-natur.ch\/fr\/produit\/total-bigoudis-en-silicone-pour-cils-assortiment-10-tailles\/#primaryimage\"},\"thumbnailUrl\":\"https:\/\/www.art-natur.ch\/wp-content\/uploads\/2025\/09\/In-Lei-TOTAL_-BIGODINI-IN-SILICONE-PER-CIGLIA-10-PAIA-ASS.-1_a2c2983c-41ae-4f8e-b5b5-1cf88773aac81.png\",\"datePublished\":\"2025-09-15T08:34:33+00:00\",\"dateModified\":\"2025-09-15T08:36:00+00:00\",\"breadcrumb\":{\"@id\":\"https:\/\/www.art-natur.ch\/fr\/produit\/total-bigoudis-en-silicone-pour-cils-assortiment-10-tailles\/#breadcrumb\"},\"inLanguage\":\"fr-FR\",\"potentialAction\":[{\"@type\":\"ReadAction\",\"target\":[\"https:\/\/www.art-natur.ch\/fr\/produit\/total-bigoudis-en-silicone-pour-cils-assortiment-10-tailles\/\"]}]},{\"@type\":\"ImageObject\",\"inLanguage\":\"fr-FR\",\"@id\":\"https:\/\/www.art-natur.ch\/fr\/produit\/total-bigoudis-en-silicone-pour-cils-assortiment-10-tailles\/#primaryimage\",\"url\":\"https:\/\/www.art-natur.ch\/wp-content\/uploads\/2025\/09\/In-Lei-TOTAL_-BIGODINI-IN-SILICONE-PER-CIGLIA-10-PAIA-ASS.-1_a2c2983c-41ae-4f8e-b5b5-1cf88773aac81.png\",\"contentUrl\":\"https:\/\/www.art-natur.ch\/wp-content\/uploads\/2025\/09\/In-Lei-TOTAL_-BIGODINI-IN-SILICONE-PER-CIGLIA-10-PAIA-ASS.-1_a2c2983c-41ae-4f8e-b5b5-1cf88773aac81.png\",\"width\":1800,\"height\":2400},{\"@type\":\"BreadcrumbList\",\"@id\":\"https:\/\/www.art-natur.ch\/fr\/produit\/total-bigoudis-en-silicone-pour-cils-assortiment-10-tailles\/#breadcrumb\",\"itemListElement\":[{\"@type\":\"ListItem\",\"position\":1,\"name\":\"Home\",\"item\":\"https:\/\/www.art-natur.ch\/fr\/\"},{\"@type\":\"ListItem\",\"position\":2,\"name\":\"Boutique\",\"item\":\"https:\/\/www.art-natur.ch\/shop\/\"},{\"@type\":\"ListItem\",\"position\":3,\"name\":\"TOTAL bigoudis en silicone pour cils, assortiment 10 tailles\"}]},{\"@type\":\"WebSite\",\"@id\":\"https:\/\/www.art-natur.ch\/fr\/#website\",\"url\":\"https:\/\/www.art-natur.ch\/fr\/\",\"name\":\"LASHES&amp;BROWS by Nataliya Reinhard\",\"description\":\"High-quality lash and brow services with attention to every detail\",\"potentialAction\":[{\"@type\":\"SearchAction\",\"target\":{\"@type\":\"EntryPoint\",\"urlTemplate\":\"https:\/\/www.art-natur.ch\/fr\/?s={search_term_string}\"},\"query-input\":{\"@type\":\"PropertyValueSpecification\",\"valueRequired\":true,\"valueName\":\"search_term_string\"}}],\"inLanguage\":\"fr-FR\"}]}<\/script>\n<!-- \/ Yoast SEO plugin. -->","yoast_head_json":{"title":"TOTAL bigoudis en silicone pour cils, assortiment 10 tailles - LASHES&amp;BROWS by Nataliya Reinhard","robots":{"index":"index","follow":"follow","max-snippet":"max-snippet:-1","max-image-preview":"max-image-preview:large","max-video-preview":"max-video-preview:-1"},"canonical":"https:\/\/www.art-natur.ch\/fr\/produit\/total-bigoudis-en-silicone-pour-cils-assortiment-10-tailles\/","og_locale":"fr_FR","og_type":"article","og_title":"TOTAL bigoudis en silicone pour cils, assortiment 10 tailles - LASHES&amp;BROWS by Nataliya Reinhard","og_description":"Le set In Lei\u00ae \u201cTOTAL\u201d contient tous les bigoudis des lignes \u201cRICCIOLO PERFETTO\u201d et \u201cRICCIOLO NATURALEZZA\u201d. Ce kit est con\u00e7u pour avoir toujours \u00e0 disposition le large choix de tailles. Lorsqu\u2019une nouvelle cliente se pr\u00e9sente et que l\u2019on ne sait pas encore quel bigoudi correspond le mieux \u00e0 son type de cils, la gamme compl\u00e8te [&hellip;]","og_url":"https:\/\/www.art-natur.ch\/fr\/produit\/total-bigoudis-en-silicone-pour-cils-assortiment-10-tailles\/","og_site_name":"LASHES&amp;BROWS by Nataliya Reinhard","article_modified_time":"2025-09-15T08:36:00+00:00","og_image":[{"width":1800,"height":2400,"url":"https:\/\/www.art-natur.ch\/wp-content\/uploads\/2025\/09\/In-Lei-TOTAL_-BIGODINI-IN-SILICONE-PER-CIGLIA-10-PAIA-ASS.-1_a2c2983c-41ae-4f8e-b5b5-1cf88773aac81.png","type":"image\/png"}],"twitter_card":"summary_large_image","twitter_misc":{"Dur\u00e9e de lecture estim\u00e9e":"2 minutes"},"schema":{"@context":"https:\/\/schema.org","@graph":[{"@type":"WebPage","@id":"https:\/\/www.art-natur.ch\/fr\/produit\/total-bigoudis-en-silicone-pour-cils-assortiment-10-tailles\/","url":"https:\/\/www.art-natur.ch\/fr\/produit\/total-bigoudis-en-silicone-pour-cils-assortiment-10-tailles\/","name":"TOTAL bigoudis en silicone pour cils, assortiment 10 tailles - LASHES&amp;BROWS by Nataliya Reinhard","isPartOf":{"@id":"https:\/\/www.art-natur.ch\/fr\/#website"},"primaryImageOfPage":{"@id":"https:\/\/www.art-natur.ch\/fr\/produit\/total-bigoudis-en-silicone-pour-cils-assortiment-10-tailles\/#primaryimage"},"image":{"@id":"https:\/\/www.art-natur.ch\/fr\/produit\/total-bigoudis-en-silicone-pour-cils-assortiment-10-tailles\/#primaryimage"},"thumbnailUrl":"https:\/\/www.art-natur.ch\/wp-content\/uploads\/2025\/09\/In-Lei-TOTAL_-BIGODINI-IN-SILICONE-PER-CIGLIA-10-PAIA-ASS.-1_a2c2983c-41ae-4f8e-b5b5-1cf88773aac81.png","datePublished":"2025-09-15T08:34:33+00:00","dateModified":"2025-09-15T08:36:00+00:00","breadcrumb":{"@id":"https:\/\/www.art-natur.ch\/fr\/produit\/total-bigoudis-en-silicone-pour-cils-assortiment-10-tailles\/#breadcrumb"},"inLanguage":"fr-FR","potentialAction":[{"@type":"ReadAction","target":["https:\/\/www.art-natur.ch\/fr\/produit\/total-bigoudis-en-silicone-pour-cils-assortiment-10-tailles\/"]}]},{"@type":"ImageObject","inLanguage":"fr-FR","@id":"https:\/\/www.art-natur.ch\/fr\/produit\/total-bigoudis-en-silicone-pour-cils-assortiment-10-tailles\/#primaryimage","url":"https:\/\/www.art-natur.ch\/wp-content\/uploads\/2025\/09\/In-Lei-TOTAL_-BIGODINI-IN-SILICONE-PER-CIGLIA-10-PAIA-ASS.-1_a2c2983c-41ae-4f8e-b5b5-1cf88773aac81.png","contentUrl":"https:\/\/www.art-natur.ch\/wp-content\/uploads\/2025\/09\/In-Lei-TOTAL_-BIGODINI-IN-SILICONE-PER-CIGLIA-10-PAIA-ASS.-1_a2c2983c-41ae-4f8e-b5b5-1cf88773aac81.png","width":1800,"height":2400},{"@type":"BreadcrumbList","@id":"https:\/\/www.art-natur.ch\/fr\/produit\/total-bigoudis-en-silicone-pour-cils-assortiment-10-tailles\/#breadcrumb","itemListElement":[{"@type":"ListItem","position":1,"name":"Home","item":"https:\/\/www.art-natur.ch\/fr\/"},{"@type":"ListItem","position":2,"name":"Boutique","item":"https:\/\/www.art-natur.ch\/shop\/"},{"@type":"ListItem","position":3,"name":"TOTAL bigoudis en silicone pour cils, assortiment 10 tailles"}]},{"@type":"WebSite","@id":"https:\/\/www.art-natur.ch\/fr\/#website","url":"https:\/\/www.art-natur.ch\/fr\/","name":"LASHES&amp;BROWS by Nataliya Reinhard","description":"High-quality lash and brow services with attention to every detail","potentialAction":[{"@type":"SearchAction","target":{"@type":"EntryPoint","urlTemplate":"https:\/\/www.art-natur.ch\/fr\/?s={search_term_string}"},"query-input":{"@type":"PropertyValueSpecification","valueRequired":true,"valueName":"search_term_string"}}],"inLanguage":"fr-FR"}]}},"_links":{"self":[{"href":"https:\/\/www.art-natur.ch\/fr\/wp-json\/wp\/v2\/product\/12063","targetHints":{"allow":["GET"]}}],"collection":[{"href":"https:\/\/www.art-natur.ch\/fr\/wp-json\/wp\/v2\/product"}],"about":[{"href":"https:\/\/www.art-natur.ch\/fr\/wp-json\/wp\/v2\/types\/product"}],"wp:featuredmedia":[{"embeddable":true,"href":"https:\/\/www.art-natur.ch\/fr\/wp-json\/wp\/v2\/media\/12057"}],"wp:attachment":[{"href":"https:\/\/www.art-natur.ch\/fr\/wp-json\/wp\/v2\/media?parent=12063"}],"wp:term":[{"taxonomy":"product_cat","embeddable":true,"href":"https:\/\/www.art-natur.ch\/fr\/wp-json\/wp\/v2\/product_cat?post=12063"},{"taxonomy":"product_tag","embeddable":true,"href":"https:\/\/www.art-natur.ch\/fr\/wp-json\/wp\/v2\/product_tag?post=12063"}],"curies":[{"name":"wp","href":"https:\/\/api.w.org\/{rel}","templated":true}]}}