{"id":12081,"date":"2025-09-15T11:21:30","date_gmt":"2025-09-15T10:21:30","guid":{"rendered":"https:\/\/www.art-natur.ch\/product\/red-teinture-rouge-pour-cils-et-sourcils-a-lhuile-dargan-15-ml-inlei\/"},"modified":"2025-09-21T11:46:03","modified_gmt":"2025-09-21T10:46:03","slug":"red-teinture-rouge-pour-cils-et-sourcils-a-lhuile-dargan-15-ml-inlei","status":"publish","type":"product","link":"https:\/\/www.art-natur.ch\/fr\/produit\/red-teinture-rouge-pour-cils-et-sourcils-a-lhuile-dargan-15-ml-inlei\/","title":{"rendered":"RED teinture rouge pour cils et sourcils \u00e0 l\u2019huile d\u2019argan 15 ml InLei\u00ae"},"content":{"rendered":"<p data-start=\"929\" data-end=\"1148\"><strong data-start=\"929\" data-end=\"944\">Description<\/strong><br data-start=\"944\" data-end=\"947\" \/>Coloration rouge InLei\u00ae pour cils et sourcils \u00e0 haute couverture \u2013 une teinte classique, id\u00e9ale pour accentuer les cils bruns et noirs ou pour colorer de fa\u00e7on permanente les cils et sourcils clairs.<\/p>\n<p data-start=\"1150\" data-end=\"1323\">100 % Made in Italy<br data-start=\"1169\" data-end=\"1172\" \/>Avec huile d\u2019argan<br data-start=\"1190\" data-end=\"1193\" \/>Sans ammoniaque<br data-start=\"1208\" data-end=\"1211\" \/>\u00c0 utiliser exclusivement avec InLei\u00ae \u201cDEVELOPER CREAM\u201d 1,5 % 5 VOL.<br data-start=\"1278\" data-end=\"1281\" \/>Contenu : 15 ml = environ 60 traitements<\/p>\n<p data-start=\"1325\" data-end=\"1642\">La ligne de teintures InLei\u00ae est sp\u00e9cialement con\u00e7ue pour \u00eatre utilis\u00e9e \u00e9galement avec les traitements InLei\u00ae Lash Filler et InLei\u00ae Brow Bomber. La coloration illumine le poil d\u2019une teinte \u00e9clatante et, pendant le Lash Filler, joue un r\u00f4le essentiel dans l\u2019ouverture des \u00e9cailles du poil lors de son \u00e9paississement.<\/p>\n<p data-start=\"1851\" data-end=\"2105\"><strong data-start=\"1851\" data-end=\"1868\">Mode d\u2019emploi<\/strong><br data-start=\"1868\" data-end=\"1871\" \/>Pr\u00e9parer la teinture en m\u00e9langeant InLei\u00ae Red avec l\u2019oxydant InLei\u00ae DEVELOPER CREAM 1,5 % 5 Vol. dans un rapport 1:1. Appliquer la cr\u00e8me colorante et laisser poser 6 \u00e0 12 minutes selon la structure du poil, puis proc\u00e9der au retrait.<\/p>\n<p data-start=\"2107\" data-end=\"2511\"><strong data-start=\"2107\" data-end=\"2118\">D\u00e9tails<\/strong><br data-start=\"2118\" data-end=\"2121\" \/>Les teintures InLei\u00ae sont formul\u00e9es pour \u00eatre efficaces mais douces. Leur formule particuli\u00e8re, riche en cires d\u2019origine v\u00e9g\u00e9tale, permet une p\u00e9n\u00e9tration compl\u00e8te dans la structure du cil et du sourcil et garantit des nuances intenses et durables. Gr\u00e2ce \u00e0 un savant m\u00e9lange d\u2019ingr\u00e9dients et \u00e0 l\u2019utilisation de pigments d\u2019une grande puret\u00e9, elles assurent une coloration stable et intense.<\/p>\n<p data-start=\"2513\" data-end=\"2715\">Elles persistent dans le poil des cils et des sourcils jusqu\u2019\u00e0 6\u20138 semaines. \u00c0 utiliser avec l\u2019oxydant d\u00e9di\u00e9 InLei\u00ae DEVELOPER CREAM 1,5 % 5 Vol. pour obtenir une consistance cr\u00e9meuse et enveloppante !<\/p>\n<p data-start=\"2717\" data-end=\"3122\"><strong data-start=\"2717\" data-end=\"2742\">Dur\u00e9e et conservation<\/strong><br data-start=\"2742\" data-end=\"2745\" \/>Le produit correctement conserv\u00e9 a une dur\u00e9e de 6 mois apr\u00e8s ouverture. Conserver dans un endroit frais et sec \u00e0 temp\u00e9rature ambiante. Ne pas conserver \u00e0 proximit\u00e9 de flammes nues, de sources de chaleur, d\u2019appareils \u00e9lectriques ou \u00e0 la lumi\u00e8re directe du soleil. Ne pas stocker \u00e0 des temp\u00e9ratures inf\u00e9rieures \u00e0 5 \u00b0C ou sup\u00e9rieures \u00e0 30 \u00b0C. Refermer soigneusement apr\u00e8s usage.<\/p>\n<p data-start=\"3124\" data-end=\"3489\"><strong data-start=\"3124\" data-end=\"3139\">Ingr\u00e9dients<\/strong><br data-start=\"3139\" data-end=\"3142\" \/>AQUA (WATER\/EAU), CETEARYL ALCOHOL, CETEARETH-25, CETEARETH-2, COCAMIDE MEA, ETHANOLAMINE, STEARIC ACID, PALMITIC ACID, SYNTHETIC BEESWAX, SODIUM METABISULFITE, PARFUM (FRAGRANCE), P-PHENYLENEDIAMINE, 2-AMINO-3-HYDROXYPYRIDINE, TETRASODIUM EDTA, 4-AMINO-2-HYDROXYTOLUENE, P-AMINOPHENOL, ERYTHORBIC ACID, MYRISTIC ACID, ARGANIA SPINOSA KERNEL OIL<\/p>\n","protected":false},"excerpt":{"rendered":"<p>DescriptionColoration rouge InLei\u00ae pour cils et sourcils \u00e0 haute couverture \u2013 une teinte classique, id\u00e9ale pour accentuer les cils bruns et noirs ou pour colorer de fa\u00e7on permanente les cils et sourcils clairs. 100 % Made in ItalyAvec huile d\u2019arganSans ammoniaque\u00c0 utiliser exclusivement avec InLei\u00ae \u201cDEVELOPER CREAM\u201d 1,5 % 5 VOL.Contenu : 15 ml = [&hellip;]<\/p>\n","protected":false},"featured_media":12070,"template":"","meta":{"_acf_changed":false,"inline_featured_image":false},"product_cat":[150,166],"product_tag":[],"class_list":{"0":"post-12081","1":"product","2":"type-product","3":"status-publish","4":"has-post-thumbnail","6":"product_brand-in-lei","7":"product_cat-rehaussement-des-cils","8":"product_cat-coloration","10":"first","11":"instock","12":"shipping-taxable","13":"product-type-simple"},"acf":[],"yoast_head":"<!-- This site is optimized with the Yoast SEO plugin v26.6 - https:\/\/yoast.com\/wordpress\/plugins\/seo\/ -->\n<title>RED teinture rouge pour cils et sourcils \u00e0 l\u2019huile d\u2019argan 15 ml InLei\u00ae - LASHES&amp;BROWS by Nataliya Reinhard<\/title>\n<meta name=\"robots\" content=\"index, follow, max-snippet:-1, max-image-preview:large, max-video-preview:-1\" \/>\n<link rel=\"canonical\" href=\"https:\/\/www.art-natur.ch\/fr\/produit\/red-teinture-rouge-pour-cils-et-sourcils-a-lhuile-dargan-15-ml-inlei\/\" \/>\n<meta property=\"og:locale\" content=\"fr_FR\" \/>\n<meta property=\"og:type\" content=\"article\" \/>\n<meta property=\"og:title\" content=\"RED teinture rouge pour cils et sourcils \u00e0 l\u2019huile d\u2019argan 15 ml InLei\u00ae - LASHES&amp;BROWS by Nataliya Reinhard\" \/>\n<meta property=\"og:description\" content=\"DescriptionColoration rouge InLei\u00ae pour cils et sourcils \u00e0 haute couverture \u2013 une teinte classique, id\u00e9ale pour accentuer les cils bruns et noirs ou pour colorer de fa\u00e7on permanente les cils et sourcils clairs. 100 % Made in ItalyAvec huile d\u2019arganSans ammoniaque\u00c0 utiliser exclusivement avec InLei\u00ae \u201cDEVELOPER CREAM\u201d 1,5 % 5 VOL.Contenu : 15 ml = [&hellip;]\" \/>\n<meta property=\"og:url\" content=\"https:\/\/www.art-natur.ch\/fr\/produit\/red-teinture-rouge-pour-cils-et-sourcils-a-lhuile-dargan-15-ml-inlei\/\" \/>\n<meta property=\"og:site_name\" content=\"LASHES&amp;BROWS by Nataliya Reinhard\" \/>\n<meta property=\"article:modified_time\" content=\"2025-09-21T10:46:03+00:00\" \/>\n<meta property=\"og:image\" content=\"https:\/\/www.art-natur.ch\/wp-content\/uploads\/2025\/09\/InLei-RED-TINTA-ROSSA-PER-CIGLIA-E-SOPRACCIGLIA-CON-OLIO-DI-ARGAN-15ML-11.png\" \/>\n\t<meta property=\"og:image:width\" content=\"1800\" \/>\n\t<meta property=\"og:image:height\" content=\"2400\" \/>\n\t<meta property=\"og:image:type\" content=\"image\/png\" \/>\n<meta name=\"twitter:card\" content=\"summary_large_image\" \/>\n<meta name=\"twitter:label1\" content=\"Dur\u00e9e de lecture estim\u00e9e\" \/>\n\t<meta name=\"twitter:data1\" content=\"3 minutes\" \/>\n<script type=\"application\/ld+json\" class=\"yoast-schema-graph\">{\"@context\":\"https:\/\/schema.org\",\"@graph\":[{\"@type\":\"WebPage\",\"@id\":\"https:\/\/www.art-natur.ch\/fr\/produit\/red-teinture-rouge-pour-cils-et-sourcils-a-lhuile-dargan-15-ml-inlei\/\",\"url\":\"https:\/\/www.art-natur.ch\/fr\/produit\/red-teinture-rouge-pour-cils-et-sourcils-a-lhuile-dargan-15-ml-inlei\/\",\"name\":\"RED teinture rouge pour cils et sourcils \u00e0 l\u2019huile d\u2019argan 15 ml InLei\u00ae - LASHES&amp;BROWS by Nataliya Reinhard\",\"isPartOf\":{\"@id\":\"https:\/\/www.art-natur.ch\/fr\/#website\"},\"primaryImageOfPage\":{\"@id\":\"https:\/\/www.art-natur.ch\/fr\/produit\/red-teinture-rouge-pour-cils-et-sourcils-a-lhuile-dargan-15-ml-inlei\/#primaryimage\"},\"image\":{\"@id\":\"https:\/\/www.art-natur.ch\/fr\/produit\/red-teinture-rouge-pour-cils-et-sourcils-a-lhuile-dargan-15-ml-inlei\/#primaryimage\"},\"thumbnailUrl\":\"https:\/\/www.art-natur.ch\/wp-content\/uploads\/2025\/09\/InLei-RED-TINTA-ROSSA-PER-CIGLIA-E-SOPRACCIGLIA-CON-OLIO-DI-ARGAN-15ML-11.png\",\"datePublished\":\"2025-09-15T10:21:30+00:00\",\"dateModified\":\"2025-09-21T10:46:03+00:00\",\"breadcrumb\":{\"@id\":\"https:\/\/www.art-natur.ch\/fr\/produit\/red-teinture-rouge-pour-cils-et-sourcils-a-lhuile-dargan-15-ml-inlei\/#breadcrumb\"},\"inLanguage\":\"fr-FR\",\"potentialAction\":[{\"@type\":\"ReadAction\",\"target\":[\"https:\/\/www.art-natur.ch\/fr\/produit\/red-teinture-rouge-pour-cils-et-sourcils-a-lhuile-dargan-15-ml-inlei\/\"]}]},{\"@type\":\"ImageObject\",\"inLanguage\":\"fr-FR\",\"@id\":\"https:\/\/www.art-natur.ch\/fr\/produit\/red-teinture-rouge-pour-cils-et-sourcils-a-lhuile-dargan-15-ml-inlei\/#primaryimage\",\"url\":\"https:\/\/www.art-natur.ch\/wp-content\/uploads\/2025\/09\/InLei-RED-TINTA-ROSSA-PER-CIGLIA-E-SOPRACCIGLIA-CON-OLIO-DI-ARGAN-15ML-11.png\",\"contentUrl\":\"https:\/\/www.art-natur.ch\/wp-content\/uploads\/2025\/09\/InLei-RED-TINTA-ROSSA-PER-CIGLIA-E-SOPRACCIGLIA-CON-OLIO-DI-ARGAN-15ML-11.png\",\"width\":1800,\"height\":2400},{\"@type\":\"BreadcrumbList\",\"@id\":\"https:\/\/www.art-natur.ch\/fr\/produit\/red-teinture-rouge-pour-cils-et-sourcils-a-lhuile-dargan-15-ml-inlei\/#breadcrumb\",\"itemListElement\":[{\"@type\":\"ListItem\",\"position\":1,\"name\":\"Home\",\"item\":\"https:\/\/www.art-natur.ch\/fr\/\"},{\"@type\":\"ListItem\",\"position\":2,\"name\":\"Boutique\",\"item\":\"https:\/\/www.art-natur.ch\/shop\/\"},{\"@type\":\"ListItem\",\"position\":3,\"name\":\"RED teinture rouge pour cils et sourcils \u00e0 l\u2019huile d\u2019argan 15 ml InLei\u00ae\"}]},{\"@type\":\"WebSite\",\"@id\":\"https:\/\/www.art-natur.ch\/fr\/#website\",\"url\":\"https:\/\/www.art-natur.ch\/fr\/\",\"name\":\"LASHES&amp;BROWS by Nataliya Reinhard\",\"description\":\"High-quality lash and brow services with attention to every detail\",\"potentialAction\":[{\"@type\":\"SearchAction\",\"target\":{\"@type\":\"EntryPoint\",\"urlTemplate\":\"https:\/\/www.art-natur.ch\/fr\/?s={search_term_string}\"},\"query-input\":{\"@type\":\"PropertyValueSpecification\",\"valueRequired\":true,\"valueName\":\"search_term_string\"}}],\"inLanguage\":\"fr-FR\"}]}<\/script>\n<!-- \/ Yoast SEO plugin. -->","yoast_head_json":{"title":"RED teinture rouge pour cils et sourcils \u00e0 l\u2019huile d\u2019argan 15 ml InLei\u00ae - LASHES&amp;BROWS by Nataliya Reinhard","robots":{"index":"index","follow":"follow","max-snippet":"max-snippet:-1","max-image-preview":"max-image-preview:large","max-video-preview":"max-video-preview:-1"},"canonical":"https:\/\/www.art-natur.ch\/fr\/produit\/red-teinture-rouge-pour-cils-et-sourcils-a-lhuile-dargan-15-ml-inlei\/","og_locale":"fr_FR","og_type":"article","og_title":"RED teinture rouge pour cils et sourcils \u00e0 l\u2019huile d\u2019argan 15 ml InLei\u00ae - LASHES&amp;BROWS by Nataliya Reinhard","og_description":"DescriptionColoration rouge InLei\u00ae pour cils et sourcils \u00e0 haute couverture \u2013 une teinte classique, id\u00e9ale pour accentuer les cils bruns et noirs ou pour colorer de fa\u00e7on permanente les cils et sourcils clairs. 100 % Made in ItalyAvec huile d\u2019arganSans ammoniaque\u00c0 utiliser exclusivement avec InLei\u00ae \u201cDEVELOPER CREAM\u201d 1,5 % 5 VOL.Contenu : 15 ml = [&hellip;]","og_url":"https:\/\/www.art-natur.ch\/fr\/produit\/red-teinture-rouge-pour-cils-et-sourcils-a-lhuile-dargan-15-ml-inlei\/","og_site_name":"LASHES&amp;BROWS by Nataliya Reinhard","article_modified_time":"2025-09-21T10:46:03+00:00","og_image":[{"width":1800,"height":2400,"url":"https:\/\/www.art-natur.ch\/wp-content\/uploads\/2025\/09\/InLei-RED-TINTA-ROSSA-PER-CIGLIA-E-SOPRACCIGLIA-CON-OLIO-DI-ARGAN-15ML-11.png","type":"image\/png"}],"twitter_card":"summary_large_image","twitter_misc":{"Dur\u00e9e de lecture estim\u00e9e":"3 minutes"},"schema":{"@context":"https:\/\/schema.org","@graph":[{"@type":"WebPage","@id":"https:\/\/www.art-natur.ch\/fr\/produit\/red-teinture-rouge-pour-cils-et-sourcils-a-lhuile-dargan-15-ml-inlei\/","url":"https:\/\/www.art-natur.ch\/fr\/produit\/red-teinture-rouge-pour-cils-et-sourcils-a-lhuile-dargan-15-ml-inlei\/","name":"RED teinture rouge pour cils et sourcils \u00e0 l\u2019huile d\u2019argan 15 ml InLei\u00ae - LASHES&amp;BROWS by Nataliya Reinhard","isPartOf":{"@id":"https:\/\/www.art-natur.ch\/fr\/#website"},"primaryImageOfPage":{"@id":"https:\/\/www.art-natur.ch\/fr\/produit\/red-teinture-rouge-pour-cils-et-sourcils-a-lhuile-dargan-15-ml-inlei\/#primaryimage"},"image":{"@id":"https:\/\/www.art-natur.ch\/fr\/produit\/red-teinture-rouge-pour-cils-et-sourcils-a-lhuile-dargan-15-ml-inlei\/#primaryimage"},"thumbnailUrl":"https:\/\/www.art-natur.ch\/wp-content\/uploads\/2025\/09\/InLei-RED-TINTA-ROSSA-PER-CIGLIA-E-SOPRACCIGLIA-CON-OLIO-DI-ARGAN-15ML-11.png","datePublished":"2025-09-15T10:21:30+00:00","dateModified":"2025-09-21T10:46:03+00:00","breadcrumb":{"@id":"https:\/\/www.art-natur.ch\/fr\/produit\/red-teinture-rouge-pour-cils-et-sourcils-a-lhuile-dargan-15-ml-inlei\/#breadcrumb"},"inLanguage":"fr-FR","potentialAction":[{"@type":"ReadAction","target":["https:\/\/www.art-natur.ch\/fr\/produit\/red-teinture-rouge-pour-cils-et-sourcils-a-lhuile-dargan-15-ml-inlei\/"]}]},{"@type":"ImageObject","inLanguage":"fr-FR","@id":"https:\/\/www.art-natur.ch\/fr\/produit\/red-teinture-rouge-pour-cils-et-sourcils-a-lhuile-dargan-15-ml-inlei\/#primaryimage","url":"https:\/\/www.art-natur.ch\/wp-content\/uploads\/2025\/09\/InLei-RED-TINTA-ROSSA-PER-CIGLIA-E-SOPRACCIGLIA-CON-OLIO-DI-ARGAN-15ML-11.png","contentUrl":"https:\/\/www.art-natur.ch\/wp-content\/uploads\/2025\/09\/InLei-RED-TINTA-ROSSA-PER-CIGLIA-E-SOPRACCIGLIA-CON-OLIO-DI-ARGAN-15ML-11.png","width":1800,"height":2400},{"@type":"BreadcrumbList","@id":"https:\/\/www.art-natur.ch\/fr\/produit\/red-teinture-rouge-pour-cils-et-sourcils-a-lhuile-dargan-15-ml-inlei\/#breadcrumb","itemListElement":[{"@type":"ListItem","position":1,"name":"Home","item":"https:\/\/www.art-natur.ch\/fr\/"},{"@type":"ListItem","position":2,"name":"Boutique","item":"https:\/\/www.art-natur.ch\/shop\/"},{"@type":"ListItem","position":3,"name":"RED teinture rouge pour cils et sourcils \u00e0 l\u2019huile d\u2019argan 15 ml InLei\u00ae"}]},{"@type":"WebSite","@id":"https:\/\/www.art-natur.ch\/fr\/#website","url":"https:\/\/www.art-natur.ch\/fr\/","name":"LASHES&amp;BROWS by Nataliya Reinhard","description":"High-quality lash and brow services with attention to every detail","potentialAction":[{"@type":"SearchAction","target":{"@type":"EntryPoint","urlTemplate":"https:\/\/www.art-natur.ch\/fr\/?s={search_term_string}"},"query-input":{"@type":"PropertyValueSpecification","valueRequired":true,"valueName":"search_term_string"}}],"inLanguage":"fr-FR"}]}},"_links":{"self":[{"href":"https:\/\/www.art-natur.ch\/fr\/wp-json\/wp\/v2\/product\/12081","targetHints":{"allow":["GET"]}}],"collection":[{"href":"https:\/\/www.art-natur.ch\/fr\/wp-json\/wp\/v2\/product"}],"about":[{"href":"https:\/\/www.art-natur.ch\/fr\/wp-json\/wp\/v2\/types\/product"}],"wp:featuredmedia":[{"embeddable":true,"href":"https:\/\/www.art-natur.ch\/fr\/wp-json\/wp\/v2\/media\/12070"}],"wp:attachment":[{"href":"https:\/\/www.art-natur.ch\/fr\/wp-json\/wp\/v2\/media?parent=12081"}],"wp:term":[{"taxonomy":"product_cat","embeddable":true,"href":"https:\/\/www.art-natur.ch\/fr\/wp-json\/wp\/v2\/product_cat?post=12081"},{"taxonomy":"product_tag","embeddable":true,"href":"https:\/\/www.art-natur.ch\/fr\/wp-json\/wp\/v2\/product_tag?post=12081"}],"curies":[{"name":"wp","href":"https:\/\/api.w.org\/{rel}","templated":true}]}}