{"id":1212,"date":"2024-09-23T22:51:37","date_gmt":"2024-09-23T21:51:37","guid":{"rendered":"https:\/\/www.art-natur.ch\/product\/dans-le-bol-lei\/"},"modified":"2024-10-14T00:03:14","modified_gmt":"2024-10-13T22:03:14","slug":"dans-le-bol-lei","status":"publish","type":"product","link":"https:\/\/www.art-natur.ch\/fr\/produit\/dans-le-bol-lei\/","title":{"rendered":"Dans le bol Lei"},"content":{"rendered":"<p>Ce bol en acier inoxydable ultra r\u00e9sistant est un v\u00e9ritable multitalent : il sert de surface de rangement hygi\u00e9nique pour les pinceaux, les tampons en silicone et autres accessoires ou rend de grands services pour la d\u00e9sinfection des diff\u00e9rents outils. Taille : 22 mm x 97 mm x 10 mm Contenu : 1 pi\u00e8ce.<\/p>\n<p>NOUS RECOMMANDONS VIVEMENT DE SUIVRE UN COURS PROFESSIONNEL SUR L&rsquo;UTILISATION DES PRODUITS DE LA LIGNE IN LEI\u00ae AFIN D&rsquo;EN TIRER LE MAXIMUM DE PROFIT.<\/p>\n","protected":false},"excerpt":{"rendered":"<p>Ce bol en acier inoxydable ultra r\u00e9sistant est un v\u00e9ritable multitalent : il sert de surface de rangement hygi\u00e9nique pour les pinceaux, les tampons en silicone et autres accessoires ou rend de grands services pour la d\u00e9sinfection des diff\u00e9rents outils. Taille : 22 mm x 97 mm x 10 mm Contenu : 1 pi\u00e8ce. NOUS [&hellip;]<\/p>\n","protected":false},"featured_media":8218,"template":"","meta":{"_acf_changed":false,"inline_featured_image":false},"product_cat":[119,125,129,141,143,146,150,160,193,207],"product_tag":[],"class_list":{"0":"post-1212","1":"product","2":"type-product","3":"status-publish","4":"has-post-thumbnail","6":"product_brand-in-lei","7":"product_cat-coloration-et-correction-des-sourcils","8":"product_cat-outil-extension-de-cils","9":"product_cat-stylisation-a-long-terme-des-sourcils","10":"product_cat-outils","11":"product_cat-equipements-et-accessoires","12":"product_cat-autre","13":"product_cat-rehaussement-des-cils","14":"product_cat-outil","15":"product_cat-produits-connexes","16":"product_cat-consommables-fr","18":"first","19":"instock","20":"shipping-taxable","21":"purchasable","22":"product-type-simple"},"acf":[],"yoast_head":"<!-- This site is optimized with the Yoast SEO plugin v26.6 - https:\/\/yoast.com\/wordpress\/plugins\/seo\/ -->\n<title>Dans le bol Lei - LASHES&amp;BROWS by Nataliya Reinhard<\/title>\n<meta name=\"description\" content=\"Ce bol en acier inoxydable ultra r\u00e9sistant est id\u00e9al pour ranger des pinceaux, tampons en silicone et autres outils.\" \/>\n<meta name=\"robots\" content=\"index, follow, max-snippet:-1, max-image-preview:large, max-video-preview:-1\" \/>\n<link rel=\"canonical\" href=\"https:\/\/www.art-natur.ch\/fr\/produit\/dans-le-bol-lei\/\" \/>\n<meta property=\"og:locale\" content=\"fr_FR\" \/>\n<meta property=\"og:type\" content=\"article\" \/>\n<meta property=\"og:title\" content=\"Dans le bol Lei - LASHES&amp;BROWS by Nataliya Reinhard\" \/>\n<meta property=\"og:description\" content=\"Ce bol en acier inoxydable ultra r\u00e9sistant est id\u00e9al pour ranger des pinceaux, tampons en silicone et autres outils.\" \/>\n<meta property=\"og:url\" content=\"https:\/\/www.art-natur.ch\/fr\/produit\/dans-le-bol-lei\/\" \/>\n<meta property=\"og:site_name\" content=\"LASHES&amp;BROWS by Nataliya Reinhard\" \/>\n<meta property=\"article:modified_time\" content=\"2024-10-13T22:03:14+00:00\" \/>\n<meta property=\"og:image\" content=\"https:\/\/www.art-natur.ch\/wp-content\/uploads\/2024\/09\/2821416822-Photoroom.png\" \/>\n\t<meta property=\"og:image:width\" content=\"669\" \/>\n\t<meta property=\"og:image:height\" content=\"801\" \/>\n\t<meta property=\"og:image:type\" content=\"image\/png\" \/>\n<meta name=\"twitter:card\" content=\"summary_large_image\" \/>\n<script type=\"application\/ld+json\" class=\"yoast-schema-graph\">{\"@context\":\"https:\/\/schema.org\",\"@graph\":[{\"@type\":\"WebPage\",\"@id\":\"https:\/\/www.art-natur.ch\/fr\/produit\/dans-le-bol-lei\/\",\"url\":\"https:\/\/www.art-natur.ch\/fr\/produit\/dans-le-bol-lei\/\",\"name\":\"Dans le bol Lei - LASHES&amp;BROWS by Nataliya Reinhard\",\"isPartOf\":{\"@id\":\"https:\/\/www.art-natur.ch\/fr\/#website\"},\"primaryImageOfPage\":{\"@id\":\"https:\/\/www.art-natur.ch\/fr\/produit\/dans-le-bol-lei\/#primaryimage\"},\"image\":{\"@id\":\"https:\/\/www.art-natur.ch\/fr\/produit\/dans-le-bol-lei\/#primaryimage\"},\"thumbnailUrl\":\"https:\/\/www.art-natur.ch\/wp-content\/uploads\/2024\/09\/2821416822-Photoroom.png\",\"datePublished\":\"2024-09-23T21:51:37+00:00\",\"dateModified\":\"2024-10-13T22:03:14+00:00\",\"description\":\"Ce bol en acier inoxydable ultra r\u00e9sistant est id\u00e9al pour ranger des pinceaux, tampons en silicone et autres outils.\",\"breadcrumb\":{\"@id\":\"https:\/\/www.art-natur.ch\/fr\/produit\/dans-le-bol-lei\/#breadcrumb\"},\"inLanguage\":\"fr-FR\",\"potentialAction\":[{\"@type\":\"ReadAction\",\"target\":[\"https:\/\/www.art-natur.ch\/fr\/produit\/dans-le-bol-lei\/\"]}]},{\"@type\":\"ImageObject\",\"inLanguage\":\"fr-FR\",\"@id\":\"https:\/\/www.art-natur.ch\/fr\/produit\/dans-le-bol-lei\/#primaryimage\",\"url\":\"https:\/\/www.art-natur.ch\/wp-content\/uploads\/2024\/09\/2821416822-Photoroom.png\",\"contentUrl\":\"https:\/\/www.art-natur.ch\/wp-content\/uploads\/2024\/09\/2821416822-Photoroom.png\",\"width\":669,\"height\":801},{\"@type\":\"BreadcrumbList\",\"@id\":\"https:\/\/www.art-natur.ch\/fr\/produit\/dans-le-bol-lei\/#breadcrumb\",\"itemListElement\":[{\"@type\":\"ListItem\",\"position\":1,\"name\":\"Home\",\"item\":\"https:\/\/www.art-natur.ch\/fr\/\"},{\"@type\":\"ListItem\",\"position\":2,\"name\":\"Boutique\",\"item\":\"https:\/\/www.art-natur.ch\/shop\/\"},{\"@type\":\"ListItem\",\"position\":3,\"name\":\"Dans le bol Lei\"}]},{\"@type\":\"WebSite\",\"@id\":\"https:\/\/www.art-natur.ch\/fr\/#website\",\"url\":\"https:\/\/www.art-natur.ch\/fr\/\",\"name\":\"LASHES&amp;BROWS by Nataliya Reinhard\",\"description\":\"High-quality lash and brow services with attention to every detail\",\"potentialAction\":[{\"@type\":\"SearchAction\",\"target\":{\"@type\":\"EntryPoint\",\"urlTemplate\":\"https:\/\/www.art-natur.ch\/fr\/?s={search_term_string}\"},\"query-input\":{\"@type\":\"PropertyValueSpecification\",\"valueRequired\":true,\"valueName\":\"search_term_string\"}}],\"inLanguage\":\"fr-FR\"}]}<\/script>\n<!-- \/ Yoast SEO plugin. -->","yoast_head_json":{"title":"Dans le bol Lei - LASHES&amp;BROWS by Nataliya Reinhard","description":"Ce bol en acier inoxydable ultra r\u00e9sistant est id\u00e9al pour ranger des pinceaux, tampons en silicone et autres outils.","robots":{"index":"index","follow":"follow","max-snippet":"max-snippet:-1","max-image-preview":"max-image-preview:large","max-video-preview":"max-video-preview:-1"},"canonical":"https:\/\/www.art-natur.ch\/fr\/produit\/dans-le-bol-lei\/","og_locale":"fr_FR","og_type":"article","og_title":"Dans le bol Lei - LASHES&amp;BROWS by Nataliya Reinhard","og_description":"Ce bol en acier inoxydable ultra r\u00e9sistant est id\u00e9al pour ranger des pinceaux, tampons en silicone et autres outils.","og_url":"https:\/\/www.art-natur.ch\/fr\/produit\/dans-le-bol-lei\/","og_site_name":"LASHES&amp;BROWS by Nataliya Reinhard","article_modified_time":"2024-10-13T22:03:14+00:00","og_image":[{"width":669,"height":801,"url":"https:\/\/www.art-natur.ch\/wp-content\/uploads\/2024\/09\/2821416822-Photoroom.png","type":"image\/png"}],"twitter_card":"summary_large_image","schema":{"@context":"https:\/\/schema.org","@graph":[{"@type":"WebPage","@id":"https:\/\/www.art-natur.ch\/fr\/produit\/dans-le-bol-lei\/","url":"https:\/\/www.art-natur.ch\/fr\/produit\/dans-le-bol-lei\/","name":"Dans le bol Lei - LASHES&amp;BROWS by Nataliya Reinhard","isPartOf":{"@id":"https:\/\/www.art-natur.ch\/fr\/#website"},"primaryImageOfPage":{"@id":"https:\/\/www.art-natur.ch\/fr\/produit\/dans-le-bol-lei\/#primaryimage"},"image":{"@id":"https:\/\/www.art-natur.ch\/fr\/produit\/dans-le-bol-lei\/#primaryimage"},"thumbnailUrl":"https:\/\/www.art-natur.ch\/wp-content\/uploads\/2024\/09\/2821416822-Photoroom.png","datePublished":"2024-09-23T21:51:37+00:00","dateModified":"2024-10-13T22:03:14+00:00","description":"Ce bol en acier inoxydable ultra r\u00e9sistant est id\u00e9al pour ranger des pinceaux, tampons en silicone et autres outils.","breadcrumb":{"@id":"https:\/\/www.art-natur.ch\/fr\/produit\/dans-le-bol-lei\/#breadcrumb"},"inLanguage":"fr-FR","potentialAction":[{"@type":"ReadAction","target":["https:\/\/www.art-natur.ch\/fr\/produit\/dans-le-bol-lei\/"]}]},{"@type":"ImageObject","inLanguage":"fr-FR","@id":"https:\/\/www.art-natur.ch\/fr\/produit\/dans-le-bol-lei\/#primaryimage","url":"https:\/\/www.art-natur.ch\/wp-content\/uploads\/2024\/09\/2821416822-Photoroom.png","contentUrl":"https:\/\/www.art-natur.ch\/wp-content\/uploads\/2024\/09\/2821416822-Photoroom.png","width":669,"height":801},{"@type":"BreadcrumbList","@id":"https:\/\/www.art-natur.ch\/fr\/produit\/dans-le-bol-lei\/#breadcrumb","itemListElement":[{"@type":"ListItem","position":1,"name":"Home","item":"https:\/\/www.art-natur.ch\/fr\/"},{"@type":"ListItem","position":2,"name":"Boutique","item":"https:\/\/www.art-natur.ch\/shop\/"},{"@type":"ListItem","position":3,"name":"Dans le bol Lei"}]},{"@type":"WebSite","@id":"https:\/\/www.art-natur.ch\/fr\/#website","url":"https:\/\/www.art-natur.ch\/fr\/","name":"LASHES&amp;BROWS by Nataliya Reinhard","description":"High-quality lash and brow services with attention to every detail","potentialAction":[{"@type":"SearchAction","target":{"@type":"EntryPoint","urlTemplate":"https:\/\/www.art-natur.ch\/fr\/?s={search_term_string}"},"query-input":{"@type":"PropertyValueSpecification","valueRequired":true,"valueName":"search_term_string"}}],"inLanguage":"fr-FR"}]}},"_links":{"self":[{"href":"https:\/\/www.art-natur.ch\/fr\/wp-json\/wp\/v2\/product\/1212","targetHints":{"allow":["GET"]}}],"collection":[{"href":"https:\/\/www.art-natur.ch\/fr\/wp-json\/wp\/v2\/product"}],"about":[{"href":"https:\/\/www.art-natur.ch\/fr\/wp-json\/wp\/v2\/types\/product"}],"wp:featuredmedia":[{"embeddable":true,"href":"https:\/\/www.art-natur.ch\/fr\/wp-json\/wp\/v2\/media\/8218"}],"wp:attachment":[{"href":"https:\/\/www.art-natur.ch\/fr\/wp-json\/wp\/v2\/media?parent=1212"}],"wp:term":[{"taxonomy":"product_cat","embeddable":true,"href":"https:\/\/www.art-natur.ch\/fr\/wp-json\/wp\/v2\/product_cat?post=1212"},{"taxonomy":"product_tag","embeddable":true,"href":"https:\/\/www.art-natur.ch\/fr\/wp-json\/wp\/v2\/product_tag?post=1212"}],"curies":[{"name":"wp","href":"https:\/\/api.w.org\/{rel}","templated":true}]}}