{"id":1251,"date":"2024-09-24T10:04:41","date_gmt":"2024-09-24T08:04:41","guid":{"rendered":"https:\/\/www.art-natur.ch\/product\/enigma-pince-extra-tranchante-mini-l-courbee-a-90-avec-affutage-manuel\/"},"modified":"2024-10-13T23:56:32","modified_gmt":"2024-10-13T21:56:32","slug":"enigma-pince-extra-tranchante-mini-l-courbee-a-90-avec-affutage-manuel","status":"publish","type":"product","link":"https:\/\/www.art-natur.ch\/fr\/produit\/enigma-pince-extra-tranchante-mini-l-courbee-a-90-avec-affutage-manuel\/","title":{"rendered":"ENIGMA Pince extra-tranchante Mini-L courb\u00e9e \u00e0 90\u00b0 avec aff\u00fbtage manuel"},"content":{"rendered":"<p>Les pinces ENIGMA sont fabriqu\u00e9es en acier allemand de haute qualit\u00e9. Toutes les pinces sont aiguis\u00e9es \u00e0 la main, ce qui leur conf\u00e8re des pointes ac\u00e9r\u00e9es et un serrage parfait, ce qui permet de former facilement et rapidement un fagot, tant \u00e0 partir du ruban adh\u00e9sif que dans la technique manuelle. Id\u00e9al pour les extensions classiques et volum\u00e9triques.<br \/>\nChaque pince est soumise \u00e0 un syst\u00e8me d&rsquo;inspection en quatre \u00e9tapes :<br \/>\n&#8211; \u00e0 l&rsquo;entrep\u00f4t du fabricant avant l&rsquo;exp\u00e9dition,<br \/>\n&#8211; \u00e0 notre entrep\u00f4t d\u00e8s r\u00e9ception,<br \/>\n&#8211; apr\u00e8s un aff\u00fbtage manuel,<br \/>\n&#8211; avant qu&rsquo;elles ne soient envoy\u00e9es au client.<\/p>\n","protected":false},"excerpt":{"rendered":"<p>Les pinces ENIGMA sont fabriqu\u00e9es en acier allemand de haute qualit\u00e9. Toutes les pinces sont aiguis\u00e9es \u00e0 la main, ce qui leur conf\u00e8re des pointes ac\u00e9r\u00e9es et un serrage parfait, ce qui permet de former facilement et rapidement un fagot, tant \u00e0 partir du ruban adh\u00e9sif que dans la technique manuelle. Id\u00e9al pour les extensions [&hellip;]<\/p>\n","protected":false},"featured_media":8190,"template":"","meta":{"_acf_changed":false,"inline_featured_image":false},"product_cat":[116,191],"product_tag":[],"class_list":{"0":"post-1251","1":"product","2":"type-product","3":"status-publish","4":"has-post-thumbnail","6":"product_brand-enigma","7":"product_cat-extension-de-cils","8":"product_cat-pinces","10":"first","11":"instock","12":"shipping-taxable","13":"purchasable","14":"product-type-simple"},"acf":[],"yoast_head":"<!-- This site is optimized with the Yoast SEO plugin v26.6 - https:\/\/yoast.com\/wordpress\/plugins\/seo\/ -->\n<title>ENIGMA Pince extra-tranchante Mini-L courb\u00e9e \u00e0 90\u00b0 avec aff\u00fbtage manuel - LASHES&amp;BROWS by Nataliya Reinhard<\/title>\n<meta name=\"description\" content=\"Les pinces ENIGMA en acier allemand de qualit\u00e9 sont aiguis\u00e9es \u00e0 la main, offrant des pointes ac\u00e9r\u00e9es pour des extensions faciles et rapides.\" \/>\n<meta name=\"robots\" content=\"index, follow, max-snippet:-1, max-image-preview:large, max-video-preview:-1\" \/>\n<link rel=\"canonical\" href=\"https:\/\/www.art-natur.ch\/fr\/produit\/enigma-pince-extra-tranchante-mini-l-courbee-a-90-avec-affutage-manuel\/\" \/>\n<meta property=\"og:locale\" content=\"fr_FR\" \/>\n<meta property=\"og:type\" content=\"article\" \/>\n<meta property=\"og:title\" content=\"ENIGMA Pince extra-tranchante Mini-L courb\u00e9e \u00e0 90\u00b0 avec aff\u00fbtage manuel - LASHES&amp;BROWS by Nataliya Reinhard\" \/>\n<meta property=\"og:description\" content=\"Les pinces ENIGMA en acier allemand de qualit\u00e9 sont aiguis\u00e9es \u00e0 la main, offrant des pointes ac\u00e9r\u00e9es pour des extensions faciles et rapides.\" \/>\n<meta property=\"og:url\" content=\"https:\/\/www.art-natur.ch\/fr\/produit\/enigma-pince-extra-tranchante-mini-l-courbee-a-90-avec-affutage-manuel\/\" \/>\n<meta property=\"og:site_name\" content=\"LASHES&amp;BROWS by Nataliya Reinhard\" \/>\n<meta property=\"article:modified_time\" content=\"2024-10-13T21:56:32+00:00\" \/>\n<meta property=\"og:image\" content=\"https:\/\/www.art-natur.ch\/wp-content\/uploads\/2024\/09\/2553912634-Photoroom.png\" \/>\n\t<meta property=\"og:image:width\" content=\"1280\" \/>\n\t<meta property=\"og:image:height\" content=\"1280\" \/>\n\t<meta property=\"og:image:type\" content=\"image\/png\" \/>\n<meta name=\"twitter:card\" content=\"summary_large_image\" \/>\n<meta name=\"twitter:label1\" content=\"Dur\u00e9e de lecture estim\u00e9e\" \/>\n\t<meta name=\"twitter:data1\" content=\"1 minute\" \/>\n<script type=\"application\/ld+json\" class=\"yoast-schema-graph\">{\"@context\":\"https:\/\/schema.org\",\"@graph\":[{\"@type\":\"WebPage\",\"@id\":\"https:\/\/www.art-natur.ch\/fr\/produit\/enigma-pince-extra-tranchante-mini-l-courbee-a-90-avec-affutage-manuel\/\",\"url\":\"https:\/\/www.art-natur.ch\/fr\/produit\/enigma-pince-extra-tranchante-mini-l-courbee-a-90-avec-affutage-manuel\/\",\"name\":\"ENIGMA Pince extra-tranchante Mini-L courb\u00e9e \u00e0 90\u00b0 avec aff\u00fbtage manuel - LASHES&amp;BROWS by Nataliya Reinhard\",\"isPartOf\":{\"@id\":\"https:\/\/www.art-natur.ch\/fr\/#website\"},\"primaryImageOfPage\":{\"@id\":\"https:\/\/www.art-natur.ch\/fr\/produit\/enigma-pince-extra-tranchante-mini-l-courbee-a-90-avec-affutage-manuel\/#primaryimage\"},\"image\":{\"@id\":\"https:\/\/www.art-natur.ch\/fr\/produit\/enigma-pince-extra-tranchante-mini-l-courbee-a-90-avec-affutage-manuel\/#primaryimage\"},\"thumbnailUrl\":\"https:\/\/www.art-natur.ch\/wp-content\/uploads\/2024\/09\/2553912634-Photoroom.png\",\"datePublished\":\"2024-09-24T08:04:41+00:00\",\"dateModified\":\"2024-10-13T21:56:32+00:00\",\"description\":\"Les pinces ENIGMA en acier allemand de qualit\u00e9 sont aiguis\u00e9es \u00e0 la main, offrant des pointes ac\u00e9r\u00e9es pour des extensions faciles et rapides.\",\"breadcrumb\":{\"@id\":\"https:\/\/www.art-natur.ch\/fr\/produit\/enigma-pince-extra-tranchante-mini-l-courbee-a-90-avec-affutage-manuel\/#breadcrumb\"},\"inLanguage\":\"fr-FR\",\"potentialAction\":[{\"@type\":\"ReadAction\",\"target\":[\"https:\/\/www.art-natur.ch\/fr\/produit\/enigma-pince-extra-tranchante-mini-l-courbee-a-90-avec-affutage-manuel\/\"]}]},{\"@type\":\"ImageObject\",\"inLanguage\":\"fr-FR\",\"@id\":\"https:\/\/www.art-natur.ch\/fr\/produit\/enigma-pince-extra-tranchante-mini-l-courbee-a-90-avec-affutage-manuel\/#primaryimage\",\"url\":\"https:\/\/www.art-natur.ch\/wp-content\/uploads\/2024\/09\/2553912634-Photoroom.png\",\"contentUrl\":\"https:\/\/www.art-natur.ch\/wp-content\/uploads\/2024\/09\/2553912634-Photoroom.png\",\"width\":1280,\"height\":1280},{\"@type\":\"BreadcrumbList\",\"@id\":\"https:\/\/www.art-natur.ch\/fr\/produit\/enigma-pince-extra-tranchante-mini-l-courbee-a-90-avec-affutage-manuel\/#breadcrumb\",\"itemListElement\":[{\"@type\":\"ListItem\",\"position\":1,\"name\":\"Home\",\"item\":\"https:\/\/www.art-natur.ch\/fr\/\"},{\"@type\":\"ListItem\",\"position\":2,\"name\":\"Boutique\",\"item\":\"https:\/\/www.art-natur.ch\/shop\/\"},{\"@type\":\"ListItem\",\"position\":3,\"name\":\"ENIGMA Pince extra-tranchante Mini-L courb\u00e9e \u00e0 90\u00b0 avec aff\u00fbtage manuel\"}]},{\"@type\":\"WebSite\",\"@id\":\"https:\/\/www.art-natur.ch\/fr\/#website\",\"url\":\"https:\/\/www.art-natur.ch\/fr\/\",\"name\":\"LASHES&amp;BROWS by Nataliya Reinhard\",\"description\":\"High-quality lash and brow services with attention to every detail\",\"potentialAction\":[{\"@type\":\"SearchAction\",\"target\":{\"@type\":\"EntryPoint\",\"urlTemplate\":\"https:\/\/www.art-natur.ch\/fr\/?s={search_term_string}\"},\"query-input\":{\"@type\":\"PropertyValueSpecification\",\"valueRequired\":true,\"valueName\":\"search_term_string\"}}],\"inLanguage\":\"fr-FR\"}]}<\/script>\n<!-- \/ Yoast SEO plugin. -->","yoast_head_json":{"title":"ENIGMA Pince extra-tranchante Mini-L courb\u00e9e \u00e0 90\u00b0 avec aff\u00fbtage manuel - LASHES&amp;BROWS by Nataliya Reinhard","description":"Les pinces ENIGMA en acier allemand de qualit\u00e9 sont aiguis\u00e9es \u00e0 la main, offrant des pointes ac\u00e9r\u00e9es pour des extensions faciles et rapides.","robots":{"index":"index","follow":"follow","max-snippet":"max-snippet:-1","max-image-preview":"max-image-preview:large","max-video-preview":"max-video-preview:-1"},"canonical":"https:\/\/www.art-natur.ch\/fr\/produit\/enigma-pince-extra-tranchante-mini-l-courbee-a-90-avec-affutage-manuel\/","og_locale":"fr_FR","og_type":"article","og_title":"ENIGMA Pince extra-tranchante Mini-L courb\u00e9e \u00e0 90\u00b0 avec aff\u00fbtage manuel - LASHES&amp;BROWS by Nataliya Reinhard","og_description":"Les pinces ENIGMA en acier allemand de qualit\u00e9 sont aiguis\u00e9es \u00e0 la main, offrant des pointes ac\u00e9r\u00e9es pour des extensions faciles et rapides.","og_url":"https:\/\/www.art-natur.ch\/fr\/produit\/enigma-pince-extra-tranchante-mini-l-courbee-a-90-avec-affutage-manuel\/","og_site_name":"LASHES&amp;BROWS by Nataliya Reinhard","article_modified_time":"2024-10-13T21:56:32+00:00","og_image":[{"width":1280,"height":1280,"url":"https:\/\/www.art-natur.ch\/wp-content\/uploads\/2024\/09\/2553912634-Photoroom.png","type":"image\/png"}],"twitter_card":"summary_large_image","twitter_misc":{"Dur\u00e9e de lecture estim\u00e9e":"1 minute"},"schema":{"@context":"https:\/\/schema.org","@graph":[{"@type":"WebPage","@id":"https:\/\/www.art-natur.ch\/fr\/produit\/enigma-pince-extra-tranchante-mini-l-courbee-a-90-avec-affutage-manuel\/","url":"https:\/\/www.art-natur.ch\/fr\/produit\/enigma-pince-extra-tranchante-mini-l-courbee-a-90-avec-affutage-manuel\/","name":"ENIGMA Pince extra-tranchante Mini-L courb\u00e9e \u00e0 90\u00b0 avec aff\u00fbtage manuel - LASHES&amp;BROWS by Nataliya Reinhard","isPartOf":{"@id":"https:\/\/www.art-natur.ch\/fr\/#website"},"primaryImageOfPage":{"@id":"https:\/\/www.art-natur.ch\/fr\/produit\/enigma-pince-extra-tranchante-mini-l-courbee-a-90-avec-affutage-manuel\/#primaryimage"},"image":{"@id":"https:\/\/www.art-natur.ch\/fr\/produit\/enigma-pince-extra-tranchante-mini-l-courbee-a-90-avec-affutage-manuel\/#primaryimage"},"thumbnailUrl":"https:\/\/www.art-natur.ch\/wp-content\/uploads\/2024\/09\/2553912634-Photoroom.png","datePublished":"2024-09-24T08:04:41+00:00","dateModified":"2024-10-13T21:56:32+00:00","description":"Les pinces ENIGMA en acier allemand de qualit\u00e9 sont aiguis\u00e9es \u00e0 la main, offrant des pointes ac\u00e9r\u00e9es pour des extensions faciles et rapides.","breadcrumb":{"@id":"https:\/\/www.art-natur.ch\/fr\/produit\/enigma-pince-extra-tranchante-mini-l-courbee-a-90-avec-affutage-manuel\/#breadcrumb"},"inLanguage":"fr-FR","potentialAction":[{"@type":"ReadAction","target":["https:\/\/www.art-natur.ch\/fr\/produit\/enigma-pince-extra-tranchante-mini-l-courbee-a-90-avec-affutage-manuel\/"]}]},{"@type":"ImageObject","inLanguage":"fr-FR","@id":"https:\/\/www.art-natur.ch\/fr\/produit\/enigma-pince-extra-tranchante-mini-l-courbee-a-90-avec-affutage-manuel\/#primaryimage","url":"https:\/\/www.art-natur.ch\/wp-content\/uploads\/2024\/09\/2553912634-Photoroom.png","contentUrl":"https:\/\/www.art-natur.ch\/wp-content\/uploads\/2024\/09\/2553912634-Photoroom.png","width":1280,"height":1280},{"@type":"BreadcrumbList","@id":"https:\/\/www.art-natur.ch\/fr\/produit\/enigma-pince-extra-tranchante-mini-l-courbee-a-90-avec-affutage-manuel\/#breadcrumb","itemListElement":[{"@type":"ListItem","position":1,"name":"Home","item":"https:\/\/www.art-natur.ch\/fr\/"},{"@type":"ListItem","position":2,"name":"Boutique","item":"https:\/\/www.art-natur.ch\/shop\/"},{"@type":"ListItem","position":3,"name":"ENIGMA Pince extra-tranchante Mini-L courb\u00e9e \u00e0 90\u00b0 avec aff\u00fbtage manuel"}]},{"@type":"WebSite","@id":"https:\/\/www.art-natur.ch\/fr\/#website","url":"https:\/\/www.art-natur.ch\/fr\/","name":"LASHES&amp;BROWS by Nataliya Reinhard","description":"High-quality lash and brow services with attention to every detail","potentialAction":[{"@type":"SearchAction","target":{"@type":"EntryPoint","urlTemplate":"https:\/\/www.art-natur.ch\/fr\/?s={search_term_string}"},"query-input":{"@type":"PropertyValueSpecification","valueRequired":true,"valueName":"search_term_string"}}],"inLanguage":"fr-FR"}]}},"_links":{"self":[{"href":"https:\/\/www.art-natur.ch\/fr\/wp-json\/wp\/v2\/product\/1251","targetHints":{"allow":["GET"]}}],"collection":[{"href":"https:\/\/www.art-natur.ch\/fr\/wp-json\/wp\/v2\/product"}],"about":[{"href":"https:\/\/www.art-natur.ch\/fr\/wp-json\/wp\/v2\/types\/product"}],"wp:featuredmedia":[{"embeddable":true,"href":"https:\/\/www.art-natur.ch\/fr\/wp-json\/wp\/v2\/media\/8190"}],"wp:attachment":[{"href":"https:\/\/www.art-natur.ch\/fr\/wp-json\/wp\/v2\/media?parent=1251"}],"wp:term":[{"taxonomy":"product_cat","embeddable":true,"href":"https:\/\/www.art-natur.ch\/fr\/wp-json\/wp\/v2\/product_cat?post=1251"},{"taxonomy":"product_tag","embeddable":true,"href":"https:\/\/www.art-natur.ch\/fr\/wp-json\/wp\/v2\/product_tag?post=1251"}],"curies":[{"name":"wp","href":"https:\/\/api.w.org\/{rel}","templated":true}]}}