{"id":1265,"date":"2024-09-24T10:31:37","date_gmt":"2024-09-24T08:31:37","guid":{"rendered":"https:\/\/www.art-natur.ch\/product\/fil-de-coton\/"},"modified":"2024-10-27T23:39:30","modified_gmt":"2024-10-27T21:39:30","slug":"fil-de-coton","status":"publish","type":"product","link":"https:\/\/www.art-natur.ch\/fr\/produit\/fil-de-coton\/","title":{"rendered":"Fil de coton"},"content":{"rendered":"<p>Fil haute t\u00e9nacit\u00e9 avec composition naturelle: 95% coton, 5% soie. Id\u00e9al pour le marquage et la coupe des sourcils. Le fil vous permet d&rsquo;\u00e9liminer rapidement et efficacement les poils les plus fins et les peluches qu&rsquo;aucune pince \u00e0 \u00e9piler ne peut manipuler.<\/p>\n<p>Longueur 300m<\/p>\n","protected":false},"excerpt":{"rendered":"<p>Fil haute t\u00e9nacit\u00e9 avec composition naturelle: 95% coton, 5% soie. Id\u00e9al pour le marquage et la coupe des sourcils. Le fil vous permet d&rsquo;\u00e9liminer rapidement et efficacement les poils les plus fins et les peluches qu&rsquo;aucune pince \u00e0 \u00e9piler ne peut manipuler. Longueur 300m<\/p>\n","protected":false},"featured_media":8182,"template":"","meta":{"_acf_changed":false,"inline_featured_image":false},"product_cat":[119,125,127,129,141],"product_tag":[],"class_list":{"0":"post-1265","1":"product","2":"type-product","3":"status-publish","4":"has-post-thumbnail","6":"product_brand-henna-expert","7":"product_cat-coloration-et-correction-des-sourcils","8":"product_cat-outil-extension-de-cils","9":"product_cat-orrection","10":"product_cat-stylisation-a-long-terme-des-sourcils","11":"product_cat-outils","13":"first","14":"instock","15":"shipping-taxable","16":"purchasable","17":"product-type-simple"},"acf":[],"yoast_head":"<!-- This site is optimized with the Yoast SEO plugin v26.6 - https:\/\/yoast.com\/wordpress\/plugins\/seo\/ -->\n<title>Fil de coton - LASHES&amp;BROWS by Nataliya Reinhard<\/title>\n<meta name=\"description\" content=\"Fil haute t\u00e9nacit\u00e9 : 95 % coton, 5 % soie. Parfait pour le marquage et la coupe des sourcils. Longueur 300 m.\" \/>\n<meta name=\"robots\" content=\"index, follow, max-snippet:-1, max-image-preview:large, max-video-preview:-1\" \/>\n<link rel=\"canonical\" href=\"https:\/\/www.art-natur.ch\/fr\/produit\/fil-de-coton\/\" \/>\n<meta property=\"og:locale\" content=\"fr_FR\" \/>\n<meta property=\"og:type\" content=\"article\" \/>\n<meta property=\"og:title\" content=\"Fil de coton - LASHES&amp;BROWS by Nataliya Reinhard\" \/>\n<meta property=\"og:description\" content=\"Fil haute t\u00e9nacit\u00e9 : 95 % coton, 5 % soie. Parfait pour le marquage et la coupe des sourcils. Longueur 300 m.\" \/>\n<meta property=\"og:url\" content=\"https:\/\/www.art-natur.ch\/fr\/produit\/fil-de-coton\/\" \/>\n<meta property=\"og:site_name\" content=\"LASHES&amp;BROWS by Nataliya Reinhard\" \/>\n<meta property=\"article:modified_time\" content=\"2024-10-27T21:39:30+00:00\" \/>\n<meta property=\"og:image\" content=\"https:\/\/www.art-natur.ch\/wp-content\/uploads\/2024\/09\/2172275309-Photoroom.png\" \/>\n\t<meta property=\"og:image:width\" content=\"1000\" \/>\n\t<meta property=\"og:image:height\" content=\"1000\" \/>\n\t<meta property=\"og:image:type\" content=\"image\/png\" \/>\n<meta name=\"twitter:card\" content=\"summary_large_image\" \/>\n<script type=\"application\/ld+json\" class=\"yoast-schema-graph\">{\"@context\":\"https:\/\/schema.org\",\"@graph\":[{\"@type\":\"WebPage\",\"@id\":\"https:\/\/www.art-natur.ch\/fr\/produit\/fil-de-coton\/\",\"url\":\"https:\/\/www.art-natur.ch\/fr\/produit\/fil-de-coton\/\",\"name\":\"Fil de coton - LASHES&amp;BROWS by Nataliya Reinhard\",\"isPartOf\":{\"@id\":\"https:\/\/www.art-natur.ch\/fr\/#website\"},\"primaryImageOfPage\":{\"@id\":\"https:\/\/www.art-natur.ch\/fr\/produit\/fil-de-coton\/#primaryimage\"},\"image\":{\"@id\":\"https:\/\/www.art-natur.ch\/fr\/produit\/fil-de-coton\/#primaryimage\"},\"thumbnailUrl\":\"https:\/\/www.art-natur.ch\/wp-content\/uploads\/2024\/09\/2172275309-Photoroom.png\",\"datePublished\":\"2024-09-24T08:31:37+00:00\",\"dateModified\":\"2024-10-27T21:39:30+00:00\",\"description\":\"Fil haute t\u00e9nacit\u00e9 : 95 % coton, 5 % soie. Parfait pour le marquage et la coupe des sourcils. Longueur 300 m.\",\"breadcrumb\":{\"@id\":\"https:\/\/www.art-natur.ch\/fr\/produit\/fil-de-coton\/#breadcrumb\"},\"inLanguage\":\"fr-FR\",\"potentialAction\":[{\"@type\":\"ReadAction\",\"target\":[\"https:\/\/www.art-natur.ch\/fr\/produit\/fil-de-coton\/\"]}]},{\"@type\":\"ImageObject\",\"inLanguage\":\"fr-FR\",\"@id\":\"https:\/\/www.art-natur.ch\/fr\/produit\/fil-de-coton\/#primaryimage\",\"url\":\"https:\/\/www.art-natur.ch\/wp-content\/uploads\/2024\/09\/2172275309-Photoroom.png\",\"contentUrl\":\"https:\/\/www.art-natur.ch\/wp-content\/uploads\/2024\/09\/2172275309-Photoroom.png\",\"width\":1000,\"height\":1000},{\"@type\":\"BreadcrumbList\",\"@id\":\"https:\/\/www.art-natur.ch\/fr\/produit\/fil-de-coton\/#breadcrumb\",\"itemListElement\":[{\"@type\":\"ListItem\",\"position\":1,\"name\":\"Home\",\"item\":\"https:\/\/www.art-natur.ch\/fr\/\"},{\"@type\":\"ListItem\",\"position\":2,\"name\":\"Boutique\",\"item\":\"https:\/\/www.art-natur.ch\/shop\/\"},{\"@type\":\"ListItem\",\"position\":3,\"name\":\"Fil de coton\"}]},{\"@type\":\"WebSite\",\"@id\":\"https:\/\/www.art-natur.ch\/fr\/#website\",\"url\":\"https:\/\/www.art-natur.ch\/fr\/\",\"name\":\"LASHES&amp;BROWS by Nataliya Reinhard\",\"description\":\"High-quality lash and brow services with attention to every detail\",\"potentialAction\":[{\"@type\":\"SearchAction\",\"target\":{\"@type\":\"EntryPoint\",\"urlTemplate\":\"https:\/\/www.art-natur.ch\/fr\/?s={search_term_string}\"},\"query-input\":{\"@type\":\"PropertyValueSpecification\",\"valueRequired\":true,\"valueName\":\"search_term_string\"}}],\"inLanguage\":\"fr-FR\"}]}<\/script>\n<!-- \/ Yoast SEO plugin. -->","yoast_head_json":{"title":"Fil de coton - LASHES&amp;BROWS by Nataliya Reinhard","description":"Fil haute t\u00e9nacit\u00e9 : 95 % coton, 5 % soie. Parfait pour le marquage et la coupe des sourcils. Longueur 300 m.","robots":{"index":"index","follow":"follow","max-snippet":"max-snippet:-1","max-image-preview":"max-image-preview:large","max-video-preview":"max-video-preview:-1"},"canonical":"https:\/\/www.art-natur.ch\/fr\/produit\/fil-de-coton\/","og_locale":"fr_FR","og_type":"article","og_title":"Fil de coton - LASHES&amp;BROWS by Nataliya Reinhard","og_description":"Fil haute t\u00e9nacit\u00e9 : 95 % coton, 5 % soie. Parfait pour le marquage et la coupe des sourcils. Longueur 300 m.","og_url":"https:\/\/www.art-natur.ch\/fr\/produit\/fil-de-coton\/","og_site_name":"LASHES&amp;BROWS by Nataliya Reinhard","article_modified_time":"2024-10-27T21:39:30+00:00","og_image":[{"width":1000,"height":1000,"url":"https:\/\/www.art-natur.ch\/wp-content\/uploads\/2024\/09\/2172275309-Photoroom.png","type":"image\/png"}],"twitter_card":"summary_large_image","schema":{"@context":"https:\/\/schema.org","@graph":[{"@type":"WebPage","@id":"https:\/\/www.art-natur.ch\/fr\/produit\/fil-de-coton\/","url":"https:\/\/www.art-natur.ch\/fr\/produit\/fil-de-coton\/","name":"Fil de coton - LASHES&amp;BROWS by Nataliya Reinhard","isPartOf":{"@id":"https:\/\/www.art-natur.ch\/fr\/#website"},"primaryImageOfPage":{"@id":"https:\/\/www.art-natur.ch\/fr\/produit\/fil-de-coton\/#primaryimage"},"image":{"@id":"https:\/\/www.art-natur.ch\/fr\/produit\/fil-de-coton\/#primaryimage"},"thumbnailUrl":"https:\/\/www.art-natur.ch\/wp-content\/uploads\/2024\/09\/2172275309-Photoroom.png","datePublished":"2024-09-24T08:31:37+00:00","dateModified":"2024-10-27T21:39:30+00:00","description":"Fil haute t\u00e9nacit\u00e9 : 95 % coton, 5 % soie. Parfait pour le marquage et la coupe des sourcils. Longueur 300 m.","breadcrumb":{"@id":"https:\/\/www.art-natur.ch\/fr\/produit\/fil-de-coton\/#breadcrumb"},"inLanguage":"fr-FR","potentialAction":[{"@type":"ReadAction","target":["https:\/\/www.art-natur.ch\/fr\/produit\/fil-de-coton\/"]}]},{"@type":"ImageObject","inLanguage":"fr-FR","@id":"https:\/\/www.art-natur.ch\/fr\/produit\/fil-de-coton\/#primaryimage","url":"https:\/\/www.art-natur.ch\/wp-content\/uploads\/2024\/09\/2172275309-Photoroom.png","contentUrl":"https:\/\/www.art-natur.ch\/wp-content\/uploads\/2024\/09\/2172275309-Photoroom.png","width":1000,"height":1000},{"@type":"BreadcrumbList","@id":"https:\/\/www.art-natur.ch\/fr\/produit\/fil-de-coton\/#breadcrumb","itemListElement":[{"@type":"ListItem","position":1,"name":"Home","item":"https:\/\/www.art-natur.ch\/fr\/"},{"@type":"ListItem","position":2,"name":"Boutique","item":"https:\/\/www.art-natur.ch\/shop\/"},{"@type":"ListItem","position":3,"name":"Fil de coton"}]},{"@type":"WebSite","@id":"https:\/\/www.art-natur.ch\/fr\/#website","url":"https:\/\/www.art-natur.ch\/fr\/","name":"LASHES&amp;BROWS by Nataliya Reinhard","description":"High-quality lash and brow services with attention to every detail","potentialAction":[{"@type":"SearchAction","target":{"@type":"EntryPoint","urlTemplate":"https:\/\/www.art-natur.ch\/fr\/?s={search_term_string}"},"query-input":{"@type":"PropertyValueSpecification","valueRequired":true,"valueName":"search_term_string"}}],"inLanguage":"fr-FR"}]}},"_links":{"self":[{"href":"https:\/\/www.art-natur.ch\/fr\/wp-json\/wp\/v2\/product\/1265","targetHints":{"allow":["GET"]}}],"collection":[{"href":"https:\/\/www.art-natur.ch\/fr\/wp-json\/wp\/v2\/product"}],"about":[{"href":"https:\/\/www.art-natur.ch\/fr\/wp-json\/wp\/v2\/types\/product"}],"wp:featuredmedia":[{"embeddable":true,"href":"https:\/\/www.art-natur.ch\/fr\/wp-json\/wp\/v2\/media\/8182"}],"wp:attachment":[{"href":"https:\/\/www.art-natur.ch\/fr\/wp-json\/wp\/v2\/media?parent=1265"}],"wp:term":[{"taxonomy":"product_cat","embeddable":true,"href":"https:\/\/www.art-natur.ch\/fr\/wp-json\/wp\/v2\/product_cat?post=1265"},{"taxonomy":"product_tag","embeddable":true,"href":"https:\/\/www.art-natur.ch\/fr\/wp-json\/wp\/v2\/product_tag?post=1265"}],"curies":[{"name":"wp","href":"https:\/\/api.w.org\/{rel}","templated":true}]}}