{"id":1272,"date":"2024-09-24T10:45:18","date_gmt":"2024-09-24T08:45:18","guid":{"rendered":"https:\/\/www.art-natur.ch\/product\/fil-de-coton-antibacterien-avec-extrait-daloes-henna-refresh-200-m\/"},"modified":"2024-10-13T23:51:04","modified_gmt":"2024-10-13T21:51:04","slug":"fil-de-coton-antibacterien-avec-extrait-daloes-henna-refresh-200-m","status":"publish","type":"product","link":"https:\/\/www.art-natur.ch\/fr\/produit\/fil-de-coton-antibacterien-avec-extrait-daloes-henna-refresh-200-m\/","title":{"rendered":"Fil de coton antibact\u00e9rien avec extrait d&rsquo;alo\u00e8s Henna Refresh, 200 m"},"content":{"rendered":"<p>Description<\/p>\n<p>HENNA REFRESH est un produit \u00e0 base de henn\u00e9 pour une coloration saine et une revitalisation des sourcils gr\u00e2ce \u00e0 des ingr\u00e9dients naturels.<br \/>\nAvantages de HENNA REFRESH :<br \/>\n&#8211; Coloration permanente des sourcils jusqu&rsquo;\u00e0 8 semaines<br \/>\n&#8211; Formule utile<br \/>\n&#8211; Des soins \u00e0 domicile innovants<br \/>\n&#8211; Un emballage sup\u00e9rieur<\/p>\n<p>Fil dentaire antibact\u00e9rien Trident avec jus d&rsquo;alo\u00e8s Henn\u00e9 Refresh<\/p>\n<p>Le fil de coton extr\u00eamement r\u00e9sistant \u00e9limine les poils sans irritation. Gr\u00e2ce \u00e0 une impr\u00e9gnation sp\u00e9ciale d&rsquo;alo\u00e8s, le fil dentaire \u00e9vite les rougeurs et convient m\u00eame aux peaux sensibles.<br \/>\nL&rsquo;extrait d&rsquo;alo\u00e8s a un effet hydratant, cicatrisant, antibact\u00e9rien et tonifiant sur la peau.<br \/>\nLe fil dentaire est impr\u00e9gn\u00e9 de jus d&rsquo;alo\u00e8s et le traitement antibact\u00e9rien est effectu\u00e9 dans une machine \u00e0 pression profonde. L&rsquo;aloe vera 99,7 % naturel, jus d&rsquo;alo\u00e8s potable + base d&rsquo;alcool est utilis\u00e9 pour la production du fil dentaire. Les bobines de fil sont trait\u00e9es avec une solution concentr\u00e9e sous haute pression, puis s\u00e9ch\u00e9es dans une chambre \u00e0 haute temp\u00e9rature. L&rsquo;alcool d\u00e9graisse le fil, favorise son \u00e9vaporation rapide et sa conservation, ce qui permet de pr\u00e9server durablement les propri\u00e9t\u00e9s du fil.<br \/>\nL&rsquo;ensemble cordon unique avec lame de s\u00e9curit\u00e9 assure une proc\u00e9dure hygi\u00e9nique et confortable.<\/p>\n<p>Longueur 200m<\/p>\n","protected":false},"excerpt":{"rendered":"<p>Description HENNA REFRESH est un produit \u00e0 base de henn\u00e9 pour une coloration saine et une revitalisation des sourcils gr\u00e2ce \u00e0 des ingr\u00e9dients naturels. Avantages de HENNA REFRESH : &#8211; Coloration permanente des sourcils jusqu&rsquo;\u00e0 8 semaines &#8211; Formule utile &#8211; Des soins \u00e0 domicile innovants &#8211; Un emballage sup\u00e9rieur Fil dentaire antibact\u00e9rien Trident avec [&hellip;]<\/p>\n","protected":false},"featured_media":8178,"template":"","meta":{"_acf_changed":false,"inline_featured_image":false},"product_cat":[119,125,127],"product_tag":[],"class_list":{"0":"post-1272","1":"product","2":"type-product","3":"status-publish","4":"has-post-thumbnail","6":"product_brand-henna-expert","7":"product_cat-coloration-et-correction-des-sourcils","8":"product_cat-outil-extension-de-cils","9":"product_cat-orrection","11":"first","12":"instock","13":"shipping-taxable","14":"purchasable","15":"product-type-simple"},"acf":[],"yoast_head":"<!-- This site is optimized with the Yoast SEO plugin v26.6 - https:\/\/yoast.com\/wordpress\/plugins\/seo\/ -->\n<title>Fil de coton antibact\u00e9rien avec extrait d&#039;alo\u00e8s Henna Refresh, 200 m - LASHES&amp;BROWS by Nataliya Reinhard<\/title>\n<meta name=\"description\" content=\"HENNA REFRESH : produit \u00e0 base de henn\u00e9 pour une coloration saine des sourcils jusqu&#039;\u00e0 8 semaines. Ingr\u00e9dients naturels.\" \/>\n<meta name=\"robots\" content=\"index, follow, max-snippet:-1, max-image-preview:large, max-video-preview:-1\" \/>\n<link rel=\"canonical\" href=\"https:\/\/www.art-natur.ch\/fr\/produit\/fil-de-coton-antibacterien-avec-extrait-daloes-henna-refresh-200-m\/\" \/>\n<meta property=\"og:locale\" content=\"fr_FR\" \/>\n<meta property=\"og:type\" content=\"article\" \/>\n<meta property=\"og:title\" content=\"Fil de coton antibact\u00e9rien avec extrait d&#039;alo\u00e8s Henna Refresh, 200 m - LASHES&amp;BROWS by Nataliya Reinhard\" \/>\n<meta property=\"og:description\" content=\"HENNA REFRESH : produit \u00e0 base de henn\u00e9 pour une coloration saine des sourcils jusqu&#039;\u00e0 8 semaines. Ingr\u00e9dients naturels.\" \/>\n<meta property=\"og:url\" content=\"https:\/\/www.art-natur.ch\/fr\/produit\/fil-de-coton-antibacterien-avec-extrait-daloes-henna-refresh-200-m\/\" \/>\n<meta property=\"og:site_name\" content=\"LASHES&amp;BROWS by Nataliya Reinhard\" \/>\n<meta property=\"article:modified_time\" content=\"2024-10-13T21:51:04+00:00\" \/>\n<meta property=\"og:image\" content=\"https:\/\/www.art-natur.ch\/wp-content\/uploads\/2024\/09\/2529499865-Photoroom.png\" \/>\n\t<meta property=\"og:image:width\" content=\"446\" \/>\n\t<meta property=\"og:image:height\" content=\"446\" \/>\n\t<meta property=\"og:image:type\" content=\"image\/png\" \/>\n<meta name=\"twitter:card\" content=\"summary_large_image\" \/>\n<meta name=\"twitter:label1\" content=\"Dur\u00e9e de lecture estim\u00e9e\" \/>\n\t<meta name=\"twitter:data1\" content=\"1 minute\" \/>\n<script type=\"application\/ld+json\" class=\"yoast-schema-graph\">{\"@context\":\"https:\/\/schema.org\",\"@graph\":[{\"@type\":\"WebPage\",\"@id\":\"https:\/\/www.art-natur.ch\/fr\/produit\/fil-de-coton-antibacterien-avec-extrait-daloes-henna-refresh-200-m\/\",\"url\":\"https:\/\/www.art-natur.ch\/fr\/produit\/fil-de-coton-antibacterien-avec-extrait-daloes-henna-refresh-200-m\/\",\"name\":\"Fil de coton antibact\u00e9rien avec extrait d'alo\u00e8s Henna Refresh, 200 m - LASHES&amp;BROWS by Nataliya Reinhard\",\"isPartOf\":{\"@id\":\"https:\/\/www.art-natur.ch\/fr\/#website\"},\"primaryImageOfPage\":{\"@id\":\"https:\/\/www.art-natur.ch\/fr\/produit\/fil-de-coton-antibacterien-avec-extrait-daloes-henna-refresh-200-m\/#primaryimage\"},\"image\":{\"@id\":\"https:\/\/www.art-natur.ch\/fr\/produit\/fil-de-coton-antibacterien-avec-extrait-daloes-henna-refresh-200-m\/#primaryimage\"},\"thumbnailUrl\":\"https:\/\/www.art-natur.ch\/wp-content\/uploads\/2024\/09\/2529499865-Photoroom.png\",\"datePublished\":\"2024-09-24T08:45:18+00:00\",\"dateModified\":\"2024-10-13T21:51:04+00:00\",\"description\":\"HENNA REFRESH : produit \u00e0 base de henn\u00e9 pour une coloration saine des sourcils jusqu'\u00e0 8 semaines. Ingr\u00e9dients naturels.\",\"breadcrumb\":{\"@id\":\"https:\/\/www.art-natur.ch\/fr\/produit\/fil-de-coton-antibacterien-avec-extrait-daloes-henna-refresh-200-m\/#breadcrumb\"},\"inLanguage\":\"fr-FR\",\"potentialAction\":[{\"@type\":\"ReadAction\",\"target\":[\"https:\/\/www.art-natur.ch\/fr\/produit\/fil-de-coton-antibacterien-avec-extrait-daloes-henna-refresh-200-m\/\"]}]},{\"@type\":\"ImageObject\",\"inLanguage\":\"fr-FR\",\"@id\":\"https:\/\/www.art-natur.ch\/fr\/produit\/fil-de-coton-antibacterien-avec-extrait-daloes-henna-refresh-200-m\/#primaryimage\",\"url\":\"https:\/\/www.art-natur.ch\/wp-content\/uploads\/2024\/09\/2529499865-Photoroom.png\",\"contentUrl\":\"https:\/\/www.art-natur.ch\/wp-content\/uploads\/2024\/09\/2529499865-Photoroom.png\",\"width\":446,\"height\":446},{\"@type\":\"BreadcrumbList\",\"@id\":\"https:\/\/www.art-natur.ch\/fr\/produit\/fil-de-coton-antibacterien-avec-extrait-daloes-henna-refresh-200-m\/#breadcrumb\",\"itemListElement\":[{\"@type\":\"ListItem\",\"position\":1,\"name\":\"Home\",\"item\":\"https:\/\/www.art-natur.ch\/fr\/\"},{\"@type\":\"ListItem\",\"position\":2,\"name\":\"Boutique\",\"item\":\"https:\/\/www.art-natur.ch\/shop\/\"},{\"@type\":\"ListItem\",\"position\":3,\"name\":\"Fil de coton antibact\u00e9rien avec extrait d&#8217;alo\u00e8s Henna Refresh, 200 m\"}]},{\"@type\":\"WebSite\",\"@id\":\"https:\/\/www.art-natur.ch\/fr\/#website\",\"url\":\"https:\/\/www.art-natur.ch\/fr\/\",\"name\":\"LASHES&amp;BROWS by Nataliya Reinhard\",\"description\":\"High-quality lash and brow services with attention to every detail\",\"potentialAction\":[{\"@type\":\"SearchAction\",\"target\":{\"@type\":\"EntryPoint\",\"urlTemplate\":\"https:\/\/www.art-natur.ch\/fr\/?s={search_term_string}\"},\"query-input\":{\"@type\":\"PropertyValueSpecification\",\"valueRequired\":true,\"valueName\":\"search_term_string\"}}],\"inLanguage\":\"fr-FR\"}]}<\/script>\n<!-- \/ Yoast SEO plugin. -->","yoast_head_json":{"title":"Fil de coton antibact\u00e9rien avec extrait d'alo\u00e8s Henna Refresh, 200 m - LASHES&amp;BROWS by Nataliya Reinhard","description":"HENNA REFRESH : produit \u00e0 base de henn\u00e9 pour une coloration saine des sourcils jusqu'\u00e0 8 semaines. Ingr\u00e9dients naturels.","robots":{"index":"index","follow":"follow","max-snippet":"max-snippet:-1","max-image-preview":"max-image-preview:large","max-video-preview":"max-video-preview:-1"},"canonical":"https:\/\/www.art-natur.ch\/fr\/produit\/fil-de-coton-antibacterien-avec-extrait-daloes-henna-refresh-200-m\/","og_locale":"fr_FR","og_type":"article","og_title":"Fil de coton antibact\u00e9rien avec extrait d'alo\u00e8s Henna Refresh, 200 m - LASHES&amp;BROWS by Nataliya Reinhard","og_description":"HENNA REFRESH : produit \u00e0 base de henn\u00e9 pour une coloration saine des sourcils jusqu'\u00e0 8 semaines. Ingr\u00e9dients naturels.","og_url":"https:\/\/www.art-natur.ch\/fr\/produit\/fil-de-coton-antibacterien-avec-extrait-daloes-henna-refresh-200-m\/","og_site_name":"LASHES&amp;BROWS by Nataliya Reinhard","article_modified_time":"2024-10-13T21:51:04+00:00","og_image":[{"width":446,"height":446,"url":"https:\/\/www.art-natur.ch\/wp-content\/uploads\/2024\/09\/2529499865-Photoroom.png","type":"image\/png"}],"twitter_card":"summary_large_image","twitter_misc":{"Dur\u00e9e de lecture estim\u00e9e":"1 minute"},"schema":{"@context":"https:\/\/schema.org","@graph":[{"@type":"WebPage","@id":"https:\/\/www.art-natur.ch\/fr\/produit\/fil-de-coton-antibacterien-avec-extrait-daloes-henna-refresh-200-m\/","url":"https:\/\/www.art-natur.ch\/fr\/produit\/fil-de-coton-antibacterien-avec-extrait-daloes-henna-refresh-200-m\/","name":"Fil de coton antibact\u00e9rien avec extrait d'alo\u00e8s Henna Refresh, 200 m - LASHES&amp;BROWS by Nataliya Reinhard","isPartOf":{"@id":"https:\/\/www.art-natur.ch\/fr\/#website"},"primaryImageOfPage":{"@id":"https:\/\/www.art-natur.ch\/fr\/produit\/fil-de-coton-antibacterien-avec-extrait-daloes-henna-refresh-200-m\/#primaryimage"},"image":{"@id":"https:\/\/www.art-natur.ch\/fr\/produit\/fil-de-coton-antibacterien-avec-extrait-daloes-henna-refresh-200-m\/#primaryimage"},"thumbnailUrl":"https:\/\/www.art-natur.ch\/wp-content\/uploads\/2024\/09\/2529499865-Photoroom.png","datePublished":"2024-09-24T08:45:18+00:00","dateModified":"2024-10-13T21:51:04+00:00","description":"HENNA REFRESH : produit \u00e0 base de henn\u00e9 pour une coloration saine des sourcils jusqu'\u00e0 8 semaines. Ingr\u00e9dients naturels.","breadcrumb":{"@id":"https:\/\/www.art-natur.ch\/fr\/produit\/fil-de-coton-antibacterien-avec-extrait-daloes-henna-refresh-200-m\/#breadcrumb"},"inLanguage":"fr-FR","potentialAction":[{"@type":"ReadAction","target":["https:\/\/www.art-natur.ch\/fr\/produit\/fil-de-coton-antibacterien-avec-extrait-daloes-henna-refresh-200-m\/"]}]},{"@type":"ImageObject","inLanguage":"fr-FR","@id":"https:\/\/www.art-natur.ch\/fr\/produit\/fil-de-coton-antibacterien-avec-extrait-daloes-henna-refresh-200-m\/#primaryimage","url":"https:\/\/www.art-natur.ch\/wp-content\/uploads\/2024\/09\/2529499865-Photoroom.png","contentUrl":"https:\/\/www.art-natur.ch\/wp-content\/uploads\/2024\/09\/2529499865-Photoroom.png","width":446,"height":446},{"@type":"BreadcrumbList","@id":"https:\/\/www.art-natur.ch\/fr\/produit\/fil-de-coton-antibacterien-avec-extrait-daloes-henna-refresh-200-m\/#breadcrumb","itemListElement":[{"@type":"ListItem","position":1,"name":"Home","item":"https:\/\/www.art-natur.ch\/fr\/"},{"@type":"ListItem","position":2,"name":"Boutique","item":"https:\/\/www.art-natur.ch\/shop\/"},{"@type":"ListItem","position":3,"name":"Fil de coton antibact\u00e9rien avec extrait d&#8217;alo\u00e8s Henna Refresh, 200 m"}]},{"@type":"WebSite","@id":"https:\/\/www.art-natur.ch\/fr\/#website","url":"https:\/\/www.art-natur.ch\/fr\/","name":"LASHES&amp;BROWS by Nataliya Reinhard","description":"High-quality lash and brow services with attention to every detail","potentialAction":[{"@type":"SearchAction","target":{"@type":"EntryPoint","urlTemplate":"https:\/\/www.art-natur.ch\/fr\/?s={search_term_string}"},"query-input":{"@type":"PropertyValueSpecification","valueRequired":true,"valueName":"search_term_string"}}],"inLanguage":"fr-FR"}]}},"_links":{"self":[{"href":"https:\/\/www.art-natur.ch\/fr\/wp-json\/wp\/v2\/product\/1272","targetHints":{"allow":["GET"]}}],"collection":[{"href":"https:\/\/www.art-natur.ch\/fr\/wp-json\/wp\/v2\/product"}],"about":[{"href":"https:\/\/www.art-natur.ch\/fr\/wp-json\/wp\/v2\/types\/product"}],"wp:featuredmedia":[{"embeddable":true,"href":"https:\/\/www.art-natur.ch\/fr\/wp-json\/wp\/v2\/media\/8178"}],"wp:attachment":[{"href":"https:\/\/www.art-natur.ch\/fr\/wp-json\/wp\/v2\/media?parent=1272"}],"wp:term":[{"taxonomy":"product_cat","embeddable":true,"href":"https:\/\/www.art-natur.ch\/fr\/wp-json\/wp\/v2\/product_cat?post=1272"},{"taxonomy":"product_tag","embeddable":true,"href":"https:\/\/www.art-natur.ch\/fr\/wp-json\/wp\/v2\/product_tag?post=1272"}],"curies":[{"name":"wp","href":"https:\/\/api.w.org\/{rel}","templated":true}]}}