{"id":1297,"date":"2024-09-24T11:23:48","date_gmt":"2024-09-24T10:23:48","guid":{"rendered":"https:\/\/www.art-natur.ch\/product\/gommage-a-lamande-gel-henna-expert-50-gr\/"},"modified":"2024-10-25T13:49:38","modified_gmt":"2024-10-25T11:49:38","slug":"gommage-a-lamande-gel-henna-expert-50-gr","status":"publish","type":"product","link":"https:\/\/www.art-natur.ch\/fr\/produit\/gommage-a-lamande-gel-henna-expert-50-gr\/","title":{"rendered":"Gommage \u00e0 l&rsquo;amande Gel \u00ab\u00a0Henna Expert\u00a0\u00bb 50 gr"},"content":{"rendered":"<p>Le gel exfoliant Henna Expert, compos\u00e9 d&rsquo;ingr\u00e9dients 100% naturels et de copeaux d&rsquo;amande, permet une exfoliation douce et lissante de la zone des sourcils avant la proc\u00e9dure de coloration.<br \/>\nLe gel de gommage a une texture douce et facile \u00e0 travailler, de sorte qu&rsquo;il \u00e9limine les cellules mortes de la peau aussi d\u00e9licatement et aussi efficacement que possible. Ainsi, le henn\u00e9 et la couleur sont appliqu\u00e9s uniform\u00e9ment, sans taches ni lacunes, et la couleur reste plus longtemps sur la peau.<\/p>\n","protected":false},"excerpt":{"rendered":"<p>Le gel exfoliant Henna Expert, compos\u00e9 d&rsquo;ingr\u00e9dients 100% naturels et de copeaux d&rsquo;amande, permet une exfoliation douce et lissante de la zone des sourcils avant la proc\u00e9dure de coloration. Le gel de gommage a une texture douce et facile \u00e0 travailler, de sorte qu&rsquo;il \u00e9limine les cellules mortes de la peau aussi d\u00e9licatement et aussi [&hellip;]<\/p>\n","protected":false},"featured_media":8170,"template":"","meta":{"_acf_changed":false,"inline_featured_image":false},"product_cat":[119,121,538,537],"product_tag":[],"class_list":{"0":"post-1297","1":"product","2":"type-product","3":"status-publish","4":"has-post-thumbnail","6":"product_brand-henna-expert","7":"product_cat-coloration-et-correction-des-sourcils","8":"product_cat-henne-pour-les-sourcils","9":"product_cat-promotions","10":"product_cat-promotion","12":"first","13":"instock","14":"sale","15":"shipping-taxable","16":"purchasable","17":"product-type-simple"},"acf":[],"yoast_head":"<!-- This site is optimized with the Yoast SEO plugin v26.6 - https:\/\/yoast.com\/wordpress\/plugins\/seo\/ -->\n<title>Gommage \u00e0 l&#039;amande Gel &quot;Henna Expert&quot; 50 gr - LASHES&amp;BROWS by Nataliya Reinhard<\/title>\n<meta name=\"description\" content=\"Le gel exfoliant Henna Expert, 100 % naturel, offre une exfoliation douce des sourcils avant la coloration. Texture facile \u00e0 travailler.\" \/>\n<meta name=\"robots\" content=\"index, follow, max-snippet:-1, max-image-preview:large, max-video-preview:-1\" \/>\n<link rel=\"canonical\" href=\"https:\/\/www.art-natur.ch\/fr\/produit\/gommage-a-lamande-gel-henna-expert-50-gr\/\" \/>\n<meta property=\"og:locale\" content=\"fr_FR\" \/>\n<meta property=\"og:type\" content=\"article\" \/>\n<meta property=\"og:title\" content=\"Gommage \u00e0 l&#039;amande Gel &quot;Henna Expert&quot; 50 gr - LASHES&amp;BROWS by Nataliya Reinhard\" \/>\n<meta property=\"og:description\" content=\"Le gel exfoliant Henna Expert, 100 % naturel, offre une exfoliation douce des sourcils avant la coloration. Texture facile \u00e0 travailler.\" \/>\n<meta property=\"og:url\" content=\"https:\/\/www.art-natur.ch\/fr\/produit\/gommage-a-lamande-gel-henna-expert-50-gr\/\" \/>\n<meta property=\"og:site_name\" content=\"LASHES&amp;BROWS by Nataliya Reinhard\" \/>\n<meta property=\"article:modified_time\" content=\"2024-10-25T11:49:38+00:00\" \/>\n<meta property=\"og:image\" content=\"https:\/\/www.art-natur.ch\/wp-content\/uploads\/2024\/09\/2555282383-Photoroom.png\" \/>\n\t<meta property=\"og:image:width\" content=\"1280\" \/>\n\t<meta property=\"og:image:height\" content=\"1279\" \/>\n\t<meta property=\"og:image:type\" content=\"image\/png\" \/>\n<meta name=\"twitter:card\" content=\"summary_large_image\" \/>\n<script type=\"application\/ld+json\" class=\"yoast-schema-graph\">{\"@context\":\"https:\/\/schema.org\",\"@graph\":[{\"@type\":\"WebPage\",\"@id\":\"https:\/\/www.art-natur.ch\/fr\/produit\/gommage-a-lamande-gel-henna-expert-50-gr\/\",\"url\":\"https:\/\/www.art-natur.ch\/fr\/produit\/gommage-a-lamande-gel-henna-expert-50-gr\/\",\"name\":\"Gommage \u00e0 l'amande Gel \\\"Henna Expert\\\" 50 gr - LASHES&amp;BROWS by Nataliya Reinhard\",\"isPartOf\":{\"@id\":\"https:\/\/www.art-natur.ch\/fr\/#website\"},\"primaryImageOfPage\":{\"@id\":\"https:\/\/www.art-natur.ch\/fr\/produit\/gommage-a-lamande-gel-henna-expert-50-gr\/#primaryimage\"},\"image\":{\"@id\":\"https:\/\/www.art-natur.ch\/fr\/produit\/gommage-a-lamande-gel-henna-expert-50-gr\/#primaryimage\"},\"thumbnailUrl\":\"https:\/\/www.art-natur.ch\/wp-content\/uploads\/2024\/09\/2555282383-Photoroom.png\",\"datePublished\":\"2024-09-24T10:23:48+00:00\",\"dateModified\":\"2024-10-25T11:49:38+00:00\",\"description\":\"Le gel exfoliant Henna Expert, 100 % naturel, offre une exfoliation douce des sourcils avant la coloration. Texture facile \u00e0 travailler.\",\"breadcrumb\":{\"@id\":\"https:\/\/www.art-natur.ch\/fr\/produit\/gommage-a-lamande-gel-henna-expert-50-gr\/#breadcrumb\"},\"inLanguage\":\"fr-FR\",\"potentialAction\":[{\"@type\":\"ReadAction\",\"target\":[\"https:\/\/www.art-natur.ch\/fr\/produit\/gommage-a-lamande-gel-henna-expert-50-gr\/\"]}]},{\"@type\":\"ImageObject\",\"inLanguage\":\"fr-FR\",\"@id\":\"https:\/\/www.art-natur.ch\/fr\/produit\/gommage-a-lamande-gel-henna-expert-50-gr\/#primaryimage\",\"url\":\"https:\/\/www.art-natur.ch\/wp-content\/uploads\/2024\/09\/2555282383-Photoroom.png\",\"contentUrl\":\"https:\/\/www.art-natur.ch\/wp-content\/uploads\/2024\/09\/2555282383-Photoroom.png\",\"width\":1280,\"height\":1279},{\"@type\":\"BreadcrumbList\",\"@id\":\"https:\/\/www.art-natur.ch\/fr\/produit\/gommage-a-lamande-gel-henna-expert-50-gr\/#breadcrumb\",\"itemListElement\":[{\"@type\":\"ListItem\",\"position\":1,\"name\":\"Home\",\"item\":\"https:\/\/www.art-natur.ch\/fr\/\"},{\"@type\":\"ListItem\",\"position\":2,\"name\":\"Boutique\",\"item\":\"https:\/\/www.art-natur.ch\/shop\/\"},{\"@type\":\"ListItem\",\"position\":3,\"name\":\"Gommage \u00e0 l&#8217;amande Gel &#8222;Henna Expert&#8220; 50 gr\"}]},{\"@type\":\"WebSite\",\"@id\":\"https:\/\/www.art-natur.ch\/fr\/#website\",\"url\":\"https:\/\/www.art-natur.ch\/fr\/\",\"name\":\"LASHES&amp;BROWS by Nataliya Reinhard\",\"description\":\"High-quality lash and brow services with attention to every detail\",\"potentialAction\":[{\"@type\":\"SearchAction\",\"target\":{\"@type\":\"EntryPoint\",\"urlTemplate\":\"https:\/\/www.art-natur.ch\/fr\/?s={search_term_string}\"},\"query-input\":{\"@type\":\"PropertyValueSpecification\",\"valueRequired\":true,\"valueName\":\"search_term_string\"}}],\"inLanguage\":\"fr-FR\"}]}<\/script>\n<!-- \/ Yoast SEO plugin. -->","yoast_head_json":{"title":"Gommage \u00e0 l'amande Gel \"Henna Expert\" 50 gr - LASHES&amp;BROWS by Nataliya Reinhard","description":"Le gel exfoliant Henna Expert, 100 % naturel, offre une exfoliation douce des sourcils avant la coloration. Texture facile \u00e0 travailler.","robots":{"index":"index","follow":"follow","max-snippet":"max-snippet:-1","max-image-preview":"max-image-preview:large","max-video-preview":"max-video-preview:-1"},"canonical":"https:\/\/www.art-natur.ch\/fr\/produit\/gommage-a-lamande-gel-henna-expert-50-gr\/","og_locale":"fr_FR","og_type":"article","og_title":"Gommage \u00e0 l'amande Gel \"Henna Expert\" 50 gr - LASHES&amp;BROWS by Nataliya Reinhard","og_description":"Le gel exfoliant Henna Expert, 100 % naturel, offre une exfoliation douce des sourcils avant la coloration. Texture facile \u00e0 travailler.","og_url":"https:\/\/www.art-natur.ch\/fr\/produit\/gommage-a-lamande-gel-henna-expert-50-gr\/","og_site_name":"LASHES&amp;BROWS by Nataliya Reinhard","article_modified_time":"2024-10-25T11:49:38+00:00","og_image":[{"width":1280,"height":1279,"url":"https:\/\/www.art-natur.ch\/wp-content\/uploads\/2024\/09\/2555282383-Photoroom.png","type":"image\/png"}],"twitter_card":"summary_large_image","schema":{"@context":"https:\/\/schema.org","@graph":[{"@type":"WebPage","@id":"https:\/\/www.art-natur.ch\/fr\/produit\/gommage-a-lamande-gel-henna-expert-50-gr\/","url":"https:\/\/www.art-natur.ch\/fr\/produit\/gommage-a-lamande-gel-henna-expert-50-gr\/","name":"Gommage \u00e0 l'amande Gel \"Henna Expert\" 50 gr - LASHES&amp;BROWS by Nataliya Reinhard","isPartOf":{"@id":"https:\/\/www.art-natur.ch\/fr\/#website"},"primaryImageOfPage":{"@id":"https:\/\/www.art-natur.ch\/fr\/produit\/gommage-a-lamande-gel-henna-expert-50-gr\/#primaryimage"},"image":{"@id":"https:\/\/www.art-natur.ch\/fr\/produit\/gommage-a-lamande-gel-henna-expert-50-gr\/#primaryimage"},"thumbnailUrl":"https:\/\/www.art-natur.ch\/wp-content\/uploads\/2024\/09\/2555282383-Photoroom.png","datePublished":"2024-09-24T10:23:48+00:00","dateModified":"2024-10-25T11:49:38+00:00","description":"Le gel exfoliant Henna Expert, 100 % naturel, offre une exfoliation douce des sourcils avant la coloration. Texture facile \u00e0 travailler.","breadcrumb":{"@id":"https:\/\/www.art-natur.ch\/fr\/produit\/gommage-a-lamande-gel-henna-expert-50-gr\/#breadcrumb"},"inLanguage":"fr-FR","potentialAction":[{"@type":"ReadAction","target":["https:\/\/www.art-natur.ch\/fr\/produit\/gommage-a-lamande-gel-henna-expert-50-gr\/"]}]},{"@type":"ImageObject","inLanguage":"fr-FR","@id":"https:\/\/www.art-natur.ch\/fr\/produit\/gommage-a-lamande-gel-henna-expert-50-gr\/#primaryimage","url":"https:\/\/www.art-natur.ch\/wp-content\/uploads\/2024\/09\/2555282383-Photoroom.png","contentUrl":"https:\/\/www.art-natur.ch\/wp-content\/uploads\/2024\/09\/2555282383-Photoroom.png","width":1280,"height":1279},{"@type":"BreadcrumbList","@id":"https:\/\/www.art-natur.ch\/fr\/produit\/gommage-a-lamande-gel-henna-expert-50-gr\/#breadcrumb","itemListElement":[{"@type":"ListItem","position":1,"name":"Home","item":"https:\/\/www.art-natur.ch\/fr\/"},{"@type":"ListItem","position":2,"name":"Boutique","item":"https:\/\/www.art-natur.ch\/shop\/"},{"@type":"ListItem","position":3,"name":"Gommage \u00e0 l&#8217;amande Gel &#8222;Henna Expert&#8220; 50 gr"}]},{"@type":"WebSite","@id":"https:\/\/www.art-natur.ch\/fr\/#website","url":"https:\/\/www.art-natur.ch\/fr\/","name":"LASHES&amp;BROWS by Nataliya Reinhard","description":"High-quality lash and brow services with attention to every detail","potentialAction":[{"@type":"SearchAction","target":{"@type":"EntryPoint","urlTemplate":"https:\/\/www.art-natur.ch\/fr\/?s={search_term_string}"},"query-input":{"@type":"PropertyValueSpecification","valueRequired":true,"valueName":"search_term_string"}}],"inLanguage":"fr-FR"}]}},"_links":{"self":[{"href":"https:\/\/www.art-natur.ch\/fr\/wp-json\/wp\/v2\/product\/1297","targetHints":{"allow":["GET"]}}],"collection":[{"href":"https:\/\/www.art-natur.ch\/fr\/wp-json\/wp\/v2\/product"}],"about":[{"href":"https:\/\/www.art-natur.ch\/fr\/wp-json\/wp\/v2\/types\/product"}],"wp:featuredmedia":[{"embeddable":true,"href":"https:\/\/www.art-natur.ch\/fr\/wp-json\/wp\/v2\/media\/8170"}],"wp:attachment":[{"href":"https:\/\/www.art-natur.ch\/fr\/wp-json\/wp\/v2\/media?parent=1297"}],"wp:term":[{"taxonomy":"product_cat","embeddable":true,"href":"https:\/\/www.art-natur.ch\/fr\/wp-json\/wp\/v2\/product_cat?post=1297"},{"taxonomy":"product_tag","embeddable":true,"href":"https:\/\/www.art-natur.ch\/fr\/wp-json\/wp\/v2\/product_tag?post=1297"}],"curies":[{"name":"wp","href":"https:\/\/api.w.org\/{rel}","templated":true}]}}