{"id":1311,"date":"2024-09-24T11:37:19","date_gmt":"2024-09-24T09:37:19","guid":{"rendered":"https:\/\/www.art-natur.ch\/product\/henna-expert-talc\/"},"modified":"2024-10-25T13:49:38","modified_gmt":"2024-10-25T11:49:38","slug":"henna-expert-talc","status":"publish","type":"product","link":"https:\/\/www.art-natur.ch\/fr\/produit\/henna-expert-talc\/","title":{"rendered":"HENNA EXPERT Talc"},"content":{"rendered":"<p>100% talc sans parfums ni additifs synth\u00e9tiques ! Gr\u00e2ce \u00e0 sa capacit\u00e9 d&rsquo;absorption unique, le talc ass\u00e8che rapidement la peau des sourcils et la pr\u00e9pare parfaitement \u00e0 la correction \u00e0 la cire. Pas d&rsquo;irritation ni d&rsquo;inflammation &#8211; gr\u00e2ce au talc, la correction est aussi douce et rapide que possible, et la cire n&rsquo;endommage pas la couche sup\u00e9rieure de la peau. De plus, le design pratique de l&#8217;emballage rend l&rsquo;utilisation du talc HENNA EXPERT encore plus pratique.<\/p>\n","protected":false},"excerpt":{"rendered":"<p>100% talc sans parfums ni additifs synth\u00e9tiques ! Gr\u00e2ce \u00e0 sa capacit\u00e9 d&rsquo;absorption unique, le talc ass\u00e8che rapidement la peau des sourcils et la pr\u00e9pare parfaitement \u00e0 la correction \u00e0 la cire. Pas d&rsquo;irritation ni d&rsquo;inflammation &#8211; gr\u00e2ce au talc, la correction est aussi douce et rapide que possible, et la cire n&rsquo;endommage pas la [&hellip;]<\/p>\n","protected":false},"featured_media":8162,"template":"","meta":{"_acf_changed":false,"inline_featured_image":false},"product_cat":[119,121,127,538,537],"product_tag":[],"class_list":{"0":"post-1311","1":"product","2":"type-product","3":"status-publish","4":"has-post-thumbnail","6":"product_brand-henna-expert","7":"product_cat-coloration-et-correction-des-sourcils","8":"product_cat-henne-pour-les-sourcils","9":"product_cat-orrection","10":"product_cat-promotions","11":"product_cat-promotion","13":"first","14":"instock","15":"sale","16":"shipping-taxable","17":"purchasable","18":"product-type-simple"},"acf":[],"yoast_head":"<!-- This site is optimized with the Yoast SEO plugin v26.6 - https:\/\/yoast.com\/wordpress\/plugins\/seo\/ -->\n<title>HENNA EXPERT Talc - LASHES&amp;BROWS by Nataliya Reinhard<\/title>\n<meta name=\"description\" content=\"100% talc sans parfums ! Ass\u00e8che rapidement la peau des sourcils pour une correction \u00e0 la cire douce et sans irritation.\" \/>\n<meta name=\"robots\" content=\"index, follow, max-snippet:-1, max-image-preview:large, max-video-preview:-1\" \/>\n<link rel=\"canonical\" href=\"https:\/\/www.art-natur.ch\/fr\/produit\/henna-expert-talc\/\" \/>\n<meta property=\"og:locale\" content=\"fr_FR\" \/>\n<meta property=\"og:type\" content=\"article\" \/>\n<meta property=\"og:title\" content=\"HENNA EXPERT Talc - LASHES&amp;BROWS by Nataliya Reinhard\" \/>\n<meta property=\"og:description\" content=\"100% talc sans parfums ! Ass\u00e8che rapidement la peau des sourcils pour une correction \u00e0 la cire douce et sans irritation.\" \/>\n<meta property=\"og:url\" content=\"https:\/\/www.art-natur.ch\/fr\/produit\/henna-expert-talc\/\" \/>\n<meta property=\"og:site_name\" content=\"LASHES&amp;BROWS by Nataliya Reinhard\" \/>\n<meta property=\"article:modified_time\" content=\"2024-10-25T11:49:38+00:00\" \/>\n<meta property=\"og:image\" content=\"https:\/\/www.art-natur.ch\/wp-content\/uploads\/2024\/09\/2555177654-Photoroom.png\" \/>\n\t<meta property=\"og:image:width\" content=\"682\" \/>\n\t<meta property=\"og:image:height\" content=\"663\" \/>\n\t<meta property=\"og:image:type\" content=\"image\/png\" \/>\n<meta name=\"twitter:card\" content=\"summary_large_image\" \/>\n<script type=\"application\/ld+json\" class=\"yoast-schema-graph\">{\"@context\":\"https:\/\/schema.org\",\"@graph\":[{\"@type\":\"WebPage\",\"@id\":\"https:\/\/www.art-natur.ch\/fr\/produit\/henna-expert-talc\/\",\"url\":\"https:\/\/www.art-natur.ch\/fr\/produit\/henna-expert-talc\/\",\"name\":\"HENNA EXPERT Talc - LASHES&amp;BROWS by Nataliya Reinhard\",\"isPartOf\":{\"@id\":\"https:\/\/www.art-natur.ch\/fr\/#website\"},\"primaryImageOfPage\":{\"@id\":\"https:\/\/www.art-natur.ch\/fr\/produit\/henna-expert-talc\/#primaryimage\"},\"image\":{\"@id\":\"https:\/\/www.art-natur.ch\/fr\/produit\/henna-expert-talc\/#primaryimage\"},\"thumbnailUrl\":\"https:\/\/www.art-natur.ch\/wp-content\/uploads\/2024\/09\/2555177654-Photoroom.png\",\"datePublished\":\"2024-09-24T09:37:19+00:00\",\"dateModified\":\"2024-10-25T11:49:38+00:00\",\"description\":\"100% talc sans parfums ! Ass\u00e8che rapidement la peau des sourcils pour une correction \u00e0 la cire douce et sans irritation.\",\"breadcrumb\":{\"@id\":\"https:\/\/www.art-natur.ch\/fr\/produit\/henna-expert-talc\/#breadcrumb\"},\"inLanguage\":\"fr-FR\",\"potentialAction\":[{\"@type\":\"ReadAction\",\"target\":[\"https:\/\/www.art-natur.ch\/fr\/produit\/henna-expert-talc\/\"]}]},{\"@type\":\"ImageObject\",\"inLanguage\":\"fr-FR\",\"@id\":\"https:\/\/www.art-natur.ch\/fr\/produit\/henna-expert-talc\/#primaryimage\",\"url\":\"https:\/\/www.art-natur.ch\/wp-content\/uploads\/2024\/09\/2555177654-Photoroom.png\",\"contentUrl\":\"https:\/\/www.art-natur.ch\/wp-content\/uploads\/2024\/09\/2555177654-Photoroom.png\",\"width\":682,\"height\":663},{\"@type\":\"BreadcrumbList\",\"@id\":\"https:\/\/www.art-natur.ch\/fr\/produit\/henna-expert-talc\/#breadcrumb\",\"itemListElement\":[{\"@type\":\"ListItem\",\"position\":1,\"name\":\"Home\",\"item\":\"https:\/\/www.art-natur.ch\/fr\/\"},{\"@type\":\"ListItem\",\"position\":2,\"name\":\"Boutique\",\"item\":\"https:\/\/www.art-natur.ch\/shop\/\"},{\"@type\":\"ListItem\",\"position\":3,\"name\":\"HENNA EXPERT Talc\"}]},{\"@type\":\"WebSite\",\"@id\":\"https:\/\/www.art-natur.ch\/fr\/#website\",\"url\":\"https:\/\/www.art-natur.ch\/fr\/\",\"name\":\"LASHES&amp;BROWS by Nataliya Reinhard\",\"description\":\"High-quality lash and brow services with attention to every detail\",\"potentialAction\":[{\"@type\":\"SearchAction\",\"target\":{\"@type\":\"EntryPoint\",\"urlTemplate\":\"https:\/\/www.art-natur.ch\/fr\/?s={search_term_string}\"},\"query-input\":{\"@type\":\"PropertyValueSpecification\",\"valueRequired\":true,\"valueName\":\"search_term_string\"}}],\"inLanguage\":\"fr-FR\"}]}<\/script>\n<!-- \/ Yoast SEO plugin. -->","yoast_head_json":{"title":"HENNA EXPERT Talc - LASHES&amp;BROWS by Nataliya Reinhard","description":"100% talc sans parfums ! Ass\u00e8che rapidement la peau des sourcils pour une correction \u00e0 la cire douce et sans irritation.","robots":{"index":"index","follow":"follow","max-snippet":"max-snippet:-1","max-image-preview":"max-image-preview:large","max-video-preview":"max-video-preview:-1"},"canonical":"https:\/\/www.art-natur.ch\/fr\/produit\/henna-expert-talc\/","og_locale":"fr_FR","og_type":"article","og_title":"HENNA EXPERT Talc - LASHES&amp;BROWS by Nataliya Reinhard","og_description":"100% talc sans parfums ! Ass\u00e8che rapidement la peau des sourcils pour une correction \u00e0 la cire douce et sans irritation.","og_url":"https:\/\/www.art-natur.ch\/fr\/produit\/henna-expert-talc\/","og_site_name":"LASHES&amp;BROWS by Nataliya Reinhard","article_modified_time":"2024-10-25T11:49:38+00:00","og_image":[{"width":682,"height":663,"url":"https:\/\/www.art-natur.ch\/wp-content\/uploads\/2024\/09\/2555177654-Photoroom.png","type":"image\/png"}],"twitter_card":"summary_large_image","schema":{"@context":"https:\/\/schema.org","@graph":[{"@type":"WebPage","@id":"https:\/\/www.art-natur.ch\/fr\/produit\/henna-expert-talc\/","url":"https:\/\/www.art-natur.ch\/fr\/produit\/henna-expert-talc\/","name":"HENNA EXPERT Talc - LASHES&amp;BROWS by Nataliya Reinhard","isPartOf":{"@id":"https:\/\/www.art-natur.ch\/fr\/#website"},"primaryImageOfPage":{"@id":"https:\/\/www.art-natur.ch\/fr\/produit\/henna-expert-talc\/#primaryimage"},"image":{"@id":"https:\/\/www.art-natur.ch\/fr\/produit\/henna-expert-talc\/#primaryimage"},"thumbnailUrl":"https:\/\/www.art-natur.ch\/wp-content\/uploads\/2024\/09\/2555177654-Photoroom.png","datePublished":"2024-09-24T09:37:19+00:00","dateModified":"2024-10-25T11:49:38+00:00","description":"100% talc sans parfums ! Ass\u00e8che rapidement la peau des sourcils pour une correction \u00e0 la cire douce et sans irritation.","breadcrumb":{"@id":"https:\/\/www.art-natur.ch\/fr\/produit\/henna-expert-talc\/#breadcrumb"},"inLanguage":"fr-FR","potentialAction":[{"@type":"ReadAction","target":["https:\/\/www.art-natur.ch\/fr\/produit\/henna-expert-talc\/"]}]},{"@type":"ImageObject","inLanguage":"fr-FR","@id":"https:\/\/www.art-natur.ch\/fr\/produit\/henna-expert-talc\/#primaryimage","url":"https:\/\/www.art-natur.ch\/wp-content\/uploads\/2024\/09\/2555177654-Photoroom.png","contentUrl":"https:\/\/www.art-natur.ch\/wp-content\/uploads\/2024\/09\/2555177654-Photoroom.png","width":682,"height":663},{"@type":"BreadcrumbList","@id":"https:\/\/www.art-natur.ch\/fr\/produit\/henna-expert-talc\/#breadcrumb","itemListElement":[{"@type":"ListItem","position":1,"name":"Home","item":"https:\/\/www.art-natur.ch\/fr\/"},{"@type":"ListItem","position":2,"name":"Boutique","item":"https:\/\/www.art-natur.ch\/shop\/"},{"@type":"ListItem","position":3,"name":"HENNA EXPERT Talc"}]},{"@type":"WebSite","@id":"https:\/\/www.art-natur.ch\/fr\/#website","url":"https:\/\/www.art-natur.ch\/fr\/","name":"LASHES&amp;BROWS by Nataliya Reinhard","description":"High-quality lash and brow services with attention to every detail","potentialAction":[{"@type":"SearchAction","target":{"@type":"EntryPoint","urlTemplate":"https:\/\/www.art-natur.ch\/fr\/?s={search_term_string}"},"query-input":{"@type":"PropertyValueSpecification","valueRequired":true,"valueName":"search_term_string"}}],"inLanguage":"fr-FR"}]}},"_links":{"self":[{"href":"https:\/\/www.art-natur.ch\/fr\/wp-json\/wp\/v2\/product\/1311","targetHints":{"allow":["GET"]}}],"collection":[{"href":"https:\/\/www.art-natur.ch\/fr\/wp-json\/wp\/v2\/product"}],"about":[{"href":"https:\/\/www.art-natur.ch\/fr\/wp-json\/wp\/v2\/types\/product"}],"wp:featuredmedia":[{"embeddable":true,"href":"https:\/\/www.art-natur.ch\/fr\/wp-json\/wp\/v2\/media\/8162"}],"wp:attachment":[{"href":"https:\/\/www.art-natur.ch\/fr\/wp-json\/wp\/v2\/media?parent=1311"}],"wp:term":[{"taxonomy":"product_cat","embeddable":true,"href":"https:\/\/www.art-natur.ch\/fr\/wp-json\/wp\/v2\/product_cat?post=1311"},{"taxonomy":"product_tag","embeddable":true,"href":"https:\/\/www.art-natur.ch\/fr\/wp-json\/wp\/v2\/product_tag?post=1311"}],"curies":[{"name":"wp","href":"https:\/\/api.w.org\/{rel}","templated":true}]}}