{"id":1330,"date":"2024-09-24T11:47:05","date_gmt":"2024-09-24T09:47:05","guid":{"rendered":"https:\/\/www.art-natur.ch\/product\/henne-expert-pour-les-sourcils-classic-blonde\/"},"modified":"2024-10-25T13:49:38","modified_gmt":"2024-10-25T11:49:38","slug":"henne-expert-pour-les-sourcils-classic-blonde","status":"publish","type":"product","link":"https:\/\/www.art-natur.ch\/fr\/produit\/henne-expert-pour-les-sourcils-classic-blonde\/","title":{"rendered":"Henn\u00e9 Expert pour les sourcils (Classic Blonde)"},"content":{"rendered":"<p>Le henn\u00e9 HENNA EXPERT est id\u00e9al pour une coloration permanente et douce des sourcils. Un henn\u00e9 de qualit\u00e9, facile \u00e0 utiliser, \u00e0 un prix agr\u00e9able et un r\u00e9sultat de traitement luxueux.<\/p>\n<p>&#8211; 8 teintes naturelles pour un rep\u00e9rage pr\u00e9cis des couleurs<br \/>\n&#8211; Jusqu&rsquo;\u00e0 1,5 mois de solidit\u00e9 des couleurs sur les cheveux et 2 semaines sur la peau.<br \/>\n&#8211; Ingr\u00e9dients naturels et hypoallerg\u00e9niques<br \/>\n&#8211; Couleur sans oxydants, le henn\u00e9 est dilu\u00e9 dans l&rsquo;eau.<br \/>\n&#8211; Un paquet (3g) couvre 60 traitements<br \/>\n&#8211; Seulement 7 roubles &#8211; le co\u00fbt du traitement avec les produits Henna Expert<\/p>\n","protected":false},"excerpt":{"rendered":"<p>Le henn\u00e9 HENNA EXPERT est id\u00e9al pour une coloration permanente et douce des sourcils. Un henn\u00e9 de qualit\u00e9, facile \u00e0 utiliser, \u00e0 un prix agr\u00e9able et un r\u00e9sultat de traitement luxueux. &#8211; 8 teintes naturelles pour un rep\u00e9rage pr\u00e9cis des couleurs &#8211; Jusqu&rsquo;\u00e0 1,5 mois de solidit\u00e9 des couleurs sur les cheveux et 2 semaines [&hellip;]<\/p>\n","protected":false},"featured_media":8154,"template":"","meta":{"_acf_changed":false,"inline_featured_image":false},"product_cat":[119,121,538,537],"product_tag":[],"class_list":{"0":"post-1330","1":"product","2":"type-product","3":"status-publish","4":"has-post-thumbnail","6":"product_brand-henna-expert","7":"product_cat-coloration-et-correction-des-sourcils","8":"product_cat-henne-pour-les-sourcils","9":"product_cat-promotions","10":"product_cat-promotion","12":"first","13":"instock","14":"sale","15":"shipping-taxable","16":"purchasable","17":"product-type-simple"},"acf":[],"yoast_head":"<!-- This site is optimized with the Yoast SEO plugin v26.6 - https:\/\/yoast.com\/wordpress\/plugins\/seo\/ -->\n<title>Henn\u00e9 Expert pour les sourcils (Classic Blonde) - LASHES&amp;BROWS by Nataliya Reinhard<\/title>\n<meta name=\"description\" content=\"Le henn\u00e9 HENNA EXPERT est parfait pour une coloration permanente et douce des sourcils. 8 teintes naturelles, dur\u00e9e jusqu&#039;\u00e0 1,5 mois.\" \/>\n<meta name=\"robots\" content=\"index, follow, max-snippet:-1, max-image-preview:large, max-video-preview:-1\" \/>\n<link rel=\"canonical\" href=\"https:\/\/www.art-natur.ch\/fr\/produit\/henne-expert-pour-les-sourcils-classic-blonde\/\" \/>\n<meta property=\"og:locale\" content=\"fr_FR\" \/>\n<meta property=\"og:type\" content=\"article\" \/>\n<meta property=\"og:title\" content=\"Henn\u00e9 Expert pour les sourcils (Classic Blonde) - LASHES&amp;BROWS by Nataliya Reinhard\" \/>\n<meta property=\"og:description\" content=\"Le henn\u00e9 HENNA EXPERT est parfait pour une coloration permanente et douce des sourcils. 8 teintes naturelles, dur\u00e9e jusqu&#039;\u00e0 1,5 mois.\" \/>\n<meta property=\"og:url\" content=\"https:\/\/www.art-natur.ch\/fr\/produit\/henne-expert-pour-les-sourcils-classic-blonde\/\" \/>\n<meta property=\"og:site_name\" content=\"LASHES&amp;BROWS by Nataliya Reinhard\" \/>\n<meta property=\"article:modified_time\" content=\"2024-10-25T11:49:38+00:00\" \/>\n<meta property=\"og:image\" content=\"https:\/\/www.art-natur.ch\/wp-content\/uploads\/2024\/09\/2588813108-Photoroom.png\" \/>\n\t<meta property=\"og:image:width\" content=\"1280\" \/>\n\t<meta property=\"og:image:height\" content=\"1280\" \/>\n\t<meta property=\"og:image:type\" content=\"image\/png\" \/>\n<meta name=\"twitter:card\" content=\"summary_large_image\" \/>\n<script type=\"application\/ld+json\" class=\"yoast-schema-graph\">{\"@context\":\"https:\/\/schema.org\",\"@graph\":[{\"@type\":\"WebPage\",\"@id\":\"https:\/\/www.art-natur.ch\/fr\/produit\/henne-expert-pour-les-sourcils-classic-blonde\/\",\"url\":\"https:\/\/www.art-natur.ch\/fr\/produit\/henne-expert-pour-les-sourcils-classic-blonde\/\",\"name\":\"Henn\u00e9 Expert pour les sourcils (Classic Blonde) - LASHES&amp;BROWS by Nataliya Reinhard\",\"isPartOf\":{\"@id\":\"https:\/\/www.art-natur.ch\/fr\/#website\"},\"primaryImageOfPage\":{\"@id\":\"https:\/\/www.art-natur.ch\/fr\/produit\/henne-expert-pour-les-sourcils-classic-blonde\/#primaryimage\"},\"image\":{\"@id\":\"https:\/\/www.art-natur.ch\/fr\/produit\/henne-expert-pour-les-sourcils-classic-blonde\/#primaryimage\"},\"thumbnailUrl\":\"https:\/\/www.art-natur.ch\/wp-content\/uploads\/2024\/09\/2588813108-Photoroom.png\",\"datePublished\":\"2024-09-24T09:47:05+00:00\",\"dateModified\":\"2024-10-25T11:49:38+00:00\",\"description\":\"Le henn\u00e9 HENNA EXPERT est parfait pour une coloration permanente et douce des sourcils. 8 teintes naturelles, dur\u00e9e jusqu'\u00e0 1,5 mois.\",\"breadcrumb\":{\"@id\":\"https:\/\/www.art-natur.ch\/fr\/produit\/henne-expert-pour-les-sourcils-classic-blonde\/#breadcrumb\"},\"inLanguage\":\"fr-FR\",\"potentialAction\":[{\"@type\":\"ReadAction\",\"target\":[\"https:\/\/www.art-natur.ch\/fr\/produit\/henne-expert-pour-les-sourcils-classic-blonde\/\"]}]},{\"@type\":\"ImageObject\",\"inLanguage\":\"fr-FR\",\"@id\":\"https:\/\/www.art-natur.ch\/fr\/produit\/henne-expert-pour-les-sourcils-classic-blonde\/#primaryimage\",\"url\":\"https:\/\/www.art-natur.ch\/wp-content\/uploads\/2024\/09\/2588813108-Photoroom.png\",\"contentUrl\":\"https:\/\/www.art-natur.ch\/wp-content\/uploads\/2024\/09\/2588813108-Photoroom.png\",\"width\":1280,\"height\":1280},{\"@type\":\"BreadcrumbList\",\"@id\":\"https:\/\/www.art-natur.ch\/fr\/produit\/henne-expert-pour-les-sourcils-classic-blonde\/#breadcrumb\",\"itemListElement\":[{\"@type\":\"ListItem\",\"position\":1,\"name\":\"Home\",\"item\":\"https:\/\/www.art-natur.ch\/fr\/\"},{\"@type\":\"ListItem\",\"position\":2,\"name\":\"Boutique\",\"item\":\"https:\/\/www.art-natur.ch\/shop\/\"},{\"@type\":\"ListItem\",\"position\":3,\"name\":\"Henn\u00e9 Expert pour les sourcils (Classic Blonde)\"}]},{\"@type\":\"WebSite\",\"@id\":\"https:\/\/www.art-natur.ch\/fr\/#website\",\"url\":\"https:\/\/www.art-natur.ch\/fr\/\",\"name\":\"LASHES&amp;BROWS by Nataliya Reinhard\",\"description\":\"High-quality lash and brow services with attention to every detail\",\"potentialAction\":[{\"@type\":\"SearchAction\",\"target\":{\"@type\":\"EntryPoint\",\"urlTemplate\":\"https:\/\/www.art-natur.ch\/fr\/?s={search_term_string}\"},\"query-input\":{\"@type\":\"PropertyValueSpecification\",\"valueRequired\":true,\"valueName\":\"search_term_string\"}}],\"inLanguage\":\"fr-FR\"}]}<\/script>\n<!-- \/ Yoast SEO plugin. -->","yoast_head_json":{"title":"Henn\u00e9 Expert pour les sourcils (Classic Blonde) - LASHES&amp;BROWS by Nataliya Reinhard","description":"Le henn\u00e9 HENNA EXPERT est parfait pour une coloration permanente et douce des sourcils. 8 teintes naturelles, dur\u00e9e jusqu'\u00e0 1,5 mois.","robots":{"index":"index","follow":"follow","max-snippet":"max-snippet:-1","max-image-preview":"max-image-preview:large","max-video-preview":"max-video-preview:-1"},"canonical":"https:\/\/www.art-natur.ch\/fr\/produit\/henne-expert-pour-les-sourcils-classic-blonde\/","og_locale":"fr_FR","og_type":"article","og_title":"Henn\u00e9 Expert pour les sourcils (Classic Blonde) - LASHES&amp;BROWS by Nataliya Reinhard","og_description":"Le henn\u00e9 HENNA EXPERT est parfait pour une coloration permanente et douce des sourcils. 8 teintes naturelles, dur\u00e9e jusqu'\u00e0 1,5 mois.","og_url":"https:\/\/www.art-natur.ch\/fr\/produit\/henne-expert-pour-les-sourcils-classic-blonde\/","og_site_name":"LASHES&amp;BROWS by Nataliya Reinhard","article_modified_time":"2024-10-25T11:49:38+00:00","og_image":[{"width":1280,"height":1280,"url":"https:\/\/www.art-natur.ch\/wp-content\/uploads\/2024\/09\/2588813108-Photoroom.png","type":"image\/png"}],"twitter_card":"summary_large_image","schema":{"@context":"https:\/\/schema.org","@graph":[{"@type":"WebPage","@id":"https:\/\/www.art-natur.ch\/fr\/produit\/henne-expert-pour-les-sourcils-classic-blonde\/","url":"https:\/\/www.art-natur.ch\/fr\/produit\/henne-expert-pour-les-sourcils-classic-blonde\/","name":"Henn\u00e9 Expert pour les sourcils (Classic Blonde) - LASHES&amp;BROWS by Nataliya Reinhard","isPartOf":{"@id":"https:\/\/www.art-natur.ch\/fr\/#website"},"primaryImageOfPage":{"@id":"https:\/\/www.art-natur.ch\/fr\/produit\/henne-expert-pour-les-sourcils-classic-blonde\/#primaryimage"},"image":{"@id":"https:\/\/www.art-natur.ch\/fr\/produit\/henne-expert-pour-les-sourcils-classic-blonde\/#primaryimage"},"thumbnailUrl":"https:\/\/www.art-natur.ch\/wp-content\/uploads\/2024\/09\/2588813108-Photoroom.png","datePublished":"2024-09-24T09:47:05+00:00","dateModified":"2024-10-25T11:49:38+00:00","description":"Le henn\u00e9 HENNA EXPERT est parfait pour une coloration permanente et douce des sourcils. 8 teintes naturelles, dur\u00e9e jusqu'\u00e0 1,5 mois.","breadcrumb":{"@id":"https:\/\/www.art-natur.ch\/fr\/produit\/henne-expert-pour-les-sourcils-classic-blonde\/#breadcrumb"},"inLanguage":"fr-FR","potentialAction":[{"@type":"ReadAction","target":["https:\/\/www.art-natur.ch\/fr\/produit\/henne-expert-pour-les-sourcils-classic-blonde\/"]}]},{"@type":"ImageObject","inLanguage":"fr-FR","@id":"https:\/\/www.art-natur.ch\/fr\/produit\/henne-expert-pour-les-sourcils-classic-blonde\/#primaryimage","url":"https:\/\/www.art-natur.ch\/wp-content\/uploads\/2024\/09\/2588813108-Photoroom.png","contentUrl":"https:\/\/www.art-natur.ch\/wp-content\/uploads\/2024\/09\/2588813108-Photoroom.png","width":1280,"height":1280},{"@type":"BreadcrumbList","@id":"https:\/\/www.art-natur.ch\/fr\/produit\/henne-expert-pour-les-sourcils-classic-blonde\/#breadcrumb","itemListElement":[{"@type":"ListItem","position":1,"name":"Home","item":"https:\/\/www.art-natur.ch\/fr\/"},{"@type":"ListItem","position":2,"name":"Boutique","item":"https:\/\/www.art-natur.ch\/shop\/"},{"@type":"ListItem","position":3,"name":"Henn\u00e9 Expert pour les sourcils (Classic Blonde)"}]},{"@type":"WebSite","@id":"https:\/\/www.art-natur.ch\/fr\/#website","url":"https:\/\/www.art-natur.ch\/fr\/","name":"LASHES&amp;BROWS by Nataliya Reinhard","description":"High-quality lash and brow services with attention to every detail","potentialAction":[{"@type":"SearchAction","target":{"@type":"EntryPoint","urlTemplate":"https:\/\/www.art-natur.ch\/fr\/?s={search_term_string}"},"query-input":{"@type":"PropertyValueSpecification","valueRequired":true,"valueName":"search_term_string"}}],"inLanguage":"fr-FR"}]}},"_links":{"self":[{"href":"https:\/\/www.art-natur.ch\/fr\/wp-json\/wp\/v2\/product\/1330","targetHints":{"allow":["GET"]}}],"collection":[{"href":"https:\/\/www.art-natur.ch\/fr\/wp-json\/wp\/v2\/product"}],"about":[{"href":"https:\/\/www.art-natur.ch\/fr\/wp-json\/wp\/v2\/types\/product"}],"wp:featuredmedia":[{"embeddable":true,"href":"https:\/\/www.art-natur.ch\/fr\/wp-json\/wp\/v2\/media\/8154"}],"wp:attachment":[{"href":"https:\/\/www.art-natur.ch\/fr\/wp-json\/wp\/v2\/media?parent=1330"}],"wp:term":[{"taxonomy":"product_cat","embeddable":true,"href":"https:\/\/www.art-natur.ch\/fr\/wp-json\/wp\/v2\/product_cat?post=1330"},{"taxonomy":"product_tag","embeddable":true,"href":"https:\/\/www.art-natur.ch\/fr\/wp-json\/wp\/v2\/product_tag?post=1330"}],"curies":[{"name":"wp","href":"https:\/\/api.w.org\/{rel}","templated":true}]}}