{"id":1337,"date":"2024-09-24T16:05:29","date_gmt":"2024-09-24T15:05:29","guid":{"rendered":"https:\/\/www.art-natur.ch\/product\/inlei-black-pad-tampons-protecteurs-en-silicone-a-usages-multiples\/"},"modified":"2024-10-13T23:39:43","modified_gmt":"2024-10-13T21:39:43","slug":"inlei-black-pad-tampons-protecteurs-en-silicone-a-usages-multiples","status":"publish","type":"product","link":"https:\/\/www.art-natur.ch\/fr\/produit\/inlei-black-pad-tampons-protecteurs-en-silicone-a-usages-multiples\/","title":{"rendered":"InLei \u00ab\u00a0BLACK PAD\u00a0\u00bb Tampons protecteurs en silicone \u00e0 usages multiples"},"content":{"rendered":"<p>Tampons de protection polyvalents pour la peau pendant la teinture des cils et le traitement Lash Filler.<\/p>\n<p>Comment l&rsquo;utiliser :<\/p>\n<p>Nettoyez le contour des yeux avec la Mousse InLei\u00ae, rincez et s\u00e9chez soigneusement la peau. Placez InLei\u00ae Black PAD sur la peau sous l&rsquo;\u0153il et traitez. Une fois retir\u00e9s, lavez les Black PADs \u00e0 l&rsquo;eau et d\u00e9sinfectez-les avec InLei\u00ae F Plus.<\/p>\n","protected":false},"excerpt":{"rendered":"<p>Tampons de protection polyvalents pour la peau pendant la teinture des cils et le traitement Lash Filler. Comment l&rsquo;utiliser : Nettoyez le contour des yeux avec la Mousse InLei\u00ae, rincez et s\u00e9chez soigneusement la peau. Placez InLei\u00ae Black PAD sur la peau sous l&rsquo;\u0153il et traitez. Une fois retir\u00e9s, lavez les Black PADs \u00e0 l&rsquo;eau [&hellip;]<\/p>\n","protected":false},"featured_media":8142,"template":"","meta":{"_acf_changed":false,"inline_featured_image":false},"product_cat":[150,160,193,205],"product_tag":[],"class_list":{"0":"post-1337","1":"product","2":"type-product","3":"status-publish","4":"has-post-thumbnail","6":"product_brand-in-lei","7":"product_cat-rehaussement-des-cils","8":"product_cat-outil","9":"product_cat-produits-connexes","10":"product_cat-isolement-des-cils-inferieurs","12":"first","13":"instock","14":"shipping-taxable","15":"purchasable","16":"product-type-simple"},"acf":[],"yoast_head":"<!-- This site is optimized with the Yoast SEO plugin v26.6 - https:\/\/yoast.com\/wordpress\/plugins\/seo\/ -->\n<title>InLei &quot;BLACK PAD&quot; Tampons protecteurs en silicone \u00e0 usages multiples - LASHES&amp;BROWS by Nataliya Reinhard<\/title>\n<meta name=\"description\" content=\"Tampons de protection polyvalents pour la teinture des cils et le Lash Filler. Nettoyez, appliquez, puis d\u00e9sinfectez avec InLei\u00ae F Plus apr\u00e8s usage.\" \/>\n<meta name=\"robots\" content=\"index, follow, max-snippet:-1, max-image-preview:large, max-video-preview:-1\" \/>\n<link rel=\"canonical\" href=\"https:\/\/www.art-natur.ch\/fr\/produit\/inlei-black-pad-tampons-protecteurs-en-silicone-a-usages-multiples\/\" \/>\n<meta property=\"og:locale\" content=\"fr_FR\" \/>\n<meta property=\"og:type\" content=\"article\" \/>\n<meta property=\"og:title\" content=\"InLei &quot;BLACK PAD&quot; Tampons protecteurs en silicone \u00e0 usages multiples - LASHES&amp;BROWS by Nataliya Reinhard\" \/>\n<meta property=\"og:description\" content=\"Tampons de protection polyvalents pour la teinture des cils et le Lash Filler. Nettoyez, appliquez, puis d\u00e9sinfectez avec InLei\u00ae F Plus apr\u00e8s usage.\" \/>\n<meta property=\"og:url\" content=\"https:\/\/www.art-natur.ch\/fr\/produit\/inlei-black-pad-tampons-protecteurs-en-silicone-a-usages-multiples\/\" \/>\n<meta property=\"og:site_name\" content=\"LASHES&amp;BROWS by Nataliya Reinhard\" \/>\n<meta property=\"article:modified_time\" content=\"2024-10-13T21:39:43+00:00\" \/>\n<meta property=\"og:image\" content=\"https:\/\/www.art-natur.ch\/wp-content\/uploads\/2024\/09\/2520961474-Photoroom.png\" \/>\n\t<meta property=\"og:image:width\" content=\"720\" \/>\n\t<meta property=\"og:image:height\" content=\"720\" \/>\n\t<meta property=\"og:image:type\" content=\"image\/png\" \/>\n<meta name=\"twitter:card\" content=\"summary_large_image\" \/>\n<script type=\"application\/ld+json\" class=\"yoast-schema-graph\">{\"@context\":\"https:\/\/schema.org\",\"@graph\":[{\"@type\":\"WebPage\",\"@id\":\"https:\/\/www.art-natur.ch\/fr\/produit\/inlei-black-pad-tampons-protecteurs-en-silicone-a-usages-multiples\/\",\"url\":\"https:\/\/www.art-natur.ch\/fr\/produit\/inlei-black-pad-tampons-protecteurs-en-silicone-a-usages-multiples\/\",\"name\":\"InLei \\\"BLACK PAD\\\" Tampons protecteurs en silicone \u00e0 usages multiples - LASHES&amp;BROWS by Nataliya Reinhard\",\"isPartOf\":{\"@id\":\"https:\/\/www.art-natur.ch\/fr\/#website\"},\"primaryImageOfPage\":{\"@id\":\"https:\/\/www.art-natur.ch\/fr\/produit\/inlei-black-pad-tampons-protecteurs-en-silicone-a-usages-multiples\/#primaryimage\"},\"image\":{\"@id\":\"https:\/\/www.art-natur.ch\/fr\/produit\/inlei-black-pad-tampons-protecteurs-en-silicone-a-usages-multiples\/#primaryimage\"},\"thumbnailUrl\":\"https:\/\/www.art-natur.ch\/wp-content\/uploads\/2024\/09\/2520961474-Photoroom.png\",\"datePublished\":\"2024-09-24T15:05:29+00:00\",\"dateModified\":\"2024-10-13T21:39:43+00:00\",\"description\":\"Tampons de protection polyvalents pour la teinture des cils et le Lash Filler. Nettoyez, appliquez, puis d\u00e9sinfectez avec InLei\u00ae F Plus apr\u00e8s usage.\",\"breadcrumb\":{\"@id\":\"https:\/\/www.art-natur.ch\/fr\/produit\/inlei-black-pad-tampons-protecteurs-en-silicone-a-usages-multiples\/#breadcrumb\"},\"inLanguage\":\"fr-FR\",\"potentialAction\":[{\"@type\":\"ReadAction\",\"target\":[\"https:\/\/www.art-natur.ch\/fr\/produit\/inlei-black-pad-tampons-protecteurs-en-silicone-a-usages-multiples\/\"]}]},{\"@type\":\"ImageObject\",\"inLanguage\":\"fr-FR\",\"@id\":\"https:\/\/www.art-natur.ch\/fr\/produit\/inlei-black-pad-tampons-protecteurs-en-silicone-a-usages-multiples\/#primaryimage\",\"url\":\"https:\/\/www.art-natur.ch\/wp-content\/uploads\/2024\/09\/2520961474-Photoroom.png\",\"contentUrl\":\"https:\/\/www.art-natur.ch\/wp-content\/uploads\/2024\/09\/2520961474-Photoroom.png\",\"width\":720,\"height\":720},{\"@type\":\"BreadcrumbList\",\"@id\":\"https:\/\/www.art-natur.ch\/fr\/produit\/inlei-black-pad-tampons-protecteurs-en-silicone-a-usages-multiples\/#breadcrumb\",\"itemListElement\":[{\"@type\":\"ListItem\",\"position\":1,\"name\":\"Home\",\"item\":\"https:\/\/www.art-natur.ch\/fr\/\"},{\"@type\":\"ListItem\",\"position\":2,\"name\":\"Boutique\",\"item\":\"https:\/\/www.art-natur.ch\/shop\/\"},{\"@type\":\"ListItem\",\"position\":3,\"name\":\"InLei &#8222;BLACK PAD&#8220; Tampons protecteurs en silicone \u00e0 usages multiples\"}]},{\"@type\":\"WebSite\",\"@id\":\"https:\/\/www.art-natur.ch\/fr\/#website\",\"url\":\"https:\/\/www.art-natur.ch\/fr\/\",\"name\":\"LASHES&amp;BROWS by Nataliya Reinhard\",\"description\":\"High-quality lash and brow services with attention to every detail\",\"potentialAction\":[{\"@type\":\"SearchAction\",\"target\":{\"@type\":\"EntryPoint\",\"urlTemplate\":\"https:\/\/www.art-natur.ch\/fr\/?s={search_term_string}\"},\"query-input\":{\"@type\":\"PropertyValueSpecification\",\"valueRequired\":true,\"valueName\":\"search_term_string\"}}],\"inLanguage\":\"fr-FR\"}]}<\/script>\n<!-- \/ Yoast SEO plugin. -->","yoast_head_json":{"title":"InLei \"BLACK PAD\" Tampons protecteurs en silicone \u00e0 usages multiples - LASHES&amp;BROWS by Nataliya Reinhard","description":"Tampons de protection polyvalents pour la teinture des cils et le Lash Filler. Nettoyez, appliquez, puis d\u00e9sinfectez avec InLei\u00ae F Plus apr\u00e8s usage.","robots":{"index":"index","follow":"follow","max-snippet":"max-snippet:-1","max-image-preview":"max-image-preview:large","max-video-preview":"max-video-preview:-1"},"canonical":"https:\/\/www.art-natur.ch\/fr\/produit\/inlei-black-pad-tampons-protecteurs-en-silicone-a-usages-multiples\/","og_locale":"fr_FR","og_type":"article","og_title":"InLei \"BLACK PAD\" Tampons protecteurs en silicone \u00e0 usages multiples - LASHES&amp;BROWS by Nataliya Reinhard","og_description":"Tampons de protection polyvalents pour la teinture des cils et le Lash Filler. Nettoyez, appliquez, puis d\u00e9sinfectez avec InLei\u00ae F Plus apr\u00e8s usage.","og_url":"https:\/\/www.art-natur.ch\/fr\/produit\/inlei-black-pad-tampons-protecteurs-en-silicone-a-usages-multiples\/","og_site_name":"LASHES&amp;BROWS by Nataliya Reinhard","article_modified_time":"2024-10-13T21:39:43+00:00","og_image":[{"width":720,"height":720,"url":"https:\/\/www.art-natur.ch\/wp-content\/uploads\/2024\/09\/2520961474-Photoroom.png","type":"image\/png"}],"twitter_card":"summary_large_image","schema":{"@context":"https:\/\/schema.org","@graph":[{"@type":"WebPage","@id":"https:\/\/www.art-natur.ch\/fr\/produit\/inlei-black-pad-tampons-protecteurs-en-silicone-a-usages-multiples\/","url":"https:\/\/www.art-natur.ch\/fr\/produit\/inlei-black-pad-tampons-protecteurs-en-silicone-a-usages-multiples\/","name":"InLei \"BLACK PAD\" Tampons protecteurs en silicone \u00e0 usages multiples - LASHES&amp;BROWS by Nataliya Reinhard","isPartOf":{"@id":"https:\/\/www.art-natur.ch\/fr\/#website"},"primaryImageOfPage":{"@id":"https:\/\/www.art-natur.ch\/fr\/produit\/inlei-black-pad-tampons-protecteurs-en-silicone-a-usages-multiples\/#primaryimage"},"image":{"@id":"https:\/\/www.art-natur.ch\/fr\/produit\/inlei-black-pad-tampons-protecteurs-en-silicone-a-usages-multiples\/#primaryimage"},"thumbnailUrl":"https:\/\/www.art-natur.ch\/wp-content\/uploads\/2024\/09\/2520961474-Photoroom.png","datePublished":"2024-09-24T15:05:29+00:00","dateModified":"2024-10-13T21:39:43+00:00","description":"Tampons de protection polyvalents pour la teinture des cils et le Lash Filler. Nettoyez, appliquez, puis d\u00e9sinfectez avec InLei\u00ae F Plus apr\u00e8s usage.","breadcrumb":{"@id":"https:\/\/www.art-natur.ch\/fr\/produit\/inlei-black-pad-tampons-protecteurs-en-silicone-a-usages-multiples\/#breadcrumb"},"inLanguage":"fr-FR","potentialAction":[{"@type":"ReadAction","target":["https:\/\/www.art-natur.ch\/fr\/produit\/inlei-black-pad-tampons-protecteurs-en-silicone-a-usages-multiples\/"]}]},{"@type":"ImageObject","inLanguage":"fr-FR","@id":"https:\/\/www.art-natur.ch\/fr\/produit\/inlei-black-pad-tampons-protecteurs-en-silicone-a-usages-multiples\/#primaryimage","url":"https:\/\/www.art-natur.ch\/wp-content\/uploads\/2024\/09\/2520961474-Photoroom.png","contentUrl":"https:\/\/www.art-natur.ch\/wp-content\/uploads\/2024\/09\/2520961474-Photoroom.png","width":720,"height":720},{"@type":"BreadcrumbList","@id":"https:\/\/www.art-natur.ch\/fr\/produit\/inlei-black-pad-tampons-protecteurs-en-silicone-a-usages-multiples\/#breadcrumb","itemListElement":[{"@type":"ListItem","position":1,"name":"Home","item":"https:\/\/www.art-natur.ch\/fr\/"},{"@type":"ListItem","position":2,"name":"Boutique","item":"https:\/\/www.art-natur.ch\/shop\/"},{"@type":"ListItem","position":3,"name":"InLei &#8222;BLACK PAD&#8220; Tampons protecteurs en silicone \u00e0 usages multiples"}]},{"@type":"WebSite","@id":"https:\/\/www.art-natur.ch\/fr\/#website","url":"https:\/\/www.art-natur.ch\/fr\/","name":"LASHES&amp;BROWS by Nataliya Reinhard","description":"High-quality lash and brow services with attention to every detail","potentialAction":[{"@type":"SearchAction","target":{"@type":"EntryPoint","urlTemplate":"https:\/\/www.art-natur.ch\/fr\/?s={search_term_string}"},"query-input":{"@type":"PropertyValueSpecification","valueRequired":true,"valueName":"search_term_string"}}],"inLanguage":"fr-FR"}]}},"_links":{"self":[{"href":"https:\/\/www.art-natur.ch\/fr\/wp-json\/wp\/v2\/product\/1337","targetHints":{"allow":["GET"]}}],"collection":[{"href":"https:\/\/www.art-natur.ch\/fr\/wp-json\/wp\/v2\/product"}],"about":[{"href":"https:\/\/www.art-natur.ch\/fr\/wp-json\/wp\/v2\/types\/product"}],"wp:featuredmedia":[{"embeddable":true,"href":"https:\/\/www.art-natur.ch\/fr\/wp-json\/wp\/v2\/media\/8142"}],"wp:attachment":[{"href":"https:\/\/www.art-natur.ch\/fr\/wp-json\/wp\/v2\/media?parent=1337"}],"wp:term":[{"taxonomy":"product_cat","embeddable":true,"href":"https:\/\/www.art-natur.ch\/fr\/wp-json\/wp\/v2\/product_cat?post=1337"},{"taxonomy":"product_tag","embeddable":true,"href":"https:\/\/www.art-natur.ch\/fr\/wp-json\/wp\/v2\/product_tag?post=1337"}],"curies":[{"name":"wp","href":"https:\/\/api.w.org\/{rel}","templated":true}]}}