{"id":1345,"date":"2024-09-24T16:13:31","date_gmt":"2024-09-24T14:13:31","guid":{"rendered":"https:\/\/www.art-natur.ch\/product\/inlei-blue-night-teinture-pour-cils-et-sourcils-a-lhuile-dargan-de-couleur-bleu-noir\/"},"modified":"2025-01-18T21:22:52","modified_gmt":"2025-01-18T20:22:52","slug":"inlei-blue-night-teinture-pour-cils-et-sourcils-a-lhuile-dargan-de-couleur-bleu-noir","status":"publish","type":"product","link":"https:\/\/www.art-natur.ch\/fr\/produit\/inlei-blue-night-teinture-pour-cils-et-sourcils-a-lhuile-dargan-de-couleur-bleu-noir\/","title":{"rendered":"InLei \u00ab\u00a0BLUE NIGHT\u00a0\u00bb &#8211; Teinture pour cils et sourcils \u00e0 l&rsquo;huile d&rsquo;Argan, de couleur bleu-noir."},"content":{"rendered":"<p>Teinture pour cils et sourcils InLei\u00ae bleu-noir \u00e0 haut pouvoir couvrant, une couleur sp\u00e9ciale pour accentuer les sourcils clairs ou colorer de fa\u00e7on permanente les cils et les sourcils pour les harmoniser avec toute couleur de cheveux.<\/p>\n<p>Les teintes de sourcils IN LEI\u00ae sont structur\u00e9es avec une formule efficace mais douce. La formulation sp\u00e9ciale, riche en cires d&rsquo;origine v\u00e9g\u00e9tale, permet au produit de p\u00e9n\u00e9trer compl\u00e8tement dans la structure capillaire des cils et des sourcils et garantit le d\u00e9veloppement de nuances intenses et durables.<\/p>\n<p>Gr\u00e2ce \u00e0 un m\u00e9lange savant des ingr\u00e9dients et \u00e0 l&rsquo;utilisation de pigments de haute puret\u00e9, les teintures IN LEI\u00ae sont en mesure de garantir une couleur stable et intense.<\/p>\n<p>Les colorants IN LEI\u00ae persistent dans les poils des cils et des sourcils jusqu&rsquo;\u00e0 6 semaines et sur la peau jusqu&rsquo;\u00e0 6-8 jours. Utilisez le colorant avec la CREME DEVELOPER IN LEI\u00ae 1,5% 5 Vol. pour obtenir une texture cr\u00e9meuse et enveloppante. La ligne de teinture IN LEI\u00ae est \u00e9galement sp\u00e9cialement con\u00e7ue pour \u00eatre utilis\u00e9e avec le traitement IN LEI\u00ae \u00ab\u00a0Lash Filler\u00a0\u00bb. Le colorant illumine le cheveu d&rsquo;une couleur chatoyante et joue un r\u00f4le important dans le processus d&rsquo;ouverture des \u00e9cailles du cheveu pendant la phase d&rsquo;\u00e9paississement du cheveu par le Filler. Ne contient pas d&rsquo;ammoniac.<\/p>\n","protected":false},"excerpt":{"rendered":"<p>Teinture pour cils et sourcils InLei\u00ae bleu-noir \u00e0 haut pouvoir couvrant, une couleur sp\u00e9ciale pour accentuer les sourcils clairs ou colorer de fa\u00e7on permanente les cils et les sourcils pour les harmoniser avec toute couleur de cheveux. Les teintes de sourcils IN LEI\u00ae sont structur\u00e9es avec une formule efficace mais douce. La formulation sp\u00e9ciale, riche [&hellip;]<\/p>\n","protected":false},"featured_media":8138,"template":"","meta":{"_acf_changed":false,"inline_featured_image":false},"product_cat":[119,124,150,162,166,647],"product_tag":[],"class_list":{"0":"post-1345","1":"product","2":"type-product","3":"status-publish","4":"has-post-thumbnail","6":"product_brand-in-lei","7":"product_cat-coloration-et-correction-des-sourcils","8":"product_cat-produits-de-coloration-des-sourcils","9":"product_cat-rehaussement-des-cils","10":"product_cat-coloration-des-cils","11":"product_cat-coloration","12":"product_cat-produits-pour-teindre-les-sourcils-2","14":"first","15":"instock","16":"shipping-taxable","17":"purchasable","18":"product-type-simple"},"acf":[],"yoast_head":"<!-- This site is optimized with the Yoast SEO plugin v26.6 - https:\/\/yoast.com\/wordpress\/plugins\/seo\/ -->\n<title>InLei &quot;BLUE NIGHT&quot; - Teinture pour cils et sourcils \u00e0 l&#039;huile d&#039;Argan, de couleur bleu-noir. - LASHES&amp;BROWS by Nataliya Reinhard<\/title>\n<meta name=\"description\" content=\"InLei\u00ae teinture bleu-noir pour cils et sourcils avec une haute couvrance. Pour des teintes intenses et durables, jusqu&#039;\u00e0 6 semaines de tenue sur les cheveux.\" \/>\n<meta name=\"robots\" content=\"index, follow, max-snippet:-1, max-image-preview:large, max-video-preview:-1\" \/>\n<link rel=\"canonical\" href=\"https:\/\/www.art-natur.ch\/fr\/produit\/inlei-blue-night-teinture-pour-cils-et-sourcils-a-lhuile-dargan-de-couleur-bleu-noir\/\" \/>\n<meta property=\"og:locale\" content=\"fr_FR\" \/>\n<meta property=\"og:type\" content=\"article\" \/>\n<meta property=\"og:title\" content=\"InLei &quot;BLUE NIGHT&quot; - Teinture pour cils et sourcils \u00e0 l&#039;huile d&#039;Argan, de couleur bleu-noir. - LASHES&amp;BROWS by Nataliya Reinhard\" \/>\n<meta property=\"og:description\" content=\"InLei\u00ae teinture bleu-noir pour cils et sourcils avec une haute couvrance. Pour des teintes intenses et durables, jusqu&#039;\u00e0 6 semaines de tenue sur les cheveux.\" \/>\n<meta property=\"og:url\" content=\"https:\/\/www.art-natur.ch\/fr\/produit\/inlei-blue-night-teinture-pour-cils-et-sourcils-a-lhuile-dargan-de-couleur-bleu-noir\/\" \/>\n<meta property=\"og:site_name\" content=\"LASHES&amp;BROWS by Nataliya Reinhard\" \/>\n<meta property=\"article:modified_time\" content=\"2025-01-18T20:22:52+00:00\" \/>\n<meta property=\"og:image\" content=\"https:\/\/www.art-natur.ch\/wp-content\/uploads\/2024\/09\/2520667804-Photoroom.png\" \/>\n\t<meta property=\"og:image:width\" content=\"720\" \/>\n\t<meta property=\"og:image:height\" content=\"720\" \/>\n\t<meta property=\"og:image:type\" content=\"image\/png\" \/>\n<meta name=\"twitter:card\" content=\"summary_large_image\" \/>\n<meta name=\"twitter:label1\" content=\"Dur\u00e9e de lecture estim\u00e9e\" \/>\n\t<meta name=\"twitter:data1\" content=\"1 minute\" \/>\n<script type=\"application\/ld+json\" class=\"yoast-schema-graph\">{\"@context\":\"https:\/\/schema.org\",\"@graph\":[{\"@type\":\"WebPage\",\"@id\":\"https:\/\/www.art-natur.ch\/fr\/produit\/inlei-blue-night-teinture-pour-cils-et-sourcils-a-lhuile-dargan-de-couleur-bleu-noir\/\",\"url\":\"https:\/\/www.art-natur.ch\/fr\/produit\/inlei-blue-night-teinture-pour-cils-et-sourcils-a-lhuile-dargan-de-couleur-bleu-noir\/\",\"name\":\"InLei \\\"BLUE NIGHT\\\" - Teinture pour cils et sourcils \u00e0 l'huile d'Argan, de couleur bleu-noir. - LASHES&amp;BROWS by Nataliya Reinhard\",\"isPartOf\":{\"@id\":\"https:\/\/www.art-natur.ch\/fr\/#website\"},\"primaryImageOfPage\":{\"@id\":\"https:\/\/www.art-natur.ch\/fr\/produit\/inlei-blue-night-teinture-pour-cils-et-sourcils-a-lhuile-dargan-de-couleur-bleu-noir\/#primaryimage\"},\"image\":{\"@id\":\"https:\/\/www.art-natur.ch\/fr\/produit\/inlei-blue-night-teinture-pour-cils-et-sourcils-a-lhuile-dargan-de-couleur-bleu-noir\/#primaryimage\"},\"thumbnailUrl\":\"https:\/\/www.art-natur.ch\/wp-content\/uploads\/2024\/09\/2520667804-Photoroom.png\",\"datePublished\":\"2024-09-24T14:13:31+00:00\",\"dateModified\":\"2025-01-18T20:22:52+00:00\",\"description\":\"InLei\u00ae teinture bleu-noir pour cils et sourcils avec une haute couvrance. Pour des teintes intenses et durables, jusqu'\u00e0 6 semaines de tenue sur les cheveux.\",\"breadcrumb\":{\"@id\":\"https:\/\/www.art-natur.ch\/fr\/produit\/inlei-blue-night-teinture-pour-cils-et-sourcils-a-lhuile-dargan-de-couleur-bleu-noir\/#breadcrumb\"},\"inLanguage\":\"fr-FR\",\"potentialAction\":[{\"@type\":\"ReadAction\",\"target\":[\"https:\/\/www.art-natur.ch\/fr\/produit\/inlei-blue-night-teinture-pour-cils-et-sourcils-a-lhuile-dargan-de-couleur-bleu-noir\/\"]}]},{\"@type\":\"ImageObject\",\"inLanguage\":\"fr-FR\",\"@id\":\"https:\/\/www.art-natur.ch\/fr\/produit\/inlei-blue-night-teinture-pour-cils-et-sourcils-a-lhuile-dargan-de-couleur-bleu-noir\/#primaryimage\",\"url\":\"https:\/\/www.art-natur.ch\/wp-content\/uploads\/2024\/09\/2520667804-Photoroom.png\",\"contentUrl\":\"https:\/\/www.art-natur.ch\/wp-content\/uploads\/2024\/09\/2520667804-Photoroom.png\",\"width\":720,\"height\":720},{\"@type\":\"BreadcrumbList\",\"@id\":\"https:\/\/www.art-natur.ch\/fr\/produit\/inlei-blue-night-teinture-pour-cils-et-sourcils-a-lhuile-dargan-de-couleur-bleu-noir\/#breadcrumb\",\"itemListElement\":[{\"@type\":\"ListItem\",\"position\":1,\"name\":\"Home\",\"item\":\"https:\/\/www.art-natur.ch\/fr\/\"},{\"@type\":\"ListItem\",\"position\":2,\"name\":\"Boutique\",\"item\":\"https:\/\/www.art-natur.ch\/shop\/\"},{\"@type\":\"ListItem\",\"position\":3,\"name\":\"InLei &#8222;BLUE NIGHT&#8220; &#8211; Teinture pour cils et sourcils \u00e0 l&#8217;huile d&#8217;Argan, de couleur bleu-noir.\"}]},{\"@type\":\"WebSite\",\"@id\":\"https:\/\/www.art-natur.ch\/fr\/#website\",\"url\":\"https:\/\/www.art-natur.ch\/fr\/\",\"name\":\"LASHES&amp;BROWS by Nataliya Reinhard\",\"description\":\"High-quality lash and brow services with attention to every detail\",\"potentialAction\":[{\"@type\":\"SearchAction\",\"target\":{\"@type\":\"EntryPoint\",\"urlTemplate\":\"https:\/\/www.art-natur.ch\/fr\/?s={search_term_string}\"},\"query-input\":{\"@type\":\"PropertyValueSpecification\",\"valueRequired\":true,\"valueName\":\"search_term_string\"}}],\"inLanguage\":\"fr-FR\"}]}<\/script>\n<!-- \/ Yoast SEO plugin. -->","yoast_head_json":{"title":"InLei \"BLUE NIGHT\" - Teinture pour cils et sourcils \u00e0 l'huile d'Argan, de couleur bleu-noir. - LASHES&amp;BROWS by Nataliya Reinhard","description":"InLei\u00ae teinture bleu-noir pour cils et sourcils avec une haute couvrance. Pour des teintes intenses et durables, jusqu'\u00e0 6 semaines de tenue sur les cheveux.","robots":{"index":"index","follow":"follow","max-snippet":"max-snippet:-1","max-image-preview":"max-image-preview:large","max-video-preview":"max-video-preview:-1"},"canonical":"https:\/\/www.art-natur.ch\/fr\/produit\/inlei-blue-night-teinture-pour-cils-et-sourcils-a-lhuile-dargan-de-couleur-bleu-noir\/","og_locale":"fr_FR","og_type":"article","og_title":"InLei \"BLUE NIGHT\" - Teinture pour cils et sourcils \u00e0 l'huile d'Argan, de couleur bleu-noir. - LASHES&amp;BROWS by Nataliya Reinhard","og_description":"InLei\u00ae teinture bleu-noir pour cils et sourcils avec une haute couvrance. Pour des teintes intenses et durables, jusqu'\u00e0 6 semaines de tenue sur les cheveux.","og_url":"https:\/\/www.art-natur.ch\/fr\/produit\/inlei-blue-night-teinture-pour-cils-et-sourcils-a-lhuile-dargan-de-couleur-bleu-noir\/","og_site_name":"LASHES&amp;BROWS by Nataliya Reinhard","article_modified_time":"2025-01-18T20:22:52+00:00","og_image":[{"width":720,"height":720,"url":"https:\/\/www.art-natur.ch\/wp-content\/uploads\/2024\/09\/2520667804-Photoroom.png","type":"image\/png"}],"twitter_card":"summary_large_image","twitter_misc":{"Dur\u00e9e de lecture estim\u00e9e":"1 minute"},"schema":{"@context":"https:\/\/schema.org","@graph":[{"@type":"WebPage","@id":"https:\/\/www.art-natur.ch\/fr\/produit\/inlei-blue-night-teinture-pour-cils-et-sourcils-a-lhuile-dargan-de-couleur-bleu-noir\/","url":"https:\/\/www.art-natur.ch\/fr\/produit\/inlei-blue-night-teinture-pour-cils-et-sourcils-a-lhuile-dargan-de-couleur-bleu-noir\/","name":"InLei \"BLUE NIGHT\" - Teinture pour cils et sourcils \u00e0 l'huile d'Argan, de couleur bleu-noir. - LASHES&amp;BROWS by Nataliya Reinhard","isPartOf":{"@id":"https:\/\/www.art-natur.ch\/fr\/#website"},"primaryImageOfPage":{"@id":"https:\/\/www.art-natur.ch\/fr\/produit\/inlei-blue-night-teinture-pour-cils-et-sourcils-a-lhuile-dargan-de-couleur-bleu-noir\/#primaryimage"},"image":{"@id":"https:\/\/www.art-natur.ch\/fr\/produit\/inlei-blue-night-teinture-pour-cils-et-sourcils-a-lhuile-dargan-de-couleur-bleu-noir\/#primaryimage"},"thumbnailUrl":"https:\/\/www.art-natur.ch\/wp-content\/uploads\/2024\/09\/2520667804-Photoroom.png","datePublished":"2024-09-24T14:13:31+00:00","dateModified":"2025-01-18T20:22:52+00:00","description":"InLei\u00ae teinture bleu-noir pour cils et sourcils avec une haute couvrance. Pour des teintes intenses et durables, jusqu'\u00e0 6 semaines de tenue sur les cheveux.","breadcrumb":{"@id":"https:\/\/www.art-natur.ch\/fr\/produit\/inlei-blue-night-teinture-pour-cils-et-sourcils-a-lhuile-dargan-de-couleur-bleu-noir\/#breadcrumb"},"inLanguage":"fr-FR","potentialAction":[{"@type":"ReadAction","target":["https:\/\/www.art-natur.ch\/fr\/produit\/inlei-blue-night-teinture-pour-cils-et-sourcils-a-lhuile-dargan-de-couleur-bleu-noir\/"]}]},{"@type":"ImageObject","inLanguage":"fr-FR","@id":"https:\/\/www.art-natur.ch\/fr\/produit\/inlei-blue-night-teinture-pour-cils-et-sourcils-a-lhuile-dargan-de-couleur-bleu-noir\/#primaryimage","url":"https:\/\/www.art-natur.ch\/wp-content\/uploads\/2024\/09\/2520667804-Photoroom.png","contentUrl":"https:\/\/www.art-natur.ch\/wp-content\/uploads\/2024\/09\/2520667804-Photoroom.png","width":720,"height":720},{"@type":"BreadcrumbList","@id":"https:\/\/www.art-natur.ch\/fr\/produit\/inlei-blue-night-teinture-pour-cils-et-sourcils-a-lhuile-dargan-de-couleur-bleu-noir\/#breadcrumb","itemListElement":[{"@type":"ListItem","position":1,"name":"Home","item":"https:\/\/www.art-natur.ch\/fr\/"},{"@type":"ListItem","position":2,"name":"Boutique","item":"https:\/\/www.art-natur.ch\/shop\/"},{"@type":"ListItem","position":3,"name":"InLei &#8222;BLUE NIGHT&#8220; &#8211; Teinture pour cils et sourcils \u00e0 l&#8217;huile d&#8217;Argan, de couleur bleu-noir."}]},{"@type":"WebSite","@id":"https:\/\/www.art-natur.ch\/fr\/#website","url":"https:\/\/www.art-natur.ch\/fr\/","name":"LASHES&amp;BROWS by Nataliya Reinhard","description":"High-quality lash and brow services with attention to every detail","potentialAction":[{"@type":"SearchAction","target":{"@type":"EntryPoint","urlTemplate":"https:\/\/www.art-natur.ch\/fr\/?s={search_term_string}"},"query-input":{"@type":"PropertyValueSpecification","valueRequired":true,"valueName":"search_term_string"}}],"inLanguage":"fr-FR"}]}},"_links":{"self":[{"href":"https:\/\/www.art-natur.ch\/fr\/wp-json\/wp\/v2\/product\/1345","targetHints":{"allow":["GET"]}}],"collection":[{"href":"https:\/\/www.art-natur.ch\/fr\/wp-json\/wp\/v2\/product"}],"about":[{"href":"https:\/\/www.art-natur.ch\/fr\/wp-json\/wp\/v2\/types\/product"}],"wp:featuredmedia":[{"embeddable":true,"href":"https:\/\/www.art-natur.ch\/fr\/wp-json\/wp\/v2\/media\/8138"}],"wp:attachment":[{"href":"https:\/\/www.art-natur.ch\/fr\/wp-json\/wp\/v2\/media?parent=1345"}],"wp:term":[{"taxonomy":"product_cat","embeddable":true,"href":"https:\/\/www.art-natur.ch\/fr\/wp-json\/wp\/v2\/product_cat?post=1345"},{"taxonomy":"product_tag","embeddable":true,"href":"https:\/\/www.art-natur.ch\/fr\/wp-json\/wp\/v2\/product_tag?post=1345"}],"curies":[{"name":"wp","href":"https:\/\/api.w.org\/{rel}","templated":true}]}}