{"id":1361,"date":"2024-09-24T16:29:23","date_gmt":"2024-09-24T14:29:23","guid":{"rendered":"https:\/\/www.art-natur.ch\/product\/in-lei-brow-bomber-3\/"},"modified":"2024-10-13T23:35:10","modified_gmt":"2024-10-13T21:35:10","slug":"in-lei-brow-bomber-3","status":"publish","type":"product","link":"https:\/\/www.art-natur.ch\/fr\/produit\/in-lei-brow-bomber-3\/","title":{"rendered":"In Lei\u00ae BROW BOMBER 3"},"content":{"rendered":"<p>InLei\u00ae BROW BOMBER est une m\u00e9thode de traitement enti\u00e8rement nouvelle pour des sourcils parfaitement form\u00e9s. Gr\u00e2ce \u00e0 la gamme de produits InLei\u00ae de haute qualit\u00e9, les poils des sourcils sont d&rsquo;abord pr\u00e9par\u00e9s de mani\u00e8re cibl\u00e9e pour le traitement en trois \u00e9tapes de processus, puis form\u00e9s et uniform\u00e9ment align\u00e9s et teint\u00e9s si souhait\u00e9.<\/p>\n<p>Enfin, la formule du beurre innovant InLei\u00ae BROW BOMBER, qui a donn\u00e9 son nom \u00e0 ce proc\u00e9d\u00e9 r\u00e9volutionnaire, nourrit durablement les sourcils avec de pr\u00e9cieux nutriments.<\/p>\n<p>substances nutritives :<\/p>\n<p>L&rsquo;huile de macadamia \u00e9quilibre la production de s\u00e9bum, nourrit, hydrate et structure le poil sans l&rsquo;alourdir. En \u00e9t\u00e9, elle prot\u00e8ge en outre les sourcils des rayons du soleil pour que leur teinte reste longtemps \u00e9clatante et forte.<\/p>\n<p>L&rsquo;huile d&rsquo;argan p\u00e9n\u00e8tre rapidement, hydrate et neutralise les radicaux libres &#8211; pour des sourcils doux et soyeux. Les cheveux secs, cassants et ternes sont r\u00e9par\u00e9s efficacement. contient des acides amin\u00e9s, des om\u00e9ga-3, des om\u00e9ga-6 et des vitamines A et E.<\/p>\n<p>L&rsquo;huile d&rsquo;amande nourrit et hydrate. Elle rend les cheveux doux et nourris. Gr\u00e2ce \u00e0 ses propri\u00e9t\u00e9s hydratantes, l&rsquo;huile d&rsquo;amande est un excellent rem\u00e8de contre les cheveux cassants et fragiles.<\/p>\n<p>L&rsquo;extrait de calendula a un effet cicatrisant, anti-irritant et antiseptique. Les zones de peau rougies et enflamm\u00e9es sont apais\u00e9es en douceur et la production de s\u00e9bum est normalis\u00e9e de mani\u00e8re naturelle.<\/p>\n<p>Extrait de fleurs de camomille : la camomille a toujours \u00e9t\u00e9 fortement recommand\u00e9e dans les traitements, notamment pour les cheveux clairs. Elle a un effet protecteur contre les influences ext\u00e9rieures, est connue comme un puissant anti-inflammatoire et prot\u00e8ge contre les allergies.<\/p>\n<p>Contenu : 15 ml (jusqu&rsquo;\u00e0 40 traitements).<\/p>\n<p>Consistance : beurre<\/p>\n<p>pH : il n&rsquo;a PAS de pH *, car il ne contient pas d&rsquo;eau.<\/p>\n<p>Fr\u00e9quence d&rsquo;utilisation : nous recommandons de l&rsquo;utiliser toutes les 4\/6 semaines comme derni\u00e8re \u00e9tape du traitement Brow Bomber.<\/p>\n<p>Pour obtenir les meilleurs r\u00e9sultats, il est fortement recommand\u00e9 de suivre un cours professionnel sur l&rsquo;utilisation des produits In Lei\u00ae. Profitez de notre exp\u00e9rience !<\/p>\n","protected":false},"excerpt":{"rendered":"<p>InLei\u00ae BROW BOMBER est une m\u00e9thode de traitement enti\u00e8rement nouvelle pour des sourcils parfaitement form\u00e9s. Gr\u00e2ce \u00e0 la gamme de produits InLei\u00ae de haute qualit\u00e9, les poils des sourcils sont d&rsquo;abord pr\u00e9par\u00e9s de mani\u00e8re cibl\u00e9e pour le traitement en trois \u00e9tapes de processus, puis form\u00e9s et uniform\u00e9ment align\u00e9s et teint\u00e9s si souhait\u00e9. Enfin, la formule [&hellip;]<\/p>\n","protected":false},"featured_media":8126,"template":"","meta":{"_acf_changed":false,"inline_featured_image":false},"product_cat":[129,139],"product_tag":[],"class_list":{"0":"post-1361","1":"product","2":"type-product","3":"status-publish","4":"has-post-thumbnail","6":"product_brand-in-lei","7":"product_cat-stylisation-a-long-terme-des-sourcils","8":"product_cat-produits-pour-rehaussement-des-soursils","10":"first","11":"instock","12":"shipping-taxable","13":"purchasable","14":"product-type-simple"},"acf":[],"yoast_head":"<!-- This site is optimized with the Yoast SEO plugin v26.6 - https:\/\/yoast.com\/wordpress\/plugins\/seo\/ -->\n<title>In Lei\u00ae BROW BOMBER 3 - LASHES&amp;BROWS by Nataliya Reinhard<\/title>\n<meta name=\"description\" content=\"InLei\u00ae BROW BOMBER est une m\u00e9thode innovante pour des sourcils parfaitement form\u00e9s. Gr\u00e2ce \u00e0 trois \u00e9tapes de pr\u00e9paration, les poils sont nourris et structur\u00e9s.\" \/>\n<meta name=\"robots\" content=\"index, follow, max-snippet:-1, max-image-preview:large, max-video-preview:-1\" \/>\n<link rel=\"canonical\" href=\"https:\/\/www.art-natur.ch\/fr\/produit\/in-lei-brow-bomber-3\/\" \/>\n<meta property=\"og:locale\" content=\"fr_FR\" \/>\n<meta property=\"og:type\" content=\"article\" \/>\n<meta property=\"og:title\" content=\"In Lei\u00ae BROW BOMBER 3 - LASHES&amp;BROWS by Nataliya Reinhard\" \/>\n<meta property=\"og:description\" content=\"InLei\u00ae BROW BOMBER est une m\u00e9thode innovante pour des sourcils parfaitement form\u00e9s. Gr\u00e2ce \u00e0 trois \u00e9tapes de pr\u00e9paration, les poils sont nourris et structur\u00e9s.\" \/>\n<meta property=\"og:url\" content=\"https:\/\/www.art-natur.ch\/fr\/produit\/in-lei-brow-bomber-3\/\" \/>\n<meta property=\"og:site_name\" content=\"LASHES&amp;BROWS by Nataliya Reinhard\" \/>\n<meta property=\"article:modified_time\" content=\"2024-10-13T21:35:10+00:00\" \/>\n<meta property=\"og:image\" content=\"https:\/\/www.art-natur.ch\/wp-content\/uploads\/2024\/09\/3082010939-Photoroom.png\" \/>\n\t<meta property=\"og:image:width\" content=\"669\" \/>\n\t<meta property=\"og:image:height\" content=\"801\" \/>\n\t<meta property=\"og:image:type\" content=\"image\/png\" \/>\n<meta name=\"twitter:card\" content=\"summary_large_image\" \/>\n<meta name=\"twitter:label1\" content=\"Dur\u00e9e de lecture estim\u00e9e\" \/>\n\t<meta name=\"twitter:data1\" content=\"2 minutes\" \/>\n<script type=\"application\/ld+json\" class=\"yoast-schema-graph\">{\"@context\":\"https:\/\/schema.org\",\"@graph\":[{\"@type\":\"WebPage\",\"@id\":\"https:\/\/www.art-natur.ch\/fr\/produit\/in-lei-brow-bomber-3\/\",\"url\":\"https:\/\/www.art-natur.ch\/fr\/produit\/in-lei-brow-bomber-3\/\",\"name\":\"In Lei\u00ae BROW BOMBER 3 - LASHES&amp;BROWS by Nataliya Reinhard\",\"isPartOf\":{\"@id\":\"https:\/\/www.art-natur.ch\/fr\/#website\"},\"primaryImageOfPage\":{\"@id\":\"https:\/\/www.art-natur.ch\/fr\/produit\/in-lei-brow-bomber-3\/#primaryimage\"},\"image\":{\"@id\":\"https:\/\/www.art-natur.ch\/fr\/produit\/in-lei-brow-bomber-3\/#primaryimage\"},\"thumbnailUrl\":\"https:\/\/www.art-natur.ch\/wp-content\/uploads\/2024\/09\/3082010939-Photoroom.png\",\"datePublished\":\"2024-09-24T14:29:23+00:00\",\"dateModified\":\"2024-10-13T21:35:10+00:00\",\"description\":\"InLei\u00ae BROW BOMBER est une m\u00e9thode innovante pour des sourcils parfaitement form\u00e9s. Gr\u00e2ce \u00e0 trois \u00e9tapes de pr\u00e9paration, les poils sont nourris et structur\u00e9s.\",\"breadcrumb\":{\"@id\":\"https:\/\/www.art-natur.ch\/fr\/produit\/in-lei-brow-bomber-3\/#breadcrumb\"},\"inLanguage\":\"fr-FR\",\"potentialAction\":[{\"@type\":\"ReadAction\",\"target\":[\"https:\/\/www.art-natur.ch\/fr\/produit\/in-lei-brow-bomber-3\/\"]}]},{\"@type\":\"ImageObject\",\"inLanguage\":\"fr-FR\",\"@id\":\"https:\/\/www.art-natur.ch\/fr\/produit\/in-lei-brow-bomber-3\/#primaryimage\",\"url\":\"https:\/\/www.art-natur.ch\/wp-content\/uploads\/2024\/09\/3082010939-Photoroom.png\",\"contentUrl\":\"https:\/\/www.art-natur.ch\/wp-content\/uploads\/2024\/09\/3082010939-Photoroom.png\",\"width\":669,\"height\":801},{\"@type\":\"BreadcrumbList\",\"@id\":\"https:\/\/www.art-natur.ch\/fr\/produit\/in-lei-brow-bomber-3\/#breadcrumb\",\"itemListElement\":[{\"@type\":\"ListItem\",\"position\":1,\"name\":\"Home\",\"item\":\"https:\/\/www.art-natur.ch\/fr\/\"},{\"@type\":\"ListItem\",\"position\":2,\"name\":\"Boutique\",\"item\":\"https:\/\/www.art-natur.ch\/shop\/\"},{\"@type\":\"ListItem\",\"position\":3,\"name\":\"In Lei\u00ae BROW BOMBER 3\"}]},{\"@type\":\"WebSite\",\"@id\":\"https:\/\/www.art-natur.ch\/fr\/#website\",\"url\":\"https:\/\/www.art-natur.ch\/fr\/\",\"name\":\"LASHES&amp;BROWS by Nataliya Reinhard\",\"description\":\"High-quality lash and brow services with attention to every detail\",\"potentialAction\":[{\"@type\":\"SearchAction\",\"target\":{\"@type\":\"EntryPoint\",\"urlTemplate\":\"https:\/\/www.art-natur.ch\/fr\/?s={search_term_string}\"},\"query-input\":{\"@type\":\"PropertyValueSpecification\",\"valueRequired\":true,\"valueName\":\"search_term_string\"}}],\"inLanguage\":\"fr-FR\"}]}<\/script>\n<!-- \/ Yoast SEO plugin. -->","yoast_head_json":{"title":"In Lei\u00ae BROW BOMBER 3 - LASHES&amp;BROWS by Nataliya Reinhard","description":"InLei\u00ae BROW BOMBER est une m\u00e9thode innovante pour des sourcils parfaitement form\u00e9s. Gr\u00e2ce \u00e0 trois \u00e9tapes de pr\u00e9paration, les poils sont nourris et structur\u00e9s.","robots":{"index":"index","follow":"follow","max-snippet":"max-snippet:-1","max-image-preview":"max-image-preview:large","max-video-preview":"max-video-preview:-1"},"canonical":"https:\/\/www.art-natur.ch\/fr\/produit\/in-lei-brow-bomber-3\/","og_locale":"fr_FR","og_type":"article","og_title":"In Lei\u00ae BROW BOMBER 3 - LASHES&amp;BROWS by Nataliya Reinhard","og_description":"InLei\u00ae BROW BOMBER est une m\u00e9thode innovante pour des sourcils parfaitement form\u00e9s. Gr\u00e2ce \u00e0 trois \u00e9tapes de pr\u00e9paration, les poils sont nourris et structur\u00e9s.","og_url":"https:\/\/www.art-natur.ch\/fr\/produit\/in-lei-brow-bomber-3\/","og_site_name":"LASHES&amp;BROWS by Nataliya Reinhard","article_modified_time":"2024-10-13T21:35:10+00:00","og_image":[{"width":669,"height":801,"url":"https:\/\/www.art-natur.ch\/wp-content\/uploads\/2024\/09\/3082010939-Photoroom.png","type":"image\/png"}],"twitter_card":"summary_large_image","twitter_misc":{"Dur\u00e9e de lecture estim\u00e9e":"2 minutes"},"schema":{"@context":"https:\/\/schema.org","@graph":[{"@type":"WebPage","@id":"https:\/\/www.art-natur.ch\/fr\/produit\/in-lei-brow-bomber-3\/","url":"https:\/\/www.art-natur.ch\/fr\/produit\/in-lei-brow-bomber-3\/","name":"In Lei\u00ae BROW BOMBER 3 - LASHES&amp;BROWS by Nataliya Reinhard","isPartOf":{"@id":"https:\/\/www.art-natur.ch\/fr\/#website"},"primaryImageOfPage":{"@id":"https:\/\/www.art-natur.ch\/fr\/produit\/in-lei-brow-bomber-3\/#primaryimage"},"image":{"@id":"https:\/\/www.art-natur.ch\/fr\/produit\/in-lei-brow-bomber-3\/#primaryimage"},"thumbnailUrl":"https:\/\/www.art-natur.ch\/wp-content\/uploads\/2024\/09\/3082010939-Photoroom.png","datePublished":"2024-09-24T14:29:23+00:00","dateModified":"2024-10-13T21:35:10+00:00","description":"InLei\u00ae BROW BOMBER est une m\u00e9thode innovante pour des sourcils parfaitement form\u00e9s. Gr\u00e2ce \u00e0 trois \u00e9tapes de pr\u00e9paration, les poils sont nourris et structur\u00e9s.","breadcrumb":{"@id":"https:\/\/www.art-natur.ch\/fr\/produit\/in-lei-brow-bomber-3\/#breadcrumb"},"inLanguage":"fr-FR","potentialAction":[{"@type":"ReadAction","target":["https:\/\/www.art-natur.ch\/fr\/produit\/in-lei-brow-bomber-3\/"]}]},{"@type":"ImageObject","inLanguage":"fr-FR","@id":"https:\/\/www.art-natur.ch\/fr\/produit\/in-lei-brow-bomber-3\/#primaryimage","url":"https:\/\/www.art-natur.ch\/wp-content\/uploads\/2024\/09\/3082010939-Photoroom.png","contentUrl":"https:\/\/www.art-natur.ch\/wp-content\/uploads\/2024\/09\/3082010939-Photoroom.png","width":669,"height":801},{"@type":"BreadcrumbList","@id":"https:\/\/www.art-natur.ch\/fr\/produit\/in-lei-brow-bomber-3\/#breadcrumb","itemListElement":[{"@type":"ListItem","position":1,"name":"Home","item":"https:\/\/www.art-natur.ch\/fr\/"},{"@type":"ListItem","position":2,"name":"Boutique","item":"https:\/\/www.art-natur.ch\/shop\/"},{"@type":"ListItem","position":3,"name":"In Lei\u00ae BROW BOMBER 3"}]},{"@type":"WebSite","@id":"https:\/\/www.art-natur.ch\/fr\/#website","url":"https:\/\/www.art-natur.ch\/fr\/","name":"LASHES&amp;BROWS by Nataliya Reinhard","description":"High-quality lash and brow services with attention to every detail","potentialAction":[{"@type":"SearchAction","target":{"@type":"EntryPoint","urlTemplate":"https:\/\/www.art-natur.ch\/fr\/?s={search_term_string}"},"query-input":{"@type":"PropertyValueSpecification","valueRequired":true,"valueName":"search_term_string"}}],"inLanguage":"fr-FR"}]}},"_links":{"self":[{"href":"https:\/\/www.art-natur.ch\/fr\/wp-json\/wp\/v2\/product\/1361","targetHints":{"allow":["GET"]}}],"collection":[{"href":"https:\/\/www.art-natur.ch\/fr\/wp-json\/wp\/v2\/product"}],"about":[{"href":"https:\/\/www.art-natur.ch\/fr\/wp-json\/wp\/v2\/types\/product"}],"wp:featuredmedia":[{"embeddable":true,"href":"https:\/\/www.art-natur.ch\/fr\/wp-json\/wp\/v2\/media\/8126"}],"wp:attachment":[{"href":"https:\/\/www.art-natur.ch\/fr\/wp-json\/wp\/v2\/media?parent=1361"}],"wp:term":[{"taxonomy":"product_cat","embeddable":true,"href":"https:\/\/www.art-natur.ch\/fr\/wp-json\/wp\/v2\/product_cat?post=1361"},{"taxonomy":"product_tag","embeddable":true,"href":"https:\/\/www.art-natur.ch\/fr\/wp-json\/wp\/v2\/product_tag?post=1361"}],"curies":[{"name":"wp","href":"https:\/\/api.w.org\/{rel}","templated":true}]}}