{"id":1368,"date":"2024-09-24T16:40:13","date_gmt":"2024-09-24T15:40:13","guid":{"rendered":"https:\/\/www.art-natur.ch\/product\/inlei-brow-bomber-3-beurre-nourrissant-pour-sourcils-6-pieces-sachet-15-ml\/"},"modified":"2025-01-20T23:05:10","modified_gmt":"2025-01-20T22:05:10","slug":"inlei-brow-bomber-3-beurre-nourrissant-pour-sourcils-6-pieces-sachet-15-ml","status":"publish","type":"product","link":"https:\/\/www.art-natur.ch\/fr\/produit\/inlei-brow-bomber-3-beurre-nourrissant-pour-sourcils-6-pieces-sachet-15-ml\/","title":{"rendered":"InLei \u00ab\u00a0BROW BOMBER 3\u00a0\u00bb beurre nourrissant pour sourcils 6 pi\u00e8ces sachet 1,5 ml"},"content":{"rendered":"<p>InLei\u00ae BROW BOMBER est un traitement professionnel r\u00e9volutionnaire r\u00e9aserv\u00e9 aux sourcils et con\u00e7u pour rendre les poils de l&rsquo;arcade sourcili\u00e8re ob\u00e9issants, doux, soyeux et sculpt\u00e9s.<\/p>\n<p>Le produit est r\u00e9serv\u00e9 aux sourcils et est con\u00e7u pour rendre les poils de l&rsquo;arcade sourcili\u00e8re ob\u00e9issants, doux, soyeux et nourris. Seul le beurre BROW BOMBER 3 compl\u00e8te l&rsquo;ensemble du traitement pour obtenir des sourcils \u00e9tonnants !<\/p>\n<p>Le beurre contient :<\/p>\n<p>Huile de macadamia qui nourrit, hydrate et restructure les cheveux sans les alourdir.<br \/>\nL&rsquo;huile d&rsquo;argan, qui r\u00e9pare les cheveux secs et cassants.<br \/>\nHuile d&rsquo;amande qui rend les cheveux doux et brillants.<br \/>\nExtrait lipo de calendula, qui a un effet apaisant sur les peaux rouges et enflamm\u00e9es.<br \/>\nExtrait de fleur de camomille, qui a un fort effet anti-inflammatoire.<\/p>\n<p>Mode d&#8217;emploi :<\/p>\n<p>1. Il s&rsquo;utilise apr\u00e8s le processus permanent (InLei\u00ae BROW LIFT 1), la fixation (InLei\u00ae BROW LOCK 2) et la coloration InLei\u00ae.<br \/>\n2. Pressez quelques gouttes de produit du flacon et frottez le produit sur les sourcils naturels \u00e0 l&rsquo;aide d&rsquo;une petite brosse\/peigne.<br \/>\n3.Laissez agir pendant 5 minutes.<br \/>\n4. Eliminez l&rsquo;exc\u00e9dent (si n\u00e9cessaire) en tamponnant avec un mouchoir en papier.<br \/>\n5. Il n&rsquo;est pas n\u00e9cessaire de rincer.<\/p>\n<p>Il est recommand\u00e9 de suivre le cours professionnel pour obtenir des r\u00e9sultats fiables et garantis et, surtout, pour obtenir un effet WOW !<br \/>\nNe faites pas d&rsquo;exp\u00e9riences en combinant diff\u00e9rentes marques. Le r\u00e9sultat ne peut \u00eatre pr\u00e9dit.<br \/>\nIl est absolument interdit de l&rsquo;utiliser sur les cils, cela peut provoquer de graves l\u00e9sions oculaires.<\/p>\n","protected":false},"excerpt":{"rendered":"<p>InLei\u00ae BROW BOMBER est un traitement professionnel r\u00e9volutionnaire r\u00e9aserv\u00e9 aux sourcils et con\u00e7u pour rendre les poils de l&rsquo;arcade sourcili\u00e8re ob\u00e9issants, doux, soyeux et sculpt\u00e9s. Le produit est r\u00e9serv\u00e9 aux sourcils et est con\u00e7u pour rendre les poils de l&rsquo;arcade sourcili\u00e8re ob\u00e9issants, doux, soyeux et nourris. Seul le beurre BROW BOMBER 3 compl\u00e8te l&rsquo;ensemble du [&hellip;]<\/p>\n","protected":false},"featured_media":8118,"template":"","meta":{"_acf_changed":false,"inline_featured_image":false},"product_cat":[129,139],"product_tag":[],"class_list":{"0":"post-1368","1":"product","2":"type-product","3":"status-publish","4":"has-post-thumbnail","6":"product_brand-in-lei","7":"product_cat-stylisation-a-long-terme-des-sourcils","8":"product_cat-produits-pour-rehaussement-des-soursils","10":"first","11":"instock","12":"shipping-taxable","13":"purchasable","14":"product-type-simple"},"acf":[],"yoast_head":"<!-- This site is optimized with the Yoast SEO plugin v26.6 - https:\/\/yoast.com\/wordpress\/plugins\/seo\/ -->\n<title>InLei &quot;BROW BOMBER 3&quot; beurre nourrissant pour sourcils 6 pi\u00e8ces sachet 1,5 ml - LASHES&amp;BROWS by Nataliya Reinhard<\/title>\n<meta name=\"description\" content=\"InLei\u00ae BROW BOMBER is a revolutionary treatment for silky-soft eyebrows. It contains nourishing oils and soothing extracts.\" \/>\n<meta name=\"robots\" content=\"index, follow, max-snippet:-1, max-image-preview:large, max-video-preview:-1\" \/>\n<link rel=\"canonical\" href=\"https:\/\/www.art-natur.ch\/fr\/produit\/inlei-brow-bomber-3-beurre-nourrissant-pour-sourcils-6-pieces-sachet-15-ml\/\" \/>\n<meta property=\"og:locale\" content=\"fr_FR\" \/>\n<meta property=\"og:type\" content=\"article\" \/>\n<meta property=\"og:title\" content=\"InLei &quot;BROW BOMBER 3&quot; beurre nourrissant pour sourcils 6 pi\u00e8ces sachet 1,5 ml - LASHES&amp;BROWS by Nataliya Reinhard\" \/>\n<meta property=\"og:description\" content=\"InLei\u00ae BROW BOMBER is a revolutionary treatment for silky-soft eyebrows. It contains nourishing oils and soothing extracts.\" \/>\n<meta property=\"og:url\" content=\"https:\/\/www.art-natur.ch\/fr\/produit\/inlei-brow-bomber-3-beurre-nourrissant-pour-sourcils-6-pieces-sachet-15-ml\/\" \/>\n<meta property=\"og:site_name\" content=\"LASHES&amp;BROWS by Nataliya Reinhard\" \/>\n<meta property=\"article:modified_time\" content=\"2025-01-20T22:05:10+00:00\" \/>\n<meta property=\"og:image\" content=\"https:\/\/www.art-natur.ch\/wp-content\/uploads\/2024\/09\/2511811038-Photoroom.png\" \/>\n\t<meta property=\"og:image:width\" content=\"600\" \/>\n\t<meta property=\"og:image:height\" content=\"800\" \/>\n\t<meta property=\"og:image:type\" content=\"image\/png\" \/>\n<meta name=\"twitter:card\" content=\"summary_large_image\" \/>\n<meta name=\"twitter:label1\" content=\"Dur\u00e9e de lecture estim\u00e9e\" \/>\n\t<meta name=\"twitter:data1\" content=\"1 minute\" \/>\n<script type=\"application\/ld+json\" class=\"yoast-schema-graph\">{\"@context\":\"https:\/\/schema.org\",\"@graph\":[{\"@type\":\"WebPage\",\"@id\":\"https:\/\/www.art-natur.ch\/fr\/produit\/inlei-brow-bomber-3-beurre-nourrissant-pour-sourcils-6-pieces-sachet-15-ml\/\",\"url\":\"https:\/\/www.art-natur.ch\/fr\/produit\/inlei-brow-bomber-3-beurre-nourrissant-pour-sourcils-6-pieces-sachet-15-ml\/\",\"name\":\"InLei \\\"BROW BOMBER 3\\\" beurre nourrissant pour sourcils 6 pi\u00e8ces sachet 1,5 ml - LASHES&amp;BROWS by Nataliya Reinhard\",\"isPartOf\":{\"@id\":\"https:\/\/www.art-natur.ch\/fr\/#website\"},\"primaryImageOfPage\":{\"@id\":\"https:\/\/www.art-natur.ch\/fr\/produit\/inlei-brow-bomber-3-beurre-nourrissant-pour-sourcils-6-pieces-sachet-15-ml\/#primaryimage\"},\"image\":{\"@id\":\"https:\/\/www.art-natur.ch\/fr\/produit\/inlei-brow-bomber-3-beurre-nourrissant-pour-sourcils-6-pieces-sachet-15-ml\/#primaryimage\"},\"thumbnailUrl\":\"https:\/\/www.art-natur.ch\/wp-content\/uploads\/2024\/09\/2511811038-Photoroom.png\",\"datePublished\":\"2024-09-24T15:40:13+00:00\",\"dateModified\":\"2025-01-20T22:05:10+00:00\",\"description\":\"InLei\u00ae BROW BOMBER is a revolutionary treatment for silky-soft eyebrows. It contains nourishing oils and soothing extracts.\",\"breadcrumb\":{\"@id\":\"https:\/\/www.art-natur.ch\/fr\/produit\/inlei-brow-bomber-3-beurre-nourrissant-pour-sourcils-6-pieces-sachet-15-ml\/#breadcrumb\"},\"inLanguage\":\"fr-FR\",\"potentialAction\":[{\"@type\":\"ReadAction\",\"target\":[\"https:\/\/www.art-natur.ch\/fr\/produit\/inlei-brow-bomber-3-beurre-nourrissant-pour-sourcils-6-pieces-sachet-15-ml\/\"]}]},{\"@type\":\"ImageObject\",\"inLanguage\":\"fr-FR\",\"@id\":\"https:\/\/www.art-natur.ch\/fr\/produit\/inlei-brow-bomber-3-beurre-nourrissant-pour-sourcils-6-pieces-sachet-15-ml\/#primaryimage\",\"url\":\"https:\/\/www.art-natur.ch\/wp-content\/uploads\/2024\/09\/2511811038-Photoroom.png\",\"contentUrl\":\"https:\/\/www.art-natur.ch\/wp-content\/uploads\/2024\/09\/2511811038-Photoroom.png\",\"width\":600,\"height\":800},{\"@type\":\"BreadcrumbList\",\"@id\":\"https:\/\/www.art-natur.ch\/fr\/produit\/inlei-brow-bomber-3-beurre-nourrissant-pour-sourcils-6-pieces-sachet-15-ml\/#breadcrumb\",\"itemListElement\":[{\"@type\":\"ListItem\",\"position\":1,\"name\":\"Home\",\"item\":\"https:\/\/www.art-natur.ch\/fr\/\"},{\"@type\":\"ListItem\",\"position\":2,\"name\":\"Boutique\",\"item\":\"https:\/\/www.art-natur.ch\/shop\/\"},{\"@type\":\"ListItem\",\"position\":3,\"name\":\"InLei \u00ab\u00a0BROW BOMBER 3\u00a0\u00bb beurre nourrissant pour sourcils 6 pi\u00e8ces sachet 1,5 ml\"}]},{\"@type\":\"WebSite\",\"@id\":\"https:\/\/www.art-natur.ch\/fr\/#website\",\"url\":\"https:\/\/www.art-natur.ch\/fr\/\",\"name\":\"LASHES&amp;BROWS by Nataliya Reinhard\",\"description\":\"High-quality lash and brow services with attention to every detail\",\"potentialAction\":[{\"@type\":\"SearchAction\",\"target\":{\"@type\":\"EntryPoint\",\"urlTemplate\":\"https:\/\/www.art-natur.ch\/fr\/?s={search_term_string}\"},\"query-input\":{\"@type\":\"PropertyValueSpecification\",\"valueRequired\":true,\"valueName\":\"search_term_string\"}}],\"inLanguage\":\"fr-FR\"}]}<\/script>\n<!-- \/ Yoast SEO plugin. -->","yoast_head_json":{"title":"InLei \"BROW BOMBER 3\" beurre nourrissant pour sourcils 6 pi\u00e8ces sachet 1,5 ml - LASHES&amp;BROWS by Nataliya Reinhard","description":"InLei\u00ae BROW BOMBER is a revolutionary treatment for silky-soft eyebrows. It contains nourishing oils and soothing extracts.","robots":{"index":"index","follow":"follow","max-snippet":"max-snippet:-1","max-image-preview":"max-image-preview:large","max-video-preview":"max-video-preview:-1"},"canonical":"https:\/\/www.art-natur.ch\/fr\/produit\/inlei-brow-bomber-3-beurre-nourrissant-pour-sourcils-6-pieces-sachet-15-ml\/","og_locale":"fr_FR","og_type":"article","og_title":"InLei \"BROW BOMBER 3\" beurre nourrissant pour sourcils 6 pi\u00e8ces sachet 1,5 ml - LASHES&amp;BROWS by Nataliya Reinhard","og_description":"InLei\u00ae BROW BOMBER is a revolutionary treatment for silky-soft eyebrows. It contains nourishing oils and soothing extracts.","og_url":"https:\/\/www.art-natur.ch\/fr\/produit\/inlei-brow-bomber-3-beurre-nourrissant-pour-sourcils-6-pieces-sachet-15-ml\/","og_site_name":"LASHES&amp;BROWS by Nataliya Reinhard","article_modified_time":"2025-01-20T22:05:10+00:00","og_image":[{"width":600,"height":800,"url":"https:\/\/www.art-natur.ch\/wp-content\/uploads\/2024\/09\/2511811038-Photoroom.png","type":"image\/png"}],"twitter_card":"summary_large_image","twitter_misc":{"Dur\u00e9e de lecture estim\u00e9e":"1 minute"},"schema":{"@context":"https:\/\/schema.org","@graph":[{"@type":"WebPage","@id":"https:\/\/www.art-natur.ch\/fr\/produit\/inlei-brow-bomber-3-beurre-nourrissant-pour-sourcils-6-pieces-sachet-15-ml\/","url":"https:\/\/www.art-natur.ch\/fr\/produit\/inlei-brow-bomber-3-beurre-nourrissant-pour-sourcils-6-pieces-sachet-15-ml\/","name":"InLei \"BROW BOMBER 3\" beurre nourrissant pour sourcils 6 pi\u00e8ces sachet 1,5 ml - LASHES&amp;BROWS by Nataliya Reinhard","isPartOf":{"@id":"https:\/\/www.art-natur.ch\/fr\/#website"},"primaryImageOfPage":{"@id":"https:\/\/www.art-natur.ch\/fr\/produit\/inlei-brow-bomber-3-beurre-nourrissant-pour-sourcils-6-pieces-sachet-15-ml\/#primaryimage"},"image":{"@id":"https:\/\/www.art-natur.ch\/fr\/produit\/inlei-brow-bomber-3-beurre-nourrissant-pour-sourcils-6-pieces-sachet-15-ml\/#primaryimage"},"thumbnailUrl":"https:\/\/www.art-natur.ch\/wp-content\/uploads\/2024\/09\/2511811038-Photoroom.png","datePublished":"2024-09-24T15:40:13+00:00","dateModified":"2025-01-20T22:05:10+00:00","description":"InLei\u00ae BROW BOMBER is a revolutionary treatment for silky-soft eyebrows. It contains nourishing oils and soothing extracts.","breadcrumb":{"@id":"https:\/\/www.art-natur.ch\/fr\/produit\/inlei-brow-bomber-3-beurre-nourrissant-pour-sourcils-6-pieces-sachet-15-ml\/#breadcrumb"},"inLanguage":"fr-FR","potentialAction":[{"@type":"ReadAction","target":["https:\/\/www.art-natur.ch\/fr\/produit\/inlei-brow-bomber-3-beurre-nourrissant-pour-sourcils-6-pieces-sachet-15-ml\/"]}]},{"@type":"ImageObject","inLanguage":"fr-FR","@id":"https:\/\/www.art-natur.ch\/fr\/produit\/inlei-brow-bomber-3-beurre-nourrissant-pour-sourcils-6-pieces-sachet-15-ml\/#primaryimage","url":"https:\/\/www.art-natur.ch\/wp-content\/uploads\/2024\/09\/2511811038-Photoroom.png","contentUrl":"https:\/\/www.art-natur.ch\/wp-content\/uploads\/2024\/09\/2511811038-Photoroom.png","width":600,"height":800},{"@type":"BreadcrumbList","@id":"https:\/\/www.art-natur.ch\/fr\/produit\/inlei-brow-bomber-3-beurre-nourrissant-pour-sourcils-6-pieces-sachet-15-ml\/#breadcrumb","itemListElement":[{"@type":"ListItem","position":1,"name":"Home","item":"https:\/\/www.art-natur.ch\/fr\/"},{"@type":"ListItem","position":2,"name":"Boutique","item":"https:\/\/www.art-natur.ch\/shop\/"},{"@type":"ListItem","position":3,"name":"InLei \u00ab\u00a0BROW BOMBER 3\u00a0\u00bb beurre nourrissant pour sourcils 6 pi\u00e8ces sachet 1,5 ml"}]},{"@type":"WebSite","@id":"https:\/\/www.art-natur.ch\/fr\/#website","url":"https:\/\/www.art-natur.ch\/fr\/","name":"LASHES&amp;BROWS by Nataliya Reinhard","description":"High-quality lash and brow services with attention to every detail","potentialAction":[{"@type":"SearchAction","target":{"@type":"EntryPoint","urlTemplate":"https:\/\/www.art-natur.ch\/fr\/?s={search_term_string}"},"query-input":{"@type":"PropertyValueSpecification","valueRequired":true,"valueName":"search_term_string"}}],"inLanguage":"fr-FR"}]}},"_links":{"self":[{"href":"https:\/\/www.art-natur.ch\/fr\/wp-json\/wp\/v2\/product\/1368","targetHints":{"allow":["GET"]}}],"collection":[{"href":"https:\/\/www.art-natur.ch\/fr\/wp-json\/wp\/v2\/product"}],"about":[{"href":"https:\/\/www.art-natur.ch\/fr\/wp-json\/wp\/v2\/types\/product"}],"wp:featuredmedia":[{"embeddable":true,"href":"https:\/\/www.art-natur.ch\/fr\/wp-json\/wp\/v2\/media\/8118"}],"wp:attachment":[{"href":"https:\/\/www.art-natur.ch\/fr\/wp-json\/wp\/v2\/media?parent=1368"}],"wp:term":[{"taxonomy":"product_cat","embeddable":true,"href":"https:\/\/www.art-natur.ch\/fr\/wp-json\/wp\/v2\/product_cat?post=1368"},{"taxonomy":"product_tag","embeddable":true,"href":"https:\/\/www.art-natur.ch\/fr\/wp-json\/wp\/v2\/product_tag?post=1368"}],"curies":[{"name":"wp","href":"https:\/\/api.w.org\/{rel}","templated":true}]}}