{"id":1387,"date":"2024-09-24T17:02:20","date_gmt":"2024-09-24T15:02:20","guid":{"rendered":"https:\/\/www.art-natur.ch\/product\/in-lei-brow-lift-1\/"},"modified":"2024-10-13T23:31:29","modified_gmt":"2024-10-13T21:31:29","slug":"in-lei-brow-lift-1","status":"publish","type":"product","link":"https:\/\/www.art-natur.ch\/fr\/produit\/in-lei-brow-lift-1\/","title":{"rendered":"In Lei\u00ae BROW LIFT 1"},"content":{"rendered":"<p>InLei\u00ae BROW BOMBER est une toute nouvelle m\u00e9thode de traitement pour des sourcils parfaitement form\u00e9s &#8211; le lifting des sourcils. Gr\u00e2ce \u00e0 la gamme de produits InLei\u00ae de haute qualit\u00e9, les poils des sourcils sont d&rsquo;abord pr\u00e9par\u00e9s de mani\u00e8re cibl\u00e9e pour le traitement en trois \u00e9tapes de processus, puis form\u00e9s et uniform\u00e9ment align\u00e9s et teint\u00e9s sur demande.<\/p>\n<p>InLei\u00ae BROW LIFT 1 agit durablement sur les poils, mais convient \u00e9galement au contact avec la peau, ce qui est in\u00e9vitable lors du traitement des sourcils.<\/p>\n<p>InLei\u00ae BROW LIFT 1 a une consistance sp\u00e9ciale qui permet d&rsquo;effectuer tout le traitement en \u00e9tant confortablement assis !<\/p>\n<p>100% fabriqu\u00e9 en Italie.<\/p>\n<p>Sp\u00e9cialement con\u00e7u pour les poils de sourcils. Distributeur airless. R\u00e9serv\u00e9 \u00e0 un usage professionnel.<\/p>\n<p>Lire attentivement la notice d&#8217;emballage Contenu : 30 ml (jusqu&rsquo;\u00e0 40 traitements).<\/p>\n<p>Pour obtenir les meilleurs r\u00e9sultats, il est fortement recommand\u00e9 de suivre un cours professionnel sur l&rsquo;utilisation des produits In Lei\u00ae. Profitez de notre exp\u00e9rience !<\/p>\n","protected":false},"excerpt":{"rendered":"<p>InLei\u00ae BROW BOMBER est une toute nouvelle m\u00e9thode de traitement pour des sourcils parfaitement form\u00e9s &#8211; le lifting des sourcils. Gr\u00e2ce \u00e0 la gamme de produits InLei\u00ae de haute qualit\u00e9, les poils des sourcils sont d&rsquo;abord pr\u00e9par\u00e9s de mani\u00e8re cibl\u00e9e pour le traitement en trois \u00e9tapes de processus, puis form\u00e9s et uniform\u00e9ment align\u00e9s et teint\u00e9s [&hellip;]<\/p>\n","protected":false},"featured_media":8114,"template":"","meta":{"_acf_changed":false,"inline_featured_image":false},"product_cat":[129,139],"product_tag":[],"class_list":{"0":"post-1387","1":"product","2":"type-product","3":"status-publish","4":"has-post-thumbnail","6":"product_brand-in-lei","7":"product_cat-stylisation-a-long-terme-des-sourcils","8":"product_cat-produits-pour-rehaussement-des-soursils","10":"first","11":"instock","12":"shipping-taxable","13":"purchasable","14":"product-type-simple"},"acf":[],"yoast_head":"<!-- This site is optimized with the Yoast SEO plugin v26.6 - https:\/\/yoast.com\/wordpress\/plugins\/seo\/ -->\n<title>In Lei\u00ae BROW LIFT 1 - LASHES&amp;BROWS by Nataliya Reinhard<\/title>\n<meta name=\"description\" content=\"InLei\u00ae BROW BOMBER est une nouvelle m\u00e9thode pour un lifting des sourcils parfait. Trois \u00e9tapes pour un r\u00e9sultat soign\u00e9 et professionnel.\" \/>\n<meta name=\"robots\" content=\"index, follow, max-snippet:-1, max-image-preview:large, max-video-preview:-1\" \/>\n<link rel=\"canonical\" href=\"https:\/\/www.art-natur.ch\/fr\/produit\/in-lei-brow-lift-1\/\" \/>\n<meta property=\"og:locale\" content=\"fr_FR\" \/>\n<meta property=\"og:type\" content=\"article\" \/>\n<meta property=\"og:title\" content=\"In Lei\u00ae BROW LIFT 1 - LASHES&amp;BROWS by Nataliya Reinhard\" \/>\n<meta property=\"og:description\" content=\"InLei\u00ae BROW BOMBER est une nouvelle m\u00e9thode pour un lifting des sourcils parfait. Trois \u00e9tapes pour un r\u00e9sultat soign\u00e9 et professionnel.\" \/>\n<meta property=\"og:url\" content=\"https:\/\/www.art-natur.ch\/fr\/produit\/in-lei-brow-lift-1\/\" \/>\n<meta property=\"og:site_name\" content=\"LASHES&amp;BROWS by Nataliya Reinhard\" \/>\n<meta property=\"article:modified_time\" content=\"2024-10-13T21:31:29+00:00\" \/>\n<meta property=\"og:image\" content=\"https:\/\/www.art-natur.ch\/wp-content\/uploads\/2024\/09\/3081976480-Photoroom.png\" \/>\n\t<meta property=\"og:image:width\" content=\"669\" \/>\n\t<meta property=\"og:image:height\" content=\"801\" \/>\n\t<meta property=\"og:image:type\" content=\"image\/png\" \/>\n<meta name=\"twitter:card\" content=\"summary_large_image\" \/>\n<meta name=\"twitter:label1\" content=\"Dur\u00e9e de lecture estim\u00e9e\" \/>\n\t<meta name=\"twitter:data1\" content=\"1 minute\" \/>\n<script type=\"application\/ld+json\" class=\"yoast-schema-graph\">{\"@context\":\"https:\/\/schema.org\",\"@graph\":[{\"@type\":\"WebPage\",\"@id\":\"https:\/\/www.art-natur.ch\/fr\/produit\/in-lei-brow-lift-1\/\",\"url\":\"https:\/\/www.art-natur.ch\/fr\/produit\/in-lei-brow-lift-1\/\",\"name\":\"In Lei\u00ae BROW LIFT 1 - LASHES&amp;BROWS by Nataliya Reinhard\",\"isPartOf\":{\"@id\":\"https:\/\/www.art-natur.ch\/fr\/#website\"},\"primaryImageOfPage\":{\"@id\":\"https:\/\/www.art-natur.ch\/fr\/produit\/in-lei-brow-lift-1\/#primaryimage\"},\"image\":{\"@id\":\"https:\/\/www.art-natur.ch\/fr\/produit\/in-lei-brow-lift-1\/#primaryimage\"},\"thumbnailUrl\":\"https:\/\/www.art-natur.ch\/wp-content\/uploads\/2024\/09\/3081976480-Photoroom.png\",\"datePublished\":\"2024-09-24T15:02:20+00:00\",\"dateModified\":\"2024-10-13T21:31:29+00:00\",\"description\":\"InLei\u00ae BROW BOMBER est une nouvelle m\u00e9thode pour un lifting des sourcils parfait. Trois \u00e9tapes pour un r\u00e9sultat soign\u00e9 et professionnel.\",\"breadcrumb\":{\"@id\":\"https:\/\/www.art-natur.ch\/fr\/produit\/in-lei-brow-lift-1\/#breadcrumb\"},\"inLanguage\":\"fr-FR\",\"potentialAction\":[{\"@type\":\"ReadAction\",\"target\":[\"https:\/\/www.art-natur.ch\/fr\/produit\/in-lei-brow-lift-1\/\"]}]},{\"@type\":\"ImageObject\",\"inLanguage\":\"fr-FR\",\"@id\":\"https:\/\/www.art-natur.ch\/fr\/produit\/in-lei-brow-lift-1\/#primaryimage\",\"url\":\"https:\/\/www.art-natur.ch\/wp-content\/uploads\/2024\/09\/3081976480-Photoroom.png\",\"contentUrl\":\"https:\/\/www.art-natur.ch\/wp-content\/uploads\/2024\/09\/3081976480-Photoroom.png\",\"width\":669,\"height\":801},{\"@type\":\"BreadcrumbList\",\"@id\":\"https:\/\/www.art-natur.ch\/fr\/produit\/in-lei-brow-lift-1\/#breadcrumb\",\"itemListElement\":[{\"@type\":\"ListItem\",\"position\":1,\"name\":\"Home\",\"item\":\"https:\/\/www.art-natur.ch\/fr\/\"},{\"@type\":\"ListItem\",\"position\":2,\"name\":\"Boutique\",\"item\":\"https:\/\/www.art-natur.ch\/shop\/\"},{\"@type\":\"ListItem\",\"position\":3,\"name\":\"In Lei\u00ae BROW LIFT 1\"}]},{\"@type\":\"WebSite\",\"@id\":\"https:\/\/www.art-natur.ch\/fr\/#website\",\"url\":\"https:\/\/www.art-natur.ch\/fr\/\",\"name\":\"LASHES&amp;BROWS by Nataliya Reinhard\",\"description\":\"High-quality lash and brow services with attention to every detail\",\"potentialAction\":[{\"@type\":\"SearchAction\",\"target\":{\"@type\":\"EntryPoint\",\"urlTemplate\":\"https:\/\/www.art-natur.ch\/fr\/?s={search_term_string}\"},\"query-input\":{\"@type\":\"PropertyValueSpecification\",\"valueRequired\":true,\"valueName\":\"search_term_string\"}}],\"inLanguage\":\"fr-FR\"}]}<\/script>\n<!-- \/ Yoast SEO plugin. -->","yoast_head_json":{"title":"In Lei\u00ae BROW LIFT 1 - LASHES&amp;BROWS by Nataliya Reinhard","description":"InLei\u00ae BROW BOMBER est une nouvelle m\u00e9thode pour un lifting des sourcils parfait. Trois \u00e9tapes pour un r\u00e9sultat soign\u00e9 et professionnel.","robots":{"index":"index","follow":"follow","max-snippet":"max-snippet:-1","max-image-preview":"max-image-preview:large","max-video-preview":"max-video-preview:-1"},"canonical":"https:\/\/www.art-natur.ch\/fr\/produit\/in-lei-brow-lift-1\/","og_locale":"fr_FR","og_type":"article","og_title":"In Lei\u00ae BROW LIFT 1 - LASHES&amp;BROWS by Nataliya Reinhard","og_description":"InLei\u00ae BROW BOMBER est une nouvelle m\u00e9thode pour un lifting des sourcils parfait. Trois \u00e9tapes pour un r\u00e9sultat soign\u00e9 et professionnel.","og_url":"https:\/\/www.art-natur.ch\/fr\/produit\/in-lei-brow-lift-1\/","og_site_name":"LASHES&amp;BROWS by Nataliya Reinhard","article_modified_time":"2024-10-13T21:31:29+00:00","og_image":[{"width":669,"height":801,"url":"https:\/\/www.art-natur.ch\/wp-content\/uploads\/2024\/09\/3081976480-Photoroom.png","type":"image\/png"}],"twitter_card":"summary_large_image","twitter_misc":{"Dur\u00e9e de lecture estim\u00e9e":"1 minute"},"schema":{"@context":"https:\/\/schema.org","@graph":[{"@type":"WebPage","@id":"https:\/\/www.art-natur.ch\/fr\/produit\/in-lei-brow-lift-1\/","url":"https:\/\/www.art-natur.ch\/fr\/produit\/in-lei-brow-lift-1\/","name":"In Lei\u00ae BROW LIFT 1 - LASHES&amp;BROWS by Nataliya Reinhard","isPartOf":{"@id":"https:\/\/www.art-natur.ch\/fr\/#website"},"primaryImageOfPage":{"@id":"https:\/\/www.art-natur.ch\/fr\/produit\/in-lei-brow-lift-1\/#primaryimage"},"image":{"@id":"https:\/\/www.art-natur.ch\/fr\/produit\/in-lei-brow-lift-1\/#primaryimage"},"thumbnailUrl":"https:\/\/www.art-natur.ch\/wp-content\/uploads\/2024\/09\/3081976480-Photoroom.png","datePublished":"2024-09-24T15:02:20+00:00","dateModified":"2024-10-13T21:31:29+00:00","description":"InLei\u00ae BROW BOMBER est une nouvelle m\u00e9thode pour un lifting des sourcils parfait. Trois \u00e9tapes pour un r\u00e9sultat soign\u00e9 et professionnel.","breadcrumb":{"@id":"https:\/\/www.art-natur.ch\/fr\/produit\/in-lei-brow-lift-1\/#breadcrumb"},"inLanguage":"fr-FR","potentialAction":[{"@type":"ReadAction","target":["https:\/\/www.art-natur.ch\/fr\/produit\/in-lei-brow-lift-1\/"]}]},{"@type":"ImageObject","inLanguage":"fr-FR","@id":"https:\/\/www.art-natur.ch\/fr\/produit\/in-lei-brow-lift-1\/#primaryimage","url":"https:\/\/www.art-natur.ch\/wp-content\/uploads\/2024\/09\/3081976480-Photoroom.png","contentUrl":"https:\/\/www.art-natur.ch\/wp-content\/uploads\/2024\/09\/3081976480-Photoroom.png","width":669,"height":801},{"@type":"BreadcrumbList","@id":"https:\/\/www.art-natur.ch\/fr\/produit\/in-lei-brow-lift-1\/#breadcrumb","itemListElement":[{"@type":"ListItem","position":1,"name":"Home","item":"https:\/\/www.art-natur.ch\/fr\/"},{"@type":"ListItem","position":2,"name":"Boutique","item":"https:\/\/www.art-natur.ch\/shop\/"},{"@type":"ListItem","position":3,"name":"In Lei\u00ae BROW LIFT 1"}]},{"@type":"WebSite","@id":"https:\/\/www.art-natur.ch\/fr\/#website","url":"https:\/\/www.art-natur.ch\/fr\/","name":"LASHES&amp;BROWS by Nataliya Reinhard","description":"High-quality lash and brow services with attention to every detail","potentialAction":[{"@type":"SearchAction","target":{"@type":"EntryPoint","urlTemplate":"https:\/\/www.art-natur.ch\/fr\/?s={search_term_string}"},"query-input":{"@type":"PropertyValueSpecification","valueRequired":true,"valueName":"search_term_string"}}],"inLanguage":"fr-FR"}]}},"_links":{"self":[{"href":"https:\/\/www.art-natur.ch\/fr\/wp-json\/wp\/v2\/product\/1387","targetHints":{"allow":["GET"]}}],"collection":[{"href":"https:\/\/www.art-natur.ch\/fr\/wp-json\/wp\/v2\/product"}],"about":[{"href":"https:\/\/www.art-natur.ch\/fr\/wp-json\/wp\/v2\/types\/product"}],"wp:featuredmedia":[{"embeddable":true,"href":"https:\/\/www.art-natur.ch\/fr\/wp-json\/wp\/v2\/media\/8114"}],"wp:attachment":[{"href":"https:\/\/www.art-natur.ch\/fr\/wp-json\/wp\/v2\/media?parent=1387"}],"wp:term":[{"taxonomy":"product_cat","embeddable":true,"href":"https:\/\/www.art-natur.ch\/fr\/wp-json\/wp\/v2\/product_cat?post=1387"},{"taxonomy":"product_tag","embeddable":true,"href":"https:\/\/www.art-natur.ch\/fr\/wp-json\/wp\/v2\/product_tag?post=1387"}],"curies":[{"name":"wp","href":"https:\/\/api.w.org\/{rel}","templated":true}]}}