{"id":1395,"date":"2024-09-25T09:20:39","date_gmt":"2024-09-25T07:20:39","guid":{"rendered":"https:\/\/www.art-natur.ch\/product\/inlei-brow-lift-1-lifting-pour-sourcils-6-pieces-sachet-15-ml\/"},"modified":"2024-10-18T17:22:04","modified_gmt":"2024-10-18T15:22:04","slug":"inlei-brow-lift-1-lifting-pour-sourcils-6-pieces-sachet-15-ml","status":"publish","type":"product","link":"https:\/\/www.art-natur.ch\/fr\/produit\/inlei-brow-lift-1-lifting-pour-sourcils-6-pieces-sachet-15-ml\/","title":{"rendered":"InLei \u00ab\u00a0BROW LIFT 1\u00a0\u00bb Lifting pour sourcils 6 pi\u00e8ces sachet 1,5 ml"},"content":{"rendered":"<p>InLei\u00ae BROW BOMBER est un traitement professionnel r\u00e9volutionnaire r\u00e9serv\u00e9 aux sourcils, con\u00e7u pour rendre les poils de l&rsquo;arcade sourcili\u00e8re ob\u00e9issants, doux, soyeux et model\u00e9s.<\/p>\n<p>InLei\u00ae \u00ab\u00a0BROW LIFT 1\u00a0\u00bb est une action permanente efficace sur le poil, mais convient \u00e9galement au contact avec la peau, ce qui est in\u00e9vitable lors du traitement des sourcils. Sa densit\u00e9 est sp\u00e9cialement con\u00e7ue pour ne pas couler et pour pouvoir effectuer l&rsquo;ensemble du traitement avec le client assis confortablement !<\/p>\n<p>Mode d&#8217;emploi :<\/p>\n<ul>\n<li>Nettoyez les sourcils de la cliente avec InLei\u00ae MOUSSE.<\/li>\n<li>Pr\u00e9parez les sourcils avec le PR\u00c9TRAITEMENT SALIN InLei\u00ae.<\/li>\n<li>Peignez les sourcils proprement et \/ ou dans la direction souhait\u00e9e.<\/li>\n<li>Appliquez une couche uniforme de InLei\u00ae BROW LIFT 1 \u00e0 l&rsquo;aide d&rsquo;un pinceau.<\/li>\n<li>Laisser agir en fonction de l&rsquo;\u00e9paisseur des cheveux (6\/12 min).<\/li>\n<li>Retirez le produit avec un coton sec.<\/li>\n<li>Continuez ensuite avec InLei \u00ae Brow Lock 2Ne faites pas d&rsquo;exp\u00e9riences en combinant diff\u00e9rentes marques. Le r\u00e9sultat n&rsquo;est pas forc\u00e9ment pr\u00e9visible.<\/li>\n<\/ul>\n<p>Ne faites pas d&rsquo;exp\u00e9riences en combinant diff\u00e9rentes marques. Le r\u00e9sultat ne peut \u00eatre pr\u00e9dit.<br \/>\nIl est absolument interdit de l&rsquo;utiliser sur les cils, cela peut provoquer de graves l\u00e9sions oculaires.<\/p>\n","protected":false},"excerpt":{"rendered":"<p>InLei\u00ae BROW BOMBER est un traitement professionnel r\u00e9volutionnaire r\u00e9serv\u00e9 aux sourcils, con\u00e7u pour rendre les poils de l&rsquo;arcade sourcili\u00e8re ob\u00e9issants, doux, soyeux et model\u00e9s. InLei\u00ae \u00ab\u00a0BROW LIFT 1\u00a0\u00bb est une action permanente efficace sur le poil, mais convient \u00e9galement au contact avec la peau, ce qui est in\u00e9vitable lors du traitement des sourcils. Sa densit\u00e9 [&hellip;]<\/p>\n","protected":false},"featured_media":8098,"template":"","meta":{"_acf_changed":false,"inline_featured_image":false},"product_cat":[129,139],"product_tag":[],"class_list":{"0":"post-1395","1":"product","2":"type-product","3":"status-publish","4":"has-post-thumbnail","6":"product_brand-in-lei","7":"product_cat-stylisation-a-long-terme-des-sourcils","8":"product_cat-produits-pour-rehaussement-des-soursils","10":"first","11":"instock","12":"shipping-taxable","13":"purchasable","14":"product-type-simple"},"acf":[],"yoast_head":"<!-- This site is optimized with the Yoast SEO plugin v26.6 - https:\/\/yoast.com\/wordpress\/plugins\/seo\/ -->\n<title>InLei &quot;BROW LIFT 1&quot; Lifting pour sourcils 6 pi\u00e8ces sachet 1,5 ml - LASHES&amp;BROWS by Nataliya Reinhard<\/title>\n<meta name=\"description\" content=\"InLei\u00ae BROW BOMBER est un traitement r\u00e9volutionnaire pour des sourcils parfaitement form\u00e9s, rendant les poils doux, soyeux et faciles \u00e0 modeler.\" \/>\n<meta name=\"robots\" content=\"index, follow, max-snippet:-1, max-image-preview:large, max-video-preview:-1\" \/>\n<link rel=\"canonical\" href=\"https:\/\/www.art-natur.ch\/fr\/produit\/inlei-brow-lift-1-lifting-pour-sourcils-6-pieces-sachet-15-ml\/\" \/>\n<meta property=\"og:locale\" content=\"fr_FR\" \/>\n<meta property=\"og:type\" content=\"article\" \/>\n<meta property=\"og:title\" content=\"InLei &quot;BROW LIFT 1&quot; Lifting pour sourcils 6 pi\u00e8ces sachet 1,5 ml - LASHES&amp;BROWS by Nataliya Reinhard\" \/>\n<meta property=\"og:description\" content=\"InLei\u00ae BROW BOMBER est un traitement r\u00e9volutionnaire pour des sourcils parfaitement form\u00e9s, rendant les poils doux, soyeux et faciles \u00e0 modeler.\" \/>\n<meta property=\"og:url\" content=\"https:\/\/www.art-natur.ch\/fr\/produit\/inlei-brow-lift-1-lifting-pour-sourcils-6-pieces-sachet-15-ml\/\" \/>\n<meta property=\"og:site_name\" content=\"LASHES&amp;BROWS by Nataliya Reinhard\" \/>\n<meta property=\"article:modified_time\" content=\"2024-10-18T15:22:04+00:00\" \/>\n<meta property=\"og:image\" content=\"https:\/\/www.art-natur.ch\/wp-content\/uploads\/2024\/09\/2511764254-Photoroom.png\" \/>\n\t<meta property=\"og:image:width\" content=\"600\" \/>\n\t<meta property=\"og:image:height\" content=\"800\" \/>\n\t<meta property=\"og:image:type\" content=\"image\/png\" \/>\n<meta name=\"twitter:card\" content=\"summary_large_image\" \/>\n<meta name=\"twitter:label1\" content=\"Dur\u00e9e de lecture estim\u00e9e\" \/>\n\t<meta name=\"twitter:data1\" content=\"2 minutes\" \/>\n<script type=\"application\/ld+json\" class=\"yoast-schema-graph\">{\"@context\":\"https:\/\/schema.org\",\"@graph\":[{\"@type\":\"WebPage\",\"@id\":\"https:\/\/www.art-natur.ch\/fr\/produit\/inlei-brow-lift-1-lifting-pour-sourcils-6-pieces-sachet-15-ml\/\",\"url\":\"https:\/\/www.art-natur.ch\/fr\/produit\/inlei-brow-lift-1-lifting-pour-sourcils-6-pieces-sachet-15-ml\/\",\"name\":\"InLei \\\"BROW LIFT 1\\\" Lifting pour sourcils 6 pi\u00e8ces sachet 1,5 ml - LASHES&amp;BROWS by Nataliya Reinhard\",\"isPartOf\":{\"@id\":\"https:\/\/www.art-natur.ch\/fr\/#website\"},\"primaryImageOfPage\":{\"@id\":\"https:\/\/www.art-natur.ch\/fr\/produit\/inlei-brow-lift-1-lifting-pour-sourcils-6-pieces-sachet-15-ml\/#primaryimage\"},\"image\":{\"@id\":\"https:\/\/www.art-natur.ch\/fr\/produit\/inlei-brow-lift-1-lifting-pour-sourcils-6-pieces-sachet-15-ml\/#primaryimage\"},\"thumbnailUrl\":\"https:\/\/www.art-natur.ch\/wp-content\/uploads\/2024\/09\/2511764254-Photoroom.png\",\"datePublished\":\"2024-09-25T07:20:39+00:00\",\"dateModified\":\"2024-10-18T15:22:04+00:00\",\"description\":\"InLei\u00ae BROW BOMBER est un traitement r\u00e9volutionnaire pour des sourcils parfaitement form\u00e9s, rendant les poils doux, soyeux et faciles \u00e0 modeler.\",\"breadcrumb\":{\"@id\":\"https:\/\/www.art-natur.ch\/fr\/produit\/inlei-brow-lift-1-lifting-pour-sourcils-6-pieces-sachet-15-ml\/#breadcrumb\"},\"inLanguage\":\"fr-FR\",\"potentialAction\":[{\"@type\":\"ReadAction\",\"target\":[\"https:\/\/www.art-natur.ch\/fr\/produit\/inlei-brow-lift-1-lifting-pour-sourcils-6-pieces-sachet-15-ml\/\"]}]},{\"@type\":\"ImageObject\",\"inLanguage\":\"fr-FR\",\"@id\":\"https:\/\/www.art-natur.ch\/fr\/produit\/inlei-brow-lift-1-lifting-pour-sourcils-6-pieces-sachet-15-ml\/#primaryimage\",\"url\":\"https:\/\/www.art-natur.ch\/wp-content\/uploads\/2024\/09\/2511764254-Photoroom.png\",\"contentUrl\":\"https:\/\/www.art-natur.ch\/wp-content\/uploads\/2024\/09\/2511764254-Photoroom.png\",\"width\":600,\"height\":800},{\"@type\":\"BreadcrumbList\",\"@id\":\"https:\/\/www.art-natur.ch\/fr\/produit\/inlei-brow-lift-1-lifting-pour-sourcils-6-pieces-sachet-15-ml\/#breadcrumb\",\"itemListElement\":[{\"@type\":\"ListItem\",\"position\":1,\"name\":\"Home\",\"item\":\"https:\/\/www.art-natur.ch\/fr\/\"},{\"@type\":\"ListItem\",\"position\":2,\"name\":\"Boutique\",\"item\":\"https:\/\/www.art-natur.ch\/shop\/\"},{\"@type\":\"ListItem\",\"position\":3,\"name\":\"InLei &#8222;BROW LIFT 1&#8220; Lifting pour sourcils 6 pi\u00e8ces sachet 1,5 ml\"}]},{\"@type\":\"WebSite\",\"@id\":\"https:\/\/www.art-natur.ch\/fr\/#website\",\"url\":\"https:\/\/www.art-natur.ch\/fr\/\",\"name\":\"LASHES&amp;BROWS by Nataliya Reinhard\",\"description\":\"High-quality lash and brow services with attention to every detail\",\"potentialAction\":[{\"@type\":\"SearchAction\",\"target\":{\"@type\":\"EntryPoint\",\"urlTemplate\":\"https:\/\/www.art-natur.ch\/fr\/?s={search_term_string}\"},\"query-input\":{\"@type\":\"PropertyValueSpecification\",\"valueRequired\":true,\"valueName\":\"search_term_string\"}}],\"inLanguage\":\"fr-FR\"}]}<\/script>\n<!-- \/ Yoast SEO plugin. -->","yoast_head_json":{"title":"InLei \"BROW LIFT 1\" Lifting pour sourcils 6 pi\u00e8ces sachet 1,5 ml - LASHES&amp;BROWS by Nataliya Reinhard","description":"InLei\u00ae BROW BOMBER est un traitement r\u00e9volutionnaire pour des sourcils parfaitement form\u00e9s, rendant les poils doux, soyeux et faciles \u00e0 modeler.","robots":{"index":"index","follow":"follow","max-snippet":"max-snippet:-1","max-image-preview":"max-image-preview:large","max-video-preview":"max-video-preview:-1"},"canonical":"https:\/\/www.art-natur.ch\/fr\/produit\/inlei-brow-lift-1-lifting-pour-sourcils-6-pieces-sachet-15-ml\/","og_locale":"fr_FR","og_type":"article","og_title":"InLei \"BROW LIFT 1\" Lifting pour sourcils 6 pi\u00e8ces sachet 1,5 ml - LASHES&amp;BROWS by Nataliya Reinhard","og_description":"InLei\u00ae BROW BOMBER est un traitement r\u00e9volutionnaire pour des sourcils parfaitement form\u00e9s, rendant les poils doux, soyeux et faciles \u00e0 modeler.","og_url":"https:\/\/www.art-natur.ch\/fr\/produit\/inlei-brow-lift-1-lifting-pour-sourcils-6-pieces-sachet-15-ml\/","og_site_name":"LASHES&amp;BROWS by Nataliya Reinhard","article_modified_time":"2024-10-18T15:22:04+00:00","og_image":[{"width":600,"height":800,"url":"https:\/\/www.art-natur.ch\/wp-content\/uploads\/2024\/09\/2511764254-Photoroom.png","type":"image\/png"}],"twitter_card":"summary_large_image","twitter_misc":{"Dur\u00e9e de lecture estim\u00e9e":"2 minutes"},"schema":{"@context":"https:\/\/schema.org","@graph":[{"@type":"WebPage","@id":"https:\/\/www.art-natur.ch\/fr\/produit\/inlei-brow-lift-1-lifting-pour-sourcils-6-pieces-sachet-15-ml\/","url":"https:\/\/www.art-natur.ch\/fr\/produit\/inlei-brow-lift-1-lifting-pour-sourcils-6-pieces-sachet-15-ml\/","name":"InLei \"BROW LIFT 1\" Lifting pour sourcils 6 pi\u00e8ces sachet 1,5 ml - LASHES&amp;BROWS by Nataliya Reinhard","isPartOf":{"@id":"https:\/\/www.art-natur.ch\/fr\/#website"},"primaryImageOfPage":{"@id":"https:\/\/www.art-natur.ch\/fr\/produit\/inlei-brow-lift-1-lifting-pour-sourcils-6-pieces-sachet-15-ml\/#primaryimage"},"image":{"@id":"https:\/\/www.art-natur.ch\/fr\/produit\/inlei-brow-lift-1-lifting-pour-sourcils-6-pieces-sachet-15-ml\/#primaryimage"},"thumbnailUrl":"https:\/\/www.art-natur.ch\/wp-content\/uploads\/2024\/09\/2511764254-Photoroom.png","datePublished":"2024-09-25T07:20:39+00:00","dateModified":"2024-10-18T15:22:04+00:00","description":"InLei\u00ae BROW BOMBER est un traitement r\u00e9volutionnaire pour des sourcils parfaitement form\u00e9s, rendant les poils doux, soyeux et faciles \u00e0 modeler.","breadcrumb":{"@id":"https:\/\/www.art-natur.ch\/fr\/produit\/inlei-brow-lift-1-lifting-pour-sourcils-6-pieces-sachet-15-ml\/#breadcrumb"},"inLanguage":"fr-FR","potentialAction":[{"@type":"ReadAction","target":["https:\/\/www.art-natur.ch\/fr\/produit\/inlei-brow-lift-1-lifting-pour-sourcils-6-pieces-sachet-15-ml\/"]}]},{"@type":"ImageObject","inLanguage":"fr-FR","@id":"https:\/\/www.art-natur.ch\/fr\/produit\/inlei-brow-lift-1-lifting-pour-sourcils-6-pieces-sachet-15-ml\/#primaryimage","url":"https:\/\/www.art-natur.ch\/wp-content\/uploads\/2024\/09\/2511764254-Photoroom.png","contentUrl":"https:\/\/www.art-natur.ch\/wp-content\/uploads\/2024\/09\/2511764254-Photoroom.png","width":600,"height":800},{"@type":"BreadcrumbList","@id":"https:\/\/www.art-natur.ch\/fr\/produit\/inlei-brow-lift-1-lifting-pour-sourcils-6-pieces-sachet-15-ml\/#breadcrumb","itemListElement":[{"@type":"ListItem","position":1,"name":"Home","item":"https:\/\/www.art-natur.ch\/fr\/"},{"@type":"ListItem","position":2,"name":"Boutique","item":"https:\/\/www.art-natur.ch\/shop\/"},{"@type":"ListItem","position":3,"name":"InLei &#8222;BROW LIFT 1&#8220; Lifting pour sourcils 6 pi\u00e8ces sachet 1,5 ml"}]},{"@type":"WebSite","@id":"https:\/\/www.art-natur.ch\/fr\/#website","url":"https:\/\/www.art-natur.ch\/fr\/","name":"LASHES&amp;BROWS by Nataliya Reinhard","description":"High-quality lash and brow services with attention to every detail","potentialAction":[{"@type":"SearchAction","target":{"@type":"EntryPoint","urlTemplate":"https:\/\/www.art-natur.ch\/fr\/?s={search_term_string}"},"query-input":{"@type":"PropertyValueSpecification","valueRequired":true,"valueName":"search_term_string"}}],"inLanguage":"fr-FR"}]}},"_links":{"self":[{"href":"https:\/\/www.art-natur.ch\/fr\/wp-json\/wp\/v2\/product\/1395","targetHints":{"allow":["GET"]}}],"collection":[{"href":"https:\/\/www.art-natur.ch\/fr\/wp-json\/wp\/v2\/product"}],"about":[{"href":"https:\/\/www.art-natur.ch\/fr\/wp-json\/wp\/v2\/types\/product"}],"wp:featuredmedia":[{"embeddable":true,"href":"https:\/\/www.art-natur.ch\/fr\/wp-json\/wp\/v2\/media\/8098"}],"wp:attachment":[{"href":"https:\/\/www.art-natur.ch\/fr\/wp-json\/wp\/v2\/media?parent=1395"}],"wp:term":[{"taxonomy":"product_cat","embeddable":true,"href":"https:\/\/www.art-natur.ch\/fr\/wp-json\/wp\/v2\/product_cat?post=1395"},{"taxonomy":"product_tag","embeddable":true,"href":"https:\/\/www.art-natur.ch\/fr\/wp-json\/wp\/v2\/product_tag?post=1395"}],"curies":[{"name":"wp","href":"https:\/\/api.w.org\/{rel}","templated":true}]}}