{"id":1419,"date":"2024-09-25T09:51:52","date_gmt":"2024-09-25T08:51:52","guid":{"rendered":"https:\/\/www.art-natur.ch\/product\/inlei-brow-lock-2-fixation-pour-sourcils-6-pieces-sachet-15-ml\/"},"modified":"2025-01-20T23:01:31","modified_gmt":"2025-01-20T22:01:31","slug":"inlei-brow-lock-2-fixation-pour-sourcils-6-pieces-sachet-15-ml","status":"publish","type":"product","link":"https:\/\/www.art-natur.ch\/fr\/produit\/inlei-brow-lock-2-fixation-pour-sourcils-6-pieces-sachet-15-ml\/","title":{"rendered":"InLei \u00ab\u00a0BROW LOCK 2\u00a0\u00bb Fixation pour sourcils 6 pi\u00e8ces sachet 1,5 ml"},"content":{"rendered":"<p>InLei\u00ae BROW BOMBER est un traitement professionnel r\u00e9volutionnaire r\u00e9serv\u00e9 aux sourcils, con\u00e7u pour rendre les poils de l&rsquo;arcade sourcili\u00e8re ob\u00e9issants, doux, soyeux et model\u00e9s.<\/p>\n<p>La deuxi\u00e8me solution InLei\u00ae \u00ab\u00a0BROW LOCK 2\u00a0\u00bb &#8211; fixation pour les sourcils &#8211; interagit parfaitement avec la premi\u00e8re solution, la soutient et agit en peu de temps.<\/p>\n<p>Mode d&#8217;emploi :<\/p>\n<ul>\n<li>Il est utilis\u00e9 apr\u00e8s le traitement permanent InLei\u00ae \u00ab\u00a0BROW LIFT 1\u00a0\u00bb pour les sourcils.<\/li>\n<li>Formez les sourcils avec le GEL FIXANT InLei\u00ae et la brosse F InLei\u00ae.<\/li>\n<li>Placez les cheveux dans la forme et la position souhait\u00e9es.<\/li>\n<li>InLei\u00ae \u00ab\u00a0BROW LOCK 2\u00a0\u00bb &#8211; fixation pour les sourcils.<\/li>\n<li>Laissez agir pendant 5 \u00e0 8 minutes.<\/li>\n<li>Retirez le produit \u00e0 l&rsquo;aide d&rsquo;un coton humide. 7<\/li>\n<li>Continuez avec la coloration.<\/li>\n<\/ul>\n<p>Ne faites pas d&rsquo;exp\u00e9riences en combinant diff\u00e9rentes marques. Le r\u00e9sultat n&rsquo;est pas forc\u00e9ment pr\u00e9visible.<\/p>\n<p>Il est absolument interdit de l&rsquo;utiliser sur les cils, cela peut provoquer de graves l\u00e9sions oculaires.<\/p>\n","protected":false},"excerpt":{"rendered":"<p>InLei\u00ae BROW BOMBER est un traitement professionnel r\u00e9volutionnaire r\u00e9serv\u00e9 aux sourcils, con\u00e7u pour rendre les poils de l&rsquo;arcade sourcili\u00e8re ob\u00e9issants, doux, soyeux et model\u00e9s. La deuxi\u00e8me solution InLei\u00ae \u00ab\u00a0BROW LOCK 2\u00a0\u00bb &#8211; fixation pour les sourcils &#8211; interagit parfaitement avec la premi\u00e8re solution, la soutient et agit en peu de temps. Mode d&#8217;emploi : Il [&hellip;]<\/p>\n","protected":false},"featured_media":8081,"template":"","meta":{"_acf_changed":false,"inline_featured_image":false},"product_cat":[129,139],"product_tag":[],"class_list":{"0":"post-1419","1":"product","2":"type-product","3":"status-publish","4":"has-post-thumbnail","6":"product_brand-in-lei","7":"product_cat-stylisation-a-long-terme-des-sourcils","8":"product_cat-produits-pour-rehaussement-des-soursils","10":"first","11":"instock","12":"shipping-taxable","13":"purchasable","14":"product-type-simple"},"acf":[],"yoast_head":"<!-- This site is optimized with the Yoast SEO plugin v26.6 - https:\/\/yoast.com\/wordpress\/plugins\/seo\/ -->\n<title>InLei &quot;BROW LOCK 2&quot; Fixation pour sourcils 6 pi\u00e8ces sachet 1,5 ml - LASHES&amp;BROWS by Nataliya Reinhard<\/title>\n<meta name=\"description\" content=\"InLei\u00ae BROW BOMBER : Un traitement r\u00e9volutionnaire pour des sourcils sculpt\u00e9s, doux, ob\u00e9issants et soyeusement model\u00e9s en 3 \u00e9tapes.\" \/>\n<meta name=\"robots\" content=\"index, follow, max-snippet:-1, max-image-preview:large, max-video-preview:-1\" \/>\n<link rel=\"canonical\" href=\"https:\/\/www.art-natur.ch\/fr\/produit\/inlei-brow-lock-2-fixation-pour-sourcils-6-pieces-sachet-15-ml\/\" \/>\n<meta property=\"og:locale\" content=\"fr_FR\" \/>\n<meta property=\"og:type\" content=\"article\" \/>\n<meta property=\"og:title\" content=\"InLei &quot;BROW LOCK 2&quot; Fixation pour sourcils 6 pi\u00e8ces sachet 1,5 ml - LASHES&amp;BROWS by Nataliya Reinhard\" \/>\n<meta property=\"og:description\" content=\"InLei\u00ae BROW BOMBER : Un traitement r\u00e9volutionnaire pour des sourcils sculpt\u00e9s, doux, ob\u00e9issants et soyeusement model\u00e9s en 3 \u00e9tapes.\" \/>\n<meta property=\"og:url\" content=\"https:\/\/www.art-natur.ch\/fr\/produit\/inlei-brow-lock-2-fixation-pour-sourcils-6-pieces-sachet-15-ml\/\" \/>\n<meta property=\"og:site_name\" content=\"LASHES&amp;BROWS by Nataliya Reinhard\" \/>\n<meta property=\"article:modified_time\" content=\"2025-01-20T22:01:31+00:00\" \/>\n<meta property=\"og:image\" content=\"https:\/\/www.art-natur.ch\/wp-content\/uploads\/2024\/09\/2511764409-Photoroom.png\" \/>\n\t<meta property=\"og:image:width\" content=\"600\" \/>\n\t<meta property=\"og:image:height\" content=\"800\" \/>\n\t<meta property=\"og:image:type\" content=\"image\/png\" \/>\n<meta name=\"twitter:card\" content=\"summary_large_image\" \/>\n<meta name=\"twitter:label1\" content=\"Dur\u00e9e de lecture estim\u00e9e\" \/>\n\t<meta name=\"twitter:data1\" content=\"1 minute\" \/>\n<script type=\"application\/ld+json\" class=\"yoast-schema-graph\">{\"@context\":\"https:\/\/schema.org\",\"@graph\":[{\"@type\":\"WebPage\",\"@id\":\"https:\/\/www.art-natur.ch\/fr\/produit\/inlei-brow-lock-2-fixation-pour-sourcils-6-pieces-sachet-15-ml\/\",\"url\":\"https:\/\/www.art-natur.ch\/fr\/produit\/inlei-brow-lock-2-fixation-pour-sourcils-6-pieces-sachet-15-ml\/\",\"name\":\"InLei \\\"BROW LOCK 2\\\" Fixation pour sourcils 6 pi\u00e8ces sachet 1,5 ml - LASHES&amp;BROWS by Nataliya Reinhard\",\"isPartOf\":{\"@id\":\"https:\/\/www.art-natur.ch\/fr\/#website\"},\"primaryImageOfPage\":{\"@id\":\"https:\/\/www.art-natur.ch\/fr\/produit\/inlei-brow-lock-2-fixation-pour-sourcils-6-pieces-sachet-15-ml\/#primaryimage\"},\"image\":{\"@id\":\"https:\/\/www.art-natur.ch\/fr\/produit\/inlei-brow-lock-2-fixation-pour-sourcils-6-pieces-sachet-15-ml\/#primaryimage\"},\"thumbnailUrl\":\"https:\/\/www.art-natur.ch\/wp-content\/uploads\/2024\/09\/2511764409-Photoroom.png\",\"datePublished\":\"2024-09-25T08:51:52+00:00\",\"dateModified\":\"2025-01-20T22:01:31+00:00\",\"description\":\"InLei\u00ae BROW BOMBER : Un traitement r\u00e9volutionnaire pour des sourcils sculpt\u00e9s, doux, ob\u00e9issants et soyeusement model\u00e9s en 3 \u00e9tapes.\",\"breadcrumb\":{\"@id\":\"https:\/\/www.art-natur.ch\/fr\/produit\/inlei-brow-lock-2-fixation-pour-sourcils-6-pieces-sachet-15-ml\/#breadcrumb\"},\"inLanguage\":\"fr-FR\",\"potentialAction\":[{\"@type\":\"ReadAction\",\"target\":[\"https:\/\/www.art-natur.ch\/fr\/produit\/inlei-brow-lock-2-fixation-pour-sourcils-6-pieces-sachet-15-ml\/\"]}]},{\"@type\":\"ImageObject\",\"inLanguage\":\"fr-FR\",\"@id\":\"https:\/\/www.art-natur.ch\/fr\/produit\/inlei-brow-lock-2-fixation-pour-sourcils-6-pieces-sachet-15-ml\/#primaryimage\",\"url\":\"https:\/\/www.art-natur.ch\/wp-content\/uploads\/2024\/09\/2511764409-Photoroom.png\",\"contentUrl\":\"https:\/\/www.art-natur.ch\/wp-content\/uploads\/2024\/09\/2511764409-Photoroom.png\",\"width\":600,\"height\":800},{\"@type\":\"BreadcrumbList\",\"@id\":\"https:\/\/www.art-natur.ch\/fr\/produit\/inlei-brow-lock-2-fixation-pour-sourcils-6-pieces-sachet-15-ml\/#breadcrumb\",\"itemListElement\":[{\"@type\":\"ListItem\",\"position\":1,\"name\":\"Home\",\"item\":\"https:\/\/www.art-natur.ch\/fr\/\"},{\"@type\":\"ListItem\",\"position\":2,\"name\":\"Boutique\",\"item\":\"https:\/\/www.art-natur.ch\/shop\/\"},{\"@type\":\"ListItem\",\"position\":3,\"name\":\"InLei \u00ab\u00a0BROW LOCK 2\u00a0\u00bb Fixation pour sourcils 6 pi\u00e8ces sachet 1,5 ml\"}]},{\"@type\":\"WebSite\",\"@id\":\"https:\/\/www.art-natur.ch\/fr\/#website\",\"url\":\"https:\/\/www.art-natur.ch\/fr\/\",\"name\":\"LASHES&amp;BROWS by Nataliya Reinhard\",\"description\":\"High-quality lash and brow services with attention to every detail\",\"potentialAction\":[{\"@type\":\"SearchAction\",\"target\":{\"@type\":\"EntryPoint\",\"urlTemplate\":\"https:\/\/www.art-natur.ch\/fr\/?s={search_term_string}\"},\"query-input\":{\"@type\":\"PropertyValueSpecification\",\"valueRequired\":true,\"valueName\":\"search_term_string\"}}],\"inLanguage\":\"fr-FR\"}]}<\/script>\n<!-- \/ Yoast SEO plugin. -->","yoast_head_json":{"title":"InLei \"BROW LOCK 2\" Fixation pour sourcils 6 pi\u00e8ces sachet 1,5 ml - LASHES&amp;BROWS by Nataliya Reinhard","description":"InLei\u00ae BROW BOMBER : Un traitement r\u00e9volutionnaire pour des sourcils sculpt\u00e9s, doux, ob\u00e9issants et soyeusement model\u00e9s en 3 \u00e9tapes.","robots":{"index":"index","follow":"follow","max-snippet":"max-snippet:-1","max-image-preview":"max-image-preview:large","max-video-preview":"max-video-preview:-1"},"canonical":"https:\/\/www.art-natur.ch\/fr\/produit\/inlei-brow-lock-2-fixation-pour-sourcils-6-pieces-sachet-15-ml\/","og_locale":"fr_FR","og_type":"article","og_title":"InLei \"BROW LOCK 2\" Fixation pour sourcils 6 pi\u00e8ces sachet 1,5 ml - LASHES&amp;BROWS by Nataliya Reinhard","og_description":"InLei\u00ae BROW BOMBER : Un traitement r\u00e9volutionnaire pour des sourcils sculpt\u00e9s, doux, ob\u00e9issants et soyeusement model\u00e9s en 3 \u00e9tapes.","og_url":"https:\/\/www.art-natur.ch\/fr\/produit\/inlei-brow-lock-2-fixation-pour-sourcils-6-pieces-sachet-15-ml\/","og_site_name":"LASHES&amp;BROWS by Nataliya Reinhard","article_modified_time":"2025-01-20T22:01:31+00:00","og_image":[{"width":600,"height":800,"url":"https:\/\/www.art-natur.ch\/wp-content\/uploads\/2024\/09\/2511764409-Photoroom.png","type":"image\/png"}],"twitter_card":"summary_large_image","twitter_misc":{"Dur\u00e9e de lecture estim\u00e9e":"1 minute"},"schema":{"@context":"https:\/\/schema.org","@graph":[{"@type":"WebPage","@id":"https:\/\/www.art-natur.ch\/fr\/produit\/inlei-brow-lock-2-fixation-pour-sourcils-6-pieces-sachet-15-ml\/","url":"https:\/\/www.art-natur.ch\/fr\/produit\/inlei-brow-lock-2-fixation-pour-sourcils-6-pieces-sachet-15-ml\/","name":"InLei \"BROW LOCK 2\" Fixation pour sourcils 6 pi\u00e8ces sachet 1,5 ml - LASHES&amp;BROWS by Nataliya Reinhard","isPartOf":{"@id":"https:\/\/www.art-natur.ch\/fr\/#website"},"primaryImageOfPage":{"@id":"https:\/\/www.art-natur.ch\/fr\/produit\/inlei-brow-lock-2-fixation-pour-sourcils-6-pieces-sachet-15-ml\/#primaryimage"},"image":{"@id":"https:\/\/www.art-natur.ch\/fr\/produit\/inlei-brow-lock-2-fixation-pour-sourcils-6-pieces-sachet-15-ml\/#primaryimage"},"thumbnailUrl":"https:\/\/www.art-natur.ch\/wp-content\/uploads\/2024\/09\/2511764409-Photoroom.png","datePublished":"2024-09-25T08:51:52+00:00","dateModified":"2025-01-20T22:01:31+00:00","description":"InLei\u00ae BROW BOMBER : Un traitement r\u00e9volutionnaire pour des sourcils sculpt\u00e9s, doux, ob\u00e9issants et soyeusement model\u00e9s en 3 \u00e9tapes.","breadcrumb":{"@id":"https:\/\/www.art-natur.ch\/fr\/produit\/inlei-brow-lock-2-fixation-pour-sourcils-6-pieces-sachet-15-ml\/#breadcrumb"},"inLanguage":"fr-FR","potentialAction":[{"@type":"ReadAction","target":["https:\/\/www.art-natur.ch\/fr\/produit\/inlei-brow-lock-2-fixation-pour-sourcils-6-pieces-sachet-15-ml\/"]}]},{"@type":"ImageObject","inLanguage":"fr-FR","@id":"https:\/\/www.art-natur.ch\/fr\/produit\/inlei-brow-lock-2-fixation-pour-sourcils-6-pieces-sachet-15-ml\/#primaryimage","url":"https:\/\/www.art-natur.ch\/wp-content\/uploads\/2024\/09\/2511764409-Photoroom.png","contentUrl":"https:\/\/www.art-natur.ch\/wp-content\/uploads\/2024\/09\/2511764409-Photoroom.png","width":600,"height":800},{"@type":"BreadcrumbList","@id":"https:\/\/www.art-natur.ch\/fr\/produit\/inlei-brow-lock-2-fixation-pour-sourcils-6-pieces-sachet-15-ml\/#breadcrumb","itemListElement":[{"@type":"ListItem","position":1,"name":"Home","item":"https:\/\/www.art-natur.ch\/fr\/"},{"@type":"ListItem","position":2,"name":"Boutique","item":"https:\/\/www.art-natur.ch\/shop\/"},{"@type":"ListItem","position":3,"name":"InLei \u00ab\u00a0BROW LOCK 2\u00a0\u00bb Fixation pour sourcils 6 pi\u00e8ces sachet 1,5 ml"}]},{"@type":"WebSite","@id":"https:\/\/www.art-natur.ch\/fr\/#website","url":"https:\/\/www.art-natur.ch\/fr\/","name":"LASHES&amp;BROWS by Nataliya Reinhard","description":"High-quality lash and brow services with attention to every detail","potentialAction":[{"@type":"SearchAction","target":{"@type":"EntryPoint","urlTemplate":"https:\/\/www.art-natur.ch\/fr\/?s={search_term_string}"},"query-input":{"@type":"PropertyValueSpecification","valueRequired":true,"valueName":"search_term_string"}}],"inLanguage":"fr-FR"}]}},"_links":{"self":[{"href":"https:\/\/www.art-natur.ch\/fr\/wp-json\/wp\/v2\/product\/1419","targetHints":{"allow":["GET"]}}],"collection":[{"href":"https:\/\/www.art-natur.ch\/fr\/wp-json\/wp\/v2\/product"}],"about":[{"href":"https:\/\/www.art-natur.ch\/fr\/wp-json\/wp\/v2\/types\/product"}],"wp:featuredmedia":[{"embeddable":true,"href":"https:\/\/www.art-natur.ch\/fr\/wp-json\/wp\/v2\/media\/8081"}],"wp:attachment":[{"href":"https:\/\/www.art-natur.ch\/fr\/wp-json\/wp\/v2\/media?parent=1419"}],"wp:term":[{"taxonomy":"product_cat","embeddable":true,"href":"https:\/\/www.art-natur.ch\/fr\/wp-json\/wp\/v2\/product_cat?post=1419"},{"taxonomy":"product_tag","embeddable":true,"href":"https:\/\/www.art-natur.ch\/fr\/wp-json\/wp\/v2\/product_tag?post=1419"}],"curies":[{"name":"wp","href":"https:\/\/api.w.org\/{rel}","templated":true}]}}