{"id":1464,"date":"2024-09-25T14:56:00","date_gmt":"2024-09-25T12:56:00","guid":{"rendered":"https:\/\/www.art-natur.ch\/product\/inlei-color-chart-nuancier-melanges\/"},"modified":"2024-10-13T23:16:29","modified_gmt":"2024-10-13T21:16:29","slug":"inlei-color-chart-nuancier-melanges","status":"publish","type":"product","link":"https:\/\/www.art-natur.ch\/fr\/produit\/inlei-color-chart-nuancier-melanges\/","title":{"rendered":"InLei \u00ab\u00a0COLOR CHART\u00a0\u00bb &#8211; nuancier + m\u00e9langes"},"content":{"rendered":"<p>InLei\u00ae \u00ab\u00a0COLOR CHART\u00a0\u00bb est un outil de r\u00e9f\u00e9rence indispensable pour la teinture des cils et des sourcils. Il contient des m\u00e8ches synth\u00e9tiques color\u00e9es qui refl\u00e8tent chaque couleur, nettoy\u00e9es et m\u00e9lang\u00e9es \u00e0 partir de colorants InLei\u00ae.<\/p>\n<p>La teinture, qui utilise des colorants indirects, est un processus tr\u00e8s complexe. En fait, il est souvent tr\u00e8s difficile de reconna\u00eetre la bonne utilisation de la couleur en fonction du r\u00e9sultat que l&rsquo;on veut obtenir. Bien s\u00fbr, nous savons que si nous choisissons un Brow, le r\u00e9sultat sera un brun, mais sera-t-il disponible dans la nuance que nous recherchons ? Plus sombre, plus clair, plus intense&#8230; Savez-vous quel pigment pr\u00e9domine (rouge, vert&#8230;) dans une teinture donn\u00e9e ? Savez-vous comment il r\u00e9agit en fonction de la base ? Il faut de nombreux essais pour atteindre l&rsquo;exp\u00e9rience maximale qui vous permet de reconna\u00eetre d&rsquo;un coup d&rsquo;\u0153il le bon colorant dont vous avez besoin (ou le m\u00e9lange entre 2 couleurs) et le bon rapport de m\u00e9lange avec l&rsquo;oxydant.<\/p>\n<p>Voici donc le premier tableau qui pr\u00e9sente toutes les couleurs InLei\u00ae disponibles dans leur \u00e9tat propre (\u00ab\u00a0propre\u00a0\u00bb signifie que la couleur que l&rsquo;on voit dans le tableau des couleurs est obtenue sur une base neutre, un brin incolore ou blanc). Mais ce n&rsquo;est pas tout&#8230; Il vous propose \u00e9galement des m\u00e9langes pr\u00eats \u00e0 l&#8217;emploi (entre couleurs) avec des dosages fixes. A l&rsquo;aide de ce tableau, vous pouvez reconna\u00eetre le pigment qui pr\u00e9vaut dans chaque brun disponible, v\u00e9rifier le point d&rsquo;\u00e9claircissement (il contient une \u00e9chelle gradu\u00e9e dans la section blanchiment) et proposer la couleur souhait\u00e9e au client en la lui montrant en direct.<br \/>\nIMPORTANT :<\/p>\n<p>Rappelez-vous que si la base du cheveu (couleur de fond) a d\u00e9j\u00e0 une couleur forte (fonc\u00e9e), nous ne pouvons que donner un reflet ou une nuance diff\u00e9rente avec la teinture. Nous pr\u00e9cisons donc qu&rsquo;il n&rsquo;est pas possible d&rsquo;obtenir une couche plus claire \u00e0 partir d&rsquo;une base sombre, les couches sombres ne s&rsquo;\u00e9claircissent pas avec la seule utilisation d&rsquo;une teinte plus claire ! Dans ce cas, il est n\u00e9cessaire de blanchir d&rsquo;abord et de teindre ensuite.<br \/>\nEXEMPLE :<\/p>\n<p>Couleur de base : brun tr\u00e8s fonc\u00e9,<br \/>\nOn souhaite obtenir : brun clair<br \/>\nProc\u00e9d\u00e9 de travail : blanchir d&rsquo;abord la couche, puis seulement appliquer la couleur d\u00e9sir\u00e9e.<br \/>\nN.B : Apr\u00e8s la d\u00e9coloration, la coloration n\u00e9cessite un temps d&rsquo;application plus court, quelques minutes seulement sont n\u00e9cessaires (temps d\u00e9pendant de la structure du cheveu).<\/p>\n","protected":false},"excerpt":{"rendered":"<p>InLei\u00ae \u00ab\u00a0COLOR CHART\u00a0\u00bb est un outil de r\u00e9f\u00e9rence indispensable pour la teinture des cils et des sourcils. Il contient des m\u00e8ches synth\u00e9tiques color\u00e9es qui refl\u00e8tent chaque couleur, nettoy\u00e9es et m\u00e9lang\u00e9es \u00e0 partir de colorants InLei\u00ae. La teinture, qui utilise des colorants indirects, est un processus tr\u00e8s complexe. En fait, il est souvent tr\u00e8s difficile de [&hellip;]<\/p>\n","protected":false},"featured_media":8053,"template":"","meta":{"_acf_changed":false,"inline_featured_image":false},"product_cat":[119,124,129,150,162,166,647],"product_tag":[],"class_list":{"0":"post-1464","1":"product","2":"type-product","3":"status-publish","4":"has-post-thumbnail","6":"product_brand-in-lei","7":"product_cat-coloration-et-correction-des-sourcils","8":"product_cat-produits-de-coloration-des-sourcils","9":"product_cat-stylisation-a-long-terme-des-sourcils","10":"product_cat-rehaussement-des-cils","11":"product_cat-coloration-des-cils","12":"product_cat-coloration","13":"product_cat-produits-pour-teindre-les-sourcils-2","15":"first","16":"instock","17":"shipping-taxable","18":"purchasable","19":"product-type-simple"},"acf":[],"yoast_head":"<!-- This site is optimized with the Yoast SEO plugin v26.6 - https:\/\/yoast.com\/wordpress\/plugins\/seo\/ -->\n<title>InLei &quot;COLOR CHART&quot; - nuancier + m\u00e9langes - LASHES&amp;BROWS by Nataliya Reinhard<\/title>\n<meta name=\"description\" content=\"InLei\u00ae COLOR CHART est un guide essentiel pour la teinture des cils et sourcils, avec des nuances pures et des m\u00e9langes pr\u00eats \u00e0 l\u2019emploi.\" \/>\n<meta name=\"robots\" content=\"index, follow, max-snippet:-1, max-image-preview:large, max-video-preview:-1\" \/>\n<link rel=\"canonical\" href=\"https:\/\/www.art-natur.ch\/fr\/produit\/inlei-color-chart-nuancier-melanges\/\" \/>\n<meta property=\"og:locale\" content=\"fr_FR\" \/>\n<meta property=\"og:type\" content=\"article\" \/>\n<meta property=\"og:title\" content=\"InLei &quot;COLOR CHART&quot; - nuancier + m\u00e9langes - LASHES&amp;BROWS by Nataliya Reinhard\" \/>\n<meta property=\"og:description\" content=\"InLei\u00ae COLOR CHART est un guide essentiel pour la teinture des cils et sourcils, avec des nuances pures et des m\u00e9langes pr\u00eats \u00e0 l\u2019emploi.\" \/>\n<meta property=\"og:url\" content=\"https:\/\/www.art-natur.ch\/fr\/produit\/inlei-color-chart-nuancier-melanges\/\" \/>\n<meta property=\"og:site_name\" content=\"LASHES&amp;BROWS by Nataliya Reinhard\" \/>\n<meta property=\"article:modified_time\" content=\"2024-10-13T21:16:29+00:00\" \/>\n<meta property=\"og:image\" content=\"https:\/\/www.art-natur.ch\/wp-content\/uploads\/2024\/09\/2520752691-Photoroom.png\" \/>\n\t<meta property=\"og:image:width\" content=\"720\" \/>\n\t<meta property=\"og:image:height\" content=\"720\" \/>\n\t<meta property=\"og:image:type\" content=\"image\/png\" \/>\n<meta name=\"twitter:card\" content=\"summary_large_image\" \/>\n<meta name=\"twitter:label1\" content=\"Dur\u00e9e de lecture estim\u00e9e\" \/>\n\t<meta name=\"twitter:data1\" content=\"2 minutes\" \/>\n<script type=\"application\/ld+json\" class=\"yoast-schema-graph\">{\"@context\":\"https:\/\/schema.org\",\"@graph\":[{\"@type\":\"WebPage\",\"@id\":\"https:\/\/www.art-natur.ch\/fr\/produit\/inlei-color-chart-nuancier-melanges\/\",\"url\":\"https:\/\/www.art-natur.ch\/fr\/produit\/inlei-color-chart-nuancier-melanges\/\",\"name\":\"InLei \\\"COLOR CHART\\\" - nuancier + m\u00e9langes - LASHES&amp;BROWS by Nataliya Reinhard\",\"isPartOf\":{\"@id\":\"https:\/\/www.art-natur.ch\/fr\/#website\"},\"primaryImageOfPage\":{\"@id\":\"https:\/\/www.art-natur.ch\/fr\/produit\/inlei-color-chart-nuancier-melanges\/#primaryimage\"},\"image\":{\"@id\":\"https:\/\/www.art-natur.ch\/fr\/produit\/inlei-color-chart-nuancier-melanges\/#primaryimage\"},\"thumbnailUrl\":\"https:\/\/www.art-natur.ch\/wp-content\/uploads\/2024\/09\/2520752691-Photoroom.png\",\"datePublished\":\"2024-09-25T12:56:00+00:00\",\"dateModified\":\"2024-10-13T21:16:29+00:00\",\"description\":\"InLei\u00ae COLOR CHART est un guide essentiel pour la teinture des cils et sourcils, avec des nuances pures et des m\u00e9langes pr\u00eats \u00e0 l\u2019emploi.\",\"breadcrumb\":{\"@id\":\"https:\/\/www.art-natur.ch\/fr\/produit\/inlei-color-chart-nuancier-melanges\/#breadcrumb\"},\"inLanguage\":\"fr-FR\",\"potentialAction\":[{\"@type\":\"ReadAction\",\"target\":[\"https:\/\/www.art-natur.ch\/fr\/produit\/inlei-color-chart-nuancier-melanges\/\"]}]},{\"@type\":\"ImageObject\",\"inLanguage\":\"fr-FR\",\"@id\":\"https:\/\/www.art-natur.ch\/fr\/produit\/inlei-color-chart-nuancier-melanges\/#primaryimage\",\"url\":\"https:\/\/www.art-natur.ch\/wp-content\/uploads\/2024\/09\/2520752691-Photoroom.png\",\"contentUrl\":\"https:\/\/www.art-natur.ch\/wp-content\/uploads\/2024\/09\/2520752691-Photoroom.png\",\"width\":720,\"height\":720},{\"@type\":\"BreadcrumbList\",\"@id\":\"https:\/\/www.art-natur.ch\/fr\/produit\/inlei-color-chart-nuancier-melanges\/#breadcrumb\",\"itemListElement\":[{\"@type\":\"ListItem\",\"position\":1,\"name\":\"Home\",\"item\":\"https:\/\/www.art-natur.ch\/fr\/\"},{\"@type\":\"ListItem\",\"position\":2,\"name\":\"Boutique\",\"item\":\"https:\/\/www.art-natur.ch\/shop\/\"},{\"@type\":\"ListItem\",\"position\":3,\"name\":\"InLei &#8222;COLOR CHART&#8220; &#8211; nuancier + m\u00e9langes\"}]},{\"@type\":\"WebSite\",\"@id\":\"https:\/\/www.art-natur.ch\/fr\/#website\",\"url\":\"https:\/\/www.art-natur.ch\/fr\/\",\"name\":\"LASHES&amp;BROWS by Nataliya Reinhard\",\"description\":\"High-quality lash and brow services with attention to every detail\",\"potentialAction\":[{\"@type\":\"SearchAction\",\"target\":{\"@type\":\"EntryPoint\",\"urlTemplate\":\"https:\/\/www.art-natur.ch\/fr\/?s={search_term_string}\"},\"query-input\":{\"@type\":\"PropertyValueSpecification\",\"valueRequired\":true,\"valueName\":\"search_term_string\"}}],\"inLanguage\":\"fr-FR\"}]}<\/script>\n<!-- \/ Yoast SEO plugin. -->","yoast_head_json":{"title":"InLei \"COLOR CHART\" - nuancier + m\u00e9langes - LASHES&amp;BROWS by Nataliya Reinhard","description":"InLei\u00ae COLOR CHART est un guide essentiel pour la teinture des cils et sourcils, avec des nuances pures et des m\u00e9langes pr\u00eats \u00e0 l\u2019emploi.","robots":{"index":"index","follow":"follow","max-snippet":"max-snippet:-1","max-image-preview":"max-image-preview:large","max-video-preview":"max-video-preview:-1"},"canonical":"https:\/\/www.art-natur.ch\/fr\/produit\/inlei-color-chart-nuancier-melanges\/","og_locale":"fr_FR","og_type":"article","og_title":"InLei \"COLOR CHART\" - nuancier + m\u00e9langes - LASHES&amp;BROWS by Nataliya Reinhard","og_description":"InLei\u00ae COLOR CHART est un guide essentiel pour la teinture des cils et sourcils, avec des nuances pures et des m\u00e9langes pr\u00eats \u00e0 l\u2019emploi.","og_url":"https:\/\/www.art-natur.ch\/fr\/produit\/inlei-color-chart-nuancier-melanges\/","og_site_name":"LASHES&amp;BROWS by Nataliya Reinhard","article_modified_time":"2024-10-13T21:16:29+00:00","og_image":[{"width":720,"height":720,"url":"https:\/\/www.art-natur.ch\/wp-content\/uploads\/2024\/09\/2520752691-Photoroom.png","type":"image\/png"}],"twitter_card":"summary_large_image","twitter_misc":{"Dur\u00e9e de lecture estim\u00e9e":"2 minutes"},"schema":{"@context":"https:\/\/schema.org","@graph":[{"@type":"WebPage","@id":"https:\/\/www.art-natur.ch\/fr\/produit\/inlei-color-chart-nuancier-melanges\/","url":"https:\/\/www.art-natur.ch\/fr\/produit\/inlei-color-chart-nuancier-melanges\/","name":"InLei \"COLOR CHART\" - nuancier + m\u00e9langes - LASHES&amp;BROWS by Nataliya Reinhard","isPartOf":{"@id":"https:\/\/www.art-natur.ch\/fr\/#website"},"primaryImageOfPage":{"@id":"https:\/\/www.art-natur.ch\/fr\/produit\/inlei-color-chart-nuancier-melanges\/#primaryimage"},"image":{"@id":"https:\/\/www.art-natur.ch\/fr\/produit\/inlei-color-chart-nuancier-melanges\/#primaryimage"},"thumbnailUrl":"https:\/\/www.art-natur.ch\/wp-content\/uploads\/2024\/09\/2520752691-Photoroom.png","datePublished":"2024-09-25T12:56:00+00:00","dateModified":"2024-10-13T21:16:29+00:00","description":"InLei\u00ae COLOR CHART est un guide essentiel pour la teinture des cils et sourcils, avec des nuances pures et des m\u00e9langes pr\u00eats \u00e0 l\u2019emploi.","breadcrumb":{"@id":"https:\/\/www.art-natur.ch\/fr\/produit\/inlei-color-chart-nuancier-melanges\/#breadcrumb"},"inLanguage":"fr-FR","potentialAction":[{"@type":"ReadAction","target":["https:\/\/www.art-natur.ch\/fr\/produit\/inlei-color-chart-nuancier-melanges\/"]}]},{"@type":"ImageObject","inLanguage":"fr-FR","@id":"https:\/\/www.art-natur.ch\/fr\/produit\/inlei-color-chart-nuancier-melanges\/#primaryimage","url":"https:\/\/www.art-natur.ch\/wp-content\/uploads\/2024\/09\/2520752691-Photoroom.png","contentUrl":"https:\/\/www.art-natur.ch\/wp-content\/uploads\/2024\/09\/2520752691-Photoroom.png","width":720,"height":720},{"@type":"BreadcrumbList","@id":"https:\/\/www.art-natur.ch\/fr\/produit\/inlei-color-chart-nuancier-melanges\/#breadcrumb","itemListElement":[{"@type":"ListItem","position":1,"name":"Home","item":"https:\/\/www.art-natur.ch\/fr\/"},{"@type":"ListItem","position":2,"name":"Boutique","item":"https:\/\/www.art-natur.ch\/shop\/"},{"@type":"ListItem","position":3,"name":"InLei &#8222;COLOR CHART&#8220; &#8211; nuancier + m\u00e9langes"}]},{"@type":"WebSite","@id":"https:\/\/www.art-natur.ch\/fr\/#website","url":"https:\/\/www.art-natur.ch\/fr\/","name":"LASHES&amp;BROWS by Nataliya Reinhard","description":"High-quality lash and brow services with attention to every detail","potentialAction":[{"@type":"SearchAction","target":{"@type":"EntryPoint","urlTemplate":"https:\/\/www.art-natur.ch\/fr\/?s={search_term_string}"},"query-input":{"@type":"PropertyValueSpecification","valueRequired":true,"valueName":"search_term_string"}}],"inLanguage":"fr-FR"}]}},"_links":{"self":[{"href":"https:\/\/www.art-natur.ch\/fr\/wp-json\/wp\/v2\/product\/1464","targetHints":{"allow":["GET"]}}],"collection":[{"href":"https:\/\/www.art-natur.ch\/fr\/wp-json\/wp\/v2\/product"}],"about":[{"href":"https:\/\/www.art-natur.ch\/fr\/wp-json\/wp\/v2\/types\/product"}],"wp:featuredmedia":[{"embeddable":true,"href":"https:\/\/www.art-natur.ch\/fr\/wp-json\/wp\/v2\/media\/8053"}],"wp:attachment":[{"href":"https:\/\/www.art-natur.ch\/fr\/wp-json\/wp\/v2\/media?parent=1464"}],"wp:term":[{"taxonomy":"product_cat","embeddable":true,"href":"https:\/\/www.art-natur.ch\/fr\/wp-json\/wp\/v2\/product_cat?post=1464"},{"taxonomy":"product_tag","embeddable":true,"href":"https:\/\/www.art-natur.ch\/fr\/wp-json\/wp\/v2\/product_tag?post=1464"}],"curies":[{"name":"wp","href":"https:\/\/api.w.org\/{rel}","templated":true}]}}