{"id":1471,"date":"2024-09-25T15:00:51","date_gmt":"2024-09-25T13:00:51","guid":{"rendered":"https:\/\/www.art-natur.ch\/product\/in-lei-fix-2-sachets\/"},"modified":"2025-07-07T20:18:51","modified_gmt":"2025-07-07T19:18:51","slug":"in-lei-fix-2-sachets","status":"publish","type":"product","link":"https:\/\/www.art-natur.ch\/fr\/produit\/in-lei-fix-2-sachets\/","title":{"rendered":"In Lei\u00ae FIX 2 Sachets"},"content":{"rendered":"<p>In Lei\u00ae FIX2 est \u00e9galement disponible en sachets pratiques. 9 sachets de 1,2 ml chacun. In Lei\u00ae FIX 2 assure une ondulation stable des cils. La lotion fixante est \u00e9galement appliqu\u00e9e sur la zone de la cuticule. Ici, elle agit efficacement sur les fibres de k\u00e9ratine du cheveu et conf\u00e8re durablement aux cils naturels la courbure souhait\u00e9e. Gr\u00e2ce \u00e0 sa consistance cr\u00e9meuse, elle peut \u00eatre plac\u00e9e avec pr\u00e9cision l\u00e0 o\u00f9 c&rsquo;est n\u00e9cessaire &#8211; de mani\u00e8re \u00e9conomique et ponctuelle.<\/p>\n","protected":false},"excerpt":{"rendered":"<p>In Lei\u00ae FIX2 est \u00e9galement disponible en sachets pratiques. 9 sachets de 1,2 ml chacun. In Lei\u00ae FIX 2 assure une ondulation stable des cils. La lotion fixante est \u00e9galement appliqu\u00e9e sur la zone de la cuticule. Ici, elle agit efficacement sur les fibres de k\u00e9ratine du cheveu et conf\u00e8re durablement aux cils naturels la [&hellip;]<\/p>\n","protected":false},"featured_media":8045,"template":"","meta":{"_acf_changed":false,"inline_featured_image":false},"product_cat":[150,172],"product_tag":[],"class_list":{"0":"post-1471","1":"product","2":"type-product","3":"status-publish","4":"has-post-thumbnail","6":"product_brand-in-lei","7":"product_cat-rehaussement-des-cils","8":"product_cat-produits-pour-rehaussement-des-cils","10":"first","11":"instock","12":"shipping-taxable","13":"purchasable","14":"product-type-simple"},"acf":[],"yoast_head":"<!-- This site is optimized with the Yoast SEO plugin v26.6 - https:\/\/yoast.com\/wordpress\/plugins\/seo\/ -->\n<title>In Lei\u00ae FIX 2 Sachets - LASHES&amp;BROWS by Nataliya Reinhard<\/title>\n<meta name=\"description\" content=\"InLei\u00ae FIX2 en sachets pratiques assure des boucles de cils stables. Il fixe de mani\u00e8re pr\u00e9cise et durable gr\u00e2ce \u00e0 sa consistance cr\u00e9meuse.\" \/>\n<meta name=\"robots\" content=\"index, follow, max-snippet:-1, max-image-preview:large, max-video-preview:-1\" \/>\n<link rel=\"canonical\" href=\"https:\/\/www.art-natur.ch\/fr\/produit\/in-lei-fix-2-sachets\/\" \/>\n<meta property=\"og:locale\" content=\"fr_FR\" \/>\n<meta property=\"og:type\" content=\"article\" \/>\n<meta property=\"og:title\" content=\"In Lei\u00ae FIX 2 Sachets - LASHES&amp;BROWS by Nataliya Reinhard\" \/>\n<meta property=\"og:description\" content=\"InLei\u00ae FIX2 en sachets pratiques assure des boucles de cils stables. Il fixe de mani\u00e8re pr\u00e9cise et durable gr\u00e2ce \u00e0 sa consistance cr\u00e9meuse.\" \/>\n<meta property=\"og:url\" content=\"https:\/\/www.art-natur.ch\/fr\/produit\/in-lei-fix-2-sachets\/\" \/>\n<meta property=\"og:site_name\" content=\"LASHES&amp;BROWS by Nataliya Reinhard\" \/>\n<meta property=\"article:modified_time\" content=\"2025-07-07T19:18:51+00:00\" \/>\n<meta property=\"og:image\" content=\"https:\/\/www.art-natur.ch\/wp-content\/uploads\/2024\/09\/4475451296-Photoroom.png\" \/>\n\t<meta property=\"og:image:width\" content=\"1280\" \/>\n\t<meta property=\"og:image:height\" content=\"1280\" \/>\n\t<meta property=\"og:image:type\" content=\"image\/png\" \/>\n<meta name=\"twitter:card\" content=\"summary_large_image\" \/>\n<script type=\"application\/ld+json\" class=\"yoast-schema-graph\">{\"@context\":\"https:\/\/schema.org\",\"@graph\":[{\"@type\":\"WebPage\",\"@id\":\"https:\/\/www.art-natur.ch\/fr\/produit\/in-lei-fix-2-sachets\/\",\"url\":\"https:\/\/www.art-natur.ch\/fr\/produit\/in-lei-fix-2-sachets\/\",\"name\":\"In Lei\u00ae FIX 2 Sachets - LASHES&amp;BROWS by Nataliya Reinhard\",\"isPartOf\":{\"@id\":\"https:\/\/www.art-natur.ch\/fr\/#website\"},\"primaryImageOfPage\":{\"@id\":\"https:\/\/www.art-natur.ch\/fr\/produit\/in-lei-fix-2-sachets\/#primaryimage\"},\"image\":{\"@id\":\"https:\/\/www.art-natur.ch\/fr\/produit\/in-lei-fix-2-sachets\/#primaryimage\"},\"thumbnailUrl\":\"https:\/\/www.art-natur.ch\/wp-content\/uploads\/2024\/09\/4475451296-Photoroom.png\",\"datePublished\":\"2024-09-25T13:00:51+00:00\",\"dateModified\":\"2025-07-07T19:18:51+00:00\",\"description\":\"InLei\u00ae FIX2 en sachets pratiques assure des boucles de cils stables. Il fixe de mani\u00e8re pr\u00e9cise et durable gr\u00e2ce \u00e0 sa consistance cr\u00e9meuse.\",\"breadcrumb\":{\"@id\":\"https:\/\/www.art-natur.ch\/fr\/produit\/in-lei-fix-2-sachets\/#breadcrumb\"},\"inLanguage\":\"fr-FR\",\"potentialAction\":[{\"@type\":\"ReadAction\",\"target\":[\"https:\/\/www.art-natur.ch\/fr\/produit\/in-lei-fix-2-sachets\/\"]}]},{\"@type\":\"ImageObject\",\"inLanguage\":\"fr-FR\",\"@id\":\"https:\/\/www.art-natur.ch\/fr\/produit\/in-lei-fix-2-sachets\/#primaryimage\",\"url\":\"https:\/\/www.art-natur.ch\/wp-content\/uploads\/2024\/09\/4475451296-Photoroom.png\",\"contentUrl\":\"https:\/\/www.art-natur.ch\/wp-content\/uploads\/2024\/09\/4475451296-Photoroom.png\",\"width\":1280,\"height\":1280},{\"@type\":\"BreadcrumbList\",\"@id\":\"https:\/\/www.art-natur.ch\/fr\/produit\/in-lei-fix-2-sachets\/#breadcrumb\",\"itemListElement\":[{\"@type\":\"ListItem\",\"position\":1,\"name\":\"Home\",\"item\":\"https:\/\/www.art-natur.ch\/fr\/\"},{\"@type\":\"ListItem\",\"position\":2,\"name\":\"Boutique\",\"item\":\"https:\/\/www.art-natur.ch\/shop\/\"},{\"@type\":\"ListItem\",\"position\":3,\"name\":\"In Lei\u00ae FIX 2 Sachets\"}]},{\"@type\":\"WebSite\",\"@id\":\"https:\/\/www.art-natur.ch\/fr\/#website\",\"url\":\"https:\/\/www.art-natur.ch\/fr\/\",\"name\":\"LASHES&amp;BROWS by Nataliya Reinhard\",\"description\":\"High-quality lash and brow services with attention to every detail\",\"potentialAction\":[{\"@type\":\"SearchAction\",\"target\":{\"@type\":\"EntryPoint\",\"urlTemplate\":\"https:\/\/www.art-natur.ch\/fr\/?s={search_term_string}\"},\"query-input\":{\"@type\":\"PropertyValueSpecification\",\"valueRequired\":true,\"valueName\":\"search_term_string\"}}],\"inLanguage\":\"fr-FR\"}]}<\/script>\n<!-- \/ Yoast SEO plugin. -->","yoast_head_json":{"title":"In Lei\u00ae FIX 2 Sachets - LASHES&amp;BROWS by Nataliya Reinhard","description":"InLei\u00ae FIX2 en sachets pratiques assure des boucles de cils stables. Il fixe de mani\u00e8re pr\u00e9cise et durable gr\u00e2ce \u00e0 sa consistance cr\u00e9meuse.","robots":{"index":"index","follow":"follow","max-snippet":"max-snippet:-1","max-image-preview":"max-image-preview:large","max-video-preview":"max-video-preview:-1"},"canonical":"https:\/\/www.art-natur.ch\/fr\/produit\/in-lei-fix-2-sachets\/","og_locale":"fr_FR","og_type":"article","og_title":"In Lei\u00ae FIX 2 Sachets - LASHES&amp;BROWS by Nataliya Reinhard","og_description":"InLei\u00ae FIX2 en sachets pratiques assure des boucles de cils stables. Il fixe de mani\u00e8re pr\u00e9cise et durable gr\u00e2ce \u00e0 sa consistance cr\u00e9meuse.","og_url":"https:\/\/www.art-natur.ch\/fr\/produit\/in-lei-fix-2-sachets\/","og_site_name":"LASHES&amp;BROWS by Nataliya Reinhard","article_modified_time":"2025-07-07T19:18:51+00:00","og_image":[{"width":1280,"height":1280,"url":"https:\/\/www.art-natur.ch\/wp-content\/uploads\/2024\/09\/4475451296-Photoroom.png","type":"image\/png"}],"twitter_card":"summary_large_image","schema":{"@context":"https:\/\/schema.org","@graph":[{"@type":"WebPage","@id":"https:\/\/www.art-natur.ch\/fr\/produit\/in-lei-fix-2-sachets\/","url":"https:\/\/www.art-natur.ch\/fr\/produit\/in-lei-fix-2-sachets\/","name":"In Lei\u00ae FIX 2 Sachets - LASHES&amp;BROWS by Nataliya Reinhard","isPartOf":{"@id":"https:\/\/www.art-natur.ch\/fr\/#website"},"primaryImageOfPage":{"@id":"https:\/\/www.art-natur.ch\/fr\/produit\/in-lei-fix-2-sachets\/#primaryimage"},"image":{"@id":"https:\/\/www.art-natur.ch\/fr\/produit\/in-lei-fix-2-sachets\/#primaryimage"},"thumbnailUrl":"https:\/\/www.art-natur.ch\/wp-content\/uploads\/2024\/09\/4475451296-Photoroom.png","datePublished":"2024-09-25T13:00:51+00:00","dateModified":"2025-07-07T19:18:51+00:00","description":"InLei\u00ae FIX2 en sachets pratiques assure des boucles de cils stables. Il fixe de mani\u00e8re pr\u00e9cise et durable gr\u00e2ce \u00e0 sa consistance cr\u00e9meuse.","breadcrumb":{"@id":"https:\/\/www.art-natur.ch\/fr\/produit\/in-lei-fix-2-sachets\/#breadcrumb"},"inLanguage":"fr-FR","potentialAction":[{"@type":"ReadAction","target":["https:\/\/www.art-natur.ch\/fr\/produit\/in-lei-fix-2-sachets\/"]}]},{"@type":"ImageObject","inLanguage":"fr-FR","@id":"https:\/\/www.art-natur.ch\/fr\/produit\/in-lei-fix-2-sachets\/#primaryimage","url":"https:\/\/www.art-natur.ch\/wp-content\/uploads\/2024\/09\/4475451296-Photoroom.png","contentUrl":"https:\/\/www.art-natur.ch\/wp-content\/uploads\/2024\/09\/4475451296-Photoroom.png","width":1280,"height":1280},{"@type":"BreadcrumbList","@id":"https:\/\/www.art-natur.ch\/fr\/produit\/in-lei-fix-2-sachets\/#breadcrumb","itemListElement":[{"@type":"ListItem","position":1,"name":"Home","item":"https:\/\/www.art-natur.ch\/fr\/"},{"@type":"ListItem","position":2,"name":"Boutique","item":"https:\/\/www.art-natur.ch\/shop\/"},{"@type":"ListItem","position":3,"name":"In Lei\u00ae FIX 2 Sachets"}]},{"@type":"WebSite","@id":"https:\/\/www.art-natur.ch\/fr\/#website","url":"https:\/\/www.art-natur.ch\/fr\/","name":"LASHES&amp;BROWS by Nataliya Reinhard","description":"High-quality lash and brow services with attention to every detail","potentialAction":[{"@type":"SearchAction","target":{"@type":"EntryPoint","urlTemplate":"https:\/\/www.art-natur.ch\/fr\/?s={search_term_string}"},"query-input":{"@type":"PropertyValueSpecification","valueRequired":true,"valueName":"search_term_string"}}],"inLanguage":"fr-FR"}]}},"_links":{"self":[{"href":"https:\/\/www.art-natur.ch\/fr\/wp-json\/wp\/v2\/product\/1471","targetHints":{"allow":["GET"]}}],"collection":[{"href":"https:\/\/www.art-natur.ch\/fr\/wp-json\/wp\/v2\/product"}],"about":[{"href":"https:\/\/www.art-natur.ch\/fr\/wp-json\/wp\/v2\/types\/product"}],"wp:featuredmedia":[{"embeddable":true,"href":"https:\/\/www.art-natur.ch\/fr\/wp-json\/wp\/v2\/media\/8045"}],"wp:attachment":[{"href":"https:\/\/www.art-natur.ch\/fr\/wp-json\/wp\/v2\/media?parent=1471"}],"wp:term":[{"taxonomy":"product_cat","embeddable":true,"href":"https:\/\/www.art-natur.ch\/fr\/wp-json\/wp\/v2\/product_cat?post=1471"},{"taxonomy":"product_tag","embeddable":true,"href":"https:\/\/www.art-natur.ch\/fr\/wp-json\/wp\/v2\/product_tag?post=1471"}],"curies":[{"name":"wp","href":"https:\/\/api.w.org\/{rel}","templated":true}]}}