{"id":1486,"date":"2024-09-25T15:09:26","date_gmt":"2024-09-25T13:09:26","guid":{"rendered":"https:\/\/www.art-natur.ch\/product\/inlei-forma-bigoudis-universels-en-silicone\/"},"modified":"2024-10-13T23:14:36","modified_gmt":"2024-10-13T21:14:36","slug":"inlei-forma-bigoudis-universels-en-silicone","status":"publish","type":"product","link":"https:\/\/www.art-natur.ch\/fr\/produit\/inlei-forma-bigoudis-universels-en-silicone\/","title":{"rendered":"InLei \u00ab\u00a0FORMA\u00a0\u00bb &#8211; bigoudis universels en silicone"},"content":{"rendered":"<p>DESCRIPTION DU PRODUIT<\/p>\n<p>Le bigoudi Forma est une solution interm\u00e9diaire entre les bigoudis classiques InLei\u00ae Only et Only1 (naturel et boucles parfaites). Le d\u00e9veloppement de cette forme avanc\u00e9e et extr\u00eamement polyvalente a n\u00e9cessit\u00e9 trois ans de travail et de tests : le r\u00e9sultat est sans \u00e9gal.<\/p>\n<p>Chaque bord individuel a \u00e9t\u00e9 cr\u00e9\u00e9 avec un angle de surface pr\u00e9cis pour s&rsquo;adapter au mieux \u00e0 toutes les formes d&rsquo;yeux et \u00e0 tous les types de cils. Il a \u00e9t\u00e9 test\u00e9 sur tous les continents, avec toutes les \u00e9paisseurs et conformations de cheveux naturels ; il s&rsquo;adapte m\u00eame aux cheveux les plus difficiles \u00e0 traiter.<\/p>\n<p>Recourbeur innovant en silicone convenant \u00e0 toutes les longueurs de cils gr\u00e2ce \u00e0 sa surface infroissable. Donne une courbe en demi-goutte qui varie selon la longueur des cils de d\u00e9part et est capable d&rsquo;ouvrir les yeux de tous les types.<\/p>\n","protected":false},"excerpt":{"rendered":"<p>DESCRIPTION DU PRODUIT Le bigoudi Forma est une solution interm\u00e9diaire entre les bigoudis classiques InLei\u00ae Only et Only1 (naturel et boucles parfaites). Le d\u00e9veloppement de cette forme avanc\u00e9e et extr\u00eamement polyvalente a n\u00e9cessit\u00e9 trois ans de travail et de tests : le r\u00e9sultat est sans \u00e9gal. Chaque bord individuel a \u00e9t\u00e9 cr\u00e9\u00e9 avec un angle [&hellip;]<\/p>\n","protected":false},"featured_media":8037,"template":"","meta":{"_acf_changed":false,"inline_featured_image":false},"product_cat":[150,154,193,207],"product_tag":[],"class_list":{"0":"post-1486","1":"product","2":"type-product","3":"status-publish","4":"has-post-thumbnail","6":"product_brand-in-lei","7":"product_cat-rehaussement-des-cils","8":"product_cat-bigoudis-et-patchs","9":"product_cat-produits-connexes","10":"product_cat-consommables-fr","12":"first","13":"instock","14":"shipping-taxable","15":"purchasable","16":"product-type-simple"},"acf":[],"yoast_head":"<!-- This site is optimized with the Yoast SEO plugin v26.6 - https:\/\/yoast.com\/wordpress\/plugins\/seo\/ -->\n<title>InLei &quot;FORMA&quot; - bigoudis universels en silicone - LASHES&amp;BROWS by Nataliya Reinhard<\/title>\n<meta name=\"description\" content=\"Bigoudi Forma est une solution interm\u00e9diaire entre les bigoudis InLei\u00ae Only et Only1, alliant naturel et boucles parfaites.\" \/>\n<meta name=\"robots\" content=\"index, follow, max-snippet:-1, max-image-preview:large, max-video-preview:-1\" \/>\n<link rel=\"canonical\" href=\"https:\/\/www.art-natur.ch\/fr\/produit\/inlei-forma-bigoudis-universels-en-silicone\/\" \/>\n<meta property=\"og:locale\" content=\"fr_FR\" \/>\n<meta property=\"og:type\" content=\"article\" \/>\n<meta property=\"og:title\" content=\"InLei &quot;FORMA&quot; - bigoudis universels en silicone - LASHES&amp;BROWS by Nataliya Reinhard\" \/>\n<meta property=\"og:description\" content=\"Bigoudi Forma est une solution interm\u00e9diaire entre les bigoudis InLei\u00ae Only et Only1, alliant naturel et boucles parfaites.\" \/>\n<meta property=\"og:url\" content=\"https:\/\/www.art-natur.ch\/fr\/produit\/inlei-forma-bigoudis-universels-en-silicone\/\" \/>\n<meta property=\"og:site_name\" content=\"LASHES&amp;BROWS by Nataliya Reinhard\" \/>\n<meta property=\"article:modified_time\" content=\"2024-10-13T21:14:36+00:00\" \/>\n<meta property=\"og:image\" content=\"https:\/\/www.art-natur.ch\/wp-content\/uploads\/2024\/09\/3340468165-Photoroom-1.png\" \/>\n\t<meta property=\"og:image:width\" content=\"800\" \/>\n\t<meta property=\"og:image:height\" content=\"800\" \/>\n\t<meta property=\"og:image:type\" content=\"image\/png\" \/>\n<meta name=\"twitter:card\" content=\"summary_large_image\" \/>\n<meta name=\"twitter:label1\" content=\"Dur\u00e9e de lecture estim\u00e9e\" \/>\n\t<meta name=\"twitter:data1\" content=\"1 minute\" \/>\n<script type=\"application\/ld+json\" class=\"yoast-schema-graph\">{\"@context\":\"https:\/\/schema.org\",\"@graph\":[{\"@type\":\"WebPage\",\"@id\":\"https:\/\/www.art-natur.ch\/fr\/produit\/inlei-forma-bigoudis-universels-en-silicone\/\",\"url\":\"https:\/\/www.art-natur.ch\/fr\/produit\/inlei-forma-bigoudis-universels-en-silicone\/\",\"name\":\"InLei \\\"FORMA\\\" - bigoudis universels en silicone - LASHES&amp;BROWS by Nataliya Reinhard\",\"isPartOf\":{\"@id\":\"https:\/\/www.art-natur.ch\/fr\/#website\"},\"primaryImageOfPage\":{\"@id\":\"https:\/\/www.art-natur.ch\/fr\/produit\/inlei-forma-bigoudis-universels-en-silicone\/#primaryimage\"},\"image\":{\"@id\":\"https:\/\/www.art-natur.ch\/fr\/produit\/inlei-forma-bigoudis-universels-en-silicone\/#primaryimage\"},\"thumbnailUrl\":\"https:\/\/www.art-natur.ch\/wp-content\/uploads\/2024\/09\/3340468165-Photoroom-1.png\",\"datePublished\":\"2024-09-25T13:09:26+00:00\",\"dateModified\":\"2024-10-13T21:14:36+00:00\",\"description\":\"Bigoudi Forma est une solution interm\u00e9diaire entre les bigoudis InLei\u00ae Only et Only1, alliant naturel et boucles parfaites.\",\"breadcrumb\":{\"@id\":\"https:\/\/www.art-natur.ch\/fr\/produit\/inlei-forma-bigoudis-universels-en-silicone\/#breadcrumb\"},\"inLanguage\":\"fr-FR\",\"potentialAction\":[{\"@type\":\"ReadAction\",\"target\":[\"https:\/\/www.art-natur.ch\/fr\/produit\/inlei-forma-bigoudis-universels-en-silicone\/\"]}]},{\"@type\":\"ImageObject\",\"inLanguage\":\"fr-FR\",\"@id\":\"https:\/\/www.art-natur.ch\/fr\/produit\/inlei-forma-bigoudis-universels-en-silicone\/#primaryimage\",\"url\":\"https:\/\/www.art-natur.ch\/wp-content\/uploads\/2024\/09\/3340468165-Photoroom-1.png\",\"contentUrl\":\"https:\/\/www.art-natur.ch\/wp-content\/uploads\/2024\/09\/3340468165-Photoroom-1.png\",\"width\":800,\"height\":800},{\"@type\":\"BreadcrumbList\",\"@id\":\"https:\/\/www.art-natur.ch\/fr\/produit\/inlei-forma-bigoudis-universels-en-silicone\/#breadcrumb\",\"itemListElement\":[{\"@type\":\"ListItem\",\"position\":1,\"name\":\"Home\",\"item\":\"https:\/\/www.art-natur.ch\/fr\/\"},{\"@type\":\"ListItem\",\"position\":2,\"name\":\"Boutique\",\"item\":\"https:\/\/www.art-natur.ch\/shop\/\"},{\"@type\":\"ListItem\",\"position\":3,\"name\":\"InLei &#8222;FORMA&#8220; &#8211; bigoudis universels en silicone\"}]},{\"@type\":\"WebSite\",\"@id\":\"https:\/\/www.art-natur.ch\/fr\/#website\",\"url\":\"https:\/\/www.art-natur.ch\/fr\/\",\"name\":\"LASHES&amp;BROWS by Nataliya Reinhard\",\"description\":\"High-quality lash and brow services with attention to every detail\",\"potentialAction\":[{\"@type\":\"SearchAction\",\"target\":{\"@type\":\"EntryPoint\",\"urlTemplate\":\"https:\/\/www.art-natur.ch\/fr\/?s={search_term_string}\"},\"query-input\":{\"@type\":\"PropertyValueSpecification\",\"valueRequired\":true,\"valueName\":\"search_term_string\"}}],\"inLanguage\":\"fr-FR\"}]}<\/script>\n<!-- \/ Yoast SEO plugin. -->","yoast_head_json":{"title":"InLei \"FORMA\" - bigoudis universels en silicone - LASHES&amp;BROWS by Nataliya Reinhard","description":"Bigoudi Forma est une solution interm\u00e9diaire entre les bigoudis InLei\u00ae Only et Only1, alliant naturel et boucles parfaites.","robots":{"index":"index","follow":"follow","max-snippet":"max-snippet:-1","max-image-preview":"max-image-preview:large","max-video-preview":"max-video-preview:-1"},"canonical":"https:\/\/www.art-natur.ch\/fr\/produit\/inlei-forma-bigoudis-universels-en-silicone\/","og_locale":"fr_FR","og_type":"article","og_title":"InLei \"FORMA\" - bigoudis universels en silicone - LASHES&amp;BROWS by Nataliya Reinhard","og_description":"Bigoudi Forma est une solution interm\u00e9diaire entre les bigoudis InLei\u00ae Only et Only1, alliant naturel et boucles parfaites.","og_url":"https:\/\/www.art-natur.ch\/fr\/produit\/inlei-forma-bigoudis-universels-en-silicone\/","og_site_name":"LASHES&amp;BROWS by Nataliya Reinhard","article_modified_time":"2024-10-13T21:14:36+00:00","og_image":[{"width":800,"height":800,"url":"https:\/\/www.art-natur.ch\/wp-content\/uploads\/2024\/09\/3340468165-Photoroom-1.png","type":"image\/png"}],"twitter_card":"summary_large_image","twitter_misc":{"Dur\u00e9e de lecture estim\u00e9e":"1 minute"},"schema":{"@context":"https:\/\/schema.org","@graph":[{"@type":"WebPage","@id":"https:\/\/www.art-natur.ch\/fr\/produit\/inlei-forma-bigoudis-universels-en-silicone\/","url":"https:\/\/www.art-natur.ch\/fr\/produit\/inlei-forma-bigoudis-universels-en-silicone\/","name":"InLei \"FORMA\" - bigoudis universels en silicone - LASHES&amp;BROWS by Nataliya Reinhard","isPartOf":{"@id":"https:\/\/www.art-natur.ch\/fr\/#website"},"primaryImageOfPage":{"@id":"https:\/\/www.art-natur.ch\/fr\/produit\/inlei-forma-bigoudis-universels-en-silicone\/#primaryimage"},"image":{"@id":"https:\/\/www.art-natur.ch\/fr\/produit\/inlei-forma-bigoudis-universels-en-silicone\/#primaryimage"},"thumbnailUrl":"https:\/\/www.art-natur.ch\/wp-content\/uploads\/2024\/09\/3340468165-Photoroom-1.png","datePublished":"2024-09-25T13:09:26+00:00","dateModified":"2024-10-13T21:14:36+00:00","description":"Bigoudi Forma est une solution interm\u00e9diaire entre les bigoudis InLei\u00ae Only et Only1, alliant naturel et boucles parfaites.","breadcrumb":{"@id":"https:\/\/www.art-natur.ch\/fr\/produit\/inlei-forma-bigoudis-universels-en-silicone\/#breadcrumb"},"inLanguage":"fr-FR","potentialAction":[{"@type":"ReadAction","target":["https:\/\/www.art-natur.ch\/fr\/produit\/inlei-forma-bigoudis-universels-en-silicone\/"]}]},{"@type":"ImageObject","inLanguage":"fr-FR","@id":"https:\/\/www.art-natur.ch\/fr\/produit\/inlei-forma-bigoudis-universels-en-silicone\/#primaryimage","url":"https:\/\/www.art-natur.ch\/wp-content\/uploads\/2024\/09\/3340468165-Photoroom-1.png","contentUrl":"https:\/\/www.art-natur.ch\/wp-content\/uploads\/2024\/09\/3340468165-Photoroom-1.png","width":800,"height":800},{"@type":"BreadcrumbList","@id":"https:\/\/www.art-natur.ch\/fr\/produit\/inlei-forma-bigoudis-universels-en-silicone\/#breadcrumb","itemListElement":[{"@type":"ListItem","position":1,"name":"Home","item":"https:\/\/www.art-natur.ch\/fr\/"},{"@type":"ListItem","position":2,"name":"Boutique","item":"https:\/\/www.art-natur.ch\/shop\/"},{"@type":"ListItem","position":3,"name":"InLei &#8222;FORMA&#8220; &#8211; bigoudis universels en silicone"}]},{"@type":"WebSite","@id":"https:\/\/www.art-natur.ch\/fr\/#website","url":"https:\/\/www.art-natur.ch\/fr\/","name":"LASHES&amp;BROWS by Nataliya Reinhard","description":"High-quality lash and brow services with attention to every detail","potentialAction":[{"@type":"SearchAction","target":{"@type":"EntryPoint","urlTemplate":"https:\/\/www.art-natur.ch\/fr\/?s={search_term_string}"},"query-input":{"@type":"PropertyValueSpecification","valueRequired":true,"valueName":"search_term_string"}}],"inLanguage":"fr-FR"}]}},"_links":{"self":[{"href":"https:\/\/www.art-natur.ch\/fr\/wp-json\/wp\/v2\/product\/1486","targetHints":{"allow":["GET"]}}],"collection":[{"href":"https:\/\/www.art-natur.ch\/fr\/wp-json\/wp\/v2\/product"}],"about":[{"href":"https:\/\/www.art-natur.ch\/fr\/wp-json\/wp\/v2\/types\/product"}],"wp:featuredmedia":[{"embeddable":true,"href":"https:\/\/www.art-natur.ch\/fr\/wp-json\/wp\/v2\/media\/8037"}],"wp:attachment":[{"href":"https:\/\/www.art-natur.ch\/fr\/wp-json\/wp\/v2\/media?parent=1486"}],"wp:term":[{"taxonomy":"product_cat","embeddable":true,"href":"https:\/\/www.art-natur.ch\/fr\/wp-json\/wp\/v2\/product_cat?post=1486"},{"taxonomy":"product_tag","embeddable":true,"href":"https:\/\/www.art-natur.ch\/fr\/wp-json\/wp\/v2\/product_tag?post=1486"}],"curies":[{"name":"wp","href":"https:\/\/api.w.org\/{rel}","templated":true}]}}