{"id":1493,"date":"2024-09-25T15:14:36","date_gmt":"2024-09-25T13:14:36","guid":{"rendered":"https:\/\/www.art-natur.ch\/product\/inlei-f-plus-desinfectant-liquide-pour-outils-et-tampons-en-silicone\/"},"modified":"2025-01-20T22:46:17","modified_gmt":"2025-01-20T21:46:17","slug":"inlei-f-plus-desinfectant-liquide-pour-outils-et-tampons-en-silicone","status":"publish","type":"product","link":"https:\/\/www.art-natur.ch\/fr\/produit\/inlei-f-plus-desinfectant-liquide-pour-outils-et-tampons-en-silicone\/","title":{"rendered":"InLei \u00ab\u00a0F PLUS\u00a0\u00bb &#8211; D\u00e9sinfectant liquide pour outils et tampons en silicone"},"content":{"rendered":"<p>InLei\u00ae F PLUS est un d\u00e9sinfectant pr\u00eat \u00e0 l&#8217;emploi, pratique dans son emballage de 500 ml.<br \/>\nLe liquide d\u00e9sinfectant a \u00e9t\u00e9 sp\u00e9cialement con\u00e7u pour le nettoyage des tampons en silicone InLei\u00ae. Sa formule inodore n&rsquo;est pas absorb\u00e9e par la d\u00e9licate silicone et ne cause donc aucun d\u00e9sagr\u00e9ment pendant l&rsquo;utilisation.<\/p>\n<p>Il peut \u00eatre utilis\u00e9 sur diff\u00e9rents outils dans le secteur des stylistes de cils \/ lamimakers. En pratique, il n&rsquo;est pas n\u00e9cessaire de le diluer. En le trempant simplement, nous obtenons un nettoyage complet et une r\u00e9duction de la charge bact\u00e9rienne sur les outils.<\/p>\n<p>Le produit InLei\u00ae F PLUS est jetable, le liquide d\u00e9j\u00e0 utilis\u00e9 ne peut pas \u00eatre utilis\u00e9 plus d&rsquo;une fois.<\/p>\n<p>Mode d&#8217;emploi :<br \/>\nEnlevez toute salet\u00e9 des outils \/ tampons en silicone. En cas de r\u00e9sidus de teinture et\/ou de colle, rincer les outils et les tampons \u00e0 l&rsquo;eau courante avec du savon. Immerger l&rsquo;outil \u00e0 d\u00e9sinfecter dans InLei\u00ae F PLUS. Nous recommandons de le laisser tremper pendant au moins 15 \u00e0 20 minutes. Retirez le mat\u00e9riau et rincez-le \u00e0 l&rsquo;eau courante. Laissez s\u00e9cher \u00e0 l&rsquo;air libre sur un chiffon jetable.<\/p>\n<p>Si n\u00e9cessaire, les outils et les tampons peuvent \u00e9galement \u00eatre st\u00e9rilis\u00e9s apr\u00e8s cette proc\u00e9dure.<\/p>\n<p>Effet bact\u00e9ricide = 5 minutes<br \/>\nEffet fongicide = 20 minutes<br \/>\nEffet virucide = 30 minutes<br \/>\nEffet sporicide = 30 minutes<\/p>\n<p>PH 11<br \/>\nNe pas laisser tremper au-del\u00e0 des temps indiqu\u00e9s.<\/p>\n<p>Avertissements :<br \/>\nContact avec les yeux : Le contact accidentel du produit avec les yeux peut provoquer une irritation.<\/p>\n<p>Contact avec la peau : Un seul contact accidentel n&rsquo;irritera pas la peau. Un contact direct r\u00e9p\u00e9t\u00e9 et prolong\u00e9 peut d\u00e9graisser et irriter la peau et, dans certains cas, provoquer une dermatite.<\/p>\n<p>Inhalation : Un contact prolong\u00e9 avec les vapeurs ou les brouillards du produit peut provoquer une irritation des voies respiratoires.<\/p>\n","protected":false},"excerpt":{"rendered":"<p>InLei\u00ae F PLUS est un d\u00e9sinfectant pr\u00eat \u00e0 l&#8217;emploi, pratique dans son emballage de 500 ml. Le liquide d\u00e9sinfectant a \u00e9t\u00e9 sp\u00e9cialement con\u00e7u pour le nettoyage des tampons en silicone InLei\u00ae. Sa formule inodore n&rsquo;est pas absorb\u00e9e par la d\u00e9licate silicone et ne cause donc aucun d\u00e9sagr\u00e9ment pendant l&rsquo;utilisation. Il peut \u00eatre utilis\u00e9 sur diff\u00e9rents [&hellip;]<\/p>\n","protected":false},"featured_media":8029,"template":"","meta":{"_acf_changed":false,"inline_featured_image":false},"product_cat":[193,203],"product_tag":[],"class_list":{"0":"post-1493","1":"product","2":"type-product","3":"status-publish","4":"has-post-thumbnail","6":"product_brand-in-lei","7":"product_cat-produits-connexes","8":"product_cat-materiel-dhygiene","10":"first","11":"instock","12":"shipping-taxable","13":"purchasable","14":"product-type-simple"},"acf":[],"yoast_head":"<!-- This site is optimized with the Yoast SEO plugin v26.6 - https:\/\/yoast.com\/wordpress\/plugins\/seo\/ -->\n<title>InLei &quot;F PLUS&quot; - D\u00e9sinfectant liquide pour outils et tampons en silicone - LASHES&amp;BROWS by Nataliya Reinhard<\/title>\n<meta name=\"description\" content=\"InLei\u00ae F PLUS is a ready-to-use disinfectant in a 500ml bottle, ideal for cleaning silicone pads and eyelash tools.\" \/>\n<meta name=\"robots\" content=\"index, follow, max-snippet:-1, max-image-preview:large, max-video-preview:-1\" \/>\n<link rel=\"canonical\" href=\"https:\/\/www.art-natur.ch\/fr\/produit\/inlei-f-plus-desinfectant-liquide-pour-outils-et-tampons-en-silicone\/\" \/>\n<meta property=\"og:locale\" content=\"fr_FR\" \/>\n<meta property=\"og:type\" content=\"article\" \/>\n<meta property=\"og:title\" content=\"InLei &quot;F PLUS&quot; - D\u00e9sinfectant liquide pour outils et tampons en silicone - LASHES&amp;BROWS by Nataliya Reinhard\" \/>\n<meta property=\"og:description\" content=\"InLei\u00ae F PLUS is a ready-to-use disinfectant in a 500ml bottle, ideal for cleaning silicone pads and eyelash tools.\" \/>\n<meta property=\"og:url\" content=\"https:\/\/www.art-natur.ch\/fr\/produit\/inlei-f-plus-desinfectant-liquide-pour-outils-et-tampons-en-silicone\/\" \/>\n<meta property=\"og:site_name\" content=\"LASHES&amp;BROWS by Nataliya Reinhard\" \/>\n<meta property=\"article:modified_time\" content=\"2025-01-20T21:46:17+00:00\" \/>\n<meta property=\"og:image\" content=\"https:\/\/www.art-natur.ch\/wp-content\/uploads\/2024\/09\/2511812394-Photoroom.png\" \/>\n\t<meta property=\"og:image:width\" content=\"720\" \/>\n\t<meta property=\"og:image:height\" content=\"720\" \/>\n\t<meta property=\"og:image:type\" content=\"image\/png\" \/>\n<meta name=\"twitter:card\" content=\"summary_large_image\" \/>\n<meta name=\"twitter:label1\" content=\"Dur\u00e9e de lecture estim\u00e9e\" \/>\n\t<meta name=\"twitter:data1\" content=\"2 minutes\" \/>\n<script type=\"application\/ld+json\" class=\"yoast-schema-graph\">{\"@context\":\"https:\/\/schema.org\",\"@graph\":[{\"@type\":\"WebPage\",\"@id\":\"https:\/\/www.art-natur.ch\/fr\/produit\/inlei-f-plus-desinfectant-liquide-pour-outils-et-tampons-en-silicone\/\",\"url\":\"https:\/\/www.art-natur.ch\/fr\/produit\/inlei-f-plus-desinfectant-liquide-pour-outils-et-tampons-en-silicone\/\",\"name\":\"InLei \\\"F PLUS\\\" - D\u00e9sinfectant liquide pour outils et tampons en silicone - LASHES&amp;BROWS by Nataliya Reinhard\",\"isPartOf\":{\"@id\":\"https:\/\/www.art-natur.ch\/fr\/#website\"},\"primaryImageOfPage\":{\"@id\":\"https:\/\/www.art-natur.ch\/fr\/produit\/inlei-f-plus-desinfectant-liquide-pour-outils-et-tampons-en-silicone\/#primaryimage\"},\"image\":{\"@id\":\"https:\/\/www.art-natur.ch\/fr\/produit\/inlei-f-plus-desinfectant-liquide-pour-outils-et-tampons-en-silicone\/#primaryimage\"},\"thumbnailUrl\":\"https:\/\/www.art-natur.ch\/wp-content\/uploads\/2024\/09\/2511812394-Photoroom.png\",\"datePublished\":\"2024-09-25T13:14:36+00:00\",\"dateModified\":\"2025-01-20T21:46:17+00:00\",\"description\":\"InLei\u00ae F PLUS is a ready-to-use disinfectant in a 500ml bottle, ideal for cleaning silicone pads and eyelash tools.\",\"breadcrumb\":{\"@id\":\"https:\/\/www.art-natur.ch\/fr\/produit\/inlei-f-plus-desinfectant-liquide-pour-outils-et-tampons-en-silicone\/#breadcrumb\"},\"inLanguage\":\"fr-FR\",\"potentialAction\":[{\"@type\":\"ReadAction\",\"target\":[\"https:\/\/www.art-natur.ch\/fr\/produit\/inlei-f-plus-desinfectant-liquide-pour-outils-et-tampons-en-silicone\/\"]}]},{\"@type\":\"ImageObject\",\"inLanguage\":\"fr-FR\",\"@id\":\"https:\/\/www.art-natur.ch\/fr\/produit\/inlei-f-plus-desinfectant-liquide-pour-outils-et-tampons-en-silicone\/#primaryimage\",\"url\":\"https:\/\/www.art-natur.ch\/wp-content\/uploads\/2024\/09\/2511812394-Photoroom.png\",\"contentUrl\":\"https:\/\/www.art-natur.ch\/wp-content\/uploads\/2024\/09\/2511812394-Photoroom.png\",\"width\":720,\"height\":720},{\"@type\":\"BreadcrumbList\",\"@id\":\"https:\/\/www.art-natur.ch\/fr\/produit\/inlei-f-plus-desinfectant-liquide-pour-outils-et-tampons-en-silicone\/#breadcrumb\",\"itemListElement\":[{\"@type\":\"ListItem\",\"position\":1,\"name\":\"Home\",\"item\":\"https:\/\/www.art-natur.ch\/fr\/\"},{\"@type\":\"ListItem\",\"position\":2,\"name\":\"Boutique\",\"item\":\"https:\/\/www.art-natur.ch\/shop\/\"},{\"@type\":\"ListItem\",\"position\":3,\"name\":\"InLei \u00ab\u00a0F PLUS\u00a0\u00bb &#8211; D\u00e9sinfectant liquide pour outils et tampons en silicone\"}]},{\"@type\":\"WebSite\",\"@id\":\"https:\/\/www.art-natur.ch\/fr\/#website\",\"url\":\"https:\/\/www.art-natur.ch\/fr\/\",\"name\":\"LASHES&amp;BROWS by Nataliya Reinhard\",\"description\":\"High-quality lash and brow services with attention to every detail\",\"potentialAction\":[{\"@type\":\"SearchAction\",\"target\":{\"@type\":\"EntryPoint\",\"urlTemplate\":\"https:\/\/www.art-natur.ch\/fr\/?s={search_term_string}\"},\"query-input\":{\"@type\":\"PropertyValueSpecification\",\"valueRequired\":true,\"valueName\":\"search_term_string\"}}],\"inLanguage\":\"fr-FR\"}]}<\/script>\n<!-- \/ Yoast SEO plugin. -->","yoast_head_json":{"title":"InLei \"F PLUS\" - D\u00e9sinfectant liquide pour outils et tampons en silicone - LASHES&amp;BROWS by Nataliya Reinhard","description":"InLei\u00ae F PLUS is a ready-to-use disinfectant in a 500ml bottle, ideal for cleaning silicone pads and eyelash tools.","robots":{"index":"index","follow":"follow","max-snippet":"max-snippet:-1","max-image-preview":"max-image-preview:large","max-video-preview":"max-video-preview:-1"},"canonical":"https:\/\/www.art-natur.ch\/fr\/produit\/inlei-f-plus-desinfectant-liquide-pour-outils-et-tampons-en-silicone\/","og_locale":"fr_FR","og_type":"article","og_title":"InLei \"F PLUS\" - D\u00e9sinfectant liquide pour outils et tampons en silicone - LASHES&amp;BROWS by Nataliya Reinhard","og_description":"InLei\u00ae F PLUS is a ready-to-use disinfectant in a 500ml bottle, ideal for cleaning silicone pads and eyelash tools.","og_url":"https:\/\/www.art-natur.ch\/fr\/produit\/inlei-f-plus-desinfectant-liquide-pour-outils-et-tampons-en-silicone\/","og_site_name":"LASHES&amp;BROWS by Nataliya Reinhard","article_modified_time":"2025-01-20T21:46:17+00:00","og_image":[{"width":720,"height":720,"url":"https:\/\/www.art-natur.ch\/wp-content\/uploads\/2024\/09\/2511812394-Photoroom.png","type":"image\/png"}],"twitter_card":"summary_large_image","twitter_misc":{"Dur\u00e9e de lecture estim\u00e9e":"2 minutes"},"schema":{"@context":"https:\/\/schema.org","@graph":[{"@type":"WebPage","@id":"https:\/\/www.art-natur.ch\/fr\/produit\/inlei-f-plus-desinfectant-liquide-pour-outils-et-tampons-en-silicone\/","url":"https:\/\/www.art-natur.ch\/fr\/produit\/inlei-f-plus-desinfectant-liquide-pour-outils-et-tampons-en-silicone\/","name":"InLei \"F PLUS\" - D\u00e9sinfectant liquide pour outils et tampons en silicone - LASHES&amp;BROWS by Nataliya Reinhard","isPartOf":{"@id":"https:\/\/www.art-natur.ch\/fr\/#website"},"primaryImageOfPage":{"@id":"https:\/\/www.art-natur.ch\/fr\/produit\/inlei-f-plus-desinfectant-liquide-pour-outils-et-tampons-en-silicone\/#primaryimage"},"image":{"@id":"https:\/\/www.art-natur.ch\/fr\/produit\/inlei-f-plus-desinfectant-liquide-pour-outils-et-tampons-en-silicone\/#primaryimage"},"thumbnailUrl":"https:\/\/www.art-natur.ch\/wp-content\/uploads\/2024\/09\/2511812394-Photoroom.png","datePublished":"2024-09-25T13:14:36+00:00","dateModified":"2025-01-20T21:46:17+00:00","description":"InLei\u00ae F PLUS is a ready-to-use disinfectant in a 500ml bottle, ideal for cleaning silicone pads and eyelash tools.","breadcrumb":{"@id":"https:\/\/www.art-natur.ch\/fr\/produit\/inlei-f-plus-desinfectant-liquide-pour-outils-et-tampons-en-silicone\/#breadcrumb"},"inLanguage":"fr-FR","potentialAction":[{"@type":"ReadAction","target":["https:\/\/www.art-natur.ch\/fr\/produit\/inlei-f-plus-desinfectant-liquide-pour-outils-et-tampons-en-silicone\/"]}]},{"@type":"ImageObject","inLanguage":"fr-FR","@id":"https:\/\/www.art-natur.ch\/fr\/produit\/inlei-f-plus-desinfectant-liquide-pour-outils-et-tampons-en-silicone\/#primaryimage","url":"https:\/\/www.art-natur.ch\/wp-content\/uploads\/2024\/09\/2511812394-Photoroom.png","contentUrl":"https:\/\/www.art-natur.ch\/wp-content\/uploads\/2024\/09\/2511812394-Photoroom.png","width":720,"height":720},{"@type":"BreadcrumbList","@id":"https:\/\/www.art-natur.ch\/fr\/produit\/inlei-f-plus-desinfectant-liquide-pour-outils-et-tampons-en-silicone\/#breadcrumb","itemListElement":[{"@type":"ListItem","position":1,"name":"Home","item":"https:\/\/www.art-natur.ch\/fr\/"},{"@type":"ListItem","position":2,"name":"Boutique","item":"https:\/\/www.art-natur.ch\/shop\/"},{"@type":"ListItem","position":3,"name":"InLei \u00ab\u00a0F PLUS\u00a0\u00bb &#8211; D\u00e9sinfectant liquide pour outils et tampons en silicone"}]},{"@type":"WebSite","@id":"https:\/\/www.art-natur.ch\/fr\/#website","url":"https:\/\/www.art-natur.ch\/fr\/","name":"LASHES&amp;BROWS by Nataliya Reinhard","description":"High-quality lash and brow services with attention to every detail","potentialAction":[{"@type":"SearchAction","target":{"@type":"EntryPoint","urlTemplate":"https:\/\/www.art-natur.ch\/fr\/?s={search_term_string}"},"query-input":{"@type":"PropertyValueSpecification","valueRequired":true,"valueName":"search_term_string"}}],"inLanguage":"fr-FR"}]}},"_links":{"self":[{"href":"https:\/\/www.art-natur.ch\/fr\/wp-json\/wp\/v2\/product\/1493","targetHints":{"allow":["GET"]}}],"collection":[{"href":"https:\/\/www.art-natur.ch\/fr\/wp-json\/wp\/v2\/product"}],"about":[{"href":"https:\/\/www.art-natur.ch\/fr\/wp-json\/wp\/v2\/types\/product"}],"wp:featuredmedia":[{"embeddable":true,"href":"https:\/\/www.art-natur.ch\/fr\/wp-json\/wp\/v2\/media\/8029"}],"wp:attachment":[{"href":"https:\/\/www.art-natur.ch\/fr\/wp-json\/wp\/v2\/media?parent=1493"}],"wp:term":[{"taxonomy":"product_cat","embeddable":true,"href":"https:\/\/www.art-natur.ch\/fr\/wp-json\/wp\/v2\/product_cat?post=1493"},{"taxonomy":"product_tag","embeddable":true,"href":"https:\/\/www.art-natur.ch\/fr\/wp-json\/wp\/v2\/product_tag?post=1493"}],"curies":[{"name":"wp","href":"https:\/\/api.w.org\/{rel}","templated":true}]}}