{"id":1508,"date":"2024-09-25T15:29:33","date_gmt":"2024-09-25T14:29:33","guid":{"rendered":"https:\/\/www.art-natur.ch\/product\/in-lei-helper-2-0\/"},"modified":"2025-01-20T22:44:06","modified_gmt":"2025-01-20T21:44:06","slug":"in-lei-helper-2-0","status":"publish","type":"product","link":"https:\/\/www.art-natur.ch\/fr\/produit\/in-lei-helper-2-0\/","title":{"rendered":"In Lei\u00ae HELPER 2.0"},"content":{"rendered":"<p>Helper 2.0 est un peigne r\u00e9volutionnaire qui permet de lifter et de lisser les cils naturels sur les plaquettes en silicone dans les traitements de lifting des cils et de remplissage des cils. InLei\u00ae s&rsquo;efforce toujours d&rsquo;offrir un confort maximal, m\u00eame avec des instruments petits mais tout aussi importants. La forme ergonomique du peigne est le r\u00e9sultat de recherches approfondies et rend tr\u00e8s confortable le travail dans le coin interne de l&rsquo;\u0153il des deux c\u00f4t\u00e9s.<\/p>\n<p>Les diff\u00e9rentes faces de l&rsquo;aide servent deux objectifs diff\u00e9rents : une face (bord droit) assure la bonne tension des cils sur le tampon en silicone, l&rsquo;autre (avec des dents) aligne parfaitement les cils. L&rsquo;outil est pratique et facile \u00e0 utiliser. Il convient \u00e0 tous les types de cils.<\/p>\n<p>Helper 2.0 est parfait pour peigner les cils fins ou tr\u00e8s fins. La largeur du peigne est identique \u00e0 la version classique de l&rsquo;Helper, mais les dents sont beaucoup plus petites et plus denses (plus tass\u00e9es), ce qui permet de couper m\u00eame les poils les plus fins.<\/p>\n<p>La couleur vert tiffany du nouveau Helper 2.0 vous permet de le reconna\u00eetre imm\u00e9diatement sur votre lieu de travail.<\/p>\n<p>Le mat\u00e9riau est toujours le m\u00eame : du polycarbonate r\u00e9sistant et tr\u00e8s performant !<\/p>\n","protected":false},"excerpt":{"rendered":"<p>Helper 2.0 est un peigne r\u00e9volutionnaire qui permet de lifter et de lisser les cils naturels sur les plaquettes en silicone dans les traitements de lifting des cils et de remplissage des cils. InLei\u00ae s&rsquo;efforce toujours d&rsquo;offrir un confort maximal, m\u00eame avec des instruments petits mais tout aussi importants. La forme ergonomique du peigne est [&hellip;]<\/p>\n","protected":false},"featured_media":8025,"template":"","meta":{"_acf_changed":false,"inline_featured_image":false},"product_cat":[150,160,193,207],"product_tag":[],"class_list":{"0":"post-1508","1":"product","2":"type-product","3":"status-publish","4":"has-post-thumbnail","6":"product_brand-in-lei","7":"product_cat-rehaussement-des-cils","8":"product_cat-outil","9":"product_cat-produits-connexes","10":"product_cat-consommables-fr","12":"first","13":"instock","14":"shipping-taxable","15":"purchasable","16":"product-type-simple"},"acf":[],"yoast_head":"<!-- This site is optimized with the Yoast SEO plugin v26.6 - https:\/\/yoast.com\/wordpress\/plugins\/seo\/ -->\n<title>In Lei\u00ae HELPER 2.0 - LASHES&amp;BROWS by Nataliya Reinhard<\/title>\n<meta name=\"description\" content=\"Helper 2.0 est un peigne ergonomique con\u00e7u pour le lifting et l&#039;alignement des cils naturels sur des coussinets en silicone, garantissant confort et pr\u00e9cision pour tous les types de cils.\" \/>\n<meta name=\"robots\" content=\"index, follow, max-snippet:-1, max-image-preview:large, max-video-preview:-1\" \/>\n<link rel=\"canonical\" href=\"https:\/\/www.art-natur.ch\/fr\/produit\/in-lei-helper-2-0\/\" \/>\n<meta property=\"og:locale\" content=\"fr_FR\" \/>\n<meta property=\"og:type\" content=\"article\" \/>\n<meta property=\"og:title\" content=\"In Lei\u00ae HELPER 2.0 - LASHES&amp;BROWS by Nataliya Reinhard\" \/>\n<meta property=\"og:description\" content=\"Helper 2.0 est un peigne ergonomique con\u00e7u pour le lifting et l&#039;alignement des cils naturels sur des coussinets en silicone, garantissant confort et pr\u00e9cision pour tous les types de cils.\" \/>\n<meta property=\"og:url\" content=\"https:\/\/www.art-natur.ch\/fr\/produit\/in-lei-helper-2-0\/\" \/>\n<meta property=\"og:site_name\" content=\"LASHES&amp;BROWS by Nataliya Reinhard\" \/>\n<meta property=\"article:modified_time\" content=\"2025-01-20T21:44:06+00:00\" \/>\n<meta property=\"og:image\" content=\"https:\/\/www.art-natur.ch\/wp-content\/uploads\/2024\/09\/2957819617-Photoroom.png\" \/>\n\t<meta property=\"og:image:width\" content=\"669\" \/>\n\t<meta property=\"og:image:height\" content=\"801\" \/>\n\t<meta property=\"og:image:type\" content=\"image\/png\" \/>\n<meta name=\"twitter:card\" content=\"summary_large_image\" \/>\n<meta name=\"twitter:label1\" content=\"Dur\u00e9e de lecture estim\u00e9e\" \/>\n\t<meta name=\"twitter:data1\" content=\"1 minute\" \/>\n<script type=\"application\/ld+json\" class=\"yoast-schema-graph\">{\"@context\":\"https:\/\/schema.org\",\"@graph\":[{\"@type\":\"WebPage\",\"@id\":\"https:\/\/www.art-natur.ch\/fr\/produit\/in-lei-helper-2-0\/\",\"url\":\"https:\/\/www.art-natur.ch\/fr\/produit\/in-lei-helper-2-0\/\",\"name\":\"In Lei\u00ae HELPER 2.0 - LASHES&amp;BROWS by Nataliya Reinhard\",\"isPartOf\":{\"@id\":\"https:\/\/www.art-natur.ch\/fr\/#website\"},\"primaryImageOfPage\":{\"@id\":\"https:\/\/www.art-natur.ch\/fr\/produit\/in-lei-helper-2-0\/#primaryimage\"},\"image\":{\"@id\":\"https:\/\/www.art-natur.ch\/fr\/produit\/in-lei-helper-2-0\/#primaryimage\"},\"thumbnailUrl\":\"https:\/\/www.art-natur.ch\/wp-content\/uploads\/2024\/09\/2957819617-Photoroom.png\",\"datePublished\":\"2024-09-25T14:29:33+00:00\",\"dateModified\":\"2025-01-20T21:44:06+00:00\",\"description\":\"Helper 2.0 est un peigne ergonomique con\u00e7u pour le lifting et l'alignement des cils naturels sur des coussinets en silicone, garantissant confort et pr\u00e9cision pour tous les types de cils.\",\"breadcrumb\":{\"@id\":\"https:\/\/www.art-natur.ch\/fr\/produit\/in-lei-helper-2-0\/#breadcrumb\"},\"inLanguage\":\"fr-FR\",\"potentialAction\":[{\"@type\":\"ReadAction\",\"target\":[\"https:\/\/www.art-natur.ch\/fr\/produit\/in-lei-helper-2-0\/\"]}]},{\"@type\":\"ImageObject\",\"inLanguage\":\"fr-FR\",\"@id\":\"https:\/\/www.art-natur.ch\/fr\/produit\/in-lei-helper-2-0\/#primaryimage\",\"url\":\"https:\/\/www.art-natur.ch\/wp-content\/uploads\/2024\/09\/2957819617-Photoroom.png\",\"contentUrl\":\"https:\/\/www.art-natur.ch\/wp-content\/uploads\/2024\/09\/2957819617-Photoroom.png\",\"width\":669,\"height\":801},{\"@type\":\"BreadcrumbList\",\"@id\":\"https:\/\/www.art-natur.ch\/fr\/produit\/in-lei-helper-2-0\/#breadcrumb\",\"itemListElement\":[{\"@type\":\"ListItem\",\"position\":1,\"name\":\"Home\",\"item\":\"https:\/\/www.art-natur.ch\/fr\/\"},{\"@type\":\"ListItem\",\"position\":2,\"name\":\"Boutique\",\"item\":\"https:\/\/www.art-natur.ch\/shop\/\"},{\"@type\":\"ListItem\",\"position\":3,\"name\":\"In Lei\u00ae HELPER 2.0\"}]},{\"@type\":\"WebSite\",\"@id\":\"https:\/\/www.art-natur.ch\/fr\/#website\",\"url\":\"https:\/\/www.art-natur.ch\/fr\/\",\"name\":\"LASHES&amp;BROWS by Nataliya Reinhard\",\"description\":\"High-quality lash and brow services with attention to every detail\",\"potentialAction\":[{\"@type\":\"SearchAction\",\"target\":{\"@type\":\"EntryPoint\",\"urlTemplate\":\"https:\/\/www.art-natur.ch\/fr\/?s={search_term_string}\"},\"query-input\":{\"@type\":\"PropertyValueSpecification\",\"valueRequired\":true,\"valueName\":\"search_term_string\"}}],\"inLanguage\":\"fr-FR\"}]}<\/script>\n<!-- \/ Yoast SEO plugin. -->","yoast_head_json":{"title":"In Lei\u00ae HELPER 2.0 - LASHES&amp;BROWS by Nataliya Reinhard","description":"Helper 2.0 est un peigne ergonomique con\u00e7u pour le lifting et l'alignement des cils naturels sur des coussinets en silicone, garantissant confort et pr\u00e9cision pour tous les types de cils.","robots":{"index":"index","follow":"follow","max-snippet":"max-snippet:-1","max-image-preview":"max-image-preview:large","max-video-preview":"max-video-preview:-1"},"canonical":"https:\/\/www.art-natur.ch\/fr\/produit\/in-lei-helper-2-0\/","og_locale":"fr_FR","og_type":"article","og_title":"In Lei\u00ae HELPER 2.0 - LASHES&amp;BROWS by Nataliya Reinhard","og_description":"Helper 2.0 est un peigne ergonomique con\u00e7u pour le lifting et l'alignement des cils naturels sur des coussinets en silicone, garantissant confort et pr\u00e9cision pour tous les types de cils.","og_url":"https:\/\/www.art-natur.ch\/fr\/produit\/in-lei-helper-2-0\/","og_site_name":"LASHES&amp;BROWS by Nataliya Reinhard","article_modified_time":"2025-01-20T21:44:06+00:00","og_image":[{"width":669,"height":801,"url":"https:\/\/www.art-natur.ch\/wp-content\/uploads\/2024\/09\/2957819617-Photoroom.png","type":"image\/png"}],"twitter_card":"summary_large_image","twitter_misc":{"Dur\u00e9e de lecture estim\u00e9e":"1 minute"},"schema":{"@context":"https:\/\/schema.org","@graph":[{"@type":"WebPage","@id":"https:\/\/www.art-natur.ch\/fr\/produit\/in-lei-helper-2-0\/","url":"https:\/\/www.art-natur.ch\/fr\/produit\/in-lei-helper-2-0\/","name":"In Lei\u00ae HELPER 2.0 - LASHES&amp;BROWS by Nataliya Reinhard","isPartOf":{"@id":"https:\/\/www.art-natur.ch\/fr\/#website"},"primaryImageOfPage":{"@id":"https:\/\/www.art-natur.ch\/fr\/produit\/in-lei-helper-2-0\/#primaryimage"},"image":{"@id":"https:\/\/www.art-natur.ch\/fr\/produit\/in-lei-helper-2-0\/#primaryimage"},"thumbnailUrl":"https:\/\/www.art-natur.ch\/wp-content\/uploads\/2024\/09\/2957819617-Photoroom.png","datePublished":"2024-09-25T14:29:33+00:00","dateModified":"2025-01-20T21:44:06+00:00","description":"Helper 2.0 est un peigne ergonomique con\u00e7u pour le lifting et l'alignement des cils naturels sur des coussinets en silicone, garantissant confort et pr\u00e9cision pour tous les types de cils.","breadcrumb":{"@id":"https:\/\/www.art-natur.ch\/fr\/produit\/in-lei-helper-2-0\/#breadcrumb"},"inLanguage":"fr-FR","potentialAction":[{"@type":"ReadAction","target":["https:\/\/www.art-natur.ch\/fr\/produit\/in-lei-helper-2-0\/"]}]},{"@type":"ImageObject","inLanguage":"fr-FR","@id":"https:\/\/www.art-natur.ch\/fr\/produit\/in-lei-helper-2-0\/#primaryimage","url":"https:\/\/www.art-natur.ch\/wp-content\/uploads\/2024\/09\/2957819617-Photoroom.png","contentUrl":"https:\/\/www.art-natur.ch\/wp-content\/uploads\/2024\/09\/2957819617-Photoroom.png","width":669,"height":801},{"@type":"BreadcrumbList","@id":"https:\/\/www.art-natur.ch\/fr\/produit\/in-lei-helper-2-0\/#breadcrumb","itemListElement":[{"@type":"ListItem","position":1,"name":"Home","item":"https:\/\/www.art-natur.ch\/fr\/"},{"@type":"ListItem","position":2,"name":"Boutique","item":"https:\/\/www.art-natur.ch\/shop\/"},{"@type":"ListItem","position":3,"name":"In Lei\u00ae HELPER 2.0"}]},{"@type":"WebSite","@id":"https:\/\/www.art-natur.ch\/fr\/#website","url":"https:\/\/www.art-natur.ch\/fr\/","name":"LASHES&amp;BROWS by Nataliya Reinhard","description":"High-quality lash and brow services with attention to every detail","potentialAction":[{"@type":"SearchAction","target":{"@type":"EntryPoint","urlTemplate":"https:\/\/www.art-natur.ch\/fr\/?s={search_term_string}"},"query-input":{"@type":"PropertyValueSpecification","valueRequired":true,"valueName":"search_term_string"}}],"inLanguage":"fr-FR"}]}},"_links":{"self":[{"href":"https:\/\/www.art-natur.ch\/fr\/wp-json\/wp\/v2\/product\/1508","targetHints":{"allow":["GET"]}}],"collection":[{"href":"https:\/\/www.art-natur.ch\/fr\/wp-json\/wp\/v2\/product"}],"about":[{"href":"https:\/\/www.art-natur.ch\/fr\/wp-json\/wp\/v2\/types\/product"}],"wp:featuredmedia":[{"embeddable":true,"href":"https:\/\/www.art-natur.ch\/fr\/wp-json\/wp\/v2\/media\/8025"}],"wp:attachment":[{"href":"https:\/\/www.art-natur.ch\/fr\/wp-json\/wp\/v2\/media?parent=1508"}],"wp:term":[{"taxonomy":"product_cat","embeddable":true,"href":"https:\/\/www.art-natur.ch\/fr\/wp-json\/wp\/v2\/product_cat?post=1508"},{"taxonomy":"product_tag","embeddable":true,"href":"https:\/\/www.art-natur.ch\/fr\/wp-json\/wp\/v2\/product_tag?post=1508"}],"curies":[{"name":"wp","href":"https:\/\/api.w.org\/{rel}","templated":true}]}}