{"id":1519,"date":"2024-09-25T15:38:37","date_gmt":"2024-09-25T14:38:37","guid":{"rendered":"https:\/\/www.art-natur.ch\/product\/inlei-helper-5-pieces-peigne-revolutionnaire\/"},"modified":"2025-01-20T22:39:10","modified_gmt":"2025-01-20T21:39:10","slug":"inlei-helper-5-pieces-peigne-revolutionnaire","status":"publish","type":"product","link":"https:\/\/www.art-natur.ch\/fr\/produit\/inlei-helper-5-pieces-peigne-revolutionnaire\/","title":{"rendered":"InLei HELPER 5 pi\u00e8ces \u00ab\u00a0peigne r\u00e9volutionnaire\u00a0\u00bb"},"content":{"rendered":"<p>Helper est un peigne r\u00e9volutionnaire qui aide \u00e0 cr\u00e9er la structure naturelle de l&rsquo;eau.<br \/>\net du Lash Filler, il aide \u00e0 d\u00e9ployer le caract\u00e8re naturel de la peau.<br \/>\nles cils sur le recourbe-cils en silicone et les aligner.<br \/>\net les aligner.<\/p>\n<ul>\n<li>Fabriqu\u00e9 en Italie<\/li>\n<li>Forme de distribution avec les deux c\u00f4t\u00e9s fonctionnels<\/li>\n<li>Durable &#8211; 100% polycarbonate<\/li>\n<li>Paquet : 5 pi\u00e8ces<\/li>\n<\/ul>\n","protected":false},"excerpt":{"rendered":"<p>Helper est un peigne r\u00e9volutionnaire qui aide \u00e0 cr\u00e9er la structure naturelle de l&rsquo;eau. et du Lash Filler, il aide \u00e0 d\u00e9ployer le caract\u00e8re naturel de la peau. les cils sur le recourbe-cils en silicone et les aligner. et les aligner. Fabriqu\u00e9 en Italie Forme de distribution avec les deux c\u00f4t\u00e9s fonctionnels Durable &#8211; 100% [&hellip;]<\/p>\n","protected":false},"featured_media":8013,"template":"","meta":{"_acf_changed":false,"inline_featured_image":false},"product_cat":[150,160],"product_tag":[],"class_list":{"0":"post-1519","1":"product","2":"type-product","3":"status-publish","4":"has-post-thumbnail","6":"product_brand-in-lei","7":"product_cat-rehaussement-des-cils","8":"product_cat-outil","10":"first","11":"instock","12":"shipping-taxable","13":"purchasable","14":"product-type-simple"},"acf":[],"yoast_head":"<!-- This site is optimized with the Yoast SEO plugin v26.6 - https:\/\/yoast.com\/wordpress\/plugins\/seo\/ -->\n<title>InLei HELPER 5 pi\u00e8ces &quot;peigne r\u00e9volutionnaire&quot; - LASHES&amp;BROWS by Nataliya Reinhard<\/title>\n<meta name=\"description\" content=\"Helper est un peigne r\u00e9volutionnaire qui aligne les cils naturels lors du Lash Lift sur les rouleaux en silicone. Pack : 5 pi\u00e8ces.\" \/>\n<meta name=\"robots\" content=\"index, follow, max-snippet:-1, max-image-preview:large, max-video-preview:-1\" \/>\n<link rel=\"canonical\" href=\"https:\/\/www.art-natur.ch\/fr\/produit\/inlei-helper-5-pieces-peigne-revolutionnaire\/\" \/>\n<meta property=\"og:locale\" content=\"fr_FR\" \/>\n<meta property=\"og:type\" content=\"article\" \/>\n<meta property=\"og:title\" content=\"InLei HELPER 5 pi\u00e8ces &quot;peigne r\u00e9volutionnaire&quot; - LASHES&amp;BROWS by Nataliya Reinhard\" \/>\n<meta property=\"og:description\" content=\"Helper est un peigne r\u00e9volutionnaire qui aligne les cils naturels lors du Lash Lift sur les rouleaux en silicone. Pack : 5 pi\u00e8ces.\" \/>\n<meta property=\"og:url\" content=\"https:\/\/www.art-natur.ch\/fr\/produit\/inlei-helper-5-pieces-peigne-revolutionnaire\/\" \/>\n<meta property=\"og:site_name\" content=\"LASHES&amp;BROWS by Nataliya Reinhard\" \/>\n<meta property=\"article:modified_time\" content=\"2025-01-20T21:39:10+00:00\" \/>\n<meta property=\"og:image\" content=\"https:\/\/www.art-natur.ch\/wp-content\/uploads\/2024\/09\/2519223691-Photoroom.png\" \/>\n\t<meta property=\"og:image:width\" content=\"720\" \/>\n\t<meta property=\"og:image:height\" content=\"720\" \/>\n\t<meta property=\"og:image:type\" content=\"image\/png\" \/>\n<meta name=\"twitter:card\" content=\"summary_large_image\" \/>\n<meta name=\"twitter:label1\" content=\"Dur\u00e9e de lecture estim\u00e9e\" \/>\n\t<meta name=\"twitter:data1\" content=\"1 minute\" \/>\n<script type=\"application\/ld+json\" class=\"yoast-schema-graph\">{\"@context\":\"https:\/\/schema.org\",\"@graph\":[{\"@type\":\"WebPage\",\"@id\":\"https:\/\/www.art-natur.ch\/fr\/produit\/inlei-helper-5-pieces-peigne-revolutionnaire\/\",\"url\":\"https:\/\/www.art-natur.ch\/fr\/produit\/inlei-helper-5-pieces-peigne-revolutionnaire\/\",\"name\":\"InLei HELPER 5 pi\u00e8ces \\\"peigne r\u00e9volutionnaire\\\" - LASHES&amp;BROWS by Nataliya Reinhard\",\"isPartOf\":{\"@id\":\"https:\/\/www.art-natur.ch\/fr\/#website\"},\"primaryImageOfPage\":{\"@id\":\"https:\/\/www.art-natur.ch\/fr\/produit\/inlei-helper-5-pieces-peigne-revolutionnaire\/#primaryimage\"},\"image\":{\"@id\":\"https:\/\/www.art-natur.ch\/fr\/produit\/inlei-helper-5-pieces-peigne-revolutionnaire\/#primaryimage\"},\"thumbnailUrl\":\"https:\/\/www.art-natur.ch\/wp-content\/uploads\/2024\/09\/2519223691-Photoroom.png\",\"datePublished\":\"2024-09-25T14:38:37+00:00\",\"dateModified\":\"2025-01-20T21:39:10+00:00\",\"description\":\"Helper est un peigne r\u00e9volutionnaire qui aligne les cils naturels lors du Lash Lift sur les rouleaux en silicone. Pack : 5 pi\u00e8ces.\",\"breadcrumb\":{\"@id\":\"https:\/\/www.art-natur.ch\/fr\/produit\/inlei-helper-5-pieces-peigne-revolutionnaire\/#breadcrumb\"},\"inLanguage\":\"fr-FR\",\"potentialAction\":[{\"@type\":\"ReadAction\",\"target\":[\"https:\/\/www.art-natur.ch\/fr\/produit\/inlei-helper-5-pieces-peigne-revolutionnaire\/\"]}]},{\"@type\":\"ImageObject\",\"inLanguage\":\"fr-FR\",\"@id\":\"https:\/\/www.art-natur.ch\/fr\/produit\/inlei-helper-5-pieces-peigne-revolutionnaire\/#primaryimage\",\"url\":\"https:\/\/www.art-natur.ch\/wp-content\/uploads\/2024\/09\/2519223691-Photoroom.png\",\"contentUrl\":\"https:\/\/www.art-natur.ch\/wp-content\/uploads\/2024\/09\/2519223691-Photoroom.png\",\"width\":720,\"height\":720},{\"@type\":\"BreadcrumbList\",\"@id\":\"https:\/\/www.art-natur.ch\/fr\/produit\/inlei-helper-5-pieces-peigne-revolutionnaire\/#breadcrumb\",\"itemListElement\":[{\"@type\":\"ListItem\",\"position\":1,\"name\":\"Home\",\"item\":\"https:\/\/www.art-natur.ch\/fr\/\"},{\"@type\":\"ListItem\",\"position\":2,\"name\":\"Boutique\",\"item\":\"https:\/\/www.art-natur.ch\/shop\/\"},{\"@type\":\"ListItem\",\"position\":3,\"name\":\"InLei HELPER 5 pi\u00e8ces \u00ab\u00a0peigne r\u00e9volutionnaire\u00a0\u00bb\"}]},{\"@type\":\"WebSite\",\"@id\":\"https:\/\/www.art-natur.ch\/fr\/#website\",\"url\":\"https:\/\/www.art-natur.ch\/fr\/\",\"name\":\"LASHES&amp;BROWS by Nataliya Reinhard\",\"description\":\"High-quality lash and brow services with attention to every detail\",\"potentialAction\":[{\"@type\":\"SearchAction\",\"target\":{\"@type\":\"EntryPoint\",\"urlTemplate\":\"https:\/\/www.art-natur.ch\/fr\/?s={search_term_string}\"},\"query-input\":{\"@type\":\"PropertyValueSpecification\",\"valueRequired\":true,\"valueName\":\"search_term_string\"}}],\"inLanguage\":\"fr-FR\"}]}<\/script>\n<!-- \/ Yoast SEO plugin. -->","yoast_head_json":{"title":"InLei HELPER 5 pi\u00e8ces \"peigne r\u00e9volutionnaire\" - LASHES&amp;BROWS by Nataliya Reinhard","description":"Helper est un peigne r\u00e9volutionnaire qui aligne les cils naturels lors du Lash Lift sur les rouleaux en silicone. Pack : 5 pi\u00e8ces.","robots":{"index":"index","follow":"follow","max-snippet":"max-snippet:-1","max-image-preview":"max-image-preview:large","max-video-preview":"max-video-preview:-1"},"canonical":"https:\/\/www.art-natur.ch\/fr\/produit\/inlei-helper-5-pieces-peigne-revolutionnaire\/","og_locale":"fr_FR","og_type":"article","og_title":"InLei HELPER 5 pi\u00e8ces \"peigne r\u00e9volutionnaire\" - LASHES&amp;BROWS by Nataliya Reinhard","og_description":"Helper est un peigne r\u00e9volutionnaire qui aligne les cils naturels lors du Lash Lift sur les rouleaux en silicone. Pack : 5 pi\u00e8ces.","og_url":"https:\/\/www.art-natur.ch\/fr\/produit\/inlei-helper-5-pieces-peigne-revolutionnaire\/","og_site_name":"LASHES&amp;BROWS by Nataliya Reinhard","article_modified_time":"2025-01-20T21:39:10+00:00","og_image":[{"width":720,"height":720,"url":"https:\/\/www.art-natur.ch\/wp-content\/uploads\/2024\/09\/2519223691-Photoroom.png","type":"image\/png"}],"twitter_card":"summary_large_image","twitter_misc":{"Dur\u00e9e de lecture estim\u00e9e":"1 minute"},"schema":{"@context":"https:\/\/schema.org","@graph":[{"@type":"WebPage","@id":"https:\/\/www.art-natur.ch\/fr\/produit\/inlei-helper-5-pieces-peigne-revolutionnaire\/","url":"https:\/\/www.art-natur.ch\/fr\/produit\/inlei-helper-5-pieces-peigne-revolutionnaire\/","name":"InLei HELPER 5 pi\u00e8ces \"peigne r\u00e9volutionnaire\" - LASHES&amp;BROWS by Nataliya Reinhard","isPartOf":{"@id":"https:\/\/www.art-natur.ch\/fr\/#website"},"primaryImageOfPage":{"@id":"https:\/\/www.art-natur.ch\/fr\/produit\/inlei-helper-5-pieces-peigne-revolutionnaire\/#primaryimage"},"image":{"@id":"https:\/\/www.art-natur.ch\/fr\/produit\/inlei-helper-5-pieces-peigne-revolutionnaire\/#primaryimage"},"thumbnailUrl":"https:\/\/www.art-natur.ch\/wp-content\/uploads\/2024\/09\/2519223691-Photoroom.png","datePublished":"2024-09-25T14:38:37+00:00","dateModified":"2025-01-20T21:39:10+00:00","description":"Helper est un peigne r\u00e9volutionnaire qui aligne les cils naturels lors du Lash Lift sur les rouleaux en silicone. Pack : 5 pi\u00e8ces.","breadcrumb":{"@id":"https:\/\/www.art-natur.ch\/fr\/produit\/inlei-helper-5-pieces-peigne-revolutionnaire\/#breadcrumb"},"inLanguage":"fr-FR","potentialAction":[{"@type":"ReadAction","target":["https:\/\/www.art-natur.ch\/fr\/produit\/inlei-helper-5-pieces-peigne-revolutionnaire\/"]}]},{"@type":"ImageObject","inLanguage":"fr-FR","@id":"https:\/\/www.art-natur.ch\/fr\/produit\/inlei-helper-5-pieces-peigne-revolutionnaire\/#primaryimage","url":"https:\/\/www.art-natur.ch\/wp-content\/uploads\/2024\/09\/2519223691-Photoroom.png","contentUrl":"https:\/\/www.art-natur.ch\/wp-content\/uploads\/2024\/09\/2519223691-Photoroom.png","width":720,"height":720},{"@type":"BreadcrumbList","@id":"https:\/\/www.art-natur.ch\/fr\/produit\/inlei-helper-5-pieces-peigne-revolutionnaire\/#breadcrumb","itemListElement":[{"@type":"ListItem","position":1,"name":"Home","item":"https:\/\/www.art-natur.ch\/fr\/"},{"@type":"ListItem","position":2,"name":"Boutique","item":"https:\/\/www.art-natur.ch\/shop\/"},{"@type":"ListItem","position":3,"name":"InLei HELPER 5 pi\u00e8ces \u00ab\u00a0peigne r\u00e9volutionnaire\u00a0\u00bb"}]},{"@type":"WebSite","@id":"https:\/\/www.art-natur.ch\/fr\/#website","url":"https:\/\/www.art-natur.ch\/fr\/","name":"LASHES&amp;BROWS by Nataliya Reinhard","description":"High-quality lash and brow services with attention to every detail","potentialAction":[{"@type":"SearchAction","target":{"@type":"EntryPoint","urlTemplate":"https:\/\/www.art-natur.ch\/fr\/?s={search_term_string}"},"query-input":{"@type":"PropertyValueSpecification","valueRequired":true,"valueName":"search_term_string"}}],"inLanguage":"fr-FR"}]}},"_links":{"self":[{"href":"https:\/\/www.art-natur.ch\/fr\/wp-json\/wp\/v2\/product\/1519","targetHints":{"allow":["GET"]}}],"collection":[{"href":"https:\/\/www.art-natur.ch\/fr\/wp-json\/wp\/v2\/product"}],"about":[{"href":"https:\/\/www.art-natur.ch\/fr\/wp-json\/wp\/v2\/types\/product"}],"wp:featuredmedia":[{"embeddable":true,"href":"https:\/\/www.art-natur.ch\/fr\/wp-json\/wp\/v2\/media\/8013"}],"wp:attachment":[{"href":"https:\/\/www.art-natur.ch\/fr\/wp-json\/wp\/v2\/media?parent=1519"}],"wp:term":[{"taxonomy":"product_cat","embeddable":true,"href":"https:\/\/www.art-natur.ch\/fr\/wp-json\/wp\/v2\/product_cat?post=1519"},{"taxonomy":"product_tag","embeddable":true,"href":"https:\/\/www.art-natur.ch\/fr\/wp-json\/wp\/v2\/product_tag?post=1519"}],"curies":[{"name":"wp","href":"https:\/\/api.w.org\/{rel}","templated":true}]}}