{"id":1530,"date":"2024-09-25T15:44:48","date_gmt":"2024-09-25T14:44:48","guid":{"rendered":"https:\/\/www.art-natur.ch\/product\/inlei-fixing-gel-adhesif-soluble-dans-leau\/"},"modified":"2025-01-18T21:25:16","modified_gmt":"2025-01-18T20:25:16","slug":"inlei-fixing-gel-adhesif-soluble-dans-leau","status":"publish","type":"product","link":"https:\/\/www.art-natur.ch\/fr\/produit\/inlei-fixing-gel-adhesif-soluble-dans-leau\/","title":{"rendered":"InLei FIXING GEL &#8211; adh\u00e9sif soluble dans l&rsquo;eau"},"content":{"rendered":"<p>Le gel fixateur (colle hydrosoluble) est un adh\u00e9sif,<br \/>\nqui colle les cils naturels au tampon en silicone.<br \/>\nSes propri\u00e9t\u00e9s adh\u00e9sives permettent d&rsquo;appliquer parfaitement les cils fins ainsi que les cils plus ou moins \u00e9pais.<br \/>\nparfaitement sur les cils fins ainsi que sur les cils plus \u00e9pais et plus fins.<\/p>\n<p>Pour un usage professionnel uniquement<\/p>\n<p>Lisez attentivement la notice d&#8217;emballage N&rsquo;utilisez que des produits d&rsquo;In Lei\u00ae.<\/p>\n<p>Contenu : 5 ml (jusqu&rsquo;\u00e0 15 traitements)<\/p>\n","protected":false},"excerpt":{"rendered":"<p>Le gel fixateur (colle hydrosoluble) est un adh\u00e9sif, qui colle les cils naturels au tampon en silicone. Ses propri\u00e9t\u00e9s adh\u00e9sives permettent d&rsquo;appliquer parfaitement les cils fins ainsi que les cils plus ou moins \u00e9pais. parfaitement sur les cils fins ainsi que sur les cils plus \u00e9pais et plus fins. Pour un usage professionnel uniquement Lisez [&hellip;]<\/p>\n","protected":false},"featured_media":11948,"template":"","meta":{"_acf_changed":false,"inline_featured_image":false},"product_cat":[150,152],"product_tag":[],"class_list":{"0":"post-1530","1":"product","2":"type-product","3":"status-publish","4":"has-post-thumbnail","6":"product_brand-in-lei","7":"product_cat-rehaussement-des-cils","8":"product_cat-colles-pour-rehaussement-des-cils","10":"first","11":"instock","12":"shipping-taxable","13":"purchasable","14":"product-type-simple"},"acf":[],"yoast_head":"<!-- This site is optimized with the Yoast SEO plugin v26.6 - https:\/\/yoast.com\/wordpress\/plugins\/seo\/ -->\n<title>InLei FIXING GEL - adh\u00e9sif soluble dans l&#039;eau - LASHES&amp;BROWS by Nataliya Reinhard<\/title>\n<meta name=\"description\" content=\"Gel Fixant (colle soluble dans l&#039;eau) maintient les cils naturels sur les coussinets en silicone. Id\u00e9al pour les cils fins et \u00e9pais. 5 ml (jusqu&#039;\u00e0 15 traitements).\" \/>\n<meta name=\"robots\" content=\"index, follow, max-snippet:-1, max-image-preview:large, max-video-preview:-1\" \/>\n<link rel=\"canonical\" href=\"https:\/\/www.art-natur.ch\/fr\/produit\/inlei-fixing-gel-adhesif-soluble-dans-leau\/\" \/>\n<meta property=\"og:locale\" content=\"fr_FR\" \/>\n<meta property=\"og:type\" content=\"article\" \/>\n<meta property=\"og:title\" content=\"InLei FIXING GEL - adh\u00e9sif soluble dans l&#039;eau - LASHES&amp;BROWS by Nataliya Reinhard\" \/>\n<meta property=\"og:description\" content=\"Gel Fixant (colle soluble dans l&#039;eau) maintient les cils naturels sur les coussinets en silicone. Id\u00e9al pour les cils fins et \u00e9pais. 5 ml (jusqu&#039;\u00e0 15 traitements).\" \/>\n<meta property=\"og:url\" content=\"https:\/\/www.art-natur.ch\/fr\/produit\/inlei-fixing-gel-adhesif-soluble-dans-leau\/\" \/>\n<meta property=\"og:site_name\" content=\"LASHES&amp;BROWS by Nataliya Reinhard\" \/>\n<meta property=\"article:modified_time\" content=\"2025-01-18T20:25:16+00:00\" \/>\n<meta property=\"og:image\" content=\"https:\/\/www.art-natur.ch\/wp-content\/uploads\/2024\/09\/2511694130-Photoroom.png\" \/>\n\t<meta property=\"og:image:width\" content=\"720\" \/>\n\t<meta property=\"og:image:height\" content=\"720\" \/>\n\t<meta property=\"og:image:type\" content=\"image\/png\" \/>\n<meta name=\"twitter:card\" content=\"summary_large_image\" \/>\n<script type=\"application\/ld+json\" class=\"yoast-schema-graph\">{\"@context\":\"https:\/\/schema.org\",\"@graph\":[{\"@type\":\"WebPage\",\"@id\":\"https:\/\/www.art-natur.ch\/fr\/produit\/inlei-fixing-gel-adhesif-soluble-dans-leau\/\",\"url\":\"https:\/\/www.art-natur.ch\/fr\/produit\/inlei-fixing-gel-adhesif-soluble-dans-leau\/\",\"name\":\"InLei FIXING GEL - adh\u00e9sif soluble dans l'eau - LASHES&amp;BROWS by Nataliya Reinhard\",\"isPartOf\":{\"@id\":\"https:\/\/www.art-natur.ch\/fr\/#website\"},\"primaryImageOfPage\":{\"@id\":\"https:\/\/www.art-natur.ch\/fr\/produit\/inlei-fixing-gel-adhesif-soluble-dans-leau\/#primaryimage\"},\"image\":{\"@id\":\"https:\/\/www.art-natur.ch\/fr\/produit\/inlei-fixing-gel-adhesif-soluble-dans-leau\/#primaryimage\"},\"thumbnailUrl\":\"https:\/\/www.art-natur.ch\/wp-content\/uploads\/2024\/09\/InLei-FIXING-GEL-ADESIVO-PER-BIGODINI-IN-SILICONE-5ML-2_6c8b423c-3859-4057-b04a-a5d913dca4e41.png\",\"datePublished\":\"2024-09-25T14:44:48+00:00\",\"dateModified\":\"2025-01-18T20:25:16+00:00\",\"description\":\"Gel Fixant (colle soluble dans l'eau) maintient les cils naturels sur les coussinets en silicone. Id\u00e9al pour les cils fins et \u00e9pais. 5 ml (jusqu'\u00e0 15 traitements).\",\"breadcrumb\":{\"@id\":\"https:\/\/www.art-natur.ch\/fr\/produit\/inlei-fixing-gel-adhesif-soluble-dans-leau\/#breadcrumb\"},\"inLanguage\":\"fr-FR\",\"potentialAction\":[{\"@type\":\"ReadAction\",\"target\":[\"https:\/\/www.art-natur.ch\/fr\/produit\/inlei-fixing-gel-adhesif-soluble-dans-leau\/\"]}]},{\"@type\":\"ImageObject\",\"inLanguage\":\"fr-FR\",\"@id\":\"https:\/\/www.art-natur.ch\/fr\/produit\/inlei-fixing-gel-adhesif-soluble-dans-leau\/#primaryimage\",\"url\":\"https:\/\/www.art-natur.ch\/wp-content\/uploads\/2024\/09\/InLei-FIXING-GEL-ADESIVO-PER-BIGODINI-IN-SILICONE-5ML-2_6c8b423c-3859-4057-b04a-a5d913dca4e41.png\",\"contentUrl\":\"https:\/\/www.art-natur.ch\/wp-content\/uploads\/2024\/09\/InLei-FIXING-GEL-ADESIVO-PER-BIGODINI-IN-SILICONE-5ML-2_6c8b423c-3859-4057-b04a-a5d913dca4e41.png\",\"width\":1800,\"height\":2400},{\"@type\":\"BreadcrumbList\",\"@id\":\"https:\/\/www.art-natur.ch\/fr\/produit\/inlei-fixing-gel-adhesif-soluble-dans-leau\/#breadcrumb\",\"itemListElement\":[{\"@type\":\"ListItem\",\"position\":1,\"name\":\"Home\",\"item\":\"https:\/\/www.art-natur.ch\/fr\/\"},{\"@type\":\"ListItem\",\"position\":2,\"name\":\"Boutique\",\"item\":\"https:\/\/www.art-natur.ch\/shop\/\"},{\"@type\":\"ListItem\",\"position\":3,\"name\":\"InLei FIXING GEL &#8211; adh\u00e9sif soluble dans l&#8217;eau\"}]},{\"@type\":\"WebSite\",\"@id\":\"https:\/\/www.art-natur.ch\/fr\/#website\",\"url\":\"https:\/\/www.art-natur.ch\/fr\/\",\"name\":\"LASHES&amp;BROWS by Nataliya Reinhard\",\"description\":\"High-quality lash and brow services with attention to every detail\",\"potentialAction\":[{\"@type\":\"SearchAction\",\"target\":{\"@type\":\"EntryPoint\",\"urlTemplate\":\"https:\/\/www.art-natur.ch\/fr\/?s={search_term_string}\"},\"query-input\":{\"@type\":\"PropertyValueSpecification\",\"valueRequired\":true,\"valueName\":\"search_term_string\"}}],\"inLanguage\":\"fr-FR\"}]}<\/script>\n<!-- \/ Yoast SEO plugin. -->","yoast_head_json":{"title":"InLei FIXING GEL - adh\u00e9sif soluble dans l'eau - LASHES&amp;BROWS by Nataliya Reinhard","description":"Gel Fixant (colle soluble dans l'eau) maintient les cils naturels sur les coussinets en silicone. Id\u00e9al pour les cils fins et \u00e9pais. 5 ml (jusqu'\u00e0 15 traitements).","robots":{"index":"index","follow":"follow","max-snippet":"max-snippet:-1","max-image-preview":"max-image-preview:large","max-video-preview":"max-video-preview:-1"},"canonical":"https:\/\/www.art-natur.ch\/fr\/produit\/inlei-fixing-gel-adhesif-soluble-dans-leau\/","og_locale":"fr_FR","og_type":"article","og_title":"InLei FIXING GEL - adh\u00e9sif soluble dans l'eau - LASHES&amp;BROWS by Nataliya Reinhard","og_description":"Gel Fixant (colle soluble dans l'eau) maintient les cils naturels sur les coussinets en silicone. Id\u00e9al pour les cils fins et \u00e9pais. 5 ml (jusqu'\u00e0 15 traitements).","og_url":"https:\/\/www.art-natur.ch\/fr\/produit\/inlei-fixing-gel-adhesif-soluble-dans-leau\/","og_site_name":"LASHES&amp;BROWS by Nataliya Reinhard","article_modified_time":"2025-01-18T20:25:16+00:00","og_image":[{"width":720,"height":720,"url":"https:\/\/www.art-natur.ch\/wp-content\/uploads\/2024\/09\/2511694130-Photoroom.png","type":"image\/png"}],"twitter_card":"summary_large_image","schema":{"@context":"https:\/\/schema.org","@graph":[{"@type":"WebPage","@id":"https:\/\/www.art-natur.ch\/fr\/produit\/inlei-fixing-gel-adhesif-soluble-dans-leau\/","url":"https:\/\/www.art-natur.ch\/fr\/produit\/inlei-fixing-gel-adhesif-soluble-dans-leau\/","name":"InLei FIXING GEL - adh\u00e9sif soluble dans l'eau - LASHES&amp;BROWS by Nataliya Reinhard","isPartOf":{"@id":"https:\/\/www.art-natur.ch\/fr\/#website"},"primaryImageOfPage":{"@id":"https:\/\/www.art-natur.ch\/fr\/produit\/inlei-fixing-gel-adhesif-soluble-dans-leau\/#primaryimage"},"image":{"@id":"https:\/\/www.art-natur.ch\/fr\/produit\/inlei-fixing-gel-adhesif-soluble-dans-leau\/#primaryimage"},"thumbnailUrl":"https:\/\/www.art-natur.ch\/wp-content\/uploads\/2024\/09\/InLei-FIXING-GEL-ADESIVO-PER-BIGODINI-IN-SILICONE-5ML-2_6c8b423c-3859-4057-b04a-a5d913dca4e41.png","datePublished":"2024-09-25T14:44:48+00:00","dateModified":"2025-01-18T20:25:16+00:00","description":"Gel Fixant (colle soluble dans l'eau) maintient les cils naturels sur les coussinets en silicone. Id\u00e9al pour les cils fins et \u00e9pais. 5 ml (jusqu'\u00e0 15 traitements).","breadcrumb":{"@id":"https:\/\/www.art-natur.ch\/fr\/produit\/inlei-fixing-gel-adhesif-soluble-dans-leau\/#breadcrumb"},"inLanguage":"fr-FR","potentialAction":[{"@type":"ReadAction","target":["https:\/\/www.art-natur.ch\/fr\/produit\/inlei-fixing-gel-adhesif-soluble-dans-leau\/"]}]},{"@type":"ImageObject","inLanguage":"fr-FR","@id":"https:\/\/www.art-natur.ch\/fr\/produit\/inlei-fixing-gel-adhesif-soluble-dans-leau\/#primaryimage","url":"https:\/\/www.art-natur.ch\/wp-content\/uploads\/2024\/09\/InLei-FIXING-GEL-ADESIVO-PER-BIGODINI-IN-SILICONE-5ML-2_6c8b423c-3859-4057-b04a-a5d913dca4e41.png","contentUrl":"https:\/\/www.art-natur.ch\/wp-content\/uploads\/2024\/09\/InLei-FIXING-GEL-ADESIVO-PER-BIGODINI-IN-SILICONE-5ML-2_6c8b423c-3859-4057-b04a-a5d913dca4e41.png","width":1800,"height":2400},{"@type":"BreadcrumbList","@id":"https:\/\/www.art-natur.ch\/fr\/produit\/inlei-fixing-gel-adhesif-soluble-dans-leau\/#breadcrumb","itemListElement":[{"@type":"ListItem","position":1,"name":"Home","item":"https:\/\/www.art-natur.ch\/fr\/"},{"@type":"ListItem","position":2,"name":"Boutique","item":"https:\/\/www.art-natur.ch\/shop\/"},{"@type":"ListItem","position":3,"name":"InLei FIXING GEL &#8211; adh\u00e9sif soluble dans l&#8217;eau"}]},{"@type":"WebSite","@id":"https:\/\/www.art-natur.ch\/fr\/#website","url":"https:\/\/www.art-natur.ch\/fr\/","name":"LASHES&amp;BROWS by Nataliya Reinhard","description":"High-quality lash and brow services with attention to every detail","potentialAction":[{"@type":"SearchAction","target":{"@type":"EntryPoint","urlTemplate":"https:\/\/www.art-natur.ch\/fr\/?s={search_term_string}"},"query-input":{"@type":"PropertyValueSpecification","valueRequired":true,"valueName":"search_term_string"}}],"inLanguage":"fr-FR"}]}},"_links":{"self":[{"href":"https:\/\/www.art-natur.ch\/fr\/wp-json\/wp\/v2\/product\/1530","targetHints":{"allow":["GET"]}}],"collection":[{"href":"https:\/\/www.art-natur.ch\/fr\/wp-json\/wp\/v2\/product"}],"about":[{"href":"https:\/\/www.art-natur.ch\/fr\/wp-json\/wp\/v2\/types\/product"}],"wp:featuredmedia":[{"embeddable":true,"href":"https:\/\/www.art-natur.ch\/fr\/wp-json\/wp\/v2\/media\/11948"}],"wp:attachment":[{"href":"https:\/\/www.art-natur.ch\/fr\/wp-json\/wp\/v2\/media?parent=1530"}],"wp:term":[{"taxonomy":"product_cat","embeddable":true,"href":"https:\/\/www.art-natur.ch\/fr\/wp-json\/wp\/v2\/product_cat?post=1530"},{"taxonomy":"product_tag","embeddable":true,"href":"https:\/\/www.art-natur.ch\/fr\/wp-json\/wp\/v2\/product_tag?post=1530"}],"curies":[{"name":"wp","href":"https:\/\/api.w.org\/{rel}","templated":true}]}}