{"id":1577,"date":"2024-09-25T16:10:33","date_gmt":"2024-09-25T15:10:33","guid":{"rendered":"https:\/\/www.art-natur.ch\/product\/inlei-lotion-filler-3-en-flacons-4ml\/"},"modified":"2025-12-09T14:44:21","modified_gmt":"2025-12-09T13:44:21","slug":"inlei-lotion-filler-3-en-flacons-4ml","status":"publish","type":"product","link":"https:\/\/www.art-natur.ch\/fr\/produit\/inlei-lotion-filler-3-en-flacons-4ml\/","title":{"rendered":"InLei Lotion FILLER 3 en flacons 4ml"},"content":{"rendered":"<p>In Lei\u00ae FILLER 3 r\u00e9volutionne le rehaussement des cils. Sa formule est unique : il est prouv\u00e9 qu&rsquo;elle soigne et renforce les cils.<\/p>\n<p>C&rsquo;est le seul produit au monde dont l&rsquo;efficacit\u00e9 pour \u00e9paissir les cils naturels a \u00e9t\u00e9 test\u00e9e cliniquement ! En moyenne, on obtient jusqu&rsquo;\u00e0 24 % de pl\u00e9nitude en plus en seulement trois s\u00e9ances.<\/p>\n<p>La consistance douce du produit, ainsi que la pipette pratique, assurent une manipulation facile. Les ingr\u00e9dients coordonn\u00e9s assurent \u00e9galement une interaction parfaite avec le pr\u00e9-curl, garantissant un r\u00e9sultat parfait.<\/p>\n<p>Le complexe innovant \u00ab\u00a03-Regeneration-Complex\u00a0\u00bb du In Lei\u00ae Lash Filler.<\/p>\n<p>&#8211; Panth\u00e9nol (provitamine B5) : renforce les cheveux et les rend souples, les hydrate et les apaise. Le panth\u00e9nol est \u00e9galement anti-inflammatoire et pr\u00e9vient les d\u00e9mangeaisons. Il prot\u00e8ge et soigne \u00e9galement en douceur la peau du contour des yeux pendant le traitement.<\/p>\n<p>&#8211; K\u00e9ratine hydrolys\u00e9e : rend les cheveux plus forts, plus soyeux, plus brillants et plus lisses. Avec l&rsquo;\u00e2ge, le corps produit moins de k\u00e9ratine. Il est donc parfois n\u00e9cessaire de la compl\u00e9ter. Gr\u00e2ce au processus d&rsquo;hydrolyse de la k\u00e9ratine, de minuscules mol\u00e9cules sont cr\u00e9\u00e9es et peuvent p\u00e9n\u00e9trer tr\u00e8s profond\u00e9ment dans le cheveu. Ils renforcent sensiblement la structure k\u00e9ratinique des poils des cils.<\/p>\n<p>&#8211; Biotinoyl tripeptide-1 : il a \u00e9t\u00e9 prouv\u00e9 qu&rsquo;il donne du volume aux cheveux. Cette mol\u00e9cule synth\u00e9tis\u00e9e influence positivement l&rsquo;\u00e9paississement, le grossissement et l&rsquo;allongement des cils. Il est compos\u00e9 d&rsquo;acides amin\u00e9s et de panth\u00e9nol, qui, dans cette combinaison, am\u00e9liorent la production de prot\u00e9ines capillaires et comblent les faiblesses de la fibre capillaire. Le r\u00e9sultat est des cils soyeux, brillants et pleins de volume.<\/p>\n<p>Il est recommand\u00e9 d&rsquo;utiliser FILLER 3 uniquement en combinaison avec FORM 1 et FIX 2 pour obtenir les r\u00e9sultats garantis.<\/p>\n<p>Contenu : 4 ml (jusqu&rsquo;\u00e0 35 traitements).<\/p>\n<p>NOUS RECOMMANDONS VIVEMENT DE SUIVRE UN COURS PROFESSIONNEL SUR L&rsquo;APPLICATION DES PRODUITS DE LA LIGNE IN LEI\u00ae POUR EN TIRER LE MEILLEUR PARTI.<\/p>\n<p>&nbsp;<\/p>\n<p>Ingr\u00e9dients :<\/p>\n<p>Eau<br \/>\nGlyc\u00e9rine<br \/>\nPh\u00e9noxy\u00e9thanol<br \/>\nPPG-5-Ceteth-20<br \/>\nHydroxypropyle<br \/>\nGuar<br \/>\nParfum (Fragrance)<br \/>\nEthylhexylglyc\u00e9rol<br \/>\nPanth\u00e9nol<br \/>\nK\u00e9ratine hydrolys\u00e9e<br \/>\nBiotinoyl<br \/>\nTripeptide-1<\/p>\n","protected":false},"excerpt":{"rendered":"<p>In Lei\u00ae FILLER 3 r\u00e9volutionne le rehaussement des cils. Sa formule est unique : il est prouv\u00e9 qu&rsquo;elle soigne et renforce les cils. C&rsquo;est le seul produit au monde dont l&rsquo;efficacit\u00e9 pour \u00e9paissir les cils naturels a \u00e9t\u00e9 test\u00e9e cliniquement ! En moyenne, on obtient jusqu&rsquo;\u00e0 24 % de pl\u00e9nitude en plus en seulement trois [&hellip;]<\/p>\n","protected":false},"featured_media":7973,"template":"","meta":{"_acf_changed":false,"inline_featured_image":false},"product_cat":[150,172,538],"product_tag":[],"class_list":{"0":"post-1577","1":"product","2":"type-product","3":"status-publish","4":"has-post-thumbnail","6":"product_brand-in-lei","7":"product_cat-rehaussement-des-cils","8":"product_cat-produits-pour-rehaussement-des-cils","9":"product_cat-promotions","11":"first","12":"outofstock","13":"sale","14":"shipping-taxable","15":"purchasable","16":"product-type-simple"},"acf":[],"yoast_head":"<!-- This site is optimized with the Yoast SEO plugin v26.6 - https:\/\/yoast.com\/wordpress\/plugins\/seo\/ -->\n<title>InLei Lotion FILLER 3 en flacons 4ml - LASHES&amp;BROWS by Nataliya Reinhard<\/title>\n<meta name=\"description\" content=\"In Lei\u00ae FILLER 3 r\u00e9volutionne le lifting des cils : jusqu&#039;\u00e0 24 % de volume en plus en seulement 3 s\u00e9ances ! Contenu : 4 ml (jusqu&#039;\u00e0 35 traitements).\" \/>\n<meta name=\"robots\" content=\"index, follow, max-snippet:-1, max-image-preview:large, max-video-preview:-1\" \/>\n<link rel=\"canonical\" href=\"https:\/\/www.art-natur.ch\/fr\/produit\/inlei-lotion-filler-3-en-flacons-4ml\/\" \/>\n<meta property=\"og:locale\" content=\"fr_FR\" \/>\n<meta property=\"og:type\" content=\"article\" \/>\n<meta property=\"og:title\" content=\"InLei Lotion FILLER 3 en flacons 4ml - LASHES&amp;BROWS by Nataliya Reinhard\" \/>\n<meta property=\"og:description\" content=\"In Lei\u00ae FILLER 3 r\u00e9volutionne le lifting des cils : jusqu&#039;\u00e0 24 % de volume en plus en seulement 3 s\u00e9ances ! Contenu : 4 ml (jusqu&#039;\u00e0 35 traitements).\" \/>\n<meta property=\"og:url\" content=\"https:\/\/www.art-natur.ch\/fr\/produit\/inlei-lotion-filler-3-en-flacons-4ml\/\" \/>\n<meta property=\"og:site_name\" content=\"LASHES&amp;BROWS by Nataliya Reinhard\" \/>\n<meta property=\"article:modified_time\" content=\"2025-12-09T13:44:21+00:00\" \/>\n<meta property=\"og:image\" content=\"https:\/\/www.art-natur.ch\/wp-content\/uploads\/2024\/09\/2511617995-Photoroom.png\" \/>\n\t<meta property=\"og:image:width\" content=\"720\" \/>\n\t<meta property=\"og:image:height\" content=\"720\" \/>\n\t<meta property=\"og:image:type\" content=\"image\/png\" \/>\n<meta name=\"twitter:card\" content=\"summary_large_image\" \/>\n<meta name=\"twitter:label1\" content=\"Dur\u00e9e de lecture estim\u00e9e\" \/>\n\t<meta name=\"twitter:data1\" content=\"2 minutes\" \/>\n<script type=\"application\/ld+json\" class=\"yoast-schema-graph\">{\"@context\":\"https:\/\/schema.org\",\"@graph\":[{\"@type\":\"WebPage\",\"@id\":\"https:\/\/www.art-natur.ch\/fr\/produit\/inlei-lotion-filler-3-en-flacons-4ml\/\",\"url\":\"https:\/\/www.art-natur.ch\/fr\/produit\/inlei-lotion-filler-3-en-flacons-4ml\/\",\"name\":\"InLei Lotion FILLER 3 en flacons 4ml - LASHES&amp;BROWS by Nataliya Reinhard\",\"isPartOf\":{\"@id\":\"https:\/\/www.art-natur.ch\/fr\/#website\"},\"primaryImageOfPage\":{\"@id\":\"https:\/\/www.art-natur.ch\/fr\/produit\/inlei-lotion-filler-3-en-flacons-4ml\/#primaryimage\"},\"image\":{\"@id\":\"https:\/\/www.art-natur.ch\/fr\/produit\/inlei-lotion-filler-3-en-flacons-4ml\/#primaryimage\"},\"thumbnailUrl\":\"https:\/\/www.art-natur.ch\/wp-content\/uploads\/2024\/09\/2511617995-Photoroom.png\",\"datePublished\":\"2024-09-25T15:10:33+00:00\",\"dateModified\":\"2025-12-09T13:44:21+00:00\",\"description\":\"In Lei\u00ae FILLER 3 r\u00e9volutionne le lifting des cils : jusqu'\u00e0 24 % de volume en plus en seulement 3 s\u00e9ances ! Contenu : 4 ml (jusqu'\u00e0 35 traitements).\",\"breadcrumb\":{\"@id\":\"https:\/\/www.art-natur.ch\/fr\/produit\/inlei-lotion-filler-3-en-flacons-4ml\/#breadcrumb\"},\"inLanguage\":\"fr-FR\",\"potentialAction\":[{\"@type\":\"ReadAction\",\"target\":[\"https:\/\/www.art-natur.ch\/fr\/produit\/inlei-lotion-filler-3-en-flacons-4ml\/\"]}]},{\"@type\":\"ImageObject\",\"inLanguage\":\"fr-FR\",\"@id\":\"https:\/\/www.art-natur.ch\/fr\/produit\/inlei-lotion-filler-3-en-flacons-4ml\/#primaryimage\",\"url\":\"https:\/\/www.art-natur.ch\/wp-content\/uploads\/2024\/09\/2511617995-Photoroom.png\",\"contentUrl\":\"https:\/\/www.art-natur.ch\/wp-content\/uploads\/2024\/09\/2511617995-Photoroom.png\",\"width\":720,\"height\":720},{\"@type\":\"BreadcrumbList\",\"@id\":\"https:\/\/www.art-natur.ch\/fr\/produit\/inlei-lotion-filler-3-en-flacons-4ml\/#breadcrumb\",\"itemListElement\":[{\"@type\":\"ListItem\",\"position\":1,\"name\":\"Home\",\"item\":\"https:\/\/www.art-natur.ch\/fr\/\"},{\"@type\":\"ListItem\",\"position\":2,\"name\":\"Boutique\",\"item\":\"https:\/\/www.art-natur.ch\/shop\/\"},{\"@type\":\"ListItem\",\"position\":3,\"name\":\"InLei Lotion FILLER 3 en flacons 4ml\"}]},{\"@type\":\"WebSite\",\"@id\":\"https:\/\/www.art-natur.ch\/fr\/#website\",\"url\":\"https:\/\/www.art-natur.ch\/fr\/\",\"name\":\"LASHES&amp;BROWS by Nataliya Reinhard\",\"description\":\"High-quality lash and brow services with attention to every detail\",\"potentialAction\":[{\"@type\":\"SearchAction\",\"target\":{\"@type\":\"EntryPoint\",\"urlTemplate\":\"https:\/\/www.art-natur.ch\/fr\/?s={search_term_string}\"},\"query-input\":{\"@type\":\"PropertyValueSpecification\",\"valueRequired\":true,\"valueName\":\"search_term_string\"}}],\"inLanguage\":\"fr-FR\"}]}<\/script>\n<!-- \/ Yoast SEO plugin. -->","yoast_head_json":{"title":"InLei Lotion FILLER 3 en flacons 4ml - LASHES&amp;BROWS by Nataliya Reinhard","description":"In Lei\u00ae FILLER 3 r\u00e9volutionne le lifting des cils : jusqu'\u00e0 24 % de volume en plus en seulement 3 s\u00e9ances ! Contenu : 4 ml (jusqu'\u00e0 35 traitements).","robots":{"index":"index","follow":"follow","max-snippet":"max-snippet:-1","max-image-preview":"max-image-preview:large","max-video-preview":"max-video-preview:-1"},"canonical":"https:\/\/www.art-natur.ch\/fr\/produit\/inlei-lotion-filler-3-en-flacons-4ml\/","og_locale":"fr_FR","og_type":"article","og_title":"InLei Lotion FILLER 3 en flacons 4ml - LASHES&amp;BROWS by Nataliya Reinhard","og_description":"In Lei\u00ae FILLER 3 r\u00e9volutionne le lifting des cils : jusqu'\u00e0 24 % de volume en plus en seulement 3 s\u00e9ances ! Contenu : 4 ml (jusqu'\u00e0 35 traitements).","og_url":"https:\/\/www.art-natur.ch\/fr\/produit\/inlei-lotion-filler-3-en-flacons-4ml\/","og_site_name":"LASHES&amp;BROWS by Nataliya Reinhard","article_modified_time":"2025-12-09T13:44:21+00:00","og_image":[{"width":720,"height":720,"url":"https:\/\/www.art-natur.ch\/wp-content\/uploads\/2024\/09\/2511617995-Photoroom.png","type":"image\/png"}],"twitter_card":"summary_large_image","twitter_misc":{"Dur\u00e9e de lecture estim\u00e9e":"2 minutes"},"schema":{"@context":"https:\/\/schema.org","@graph":[{"@type":"WebPage","@id":"https:\/\/www.art-natur.ch\/fr\/produit\/inlei-lotion-filler-3-en-flacons-4ml\/","url":"https:\/\/www.art-natur.ch\/fr\/produit\/inlei-lotion-filler-3-en-flacons-4ml\/","name":"InLei Lotion FILLER 3 en flacons 4ml - LASHES&amp;BROWS by Nataliya Reinhard","isPartOf":{"@id":"https:\/\/www.art-natur.ch\/fr\/#website"},"primaryImageOfPage":{"@id":"https:\/\/www.art-natur.ch\/fr\/produit\/inlei-lotion-filler-3-en-flacons-4ml\/#primaryimage"},"image":{"@id":"https:\/\/www.art-natur.ch\/fr\/produit\/inlei-lotion-filler-3-en-flacons-4ml\/#primaryimage"},"thumbnailUrl":"https:\/\/www.art-natur.ch\/wp-content\/uploads\/2024\/09\/2511617995-Photoroom.png","datePublished":"2024-09-25T15:10:33+00:00","dateModified":"2025-12-09T13:44:21+00:00","description":"In Lei\u00ae FILLER 3 r\u00e9volutionne le lifting des cils : jusqu'\u00e0 24 % de volume en plus en seulement 3 s\u00e9ances ! Contenu : 4 ml (jusqu'\u00e0 35 traitements).","breadcrumb":{"@id":"https:\/\/www.art-natur.ch\/fr\/produit\/inlei-lotion-filler-3-en-flacons-4ml\/#breadcrumb"},"inLanguage":"fr-FR","potentialAction":[{"@type":"ReadAction","target":["https:\/\/www.art-natur.ch\/fr\/produit\/inlei-lotion-filler-3-en-flacons-4ml\/"]}]},{"@type":"ImageObject","inLanguage":"fr-FR","@id":"https:\/\/www.art-natur.ch\/fr\/produit\/inlei-lotion-filler-3-en-flacons-4ml\/#primaryimage","url":"https:\/\/www.art-natur.ch\/wp-content\/uploads\/2024\/09\/2511617995-Photoroom.png","contentUrl":"https:\/\/www.art-natur.ch\/wp-content\/uploads\/2024\/09\/2511617995-Photoroom.png","width":720,"height":720},{"@type":"BreadcrumbList","@id":"https:\/\/www.art-natur.ch\/fr\/produit\/inlei-lotion-filler-3-en-flacons-4ml\/#breadcrumb","itemListElement":[{"@type":"ListItem","position":1,"name":"Home","item":"https:\/\/www.art-natur.ch\/fr\/"},{"@type":"ListItem","position":2,"name":"Boutique","item":"https:\/\/www.art-natur.ch\/shop\/"},{"@type":"ListItem","position":3,"name":"InLei Lotion FILLER 3 en flacons 4ml"}]},{"@type":"WebSite","@id":"https:\/\/www.art-natur.ch\/fr\/#website","url":"https:\/\/www.art-natur.ch\/fr\/","name":"LASHES&amp;BROWS by Nataliya Reinhard","description":"High-quality lash and brow services with attention to every detail","potentialAction":[{"@type":"SearchAction","target":{"@type":"EntryPoint","urlTemplate":"https:\/\/www.art-natur.ch\/fr\/?s={search_term_string}"},"query-input":{"@type":"PropertyValueSpecification","valueRequired":true,"valueName":"search_term_string"}}],"inLanguage":"fr-FR"}]}},"_links":{"self":[{"href":"https:\/\/www.art-natur.ch\/fr\/wp-json\/wp\/v2\/product\/1577","targetHints":{"allow":["GET"]}}],"collection":[{"href":"https:\/\/www.art-natur.ch\/fr\/wp-json\/wp\/v2\/product"}],"about":[{"href":"https:\/\/www.art-natur.ch\/fr\/wp-json\/wp\/v2\/types\/product"}],"wp:featuredmedia":[{"embeddable":true,"href":"https:\/\/www.art-natur.ch\/fr\/wp-json\/wp\/v2\/media\/7973"}],"wp:attachment":[{"href":"https:\/\/www.art-natur.ch\/fr\/wp-json\/wp\/v2\/media?parent=1577"}],"wp:term":[{"taxonomy":"product_cat","embeddable":true,"href":"https:\/\/www.art-natur.ch\/fr\/wp-json\/wp\/v2\/product_cat?post=1577"},{"taxonomy":"product_tag","embeddable":true,"href":"https:\/\/www.art-natur.ch\/fr\/wp-json\/wp\/v2\/product_tag?post=1577"}],"curies":[{"name":"wp","href":"https:\/\/api.w.org\/{rel}","templated":true}]}}